{"id":9747,"date":"2024-04-25T13:56:19","date_gmt":"2024-04-25T11:56:19","guid":{"rendered":"https:\/\/greenlink.technology\/produkt\/enwitec-protecao-de-rede-e-sistema-276-kva-de-acordo-com-vde-ar-n-41052018-11-10018546\/"},"modified":"2024-04-25T13:56:19","modified_gmt":"2024-04-25T11:56:19","slug":"enwitec-protecao-de-rede-e-sistema-276-kva-de-acordo-com-vde-ar-n-41052018-11-10018546","status":"publish","type":"product","link":"https:\/\/greenlink.technology\/pt-pt\/produkt\/enwitec-protecao-de-rede-e-sistema-276-kva-de-acordo-com-vde-ar-n-41052018-11-10018546\/","title":{"rendered":"enwitec prote\u00e7\u00e3o de rede e sistema &#8211; 276 kVA &#8211; de acordo com VDE-AR-N 4105:2018-11 &#8211; 10018546"},"content":{"rendered":"<div class=\"system-stammdaten\">\n<h2><\/h2>\n<p>&nbsp;<\/p>\n<\/div>\n","protected":false},"excerpt":{"rendered":"<p>&nbsp;<\/p>\n","protected":false},"featured_media":9749,"comment_status":"closed","ping_status":"closed","template":"","meta":{"_acf_changed":false},"anwendung":[],"product_brand":[264],"product_cat":[581],"product_tag":[615,588,586,583],"class_list":{"0":"post-9747","1":"product","2":"type-product","3":"status-publish","4":"has-post-thumbnail","6":"product_brand-enwitec","7":"product_cat-protecao-da-rede-e-do-sistema","8":"product_tag-10018546-pt-pt","9":"product_tag-na4105-pt-pt","10":"product_tag-protecao-da-rede-e-do-sistema","11":"product_tag-protecao-na","12":"pa_laenderfreigabe-at-pt-pt","13":"pa_laenderfreigabe-pt-pt-pt","14":"pa_leistung-173-345-kva-pt-pt","15":"pa_trennung-todo-polo","17":"first","18":"instock","19":"shipping-taxable","20":"product-type-simple"},"acf":{"product_informations":"Prote\u00e7\u00e3o da rede e do sistema (NA) da enwitec. Dependendo da diretiva nacional, os sistemas de gera\u00e7\u00e3o devem ser desligados em caso de desvios de tens\u00e3o ou frequ\u00eancia n\u00e3o permitidos na rede de baixa tens\u00e3o. Se os valores limite permitidos na regra de aplica\u00e7\u00e3o forem ultrapassados, o sistema de gera\u00e7\u00e3o \u00e9 automaticamente desconectado da rede. Assim que a tens\u00e3o ou a frequ\u00eancia da rede voltarem a estar dentro do intervalo admiss\u00edvel, o sistema \u00e9 automaticamente ligado de novo. Oferecemos tanto produtos standard como solu\u00e7\u00f5es personalizadas adaptadas \u00e0s necessidades do respetivo sistema fotovoltaico.    \n\nEsta prote\u00e7\u00e3o da rede e do sistema foi especialmente concebida para o mercado alem\u00e3o e austr\u00edaco, de acordo com a norma <strong>VDE-AR-N 4105:2018-11<\/strong> <strong>e \u00d6VE TOR R25 NS ASYNC<\/strong>.\n\n<strong>Nota<\/strong>\nMatchcode: NA-Schutz-PV-276KVA-CT-TNS_TT_1.0","technical_data":"<div class=\"stammdaten-col\">\n<div class=\"line\">\n<p class=\"system-stammdaten-left\">N.\u00ba do artigo.: 10018546\nForma da rede: TT \/ TN-S\nPot\u00eancia: 276 kVA\nHomologa\u00e7\u00e3o por pa\u00eds: VDE-AR-N 4105:2018-11 e \u00d6VE TOR R25 NS ASYNC\nDesconex\u00e3o: multipolar\nR\u00e9gua de terminais de desconex\u00e3o de teste: sim\nEntradas: 1 x\nTerminais de entrada de rede: 16 - 95 \u00f8\nSa\u00eddas: 3 x NH 000\nTerminais de sa\u00edda: 2,5 - 35 \u00f8\nEntradas de cabos: Passa-cabos M63 \/ prensa-cabos<\/p>\n\n<\/div>\n<\/div>","download":"<a href=\"https:\/\/greenlink.technology\/wp-content\/uploads\/2025\/04\/10018546_Datenblatt_NA-Schutz-PV-276KVA-CT-TNS_TT_1.0_2024_07_04.pdf\" target=\"_blank\" rel=\"noopener\">Folha de dados PT<\/a>\n<a href=\"https:\/\/greenlink.technology\/wp-content\/uploads\/2025\/04\/10018665_Installationsanleitung_NA-Schutz_DE_2023_10_25.pdf\" target=\"_blank\" rel=\"noopener\">Instru\u00e7\u00f5es de instala\u00e7\u00e3o<\/a>\n<a href=\"https:\/\/greenlink.technology\/wp-content\/uploads\/2025\/04\/Zertifikat_NA-Schutz_U22-0171_VDE-AR-N-4105_DE.pdf\" target=\"_blank\" rel=\"noopener\">Certificado de instala\u00e7\u00e3o<\/a>\n<a href=\"https:\/\/greenlink.technology\/wp-content\/uploads\/2025\/04\/Unbedenklichkeitsbescheinigung_NA-Schutz_U22-0322_TOR-Erzeuger_AUT.pdf\" target=\"_blank\" rel=\"noopener\">Certificado de desobstru\u00e7\u00e3o<\/a>","product_short_description":"<strong>Homologa\u00e7\u00e3o por pa\u00eds:<\/strong> VDE-AR-N 4105:2018-11 e \u00d6VE TOR R25 NS ASYNC\n<strong>Pot\u00eancia:<\/strong> 276 kVA\n<strong>Desconex\u00e3o:<\/strong> polo completo\n<strong>Tipo de rede: <\/strong>TT \/ TN-S","photo_gallery":{"galerie_produkte":[[]]}},"yoast_head":"<!-- This site is optimized with the Yoast SEO plugin v27.3 - https:\/\/yoast.com\/product\/yoast-seo-wordpress\/ -->\n<title>enwitec prote\u00e7\u00e3o de rede e sistema - 276 kVA - de acordo com VDE-AR-N 4105:2018-11 - 10018546 - greenLink orchestrating energy flows | enwitec electronic GmbH | LinQ Europe Sp. z o.o.<\/title>\n<meta name=\"robots\" content=\"index, follow, max-snippet:-1, max-image-preview:large, max-video-preview:-1\" \/>\n<link rel=\"canonical\" href=\"https:\/\/greenlink.technology\/pt-pt\/produkt\/enwitec-protecao-de-rede-e-sistema-276-kva-de-acordo-com-vde-ar-n-41052018-11-10018546\/\" \/>\n<meta property=\"og:locale\" content=\"pt_PT\" \/>\n<meta property=\"og:type\" content=\"article\" \/>\n<meta property=\"og:title\" content=\"enwitec prote\u00e7\u00e3o de rede e sistema - 276 kVA - de acordo com VDE-AR-N 4105:2018-11 - 10018546 - greenLink orchestrating energy flows | enwitec electronic GmbH | LinQ Europe Sp. z o.o.\" \/>\n<meta property=\"og:description\" content=\"&nbsp;\" \/>\n<meta property=\"og:url\" content=\"https:\/\/greenlink.technology\/pt-pt\/produkt\/enwitec-protecao-de-rede-e-sistema-276-kva-de-acordo-com-vde-ar-n-41052018-11-10018546\/\" \/>\n<meta property=\"og:site_name\" content=\"greenLink orchestrating energy flows | enwitec electronic GmbH | LinQ Europe Sp. z o.o.\" \/>\n<meta property=\"og:image\" content=\"https:\/\/linqeurope.pl\/wp-content\/uploads\/2025\/02\/10018546_front_offen.png\" \/>\n\t<meta property=\"og:image:width\" content=\"500\" \/>\n\t<meta property=\"og:image:height\" content=\"500\" \/>\n\t<meta property=\"og:image:type\" content=\"image\/png\" \/>\n<meta name=\"twitter:card\" content=\"summary_large_image\" \/>\n<script type=\"application\/ld+json\" class=\"yoast-schema-graph\">{\"@context\":\"https:\\\/\\\/schema.org\",\"@graph\":[{\"@type\":\"WebPage\",\"@id\":\"https:\\\/\\\/greenlink.technology\\\/pt-pt\\\/produkt\\\/enwitec-protecao-de-rede-e-sistema-276-kva-de-acordo-com-vde-ar-n-41052018-11-10018546\\\/\",\"url\":\"https:\\\/\\\/greenlink.technology\\\/pt-pt\\\/produkt\\\/enwitec-protecao-de-rede-e-sistema-276-kva-de-acordo-com-vde-ar-n-41052018-11-10018546\\\/\",\"name\":\"enwitec prote\u00e7\u00e3o de rede e sistema - 276 kVA - de acordo com VDE-AR-N 4105:2018-11 - 10018546 - greenLink orchestrating energy flows | enwitec electronic GmbH | LinQ Europe Sp. z o.o.\",\"isPartOf\":{\"@id\":\"https:\\\/\\\/enwitec.eu\\\/en\\\/#website\"},\"primaryImageOfPage\":{\"@id\":\"https:\\\/\\\/greenlink.technology\\\/pt-pt\\\/produkt\\\/enwitec-protecao-de-rede-e-sistema-276-kva-de-acordo-com-vde-ar-n-41052018-11-10018546\\\/#primaryimage\"},\"image\":{\"@id\":\"https:\\\/\\\/greenlink.technology\\\/pt-pt\\\/produkt\\\/enwitec-protecao-de-rede-e-sistema-276-kva-de-acordo-com-vde-ar-n-41052018-11-10018546\\\/#primaryimage\"},\"thumbnailUrl\":\"https:\\\/\\\/greenlink.technology\\\/wp-content\\\/uploads\\\/2025\\\/02\\\/10018546_front_offen.png\",\"datePublished\":\"2024-04-25T11:56:19+00:00\",\"breadcrumb\":{\"@id\":\"https:\\\/\\\/greenlink.technology\\\/pt-pt\\\/produkt\\\/enwitec-protecao-de-rede-e-sistema-276-kva-de-acordo-com-vde-ar-n-41052018-11-10018546\\\/#breadcrumb\"},\"inLanguage\":\"pt-PT\",\"potentialAction\":[{\"@type\":\"ReadAction\",\"target\":[\"https:\\\/\\\/greenlink.technology\\\/pt-pt\\\/produkt\\\/enwitec-protecao-de-rede-e-sistema-276-kva-de-acordo-com-vde-ar-n-41052018-11-10018546\\\/\"]}]},{\"@type\":\"ImageObject\",\"inLanguage\":\"pt-PT\",\"@id\":\"https:\\\/\\\/greenlink.technology\\\/pt-pt\\\/produkt\\\/enwitec-protecao-de-rede-e-sistema-276-kva-de-acordo-com-vde-ar-n-41052018-11-10018546\\\/#primaryimage\",\"url\":\"https:\\\/\\\/greenlink.technology\\\/wp-content\\\/uploads\\\/2025\\\/02\\\/10018546_front_offen.png\",\"contentUrl\":\"https:\\\/\\\/greenlink.technology\\\/wp-content\\\/uploads\\\/2025\\\/02\\\/10018546_front_offen.png\",\"width\":500,\"height\":500},{\"@type\":\"BreadcrumbList\",\"@id\":\"https:\\\/\\\/greenlink.technology\\\/pt-pt\\\/produkt\\\/enwitec-protecao-de-rede-e-sistema-276-kva-de-acordo-com-vde-ar-n-41052018-11-10018546\\\/#breadcrumb\",\"itemListElement\":[{\"@type\":\"ListItem\",\"position\":1,\"name\":\"Startseite\",\"item\":\"https:\\\/\\\/enwitec.eu\\\/pt-pt\\\/\"},{\"@type\":\"ListItem\",\"position\":2,\"name\":\"Produtos\",\"item\":\"https:\\\/\\\/greenlink.technology\\\/pt-pt\\\/sobre-nos\\\/a-empresa\\\/enwitec\\\/produtos\\\/\"},{\"@type\":\"ListItem\",\"position\":3,\"name\":\"enwitec prote\u00e7\u00e3o de rede e sistema &#8211; 276 kVA &#8211; de acordo com VDE-AR-N 4105:2018-11 &#8211; 10018546\"}]},{\"@type\":\"WebSite\",\"@id\":\"https:\\\/\\\/enwitec.eu\\\/en\\\/#website\",\"url\":\"https:\\\/\\\/enwitec.eu\\\/en\\\/\",\"name\":\"greenLink orchestrating energy flows | enwitec electronic GmbH | LinQ Europe Sp. z o.o.\",\"description\":\"\",\"publisher\":{\"@id\":\"https:\\\/\\\/enwitec.eu\\\/en\\\/#organization\"},\"potentialAction\":[{\"@type\":\"SearchAction\",\"target\":{\"@type\":\"EntryPoint\",\"urlTemplate\":\"https:\\\/\\\/enwitec.eu\\\/en\\\/?s={search_term_string}\"},\"query-input\":{\"@type\":\"PropertyValueSpecification\",\"valueRequired\":true,\"valueName\":\"search_term_string\"}}],\"inLanguage\":\"pt-PT\"},{\"@type\":\"Organization\",\"@id\":\"https:\\\/\\\/enwitec.eu\\\/en\\\/#organization\",\"name\":\"greenLink orquestra\u00e7\u00e3o de fluxos de energia | enwitec electronic GmbH | LinQ Europe Sp. z o.o.\",\"url\":\"https:\\\/\\\/enwitec.eu\\\/en\\\/\",\"logo\":{\"@type\":\"ImageObject\",\"inLanguage\":\"pt-PT\",\"@id\":\"https:\\\/\\\/enwitec.eu\\\/en\\\/#\\\/schema\\\/logo\\\/image\\\/\",\"url\":\"https:\\\/\\\/greenlink.technology\\\/wp-content\\\/uploads\\\/2025\\\/01\\\/greenlink-logo-final.png\",\"contentUrl\":\"https:\\\/\\\/greenlink.technology\\\/wp-content\\\/uploads\\\/2025\\\/01\\\/greenlink-logo-final.png\",\"width\":2586,\"height\":629,\"caption\":\"greenLink orquestra\u00e7\u00e3o de fluxos de energia | enwitec electronic GmbH | LinQ Europe Sp. z o.o. \"},\"image\":{\"@id\":\"https:\\\/\\\/enwitec.eu\\\/en\\\/#\\\/schema\\\/logo\\\/image\\\/\"}}]}<\/script>\n<!-- \/ Yoast SEO plugin. -->","yoast_head_json":{"title":"enwitec prote\u00e7\u00e3o de rede e sistema - 276 kVA - de acordo com VDE-AR-N 4105:2018-11 - 10018546 - greenLink orchestrating energy flows | enwitec electronic GmbH | LinQ Europe Sp. z o.o.","robots":{"index":"index","follow":"follow","max-snippet":"max-snippet:-1","max-image-preview":"max-image-preview:large","max-video-preview":"max-video-preview:-1"},"canonical":"https:\/\/greenlink.technology\/pt-pt\/produkt\/enwitec-protecao-de-rede-e-sistema-276-kva-de-acordo-com-vde-ar-n-41052018-11-10018546\/","og_locale":"pt_PT","og_type":"article","og_title":"enwitec prote\u00e7\u00e3o de rede e sistema - 276 kVA - de acordo com VDE-AR-N 4105:2018-11 - 10018546 - greenLink orchestrating energy flows | enwitec electronic GmbH | LinQ Europe Sp. z o.o.","og_description":"&nbsp;","og_url":"https:\/\/greenlink.technology\/pt-pt\/produkt\/enwitec-protecao-de-rede-e-sistema-276-kva-de-acordo-com-vde-ar-n-41052018-11-10018546\/","og_site_name":"greenLink orchestrating energy flows | enwitec electronic GmbH | LinQ Europe Sp. z o.o.","og_image":[{"width":500,"height":500,"url":"https:\/\/linqeurope.pl\/wp-content\/uploads\/2025\/02\/10018546_front_offen.png","type":"image\/png"}],"twitter_card":"summary_large_image","schema":{"@context":"https:\/\/schema.org","@graph":[{"@type":"WebPage","@id":"https:\/\/greenlink.technology\/pt-pt\/produkt\/enwitec-protecao-de-rede-e-sistema-276-kva-de-acordo-com-vde-ar-n-41052018-11-10018546\/","url":"https:\/\/greenlink.technology\/pt-pt\/produkt\/enwitec-protecao-de-rede-e-sistema-276-kva-de-acordo-com-vde-ar-n-41052018-11-10018546\/","name":"enwitec prote\u00e7\u00e3o de rede e sistema - 276 kVA - de acordo com VDE-AR-N 4105:2018-11 - 10018546 - greenLink orchestrating energy flows | enwitec electronic GmbH | LinQ Europe Sp. z o.o.","isPartOf":{"@id":"https:\/\/enwitec.eu\/en\/#website"},"primaryImageOfPage":{"@id":"https:\/\/greenlink.technology\/pt-pt\/produkt\/enwitec-protecao-de-rede-e-sistema-276-kva-de-acordo-com-vde-ar-n-41052018-11-10018546\/#primaryimage"},"image":{"@id":"https:\/\/greenlink.technology\/pt-pt\/produkt\/enwitec-protecao-de-rede-e-sistema-276-kva-de-acordo-com-vde-ar-n-41052018-11-10018546\/#primaryimage"},"thumbnailUrl":"https:\/\/greenlink.technology\/wp-content\/uploads\/2025\/02\/10018546_front_offen.png","datePublished":"2024-04-25T11:56:19+00:00","breadcrumb":{"@id":"https:\/\/greenlink.technology\/pt-pt\/produkt\/enwitec-protecao-de-rede-e-sistema-276-kva-de-acordo-com-vde-ar-n-41052018-11-10018546\/#breadcrumb"},"inLanguage":"pt-PT","potentialAction":[{"@type":"ReadAction","target":["https:\/\/greenlink.technology\/pt-pt\/produkt\/enwitec-protecao-de-rede-e-sistema-276-kva-de-acordo-com-vde-ar-n-41052018-11-10018546\/"]}]},{"@type":"ImageObject","inLanguage":"pt-PT","@id":"https:\/\/greenlink.technology\/pt-pt\/produkt\/enwitec-protecao-de-rede-e-sistema-276-kva-de-acordo-com-vde-ar-n-41052018-11-10018546\/#primaryimage","url":"https:\/\/greenlink.technology\/wp-content\/uploads\/2025\/02\/10018546_front_offen.png","contentUrl":"https:\/\/greenlink.technology\/wp-content\/uploads\/2025\/02\/10018546_front_offen.png","width":500,"height":500},{"@type":"BreadcrumbList","@id":"https:\/\/greenlink.technology\/pt-pt\/produkt\/enwitec-protecao-de-rede-e-sistema-276-kva-de-acordo-com-vde-ar-n-41052018-11-10018546\/#breadcrumb","itemListElement":[{"@type":"ListItem","position":1,"name":"Startseite","item":"https:\/\/enwitec.eu\/pt-pt\/"},{"@type":"ListItem","position":2,"name":"Produtos","item":"https:\/\/greenlink.technology\/pt-pt\/sobre-nos\/a-empresa\/enwitec\/produtos\/"},{"@type":"ListItem","position":3,"name":"enwitec prote\u00e7\u00e3o de rede e sistema &#8211; 276 kVA &#8211; de acordo com VDE-AR-N 4105:2018-11 &#8211; 10018546"}]},{"@type":"WebSite","@id":"https:\/\/enwitec.eu\/en\/#website","url":"https:\/\/enwitec.eu\/en\/","name":"greenLink orchestrating energy flows | enwitec electronic GmbH | LinQ Europe Sp. z o.o.","description":"","publisher":{"@id":"https:\/\/enwitec.eu\/en\/#organization"},"potentialAction":[{"@type":"SearchAction","target":{"@type":"EntryPoint","urlTemplate":"https:\/\/enwitec.eu\/en\/?s={search_term_string}"},"query-input":{"@type":"PropertyValueSpecification","valueRequired":true,"valueName":"search_term_string"}}],"inLanguage":"pt-PT"},{"@type":"Organization","@id":"https:\/\/enwitec.eu\/en\/#organization","name":"greenLink orquestra\u00e7\u00e3o de fluxos de energia | enwitec electronic GmbH | LinQ Europe Sp. z o.o.","url":"https:\/\/enwitec.eu\/en\/","logo":{"@type":"ImageObject","inLanguage":"pt-PT","@id":"https:\/\/enwitec.eu\/en\/#\/schema\/logo\/image\/","url":"https:\/\/greenlink.technology\/wp-content\/uploads\/2025\/01\/greenlink-logo-final.png","contentUrl":"https:\/\/greenlink.technology\/wp-content\/uploads\/2025\/01\/greenlink-logo-final.png","width":2586,"height":629,"caption":"greenLink orquestra\u00e7\u00e3o de fluxos de energia | enwitec electronic GmbH | LinQ Europe Sp. z o.o. "},"image":{"@id":"https:\/\/enwitec.eu\/en\/#\/schema\/logo\/image\/"}}]}},"_links":{"self":[{"href":"https:\/\/greenlink.technology\/pt-pt\/wp-json\/wp\/v2\/product\/9747","targetHints":{"allow":["GET"]}}],"collection":[{"href":"https:\/\/greenlink.technology\/pt-pt\/wp-json\/wp\/v2\/product"}],"about":[{"href":"https:\/\/greenlink.technology\/pt-pt\/wp-json\/wp\/v2\/types\/product"}],"replies":[{"embeddable":true,"href":"https:\/\/greenlink.technology\/pt-pt\/wp-json\/wp\/v2\/comments?post=9747"}],"wp:featuredmedia":[{"embeddable":true,"href":"https:\/\/greenlink.technology\/pt-pt\/wp-json\/wp\/v2\/media\/9749"}],"wp:attachment":[{"href":"https:\/\/greenlink.technology\/pt-pt\/wp-json\/wp\/v2\/media?parent=9747"}],"wp:term":[{"taxonomy":"anwendung","embeddable":true,"href":"https:\/\/greenlink.technology\/pt-pt\/wp-json\/wp\/v2\/anwendung?post=9747"},{"taxonomy":"product_brand","embeddable":true,"href":"https:\/\/greenlink.technology\/pt-pt\/wp-json\/wp\/v2\/product_brand?post=9747"},{"taxonomy":"product_cat","embeddable":true,"href":"https:\/\/greenlink.technology\/pt-pt\/wp-json\/wp\/v2\/product_cat?post=9747"},{"taxonomy":"product_tag","embeddable":true,"href":"https:\/\/greenlink.technology\/pt-pt\/wp-json\/wp\/v2\/product_tag?post=9747"}],"curies":[{"name":"wp","href":"https:\/\/api.w.org\/{rel}","templated":true}]}}