{"id":9735,"date":"2024-04-25T14:31:44","date_gmt":"2024-04-25T12:31:44","guid":{"rendered":"https:\/\/greenlink.technology\/produkt\/protecao-de-rede-e-sistema-enwitec-na4105-863-kva-de-acordo-com-vde-ar-n-41052018-11-10018716\/"},"modified":"2024-04-25T14:31:44","modified_gmt":"2024-04-25T12:31:44","slug":"protecao-de-rede-e-sistema-enwitec-na4105-863-kva-de-acordo-com-vde-ar-n-41052018-11-10018716","status":"publish","type":"product","link":"https:\/\/greenlink.technology\/pt-pt\/produkt\/protecao-de-rede-e-sistema-enwitec-na4105-863-kva-de-acordo-com-vde-ar-n-41052018-11-10018716\/","title":{"rendered":"Prote\u00e7\u00e3o de rede e sistema enwitec NA4105 &#8211; 86,3 kVA &#8211; de acordo com VDE-AR-N 4105:2018-11 &#8211; 10018716"},"content":{"rendered":"<div class=\"system-stammdaten\">\n<h2><\/h2>\n<p>&nbsp;<\/p>\n<\/div>\n","protected":false},"excerpt":{"rendered":"<p>&nbsp;<\/p>\n","protected":false},"featured_media":9737,"comment_status":"closed","ping_status":"closed","template":"","meta":{"_acf_changed":false},"anwendung":[],"product_brand":[264],"product_cat":[581],"product_tag":[589,588,586,583],"class_list":{"0":"post-9735","1":"product","2":"type-product","3":"status-publish","4":"has-post-thumbnail","6":"product_brand-enwitec","7":"product_cat-protecao-da-rede-e-do-sistema","8":"product_tag-10018716-pt-pt","9":"product_tag-na4105-pt-pt","10":"product_tag-protecao-da-rede-e-do-sistema","11":"product_tag-protecao-na","12":"pa_laenderfreigabe-pt-pt-pt","13":"pa_leistung-30-86-kva-pt-pt","14":"pa_trennung-todo-polo","16":"first","17":"instock","18":"shipping-taxable","19":"product-type-simple"},"acf":{"product_informations":"Prote\u00e7\u00e3o da rede e do sistema (NA) da enwitec. Dependendo da diretiva nacional, os sistemas de gera\u00e7\u00e3o devem ser desligados em caso de desvios de tens\u00e3o ou frequ\u00eancia n\u00e3o permitidos na rede de baixa tens\u00e3o. Se os valores limite permitidos na regra de aplica\u00e7\u00e3o forem ultrapassados, o sistema de gera\u00e7\u00e3o \u00e9 automaticamente desconectado da rede. Assim que a tens\u00e3o ou a frequ\u00eancia da rede voltarem a estar dentro do intervalo admiss\u00edvel, o sistema \u00e9 automaticamente ligado de novo. Oferecemos tanto produtos standard como solu\u00e7\u00f5es personalizadas adaptadas \u00e0s necessidades do respetivo sistema fotovoltaico.    \n\nEsta prote\u00e7\u00e3o da rede e do sistema foi especialmente concebida para o mercado alem\u00e3o, de acordo com a norma <strong>VDE-AR-N 4105:2018-11<\/strong>.\n\nPara facilitar a liga\u00e7\u00e3o do cabo \u00e0 parte superior do disjuntor, a sec\u00e7\u00e3o de controlo desta variante pode ser dobrada para a direita, desapertando os dois parafusos de fixa\u00e7\u00e3o.\n\n<strong>Nota<\/strong>\nNA-Schutz-NA4105-PV86.3KVA-TNS_TT","technical_data":"<div class=\"stammdaten-col\">\n<div class=\"line\">\n<p class=\"system-stammdaten-left\">N.\u00ba do artigo: 10018716\nForma da rede el\u00e9ctrica: TT \/ TN-S\nPot\u00eancia: 2 x 86,3 kVA\nAprova\u00e7\u00e3o do pa\u00eds: VDE-AR-N 4105:2018-11\nDesconex\u00e3o: todos os p\u00f3los\nTira de terminais de desconex\u00e3o de teste: -\nSa\u00eddas: 2 x 1\nTerminais de entrada e sa\u00edda: 16 - 95mm\u00b2\nEntradas de cabos: Passa-cabos M63<\/p>\n\n<\/div>\n<\/div>","download":"<a href=\"https:\/\/greenlink.technology\/wp-content\/uploads\/2025\/04\/10018716_Datenblatt_NA-Schutz-NA4105-PV-2x86.3KVA-TNS_TT_2025_02_13.pdf\" target=\"_blank\" rel=\"noopener\">Folha de dados PT<\/a>\n<a href=\"https:\/\/greenlink.technology\/wp-content\/uploads\/2025\/04\/10018665_Installationsanleitung_NA-Schutz_DE_2023_10_25.pdf\" target=\"_blank\" rel=\"noopener\">Instru\u00e7\u00f5es de instala\u00e7\u00e3o<\/a>\n<a href=\"https:\/\/greenlink.technology\/wp-content\/uploads\/2025\/04\/Zertifikat_NA-Schutz_U22-0171_VDE-AR-N-4105_DE.pdf\" target=\"_blank\" rel=\"noopener\">Certificado de instala\u00e7\u00e3o<\/a>","product_short_description":"<strong>Aprova\u00e7\u00e3o do pa\u00eds:<\/strong> VDE-AR-N 4105:2018-11\n<strong>Pot\u00eancia:<\/strong> 86,3 kVA\n<strong>Desconex\u00e3o:<\/strong> todos os p\u00f3los\n<strong>Forma da rede el\u00e9ctrica: <\/strong>TT \/ TN-S","photo_gallery":{"galerie_produkte":[[]]}},"yoast_head":"<!-- This site is optimized with the Yoast SEO plugin v27.3 - https:\/\/yoast.com\/product\/yoast-seo-wordpress\/ -->\n<title>Prote\u00e7\u00e3o de rede e sistema enwitec NA4105 - 86,3 kVA - de acordo com VDE-AR-N 4105:2018-11 - 10018716 - greenLink orchestrating energy flows | enwitec electronic GmbH | LinQ Europe Sp. z o.o.<\/title>\n<meta name=\"robots\" content=\"index, follow, max-snippet:-1, max-image-preview:large, max-video-preview:-1\" \/>\n<link rel=\"canonical\" href=\"https:\/\/greenlink.technology\/pt-pt\/produkt\/protecao-de-rede-e-sistema-enwitec-na4105-863-kva-de-acordo-com-vde-ar-n-41052018-11-10018716\/\" \/>\n<meta property=\"og:locale\" content=\"pt_PT\" \/>\n<meta property=\"og:type\" content=\"article\" \/>\n<meta property=\"og:title\" content=\"Prote\u00e7\u00e3o de rede e sistema enwitec NA4105 - 86,3 kVA - de acordo com VDE-AR-N 4105:2018-11 - 10018716 - greenLink orchestrating energy flows | enwitec electronic GmbH | LinQ Europe Sp. z o.o.\" \/>\n<meta property=\"og:description\" content=\"&nbsp;\" \/>\n<meta property=\"og:url\" content=\"https:\/\/greenlink.technology\/pt-pt\/produkt\/protecao-de-rede-e-sistema-enwitec-na4105-863-kva-de-acordo-com-vde-ar-n-41052018-11-10018716\/\" \/>\n<meta property=\"og:site_name\" content=\"greenLink orchestrating energy flows | enwitec electronic GmbH | LinQ Europe Sp. z o.o.\" \/>\n<meta property=\"og:image\" content=\"https:\/\/linqeurope.pl\/wp-content\/uploads\/2025\/02\/10018716_front.png\" \/>\n\t<meta property=\"og:image:width\" content=\"500\" \/>\n\t<meta property=\"og:image:height\" content=\"500\" \/>\n\t<meta property=\"og:image:type\" content=\"image\/png\" \/>\n<meta name=\"twitter:card\" content=\"summary_large_image\" \/>\n<script type=\"application\/ld+json\" class=\"yoast-schema-graph\">{\"@context\":\"https:\\\/\\\/schema.org\",\"@graph\":[{\"@type\":\"WebPage\",\"@id\":\"https:\\\/\\\/greenlink.technology\\\/pt-pt\\\/produkt\\\/protecao-de-rede-e-sistema-enwitec-na4105-863-kva-de-acordo-com-vde-ar-n-41052018-11-10018716\\\/\",\"url\":\"https:\\\/\\\/greenlink.technology\\\/pt-pt\\\/produkt\\\/protecao-de-rede-e-sistema-enwitec-na4105-863-kva-de-acordo-com-vde-ar-n-41052018-11-10018716\\\/\",\"name\":\"Prote\u00e7\u00e3o de rede e sistema enwitec NA4105 - 86,3 kVA - de acordo com VDE-AR-N 4105:2018-11 - 10018716 - greenLink orchestrating energy flows | enwitec electronic GmbH | LinQ Europe Sp. z o.o.\",\"isPartOf\":{\"@id\":\"https:\\\/\\\/enwitec.eu\\\/en\\\/#website\"},\"primaryImageOfPage\":{\"@id\":\"https:\\\/\\\/greenlink.technology\\\/pt-pt\\\/produkt\\\/protecao-de-rede-e-sistema-enwitec-na4105-863-kva-de-acordo-com-vde-ar-n-41052018-11-10018716\\\/#primaryimage\"},\"image\":{\"@id\":\"https:\\\/\\\/greenlink.technology\\\/pt-pt\\\/produkt\\\/protecao-de-rede-e-sistema-enwitec-na4105-863-kva-de-acordo-com-vde-ar-n-41052018-11-10018716\\\/#primaryimage\"},\"thumbnailUrl\":\"https:\\\/\\\/greenlink.technology\\\/wp-content\\\/uploads\\\/2025\\\/02\\\/10018716_front.png\",\"datePublished\":\"2024-04-25T12:31:44+00:00\",\"breadcrumb\":{\"@id\":\"https:\\\/\\\/greenlink.technology\\\/pt-pt\\\/produkt\\\/protecao-de-rede-e-sistema-enwitec-na4105-863-kva-de-acordo-com-vde-ar-n-41052018-11-10018716\\\/#breadcrumb\"},\"inLanguage\":\"pt-PT\",\"potentialAction\":[{\"@type\":\"ReadAction\",\"target\":[\"https:\\\/\\\/greenlink.technology\\\/pt-pt\\\/produkt\\\/protecao-de-rede-e-sistema-enwitec-na4105-863-kva-de-acordo-com-vde-ar-n-41052018-11-10018716\\\/\"]}]},{\"@type\":\"ImageObject\",\"inLanguage\":\"pt-PT\",\"@id\":\"https:\\\/\\\/greenlink.technology\\\/pt-pt\\\/produkt\\\/protecao-de-rede-e-sistema-enwitec-na4105-863-kva-de-acordo-com-vde-ar-n-41052018-11-10018716\\\/#primaryimage\",\"url\":\"https:\\\/\\\/greenlink.technology\\\/wp-content\\\/uploads\\\/2025\\\/02\\\/10018716_front.png\",\"contentUrl\":\"https:\\\/\\\/greenlink.technology\\\/wp-content\\\/uploads\\\/2025\\\/02\\\/10018716_front.png\",\"width\":500,\"height\":500},{\"@type\":\"BreadcrumbList\",\"@id\":\"https:\\\/\\\/greenlink.technology\\\/pt-pt\\\/produkt\\\/protecao-de-rede-e-sistema-enwitec-na4105-863-kva-de-acordo-com-vde-ar-n-41052018-11-10018716\\\/#breadcrumb\",\"itemListElement\":[{\"@type\":\"ListItem\",\"position\":1,\"name\":\"Startseite\",\"item\":\"https:\\\/\\\/enwitec.eu\\\/pt-pt\\\/\"},{\"@type\":\"ListItem\",\"position\":2,\"name\":\"Produtos\",\"item\":\"https:\\\/\\\/greenlink.technology\\\/pt-pt\\\/sobre-nos\\\/a-empresa\\\/enwitec\\\/produtos\\\/\"},{\"@type\":\"ListItem\",\"position\":3,\"name\":\"Prote\u00e7\u00e3o de rede e sistema enwitec NA4105 &#8211; 86,3 kVA &#8211; de acordo com VDE-AR-N 4105:2018-11 &#8211; 10018716\"}]},{\"@type\":\"WebSite\",\"@id\":\"https:\\\/\\\/enwitec.eu\\\/en\\\/#website\",\"url\":\"https:\\\/\\\/enwitec.eu\\\/en\\\/\",\"name\":\"greenLink orchestrating energy flows | enwitec electronic GmbH | LinQ Europe Sp. z o.o.\",\"description\":\"\",\"publisher\":{\"@id\":\"https:\\\/\\\/enwitec.eu\\\/en\\\/#organization\"},\"potentialAction\":[{\"@type\":\"SearchAction\",\"target\":{\"@type\":\"EntryPoint\",\"urlTemplate\":\"https:\\\/\\\/enwitec.eu\\\/en\\\/?s={search_term_string}\"},\"query-input\":{\"@type\":\"PropertyValueSpecification\",\"valueRequired\":true,\"valueName\":\"search_term_string\"}}],\"inLanguage\":\"pt-PT\"},{\"@type\":\"Organization\",\"@id\":\"https:\\\/\\\/enwitec.eu\\\/en\\\/#organization\",\"name\":\"greenLink orquestra\u00e7\u00e3o de fluxos de energia | enwitec electronic GmbH | LinQ Europe Sp. z o.o.\",\"url\":\"https:\\\/\\\/enwitec.eu\\\/en\\\/\",\"logo\":{\"@type\":\"ImageObject\",\"inLanguage\":\"pt-PT\",\"@id\":\"https:\\\/\\\/enwitec.eu\\\/en\\\/#\\\/schema\\\/logo\\\/image\\\/\",\"url\":\"https:\\\/\\\/greenlink.technology\\\/wp-content\\\/uploads\\\/2025\\\/01\\\/greenlink-logo-final.png\",\"contentUrl\":\"https:\\\/\\\/greenlink.technology\\\/wp-content\\\/uploads\\\/2025\\\/01\\\/greenlink-logo-final.png\",\"width\":2586,\"height\":629,\"caption\":\"greenLink orquestra\u00e7\u00e3o de fluxos de energia | enwitec electronic GmbH | LinQ Europe Sp. z o.o. \"},\"image\":{\"@id\":\"https:\\\/\\\/enwitec.eu\\\/en\\\/#\\\/schema\\\/logo\\\/image\\\/\"}}]}<\/script>\n<!-- \/ Yoast SEO plugin. -->","yoast_head_json":{"title":"Prote\u00e7\u00e3o de rede e sistema enwitec NA4105 - 86,3 kVA - de acordo com VDE-AR-N 4105:2018-11 - 10018716 - greenLink orchestrating energy flows | enwitec electronic GmbH | LinQ Europe Sp. z o.o.","robots":{"index":"index","follow":"follow","max-snippet":"max-snippet:-1","max-image-preview":"max-image-preview:large","max-video-preview":"max-video-preview:-1"},"canonical":"https:\/\/greenlink.technology\/pt-pt\/produkt\/protecao-de-rede-e-sistema-enwitec-na4105-863-kva-de-acordo-com-vde-ar-n-41052018-11-10018716\/","og_locale":"pt_PT","og_type":"article","og_title":"Prote\u00e7\u00e3o de rede e sistema enwitec NA4105 - 86,3 kVA - de acordo com VDE-AR-N 4105:2018-11 - 10018716 - greenLink orchestrating energy flows | enwitec electronic GmbH | LinQ Europe Sp. z o.o.","og_description":"&nbsp;","og_url":"https:\/\/greenlink.technology\/pt-pt\/produkt\/protecao-de-rede-e-sistema-enwitec-na4105-863-kva-de-acordo-com-vde-ar-n-41052018-11-10018716\/","og_site_name":"greenLink orchestrating energy flows | enwitec electronic GmbH | LinQ Europe Sp. z o.o.","og_image":[{"width":500,"height":500,"url":"https:\/\/linqeurope.pl\/wp-content\/uploads\/2025\/02\/10018716_front.png","type":"image\/png"}],"twitter_card":"summary_large_image","schema":{"@context":"https:\/\/schema.org","@graph":[{"@type":"WebPage","@id":"https:\/\/greenlink.technology\/pt-pt\/produkt\/protecao-de-rede-e-sistema-enwitec-na4105-863-kva-de-acordo-com-vde-ar-n-41052018-11-10018716\/","url":"https:\/\/greenlink.technology\/pt-pt\/produkt\/protecao-de-rede-e-sistema-enwitec-na4105-863-kva-de-acordo-com-vde-ar-n-41052018-11-10018716\/","name":"Prote\u00e7\u00e3o de rede e sistema enwitec NA4105 - 86,3 kVA - de acordo com VDE-AR-N 4105:2018-11 - 10018716 - greenLink orchestrating energy flows | enwitec electronic GmbH | LinQ Europe Sp. z o.o.","isPartOf":{"@id":"https:\/\/enwitec.eu\/en\/#website"},"primaryImageOfPage":{"@id":"https:\/\/greenlink.technology\/pt-pt\/produkt\/protecao-de-rede-e-sistema-enwitec-na4105-863-kva-de-acordo-com-vde-ar-n-41052018-11-10018716\/#primaryimage"},"image":{"@id":"https:\/\/greenlink.technology\/pt-pt\/produkt\/protecao-de-rede-e-sistema-enwitec-na4105-863-kva-de-acordo-com-vde-ar-n-41052018-11-10018716\/#primaryimage"},"thumbnailUrl":"https:\/\/greenlink.technology\/wp-content\/uploads\/2025\/02\/10018716_front.png","datePublished":"2024-04-25T12:31:44+00:00","breadcrumb":{"@id":"https:\/\/greenlink.technology\/pt-pt\/produkt\/protecao-de-rede-e-sistema-enwitec-na4105-863-kva-de-acordo-com-vde-ar-n-41052018-11-10018716\/#breadcrumb"},"inLanguage":"pt-PT","potentialAction":[{"@type":"ReadAction","target":["https:\/\/greenlink.technology\/pt-pt\/produkt\/protecao-de-rede-e-sistema-enwitec-na4105-863-kva-de-acordo-com-vde-ar-n-41052018-11-10018716\/"]}]},{"@type":"ImageObject","inLanguage":"pt-PT","@id":"https:\/\/greenlink.technology\/pt-pt\/produkt\/protecao-de-rede-e-sistema-enwitec-na4105-863-kva-de-acordo-com-vde-ar-n-41052018-11-10018716\/#primaryimage","url":"https:\/\/greenlink.technology\/wp-content\/uploads\/2025\/02\/10018716_front.png","contentUrl":"https:\/\/greenlink.technology\/wp-content\/uploads\/2025\/02\/10018716_front.png","width":500,"height":500},{"@type":"BreadcrumbList","@id":"https:\/\/greenlink.technology\/pt-pt\/produkt\/protecao-de-rede-e-sistema-enwitec-na4105-863-kva-de-acordo-com-vde-ar-n-41052018-11-10018716\/#breadcrumb","itemListElement":[{"@type":"ListItem","position":1,"name":"Startseite","item":"https:\/\/enwitec.eu\/pt-pt\/"},{"@type":"ListItem","position":2,"name":"Produtos","item":"https:\/\/greenlink.technology\/pt-pt\/sobre-nos\/a-empresa\/enwitec\/produtos\/"},{"@type":"ListItem","position":3,"name":"Prote\u00e7\u00e3o de rede e sistema enwitec NA4105 &#8211; 86,3 kVA &#8211; de acordo com VDE-AR-N 4105:2018-11 &#8211; 10018716"}]},{"@type":"WebSite","@id":"https:\/\/enwitec.eu\/en\/#website","url":"https:\/\/enwitec.eu\/en\/","name":"greenLink orchestrating energy flows | enwitec electronic GmbH | LinQ Europe Sp. z o.o.","description":"","publisher":{"@id":"https:\/\/enwitec.eu\/en\/#organization"},"potentialAction":[{"@type":"SearchAction","target":{"@type":"EntryPoint","urlTemplate":"https:\/\/enwitec.eu\/en\/?s={search_term_string}"},"query-input":{"@type":"PropertyValueSpecification","valueRequired":true,"valueName":"search_term_string"}}],"inLanguage":"pt-PT"},{"@type":"Organization","@id":"https:\/\/enwitec.eu\/en\/#organization","name":"greenLink orquestra\u00e7\u00e3o de fluxos de energia | enwitec electronic GmbH | LinQ Europe Sp. z o.o.","url":"https:\/\/enwitec.eu\/en\/","logo":{"@type":"ImageObject","inLanguage":"pt-PT","@id":"https:\/\/enwitec.eu\/en\/#\/schema\/logo\/image\/","url":"https:\/\/greenlink.technology\/wp-content\/uploads\/2025\/01\/greenlink-logo-final.png","contentUrl":"https:\/\/greenlink.technology\/wp-content\/uploads\/2025\/01\/greenlink-logo-final.png","width":2586,"height":629,"caption":"greenLink orquestra\u00e7\u00e3o de fluxos de energia | enwitec electronic GmbH | LinQ Europe Sp. z o.o. "},"image":{"@id":"https:\/\/enwitec.eu\/en\/#\/schema\/logo\/image\/"}}]}},"_links":{"self":[{"href":"https:\/\/greenlink.technology\/pt-pt\/wp-json\/wp\/v2\/product\/9735","targetHints":{"allow":["GET"]}}],"collection":[{"href":"https:\/\/greenlink.technology\/pt-pt\/wp-json\/wp\/v2\/product"}],"about":[{"href":"https:\/\/greenlink.technology\/pt-pt\/wp-json\/wp\/v2\/types\/product"}],"replies":[{"embeddable":true,"href":"https:\/\/greenlink.technology\/pt-pt\/wp-json\/wp\/v2\/comments?post=9735"}],"wp:featuredmedia":[{"embeddable":true,"href":"https:\/\/greenlink.technology\/pt-pt\/wp-json\/wp\/v2\/media\/9737"}],"wp:attachment":[{"href":"https:\/\/greenlink.technology\/pt-pt\/wp-json\/wp\/v2\/media?parent=9735"}],"wp:term":[{"taxonomy":"anwendung","embeddable":true,"href":"https:\/\/greenlink.technology\/pt-pt\/wp-json\/wp\/v2\/anwendung?post=9735"},{"taxonomy":"product_brand","embeddable":true,"href":"https:\/\/greenlink.technology\/pt-pt\/wp-json\/wp\/v2\/product_brand?post=9735"},{"taxonomy":"product_cat","embeddable":true,"href":"https:\/\/greenlink.technology\/pt-pt\/wp-json\/wp\/v2\/product_cat?post=9735"},{"taxonomy":"product_tag","embeddable":true,"href":"https:\/\/greenlink.technology\/pt-pt\/wp-json\/wp\/v2\/product_tag?post=9735"}],"curies":[{"name":"wp","href":"https:\/\/api.w.org\/{rel}","templated":true}]}}