{"id":17089,"date":"2025-06-27T13:01:36","date_gmt":"2025-06-27T11:01:36","guid":{"rendered":"https:\/\/greenlink.technology\/?post_type=product&#038;p=17089"},"modified":"2025-11-20T15:41:32","modified_gmt":"2025-11-20T14:41:32","slug":"enwitec-caixa-de-terminais-para-gerador-de-corrente-continua-gak-s-1500-12sx2xx-t315-bc-us-pes-1-0-10016616-kopie","status":"publish","type":"product","link":"https:\/\/greenlink.technology\/pt-pt\/produkt\/enwitec-caixa-de-terminais-para-gerador-de-corrente-continua-gak-s-1500-12sx2xx-t315-bc-us-pes-1-0-10016616-kopie\/","title":{"rendered":"enwitec SolarConnect 1500 &#8211; 10019463"},"content":{"rendered":"<div class=\"system-stammdaten\">\n<h2\/>\n&nbsp;<\/p>\n<\/div>\n","protected":false},"excerpt":{"rendered":"<p>&nbsp;<\/p>\n","protected":false},"featured_media":17132,"comment_status":"closed","ping_status":"closed","template":"","meta":{"_acf_changed":false},"anwendung":[],"product_brand":[264],"product_cat":[553],"product_tag":[1568,555,554],"class_list":{"0":"post-17089","1":"product","2":"type-product","3":"status-publish","4":"has-post-thumbnail","6":"product_brand-enwitec","7":"product_cat-caixa-de-ligacao-do-gerador","8":"product_tag-1568","9":"product_tag-caixa-de-ligacao-do-gerador","10":"product_tag-gak-pt-pt","11":"pa_anschlussform-ligacao-roscada","12":"pa_mpp-tracker-1-pt-pt","13":"pa_strings-im-eingang-pro-mpp-1-pt-pt","14":"pa_systemspannung-1000-vdc--1500-vdc-pt-pt","15":"pa_trennschalter-sim","16":"pa_ueberspannungsschutz-tipo-12-pt-pt","18":"first","19":"instock","20":"shipping-taxable","21":"product-type-simple"},"acf":{"product_informations":"O enwitec SolarConnect 1500 \u00e9 uma caixa de jun\u00e7\u00e3o de gerador fotovoltaico (GAK) altamente flex\u00edvel, especialmente desenvolvida para grandes projectos fotovoltaicos com inversores centrais. Com uma tens\u00e3o de sistema de at\u00e9 1.500VDC e monitoriza\u00e7\u00e3o da corrente de string via MOD-BUS, oferece a m\u00e1xima seguran\u00e7a e efici\u00eancia. \n\nO SolarConnect 1500 oferece todas as tecnologias de liga\u00e7\u00e3o necess\u00e1rias para complementar de forma ideal os projectos fotovoltaicos de grande escala no sector dos servi\u00e7os p\u00fablicos em termos de flexibilidade, disponibilidade e sustentabilidade. Inclui fun\u00e7\u00f5es como interruptores de corte de carga controlados remotamente, monitoriza\u00e7\u00e3o da corrente de string e prote\u00e7\u00e3o integrada contra sobretens\u00e3o.","technical_data":"<div class=\"stammdaten-col\">\n<div class=\"line\">\n<p class=\"system-stammdaten-left\">N.\u00ba do artigo: 10019463\nMax. Umpp (Ue): 1500 VDC\nMPP tracker: 1\nStrings na entrada por MPP: 24\nStrings na sa\u00edda por MPP: 1\nFus\u00edvel de string: sim\nProte\u00e7\u00e3o contra sobretens\u00e3o: Tipo I+II\/BC\nDesconector: Sim\nTipo de liga\u00e7\u00e3o: Liga\u00e7\u00e3o de parafuso\nCorrente nominal InA: 396 ADC\nCorrente nominal Isc por string: 16,5 ADC\nDimens\u00f5es (LxAxP): 1000 x 800 x 300 mm\nPeso total: 46,5 kg <\/p>\n\n<\/div>\n<\/div>","download":"<a href=\"https:\/\/greenlink.technology\/wp-content\/uploads\/2025\/11\/10019463_DE_DAT_Solarconnect-1500-b.pdf\" target=\"_blank\" rel=\"noopener\">Folha de dados PT<\/a>\n<a href=\"https:\/\/greenlink.technology\/wp-content\/uploads\/2025\/11\/10019463_GB_DAT_Solarconnect-1500-b.pdf\" target=\"_blank\" rel=\"noopener\">Ficha t\u00e9cnica PT<\/a>\n<a href=\"https:\/\/greenlink.technology\/wp-content\/uploads\/2025\/11\/10019463_PL_DAT_Solarconnect-1500-b.pdf\" target=\"_blank\" rel=\"noopener\">Abre o teu ficheiro PL<\/a>\n<a href=\"https:\/\/greenlink.technology\/wp-content\/uploads\/2025\/10\/10019871_KoEU_BAT-BREAKER-3xAccu1xCharg.1000VDC-50A-BYDHVB-HVM-Version-a-09_2025-.pdf\" target=\"_blank\" rel=\"noopener\">DECLARA\u00c7\u00c3O DE CONFORMIDADE UE<\/a>","product_short_description":"<strong>Tens\u00e3o do sistema:<\/strong> 1500 VDC\n<strong>Rastreador MPP:<\/strong> 1\n<strong>Cordas na entrada por MPP:<\/strong> 24\n<strong>Cordas na sa\u00edda por MPP: <\/strong>1\n<strong>Prote\u00e7\u00e3o contra sobretens\u00e3o:<\/strong> Tipo I+II\/BC\n<strong>Desconector: <\/strong>Sim\n<strong>Tipo de liga\u00e7\u00e3o:<\/strong> Liga\u00e7\u00e3o de parafuso","photo_gallery":{"galerie_produkte":[[]]}},"yoast_head":"<!-- This site is optimized with the Yoast SEO plugin v27.3 - https:\/\/yoast.com\/product\/yoast-seo-wordpress\/ -->\n<title>enwitec SolarConnect 1500 - 10019463 - greenLink orchestrating energy flows | enwitec electronic GmbH | LinQ Europe Sp. z o.o.<\/title>\n<meta name=\"robots\" content=\"index, follow, max-snippet:-1, max-image-preview:large, max-video-preview:-1\" \/>\n<link rel=\"canonical\" href=\"https:\/\/greenlink.technology\/pt-pt\/produkt\/enwitec-caixa-de-terminais-para-gerador-de-corrente-continua-gak-s-1500-12sx2xx-t315-bc-us-pes-1-0-10016616-kopie\/\" \/>\n<meta property=\"og:locale\" content=\"pt_PT\" \/>\n<meta property=\"og:type\" content=\"article\" \/>\n<meta property=\"og:title\" content=\"enwitec SolarConnect 1500 - 10019463 - greenLink orchestrating energy flows | enwitec electronic GmbH | LinQ Europe Sp. z o.o.\" \/>\n<meta property=\"og:description\" content=\"&nbsp;\" \/>\n<meta property=\"og:url\" content=\"https:\/\/greenlink.technology\/pt-pt\/produkt\/enwitec-caixa-de-terminais-para-gerador-de-corrente-continua-gak-s-1500-12sx2xx-t315-bc-us-pes-1-0-10016616-kopie\/\" \/>\n<meta property=\"og:site_name\" content=\"greenLink orchestrating energy flows | enwitec electronic GmbH | LinQ Europe Sp. z o.o.\" \/>\n<meta property=\"article:modified_time\" content=\"2025-11-20T14:41:32+00:00\" \/>\n<meta property=\"og:image\" content=\"https:\/\/enwitec.eu\/wp-content\/uploads\/2025\/06\/10019463_ohne_deckel.png\" \/>\n\t<meta property=\"og:image:width\" content=\"500\" \/>\n\t<meta property=\"og:image:height\" content=\"500\" \/>\n\t<meta property=\"og:image:type\" content=\"image\/png\" \/>\n<meta name=\"twitter:card\" content=\"summary_large_image\" \/>\n<script type=\"application\/ld+json\" class=\"yoast-schema-graph\">{\"@context\":\"https:\\\/\\\/schema.org\",\"@graph\":[{\"@type\":\"WebPage\",\"@id\":\"https:\\\/\\\/greenlink.technology\\\/pt-pt\\\/produkt\\\/enwitec-caixa-de-terminais-para-gerador-de-corrente-continua-gak-s-1500-12sx2xx-t315-bc-us-pes-1-0-10016616-kopie\\\/\",\"url\":\"https:\\\/\\\/greenlink.technology\\\/pt-pt\\\/produkt\\\/enwitec-caixa-de-terminais-para-gerador-de-corrente-continua-gak-s-1500-12sx2xx-t315-bc-us-pes-1-0-10016616-kopie\\\/\",\"name\":\"enwitec SolarConnect 1500 - 10019463 - greenLink orchestrating energy flows | enwitec electronic GmbH | LinQ Europe Sp. z o.o.\",\"isPartOf\":{\"@id\":\"https:\\\/\\\/enwitec.eu\\\/en\\\/#website\"},\"primaryImageOfPage\":{\"@id\":\"https:\\\/\\\/greenlink.technology\\\/pt-pt\\\/produkt\\\/enwitec-caixa-de-terminais-para-gerador-de-corrente-continua-gak-s-1500-12sx2xx-t315-bc-us-pes-1-0-10016616-kopie\\\/#primaryimage\"},\"image\":{\"@id\":\"https:\\\/\\\/greenlink.technology\\\/pt-pt\\\/produkt\\\/enwitec-caixa-de-terminais-para-gerador-de-corrente-continua-gak-s-1500-12sx2xx-t315-bc-us-pes-1-0-10016616-kopie\\\/#primaryimage\"},\"thumbnailUrl\":\"https:\\\/\\\/greenlink.technology\\\/wp-content\\\/uploads\\\/2025\\\/06\\\/10019463_ohne_deckel.png\",\"datePublished\":\"2025-06-27T11:01:36+00:00\",\"dateModified\":\"2025-11-20T14:41:32+00:00\",\"breadcrumb\":{\"@id\":\"https:\\\/\\\/greenlink.technology\\\/pt-pt\\\/produkt\\\/enwitec-caixa-de-terminais-para-gerador-de-corrente-continua-gak-s-1500-12sx2xx-t315-bc-us-pes-1-0-10016616-kopie\\\/#breadcrumb\"},\"inLanguage\":\"pt-PT\",\"potentialAction\":[{\"@type\":\"ReadAction\",\"target\":[\"https:\\\/\\\/greenlink.technology\\\/pt-pt\\\/produkt\\\/enwitec-caixa-de-terminais-para-gerador-de-corrente-continua-gak-s-1500-12sx2xx-t315-bc-us-pes-1-0-10016616-kopie\\\/\"]}]},{\"@type\":\"ImageObject\",\"inLanguage\":\"pt-PT\",\"@id\":\"https:\\\/\\\/greenlink.technology\\\/pt-pt\\\/produkt\\\/enwitec-caixa-de-terminais-para-gerador-de-corrente-continua-gak-s-1500-12sx2xx-t315-bc-us-pes-1-0-10016616-kopie\\\/#primaryimage\",\"url\":\"https:\\\/\\\/greenlink.technology\\\/wp-content\\\/uploads\\\/2025\\\/06\\\/10019463_ohne_deckel.png\",\"contentUrl\":\"https:\\\/\\\/greenlink.technology\\\/wp-content\\\/uploads\\\/2025\\\/06\\\/10019463_ohne_deckel.png\",\"width\":500,\"height\":500},{\"@type\":\"BreadcrumbList\",\"@id\":\"https:\\\/\\\/greenlink.technology\\\/pt-pt\\\/produkt\\\/enwitec-caixa-de-terminais-para-gerador-de-corrente-continua-gak-s-1500-12sx2xx-t315-bc-us-pes-1-0-10016616-kopie\\\/#breadcrumb\",\"itemListElement\":[{\"@type\":\"ListItem\",\"position\":1,\"name\":\"Startseite\",\"item\":\"https:\\\/\\\/enwitec.eu\\\/pt-pt\\\/\"},{\"@type\":\"ListItem\",\"position\":2,\"name\":\"Produtos\",\"item\":\"https:\\\/\\\/greenlink.technology\\\/pt-pt\\\/sobre-nos\\\/a-empresa\\\/enwitec\\\/produtos\\\/\"},{\"@type\":\"ListItem\",\"position\":3,\"name\":\"enwitec SolarConnect 1500 &#8211; 10019463\"}]},{\"@type\":\"WebSite\",\"@id\":\"https:\\\/\\\/enwitec.eu\\\/en\\\/#website\",\"url\":\"https:\\\/\\\/enwitec.eu\\\/en\\\/\",\"name\":\"greenLink orchestrating energy flows | enwitec electronic GmbH | LinQ Europe Sp. z o.o.\",\"description\":\"\",\"publisher\":{\"@id\":\"https:\\\/\\\/enwitec.eu\\\/en\\\/#organization\"},\"potentialAction\":[{\"@type\":\"SearchAction\",\"target\":{\"@type\":\"EntryPoint\",\"urlTemplate\":\"https:\\\/\\\/enwitec.eu\\\/en\\\/?s={search_term_string}\"},\"query-input\":{\"@type\":\"PropertyValueSpecification\",\"valueRequired\":true,\"valueName\":\"search_term_string\"}}],\"inLanguage\":\"pt-PT\"},{\"@type\":\"Organization\",\"@id\":\"https:\\\/\\\/enwitec.eu\\\/en\\\/#organization\",\"name\":\"greenLink orquestra\u00e7\u00e3o de fluxos de energia | enwitec electronic GmbH | LinQ Europe Sp. z o.o.\",\"url\":\"https:\\\/\\\/enwitec.eu\\\/en\\\/\",\"logo\":{\"@type\":\"ImageObject\",\"inLanguage\":\"pt-PT\",\"@id\":\"https:\\\/\\\/enwitec.eu\\\/en\\\/#\\\/schema\\\/logo\\\/image\\\/\",\"url\":\"https:\\\/\\\/greenlink.technology\\\/wp-content\\\/uploads\\\/2025\\\/01\\\/greenlink-logo-final.png\",\"contentUrl\":\"https:\\\/\\\/greenlink.technology\\\/wp-content\\\/uploads\\\/2025\\\/01\\\/greenlink-logo-final.png\",\"width\":2586,\"height\":629,\"caption\":\"greenLink orquestra\u00e7\u00e3o de fluxos de energia | enwitec electronic GmbH | LinQ Europe Sp. z o.o. \"},\"image\":{\"@id\":\"https:\\\/\\\/enwitec.eu\\\/en\\\/#\\\/schema\\\/logo\\\/image\\\/\"}}]}<\/script>\n<!-- \/ Yoast SEO plugin. -->","yoast_head_json":{"title":"enwitec SolarConnect 1500 - 10019463 - greenLink orchestrating energy flows | enwitec electronic GmbH | LinQ Europe Sp. z o.o.","robots":{"index":"index","follow":"follow","max-snippet":"max-snippet:-1","max-image-preview":"max-image-preview:large","max-video-preview":"max-video-preview:-1"},"canonical":"https:\/\/greenlink.technology\/pt-pt\/produkt\/enwitec-caixa-de-terminais-para-gerador-de-corrente-continua-gak-s-1500-12sx2xx-t315-bc-us-pes-1-0-10016616-kopie\/","og_locale":"pt_PT","og_type":"article","og_title":"enwitec SolarConnect 1500 - 10019463 - greenLink orchestrating energy flows | enwitec electronic GmbH | LinQ Europe Sp. z o.o.","og_description":"&nbsp;","og_url":"https:\/\/greenlink.technology\/pt-pt\/produkt\/enwitec-caixa-de-terminais-para-gerador-de-corrente-continua-gak-s-1500-12sx2xx-t315-bc-us-pes-1-0-10016616-kopie\/","og_site_name":"greenLink orchestrating energy flows | enwitec electronic GmbH | LinQ Europe Sp. z o.o.","article_modified_time":"2025-11-20T14:41:32+00:00","og_image":[{"width":500,"height":500,"url":"https:\/\/enwitec.eu\/wp-content\/uploads\/2025\/06\/10019463_ohne_deckel.png","type":"image\/png"}],"twitter_card":"summary_large_image","schema":{"@context":"https:\/\/schema.org","@graph":[{"@type":"WebPage","@id":"https:\/\/greenlink.technology\/pt-pt\/produkt\/enwitec-caixa-de-terminais-para-gerador-de-corrente-continua-gak-s-1500-12sx2xx-t315-bc-us-pes-1-0-10016616-kopie\/","url":"https:\/\/greenlink.technology\/pt-pt\/produkt\/enwitec-caixa-de-terminais-para-gerador-de-corrente-continua-gak-s-1500-12sx2xx-t315-bc-us-pes-1-0-10016616-kopie\/","name":"enwitec SolarConnect 1500 - 10019463 - greenLink orchestrating energy flows | enwitec electronic GmbH | LinQ Europe Sp. z o.o.","isPartOf":{"@id":"https:\/\/enwitec.eu\/en\/#website"},"primaryImageOfPage":{"@id":"https:\/\/greenlink.technology\/pt-pt\/produkt\/enwitec-caixa-de-terminais-para-gerador-de-corrente-continua-gak-s-1500-12sx2xx-t315-bc-us-pes-1-0-10016616-kopie\/#primaryimage"},"image":{"@id":"https:\/\/greenlink.technology\/pt-pt\/produkt\/enwitec-caixa-de-terminais-para-gerador-de-corrente-continua-gak-s-1500-12sx2xx-t315-bc-us-pes-1-0-10016616-kopie\/#primaryimage"},"thumbnailUrl":"https:\/\/greenlink.technology\/wp-content\/uploads\/2025\/06\/10019463_ohne_deckel.png","datePublished":"2025-06-27T11:01:36+00:00","dateModified":"2025-11-20T14:41:32+00:00","breadcrumb":{"@id":"https:\/\/greenlink.technology\/pt-pt\/produkt\/enwitec-caixa-de-terminais-para-gerador-de-corrente-continua-gak-s-1500-12sx2xx-t315-bc-us-pes-1-0-10016616-kopie\/#breadcrumb"},"inLanguage":"pt-PT","potentialAction":[{"@type":"ReadAction","target":["https:\/\/greenlink.technology\/pt-pt\/produkt\/enwitec-caixa-de-terminais-para-gerador-de-corrente-continua-gak-s-1500-12sx2xx-t315-bc-us-pes-1-0-10016616-kopie\/"]}]},{"@type":"ImageObject","inLanguage":"pt-PT","@id":"https:\/\/greenlink.technology\/pt-pt\/produkt\/enwitec-caixa-de-terminais-para-gerador-de-corrente-continua-gak-s-1500-12sx2xx-t315-bc-us-pes-1-0-10016616-kopie\/#primaryimage","url":"https:\/\/greenlink.technology\/wp-content\/uploads\/2025\/06\/10019463_ohne_deckel.png","contentUrl":"https:\/\/greenlink.technology\/wp-content\/uploads\/2025\/06\/10019463_ohne_deckel.png","width":500,"height":500},{"@type":"BreadcrumbList","@id":"https:\/\/greenlink.technology\/pt-pt\/produkt\/enwitec-caixa-de-terminais-para-gerador-de-corrente-continua-gak-s-1500-12sx2xx-t315-bc-us-pes-1-0-10016616-kopie\/#breadcrumb","itemListElement":[{"@type":"ListItem","position":1,"name":"Startseite","item":"https:\/\/enwitec.eu\/pt-pt\/"},{"@type":"ListItem","position":2,"name":"Produtos","item":"https:\/\/greenlink.technology\/pt-pt\/sobre-nos\/a-empresa\/enwitec\/produtos\/"},{"@type":"ListItem","position":3,"name":"enwitec SolarConnect 1500 &#8211; 10019463"}]},{"@type":"WebSite","@id":"https:\/\/enwitec.eu\/en\/#website","url":"https:\/\/enwitec.eu\/en\/","name":"greenLink orchestrating energy flows | enwitec electronic GmbH | LinQ Europe Sp. z o.o.","description":"","publisher":{"@id":"https:\/\/enwitec.eu\/en\/#organization"},"potentialAction":[{"@type":"SearchAction","target":{"@type":"EntryPoint","urlTemplate":"https:\/\/enwitec.eu\/en\/?s={search_term_string}"},"query-input":{"@type":"PropertyValueSpecification","valueRequired":true,"valueName":"search_term_string"}}],"inLanguage":"pt-PT"},{"@type":"Organization","@id":"https:\/\/enwitec.eu\/en\/#organization","name":"greenLink orquestra\u00e7\u00e3o de fluxos de energia | enwitec electronic GmbH | LinQ Europe Sp. z o.o.","url":"https:\/\/enwitec.eu\/en\/","logo":{"@type":"ImageObject","inLanguage":"pt-PT","@id":"https:\/\/enwitec.eu\/en\/#\/schema\/logo\/image\/","url":"https:\/\/greenlink.technology\/wp-content\/uploads\/2025\/01\/greenlink-logo-final.png","contentUrl":"https:\/\/greenlink.technology\/wp-content\/uploads\/2025\/01\/greenlink-logo-final.png","width":2586,"height":629,"caption":"greenLink orquestra\u00e7\u00e3o de fluxos de energia | enwitec electronic GmbH | LinQ Europe Sp. z o.o. "},"image":{"@id":"https:\/\/enwitec.eu\/en\/#\/schema\/logo\/image\/"}}]}},"_links":{"self":[{"href":"https:\/\/greenlink.technology\/pt-pt\/wp-json\/wp\/v2\/product\/17089","targetHints":{"allow":["GET"]}}],"collection":[{"href":"https:\/\/greenlink.technology\/pt-pt\/wp-json\/wp\/v2\/product"}],"about":[{"href":"https:\/\/greenlink.technology\/pt-pt\/wp-json\/wp\/v2\/types\/product"}],"replies":[{"embeddable":true,"href":"https:\/\/greenlink.technology\/pt-pt\/wp-json\/wp\/v2\/comments?post=17089"}],"wp:featuredmedia":[{"embeddable":true,"href":"https:\/\/greenlink.technology\/pt-pt\/wp-json\/wp\/v2\/media\/17132"}],"wp:attachment":[{"href":"https:\/\/greenlink.technology\/pt-pt\/wp-json\/wp\/v2\/media?parent=17089"}],"wp:term":[{"taxonomy":"anwendung","embeddable":true,"href":"https:\/\/greenlink.technology\/pt-pt\/wp-json\/wp\/v2\/anwendung?post=17089"},{"taxonomy":"product_brand","embeddable":true,"href":"https:\/\/greenlink.technology\/pt-pt\/wp-json\/wp\/v2\/product_brand?post=17089"},{"taxonomy":"product_cat","embeddable":true,"href":"https:\/\/greenlink.technology\/pt-pt\/wp-json\/wp\/v2\/product_cat?post=17089"},{"taxonomy":"product_tag","embeddable":true,"href":"https:\/\/greenlink.technology\/pt-pt\/wp-json\/wp\/v2\/product_tag?post=17089"}],"curies":[{"name":"wp","href":"https:\/\/api.w.org\/{rel}","templated":true}]}}