{"id":16864,"date":"2025-06-27T08:39:47","date_gmt":"2025-06-27T06:39:47","guid":{"rendered":"https:\/\/greenlink.technology\/?post_type=product&#038;p=16864"},"modified":"2025-09-15T11:16:40","modified_gmt":"2025-09-15T09:16:40","slug":"enwitec-protecao-de-rede-e-sistema-276-kva-de-acordo-com-vde-ar-n-41052018-11-10018546-kopie","status":"publish","type":"product","link":"https:\/\/greenlink.technology\/pt-pt\/produkt\/enwitec-protecao-de-rede-e-sistema-276-kva-de-acordo-com-vde-ar-n-41052018-11-10018546-kopie\/","title":{"rendered":"Prote\u00e7\u00e3o da rede e do sistema PowerShield 500 da enwitec"},"content":{"rendered":"<div class=\"system-stammdaten\">\n<h2><\/h2>\n<p>&nbsp;<\/p>\n<\/div>\n","protected":false},"excerpt":{"rendered":"<p>&nbsp;<\/p>\n","protected":false},"featured_media":16953,"comment_status":"closed","ping_status":"closed","template":"","meta":{"_acf_changed":false},"anwendung":[],"product_brand":[264],"product_cat":[581],"product_tag":[615,588,586,583],"class_list":{"0":"post-16864","1":"product","2":"type-product","3":"status-publish","4":"has-post-thumbnail","6":"product_brand-enwitec","7":"product_cat-protecao-da-rede-e-do-sistema","8":"product_tag-10018546-pt-pt","9":"product_tag-na4105-pt-pt","10":"product_tag-protecao-da-rede-e-do-sistema","11":"product_tag-protecao-na","13":"first","14":"instock","15":"shipping-taxable","16":"product-type-simple"},"acf":{"product_informations":"Descobre um dos nossos destaques em 2025 - o PowerShield 500, que foi especialmente desenvolvido para a prote\u00e7\u00e3o da rede e do sistema de sistemas fotovoltaicos com uma pot\u00eancia total de at\u00e9 500 kW.\n\nO PowerShield 500 \u00e9 um dispositivo de prote\u00e7\u00e3o da rede e do sistema de \u00faltima gera\u00e7\u00e3o que foi desenvolvido de acordo com a nova extens\u00e3o dos limites de pot\u00eancia da Diretiva de Baixa Tens\u00e3o VDE-AR-N 4105. Serve como prote\u00e7\u00e3o de desacoplamento na unidade geradora e s\u00f3 deve ser operado em conjunto com uma prote\u00e7\u00e3o de desacoplamento de n\u00edvel superior ou equivalente, de acordo com a TAR do respetivo n\u00edvel de liga\u00e7\u00e3o \u00e0 rede (normalmente \"m\u00e9dia tens\u00e3o\", de acordo com a VDE-AR-N 4110). \n\nO produto inclui o rel\u00e9 de prote\u00e7\u00e3o da rede, os terminais de desconex\u00e3o de teste associados, a liga\u00e7\u00e3o de comunica\u00e7\u00e3o e o interrutor de acoplamento.","technical_data":"<div class=\"stammdaten-col\">\n<div class=\"line\">\n<p class=\"system-stammdaten-left\">N.\u00ba do artigo: 10019386 e 10019413<\/p>\n<p class=\"system-stammdaten-left\"><strong>ART.NO. 10019386<\/strong>\n<strong>Prote\u00e7\u00e3o da rede e do sistema de acordo com a norma VDE-AR-N 4105\/4110 <\/strong>\n<strong>Arm\u00e1rio de alimenta\u00e7\u00e3o PowerShield 500<\/strong>\nForma da rede el\u00e9ctrica: TN-S\nPot\u00eancia: 552 kVA\nAprova\u00e7\u00e3o do pa\u00eds: VDE-AR-N 4105\/4110\nIsolamento: tripolar\nClasse de teste segundo EN 61643-11 (tipo): I+II\/BC\nTipo de fus\u00edvel de reserva: seccionador NH1\nLiga\u00e7\u00e3o de fus\u00edveis: 4 x NH1\nM\u00e1x. Classifica\u00e7\u00e3o do fus\u00edvel: 250 A por seccionador <\/p>\n\n<\/div>\n<strong>ART.NO. 10019413<\/strong>\n<strong>Prote\u00e7\u00e3o da rede e do sistema de acordo com a norma VDE-AR-N 4105\/4110 <\/strong>\n<strong>Arm\u00e1rio de controlo PowerShield 500\n<\/strong>Tens\u00e3o nominal de isolamento Ui: 660 VAC\nTens\u00e3o nominal de funcionamento Ue: 3PH - 230\/400 VAC\nFrequ\u00eancia de funcionamento: 50 Hz\nForma da rede: TT\/TN-S\nTipo de sistema gerador (VDE-AR-N 4105\/4110): Tipo 2<strong>\n<\/strong>\n\n\u00a0\n\n<\/div>","download":"<a href=\"https:\/\/greenlink.technology\/wp-content\/uploads\/2025\/06\/10019386_Datenblatt_Leistungsschrank_PowerShield-500_DE_2025_04_17.pdf\" target=\"_blank\" rel=\"noopener\">Folha de dados 10019386 PT<\/a>\n<a href=\"https:\/\/greenlink.technology\/wp-content\/uploads\/2025\/06\/10019413_Datenblatt_PowerShield_500_2025_04_29.pdf\" target=\"_blank\" rel=\"noopener\">Ficha t\u00e9cnica 10019413 PT<\/a>\n\n<a href=\"https:\/\/greenlink.technology\/wp-content\/uploads\/2025\/06\/10019386_datasheet_power-cabinet_PowerShield-500_EN_2025_04_23.pdf\" target=\"_blank\" rel=\"noopener\">Ficha t\u00e9cnica 10019386 PT<\/a>\n<a href=\"https:\/\/greenlink.technology\/wp-content\/uploads\/2025\/06\/10019413_datasheet_PowerShield_500_2025_04_29.pdf\" target=\"_blank\" rel=\"noopener\">Ficha t\u00e9cnica 10019413 PT<\/a>\n\n<a href=\"https:\/\/greenlink.technology\/wp-content\/uploads\/2025\/06\/10019386_Arkusz-danych_Szafa-zasilajaca_PowerShield-500_PL_2025_05_20.pdf\" target=\"_blank\" rel=\"noopener\">Procura um produto 10019386 PL<\/a>\n<a href=\"https:\/\/greenlink.technology\/wp-content\/uploads\/2025\/06\/10019413_Arkusz-danych_PowerShield_500_PL_2025_05_20.pdf\" target=\"_blank\" rel=\"noopener\">Procura um produto 10019413 PL<\/a>","product_short_description":"<strong>Aprova\u00e7\u00e3o do pa\u00eds:<\/strong> VDE-AR-N 4105:2018-11\n<strong>Pot\u00eancia:<\/strong> 550 kVA\n<strong>Isolamento:<\/strong> tripolar\n<strong>Forma da rede el\u00e9ctrica: <\/strong>TT \/ TN-S","photo_gallery":{"galerie_produkte":[[]]}},"yoast_head":"<!-- This site is optimized with the Yoast SEO plugin v27.3 - https:\/\/yoast.com\/product\/yoast-seo-wordpress\/ -->\n<title>Prote\u00e7\u00e3o da rede e do sistema PowerShield 500 da enwitec - greenLink orchestrating energy flows | enwitec electronic GmbH | LinQ Europe Sp. z o.o.<\/title>\n<meta name=\"robots\" content=\"index, follow, max-snippet:-1, max-image-preview:large, max-video-preview:-1\" \/>\n<link rel=\"canonical\" href=\"https:\/\/greenlink.technology\/pt-pt\/produkt\/enwitec-protecao-de-rede-e-sistema-276-kva-de-acordo-com-vde-ar-n-41052018-11-10018546-kopie\/\" \/>\n<meta property=\"og:locale\" content=\"pt_PT\" \/>\n<meta property=\"og:type\" content=\"article\" \/>\n<meta property=\"og:title\" content=\"Prote\u00e7\u00e3o da rede e do sistema PowerShield 500 da enwitec - greenLink orchestrating energy flows | enwitec electronic GmbH | LinQ Europe Sp. z o.o.\" \/>\n<meta property=\"og:description\" content=\"&nbsp;\" \/>\n<meta property=\"og:url\" content=\"https:\/\/greenlink.technology\/pt-pt\/produkt\/enwitec-protecao-de-rede-e-sistema-276-kva-de-acordo-com-vde-ar-n-41052018-11-10018546-kopie\/\" \/>\n<meta property=\"og:site_name\" content=\"greenLink orchestrating energy flows | enwitec electronic GmbH | LinQ Europe Sp. z o.o.\" \/>\n<meta property=\"article:modified_time\" content=\"2025-09-15T09:16:40+00:00\" \/>\n<meta property=\"og:image\" content=\"https:\/\/linqeurope.pl\/wp-content\/uploads\/2025\/06\/10019386.png\" \/>\n\t<meta property=\"og:image:width\" content=\"500\" \/>\n\t<meta property=\"og:image:height\" content=\"500\" \/>\n\t<meta property=\"og:image:type\" content=\"image\/png\" \/>\n<meta name=\"twitter:card\" content=\"summary_large_image\" \/>\n<script type=\"application\/ld+json\" class=\"yoast-schema-graph\">{\"@context\":\"https:\\\/\\\/schema.org\",\"@graph\":[{\"@type\":\"WebPage\",\"@id\":\"https:\\\/\\\/greenlink.technology\\\/pt-pt\\\/produkt\\\/enwitec-protecao-de-rede-e-sistema-276-kva-de-acordo-com-vde-ar-n-41052018-11-10018546-kopie\\\/\",\"url\":\"https:\\\/\\\/greenlink.technology\\\/pt-pt\\\/produkt\\\/enwitec-protecao-de-rede-e-sistema-276-kva-de-acordo-com-vde-ar-n-41052018-11-10018546-kopie\\\/\",\"name\":\"Prote\u00e7\u00e3o da rede e do sistema PowerShield 500 da enwitec - greenLink orchestrating energy flows | enwitec electronic GmbH | LinQ Europe Sp. z o.o.\",\"isPartOf\":{\"@id\":\"https:\\\/\\\/enwitec.eu\\\/en\\\/#website\"},\"primaryImageOfPage\":{\"@id\":\"https:\\\/\\\/greenlink.technology\\\/pt-pt\\\/produkt\\\/enwitec-protecao-de-rede-e-sistema-276-kva-de-acordo-com-vde-ar-n-41052018-11-10018546-kopie\\\/#primaryimage\"},\"image\":{\"@id\":\"https:\\\/\\\/greenlink.technology\\\/pt-pt\\\/produkt\\\/enwitec-protecao-de-rede-e-sistema-276-kva-de-acordo-com-vde-ar-n-41052018-11-10018546-kopie\\\/#primaryimage\"},\"thumbnailUrl\":\"https:\\\/\\\/greenlink.technology\\\/wp-content\\\/uploads\\\/2025\\\/06\\\/10019386.png\",\"datePublished\":\"2025-06-27T06:39:47+00:00\",\"dateModified\":\"2025-09-15T09:16:40+00:00\",\"breadcrumb\":{\"@id\":\"https:\\\/\\\/greenlink.technology\\\/pt-pt\\\/produkt\\\/enwitec-protecao-de-rede-e-sistema-276-kva-de-acordo-com-vde-ar-n-41052018-11-10018546-kopie\\\/#breadcrumb\"},\"inLanguage\":\"pt-PT\",\"potentialAction\":[{\"@type\":\"ReadAction\",\"target\":[\"https:\\\/\\\/greenlink.technology\\\/pt-pt\\\/produkt\\\/enwitec-protecao-de-rede-e-sistema-276-kva-de-acordo-com-vde-ar-n-41052018-11-10018546-kopie\\\/\"]}]},{\"@type\":\"ImageObject\",\"inLanguage\":\"pt-PT\",\"@id\":\"https:\\\/\\\/greenlink.technology\\\/pt-pt\\\/produkt\\\/enwitec-protecao-de-rede-e-sistema-276-kva-de-acordo-com-vde-ar-n-41052018-11-10018546-kopie\\\/#primaryimage\",\"url\":\"https:\\\/\\\/greenlink.technology\\\/wp-content\\\/uploads\\\/2025\\\/06\\\/10019386.png\",\"contentUrl\":\"https:\\\/\\\/greenlink.technology\\\/wp-content\\\/uploads\\\/2025\\\/06\\\/10019386.png\",\"width\":500,\"height\":500},{\"@type\":\"BreadcrumbList\",\"@id\":\"https:\\\/\\\/greenlink.technology\\\/pt-pt\\\/produkt\\\/enwitec-protecao-de-rede-e-sistema-276-kva-de-acordo-com-vde-ar-n-41052018-11-10018546-kopie\\\/#breadcrumb\",\"itemListElement\":[{\"@type\":\"ListItem\",\"position\":1,\"name\":\"Startseite\",\"item\":\"https:\\\/\\\/enwitec.eu\\\/pt-pt\\\/\"},{\"@type\":\"ListItem\",\"position\":2,\"name\":\"Produtos\",\"item\":\"https:\\\/\\\/greenlink.technology\\\/pt-pt\\\/sobre-nos\\\/a-empresa\\\/enwitec\\\/produtos\\\/\"},{\"@type\":\"ListItem\",\"position\":3,\"name\":\"Prote\u00e7\u00e3o da rede e do sistema PowerShield 500 da enwitec\"}]},{\"@type\":\"WebSite\",\"@id\":\"https:\\\/\\\/enwitec.eu\\\/en\\\/#website\",\"url\":\"https:\\\/\\\/enwitec.eu\\\/en\\\/\",\"name\":\"greenLink orchestrating energy flows | enwitec electronic GmbH | LinQ Europe Sp. z o.o.\",\"description\":\"\",\"publisher\":{\"@id\":\"https:\\\/\\\/enwitec.eu\\\/en\\\/#organization\"},\"potentialAction\":[{\"@type\":\"SearchAction\",\"target\":{\"@type\":\"EntryPoint\",\"urlTemplate\":\"https:\\\/\\\/enwitec.eu\\\/en\\\/?s={search_term_string}\"},\"query-input\":{\"@type\":\"PropertyValueSpecification\",\"valueRequired\":true,\"valueName\":\"search_term_string\"}}],\"inLanguage\":\"pt-PT\"},{\"@type\":\"Organization\",\"@id\":\"https:\\\/\\\/enwitec.eu\\\/en\\\/#organization\",\"name\":\"greenLink orquestra\u00e7\u00e3o de fluxos de energia | enwitec electronic GmbH | LinQ Europe Sp. z o.o.\",\"url\":\"https:\\\/\\\/enwitec.eu\\\/en\\\/\",\"logo\":{\"@type\":\"ImageObject\",\"inLanguage\":\"pt-PT\",\"@id\":\"https:\\\/\\\/enwitec.eu\\\/en\\\/#\\\/schema\\\/logo\\\/image\\\/\",\"url\":\"https:\\\/\\\/greenlink.technology\\\/wp-content\\\/uploads\\\/2025\\\/01\\\/greenlink-logo-final.png\",\"contentUrl\":\"https:\\\/\\\/greenlink.technology\\\/wp-content\\\/uploads\\\/2025\\\/01\\\/greenlink-logo-final.png\",\"width\":2586,\"height\":629,\"caption\":\"greenLink orquestra\u00e7\u00e3o de fluxos de energia | enwitec electronic GmbH | LinQ Europe Sp. z o.o. \"},\"image\":{\"@id\":\"https:\\\/\\\/enwitec.eu\\\/en\\\/#\\\/schema\\\/logo\\\/image\\\/\"}}]}<\/script>\n<!-- \/ Yoast SEO plugin. -->","yoast_head_json":{"title":"Prote\u00e7\u00e3o da rede e do sistema PowerShield 500 da enwitec - greenLink orchestrating energy flows | enwitec electronic GmbH | LinQ Europe Sp. z o.o.","robots":{"index":"index","follow":"follow","max-snippet":"max-snippet:-1","max-image-preview":"max-image-preview:large","max-video-preview":"max-video-preview:-1"},"canonical":"https:\/\/greenlink.technology\/pt-pt\/produkt\/enwitec-protecao-de-rede-e-sistema-276-kva-de-acordo-com-vde-ar-n-41052018-11-10018546-kopie\/","og_locale":"pt_PT","og_type":"article","og_title":"Prote\u00e7\u00e3o da rede e do sistema PowerShield 500 da enwitec - greenLink orchestrating energy flows | enwitec electronic GmbH | LinQ Europe Sp. z o.o.","og_description":"&nbsp;","og_url":"https:\/\/greenlink.technology\/pt-pt\/produkt\/enwitec-protecao-de-rede-e-sistema-276-kva-de-acordo-com-vde-ar-n-41052018-11-10018546-kopie\/","og_site_name":"greenLink orchestrating energy flows | enwitec electronic GmbH | LinQ Europe Sp. z o.o.","article_modified_time":"2025-09-15T09:16:40+00:00","og_image":[{"width":500,"height":500,"url":"https:\/\/linqeurope.pl\/wp-content\/uploads\/2025\/06\/10019386.png","type":"image\/png"}],"twitter_card":"summary_large_image","schema":{"@context":"https:\/\/schema.org","@graph":[{"@type":"WebPage","@id":"https:\/\/greenlink.technology\/pt-pt\/produkt\/enwitec-protecao-de-rede-e-sistema-276-kva-de-acordo-com-vde-ar-n-41052018-11-10018546-kopie\/","url":"https:\/\/greenlink.technology\/pt-pt\/produkt\/enwitec-protecao-de-rede-e-sistema-276-kva-de-acordo-com-vde-ar-n-41052018-11-10018546-kopie\/","name":"Prote\u00e7\u00e3o da rede e do sistema PowerShield 500 da enwitec - greenLink orchestrating energy flows | enwitec electronic GmbH | LinQ Europe Sp. z o.o.","isPartOf":{"@id":"https:\/\/enwitec.eu\/en\/#website"},"primaryImageOfPage":{"@id":"https:\/\/greenlink.technology\/pt-pt\/produkt\/enwitec-protecao-de-rede-e-sistema-276-kva-de-acordo-com-vde-ar-n-41052018-11-10018546-kopie\/#primaryimage"},"image":{"@id":"https:\/\/greenlink.technology\/pt-pt\/produkt\/enwitec-protecao-de-rede-e-sistema-276-kva-de-acordo-com-vde-ar-n-41052018-11-10018546-kopie\/#primaryimage"},"thumbnailUrl":"https:\/\/greenlink.technology\/wp-content\/uploads\/2025\/06\/10019386.png","datePublished":"2025-06-27T06:39:47+00:00","dateModified":"2025-09-15T09:16:40+00:00","breadcrumb":{"@id":"https:\/\/greenlink.technology\/pt-pt\/produkt\/enwitec-protecao-de-rede-e-sistema-276-kva-de-acordo-com-vde-ar-n-41052018-11-10018546-kopie\/#breadcrumb"},"inLanguage":"pt-PT","potentialAction":[{"@type":"ReadAction","target":["https:\/\/greenlink.technology\/pt-pt\/produkt\/enwitec-protecao-de-rede-e-sistema-276-kva-de-acordo-com-vde-ar-n-41052018-11-10018546-kopie\/"]}]},{"@type":"ImageObject","inLanguage":"pt-PT","@id":"https:\/\/greenlink.technology\/pt-pt\/produkt\/enwitec-protecao-de-rede-e-sistema-276-kva-de-acordo-com-vde-ar-n-41052018-11-10018546-kopie\/#primaryimage","url":"https:\/\/greenlink.technology\/wp-content\/uploads\/2025\/06\/10019386.png","contentUrl":"https:\/\/greenlink.technology\/wp-content\/uploads\/2025\/06\/10019386.png","width":500,"height":500},{"@type":"BreadcrumbList","@id":"https:\/\/greenlink.technology\/pt-pt\/produkt\/enwitec-protecao-de-rede-e-sistema-276-kva-de-acordo-com-vde-ar-n-41052018-11-10018546-kopie\/#breadcrumb","itemListElement":[{"@type":"ListItem","position":1,"name":"Startseite","item":"https:\/\/enwitec.eu\/pt-pt\/"},{"@type":"ListItem","position":2,"name":"Produtos","item":"https:\/\/greenlink.technology\/pt-pt\/sobre-nos\/a-empresa\/enwitec\/produtos\/"},{"@type":"ListItem","position":3,"name":"Prote\u00e7\u00e3o da rede e do sistema PowerShield 500 da enwitec"}]},{"@type":"WebSite","@id":"https:\/\/enwitec.eu\/en\/#website","url":"https:\/\/enwitec.eu\/en\/","name":"greenLink orchestrating energy flows | enwitec electronic GmbH | LinQ Europe Sp. z o.o.","description":"","publisher":{"@id":"https:\/\/enwitec.eu\/en\/#organization"},"potentialAction":[{"@type":"SearchAction","target":{"@type":"EntryPoint","urlTemplate":"https:\/\/enwitec.eu\/en\/?s={search_term_string}"},"query-input":{"@type":"PropertyValueSpecification","valueRequired":true,"valueName":"search_term_string"}}],"inLanguage":"pt-PT"},{"@type":"Organization","@id":"https:\/\/enwitec.eu\/en\/#organization","name":"greenLink orquestra\u00e7\u00e3o de fluxos de energia | enwitec electronic GmbH | LinQ Europe Sp. z o.o.","url":"https:\/\/enwitec.eu\/en\/","logo":{"@type":"ImageObject","inLanguage":"pt-PT","@id":"https:\/\/enwitec.eu\/en\/#\/schema\/logo\/image\/","url":"https:\/\/greenlink.technology\/wp-content\/uploads\/2025\/01\/greenlink-logo-final.png","contentUrl":"https:\/\/greenlink.technology\/wp-content\/uploads\/2025\/01\/greenlink-logo-final.png","width":2586,"height":629,"caption":"greenLink orquestra\u00e7\u00e3o de fluxos de energia | enwitec electronic GmbH | LinQ Europe Sp. z o.o. "},"image":{"@id":"https:\/\/enwitec.eu\/en\/#\/schema\/logo\/image\/"}}]}},"_links":{"self":[{"href":"https:\/\/greenlink.technology\/pt-pt\/wp-json\/wp\/v2\/product\/16864","targetHints":{"allow":["GET"]}}],"collection":[{"href":"https:\/\/greenlink.technology\/pt-pt\/wp-json\/wp\/v2\/product"}],"about":[{"href":"https:\/\/greenlink.technology\/pt-pt\/wp-json\/wp\/v2\/types\/product"}],"replies":[{"embeddable":true,"href":"https:\/\/greenlink.technology\/pt-pt\/wp-json\/wp\/v2\/comments?post=16864"}],"wp:featuredmedia":[{"embeddable":true,"href":"https:\/\/greenlink.technology\/pt-pt\/wp-json\/wp\/v2\/media\/16953"}],"wp:attachment":[{"href":"https:\/\/greenlink.technology\/pt-pt\/wp-json\/wp\/v2\/media?parent=16864"}],"wp:term":[{"taxonomy":"anwendung","embeddable":true,"href":"https:\/\/greenlink.technology\/pt-pt\/wp-json\/wp\/v2\/anwendung?post=16864"},{"taxonomy":"product_brand","embeddable":true,"href":"https:\/\/greenlink.technology\/pt-pt\/wp-json\/wp\/v2\/product_brand?post=16864"},{"taxonomy":"product_cat","embeddable":true,"href":"https:\/\/greenlink.technology\/pt-pt\/wp-json\/wp\/v2\/product_cat?post=16864"},{"taxonomy":"product_tag","embeddable":true,"href":"https:\/\/greenlink.technology\/pt-pt\/wp-json\/wp\/v2\/product_tag?post=16864"}],"curies":[{"name":"wp","href":"https:\/\/api.w.org\/{rel}","templated":true}]}}