{"id":16839,"date":"2025-06-27T06:58:17","date_gmt":"2025-06-27T04:58:17","guid":{"rendered":"https:\/\/enwitec.eu\/?post_type=product&#038;p=16839"},"modified":"2025-09-15T11:16:41","modified_gmt":"2025-09-15T09:16:41","slug":"protecao-de-rede-e-sistema-enwitec-na4105-863-kva-de-acordo-com-vde-ar-n-41052018-11-10018716-kopie","status":"publish","type":"product","link":"https:\/\/greenlink.technology\/pt-pt\/produkt\/protecao-de-rede-e-sistema-enwitec-na4105-863-kva-de-acordo-com-vde-ar-n-41052018-11-10018716-kopie\/","title":{"rendered":"Controlador enwitec EZA PowerControl 500"},"content":{"rendered":"<div class=\"system-stammdaten\">\n<h2><\/h2>\n<p>&nbsp;<\/p>\n<\/div>\n","protected":false},"excerpt":{"rendered":"<p>&nbsp;<\/p>\n","protected":false},"featured_media":16858,"comment_status":"closed","ping_status":"closed","template":"","meta":{"_acf_changed":false},"anwendung":[],"product_brand":[264],"product_cat":[581],"product_tag":[1573,1572,586,583],"class_list":{"0":"post-16839","1":"product","2":"type-product","3":"status-publish","4":"has-post-thumbnail","6":"product_brand-enwitec","7":"product_cat-protecao-da-rede-e-do-sistema","8":"product_tag-1573","9":"product_tag-powercontrol500","10":"product_tag-protecao-da-rede-e-do-sistema","11":"product_tag-protecao-na","12":"pa_laenderfreigabe-pt-pt-pt","13":"pa_leistung-30-86-kva-pt-pt","14":"pa_trennung-todo-polo","16":"first","17":"instock","18":"shipping-taxable","19":"product-type-simple"},"acf":{"product_informations":"O enwitec PowerControl 500, desenvolvido em 2025, \u00e9 um controlador de planta de gera\u00e7\u00e3o de \u00faltima gera\u00e7\u00e3o (controlador EZA) para sistemas fotovoltaicos no mercado C&I (Commercial & Industrial) e Utility. Desenvolvido para cumprir as mais recentes diretrizes VDE\/FNN, o PowerControl 500 oferece uma solu\u00e7\u00e3o abrangente para o controlo e monitoriza\u00e7\u00e3o de sistemas fotovoltaicos. \n\nO PowerControl 500 actua como uma interface para o operador da rede e comunica as especifica\u00e7\u00f5es de setpoint necess\u00e1rias para a alimenta\u00e7\u00e3o de pot\u00eancia ativa (kW) e pot\u00eancia reactiva (kvar) \u00e0s unidades geradoras. Compara continuamente os valores nominais e reais e transmite as vari\u00e1veis de controlo calculadas de volta \u00e0s unidades de produ\u00e7\u00e3o para garantir uma gest\u00e3o da alimenta\u00e7\u00e3o em conformidade com a rede.","technical_data":"<div class=\"stammdaten-col\">\n<div class=\"line\">\n<p class=\"system-stammdaten-left\">N.\u00ba do artigo: 10019571\nTipo de rede: TT \/ TN-S\nValor m\u00e1x. Valor do fus\u00edvel de reserva: ver diagrama de circuito\nTipo de sistema de gera\u00e7\u00e3o (VDE-AR-N 4105\/4110): Tipo 2 <\/p>\n\n<\/div>\n<strong>Controlador - EZA-REGLER:<\/strong>\n\nInterfaces de comunica\u00e7\u00e3o:\n- 1\u00d7 Ethernet\n- 1\u00d7 RS485\n- 1\u00d7 RS485\/422, m\u00e1x. 100 inversores, opera\u00e7\u00e3o mista poss\u00edvel\n- 2\u00d7 USB (WLAN\/GSM\/modem anal\u00f3gico, etc.)\n- 1\u00d7 RS232\n- 1\u00d7 1-Wire\u00ae\n- 1\u00d7 Can (opcional) \n\nEntradas-sa\u00eddas adicionais:\n- 4\u00d7 entrada digital 0-24 V (com alimenta\u00e7\u00e3o interna do dispositivo ou 24V externa)\n- 2\u00d7 entrada anal\u00f3gica 0-10 V 0\/4-20mA\n- 2\u00d7 entrada anal\u00f3gica Pt1000\/Kty 81-210\n- 4x sa\u00edda digital. Carga 24 V DC \/ 500 mA\n- 2\u00d7 rel\u00e9 (contacto de comuta\u00e7\u00e3o carga m\u00e1x. 24 V \/ 5 A)\n- 2\u00d7 sa\u00edda anal\u00f3gica 0-10 V 0\/4-20mA \n\nEcr\u00e3 do servidor Web:\n- Mem\u00f3ria 1 GB RAM. 8GB Flash. 8 GB micro SD\n- Processador Quadcore 4x 1,2GHz com GPU\n- Idiomas: Alem\u00e3o\/ingl\u00eas\/polaco\/italiano  \n\n<strong>UPS:<\/strong>\nTens\u00e3o nominal: 24 V\nCapacidade da bateria: 2 x 3,2 Ah\n\n<strong>ROUTER LTE COM SWITCH:<\/strong>\nTipo: Welotec TK804L1.450\nN\u00famero de portas: 4\n\n<strong>2 x CONVERSORES DE POT\u00caNCIA TRIF\u00c1SICOS:<\/strong>\nTipo: Wago 3x277\/480 2857-570\/024-005\n\n<\/div>","download":"<a href=\"https:\/\/greenlink.technology\/wp-content\/uploads\/2025\/06\/10019571_Datenblatt_PowerControl-500_2025_06_11_b.pdf\" target=\"_blank\" rel=\"noopener\">Folha de dados PT<\/a>\n<a href=\"https:\/\/greenlink.technology\/wp-content\/uploads\/2025\/06\/10019571_datasheet_PowerControl-500_EN_2025_06_11_b.pdf\" target=\"_blank\" rel=\"noopener\">Folha de dados PT<\/a>\n<a href=\"https:\/\/greenlink.technology\/wp-content\/uploads\/2025\/06\/10019571_Arkusz-danych_PowerControl-500_PL_2025_06_11_b.pdf\" target=\"_blank\" rel=\"noopener\">Procura um advogado PL<\/a>","product_short_description":"<strong>Aprova\u00e7\u00e3o do pa\u00eds:<\/strong> VDE-AR-N 4105\/4110)\n<strong>Forma da rede el\u00e9ctrica: <\/strong>TT \/ TN-S","photo_gallery":{"galerie_produkte":[[]]}},"yoast_head":"<!-- This site is optimized with the Yoast SEO plugin v27.3 - https:\/\/yoast.com\/product\/yoast-seo-wordpress\/ -->\n<title>Controlador enwitec EZA PowerControl 500 - greenLink orchestrating energy flows | enwitec electronic GmbH | LinQ Europe Sp. z o.o.<\/title>\n<meta name=\"robots\" content=\"index, follow, max-snippet:-1, max-image-preview:large, max-video-preview:-1\" \/>\n<link rel=\"canonical\" href=\"https:\/\/greenlink.technology\/pt-pt\/produkt\/protecao-de-rede-e-sistema-enwitec-na4105-863-kva-de-acordo-com-vde-ar-n-41052018-11-10018716-kopie\/\" \/>\n<meta property=\"og:locale\" content=\"pt_PT\" \/>\n<meta property=\"og:type\" content=\"article\" \/>\n<meta property=\"og:title\" content=\"Controlador enwitec EZA PowerControl 500 - greenLink orchestrating energy flows | enwitec electronic GmbH | LinQ Europe Sp. z o.o.\" \/>\n<meta property=\"og:description\" content=\"&nbsp;\" \/>\n<meta property=\"og:url\" content=\"https:\/\/greenlink.technology\/pt-pt\/produkt\/protecao-de-rede-e-sistema-enwitec-na4105-863-kva-de-acordo-com-vde-ar-n-41052018-11-10018716-kopie\/\" \/>\n<meta property=\"og:site_name\" content=\"greenLink orchestrating energy flows | enwitec electronic GmbH | LinQ Europe Sp. z o.o.\" \/>\n<meta property=\"article:modified_time\" content=\"2025-09-15T09:16:41+00:00\" \/>\n<meta property=\"og:image\" content=\"https:\/\/enwitec.eu\/wp-content\/uploads\/2025\/06\/Parkregler-L-closed_transparent_enwitec.png\" \/>\n\t<meta property=\"og:image:width\" content=\"500\" \/>\n\t<meta property=\"og:image:height\" content=\"667\" \/>\n\t<meta property=\"og:image:type\" content=\"image\/png\" \/>\n<meta name=\"twitter:card\" content=\"summary_large_image\" \/>\n<script type=\"application\/ld+json\" class=\"yoast-schema-graph\">{\"@context\":\"https:\\\/\\\/schema.org\",\"@graph\":[{\"@type\":\"WebPage\",\"@id\":\"https:\\\/\\\/greenlink.technology\\\/pt-pt\\\/produkt\\\/protecao-de-rede-e-sistema-enwitec-na4105-863-kva-de-acordo-com-vde-ar-n-41052018-11-10018716-kopie\\\/\",\"url\":\"https:\\\/\\\/greenlink.technology\\\/pt-pt\\\/produkt\\\/protecao-de-rede-e-sistema-enwitec-na4105-863-kva-de-acordo-com-vde-ar-n-41052018-11-10018716-kopie\\\/\",\"name\":\"Controlador enwitec EZA PowerControl 500 - greenLink orchestrating energy flows | enwitec electronic GmbH | LinQ Europe Sp. z o.o.\",\"isPartOf\":{\"@id\":\"https:\\\/\\\/enwitec.eu\\\/en\\\/#website\"},\"primaryImageOfPage\":{\"@id\":\"https:\\\/\\\/greenlink.technology\\\/pt-pt\\\/produkt\\\/protecao-de-rede-e-sistema-enwitec-na4105-863-kva-de-acordo-com-vde-ar-n-41052018-11-10018716-kopie\\\/#primaryimage\"},\"image\":{\"@id\":\"https:\\\/\\\/greenlink.technology\\\/pt-pt\\\/produkt\\\/protecao-de-rede-e-sistema-enwitec-na4105-863-kva-de-acordo-com-vde-ar-n-41052018-11-10018716-kopie\\\/#primaryimage\"},\"thumbnailUrl\":\"https:\\\/\\\/greenlink.technology\\\/wp-content\\\/uploads\\\/2025\\\/06\\\/Parkregler-L-closed_transparent_enwitec.png\",\"datePublished\":\"2025-06-27T04:58:17+00:00\",\"dateModified\":\"2025-09-15T09:16:41+00:00\",\"breadcrumb\":{\"@id\":\"https:\\\/\\\/greenlink.technology\\\/pt-pt\\\/produkt\\\/protecao-de-rede-e-sistema-enwitec-na4105-863-kva-de-acordo-com-vde-ar-n-41052018-11-10018716-kopie\\\/#breadcrumb\"},\"inLanguage\":\"pt-PT\",\"potentialAction\":[{\"@type\":\"ReadAction\",\"target\":[\"https:\\\/\\\/greenlink.technology\\\/pt-pt\\\/produkt\\\/protecao-de-rede-e-sistema-enwitec-na4105-863-kva-de-acordo-com-vde-ar-n-41052018-11-10018716-kopie\\\/\"]}]},{\"@type\":\"ImageObject\",\"inLanguage\":\"pt-PT\",\"@id\":\"https:\\\/\\\/greenlink.technology\\\/pt-pt\\\/produkt\\\/protecao-de-rede-e-sistema-enwitec-na4105-863-kva-de-acordo-com-vde-ar-n-41052018-11-10018716-kopie\\\/#primaryimage\",\"url\":\"https:\\\/\\\/greenlink.technology\\\/wp-content\\\/uploads\\\/2025\\\/06\\\/Parkregler-L-closed_transparent_enwitec.png\",\"contentUrl\":\"https:\\\/\\\/greenlink.technology\\\/wp-content\\\/uploads\\\/2025\\\/06\\\/Parkregler-L-closed_transparent_enwitec.png\",\"width\":500,\"height\":667},{\"@type\":\"BreadcrumbList\",\"@id\":\"https:\\\/\\\/greenlink.technology\\\/pt-pt\\\/produkt\\\/protecao-de-rede-e-sistema-enwitec-na4105-863-kva-de-acordo-com-vde-ar-n-41052018-11-10018716-kopie\\\/#breadcrumb\",\"itemListElement\":[{\"@type\":\"ListItem\",\"position\":1,\"name\":\"Startseite\",\"item\":\"https:\\\/\\\/enwitec.eu\\\/pt-pt\\\/\"},{\"@type\":\"ListItem\",\"position\":2,\"name\":\"Produtos\",\"item\":\"https:\\\/\\\/greenlink.technology\\\/pt-pt\\\/sobre-nos\\\/a-empresa\\\/enwitec\\\/produtos\\\/\"},{\"@type\":\"ListItem\",\"position\":3,\"name\":\"Controlador enwitec EZA PowerControl 500\"}]},{\"@type\":\"WebSite\",\"@id\":\"https:\\\/\\\/enwitec.eu\\\/en\\\/#website\",\"url\":\"https:\\\/\\\/enwitec.eu\\\/en\\\/\",\"name\":\"greenLink orchestrating energy flows | enwitec electronic GmbH | LinQ Europe Sp. z o.o.\",\"description\":\"\",\"publisher\":{\"@id\":\"https:\\\/\\\/enwitec.eu\\\/en\\\/#organization\"},\"potentialAction\":[{\"@type\":\"SearchAction\",\"target\":{\"@type\":\"EntryPoint\",\"urlTemplate\":\"https:\\\/\\\/enwitec.eu\\\/en\\\/?s={search_term_string}\"},\"query-input\":{\"@type\":\"PropertyValueSpecification\",\"valueRequired\":true,\"valueName\":\"search_term_string\"}}],\"inLanguage\":\"pt-PT\"},{\"@type\":\"Organization\",\"@id\":\"https:\\\/\\\/enwitec.eu\\\/en\\\/#organization\",\"name\":\"greenLink orquestra\u00e7\u00e3o de fluxos de energia | enwitec electronic GmbH | LinQ Europe Sp. z o.o.\",\"url\":\"https:\\\/\\\/enwitec.eu\\\/en\\\/\",\"logo\":{\"@type\":\"ImageObject\",\"inLanguage\":\"pt-PT\",\"@id\":\"https:\\\/\\\/enwitec.eu\\\/en\\\/#\\\/schema\\\/logo\\\/image\\\/\",\"url\":\"https:\\\/\\\/greenlink.technology\\\/wp-content\\\/uploads\\\/2025\\\/01\\\/greenlink-logo-final.png\",\"contentUrl\":\"https:\\\/\\\/greenlink.technology\\\/wp-content\\\/uploads\\\/2025\\\/01\\\/greenlink-logo-final.png\",\"width\":2586,\"height\":629,\"caption\":\"greenLink orquestra\u00e7\u00e3o de fluxos de energia | enwitec electronic GmbH | LinQ Europe Sp. z o.o. \"},\"image\":{\"@id\":\"https:\\\/\\\/enwitec.eu\\\/en\\\/#\\\/schema\\\/logo\\\/image\\\/\"}}]}<\/script>\n<!-- \/ Yoast SEO plugin. -->","yoast_head_json":{"title":"Controlador enwitec EZA PowerControl 500 - greenLink orchestrating energy flows | enwitec electronic GmbH | LinQ Europe Sp. z o.o.","robots":{"index":"index","follow":"follow","max-snippet":"max-snippet:-1","max-image-preview":"max-image-preview:large","max-video-preview":"max-video-preview:-1"},"canonical":"https:\/\/greenlink.technology\/pt-pt\/produkt\/protecao-de-rede-e-sistema-enwitec-na4105-863-kva-de-acordo-com-vde-ar-n-41052018-11-10018716-kopie\/","og_locale":"pt_PT","og_type":"article","og_title":"Controlador enwitec EZA PowerControl 500 - greenLink orchestrating energy flows | enwitec electronic GmbH | LinQ Europe Sp. z o.o.","og_description":"&nbsp;","og_url":"https:\/\/greenlink.technology\/pt-pt\/produkt\/protecao-de-rede-e-sistema-enwitec-na4105-863-kva-de-acordo-com-vde-ar-n-41052018-11-10018716-kopie\/","og_site_name":"greenLink orchestrating energy flows | enwitec electronic GmbH | LinQ Europe Sp. z o.o.","article_modified_time":"2025-09-15T09:16:41+00:00","og_image":[{"width":500,"height":667,"url":"https:\/\/enwitec.eu\/wp-content\/uploads\/2025\/06\/Parkregler-L-closed_transparent_enwitec.png","type":"image\/png"}],"twitter_card":"summary_large_image","schema":{"@context":"https:\/\/schema.org","@graph":[{"@type":"WebPage","@id":"https:\/\/greenlink.technology\/pt-pt\/produkt\/protecao-de-rede-e-sistema-enwitec-na4105-863-kva-de-acordo-com-vde-ar-n-41052018-11-10018716-kopie\/","url":"https:\/\/greenlink.technology\/pt-pt\/produkt\/protecao-de-rede-e-sistema-enwitec-na4105-863-kva-de-acordo-com-vde-ar-n-41052018-11-10018716-kopie\/","name":"Controlador enwitec EZA PowerControl 500 - greenLink orchestrating energy flows | enwitec electronic GmbH | LinQ Europe Sp. z o.o.","isPartOf":{"@id":"https:\/\/enwitec.eu\/en\/#website"},"primaryImageOfPage":{"@id":"https:\/\/greenlink.technology\/pt-pt\/produkt\/protecao-de-rede-e-sistema-enwitec-na4105-863-kva-de-acordo-com-vde-ar-n-41052018-11-10018716-kopie\/#primaryimage"},"image":{"@id":"https:\/\/greenlink.technology\/pt-pt\/produkt\/protecao-de-rede-e-sistema-enwitec-na4105-863-kva-de-acordo-com-vde-ar-n-41052018-11-10018716-kopie\/#primaryimage"},"thumbnailUrl":"https:\/\/greenlink.technology\/wp-content\/uploads\/2025\/06\/Parkregler-L-closed_transparent_enwitec.png","datePublished":"2025-06-27T04:58:17+00:00","dateModified":"2025-09-15T09:16:41+00:00","breadcrumb":{"@id":"https:\/\/greenlink.technology\/pt-pt\/produkt\/protecao-de-rede-e-sistema-enwitec-na4105-863-kva-de-acordo-com-vde-ar-n-41052018-11-10018716-kopie\/#breadcrumb"},"inLanguage":"pt-PT","potentialAction":[{"@type":"ReadAction","target":["https:\/\/greenlink.technology\/pt-pt\/produkt\/protecao-de-rede-e-sistema-enwitec-na4105-863-kva-de-acordo-com-vde-ar-n-41052018-11-10018716-kopie\/"]}]},{"@type":"ImageObject","inLanguage":"pt-PT","@id":"https:\/\/greenlink.technology\/pt-pt\/produkt\/protecao-de-rede-e-sistema-enwitec-na4105-863-kva-de-acordo-com-vde-ar-n-41052018-11-10018716-kopie\/#primaryimage","url":"https:\/\/greenlink.technology\/wp-content\/uploads\/2025\/06\/Parkregler-L-closed_transparent_enwitec.png","contentUrl":"https:\/\/greenlink.technology\/wp-content\/uploads\/2025\/06\/Parkregler-L-closed_transparent_enwitec.png","width":500,"height":667},{"@type":"BreadcrumbList","@id":"https:\/\/greenlink.technology\/pt-pt\/produkt\/protecao-de-rede-e-sistema-enwitec-na4105-863-kva-de-acordo-com-vde-ar-n-41052018-11-10018716-kopie\/#breadcrumb","itemListElement":[{"@type":"ListItem","position":1,"name":"Startseite","item":"https:\/\/enwitec.eu\/pt-pt\/"},{"@type":"ListItem","position":2,"name":"Produtos","item":"https:\/\/greenlink.technology\/pt-pt\/sobre-nos\/a-empresa\/enwitec\/produtos\/"},{"@type":"ListItem","position":3,"name":"Controlador enwitec EZA PowerControl 500"}]},{"@type":"WebSite","@id":"https:\/\/enwitec.eu\/en\/#website","url":"https:\/\/enwitec.eu\/en\/","name":"greenLink orchestrating energy flows | enwitec electronic GmbH | LinQ Europe Sp. z o.o.","description":"","publisher":{"@id":"https:\/\/enwitec.eu\/en\/#organization"},"potentialAction":[{"@type":"SearchAction","target":{"@type":"EntryPoint","urlTemplate":"https:\/\/enwitec.eu\/en\/?s={search_term_string}"},"query-input":{"@type":"PropertyValueSpecification","valueRequired":true,"valueName":"search_term_string"}}],"inLanguage":"pt-PT"},{"@type":"Organization","@id":"https:\/\/enwitec.eu\/en\/#organization","name":"greenLink orquestra\u00e7\u00e3o de fluxos de energia | enwitec electronic GmbH | LinQ Europe Sp. z o.o.","url":"https:\/\/enwitec.eu\/en\/","logo":{"@type":"ImageObject","inLanguage":"pt-PT","@id":"https:\/\/enwitec.eu\/en\/#\/schema\/logo\/image\/","url":"https:\/\/greenlink.technology\/wp-content\/uploads\/2025\/01\/greenlink-logo-final.png","contentUrl":"https:\/\/greenlink.technology\/wp-content\/uploads\/2025\/01\/greenlink-logo-final.png","width":2586,"height":629,"caption":"greenLink orquestra\u00e7\u00e3o de fluxos de energia | enwitec electronic GmbH | LinQ Europe Sp. z o.o. "},"image":{"@id":"https:\/\/enwitec.eu\/en\/#\/schema\/logo\/image\/"}}]}},"_links":{"self":[{"href":"https:\/\/greenlink.technology\/pt-pt\/wp-json\/wp\/v2\/product\/16839","targetHints":{"allow":["GET"]}}],"collection":[{"href":"https:\/\/greenlink.technology\/pt-pt\/wp-json\/wp\/v2\/product"}],"about":[{"href":"https:\/\/greenlink.technology\/pt-pt\/wp-json\/wp\/v2\/types\/product"}],"replies":[{"embeddable":true,"href":"https:\/\/greenlink.technology\/pt-pt\/wp-json\/wp\/v2\/comments?post=16839"}],"wp:featuredmedia":[{"embeddable":true,"href":"https:\/\/greenlink.technology\/pt-pt\/wp-json\/wp\/v2\/media\/16858"}],"wp:attachment":[{"href":"https:\/\/greenlink.technology\/pt-pt\/wp-json\/wp\/v2\/media?parent=16839"}],"wp:term":[{"taxonomy":"anwendung","embeddable":true,"href":"https:\/\/greenlink.technology\/pt-pt\/wp-json\/wp\/v2\/anwendung?post=16839"},{"taxonomy":"product_brand","embeddable":true,"href":"https:\/\/greenlink.technology\/pt-pt\/wp-json\/wp\/v2\/product_brand?post=16839"},{"taxonomy":"product_cat","embeddable":true,"href":"https:\/\/greenlink.technology\/pt-pt\/wp-json\/wp\/v2\/product_cat?post=16839"},{"taxonomy":"product_tag","embeddable":true,"href":"https:\/\/greenlink.technology\/pt-pt\/wp-json\/wp\/v2\/product_tag?post=16839"}],"curies":[{"name":"wp","href":"https:\/\/api.w.org\/{rel}","templated":true}]}}