{"id":12379,"date":"2024-03-07T07:57:13","date_gmt":"2024-03-07T06:57:13","guid":{"rendered":"https:\/\/greenlink.technology\/produkt\/enwitec-caixa-de-interruptores-de-rede-caixa-ats-para-lg-ess-home-8-10-todos-os-polos-10013677\/"},"modified":"2024-03-07T07:57:13","modified_gmt":"2024-03-07T06:57:13","slug":"enwitec-caixa-de-interruptores-de-rede-caixa-ats-para-lg-ess-home-8-10-todos-os-polos-10013677","status":"publish","type":"product","link":"https:\/\/greenlink.technology\/pt-pt\/produkt\/enwitec-caixa-de-interruptores-de-rede-caixa-ats-para-lg-ess-home-8-10-todos-os-polos-10013677\/","title":{"rendered":"enwitec Caixa de interruptores de rede \/ caixa ATS para LG ESS Home 8 \/ 10 &#8211; todos os p\u00f3los &#8211; 10013677"},"content":{"rendered":"<div class=\"system-stammdaten\">\n<h2><\/h2>\n<p>&nbsp;<\/p>\n<\/div>\n","protected":false},"excerpt":{"rendered":"<p>&nbsp;<\/p>\n","protected":false},"featured_media":12380,"comment_status":"closed","ping_status":"closed","template":"","meta":{"_acf_changed":false},"anwendung":[],"product_brand":[264],"product_cat":[354],"product_tag":[1207,371,369,1206,370],"class_list":{"0":"post-12379","1":"product","2":"type-product","3":"status-publish","4":"has-post-thumbnail","6":"product_brand-enwitec","7":"product_cat-caixas-de-interruptores-de-rede-na-rede","8":"product_tag-10013677-pt-pt","9":"product_tag-dispositivo-de-comutacao","10":"product_tag-dispositivos-de-comutacao-da-rede-electrica","11":"product_tag-lg-ess-casa-8-10","12":"product_tag-na-rede","13":"pa_laenderfreigabe-ch-pt-pt","14":"pa_laenderfreigabe-pt-pt-pt","15":"pa_max-durchgangsleistung-0-30-kw-pt-pt","16":"pa_nf-a-netzanschlusspunkt-tn-c-pt-pt","17":"pa_nf-a-netzanschlusspunkt-tn-s-pt-pt","18":"pa_nf-a-netzanschlusspunkt-tt-pt-pt","19":"pa_nf-i-d-verbraucheranlage-tn-s-pt-pt","20":"pa_nf-i-d-verbraucheranlage-tt-pt-pt","21":"pa_umschaltung-automatico-pt-pt","22":"pa_wechselrichter-lg-ees-home-pt-pt","24":"first","25":"instock","26":"shipping-taxable","27":"product-type-simple"},"acf":{"product_informations":"<strong>Caixa de interruptores de rede 3AC 230\/400V 50Hz<\/strong>\n- Fus\u00edvel de liga\u00e7\u00e3o m\u00e1x. 63A\n- Desconex\u00e3o de todos os p\u00f3los - Redes TN(C)-S\/TN-S\/TT\n- SEM rede TN-C no sistema do cliente!\n- Para sistemas fotovoltaicos SEM requisito FRT (Fault Ride Through) \n\n<strong>adequado para<\/strong>\nLG ESS Home 8 \/ 10\n\nDisponibilidade no pa\u00eds: Alemanha, Su\u00ed\u00e7a\n\nPara mais informa\u00e7\u00f5es t\u00e9cnicas, descarregue a documenta\u00e7\u00e3o.\n\n<strong>Nota<\/strong>\nC\u00f3digo de correspond\u00eancia: 3PH_LG_BBDAP_20KW_3PH","technical_data":"<div class=\"stammdaten-col\">\n<div class=\"line\">\n<div class=\"stammdaten-col\">\n<div class=\"line\">\n<p class=\"system-stammdaten-left\">N.\u00ba do artigo: 10013677\n<span style=\"font-size: inherit;\">Compat\u00edvel com: LG<\/span><span style=\"font-size: inherit;\">\n<\/span><span style=\"font-size: inherit;\">Fases: <\/span><span style=\"font-size: inherit;\">Trif\u00e1sico\n<\/span><span style=\"font-size: inherit;\">Desconex\u00e3o da rede el\u00e9ctrica: Todos os p\u00f3los<\/span><span style=\"font-size: inherit;\">\n<\/span><span style=\"font-size: inherit;\">Rendimento t\u00e9rmico m\u00e1ximo:   <\/span><span style=\"font-size: inherit;\">20-30 kW\n<\/span><span style=\"font-size: inherit;\">C\u00f3digo do pa\u00eds: Alemanha, Su\u00ed\u00e7a<\/span><span style=\"font-size: inherit;\">\n<\/span><span style=\"font-size: inherit;\">NA prote\u00e7\u00e3o: n\u00e3o<\/span><span style=\"font-size: inherit;\">\n<\/span><span style=\"font-size: inherit;\">Comutador de origem: n\u00e3o<\/span><span style=\"font-size: inherit;\">\n<\/span><span style=\"font-size: inherit;\">Tens\u00e3o nominal: <\/span><span style=\"font-size: inherit;\">230\/400V\n<\/span><span style=\"font-size: inherit;\">Frequ\u00eancia nominal: <\/span><span style=\"font-size: inherit;\">50\/60 Hz\n<\/span><span style=\"font-size: inherit;\">Corrente de curto-circuito: <\/span><span style=\"font-size: inherit;\">10 kA\n<\/span><span style=\"font-size: inherit;\">Fus\u00edvel de reserva: <\/span><span style=\"font-size: inherit;\">63 A\n<\/span><span style=\"font-size: inherit;\">Gama de temperaturas de funcionamento: -5\u00b0C a +40\u00b0C<\/span><span style=\"font-size: inherit;\">\n<\/span><span style=\"font-size: inherit;\">Humidade: 5% a 95%<\/span><span style=\"font-size: inherit;\">\n<\/span><span style=\"font-size: inherit;\">Classe de prote\u00e7\u00e3o: <\/span><span style=\"font-size: inherit;\">II\n<\/span><span style=\"font-size: inherit;\">Dimens\u00f5es VAR1 LxAxP: 340x622x161 mm\nDimens\u00f5es VAR2 LxAxP: 315x600x155 mm<\/span><span style=\"font-size: inherit;\">\n<\/span><span style=\"font-size: inherit;\">Peso: <\/span><span style=\"font-size: inherit;\">11 kg\n<\/span><span style=\"font-size: inherit;\">Caixa: Pol\u00edmero<\/span><span style=\"font-size: inherit;\">\n<\/span><\/p>\n\n<\/div>\n<\/div>\n<\/div>\n<\/div>","download":"<a href=\"https:\/\/greenlink.technology\/wp-content\/uploads\/2025\/04\/10013677_Datenblatt_3PH_LG_BBDAP_20KW_3PH_2024_05_29.pdf\" target=\"_blank\" rel=\"noopener\">Folha de dados PT<\/a>\n<a href=\"https:\/\/greenlink.technology\/wp-content\/uploads\/2025\/04\/Installationsanleitung_10016470_LG_Netzumschaltboxen_V1.0_DE.pdf\" target=\"_blank\" rel=\"noopener\">Instru\u00e7\u00f5es de instala\u00e7\u00e3o<\/a>","product_short_description":"<strong>Inversor:<\/strong> LG ESS Home 8 \/ 10\n<strong>Pa\u00eds de lan\u00e7amento:<\/strong> Alemanha, Su\u00ed\u00e7a\n<strong>d\u00e9bito t\u00e9rmico m\u00e1ximo : <\/strong> <span style=\"font-size: inherit;\">20-30 kW<\/span>\n<strong>Comuta\u00e7\u00e3o: <\/strong>autom\u00e1tica\n<strong>Tipo de rede no ponto de liga\u00e7\u00e3o \u00e0 rede: <\/strong>TN-S, TN-C, TT\n<strong>Forma da rede el\u00e9ctrica na unidade consumidora:<\/strong> TN-S, TT","photo_gallery":{"galerie_produkte":[[]]}},"yoast_head":"<!-- This site is optimized with the Yoast SEO plugin v27.3 - https:\/\/yoast.com\/product\/yoast-seo-wordpress\/ -->\n<title>enwitec Caixa de interruptores de rede \/ caixa ATS para LG ESS Home 8 \/ 10 - todos os p\u00f3los - 10013677 - greenLink orchestrating energy flows | enwitec electronic GmbH | LinQ Europe Sp. z o.o.<\/title>\n<meta name=\"robots\" content=\"index, follow, max-snippet:-1, max-image-preview:large, max-video-preview:-1\" \/>\n<link rel=\"canonical\" href=\"https:\/\/greenlink.technology\/pt-pt\/produkt\/enwitec-caixa-de-interruptores-de-rede-caixa-ats-para-lg-ess-home-8-10-todos-os-polos-10013677\/\" \/>\n<meta property=\"og:locale\" content=\"pt_PT\" \/>\n<meta property=\"og:type\" content=\"article\" \/>\n<meta property=\"og:title\" content=\"enwitec Caixa de interruptores de rede \/ caixa ATS para LG ESS Home 8 \/ 10 - todos os p\u00f3los - 10013677 - greenLink orchestrating energy flows | enwitec electronic GmbH | LinQ Europe Sp. z o.o.\" \/>\n<meta property=\"og:description\" content=\"&nbsp;\" \/>\n<meta property=\"og:url\" content=\"https:\/\/greenlink.technology\/pt-pt\/produkt\/enwitec-caixa-de-interruptores-de-rede-caixa-ats-para-lg-ess-home-8-10-todos-os-polos-10013677\/\" \/>\n<meta property=\"og:site_name\" content=\"greenLink orchestrating energy flows | enwitec electronic GmbH | LinQ Europe Sp. z o.o.\" \/>\n<meta property=\"og:image\" content=\"https:\/\/greenlink.technology\/wp-content\/uploads\/2025\/02\/10013677_front.png\" \/>\n\t<meta property=\"og:image:width\" content=\"500\" \/>\n\t<meta property=\"og:image:height\" content=\"500\" \/>\n\t<meta property=\"og:image:type\" content=\"image\/png\" \/>\n<meta name=\"twitter:card\" content=\"summary_large_image\" \/>\n<script type=\"application\/ld+json\" class=\"yoast-schema-graph\">{\"@context\":\"https:\\\/\\\/schema.org\",\"@graph\":[{\"@type\":\"WebPage\",\"@id\":\"https:\\\/\\\/greenlink.technology\\\/pt-pt\\\/produkt\\\/enwitec-caixa-de-interruptores-de-rede-caixa-ats-para-lg-ess-home-8-10-todos-os-polos-10013677\\\/\",\"url\":\"https:\\\/\\\/greenlink.technology\\\/pt-pt\\\/produkt\\\/enwitec-caixa-de-interruptores-de-rede-caixa-ats-para-lg-ess-home-8-10-todos-os-polos-10013677\\\/\",\"name\":\"enwitec Caixa de interruptores de rede \\\/ caixa ATS para LG ESS Home 8 \\\/ 10 - todos os p\u00f3los - 10013677 - greenLink orchestrating energy flows | enwitec electronic GmbH | LinQ Europe Sp. z o.o.\",\"isPartOf\":{\"@id\":\"https:\\\/\\\/enwitec.eu\\\/en\\\/#website\"},\"primaryImageOfPage\":{\"@id\":\"https:\\\/\\\/greenlink.technology\\\/pt-pt\\\/produkt\\\/enwitec-caixa-de-interruptores-de-rede-caixa-ats-para-lg-ess-home-8-10-todos-os-polos-10013677\\\/#primaryimage\"},\"image\":{\"@id\":\"https:\\\/\\\/greenlink.technology\\\/pt-pt\\\/produkt\\\/enwitec-caixa-de-interruptores-de-rede-caixa-ats-para-lg-ess-home-8-10-todos-os-polos-10013677\\\/#primaryimage\"},\"thumbnailUrl\":\"https:\\\/\\\/greenlink.technology\\\/wp-content\\\/uploads\\\/2025\\\/02\\\/10013677_front.png\",\"datePublished\":\"2024-03-07T06:57:13+00:00\",\"breadcrumb\":{\"@id\":\"https:\\\/\\\/greenlink.technology\\\/pt-pt\\\/produkt\\\/enwitec-caixa-de-interruptores-de-rede-caixa-ats-para-lg-ess-home-8-10-todos-os-polos-10013677\\\/#breadcrumb\"},\"inLanguage\":\"pt-PT\",\"potentialAction\":[{\"@type\":\"ReadAction\",\"target\":[\"https:\\\/\\\/greenlink.technology\\\/pt-pt\\\/produkt\\\/enwitec-caixa-de-interruptores-de-rede-caixa-ats-para-lg-ess-home-8-10-todos-os-polos-10013677\\\/\"]}]},{\"@type\":\"ImageObject\",\"inLanguage\":\"pt-PT\",\"@id\":\"https:\\\/\\\/greenlink.technology\\\/pt-pt\\\/produkt\\\/enwitec-caixa-de-interruptores-de-rede-caixa-ats-para-lg-ess-home-8-10-todos-os-polos-10013677\\\/#primaryimage\",\"url\":\"https:\\\/\\\/greenlink.technology\\\/wp-content\\\/uploads\\\/2025\\\/02\\\/10013677_front.png\",\"contentUrl\":\"https:\\\/\\\/greenlink.technology\\\/wp-content\\\/uploads\\\/2025\\\/02\\\/10013677_front.png\",\"width\":500,\"height\":500},{\"@type\":\"BreadcrumbList\",\"@id\":\"https:\\\/\\\/greenlink.technology\\\/pt-pt\\\/produkt\\\/enwitec-caixa-de-interruptores-de-rede-caixa-ats-para-lg-ess-home-8-10-todos-os-polos-10013677\\\/#breadcrumb\",\"itemListElement\":[{\"@type\":\"ListItem\",\"position\":1,\"name\":\"Startseite\",\"item\":\"https:\\\/\\\/enwitec.eu\\\/pt-pt\\\/\"},{\"@type\":\"ListItem\",\"position\":2,\"name\":\"Produtos\",\"item\":\"https:\\\/\\\/greenlink.technology\\\/pt-pt\\\/sobre-nos\\\/a-empresa\\\/enwitec\\\/produtos\\\/\"},{\"@type\":\"ListItem\",\"position\":3,\"name\":\"enwitec Caixa de interruptores de rede \\\/ caixa ATS para LG ESS Home 8 \\\/ 10 &#8211; todos os p\u00f3los &#8211; 10013677\"}]},{\"@type\":\"WebSite\",\"@id\":\"https:\\\/\\\/enwitec.eu\\\/en\\\/#website\",\"url\":\"https:\\\/\\\/enwitec.eu\\\/en\\\/\",\"name\":\"greenLink orchestrating energy flows | enwitec electronic GmbH | LinQ Europe Sp. z o.o.\",\"description\":\"\",\"publisher\":{\"@id\":\"https:\\\/\\\/enwitec.eu\\\/en\\\/#organization\"},\"potentialAction\":[{\"@type\":\"SearchAction\",\"target\":{\"@type\":\"EntryPoint\",\"urlTemplate\":\"https:\\\/\\\/enwitec.eu\\\/en\\\/?s={search_term_string}\"},\"query-input\":{\"@type\":\"PropertyValueSpecification\",\"valueRequired\":true,\"valueName\":\"search_term_string\"}}],\"inLanguage\":\"pt-PT\"},{\"@type\":\"Organization\",\"@id\":\"https:\\\/\\\/enwitec.eu\\\/en\\\/#organization\",\"name\":\"greenLink orquestra\u00e7\u00e3o de fluxos de energia | enwitec electronic GmbH | LinQ Europe Sp. z o.o.\",\"url\":\"https:\\\/\\\/enwitec.eu\\\/en\\\/\",\"logo\":{\"@type\":\"ImageObject\",\"inLanguage\":\"pt-PT\",\"@id\":\"https:\\\/\\\/enwitec.eu\\\/en\\\/#\\\/schema\\\/logo\\\/image\\\/\",\"url\":\"https:\\\/\\\/greenlink.technology\\\/wp-content\\\/uploads\\\/2025\\\/01\\\/greenlink-logo-final.png\",\"contentUrl\":\"https:\\\/\\\/greenlink.technology\\\/wp-content\\\/uploads\\\/2025\\\/01\\\/greenlink-logo-final.png\",\"width\":2586,\"height\":629,\"caption\":\"greenLink orquestra\u00e7\u00e3o de fluxos de energia | enwitec electronic GmbH | LinQ Europe Sp. z o.o. \"},\"image\":{\"@id\":\"https:\\\/\\\/enwitec.eu\\\/en\\\/#\\\/schema\\\/logo\\\/image\\\/\"}}]}<\/script>\n<!-- \/ Yoast SEO plugin. -->","yoast_head_json":{"title":"enwitec Caixa de interruptores de rede \/ caixa ATS para LG ESS Home 8 \/ 10 - todos os p\u00f3los - 10013677 - greenLink orchestrating energy flows | enwitec electronic GmbH | LinQ Europe Sp. z o.o.","robots":{"index":"index","follow":"follow","max-snippet":"max-snippet:-1","max-image-preview":"max-image-preview:large","max-video-preview":"max-video-preview:-1"},"canonical":"https:\/\/greenlink.technology\/pt-pt\/produkt\/enwitec-caixa-de-interruptores-de-rede-caixa-ats-para-lg-ess-home-8-10-todos-os-polos-10013677\/","og_locale":"pt_PT","og_type":"article","og_title":"enwitec Caixa de interruptores de rede \/ caixa ATS para LG ESS Home 8 \/ 10 - todos os p\u00f3los - 10013677 - greenLink orchestrating energy flows | enwitec electronic GmbH | LinQ Europe Sp. z o.o.","og_description":"&nbsp;","og_url":"https:\/\/greenlink.technology\/pt-pt\/produkt\/enwitec-caixa-de-interruptores-de-rede-caixa-ats-para-lg-ess-home-8-10-todos-os-polos-10013677\/","og_site_name":"greenLink orchestrating energy flows | enwitec electronic GmbH | LinQ Europe Sp. z o.o.","og_image":[{"width":500,"height":500,"url":"https:\/\/greenlink.technology\/wp-content\/uploads\/2025\/02\/10013677_front.png","type":"image\/png"}],"twitter_card":"summary_large_image","schema":{"@context":"https:\/\/schema.org","@graph":[{"@type":"WebPage","@id":"https:\/\/greenlink.technology\/pt-pt\/produkt\/enwitec-caixa-de-interruptores-de-rede-caixa-ats-para-lg-ess-home-8-10-todos-os-polos-10013677\/","url":"https:\/\/greenlink.technology\/pt-pt\/produkt\/enwitec-caixa-de-interruptores-de-rede-caixa-ats-para-lg-ess-home-8-10-todos-os-polos-10013677\/","name":"enwitec Caixa de interruptores de rede \/ caixa ATS para LG ESS Home 8 \/ 10 - todos os p\u00f3los - 10013677 - greenLink orchestrating energy flows | enwitec electronic GmbH | LinQ Europe Sp. z o.o.","isPartOf":{"@id":"https:\/\/enwitec.eu\/en\/#website"},"primaryImageOfPage":{"@id":"https:\/\/greenlink.technology\/pt-pt\/produkt\/enwitec-caixa-de-interruptores-de-rede-caixa-ats-para-lg-ess-home-8-10-todos-os-polos-10013677\/#primaryimage"},"image":{"@id":"https:\/\/greenlink.technology\/pt-pt\/produkt\/enwitec-caixa-de-interruptores-de-rede-caixa-ats-para-lg-ess-home-8-10-todos-os-polos-10013677\/#primaryimage"},"thumbnailUrl":"https:\/\/greenlink.technology\/wp-content\/uploads\/2025\/02\/10013677_front.png","datePublished":"2024-03-07T06:57:13+00:00","breadcrumb":{"@id":"https:\/\/greenlink.technology\/pt-pt\/produkt\/enwitec-caixa-de-interruptores-de-rede-caixa-ats-para-lg-ess-home-8-10-todos-os-polos-10013677\/#breadcrumb"},"inLanguage":"pt-PT","potentialAction":[{"@type":"ReadAction","target":["https:\/\/greenlink.technology\/pt-pt\/produkt\/enwitec-caixa-de-interruptores-de-rede-caixa-ats-para-lg-ess-home-8-10-todos-os-polos-10013677\/"]}]},{"@type":"ImageObject","inLanguage":"pt-PT","@id":"https:\/\/greenlink.technology\/pt-pt\/produkt\/enwitec-caixa-de-interruptores-de-rede-caixa-ats-para-lg-ess-home-8-10-todos-os-polos-10013677\/#primaryimage","url":"https:\/\/greenlink.technology\/wp-content\/uploads\/2025\/02\/10013677_front.png","contentUrl":"https:\/\/greenlink.technology\/wp-content\/uploads\/2025\/02\/10013677_front.png","width":500,"height":500},{"@type":"BreadcrumbList","@id":"https:\/\/greenlink.technology\/pt-pt\/produkt\/enwitec-caixa-de-interruptores-de-rede-caixa-ats-para-lg-ess-home-8-10-todos-os-polos-10013677\/#breadcrumb","itemListElement":[{"@type":"ListItem","position":1,"name":"Startseite","item":"https:\/\/enwitec.eu\/pt-pt\/"},{"@type":"ListItem","position":2,"name":"Produtos","item":"https:\/\/greenlink.technology\/pt-pt\/sobre-nos\/a-empresa\/enwitec\/produtos\/"},{"@type":"ListItem","position":3,"name":"enwitec Caixa de interruptores de rede \/ caixa ATS para LG ESS Home 8 \/ 10 &#8211; todos os p\u00f3los &#8211; 10013677"}]},{"@type":"WebSite","@id":"https:\/\/enwitec.eu\/en\/#website","url":"https:\/\/enwitec.eu\/en\/","name":"greenLink orchestrating energy flows | enwitec electronic GmbH | LinQ Europe Sp. z o.o.","description":"","publisher":{"@id":"https:\/\/enwitec.eu\/en\/#organization"},"potentialAction":[{"@type":"SearchAction","target":{"@type":"EntryPoint","urlTemplate":"https:\/\/enwitec.eu\/en\/?s={search_term_string}"},"query-input":{"@type":"PropertyValueSpecification","valueRequired":true,"valueName":"search_term_string"}}],"inLanguage":"pt-PT"},{"@type":"Organization","@id":"https:\/\/enwitec.eu\/en\/#organization","name":"greenLink orquestra\u00e7\u00e3o de fluxos de energia | enwitec electronic GmbH | LinQ Europe Sp. z o.o.","url":"https:\/\/enwitec.eu\/en\/","logo":{"@type":"ImageObject","inLanguage":"pt-PT","@id":"https:\/\/enwitec.eu\/en\/#\/schema\/logo\/image\/","url":"https:\/\/greenlink.technology\/wp-content\/uploads\/2025\/01\/greenlink-logo-final.png","contentUrl":"https:\/\/greenlink.technology\/wp-content\/uploads\/2025\/01\/greenlink-logo-final.png","width":2586,"height":629,"caption":"greenLink orquestra\u00e7\u00e3o de fluxos de energia | enwitec electronic GmbH | LinQ Europe Sp. z o.o. "},"image":{"@id":"https:\/\/enwitec.eu\/en\/#\/schema\/logo\/image\/"}}]}},"_links":{"self":[{"href":"https:\/\/greenlink.technology\/pt-pt\/wp-json\/wp\/v2\/product\/12379","targetHints":{"allow":["GET"]}}],"collection":[{"href":"https:\/\/greenlink.technology\/pt-pt\/wp-json\/wp\/v2\/product"}],"about":[{"href":"https:\/\/greenlink.technology\/pt-pt\/wp-json\/wp\/v2\/types\/product"}],"replies":[{"embeddable":true,"href":"https:\/\/greenlink.technology\/pt-pt\/wp-json\/wp\/v2\/comments?post=12379"}],"wp:featuredmedia":[{"embeddable":true,"href":"https:\/\/greenlink.technology\/pt-pt\/wp-json\/wp\/v2\/media\/12380"}],"wp:attachment":[{"href":"https:\/\/greenlink.technology\/pt-pt\/wp-json\/wp\/v2\/media?parent=12379"}],"wp:term":[{"taxonomy":"anwendung","embeddable":true,"href":"https:\/\/greenlink.technology\/pt-pt\/wp-json\/wp\/v2\/anwendung?post=12379"},{"taxonomy":"product_brand","embeddable":true,"href":"https:\/\/greenlink.technology\/pt-pt\/wp-json\/wp\/v2\/product_brand?post=12379"},{"taxonomy":"product_cat","embeddable":true,"href":"https:\/\/greenlink.technology\/pt-pt\/wp-json\/wp\/v2\/product_cat?post=12379"},{"taxonomy":"product_tag","embeddable":true,"href":"https:\/\/greenlink.technology\/pt-pt\/wp-json\/wp\/v2\/product_tag?post=12379"}],"curies":[{"name":"wp","href":"https:\/\/api.w.org\/{rel}","templated":true}]}}