{"id":11402,"date":"2024-03-04T15:54:13","date_gmt":"2024-03-04T14:54:13","guid":{"rendered":"https:\/\/greenlink.technology\/produkt\/enwitec-caixa-de-interruptores-de-rede-para-o-sistema-fronius-symo-gen24-plus-full-backup-todos-os-polos-para-sistemas-fotovoltaicos-maiores-10016114\/"},"modified":"2026-01-21T08:53:21","modified_gmt":"2026-01-21T07:53:21","slug":"enwitec-caixa-de-interruptores-de-rede-para-o-sistema-fronius-symo-gen24-plus-full-backup-todos-os-polos-para-sistemas-fotovoltaicos-maiores-10016114","status":"publish","type":"product","link":"https:\/\/greenlink.technology\/pt-pt\/produkt\/enwitec-caixa-de-interruptores-de-rede-para-o-sistema-fronius-symo-gen24-plus-full-backup-todos-os-polos-para-sistemas-fotovoltaicos-maiores-10016114\/","title":{"rendered":"enwitec Caixa de interruptores de rede para o sistema Fronius SYMO GEN24 Plus \u201cFull Backup\u201d &#8211; Todos os p\u00f3los &#8211; para sistemas fotovoltaicos maiores &#8211; 10016114"},"content":{"rendered":"","protected":false},"excerpt":{"rendered":"","protected":false},"featured_media":11403,"comment_status":"closed","ping_status":"closed","template":"","meta":{"_acf_changed":false},"anwendung":[],"product_brand":[264],"product_cat":[354],"product_tag":[1166,371,369,431,370],"class_list":{"0":"post-11402","1":"product","2":"type-product","3":"status-publish","4":"has-post-thumbnail","6":"product_brand-enwitec","7":"product_cat-caixas-de-interruptores-de-rede-na-rede","8":"product_tag-10016114-pt-pt","9":"product_tag-dispositivo-de-comutacao","10":"product_tag-dispositivos-de-comutacao-da-rede-electrica","11":"product_tag-fronius-symo-gen24-pt-pt","12":"product_tag-na-rede","13":"pa_laenderfreigabe-ch-pt-pt","14":"pa_laenderfreigabe-pt-pt-pt","15":"pa_max-durchgangsleistung-0-30-kw-pt-pt","16":"pa_nf-a-netzanschlusspunkt-tn-c-pt-pt","17":"pa_nf-a-netzanschlusspunkt-tn-s-pt-pt","18":"pa_nf-a-netzanschlusspunkt-tt-pt-pt","19":"pa_nf-i-d-verbraucheranlage-tn-s-pt-pt","20":"pa_nf-i-d-verbraucheranlage-tt-pt-pt","21":"pa_umschaltung-automatico-pt-pt","22":"pa_wechselrichter-fronius-gen24-plus-pt-pt","24":"first","25":"instock","26":"shipping-taxable","27":"product-type-simple"},"acf":{"product_informations":"<strong>Caixa de interruptores de rede 3AC 230\/400V 50Hz<\/strong>\n- Fus\u00edvel de liga\u00e7\u00e3o m\u00e1x. 63A\n- Desconex\u00e3o de todos os p\u00f3los - Redes TN(C)-S\/TN-S\/TT\n- SEM rede TN-C no sistema do cliente!\n- Para sistemas fotovoltaicos SEM requisito FRT (Fault Ride Through) \n\n<strong>adequado para<\/strong>\nFRONIUS - Symo GEN24 6.0 Plus\/8.0 Plus\/10.0 Plus\/12.0 SC Plus\n\nDisponibilidade no pa\u00eds: Alemanha, Su\u00ed\u00e7a\n\n- SEM Fronius SMART METER integrado!\n\n- Adequado para sistemas >fotovoltaicos de 30kW e\/ou fus\u00edveis >de conex\u00e3o dom\u00e9stica 63A\n- Integra\u00e7\u00e3o poss\u00edvel de medidor de gera\u00e7\u00e3o e\/ou prote\u00e7\u00e3o\nNA- Em princ\u00edpio, a caixa de comuta\u00e7\u00e3o de rede pode ser integrada em qualquer sistema fotovoltaico maior! Veja o diagrama de fia\u00e7\u00e3o com o ambiente de fia\u00e7\u00e3o \n\nPara mais informa\u00e7\u00f5es t\u00e9cnicas, descarregue a documenta\u00e7\u00e3o.\n\n<strong>Nota<\/strong>\nC\u00f3digo de correspond\u00eancia: 3PH_FRO_BBDAP_20KW_3PH_SPL","technical_data":"<div class=\"stammdaten-col\">\n<div class=\"line\">\n<div class=\"stammdaten-col\">\n<div class=\"line\">\n<p class=\"system-stammdaten-left\">Artigo no.: 10016114\n<span style=\"font-size: inherit;\">Compat\u00edvel com: <\/span><span style=\"font-size: inherit;\">Fronius\n<\/span><span style=\"font-size: inherit;\">Fases: <\/span><span style=\"font-size: inherit;\">3 fases\n<\/span><span style=\"font-size: inherit;\">Separa\u00e7\u00e3o de pot\u00eancia: <\/span><span style=\"font-size: inherit;\">All-pole<\/span><span style=\"font-size: inherit;\">\n<\/span><span style=\"font-size: inherit;\">Rendimento t\u00e9rmico m\u00e1ximo:  <\/span><span style=\"font-size: inherit;\">20 kW\n<\/span><span style=\"font-size: inherit;\">(n\u00e3o \u00e9 necess\u00e1rio um rendimento mais elevado devido ao conceito)\n<\/span><span style=\"font-size: inherit;\">C\u00f3digo do pa\u00eds: Alemanha,<\/span><span style=\"font-size: inherit;\"> Su\u00ed\u00e7a\n<\/span><span style=\"font-size: inherit;\">Prote\u00e7\u00e3o NA: <\/span><span style=\"font-size: inherit;\">n\u00e3o\n<\/span><span style=\"font-size: inherit;\">Comutador de origem: <\/span><span style=\"font-size: inherit;\">n\u00e3o\n<\/span><span style=\"font-size: inherit;\">Tens\u00e3o nominal: <\/span><span style=\"font-size: inherit;\">230\/400V\n<\/span><span style=\"font-size: inherit;\">Frequ\u00eancia nominal: <\/span><span style=\"font-size: inherit;\">50\/60 Hz\n<\/span><span style=\"font-size: inherit;\">Corrente de curto-circuito: <\/span><span style=\"font-size: inherit;\">10 kA\n<\/span><span style=\"font-size: inherit;\">Pr\u00e9-fus\u00edvel m\u00e1ximo para caixa de troca:  <\/span><span style=\"font-size: inherit;\">63.\u00ba-A\n<\/span><span style=\"font-size: inherit;\">Gama de temperaturas de funcionamento: -5\u00b0C a +40\u00b0C<\/span><span style=\"font-size: inherit;\">\n<\/span><span style=\"font-size: inherit;\">Humidade: 5% a 95%<\/span><span style=\"font-size: inherit;\">\n<\/span><span style=\"font-size: inherit;\">Classe de prote\u00e7\u00e3o: II<\/span><span style=\"font-size: inherit;\">\n<\/span><span style=\"font-size: inherit;\">Dimens\u00f5es LxAxP: 448 x 610 x 161 mm<\/span><span style=\"font-size: inherit;\">\n<\/span><span style=\"font-size: inherit;\">Peso: <\/span><span style=\"font-size: inherit;\">9 kg\n<\/span><span style=\"font-size: inherit;\">Habita\u00e7\u00e3o: Policarbonato<\/span><\/p>\n\n<\/div>\n<\/div>\n<\/div>\n<\/div>","download":"<a href=\"https:\/\/greenlink.technology\/wp-content\/uploads\/2025\/11\/10016114-DE_DAT_3PH_FRO_BBDAP_20KW_3PH_SPL-a.pdf\" target=\"_blank\" rel=\"noopener\">Datenblatt DE<\/a>\n<a href=\"https:\/\/greenlink.technology\/wp-content\/uploads\/2025\/04\/2024_05_07_Auswahlhilfe-Fronius-Netzumschaltboxen_AUT-2.pdf\" target=\"_blank\" rel=\"noopener\">Auswahlhilfen AT<\/a>\n<a href=\"https:\/\/greenlink.technology\/wp-content\/uploads\/2025\/04\/2023_07_25_Auswahlhilfe-Fronius-Netzumschaltboxen_DE-3.pdf\" target=\"_blank\" rel=\"noopener\">Auswahlhilfe DE<\/a>\n<a href=\"https:\/\/greenlink.technology\/wp-content\/uploads\/2025\/04\/2023_07_25_Auswahlhilfe-Fronius-Netzumschaltboxen_CH-3.pdf\" target=\"_blank\" rel=\"noopener\">Auswahlhilfe CH<\/a>\n<a href=\"https:\/\/greenlink.technology\/wp-content\/uploads\/2025\/11\/10019896_DE_EN_HB_Inst.-Anleitung-Fronius-IP-a.pdf\" target=\"_blank\" rel=\"noopener\">Installationsanleitung<\/a>","product_short_description":"Inversor: Fronius GEN24 Plus\nAprova\u00e7\u00e3o do pa\u00eds: Alemanha, Su\u00ed\u00e7a\nPot\u00eancia m\u00e1xima de transmiss\u00e3o t\u00e9rmica: 20 kW\nSwitchover: autom\u00e1tico\nForma de rede no ponto de liga\u00e7\u00e3o \u00e0 rede: TN-S, TT, TN-C\nForma de rede no sistema do consumidor: TN-S, TT ","photo_gallery":{"galerie_produkte":[[]]}},"yoast_head":"<!-- This site is optimized with the Yoast SEO plugin v27.3 - https:\/\/yoast.com\/product\/yoast-seo-wordpress\/ -->\n<title>enwitec Caixa de interruptores de rede para o sistema Fronius SYMO GEN24 Plus \u201cFull Backup\u201d - Todos os p\u00f3los - para sistemas fotovoltaicos maiores - 10016114 - greenLink orchestrating energy flows | enwitec electronic GmbH | LinQ Europe Sp. z o.o.<\/title>\n<meta name=\"robots\" content=\"index, follow, max-snippet:-1, max-image-preview:large, max-video-preview:-1\" \/>\n<link rel=\"canonical\" href=\"https:\/\/greenlink.technology\/pt-pt\/produkt\/enwitec-caixa-de-interruptores-de-rede-para-o-sistema-fronius-symo-gen24-plus-full-backup-todos-os-polos-para-sistemas-fotovoltaicos-maiores-10016114\/\" \/>\n<meta property=\"og:locale\" content=\"pt_PT\" \/>\n<meta property=\"og:type\" content=\"article\" \/>\n<meta property=\"og:title\" content=\"enwitec Caixa de interruptores de rede para o sistema Fronius SYMO GEN24 Plus \u201cFull Backup\u201d - Todos os p\u00f3los - para sistemas fotovoltaicos maiores - 10016114 - greenLink orchestrating energy flows | enwitec electronic GmbH | LinQ Europe Sp. z o.o.\" \/>\n<meta property=\"og:url\" content=\"https:\/\/greenlink.technology\/pt-pt\/produkt\/enwitec-caixa-de-interruptores-de-rede-para-o-sistema-fronius-symo-gen24-plus-full-backup-todos-os-polos-para-sistemas-fotovoltaicos-maiores-10016114\/\" \/>\n<meta property=\"og:site_name\" content=\"greenLink orchestrating energy flows | enwitec electronic GmbH | LinQ Europe Sp. z o.o.\" \/>\n<meta property=\"article:modified_time\" content=\"2026-01-21T07:53:21+00:00\" \/>\n<meta property=\"og:image\" content=\"https:\/\/greenlink.technology\/wp-content\/uploads\/2025\/02\/10016114_front.png\" \/>\n\t<meta property=\"og:image:width\" content=\"500\" \/>\n\t<meta property=\"og:image:height\" content=\"500\" \/>\n\t<meta property=\"og:image:type\" content=\"image\/png\" \/>\n<meta name=\"twitter:card\" content=\"summary_large_image\" \/>\n<script type=\"application\/ld+json\" class=\"yoast-schema-graph\">{\"@context\":\"https:\\\/\\\/schema.org\",\"@graph\":[{\"@type\":\"WebPage\",\"@id\":\"https:\\\/\\\/greenlink.technology\\\/pt-pt\\\/produkt\\\/enwitec-caixa-de-interruptores-de-rede-para-o-sistema-fronius-symo-gen24-plus-full-backup-todos-os-polos-para-sistemas-fotovoltaicos-maiores-10016114\\\/\",\"url\":\"https:\\\/\\\/greenlink.technology\\\/pt-pt\\\/produkt\\\/enwitec-caixa-de-interruptores-de-rede-para-o-sistema-fronius-symo-gen24-plus-full-backup-todos-os-polos-para-sistemas-fotovoltaicos-maiores-10016114\\\/\",\"name\":\"enwitec Caixa de interruptores de rede para o sistema Fronius SYMO GEN24 Plus \u201cFull Backup\u201d - Todos os p\u00f3los - para sistemas fotovoltaicos maiores - 10016114 - greenLink orchestrating energy flows | enwitec electronic GmbH | LinQ Europe Sp. z o.o.\",\"isPartOf\":{\"@id\":\"https:\\\/\\\/enwitec.eu\\\/en\\\/#website\"},\"primaryImageOfPage\":{\"@id\":\"https:\\\/\\\/greenlink.technology\\\/pt-pt\\\/produkt\\\/enwitec-caixa-de-interruptores-de-rede-para-o-sistema-fronius-symo-gen24-plus-full-backup-todos-os-polos-para-sistemas-fotovoltaicos-maiores-10016114\\\/#primaryimage\"},\"image\":{\"@id\":\"https:\\\/\\\/greenlink.technology\\\/pt-pt\\\/produkt\\\/enwitec-caixa-de-interruptores-de-rede-para-o-sistema-fronius-symo-gen24-plus-full-backup-todos-os-polos-para-sistemas-fotovoltaicos-maiores-10016114\\\/#primaryimage\"},\"thumbnailUrl\":\"https:\\\/\\\/greenlink.technology\\\/wp-content\\\/uploads\\\/2025\\\/02\\\/10016114_front.png\",\"datePublished\":\"2024-03-04T14:54:13+00:00\",\"dateModified\":\"2026-01-21T07:53:21+00:00\",\"breadcrumb\":{\"@id\":\"https:\\\/\\\/greenlink.technology\\\/pt-pt\\\/produkt\\\/enwitec-caixa-de-interruptores-de-rede-para-o-sistema-fronius-symo-gen24-plus-full-backup-todos-os-polos-para-sistemas-fotovoltaicos-maiores-10016114\\\/#breadcrumb\"},\"inLanguage\":\"pt-PT\",\"potentialAction\":[{\"@type\":\"ReadAction\",\"target\":[\"https:\\\/\\\/greenlink.technology\\\/pt-pt\\\/produkt\\\/enwitec-caixa-de-interruptores-de-rede-para-o-sistema-fronius-symo-gen24-plus-full-backup-todos-os-polos-para-sistemas-fotovoltaicos-maiores-10016114\\\/\"]}]},{\"@type\":\"ImageObject\",\"inLanguage\":\"pt-PT\",\"@id\":\"https:\\\/\\\/greenlink.technology\\\/pt-pt\\\/produkt\\\/enwitec-caixa-de-interruptores-de-rede-para-o-sistema-fronius-symo-gen24-plus-full-backup-todos-os-polos-para-sistemas-fotovoltaicos-maiores-10016114\\\/#primaryimage\",\"url\":\"https:\\\/\\\/greenlink.technology\\\/wp-content\\\/uploads\\\/2025\\\/02\\\/10016114_front.png\",\"contentUrl\":\"https:\\\/\\\/greenlink.technology\\\/wp-content\\\/uploads\\\/2025\\\/02\\\/10016114_front.png\",\"width\":500,\"height\":500},{\"@type\":\"BreadcrumbList\",\"@id\":\"https:\\\/\\\/greenlink.technology\\\/pt-pt\\\/produkt\\\/enwitec-caixa-de-interruptores-de-rede-para-o-sistema-fronius-symo-gen24-plus-full-backup-todos-os-polos-para-sistemas-fotovoltaicos-maiores-10016114\\\/#breadcrumb\",\"itemListElement\":[{\"@type\":\"ListItem\",\"position\":1,\"name\":\"Startseite\",\"item\":\"https:\\\/\\\/enwitec.eu\\\/pt-pt\\\/\"},{\"@type\":\"ListItem\",\"position\":2,\"name\":\"Produtos\",\"item\":\"https:\\\/\\\/greenlink.technology\\\/pt-pt\\\/sobre-nos\\\/a-empresa\\\/enwitec\\\/produtos\\\/\"},{\"@type\":\"ListItem\",\"position\":3,\"name\":\"enwitec Caixa de interruptores de rede para o sistema Fronius SYMO GEN24 Plus \u201cFull Backup\u201d &#8211; Todos os p\u00f3los &#8211; para sistemas fotovoltaicos maiores &#8211; 10016114\"}]},{\"@type\":\"WebSite\",\"@id\":\"https:\\\/\\\/enwitec.eu\\\/en\\\/#website\",\"url\":\"https:\\\/\\\/enwitec.eu\\\/en\\\/\",\"name\":\"greenLink orchestrating energy flows | enwitec electronic GmbH | LinQ Europe Sp. z o.o.\",\"description\":\"\",\"publisher\":{\"@id\":\"https:\\\/\\\/enwitec.eu\\\/en\\\/#organization\"},\"potentialAction\":[{\"@type\":\"SearchAction\",\"target\":{\"@type\":\"EntryPoint\",\"urlTemplate\":\"https:\\\/\\\/enwitec.eu\\\/en\\\/?s={search_term_string}\"},\"query-input\":{\"@type\":\"PropertyValueSpecification\",\"valueRequired\":true,\"valueName\":\"search_term_string\"}}],\"inLanguage\":\"pt-PT\"},{\"@type\":\"Organization\",\"@id\":\"https:\\\/\\\/enwitec.eu\\\/en\\\/#organization\",\"name\":\"greenLink orquestra\u00e7\u00e3o de fluxos de energia | enwitec electronic GmbH | LinQ Europe Sp. z o.o.\",\"url\":\"https:\\\/\\\/enwitec.eu\\\/en\\\/\",\"logo\":{\"@type\":\"ImageObject\",\"inLanguage\":\"pt-PT\",\"@id\":\"https:\\\/\\\/enwitec.eu\\\/en\\\/#\\\/schema\\\/logo\\\/image\\\/\",\"url\":\"https:\\\/\\\/greenlink.technology\\\/wp-content\\\/uploads\\\/2025\\\/01\\\/greenlink-logo-final.png\",\"contentUrl\":\"https:\\\/\\\/greenlink.technology\\\/wp-content\\\/uploads\\\/2025\\\/01\\\/greenlink-logo-final.png\",\"width\":2586,\"height\":629,\"caption\":\"greenLink orquestra\u00e7\u00e3o de fluxos de energia | enwitec electronic GmbH | LinQ Europe Sp. z o.o. \"},\"image\":{\"@id\":\"https:\\\/\\\/enwitec.eu\\\/en\\\/#\\\/schema\\\/logo\\\/image\\\/\"}}]}<\/script>\n<!-- \/ Yoast SEO plugin. -->","yoast_head_json":{"title":"enwitec Caixa de interruptores de rede para o sistema Fronius SYMO GEN24 Plus \u201cFull Backup\u201d - Todos os p\u00f3los - para sistemas fotovoltaicos maiores - 10016114 - greenLink orchestrating energy flows | enwitec electronic GmbH | LinQ Europe Sp. z o.o.","robots":{"index":"index","follow":"follow","max-snippet":"max-snippet:-1","max-image-preview":"max-image-preview:large","max-video-preview":"max-video-preview:-1"},"canonical":"https:\/\/greenlink.technology\/pt-pt\/produkt\/enwitec-caixa-de-interruptores-de-rede-para-o-sistema-fronius-symo-gen24-plus-full-backup-todos-os-polos-para-sistemas-fotovoltaicos-maiores-10016114\/","og_locale":"pt_PT","og_type":"article","og_title":"enwitec Caixa de interruptores de rede para o sistema Fronius SYMO GEN24 Plus \u201cFull Backup\u201d - Todos os p\u00f3los - para sistemas fotovoltaicos maiores - 10016114 - greenLink orchestrating energy flows | enwitec electronic GmbH | LinQ Europe Sp. z o.o.","og_url":"https:\/\/greenlink.technology\/pt-pt\/produkt\/enwitec-caixa-de-interruptores-de-rede-para-o-sistema-fronius-symo-gen24-plus-full-backup-todos-os-polos-para-sistemas-fotovoltaicos-maiores-10016114\/","og_site_name":"greenLink orchestrating energy flows | enwitec electronic GmbH | LinQ Europe Sp. z o.o.","article_modified_time":"2026-01-21T07:53:21+00:00","og_image":[{"width":500,"height":500,"url":"https:\/\/greenlink.technology\/wp-content\/uploads\/2025\/02\/10016114_front.png","type":"image\/png"}],"twitter_card":"summary_large_image","schema":{"@context":"https:\/\/schema.org","@graph":[{"@type":"WebPage","@id":"https:\/\/greenlink.technology\/pt-pt\/produkt\/enwitec-caixa-de-interruptores-de-rede-para-o-sistema-fronius-symo-gen24-plus-full-backup-todos-os-polos-para-sistemas-fotovoltaicos-maiores-10016114\/","url":"https:\/\/greenlink.technology\/pt-pt\/produkt\/enwitec-caixa-de-interruptores-de-rede-para-o-sistema-fronius-symo-gen24-plus-full-backup-todos-os-polos-para-sistemas-fotovoltaicos-maiores-10016114\/","name":"enwitec Caixa de interruptores de rede para o sistema Fronius SYMO GEN24 Plus \u201cFull Backup\u201d - Todos os p\u00f3los - para sistemas fotovoltaicos maiores - 10016114 - greenLink orchestrating energy flows | enwitec electronic GmbH | LinQ Europe Sp. z o.o.","isPartOf":{"@id":"https:\/\/enwitec.eu\/en\/#website"},"primaryImageOfPage":{"@id":"https:\/\/greenlink.technology\/pt-pt\/produkt\/enwitec-caixa-de-interruptores-de-rede-para-o-sistema-fronius-symo-gen24-plus-full-backup-todos-os-polos-para-sistemas-fotovoltaicos-maiores-10016114\/#primaryimage"},"image":{"@id":"https:\/\/greenlink.technology\/pt-pt\/produkt\/enwitec-caixa-de-interruptores-de-rede-para-o-sistema-fronius-symo-gen24-plus-full-backup-todos-os-polos-para-sistemas-fotovoltaicos-maiores-10016114\/#primaryimage"},"thumbnailUrl":"https:\/\/greenlink.technology\/wp-content\/uploads\/2025\/02\/10016114_front.png","datePublished":"2024-03-04T14:54:13+00:00","dateModified":"2026-01-21T07:53:21+00:00","breadcrumb":{"@id":"https:\/\/greenlink.technology\/pt-pt\/produkt\/enwitec-caixa-de-interruptores-de-rede-para-o-sistema-fronius-symo-gen24-plus-full-backup-todos-os-polos-para-sistemas-fotovoltaicos-maiores-10016114\/#breadcrumb"},"inLanguage":"pt-PT","potentialAction":[{"@type":"ReadAction","target":["https:\/\/greenlink.technology\/pt-pt\/produkt\/enwitec-caixa-de-interruptores-de-rede-para-o-sistema-fronius-symo-gen24-plus-full-backup-todos-os-polos-para-sistemas-fotovoltaicos-maiores-10016114\/"]}]},{"@type":"ImageObject","inLanguage":"pt-PT","@id":"https:\/\/greenlink.technology\/pt-pt\/produkt\/enwitec-caixa-de-interruptores-de-rede-para-o-sistema-fronius-symo-gen24-plus-full-backup-todos-os-polos-para-sistemas-fotovoltaicos-maiores-10016114\/#primaryimage","url":"https:\/\/greenlink.technology\/wp-content\/uploads\/2025\/02\/10016114_front.png","contentUrl":"https:\/\/greenlink.technology\/wp-content\/uploads\/2025\/02\/10016114_front.png","width":500,"height":500},{"@type":"BreadcrumbList","@id":"https:\/\/greenlink.technology\/pt-pt\/produkt\/enwitec-caixa-de-interruptores-de-rede-para-o-sistema-fronius-symo-gen24-plus-full-backup-todos-os-polos-para-sistemas-fotovoltaicos-maiores-10016114\/#breadcrumb","itemListElement":[{"@type":"ListItem","position":1,"name":"Startseite","item":"https:\/\/enwitec.eu\/pt-pt\/"},{"@type":"ListItem","position":2,"name":"Produtos","item":"https:\/\/greenlink.technology\/pt-pt\/sobre-nos\/a-empresa\/enwitec\/produtos\/"},{"@type":"ListItem","position":3,"name":"enwitec Caixa de interruptores de rede para o sistema Fronius SYMO GEN24 Plus \u201cFull Backup\u201d &#8211; Todos os p\u00f3los &#8211; para sistemas fotovoltaicos maiores &#8211; 10016114"}]},{"@type":"WebSite","@id":"https:\/\/enwitec.eu\/en\/#website","url":"https:\/\/enwitec.eu\/en\/","name":"greenLink orchestrating energy flows | enwitec electronic GmbH | LinQ Europe Sp. z o.o.","description":"","publisher":{"@id":"https:\/\/enwitec.eu\/en\/#organization"},"potentialAction":[{"@type":"SearchAction","target":{"@type":"EntryPoint","urlTemplate":"https:\/\/enwitec.eu\/en\/?s={search_term_string}"},"query-input":{"@type":"PropertyValueSpecification","valueRequired":true,"valueName":"search_term_string"}}],"inLanguage":"pt-PT"},{"@type":"Organization","@id":"https:\/\/enwitec.eu\/en\/#organization","name":"greenLink orquestra\u00e7\u00e3o de fluxos de energia | enwitec electronic GmbH | LinQ Europe Sp. z o.o.","url":"https:\/\/enwitec.eu\/en\/","logo":{"@type":"ImageObject","inLanguage":"pt-PT","@id":"https:\/\/enwitec.eu\/en\/#\/schema\/logo\/image\/","url":"https:\/\/greenlink.technology\/wp-content\/uploads\/2025\/01\/greenlink-logo-final.png","contentUrl":"https:\/\/greenlink.technology\/wp-content\/uploads\/2025\/01\/greenlink-logo-final.png","width":2586,"height":629,"caption":"greenLink orquestra\u00e7\u00e3o de fluxos de energia | enwitec electronic GmbH | LinQ Europe Sp. z o.o. "},"image":{"@id":"https:\/\/enwitec.eu\/en\/#\/schema\/logo\/image\/"}}]}},"_links":{"self":[{"href":"https:\/\/greenlink.technology\/pt-pt\/wp-json\/wp\/v2\/product\/11402","targetHints":{"allow":["GET"]}}],"collection":[{"href":"https:\/\/greenlink.technology\/pt-pt\/wp-json\/wp\/v2\/product"}],"about":[{"href":"https:\/\/greenlink.technology\/pt-pt\/wp-json\/wp\/v2\/types\/product"}],"replies":[{"embeddable":true,"href":"https:\/\/greenlink.technology\/pt-pt\/wp-json\/wp\/v2\/comments?post=11402"}],"wp:featuredmedia":[{"embeddable":true,"href":"https:\/\/greenlink.technology\/pt-pt\/wp-json\/wp\/v2\/media\/11403"}],"wp:attachment":[{"href":"https:\/\/greenlink.technology\/pt-pt\/wp-json\/wp\/v2\/media?parent=11402"}],"wp:term":[{"taxonomy":"anwendung","embeddable":true,"href":"https:\/\/greenlink.technology\/pt-pt\/wp-json\/wp\/v2\/anwendung?post=11402"},{"taxonomy":"product_brand","embeddable":true,"href":"https:\/\/greenlink.technology\/pt-pt\/wp-json\/wp\/v2\/product_brand?post=11402"},{"taxonomy":"product_cat","embeddable":true,"href":"https:\/\/greenlink.technology\/pt-pt\/wp-json\/wp\/v2\/product_cat?post=11402"},{"taxonomy":"product_tag","embeddable":true,"href":"https:\/\/greenlink.technology\/pt-pt\/wp-json\/wp\/v2\/product_tag?post=11402"}],"curies":[{"name":"wp","href":"https:\/\/api.w.org\/{rel}","templated":true}]}}