{"id":11343,"date":"2024-03-04T14:36:16","date_gmt":"2024-03-04T13:36:16","guid":{"rendered":"https:\/\/greenlink.technology\/produkt\/caixa-de-comutacao-de-energia-enwitec-para-o-sistema-fronius-symo-gen24-plus-full-backup-20kw-all-pole-na-qs-frt-10015612\/"},"modified":"2024-03-04T14:36:16","modified_gmt":"2024-03-04T13:36:16","slug":"caixa-de-comutacao-de-energia-enwitec-para-o-sistema-fronius-symo-gen24-plus-full-backup-20kw-all-pole-na-qs-frt-10015612","status":"publish","type":"product","link":"https:\/\/greenlink.technology\/pt-pt\/produkt\/caixa-de-comutacao-de-energia-enwitec-para-o-sistema-fronius-symo-gen24-plus-full-backup-20kw-all-pole-na-qs-frt-10015612\/","title":{"rendered":"Caixa de Comuta\u00e7\u00e3o de Energia enwitec para o Sistema Fronius SYMO GEN24 Plus &#8220;Full Backup&#8221; \u2013 20kW, all-pole, NA\/QS + FRT \u2013 10015612"},"content":{"rendered":"<div class=\"system-stammdaten\">\n<h2><\/h2>\n<p>&nbsp;<\/p>\n<\/div>\n","protected":false},"excerpt":{"rendered":"<p>&nbsp;<\/p>\n","protected":false},"featured_media":11344,"comment_status":"closed","ping_status":"closed","template":"","meta":{"_acf_changed":false},"anwendung":[],"product_brand":[264],"product_cat":[354],"product_tag":[1149,371,369,431,370],"class_list":{"0":"post-11343","1":"product","2":"type-product","3":"status-publish","4":"has-post-thumbnail","6":"product_brand-enwitec","7":"product_cat-caixas-de-interruptores-de-rede-na-rede","8":"product_tag-10015612-pt-pt","9":"product_tag-dispositivo-de-comutacao","10":"product_tag-dispositivos-de-comutacao-da-rede-electrica","11":"product_tag-fronius-symo-gen24-pt-pt","12":"product_tag-na-rede","13":"pa_laenderfreigabe-at-pt-pt","14":"pa_max-durchgangsleistung-0-30-kw-pt-pt","15":"pa_nf-a-netzanschlusspunkt-tn-c-pt-pt","16":"pa_nf-a-netzanschlusspunkt-tn-s-pt-pt","17":"pa_nf-a-netzanschlusspunkt-tt-pt-pt","18":"pa_nf-i-d-verbraucheranlage-tn-s-pt-pt","19":"pa_nf-i-d-verbraucheranlage-tt-pt-pt","20":"pa_umschaltung-automatico-pt-pt","21":"pa_wechselrichter-fronius-gen24-plus-pt-pt","23":"first","24":"instock","25":"shipping-taxable","26":"product-type-simple"},"acf":{"product_informations":"<strong>Caixa de comuta\u00e7\u00e3o de rede 3AC 230\/400V 50Hz<\/strong>\n\u2013 Fus\u00edvel de conex\u00e3o m\u00e1x. 63A\n \u2013 Isolamento de todos os polos -TN(C)-S\/TN-S\/TT redes \u2013 SEM REDE TN-C no sistema do\n cliente!\n\u2013 adequado para sistemas fotovoltaicos com requisito FRT (Fault Ride Through) \n\n<strong>Adequado para<\/strong>\nFRONIUS \u2013 Symo h\u00edbrido 3.0-3-S\/4.0-3-S\/5.0-3-S\nFRONIUS \u2013 Symo GEN24 6.0 Plus\/8.0 Plus\/ 10.0 Plus\n\nDisponibilidade por pa\u00eds: (\u00c1ustria: \u00c9 necess\u00e1ria aqui a coordena\u00e7\u00e3o com o operador de rede para determinar se \u00e9 permitida a separa\u00e7\u00e3o entre todos os polos e se a Tele \"ENS\" \u00e9 adicionalmente exigida)\n\n\u2013 incluindo Fronius SMART METER TS 65A-3\n \u2013 incluindo prote\u00e7\u00e3o NA (\"ENS\") tipo \"Tele NA003-M64\" e terminais de\n desconex\u00e3o de teste \u2013 incluindo comutador manual de fonte para circuitos de emerg\u00eancia   \n\nPara mais informa\u00e7\u00f5es t\u00e9cnicas, fa\u00e7a o download da documenta\u00e7\u00e3o.\n\n<strong>Observa\u00e7\u00e3o<\/strong>\nC\u00f3digo de correspond\u00eancia: 3PH_FRO_BBDAP_20KW_3PH_FRT_1.0_NA_Tele_QU","technical_data":"<div class=\"stammdaten-col\">\n<div class=\"line\">\n<div class=\"stammdaten-col\">\n<div class=\"line\">\n<p class=\"system-stammdaten-left\">Artigo no.: 10015612\n<span style=\"font-size: inherit;\">Compat\u00edvel com: <\/span><span style=\"font-size: inherit;\">Fronius\n<\/span><span style=\"font-size: inherit;\">Fases: <\/span><span style=\"font-size: inherit;\">3 Phase Power\n<\/span><span style=\"font-size: inherit;\">Separation: <\/span><span style=\"font-size: inherit;\">All-Pole<\/span><span style=\"font-size: inherit;\">\n<\/span><span style=\"font-size: inherit;\">Transmit\u00e2ncia t\u00e9rmica m\u00e1xima:   <\/span><span style=\"font-size: inherit;\">20 kW\n<\/span><span style=\"font-size: inherit;\">C\u00f3digo do pa\u00eds: <\/span><span style=\"font-size: inherit;\">\u00c1ustria\n<\/span> <span style=\"font-size: inherit;\">Prote\u00e7\u00e3o NA: <\/span><span style=\"font-size: inherit;\">sim\n<\/span> <span style=\"font-size: inherit;\">Interruptor de fonte: <\/span><span style=\"font-size: inherit;\">sim\n<\/span> <span style=\"font-size: inherit;\">Tens\u00e3o nominal: <\/span><span style=\"font-size: inherit;\">230\/400V\n<\/span> <span style=\"font-size: inherit;\">Frequ\u00eancia nominal: <\/span><span style=\"font-size: inherit;\">50\/60 Hz\n<\/span><span style=\"font-size: inherit;\">Corrente de curto-circuito: <\/span><span style=\"font-size: inherit;\">10 kA\n<\/span> <span style=\"font-size: inherit;\">Fus\u00edvel: <\/span><span style=\"font-size: inherit;\">63 A\n<\/span><span style=\"font-size: inherit;\">Gama de temperaturas de funcionamento: -5\u00b0C a +40\u00b0C<\/span><span style=\"font-size: inherit;\">\n<\/span><span style=\"font-size: inherit;\">Humidade: 5% a 95%<\/span><span style=\"font-size: inherit;\">\n<\/span><span style=\"font-size: inherit;\">Classe de prote\u00e7\u00e3o: II<\/span><span style=\"font-size: inherit;\">\n<\/span><span style=\"font-size: inherit;\">Dimens\u00f5es LxAxP: 448 x 822 x 161 mm<\/span><span style=\"font-size: inherit;\">\n<\/span><span style=\"font-size: inherit;\">Peso: <\/span><span style=\"font-size: inherit;\">13.5 kg\n<\/span><span style=\"font-size: inherit;\">Habita\u00e7\u00e3o: Policarbonato<\/span><span style=\"font-size: inherit;\">\n<\/span><\/p>\n\n<\/div>\n<\/div>\n<\/div>\n<\/div>","download":"<a href=\"https:\/\/greenlink.technology\/wp-content\/uploads\/2025\/04\/10015612_Datenblatt_doc10017775_23_07_10.pdf\" target=\"_blank\" rel=\"noopener\">Ficha t\u00e9cnica EN<\/a>\n<a href=\"https:\/\/greenlink.technology\/wp-content\/uploads\/2025\/04\/10015612_DataSheet_23_07_10.pdf\" target=\"_blank\" rel=\"noopener\">Ficha t\u00e9cnica EN<\/a>\n<a href=\"https:\/\/greenlink.technology\/wp-content\/uploads\/2025\/04\/2024_05_07_Auswahlhilfe-Fronius-Netzumschaltboxen_AUT-2.pdf\" target=\"_blank\" rel=\"noopener\">Guias de Sele\u00e7\u00e3o AT<\/a>\n<a href=\"https:\/\/greenlink.technology\/wp-content\/uploads\/2025\/04\/2023_07_25_Auswahlhilfe-Fronius-Netzumschaltboxen_DE-3.pdf\" target=\"_blank\" rel=\"noopener\">Guia de Sele\u00e7\u00e3o PT<\/a>\n<a href=\"https:\/\/greenlink.technology\/wp-content\/uploads\/2025\/04\/2023_07_25_Auswahlhilfe-Fronius-Netzumschaltboxen_CH-3.pdf\" target=\"_blank\" rel=\"noopener\">Guia de Sele\u00e7\u00e3o CH<\/a>\n<a href=\"https:\/\/greenlink.technology\/wp-content\/uploads\/2025\/04\/Allg_Installationsanleitung_10017760_Fronius-Netzumschaltboxen-DACH_V1.0_DE_2024_10_16.pdf\" target=\"_blank\" rel=\"noopener\">Instala\u00e7\u00e3o<\/a>","product_short_description":"<strong>Inversor:<\/strong> Fronius GEN24 Mais\n<strong>Lan\u00e7amento no pa\u00eds:<\/strong> \u00c1ustria\n<strong>Transmit\u00e2ncia t\u00e9rmica m\u00e1xima: <\/strong> <span style=\"font-size: inherit;\">20-30 kW<\/span>\n<strong>Comuta\u00e7\u00e3o: <\/strong>autom\u00e1tica\n<strong>Forma da grelha no ponto de liga\u00e7\u00e3o \u00e0 rede: <\/strong>TN-S, TT, TN-C\n<strong>Forma de grelha no sistema do consumidor: <\/strong>TN-S, TT\n<div class=\"actions-wrapper\"><\/div>","photo_gallery":{"galerie_produkte":[[]]}},"yoast_head":"<!-- This site is optimized with the Yoast SEO plugin v27.3 - https:\/\/yoast.com\/product\/yoast-seo-wordpress\/ -->\n<title>Caixa de Comuta\u00e7\u00e3o de Energia enwitec para o Sistema Fronius SYMO GEN24 Plus &quot;Full Backup&quot; \u2013 20kW, all-pole, NA\/QS + FRT \u2013 10015612 - greenLink orchestrating energy flows | enwitec electronic GmbH | LinQ Europe Sp. z o.o.<\/title>\n<meta name=\"robots\" content=\"index, follow, max-snippet:-1, max-image-preview:large, max-video-preview:-1\" \/>\n<link rel=\"canonical\" href=\"https:\/\/greenlink.technology\/pt-pt\/produkt\/caixa-de-comutacao-de-energia-enwitec-para-o-sistema-fronius-symo-gen24-plus-full-backup-20kw-all-pole-na-qs-frt-10015612\/\" \/>\n<meta property=\"og:locale\" content=\"pt_PT\" \/>\n<meta property=\"og:type\" content=\"article\" \/>\n<meta property=\"og:title\" content=\"Caixa de Comuta\u00e7\u00e3o de Energia enwitec para o Sistema Fronius SYMO GEN24 Plus &quot;Full Backup&quot; \u2013 20kW, all-pole, NA\/QS + FRT \u2013 10015612 - greenLink orchestrating energy flows | enwitec electronic GmbH | LinQ Europe Sp. z o.o.\" \/>\n<meta property=\"og:description\" content=\"&nbsp;\" \/>\n<meta property=\"og:url\" content=\"https:\/\/greenlink.technology\/pt-pt\/produkt\/caixa-de-comutacao-de-energia-enwitec-para-o-sistema-fronius-symo-gen24-plus-full-backup-20kw-all-pole-na-qs-frt-10015612\/\" \/>\n<meta property=\"og:site_name\" content=\"greenLink orchestrating energy flows | enwitec electronic GmbH | LinQ Europe Sp. z o.o.\" \/>\n<meta property=\"og:image\" content=\"https:\/\/greenlink.technology\/wp-content\/uploads\/2025\/02\/10015612_front.png\" \/>\n\t<meta property=\"og:image:width\" content=\"500\" \/>\n\t<meta property=\"og:image:height\" content=\"500\" \/>\n\t<meta property=\"og:image:type\" content=\"image\/png\" \/>\n<meta name=\"twitter:card\" content=\"summary_large_image\" \/>\n<script type=\"application\/ld+json\" class=\"yoast-schema-graph\">{\"@context\":\"https:\\\/\\\/schema.org\",\"@graph\":[{\"@type\":\"WebPage\",\"@id\":\"https:\\\/\\\/greenlink.technology\\\/pt-pt\\\/produkt\\\/caixa-de-comutacao-de-energia-enwitec-para-o-sistema-fronius-symo-gen24-plus-full-backup-20kw-all-pole-na-qs-frt-10015612\\\/\",\"url\":\"https:\\\/\\\/greenlink.technology\\\/pt-pt\\\/produkt\\\/caixa-de-comutacao-de-energia-enwitec-para-o-sistema-fronius-symo-gen24-plus-full-backup-20kw-all-pole-na-qs-frt-10015612\\\/\",\"name\":\"Caixa de Comuta\u00e7\u00e3o de Energia enwitec para o Sistema Fronius SYMO GEN24 Plus \\\"Full Backup\\\" \u2013 20kW, all-pole, NA\\\/QS + FRT \u2013 10015612 - greenLink orchestrating energy flows | enwitec electronic GmbH | LinQ Europe Sp. z o.o.\",\"isPartOf\":{\"@id\":\"https:\\\/\\\/enwitec.eu\\\/en\\\/#website\"},\"primaryImageOfPage\":{\"@id\":\"https:\\\/\\\/greenlink.technology\\\/pt-pt\\\/produkt\\\/caixa-de-comutacao-de-energia-enwitec-para-o-sistema-fronius-symo-gen24-plus-full-backup-20kw-all-pole-na-qs-frt-10015612\\\/#primaryimage\"},\"image\":{\"@id\":\"https:\\\/\\\/greenlink.technology\\\/pt-pt\\\/produkt\\\/caixa-de-comutacao-de-energia-enwitec-para-o-sistema-fronius-symo-gen24-plus-full-backup-20kw-all-pole-na-qs-frt-10015612\\\/#primaryimage\"},\"thumbnailUrl\":\"https:\\\/\\\/greenlink.technology\\\/wp-content\\\/uploads\\\/2025\\\/02\\\/10015612_front.png\",\"datePublished\":\"2024-03-04T13:36:16+00:00\",\"breadcrumb\":{\"@id\":\"https:\\\/\\\/greenlink.technology\\\/pt-pt\\\/produkt\\\/caixa-de-comutacao-de-energia-enwitec-para-o-sistema-fronius-symo-gen24-plus-full-backup-20kw-all-pole-na-qs-frt-10015612\\\/#breadcrumb\"},\"inLanguage\":\"pt-PT\",\"potentialAction\":[{\"@type\":\"ReadAction\",\"target\":[\"https:\\\/\\\/greenlink.technology\\\/pt-pt\\\/produkt\\\/caixa-de-comutacao-de-energia-enwitec-para-o-sistema-fronius-symo-gen24-plus-full-backup-20kw-all-pole-na-qs-frt-10015612\\\/\"]}]},{\"@type\":\"ImageObject\",\"inLanguage\":\"pt-PT\",\"@id\":\"https:\\\/\\\/greenlink.technology\\\/pt-pt\\\/produkt\\\/caixa-de-comutacao-de-energia-enwitec-para-o-sistema-fronius-symo-gen24-plus-full-backup-20kw-all-pole-na-qs-frt-10015612\\\/#primaryimage\",\"url\":\"https:\\\/\\\/greenlink.technology\\\/wp-content\\\/uploads\\\/2025\\\/02\\\/10015612_front.png\",\"contentUrl\":\"https:\\\/\\\/greenlink.technology\\\/wp-content\\\/uploads\\\/2025\\\/02\\\/10015612_front.png\",\"width\":500,\"height\":500},{\"@type\":\"BreadcrumbList\",\"@id\":\"https:\\\/\\\/greenlink.technology\\\/pt-pt\\\/produkt\\\/caixa-de-comutacao-de-energia-enwitec-para-o-sistema-fronius-symo-gen24-plus-full-backup-20kw-all-pole-na-qs-frt-10015612\\\/#breadcrumb\",\"itemListElement\":[{\"@type\":\"ListItem\",\"position\":1,\"name\":\"Startseite\",\"item\":\"https:\\\/\\\/enwitec.eu\\\/pt-pt\\\/\"},{\"@type\":\"ListItem\",\"position\":2,\"name\":\"Produtos\",\"item\":\"https:\\\/\\\/greenlink.technology\\\/pt-pt\\\/sobre-nos\\\/a-empresa\\\/enwitec\\\/produtos\\\/\"},{\"@type\":\"ListItem\",\"position\":3,\"name\":\"Caixa de Comuta\u00e7\u00e3o de Energia enwitec para o Sistema Fronius SYMO GEN24 Plus &#8220;Full Backup&#8221; \u2013 20kW, all-pole, NA\\\/QS + FRT \u2013 10015612\"}]},{\"@type\":\"WebSite\",\"@id\":\"https:\\\/\\\/enwitec.eu\\\/en\\\/#website\",\"url\":\"https:\\\/\\\/enwitec.eu\\\/en\\\/\",\"name\":\"greenLink orchestrating energy flows | enwitec electronic GmbH | LinQ Europe Sp. z o.o.\",\"description\":\"\",\"publisher\":{\"@id\":\"https:\\\/\\\/enwitec.eu\\\/en\\\/#organization\"},\"potentialAction\":[{\"@type\":\"SearchAction\",\"target\":{\"@type\":\"EntryPoint\",\"urlTemplate\":\"https:\\\/\\\/enwitec.eu\\\/en\\\/?s={search_term_string}\"},\"query-input\":{\"@type\":\"PropertyValueSpecification\",\"valueRequired\":true,\"valueName\":\"search_term_string\"}}],\"inLanguage\":\"pt-PT\"},{\"@type\":\"Organization\",\"@id\":\"https:\\\/\\\/enwitec.eu\\\/en\\\/#organization\",\"name\":\"greenLink orquestra\u00e7\u00e3o de fluxos de energia | enwitec electronic GmbH | LinQ Europe Sp. z o.o.\",\"url\":\"https:\\\/\\\/enwitec.eu\\\/en\\\/\",\"logo\":{\"@type\":\"ImageObject\",\"inLanguage\":\"pt-PT\",\"@id\":\"https:\\\/\\\/enwitec.eu\\\/en\\\/#\\\/schema\\\/logo\\\/image\\\/\",\"url\":\"https:\\\/\\\/greenlink.technology\\\/wp-content\\\/uploads\\\/2025\\\/01\\\/greenlink-logo-final.png\",\"contentUrl\":\"https:\\\/\\\/greenlink.technology\\\/wp-content\\\/uploads\\\/2025\\\/01\\\/greenlink-logo-final.png\",\"width\":2586,\"height\":629,\"caption\":\"greenLink orquestra\u00e7\u00e3o de fluxos de energia | enwitec electronic GmbH | LinQ Europe Sp. z o.o. \"},\"image\":{\"@id\":\"https:\\\/\\\/enwitec.eu\\\/en\\\/#\\\/schema\\\/logo\\\/image\\\/\"}}]}<\/script>\n<!-- \/ Yoast SEO plugin. -->","yoast_head_json":{"title":"Caixa de Comuta\u00e7\u00e3o de Energia enwitec para o Sistema Fronius SYMO GEN24 Plus \"Full Backup\" \u2013 20kW, all-pole, NA\/QS + FRT \u2013 10015612 - greenLink orchestrating energy flows | enwitec electronic GmbH | LinQ Europe Sp. z o.o.","robots":{"index":"index","follow":"follow","max-snippet":"max-snippet:-1","max-image-preview":"max-image-preview:large","max-video-preview":"max-video-preview:-1"},"canonical":"https:\/\/greenlink.technology\/pt-pt\/produkt\/caixa-de-comutacao-de-energia-enwitec-para-o-sistema-fronius-symo-gen24-plus-full-backup-20kw-all-pole-na-qs-frt-10015612\/","og_locale":"pt_PT","og_type":"article","og_title":"Caixa de Comuta\u00e7\u00e3o de Energia enwitec para o Sistema Fronius SYMO GEN24 Plus \"Full Backup\" \u2013 20kW, all-pole, NA\/QS + FRT \u2013 10015612 - greenLink orchestrating energy flows | enwitec electronic GmbH | LinQ Europe Sp. z o.o.","og_description":"&nbsp;","og_url":"https:\/\/greenlink.technology\/pt-pt\/produkt\/caixa-de-comutacao-de-energia-enwitec-para-o-sistema-fronius-symo-gen24-plus-full-backup-20kw-all-pole-na-qs-frt-10015612\/","og_site_name":"greenLink orchestrating energy flows | enwitec electronic GmbH | LinQ Europe Sp. z o.o.","og_image":[{"width":500,"height":500,"url":"https:\/\/greenlink.technology\/wp-content\/uploads\/2025\/02\/10015612_front.png","type":"image\/png"}],"twitter_card":"summary_large_image","schema":{"@context":"https:\/\/schema.org","@graph":[{"@type":"WebPage","@id":"https:\/\/greenlink.technology\/pt-pt\/produkt\/caixa-de-comutacao-de-energia-enwitec-para-o-sistema-fronius-symo-gen24-plus-full-backup-20kw-all-pole-na-qs-frt-10015612\/","url":"https:\/\/greenlink.technology\/pt-pt\/produkt\/caixa-de-comutacao-de-energia-enwitec-para-o-sistema-fronius-symo-gen24-plus-full-backup-20kw-all-pole-na-qs-frt-10015612\/","name":"Caixa de Comuta\u00e7\u00e3o de Energia enwitec para o Sistema Fronius SYMO GEN24 Plus \"Full Backup\" \u2013 20kW, all-pole, NA\/QS + FRT \u2013 10015612 - greenLink orchestrating energy flows | enwitec electronic GmbH | LinQ Europe Sp. z o.o.","isPartOf":{"@id":"https:\/\/enwitec.eu\/en\/#website"},"primaryImageOfPage":{"@id":"https:\/\/greenlink.technology\/pt-pt\/produkt\/caixa-de-comutacao-de-energia-enwitec-para-o-sistema-fronius-symo-gen24-plus-full-backup-20kw-all-pole-na-qs-frt-10015612\/#primaryimage"},"image":{"@id":"https:\/\/greenlink.technology\/pt-pt\/produkt\/caixa-de-comutacao-de-energia-enwitec-para-o-sistema-fronius-symo-gen24-plus-full-backup-20kw-all-pole-na-qs-frt-10015612\/#primaryimage"},"thumbnailUrl":"https:\/\/greenlink.technology\/wp-content\/uploads\/2025\/02\/10015612_front.png","datePublished":"2024-03-04T13:36:16+00:00","breadcrumb":{"@id":"https:\/\/greenlink.technology\/pt-pt\/produkt\/caixa-de-comutacao-de-energia-enwitec-para-o-sistema-fronius-symo-gen24-plus-full-backup-20kw-all-pole-na-qs-frt-10015612\/#breadcrumb"},"inLanguage":"pt-PT","potentialAction":[{"@type":"ReadAction","target":["https:\/\/greenlink.technology\/pt-pt\/produkt\/caixa-de-comutacao-de-energia-enwitec-para-o-sistema-fronius-symo-gen24-plus-full-backup-20kw-all-pole-na-qs-frt-10015612\/"]}]},{"@type":"ImageObject","inLanguage":"pt-PT","@id":"https:\/\/greenlink.technology\/pt-pt\/produkt\/caixa-de-comutacao-de-energia-enwitec-para-o-sistema-fronius-symo-gen24-plus-full-backup-20kw-all-pole-na-qs-frt-10015612\/#primaryimage","url":"https:\/\/greenlink.technology\/wp-content\/uploads\/2025\/02\/10015612_front.png","contentUrl":"https:\/\/greenlink.technology\/wp-content\/uploads\/2025\/02\/10015612_front.png","width":500,"height":500},{"@type":"BreadcrumbList","@id":"https:\/\/greenlink.technology\/pt-pt\/produkt\/caixa-de-comutacao-de-energia-enwitec-para-o-sistema-fronius-symo-gen24-plus-full-backup-20kw-all-pole-na-qs-frt-10015612\/#breadcrumb","itemListElement":[{"@type":"ListItem","position":1,"name":"Startseite","item":"https:\/\/enwitec.eu\/pt-pt\/"},{"@type":"ListItem","position":2,"name":"Produtos","item":"https:\/\/greenlink.technology\/pt-pt\/sobre-nos\/a-empresa\/enwitec\/produtos\/"},{"@type":"ListItem","position":3,"name":"Caixa de Comuta\u00e7\u00e3o de Energia enwitec para o Sistema Fronius SYMO GEN24 Plus &#8220;Full Backup&#8221; \u2013 20kW, all-pole, NA\/QS + FRT \u2013 10015612"}]},{"@type":"WebSite","@id":"https:\/\/enwitec.eu\/en\/#website","url":"https:\/\/enwitec.eu\/en\/","name":"greenLink orchestrating energy flows | enwitec electronic GmbH | LinQ Europe Sp. z o.o.","description":"","publisher":{"@id":"https:\/\/enwitec.eu\/en\/#organization"},"potentialAction":[{"@type":"SearchAction","target":{"@type":"EntryPoint","urlTemplate":"https:\/\/enwitec.eu\/en\/?s={search_term_string}"},"query-input":{"@type":"PropertyValueSpecification","valueRequired":true,"valueName":"search_term_string"}}],"inLanguage":"pt-PT"},{"@type":"Organization","@id":"https:\/\/enwitec.eu\/en\/#organization","name":"greenLink orquestra\u00e7\u00e3o de fluxos de energia | enwitec electronic GmbH | LinQ Europe Sp. z o.o.","url":"https:\/\/enwitec.eu\/en\/","logo":{"@type":"ImageObject","inLanguage":"pt-PT","@id":"https:\/\/enwitec.eu\/en\/#\/schema\/logo\/image\/","url":"https:\/\/greenlink.technology\/wp-content\/uploads\/2025\/01\/greenlink-logo-final.png","contentUrl":"https:\/\/greenlink.technology\/wp-content\/uploads\/2025\/01\/greenlink-logo-final.png","width":2586,"height":629,"caption":"greenLink orquestra\u00e7\u00e3o de fluxos de energia | enwitec electronic GmbH | LinQ Europe Sp. z o.o. "},"image":{"@id":"https:\/\/enwitec.eu\/en\/#\/schema\/logo\/image\/"}}]}},"_links":{"self":[{"href":"https:\/\/greenlink.technology\/pt-pt\/wp-json\/wp\/v2\/product\/11343","targetHints":{"allow":["GET"]}}],"collection":[{"href":"https:\/\/greenlink.technology\/pt-pt\/wp-json\/wp\/v2\/product"}],"about":[{"href":"https:\/\/greenlink.technology\/pt-pt\/wp-json\/wp\/v2\/types\/product"}],"replies":[{"embeddable":true,"href":"https:\/\/greenlink.technology\/pt-pt\/wp-json\/wp\/v2\/comments?post=11343"}],"wp:featuredmedia":[{"embeddable":true,"href":"https:\/\/greenlink.technology\/pt-pt\/wp-json\/wp\/v2\/media\/11344"}],"wp:attachment":[{"href":"https:\/\/greenlink.technology\/pt-pt\/wp-json\/wp\/v2\/media?parent=11343"}],"wp:term":[{"taxonomy":"anwendung","embeddable":true,"href":"https:\/\/greenlink.technology\/pt-pt\/wp-json\/wp\/v2\/anwendung?post=11343"},{"taxonomy":"product_brand","embeddable":true,"href":"https:\/\/greenlink.technology\/pt-pt\/wp-json\/wp\/v2\/product_brand?post=11343"},{"taxonomy":"product_cat","embeddable":true,"href":"https:\/\/greenlink.technology\/pt-pt\/wp-json\/wp\/v2\/product_cat?post=11343"},{"taxonomy":"product_tag","embeddable":true,"href":"https:\/\/greenlink.technology\/pt-pt\/wp-json\/wp\/v2\/product_tag?post=11343"}],"curies":[{"name":"wp","href":"https:\/\/api.w.org\/{rel}","templated":true}]}}