{"id":10656,"date":"2024-04-25T10:32:32","date_gmt":"2024-04-25T08:32:32","guid":{"rendered":"https:\/\/greenlink.technology\/produkt\/caixa-de-comutacao-de-rede-enwitec-para-o-sistema-fronius-italia-primo-gen24-plus-full-backup-12kw-1ph-230v-10014304\/"},"modified":"2024-04-25T10:32:32","modified_gmt":"2024-04-25T08:32:32","slug":"caixa-de-comutacao-de-rede-enwitec-para-o-sistema-fronius-italia-primo-gen24-plus-full-backup-12kw-1ph-230v-10014304","status":"publish","type":"product","link":"https:\/\/greenlink.technology\/pt-pt\/produkt\/caixa-de-comutacao-de-rede-enwitec-para-o-sistema-fronius-italia-primo-gen24-plus-full-backup-12kw-1ph-230v-10014304\/","title":{"rendered":"Caixa de Comuta\u00e7\u00e3o de Rede enwitec para o Sistema Fronius It\u00e1lia Primo GEN24 Plus &#8220;Full Backup&#8221; \u2013 12kW, 1PH 230V \u2013 10014304"},"content":{"rendered":"<div class=\"system-stammdaten\">\n<h2><\/h2>\n<p>&nbsp;<\/p>\n<\/div>\n","protected":false},"excerpt":{"rendered":"<p>&nbsp;<\/p>\n","protected":false},"featured_media":10657,"comment_status":"closed","ping_status":"closed","template":"","meta":{"_acf_changed":false},"anwendung":[],"product_brand":[264],"product_cat":[354],"product_tag":[847,371,369,431,370],"class_list":{"0":"post-10656","1":"product","2":"type-product","3":"status-publish","4":"has-post-thumbnail","6":"product_brand-enwitec","7":"product_cat-caixas-de-interruptores-de-rede-na-rede","8":"product_tag-10014304-pt-pt","9":"product_tag-dispositivo-de-comutacao","10":"product_tag-dispositivos-de-comutacao-da-rede-electrica","11":"product_tag-fronius-symo-gen24-pt-pt","12":"product_tag-na-rede","13":"pa_laenderfreigabe-it-pt-pt","14":"pa_max-durchgangsleistung-0-30-kw-pt-pt","15":"pa_nf-a-netzanschlusspunkt-tn-c-pt-pt","16":"pa_nf-a-netzanschlusspunkt-tn-s-pt-pt","17":"pa_nf-a-netzanschlusspunkt-tt-pt-pt","18":"pa_nf-i-d-verbraucheranlage-tn-s-pt-pt","19":"pa_nf-i-d-verbraucheranlage-tt-pt-pt","20":"pa_umschaltung-automatico-pt-pt","21":"pa_wechselrichter-fronius-gen24-plus-pt-pt","23":"first","24":"instock","25":"shipping-taxable","26":"product-type-simple"},"acf":{"product_informations":"<strong>Caixa de comuta\u00e7\u00e3o de rede 1AC 230V 50Hz\n<\/strong>\u2013 Fus\u00edvel de conex\u00e3o m\u00e1x. 63A\n\u2013 Desconex\u00e3o de todos os polos \u2013 Rede TN-S\/TT\n\u2013 ATEN\u00c7\u00c3O: N\u00c3O usar em instala\u00e7\u00f5es com rede TN-C! \n\n<strong>Compat\u00edvel com:\n<\/strong>FRONIUS \u2013 Primo GEN24 PLUS (3.0\/3.6\/4.0\/4.6\/5.0\/6.0)\n\nDisponibilidade por pa\u00eds: It\u00e1lia\n\n\u2013 Inclui Fronius SMART METER com transformadores de corrente \n\nPara mais informa\u00e7\u00f5es t\u00e9cnicas, por favor fa\u00e7a o download da documenta\u00e7\u00e3o.\n\n<strong>Observa\u00e7\u00e3o\n<\/strong>C\u00f3digo de correspond\u00eancia: 1PH_FRO_BBDAP_12KW_1PH_1.1_IT","technical_data":"<div class=\"stammdaten-col\">\n<div class=\"line\">\n<div class=\"stammdaten-col\">\n<div class=\"line\">\n<p class=\"system-stammdaten-left\">N.\u00ba do artigo: 10014304\n<span style=\"font-size: inherit;\">Compat\u00edvel com: <\/span><span style=\"font-size: inherit;\">Fronius\n<\/span><span style=\"font-size: inherit;\">Fases: <\/span><span style=\"font-size: inherit;\">Monof\u00e1sico\n<\/span><span style=\"font-size: inherit;\">Desconex\u00e3o da rede:<\/span> <span style=\"font-size: inherit;\">Desconex\u00e3o de todos os polos<\/span><span style=\"font-size: inherit;\">\n<\/span><span style=\"font-size: inherit;\">Pot\u00eancia t\u00e9rmica m\u00e1xima de passagem: 12 <\/span><span style=\"font-size: inherit;\"> kW\n<\/span><span style=\"font-size: inherit;\">Identifica\u00e7\u00e3o do pa\u00eds:<\/span><span style=\"font-size: inherit;\"> It\u00e1lia\n<\/span><span style=\"font-size: inherit;\">Prote\u00e7\u00e3o NA:<\/span><span style=\"font-size: inherit;\"> n\u00e3o\n<\/span><span style=\"font-size: inherit;\">Comutador de fontes:<\/span> <span style=\"font-size: inherit;\">n\u00e3o\n<\/span><span style=\"font-size: inherit;\">Tens\u00e3o nominal: <\/span><span style=\"font-size: inherit;\">230V\n<\/span><span style=\"font-size: inherit;\">Frequ\u00eancia nominal: <\/span><span style=\"font-size: inherit;\">50\/60 Hz<\/span><span style=\"font-size: inherit;\">Corrente de curto-circuito:<\/span> <span style=\"font-size: inherit;\">10 kA\n<\/span><span style=\"font-size: inherit;\">Fus\u00edvel de prote\u00e7\u00e3o: <\/span><span style=\"font-size: inherit;\">63 A<\/span><span style=\"font-size: inherit;\">Faixa de temperatura de opera\u00e7\u00e3o: -5\u00b0C a +40\u00b0C<\/span><span style=\"font-size: inherit;\">\n<\/span><span style=\"font-size: inherit;\">Umidade relativa do ar: 5% a 95%\n<\/span><span style=\"font-size: inherit;\">Classe de prote\u00e7\u00e3o: II<\/span><span style=\"font-size: inherit;\">\n<\/span><span style=\"font-size: inherit;\">Dimens\u00f5es (LxAxP): 448x622x161 mm<\/span><span style=\"font-size: inherit;\">\n<\/span><span style=\"font-size: inherit;\">Peso: <\/span><span style=\"font-size: inherit;\">13,5 kg\n<\/span><span style=\"font-size: inherit;\">Gabinete: Policarbonato<\/span><span style=\"font-size: inherit;\">\n<\/span><\/p>\n\n<\/div>\n<\/div>\n<\/div>\n<\/div>","download":"<a href=\"https:\/\/greenlink.technology\/wp-content\/uploads\/2025\/04\/10014304_Datenblatt_1PH_FRO_BBDAP_12KW_1PH_1.1_IT_2024_05_24.pdf\" target=\"_blank\" rel=\"noopener\">Datenblatt DE<\/a>\n<a href=\"https:\/\/greenlink.technology\/wp-content\/uploads\/2025\/04\/10014304_scheda-tecnica_1PH_FRO_BBDAP_12KW_1PH_1.1_IT_2024_05_24.pdf\" target=\"_blank\" rel=\"noopener\">Scheda tecnica<\/a>\n<a href=\"https:\/\/greenlink.technology\/wp-content\/uploads\/2025\/04\/2023_07_25_Auswahlhilfe-Fronius-Netzumschaltboxen_IT-2.pdf\" target=\"_blank\" rel=\"noopener\">Auswahlhilfen IT<\/a>\n<a href=\"https:\/\/greenlink.technology\/wp-content\/uploads\/2025\/04\/Allg_Installationsanleitung_10017760_Fronius-Netzumschaltboxen-DACH_V1.0_DE_2024_05_31-1-1.pdf\" target=\"_blank\" rel=\"noopener\">Installationsanleitung<\/a>","product_short_description":"<strong>Inversor:<\/strong> Fronius PRIMO GEN24 Plus\n<strong>Homologa\u00e7\u00e3o por pa\u00eds:<\/strong> It\u00e1lia\n<strong>Pot\u00eancia t\u00e9rmica m\u00e1xima de passagem <\/strong> <span style=\"font-size: inherit;\">12 kW<\/span>\n<strong>Comuta\u00e7\u00e3o: <\/strong>autom\u00e1tica\n<strong>Tipo de rede no ponto de conex\u00e3o \u00e0 rede: <\/strong>TT, TN-S, TN-C\n<strong>Tipo de rede na instala\u00e7\u00e3o do consumidor: <\/strong>TT, TN-S","photo_gallery":{"galerie_produkte":[[]]}},"yoast_head":"<!-- This site is optimized with the Yoast SEO plugin v27.3 - https:\/\/yoast.com\/product\/yoast-seo-wordpress\/ -->\n<title>Caixa de Comuta\u00e7\u00e3o de Rede enwitec para o Sistema Fronius It\u00e1lia Primo GEN24 Plus &quot;Full Backup&quot; \u2013 12kW, 1PH 230V \u2013 10014304 - greenLink orchestrating energy flows | enwitec electronic GmbH | LinQ Europe Sp. z o.o.<\/title>\n<meta name=\"robots\" content=\"index, follow, max-snippet:-1, max-image-preview:large, max-video-preview:-1\" \/>\n<link rel=\"canonical\" href=\"https:\/\/greenlink.technology\/pt-pt\/produkt\/caixa-de-comutacao-de-rede-enwitec-para-o-sistema-fronius-italia-primo-gen24-plus-full-backup-12kw-1ph-230v-10014304\/\" \/>\n<meta property=\"og:locale\" content=\"pt_PT\" \/>\n<meta property=\"og:type\" content=\"article\" \/>\n<meta property=\"og:title\" content=\"Caixa de Comuta\u00e7\u00e3o de Rede enwitec para o Sistema Fronius It\u00e1lia Primo GEN24 Plus &quot;Full Backup&quot; \u2013 12kW, 1PH 230V \u2013 10014304 - greenLink orchestrating energy flows | enwitec electronic GmbH | LinQ Europe Sp. z o.o.\" \/>\n<meta property=\"og:description\" content=\"&nbsp;\" \/>\n<meta property=\"og:url\" content=\"https:\/\/greenlink.technology\/pt-pt\/produkt\/caixa-de-comutacao-de-rede-enwitec-para-o-sistema-fronius-italia-primo-gen24-plus-full-backup-12kw-1ph-230v-10014304\/\" \/>\n<meta property=\"og:site_name\" content=\"greenLink orchestrating energy flows | enwitec electronic GmbH | LinQ Europe Sp. z o.o.\" \/>\n<meta property=\"og:image\" content=\"https:\/\/greenlink.technology\/wp-content\/uploads\/2025\/02\/10014304_front_offen-2.png\" \/>\n\t<meta property=\"og:image:width\" content=\"500\" \/>\n\t<meta property=\"og:image:height\" content=\"500\" \/>\n\t<meta property=\"og:image:type\" content=\"image\/png\" \/>\n<meta name=\"twitter:card\" content=\"summary_large_image\" \/>\n<script type=\"application\/ld+json\" class=\"yoast-schema-graph\">{\"@context\":\"https:\\\/\\\/schema.org\",\"@graph\":[{\"@type\":\"WebPage\",\"@id\":\"https:\\\/\\\/greenlink.technology\\\/pt-pt\\\/produkt\\\/caixa-de-comutacao-de-rede-enwitec-para-o-sistema-fronius-italia-primo-gen24-plus-full-backup-12kw-1ph-230v-10014304\\\/\",\"url\":\"https:\\\/\\\/greenlink.technology\\\/pt-pt\\\/produkt\\\/caixa-de-comutacao-de-rede-enwitec-para-o-sistema-fronius-italia-primo-gen24-plus-full-backup-12kw-1ph-230v-10014304\\\/\",\"name\":\"Caixa de Comuta\u00e7\u00e3o de Rede enwitec para o Sistema Fronius It\u00e1lia Primo GEN24 Plus \\\"Full Backup\\\" \u2013 12kW, 1PH 230V \u2013 10014304 - greenLink orchestrating energy flows | enwitec electronic GmbH | LinQ Europe Sp. z o.o.\",\"isPartOf\":{\"@id\":\"https:\\\/\\\/enwitec.eu\\\/en\\\/#website\"},\"primaryImageOfPage\":{\"@id\":\"https:\\\/\\\/greenlink.technology\\\/pt-pt\\\/produkt\\\/caixa-de-comutacao-de-rede-enwitec-para-o-sistema-fronius-italia-primo-gen24-plus-full-backup-12kw-1ph-230v-10014304\\\/#primaryimage\"},\"image\":{\"@id\":\"https:\\\/\\\/greenlink.technology\\\/pt-pt\\\/produkt\\\/caixa-de-comutacao-de-rede-enwitec-para-o-sistema-fronius-italia-primo-gen24-plus-full-backup-12kw-1ph-230v-10014304\\\/#primaryimage\"},\"thumbnailUrl\":\"https:\\\/\\\/greenlink.technology\\\/wp-content\\\/uploads\\\/2025\\\/02\\\/10014304_front_offen-2.png\",\"datePublished\":\"2024-04-25T08:32:32+00:00\",\"breadcrumb\":{\"@id\":\"https:\\\/\\\/greenlink.technology\\\/pt-pt\\\/produkt\\\/caixa-de-comutacao-de-rede-enwitec-para-o-sistema-fronius-italia-primo-gen24-plus-full-backup-12kw-1ph-230v-10014304\\\/#breadcrumb\"},\"inLanguage\":\"pt-PT\",\"potentialAction\":[{\"@type\":\"ReadAction\",\"target\":[\"https:\\\/\\\/greenlink.technology\\\/pt-pt\\\/produkt\\\/caixa-de-comutacao-de-rede-enwitec-para-o-sistema-fronius-italia-primo-gen24-plus-full-backup-12kw-1ph-230v-10014304\\\/\"]}]},{\"@type\":\"ImageObject\",\"inLanguage\":\"pt-PT\",\"@id\":\"https:\\\/\\\/greenlink.technology\\\/pt-pt\\\/produkt\\\/caixa-de-comutacao-de-rede-enwitec-para-o-sistema-fronius-italia-primo-gen24-plus-full-backup-12kw-1ph-230v-10014304\\\/#primaryimage\",\"url\":\"https:\\\/\\\/greenlink.technology\\\/wp-content\\\/uploads\\\/2025\\\/02\\\/10014304_front_offen-2.png\",\"contentUrl\":\"https:\\\/\\\/greenlink.technology\\\/wp-content\\\/uploads\\\/2025\\\/02\\\/10014304_front_offen-2.png\",\"width\":500,\"height\":500},{\"@type\":\"BreadcrumbList\",\"@id\":\"https:\\\/\\\/greenlink.technology\\\/pt-pt\\\/produkt\\\/caixa-de-comutacao-de-rede-enwitec-para-o-sistema-fronius-italia-primo-gen24-plus-full-backup-12kw-1ph-230v-10014304\\\/#breadcrumb\",\"itemListElement\":[{\"@type\":\"ListItem\",\"position\":1,\"name\":\"Startseite\",\"item\":\"https:\\\/\\\/enwitec.eu\\\/pt-pt\\\/\"},{\"@type\":\"ListItem\",\"position\":2,\"name\":\"Produtos\",\"item\":\"https:\\\/\\\/greenlink.technology\\\/pt-pt\\\/sobre-nos\\\/a-empresa\\\/enwitec\\\/produtos\\\/\"},{\"@type\":\"ListItem\",\"position\":3,\"name\":\"Caixa de Comuta\u00e7\u00e3o de Rede enwitec para o Sistema Fronius It\u00e1lia Primo GEN24 Plus &#8220;Full Backup&#8221; \u2013 12kW, 1PH 230V \u2013 10014304\"}]},{\"@type\":\"WebSite\",\"@id\":\"https:\\\/\\\/enwitec.eu\\\/en\\\/#website\",\"url\":\"https:\\\/\\\/enwitec.eu\\\/en\\\/\",\"name\":\"greenLink orchestrating energy flows | enwitec electronic GmbH | LinQ Europe Sp. z o.o.\",\"description\":\"\",\"publisher\":{\"@id\":\"https:\\\/\\\/enwitec.eu\\\/en\\\/#organization\"},\"potentialAction\":[{\"@type\":\"SearchAction\",\"target\":{\"@type\":\"EntryPoint\",\"urlTemplate\":\"https:\\\/\\\/enwitec.eu\\\/en\\\/?s={search_term_string}\"},\"query-input\":{\"@type\":\"PropertyValueSpecification\",\"valueRequired\":true,\"valueName\":\"search_term_string\"}}],\"inLanguage\":\"pt-PT\"},{\"@type\":\"Organization\",\"@id\":\"https:\\\/\\\/enwitec.eu\\\/en\\\/#organization\",\"name\":\"greenLink orquestra\u00e7\u00e3o de fluxos de energia | enwitec electronic GmbH | LinQ Europe Sp. z o.o.\",\"url\":\"https:\\\/\\\/enwitec.eu\\\/en\\\/\",\"logo\":{\"@type\":\"ImageObject\",\"inLanguage\":\"pt-PT\",\"@id\":\"https:\\\/\\\/enwitec.eu\\\/en\\\/#\\\/schema\\\/logo\\\/image\\\/\",\"url\":\"https:\\\/\\\/greenlink.technology\\\/wp-content\\\/uploads\\\/2025\\\/01\\\/greenlink-logo-final.png\",\"contentUrl\":\"https:\\\/\\\/greenlink.technology\\\/wp-content\\\/uploads\\\/2025\\\/01\\\/greenlink-logo-final.png\",\"width\":2586,\"height\":629,\"caption\":\"greenLink orquestra\u00e7\u00e3o de fluxos de energia | enwitec electronic GmbH | LinQ Europe Sp. z o.o. \"},\"image\":{\"@id\":\"https:\\\/\\\/enwitec.eu\\\/en\\\/#\\\/schema\\\/logo\\\/image\\\/\"}}]}<\/script>\n<!-- \/ Yoast SEO plugin. -->","yoast_head_json":{"title":"Caixa de Comuta\u00e7\u00e3o de Rede enwitec para o Sistema Fronius It\u00e1lia Primo GEN24 Plus \"Full Backup\" \u2013 12kW, 1PH 230V \u2013 10014304 - greenLink orchestrating energy flows | enwitec electronic GmbH | LinQ Europe Sp. z o.o.","robots":{"index":"index","follow":"follow","max-snippet":"max-snippet:-1","max-image-preview":"max-image-preview:large","max-video-preview":"max-video-preview:-1"},"canonical":"https:\/\/greenlink.technology\/pt-pt\/produkt\/caixa-de-comutacao-de-rede-enwitec-para-o-sistema-fronius-italia-primo-gen24-plus-full-backup-12kw-1ph-230v-10014304\/","og_locale":"pt_PT","og_type":"article","og_title":"Caixa de Comuta\u00e7\u00e3o de Rede enwitec para o Sistema Fronius It\u00e1lia Primo GEN24 Plus \"Full Backup\" \u2013 12kW, 1PH 230V \u2013 10014304 - greenLink orchestrating energy flows | enwitec electronic GmbH | LinQ Europe Sp. z o.o.","og_description":"&nbsp;","og_url":"https:\/\/greenlink.technology\/pt-pt\/produkt\/caixa-de-comutacao-de-rede-enwitec-para-o-sistema-fronius-italia-primo-gen24-plus-full-backup-12kw-1ph-230v-10014304\/","og_site_name":"greenLink orchestrating energy flows | enwitec electronic GmbH | LinQ Europe Sp. z o.o.","og_image":[{"width":500,"height":500,"url":"https:\/\/greenlink.technology\/wp-content\/uploads\/2025\/02\/10014304_front_offen-2.png","type":"image\/png"}],"twitter_card":"summary_large_image","schema":{"@context":"https:\/\/schema.org","@graph":[{"@type":"WebPage","@id":"https:\/\/greenlink.technology\/pt-pt\/produkt\/caixa-de-comutacao-de-rede-enwitec-para-o-sistema-fronius-italia-primo-gen24-plus-full-backup-12kw-1ph-230v-10014304\/","url":"https:\/\/greenlink.technology\/pt-pt\/produkt\/caixa-de-comutacao-de-rede-enwitec-para-o-sistema-fronius-italia-primo-gen24-plus-full-backup-12kw-1ph-230v-10014304\/","name":"Caixa de Comuta\u00e7\u00e3o de Rede enwitec para o Sistema Fronius It\u00e1lia Primo GEN24 Plus \"Full Backup\" \u2013 12kW, 1PH 230V \u2013 10014304 - greenLink orchestrating energy flows | enwitec electronic GmbH | LinQ Europe Sp. z o.o.","isPartOf":{"@id":"https:\/\/enwitec.eu\/en\/#website"},"primaryImageOfPage":{"@id":"https:\/\/greenlink.technology\/pt-pt\/produkt\/caixa-de-comutacao-de-rede-enwitec-para-o-sistema-fronius-italia-primo-gen24-plus-full-backup-12kw-1ph-230v-10014304\/#primaryimage"},"image":{"@id":"https:\/\/greenlink.technology\/pt-pt\/produkt\/caixa-de-comutacao-de-rede-enwitec-para-o-sistema-fronius-italia-primo-gen24-plus-full-backup-12kw-1ph-230v-10014304\/#primaryimage"},"thumbnailUrl":"https:\/\/greenlink.technology\/wp-content\/uploads\/2025\/02\/10014304_front_offen-2.png","datePublished":"2024-04-25T08:32:32+00:00","breadcrumb":{"@id":"https:\/\/greenlink.technology\/pt-pt\/produkt\/caixa-de-comutacao-de-rede-enwitec-para-o-sistema-fronius-italia-primo-gen24-plus-full-backup-12kw-1ph-230v-10014304\/#breadcrumb"},"inLanguage":"pt-PT","potentialAction":[{"@type":"ReadAction","target":["https:\/\/greenlink.technology\/pt-pt\/produkt\/caixa-de-comutacao-de-rede-enwitec-para-o-sistema-fronius-italia-primo-gen24-plus-full-backup-12kw-1ph-230v-10014304\/"]}]},{"@type":"ImageObject","inLanguage":"pt-PT","@id":"https:\/\/greenlink.technology\/pt-pt\/produkt\/caixa-de-comutacao-de-rede-enwitec-para-o-sistema-fronius-italia-primo-gen24-plus-full-backup-12kw-1ph-230v-10014304\/#primaryimage","url":"https:\/\/greenlink.technology\/wp-content\/uploads\/2025\/02\/10014304_front_offen-2.png","contentUrl":"https:\/\/greenlink.technology\/wp-content\/uploads\/2025\/02\/10014304_front_offen-2.png","width":500,"height":500},{"@type":"BreadcrumbList","@id":"https:\/\/greenlink.technology\/pt-pt\/produkt\/caixa-de-comutacao-de-rede-enwitec-para-o-sistema-fronius-italia-primo-gen24-plus-full-backup-12kw-1ph-230v-10014304\/#breadcrumb","itemListElement":[{"@type":"ListItem","position":1,"name":"Startseite","item":"https:\/\/enwitec.eu\/pt-pt\/"},{"@type":"ListItem","position":2,"name":"Produtos","item":"https:\/\/greenlink.technology\/pt-pt\/sobre-nos\/a-empresa\/enwitec\/produtos\/"},{"@type":"ListItem","position":3,"name":"Caixa de Comuta\u00e7\u00e3o de Rede enwitec para o Sistema Fronius It\u00e1lia Primo GEN24 Plus &#8220;Full Backup&#8221; \u2013 12kW, 1PH 230V \u2013 10014304"}]},{"@type":"WebSite","@id":"https:\/\/enwitec.eu\/en\/#website","url":"https:\/\/enwitec.eu\/en\/","name":"greenLink orchestrating energy flows | enwitec electronic GmbH | LinQ Europe Sp. z o.o.","description":"","publisher":{"@id":"https:\/\/enwitec.eu\/en\/#organization"},"potentialAction":[{"@type":"SearchAction","target":{"@type":"EntryPoint","urlTemplate":"https:\/\/enwitec.eu\/en\/?s={search_term_string}"},"query-input":{"@type":"PropertyValueSpecification","valueRequired":true,"valueName":"search_term_string"}}],"inLanguage":"pt-PT"},{"@type":"Organization","@id":"https:\/\/enwitec.eu\/en\/#organization","name":"greenLink orquestra\u00e7\u00e3o de fluxos de energia | enwitec electronic GmbH | LinQ Europe Sp. z o.o.","url":"https:\/\/enwitec.eu\/en\/","logo":{"@type":"ImageObject","inLanguage":"pt-PT","@id":"https:\/\/enwitec.eu\/en\/#\/schema\/logo\/image\/","url":"https:\/\/greenlink.technology\/wp-content\/uploads\/2025\/01\/greenlink-logo-final.png","contentUrl":"https:\/\/greenlink.technology\/wp-content\/uploads\/2025\/01\/greenlink-logo-final.png","width":2586,"height":629,"caption":"greenLink orquestra\u00e7\u00e3o de fluxos de energia | enwitec electronic GmbH | LinQ Europe Sp. z o.o. "},"image":{"@id":"https:\/\/enwitec.eu\/en\/#\/schema\/logo\/image\/"}}]}},"_links":{"self":[{"href":"https:\/\/greenlink.technology\/pt-pt\/wp-json\/wp\/v2\/product\/10656","targetHints":{"allow":["GET"]}}],"collection":[{"href":"https:\/\/greenlink.technology\/pt-pt\/wp-json\/wp\/v2\/product"}],"about":[{"href":"https:\/\/greenlink.technology\/pt-pt\/wp-json\/wp\/v2\/types\/product"}],"replies":[{"embeddable":true,"href":"https:\/\/greenlink.technology\/pt-pt\/wp-json\/wp\/v2\/comments?post=10656"}],"wp:featuredmedia":[{"embeddable":true,"href":"https:\/\/greenlink.technology\/pt-pt\/wp-json\/wp\/v2\/media\/10657"}],"wp:attachment":[{"href":"https:\/\/greenlink.technology\/pt-pt\/wp-json\/wp\/v2\/media?parent=10656"}],"wp:term":[{"taxonomy":"anwendung","embeddable":true,"href":"https:\/\/greenlink.technology\/pt-pt\/wp-json\/wp\/v2\/anwendung?post=10656"},{"taxonomy":"product_brand","embeddable":true,"href":"https:\/\/greenlink.technology\/pt-pt\/wp-json\/wp\/v2\/product_brand?post=10656"},{"taxonomy":"product_cat","embeddable":true,"href":"https:\/\/greenlink.technology\/pt-pt\/wp-json\/wp\/v2\/product_cat?post=10656"},{"taxonomy":"product_tag","embeddable":true,"href":"https:\/\/greenlink.technology\/pt-pt\/wp-json\/wp\/v2\/product_tag?post=10656"}],"curies":[{"name":"wp","href":"https:\/\/api.w.org\/{rel}","templated":true}]}}