{"id":9598,"date":"2025-04-24T13:55:55","date_gmt":"2025-04-24T11:55:55","guid":{"rendered":"https:\/\/greenlink.technology\/sobre-nos\/a-empresa\/linq\/noticias\/"},"modified":"2025-06-12T08:04:23","modified_gmt":"2025-06-12T06:04:23","slug":"noticias","status":"publish","type":"page","link":"https:\/\/greenlink.technology\/pt-pt\/sobre-nos\/a-empresa\/linq\/noticias\/","title":{"rendered":"Not\u00edcias"},"content":{"rendered":"\t\t<div data-elementor-type=\"wp-page\" data-elementor-id=\"9598\" class=\"elementor elementor-9598 elementor-7679\" data-elementor-settings=\"{&quot;ha_cmc_init_switcher&quot;:&quot;no&quot;}\" data-elementor-post-type=\"page\">\n\t\t\t\t<div class=\"elementor-element elementor-element-545b1a8 e-flex e-con-boxed e-con e-parent\" data-id=\"545b1a8\" data-element_type=\"container\" data-e-type=\"container\" data-settings=\"{&quot;background_background&quot;:&quot;classic&quot;,&quot;shape_divider_bottom&quot;:&quot;waves&quot;,&quot;shape_divider_bottom_negative&quot;:&quot;yes&quot;,&quot;_ha_eqh_enable&quot;:false}\">\n\t\t\t\t\t<div class=\"e-con-inner\">\n\t\t\t\t<div class=\"elementor-shape elementor-shape-bottom\" aria-hidden=\"true\" data-negative=\"true\">\n\t\t\t<svg xmlns=\"http:\/\/www.w3.org\/2000\/svg\" viewBox=\"0 0 1000 100\" preserveAspectRatio=\"none\">\n\t<path class=\"elementor-shape-fill\" d=\"M790.5,93.1c-59.3-5.3-116.8-18-192.6-50c-29.6-12.7-76.9-31-100.5-35.9c-23.6-4.9-52.6-7.8-75.5-5.3\n\tc-10.2,1.1-22.6,1.4-50.1,7.4c-27.2,6.3-58.2,16.6-79.4,24.7c-41.3,15.9-94.9,21.9-134,22.6C72,58.2,0,25.8,0,25.8V100h1000V65.3\n\tc0,0-51.5,19.4-106.2,25.7C839.5,97,814.1,95.2,790.5,93.1z\"\/>\n<\/svg>\t\t<\/div>\n\t\t<div class=\"elementor-element elementor-element-306f62b e-con-full e-flex e-con e-child\" data-id=\"306f62b\" data-element_type=\"container\" data-e-type=\"container\" data-settings=\"{&quot;_ha_eqh_enable&quot;:false}\">\n\t\t\t\t<div class=\"elementor-element elementor-element-58ae9b2 elementor-widget elementor-widget-heading\" data-id=\"58ae9b2\" data-element_type=\"widget\" data-e-type=\"widget\" data-widget_type=\"heading.default\">\n\t\t\t\t<div class=\"elementor-widget-container\">\n\t\t\t\t\t<h3 class=\"elementor-heading-title elementor-size-default\">\u00daltimas not\u00edcias<\/h3>\t\t\t\t<\/div>\n\t\t\t\t<\/div>\n\t\t\t\t<div class=\"elementor-element elementor-element-f3eab2f elementor-widget elementor-widget-text-editor\" data-id=\"f3eab2f\" data-element_type=\"widget\" data-e-type=\"widget\" data-widget_type=\"text-editor.default\">\n\t\t\t\t<div class=\"elementor-widget-container\">\n\t\t\t\t\t\t\t\t\t<p><strong>Mant\u00e9m-te atualizado com os \u00faltimos desenvolvimentos e inova\u00e7\u00f5es na LinQ Europe.<\/strong><\/p><p>Descobre mais sobre os nossos projectos actuais, parcerias interessantes e tecnologias pioneiras que est\u00e3o a moldar o futuro da tecnologia de liga\u00e7\u00e3o e da eletromec\u00e2nica. Descobre como estamos a impulsionar a transi\u00e7\u00e3o energ\u00e9tica juntamente com o Grupo greenLink e a desenvolver solu\u00e7\u00f5es sustent\u00e1veis para um futuro ecol\u00f3gico. <\/p>\t\t\t\t\t\t\t\t<\/div>\n\t\t\t\t<\/div>\n\t\t\t\t<\/div>\n\t\t<div class=\"elementor-element elementor-element-882654e e-con-full e-flex e-con e-child\" data-id=\"882654e\" data-element_type=\"container\" data-e-type=\"container\" data-settings=\"{&quot;_ha_eqh_enable&quot;:false}\">\n\t\t\t\t<div class=\"elementor-element elementor-element-d8ced8d elementor-widget elementor-widget-image\" data-id=\"d8ced8d\" data-element_type=\"widget\" data-e-type=\"widget\" data-widget_type=\"image.default\">\n\t\t\t\t<div class=\"elementor-widget-container\">\n\t\t\t\t\t\t\t\t\t\t\t\t\t\t\t<img fetchpriority=\"high\" decoding=\"async\" width=\"1200\" height=\"1006\" src=\"https:\/\/greenlink.technology\/wp-content\/uploads\/2025\/04\/linq-content-news.jpg\" class=\"attachment-full size-full wp-image-9599\" alt=\"\" srcset=\"https:\/\/greenlink.technology\/wp-content\/uploads\/2025\/04\/linq-content-news.jpg 1200w, https:\/\/greenlink.technology\/wp-content\/uploads\/2025\/04\/linq-content-news-300x252.jpg 300w, https:\/\/greenlink.technology\/wp-content\/uploads\/2025\/04\/linq-content-news-1024x858.jpg 1024w, https:\/\/greenlink.technology\/wp-content\/uploads\/2025\/04\/linq-content-news-768x644.jpg 768w, https:\/\/greenlink.technology\/wp-content\/uploads\/2025\/04\/linq-content-news-600x503.jpg 600w\" sizes=\"(max-width: 1200px) 100vw, 1200px\" \/>\t\t\t\t\t\t\t\t\t\t\t\t\t\t\t<\/div>\n\t\t\t\t<\/div>\n\t\t\t\t<\/div>\n\t\t\t\t\t<\/div>\n\t\t\t\t<\/div>\n\t\t\t\t<\/div>\n\t\t","protected":false},"excerpt":{"rendered":"<p>\u00daltimas not\u00edcias Mant\u00e9m-te atualizado com os \u00faltimos desenvolvimentos e inova\u00e7\u00f5es na LinQ Europe. Descobre mais sobre os nossos projectos actuais, parcerias interessantes e tecnologias pioneiras que est\u00e3o a moldar o futuro da tecnologia de liga\u00e7\u00e3o e da eletromec\u00e2nica. Descobre como estamos a impulsionar a transi\u00e7\u00e3o energ\u00e9tica juntamente com o Grupo greenLink e a desenvolver solu\u00e7\u00f5es [&hellip;]<\/p>\n","protected":false},"author":1,"featured_media":9600,"parent":8439,"menu_order":0,"comment_status":"closed","ping_status":"closed","template":"","meta":{"_acf_changed":false,"footnotes":""},"categories":[1285],"tags":[],"class_list":["post-9598","page","type-page","status-publish","has-post-thumbnail","hentry","category-linq-pt-pt"],"acf":[],"yoast_head":"<!-- This site is optimized with the Yoast SEO plugin v27.3 - https:\/\/yoast.com\/product\/yoast-seo-wordpress\/ -->\n<title>Not\u00edcias - greenLink orchestrating energy flows | enwitec electronic GmbH | LinQ Europe Sp. z o.o.<\/title>\n<meta name=\"robots\" content=\"index, follow, max-snippet:-1, max-image-preview:large, max-video-preview:-1\" \/>\n<link rel=\"canonical\" href=\"https:\/\/greenlink.technology\/pt-pt\/sobre-nos\/a-empresa\/linq\/noticias\/\" \/>\n<meta property=\"og:locale\" content=\"pt_PT\" \/>\n<meta property=\"og:type\" content=\"article\" \/>\n<meta property=\"og:title\" content=\"Not\u00edcias - greenLink orchestrating energy flows | enwitec electronic GmbH | LinQ Europe Sp. z o.o.\" \/>\n<meta property=\"og:description\" content=\"\u00daltimas not\u00edcias Mant\u00e9m-te atualizado com os \u00faltimos desenvolvimentos e inova\u00e7\u00f5es na LinQ Europe. Descobre mais sobre os nossos projectos actuais, parcerias interessantes e tecnologias pioneiras que est\u00e3o a moldar o futuro da tecnologia de liga\u00e7\u00e3o e da eletromec\u00e2nica. Descobre como estamos a impulsionar a transi\u00e7\u00e3o energ\u00e9tica juntamente com o Grupo greenLink e a desenvolver solu\u00e7\u00f5es [&hellip;]\" \/>\n<meta property=\"og:url\" content=\"https:\/\/greenlink.technology\/pt-pt\/sobre-nos\/a-empresa\/linq\/noticias\/\" \/>\n<meta property=\"og:site_name\" content=\"greenLink orchestrating energy flows | enwitec electronic GmbH | LinQ Europe Sp. z o.o.\" \/>\n<meta property=\"article:modified_time\" content=\"2025-06-12T06:04:23+00:00\" \/>\n<meta property=\"og:image\" content=\"https:\/\/greenlink.technology\/wp-content\/uploads\/2025\/04\/linq-header-news.jpg\" \/>\n\t<meta property=\"og:image:width\" content=\"2300\" \/>\n\t<meta property=\"og:image:height\" content=\"920\" \/>\n\t<meta property=\"og:image:type\" content=\"image\/jpeg\" \/>\n<meta name=\"twitter:card\" content=\"summary_large_image\" \/>\n<script type=\"application\/ld+json\" class=\"yoast-schema-graph\">{\"@context\":\"https:\\\/\\\/schema.org\",\"@graph\":[{\"@type\":\"WebPage\",\"@id\":\"https:\\\/\\\/greenlink.technology\\\/pt-pt\\\/sobre-nos\\\/a-empresa\\\/linq\\\/noticias\\\/\",\"url\":\"https:\\\/\\\/greenlink.technology\\\/pt-pt\\\/sobre-nos\\\/a-empresa\\\/linq\\\/noticias\\\/\",\"name\":\"Not\u00edcias - greenLink orchestrating energy flows | enwitec electronic GmbH | LinQ Europe Sp. z o.o.\",\"isPartOf\":{\"@id\":\"https:\\\/\\\/enwitec.eu\\\/en\\\/#website\"},\"primaryImageOfPage\":{\"@id\":\"https:\\\/\\\/greenlink.technology\\\/pt-pt\\\/sobre-nos\\\/a-empresa\\\/linq\\\/noticias\\\/#primaryimage\"},\"image\":{\"@id\":\"https:\\\/\\\/greenlink.technology\\\/pt-pt\\\/sobre-nos\\\/a-empresa\\\/linq\\\/noticias\\\/#primaryimage\"},\"thumbnailUrl\":\"https:\\\/\\\/greenlink.technology\\\/wp-content\\\/uploads\\\/2025\\\/04\\\/linq-header-news.jpg\",\"datePublished\":\"2025-04-24T11:55:55+00:00\",\"dateModified\":\"2025-06-12T06:04:23+00:00\",\"breadcrumb\":{\"@id\":\"https:\\\/\\\/greenlink.technology\\\/pt-pt\\\/sobre-nos\\\/a-empresa\\\/linq\\\/noticias\\\/#breadcrumb\"},\"inLanguage\":\"pt-PT\",\"potentialAction\":[{\"@type\":\"ReadAction\",\"target\":[\"https:\\\/\\\/greenlink.technology\\\/pt-pt\\\/sobre-nos\\\/a-empresa\\\/linq\\\/noticias\\\/\"]}]},{\"@type\":\"ImageObject\",\"inLanguage\":\"pt-PT\",\"@id\":\"https:\\\/\\\/greenlink.technology\\\/pt-pt\\\/sobre-nos\\\/a-empresa\\\/linq\\\/noticias\\\/#primaryimage\",\"url\":\"https:\\\/\\\/greenlink.technology\\\/wp-content\\\/uploads\\\/2025\\\/04\\\/linq-header-news.jpg\",\"contentUrl\":\"https:\\\/\\\/greenlink.technology\\\/wp-content\\\/uploads\\\/2025\\\/04\\\/linq-header-news.jpg\",\"width\":2300,\"height\":920},{\"@type\":\"BreadcrumbList\",\"@id\":\"https:\\\/\\\/greenlink.technology\\\/pt-pt\\\/sobre-nos\\\/a-empresa\\\/linq\\\/noticias\\\/#breadcrumb\",\"itemListElement\":[{\"@type\":\"ListItem\",\"position\":1,\"name\":\"Startseite\",\"item\":\"https:\\\/\\\/enwitec.eu\\\/pt-pt\\\/\"},{\"@type\":\"ListItem\",\"position\":2,\"name\":\"Sobre n\u00f3s\",\"item\":\"https:\\\/\\\/greenlink.technology\\\/pt-pt\\\/sobre-nos\\\/\"},{\"@type\":\"ListItem\",\"position\":3,\"name\":\"A empresa\",\"item\":\"https:\\\/\\\/greenlink.technology\\\/pt-pt\\\/sobre-nos\\\/a-empresa\\\/\"},{\"@type\":\"ListItem\",\"position\":4,\"name\":\"LinQ\",\"item\":\"https:\\\/\\\/greenlink.technology\\\/pt-pt\\\/sobre-nos\\\/a-empresa\\\/linq\\\/\"},{\"@type\":\"ListItem\",\"position\":5,\"name\":\"Not\u00edcias\"}]},{\"@type\":\"WebSite\",\"@id\":\"https:\\\/\\\/enwitec.eu\\\/en\\\/#website\",\"url\":\"https:\\\/\\\/enwitec.eu\\\/en\\\/\",\"name\":\"greenLink orchestrating energy flows | enwitec electronic GmbH | LinQ Europe Sp. z o.o.\",\"description\":\"\",\"publisher\":{\"@id\":\"https:\\\/\\\/enwitec.eu\\\/en\\\/#organization\"},\"potentialAction\":[{\"@type\":\"SearchAction\",\"target\":{\"@type\":\"EntryPoint\",\"urlTemplate\":\"https:\\\/\\\/enwitec.eu\\\/en\\\/?s={search_term_string}\"},\"query-input\":{\"@type\":\"PropertyValueSpecification\",\"valueRequired\":true,\"valueName\":\"search_term_string\"}}],\"inLanguage\":\"pt-PT\"},{\"@type\":\"Organization\",\"@id\":\"https:\\\/\\\/enwitec.eu\\\/en\\\/#organization\",\"name\":\"greenLink orquestra\u00e7\u00e3o de fluxos de energia | enwitec electronic GmbH | LinQ Europe Sp. z o.o.\",\"url\":\"https:\\\/\\\/enwitec.eu\\\/en\\\/\",\"logo\":{\"@type\":\"ImageObject\",\"inLanguage\":\"pt-PT\",\"@id\":\"https:\\\/\\\/enwitec.eu\\\/en\\\/#\\\/schema\\\/logo\\\/image\\\/\",\"url\":\"https:\\\/\\\/greenlink.technology\\\/wp-content\\\/uploads\\\/2025\\\/01\\\/greenlink-logo-final.png\",\"contentUrl\":\"https:\\\/\\\/greenlink.technology\\\/wp-content\\\/uploads\\\/2025\\\/01\\\/greenlink-logo-final.png\",\"width\":2586,\"height\":629,\"caption\":\"greenLink orquestra\u00e7\u00e3o de fluxos de energia | enwitec electronic GmbH | LinQ Europe Sp. z o.o. \"},\"image\":{\"@id\":\"https:\\\/\\\/enwitec.eu\\\/en\\\/#\\\/schema\\\/logo\\\/image\\\/\"}}]}<\/script>\n<!-- \/ Yoast SEO plugin. -->","yoast_head_json":{"title":"Not\u00edcias - greenLink orchestrating energy flows | enwitec electronic GmbH | LinQ Europe Sp. z o.o.","robots":{"index":"index","follow":"follow","max-snippet":"max-snippet:-1","max-image-preview":"max-image-preview:large","max-video-preview":"max-video-preview:-1"},"canonical":"https:\/\/greenlink.technology\/pt-pt\/sobre-nos\/a-empresa\/linq\/noticias\/","og_locale":"pt_PT","og_type":"article","og_title":"Not\u00edcias - greenLink orchestrating energy flows | enwitec electronic GmbH | LinQ Europe Sp. z o.o.","og_description":"\u00daltimas not\u00edcias Mant\u00e9m-te atualizado com os \u00faltimos desenvolvimentos e inova\u00e7\u00f5es na LinQ Europe. Descobre mais sobre os nossos projectos actuais, parcerias interessantes e tecnologias pioneiras que est\u00e3o a moldar o futuro da tecnologia de liga\u00e7\u00e3o e da eletromec\u00e2nica. Descobre como estamos a impulsionar a transi\u00e7\u00e3o energ\u00e9tica juntamente com o Grupo greenLink e a desenvolver solu\u00e7\u00f5es [&hellip;]","og_url":"https:\/\/greenlink.technology\/pt-pt\/sobre-nos\/a-empresa\/linq\/noticias\/","og_site_name":"greenLink orchestrating energy flows | enwitec electronic GmbH | LinQ Europe Sp. z o.o.","article_modified_time":"2025-06-12T06:04:23+00:00","og_image":[{"width":2300,"height":920,"url":"https:\/\/greenlink.technology\/wp-content\/uploads\/2025\/04\/linq-header-news.jpg","type":"image\/jpeg"}],"twitter_card":"summary_large_image","schema":{"@context":"https:\/\/schema.org","@graph":[{"@type":"WebPage","@id":"https:\/\/greenlink.technology\/pt-pt\/sobre-nos\/a-empresa\/linq\/noticias\/","url":"https:\/\/greenlink.technology\/pt-pt\/sobre-nos\/a-empresa\/linq\/noticias\/","name":"Not\u00edcias - greenLink orchestrating energy flows | enwitec electronic GmbH | LinQ Europe Sp. z o.o.","isPartOf":{"@id":"https:\/\/enwitec.eu\/en\/#website"},"primaryImageOfPage":{"@id":"https:\/\/greenlink.technology\/pt-pt\/sobre-nos\/a-empresa\/linq\/noticias\/#primaryimage"},"image":{"@id":"https:\/\/greenlink.technology\/pt-pt\/sobre-nos\/a-empresa\/linq\/noticias\/#primaryimage"},"thumbnailUrl":"https:\/\/greenlink.technology\/wp-content\/uploads\/2025\/04\/linq-header-news.jpg","datePublished":"2025-04-24T11:55:55+00:00","dateModified":"2025-06-12T06:04:23+00:00","breadcrumb":{"@id":"https:\/\/greenlink.technology\/pt-pt\/sobre-nos\/a-empresa\/linq\/noticias\/#breadcrumb"},"inLanguage":"pt-PT","potentialAction":[{"@type":"ReadAction","target":["https:\/\/greenlink.technology\/pt-pt\/sobre-nos\/a-empresa\/linq\/noticias\/"]}]},{"@type":"ImageObject","inLanguage":"pt-PT","@id":"https:\/\/greenlink.technology\/pt-pt\/sobre-nos\/a-empresa\/linq\/noticias\/#primaryimage","url":"https:\/\/greenlink.technology\/wp-content\/uploads\/2025\/04\/linq-header-news.jpg","contentUrl":"https:\/\/greenlink.technology\/wp-content\/uploads\/2025\/04\/linq-header-news.jpg","width":2300,"height":920},{"@type":"BreadcrumbList","@id":"https:\/\/greenlink.technology\/pt-pt\/sobre-nos\/a-empresa\/linq\/noticias\/#breadcrumb","itemListElement":[{"@type":"ListItem","position":1,"name":"Startseite","item":"https:\/\/enwitec.eu\/pt-pt\/"},{"@type":"ListItem","position":2,"name":"Sobre n\u00f3s","item":"https:\/\/greenlink.technology\/pt-pt\/sobre-nos\/"},{"@type":"ListItem","position":3,"name":"A empresa","item":"https:\/\/greenlink.technology\/pt-pt\/sobre-nos\/a-empresa\/"},{"@type":"ListItem","position":4,"name":"LinQ","item":"https:\/\/greenlink.technology\/pt-pt\/sobre-nos\/a-empresa\/linq\/"},{"@type":"ListItem","position":5,"name":"Not\u00edcias"}]},{"@type":"WebSite","@id":"https:\/\/enwitec.eu\/en\/#website","url":"https:\/\/enwitec.eu\/en\/","name":"greenLink orchestrating energy flows | enwitec electronic GmbH | LinQ Europe Sp. z o.o.","description":"","publisher":{"@id":"https:\/\/enwitec.eu\/en\/#organization"},"potentialAction":[{"@type":"SearchAction","target":{"@type":"EntryPoint","urlTemplate":"https:\/\/enwitec.eu\/en\/?s={search_term_string}"},"query-input":{"@type":"PropertyValueSpecification","valueRequired":true,"valueName":"search_term_string"}}],"inLanguage":"pt-PT"},{"@type":"Organization","@id":"https:\/\/enwitec.eu\/en\/#organization","name":"greenLink orquestra\u00e7\u00e3o de fluxos de energia | enwitec electronic GmbH | LinQ Europe Sp. z o.o.","url":"https:\/\/enwitec.eu\/en\/","logo":{"@type":"ImageObject","inLanguage":"pt-PT","@id":"https:\/\/enwitec.eu\/en\/#\/schema\/logo\/image\/","url":"https:\/\/greenlink.technology\/wp-content\/uploads\/2025\/01\/greenlink-logo-final.png","contentUrl":"https:\/\/greenlink.technology\/wp-content\/uploads\/2025\/01\/greenlink-logo-final.png","width":2586,"height":629,"caption":"greenLink orquestra\u00e7\u00e3o de fluxos de energia | enwitec electronic GmbH | LinQ Europe Sp. z o.o. "},"image":{"@id":"https:\/\/enwitec.eu\/en\/#\/schema\/logo\/image\/"}}]}},"_links":{"self":[{"href":"https:\/\/greenlink.technology\/pt-pt\/wp-json\/wp\/v2\/pages\/9598","targetHints":{"allow":["GET"]}}],"collection":[{"href":"https:\/\/greenlink.technology\/pt-pt\/wp-json\/wp\/v2\/pages"}],"about":[{"href":"https:\/\/greenlink.technology\/pt-pt\/wp-json\/wp\/v2\/types\/page"}],"author":[{"embeddable":true,"href":"https:\/\/greenlink.technology\/pt-pt\/wp-json\/wp\/v2\/users\/1"}],"replies":[{"embeddable":true,"href":"https:\/\/greenlink.technology\/pt-pt\/wp-json\/wp\/v2\/comments?post=9598"}],"version-history":[{"count":0,"href":"https:\/\/greenlink.technology\/pt-pt\/wp-json\/wp\/v2\/pages\/9598\/revisions"}],"up":[{"embeddable":true,"href":"https:\/\/greenlink.technology\/pt-pt\/wp-json\/wp\/v2\/pages\/8439"}],"wp:featuredmedia":[{"embeddable":true,"href":"https:\/\/greenlink.technology\/pt-pt\/wp-json\/wp\/v2\/media\/9600"}],"wp:attachment":[{"href":"https:\/\/greenlink.technology\/pt-pt\/wp-json\/wp\/v2\/media?parent=9598"}],"wp:term":[{"taxonomy":"category","embeddable":true,"href":"https:\/\/greenlink.technology\/pt-pt\/wp-json\/wp\/v2\/categories?post=9598"},{"taxonomy":"post_tag","embeddable":true,"href":"https:\/\/greenlink.technology\/pt-pt\/wp-json\/wp\/v2\/tags?post=9598"}],"curies":[{"name":"wp","href":"https:\/\/api.w.org\/{rel}","templated":true}]}}