{"id":12354,"date":"2025-05-01T08:19:29","date_gmt":"2025-05-01T06:19:29","guid":{"rendered":"https:\/\/greenlink.technology\/sobre-nos\/a-empresa\/enwitec\/impressao\/"},"modified":"2026-03-27T10:07:37","modified_gmt":"2026-03-27T09:07:37","slug":"impressao","status":"publish","type":"page","link":"https:\/\/greenlink.technology\/pt-pt\/sobre-nos\/a-empresa\/home-pt-pl\/impressao\/","title":{"rendered":"Impress\u00e3o"},"content":{"rendered":"\t\t<div data-elementor-type=\"wp-page\" data-elementor-id=\"12354\" class=\"elementor elementor-12354 elementor-12158\" data-elementor-settings=\"{&quot;ha_cmc_init_switcher&quot;:&quot;no&quot;}\" data-elementor-post-type=\"page\">\n\t\t\t\t<div class=\"elementor-element elementor-element-757d989 e-flex e-con-boxed e-con e-parent\" data-id=\"757d989\" data-element_type=\"container\" data-e-type=\"container\" data-settings=\"{&quot;background_background&quot;:&quot;classic&quot;,&quot;shape_divider_bottom&quot;:&quot;waves&quot;,&quot;shape_divider_bottom_negative&quot;:&quot;yes&quot;,&quot;shape_divider_top&quot;:&quot;waves&quot;,&quot;shape_divider_top_negative&quot;:&quot;yes&quot;,&quot;_ha_eqh_enable&quot;:false}\">\n\t\t\t\t\t<div class=\"e-con-inner\">\n\t\t\t\t<div class=\"elementor-shape elementor-shape-top\" aria-hidden=\"true\" data-negative=\"true\">\n\t\t\t<svg xmlns=\"http:\/\/www.w3.org\/2000\/svg\" viewBox=\"0 0 1000 100\" preserveAspectRatio=\"none\">\n\t<path class=\"elementor-shape-fill\" d=\"M790.5,93.1c-59.3-5.3-116.8-18-192.6-50c-29.6-12.7-76.9-31-100.5-35.9c-23.6-4.9-52.6-7.8-75.5-5.3\n\tc-10.2,1.1-22.6,1.4-50.1,7.4c-27.2,6.3-58.2,16.6-79.4,24.7c-41.3,15.9-94.9,21.9-134,22.6C72,58.2,0,25.8,0,25.8V100h1000V65.3\n\tc0,0-51.5,19.4-106.2,25.7C839.5,97,814.1,95.2,790.5,93.1z\"\/>\n<\/svg>\t\t<\/div>\n\t\t\t\t<div class=\"elementor-shape elementor-shape-bottom\" aria-hidden=\"true\" data-negative=\"true\">\n\t\t\t<svg xmlns=\"http:\/\/www.w3.org\/2000\/svg\" viewBox=\"0 0 1000 100\" preserveAspectRatio=\"none\">\n\t<path class=\"elementor-shape-fill\" d=\"M790.5,93.1c-59.3-5.3-116.8-18-192.6-50c-29.6-12.7-76.9-31-100.5-35.9c-23.6-4.9-52.6-7.8-75.5-5.3\n\tc-10.2,1.1-22.6,1.4-50.1,7.4c-27.2,6.3-58.2,16.6-79.4,24.7c-41.3,15.9-94.9,21.9-134,22.6C72,58.2,0,25.8,0,25.8V100h1000V65.3\n\tc0,0-51.5,19.4-106.2,25.7C839.5,97,814.1,95.2,790.5,93.1z\"\/>\n<\/svg>\t\t<\/div>\n\t\t<div class=\"elementor-element elementor-element-456fd71 e-con-full e-flex e-con e-child\" data-id=\"456fd71\" data-element_type=\"container\" data-e-type=\"container\" data-settings=\"{&quot;_ha_eqh_enable&quot;:false}\">\n\t\t\t\t<div class=\"elementor-element elementor-element-5e3014d elementor-widget__width-inherit elementor-widget elementor-widget-text-editor\" data-id=\"5e3014d\" data-element_type=\"widget\" data-e-type=\"widget\" data-widget_type=\"text-editor.default\">\n\t\t\t\t<div class=\"elementor-widget-container\">\n\t\t\t\t\t\t\t\t\t<p><strong>Endere\u00e7o:<\/strong><\/p><p>enwitec electronic GmbH<br>Scherrwies 2<br>84329 Wurmannsquick<\/p><p>Registo comercial: HRB 13923<br>Tribunal de registo: Tribunal local de Landshut<\/p><p>Representada por:<br>CEO: Martin Gigler, CFO: Thomas Biehler<\/p><p>Contacto<br>Telefone: +49 (0)8725 9664-0<br>E-mail: info@enwitec.eu<\/p><p>ID do imposto sobre vendas<br>N\u00famero de identifica\u00e7\u00e3o do imposto sobre vendas de acordo com o \u00a7 27 a da lei do imposto sobre vendas:<br>DE 361708181<\/p><p>Resolu\u00e7\u00e3o de lit\u00edgios de consumo\/Conselho de arbitragem universal<br>N\u00e3o estamos dispostos nem somos obrigados a participar em processos de resolu\u00e7\u00e3o de lit\u00edgios perante um conselho de arbitragem de consumidores.<\/p>\t\t\t\t\t\t\t\t<\/div>\n\t\t\t\t<\/div>\n\t\t\t\t<div class=\"elementor-element elementor-element-dae3aab elementor-widget__width-inherit elementor-widget elementor-widget-global elementor-global-13005 elementor-global-12937 elementor-widget-text-editor\" data-id=\"dae3aab\" data-element_type=\"widget\" data-e-type=\"widget\" data-widget_type=\"text-editor.default\">\n\t\t\t\t<div class=\"elementor-widget-container\">\n\t\t\t\t\t\t\t\t\t<p><strong>Manuten\u00e7\u00e3o e cuidados t\u00e9cnicos<\/strong><\/p><p><a href=\"https:\/\/ffm.media\/\" target=\"_blank\" rel=\"noopener\"><img decoding=\"async\" class=\"alignnone wp-image-3549\" src=\"https:\/\/greenlink.technology\/wp-content\/uploads\/2025\/03\/ffm-media-logo.png\" alt=\"\" width=\"199\" height=\"52\" srcset=\"https:\/\/greenlink.technology\/wp-content\/uploads\/2025\/03\/ffm-media-logo.png 791w, https:\/\/greenlink.technology\/wp-content\/uploads\/2025\/03\/ffm-media-logo-300x79.png 300w, https:\/\/greenlink.technology\/wp-content\/uploads\/2025\/03\/ffm-media-logo-768x201.png 768w, https:\/\/greenlink.technology\/wp-content\/uploads\/2025\/03\/ffm-media-logo-600x157.png 600w\" sizes=\"(max-width: 199px) 100vw, 199px\" \/><\/a><\/p><p><a href=\"https:\/\/ffm.media\/\" target=\"_blank\" rel=\"noopener\">ffm.media e.K.<\/a><br>Senfelder Stra\u00dfe 1f<br>63110 Rodgau perto de Frankfurt<\/p><p>Tel.: 06106-6278790<br>E-mail: service@ffm.media<br>Internet: <a href=\"https:\/\/ffm.media\/\" target=\"_blank\" rel=\"noopener\">www.ffm.media<\/a><\/p>\t\t\t\t\t\t\t\t<\/div>\n\t\t\t\t<\/div>\n\t\t\t\t<\/div>\n\t\t<div class=\"elementor-element elementor-element-7b3f5cd e-con-full e-flex e-con e-child\" data-id=\"7b3f5cd\" data-element_type=\"container\" data-e-type=\"container\" data-settings=\"{&quot;_ha_eqh_enable&quot;:false}\">\n\t\t\t\t<div class=\"elementor-element elementor-element-a80fa77 elementor-widget__width-inherit elementor-widget elementor-widget-global elementor-global-13001 elementor-global-12940 elementor-widget-text-editor\" data-id=\"a80fa77\" data-element_type=\"widget\" data-e-type=\"widget\" data-widget_type=\"text-editor.default\">\n\t\t\t\t<div class=\"elementor-widget-container\">\n\t\t\t\t\t\t\t\t\t<p><strong>Informa\u00e7\u00e3o jur\u00eddica:<\/strong><\/p><p><strong>1. conte\u00fado da oferta em linha<\/strong><\/p><p>O autor n\u00e3o assume qualquer responsabilidade pela atualidade, corre\u00e7\u00e3o, integridade ou qualidade das informa\u00e7\u00f5es fornecidas. As reivindica\u00e7\u00f5es de responsabilidade contra o autor relativas a danos materiais ou morais causados pela utiliza\u00e7\u00e3o ou n\u00e3o utiliza\u00e7\u00e3o das informa\u00e7\u00f5es fornecidas ou pela utiliza\u00e7\u00e3o de informa\u00e7\u00f5es incorrectas ou incompletas est\u00e3o fundamentalmente exclu\u00eddas, a menos que haja provas de inten\u00e7\u00e3o deliberada ou neglig\u00eancia grave por parte do autor. Todas as ofertas est\u00e3o sujeitas a altera\u00e7\u00f5es e n\u00e3o s\u00e3o vinculativas. O autor reserva-se expressamente o direito de alterar, completar ou suprimir partes das p\u00e1ginas ou a totalidade da oferta sem aviso pr\u00e9vio ou de cessar a publica\u00e7\u00e3o tempor\u00e1ria ou permanentemente.   <\/p><p><strong>2. refer\u00eancias e liga\u00e7\u00f5es<\/strong><\/p><p>No caso de refer\u00eancias diretas ou indirectas a s\u00edtios Web externos (&#8220;links&#8221;) que se situem fora da \u00e1rea de responsabilidade do autor, a obriga\u00e7\u00e3o de responsabilidade s\u00f3 entrar\u00e1 em vigor se o autor tiver conhecimento do conte\u00fado e se lhe for tecnicamente poss\u00edvel e razo\u00e1vel impedir a utiliza\u00e7\u00e3o em caso de conte\u00fado ilegal. Por conseguinte, o autor declara expressamente que as p\u00e1ginas ligadas estavam livres de conte\u00fados ilegais no momento em que as liga\u00e7\u00f5es foram criadas. O autor n\u00e3o tem qualquer influ\u00eancia sobre a conce\u00e7\u00e3o e o conte\u00fado atual e futuro das p\u00e1ginas ligadas. Por conseguinte, o autor distancia-se expressamente de todos os conte\u00fados de todas as p\u00e1ginas ligadas que foram alterados ap\u00f3s a cria\u00e7\u00e3o da liga\u00e7\u00e3o. Esta declara\u00e7\u00e3o aplica-se a todas as hiperliga\u00e7\u00f5es e refer\u00eancias estabelecidas no pr\u00f3prio s\u00edtio Web do autor, bem como a entradas de terceiros em livros de visitas, f\u00f3runs de discuss\u00e3o e listas de correio eletr\u00f3nico criadas pelo autor. A responsabilidade por conte\u00fados ilegais, incorrectos ou incompletos e, em particular, por danos resultantes da utiliza\u00e7\u00e3o ou n\u00e3o utiliza\u00e7\u00e3o de tais informa\u00e7\u00f5es recai exclusivamente sobre o fornecedor da p\u00e1gina a que se faz refer\u00eancia e n\u00e3o sobre a pessoa que apenas remete para a respectiva publica\u00e7\u00e3o atrav\u00e9s de links.     <\/p><p><strong>3. direito de autor e direito de rotulagem<\/strong><\/p><p>O autor esfor\u00e7a-se por respeitar os direitos de autor dos gr\u00e1ficos, documentos sonoros, sequ\u00eancias de v\u00eddeo e textos utilizados em todas as publica\u00e7\u00f5es, por utilizar gr\u00e1ficos, documentos sonoros, sequ\u00eancias de v\u00eddeo e textos criados por si ou por utilizar gr\u00e1ficos, documentos sonoros, sequ\u00eancias de v\u00eddeo e textos isentos de licen\u00e7a. Todas as marcas e marcas registadas mencionadas no s\u00edtio Web e eventualmente protegidas por terceiros est\u00e3o sujeitas sem restri\u00e7\u00f5es \u00e0s disposi\u00e7\u00f5es da lei de marcas registadas aplic\u00e1vel e aos direitos de propriedade dos respectivos propriet\u00e1rios registados. A simples men\u00e7\u00e3o de uma marca n\u00e3o implica que esta n\u00e3o esteja protegida por direitos de terceiros! Os direitos de autor dos objectos publicados, criados pelo pr\u00f3prio autor, pertencem exclusivamente ao autor das p\u00e1ginas. Qualquer duplica\u00e7\u00e3o ou utiliza\u00e7\u00e3o de objectos como diagramas, sons ou textos noutras publica\u00e7\u00f5es electr\u00f3nicas ou impressas n\u00e3o \u00e9 permitida sem o consentimento do autor.    <\/p><p><strong>4. validade jur\u00eddica da presente declara\u00e7\u00e3o de exonera\u00e7\u00e3o de responsabilidade<\/strong><\/p><p>A presente declara\u00e7\u00e3o de exonera\u00e7\u00e3o de responsabilidade deve ser considerada como parte integrante da publica\u00e7\u00e3o na Internet para a qual foste remetido. Se sec\u00e7\u00f5es ou termos individuais desta declara\u00e7\u00e3o n\u00e3o forem legais ou corretos, o conte\u00fado ou a validade das outras partes n\u00e3o s\u00e3o influenciados por esse facto. <\/p>\t\t\t\t\t\t\t\t<\/div>\n\t\t\t\t<\/div>\n\t\t\t\t<\/div>\n\t\t\t\t\t<\/div>\n\t\t\t\t<\/div>\n\t\t\t\t<\/div>\n\t\t","protected":false},"excerpt":{"rendered":"<p>Endere\u00e7o: enwitec electronic GmbHScherrwies 284329 Wurmannsquick Registo comercial: HRB 13923Tribunal de registo: Tribunal local de Landshut Representada por:CEO: Martin Gigler, CFO: Thomas Biehler ContactoTelefone: +49 (0)8725 9664-0E-mail: info@enwitec.eu ID do imposto sobre vendasN\u00famero de identifica\u00e7\u00e3o do imposto sobre vendas de acordo com o \u00a7 27 a da lei do imposto sobre vendas:DE 361708181 Resolu\u00e7\u00e3o de [&hellip;]<\/p>\n","protected":false},"author":1,"featured_media":8613,"parent":25028,"menu_order":0,"comment_status":"closed","ping_status":"closed","template":"","meta":{"_acf_changed":false,"footnotes":""},"categories":[1284],"tags":[],"class_list":["post-12354","page","type-page","status-publish","has-post-thumbnail","hentry","category-enwitec-pt-pt"],"acf":[],"yoast_head":"<!-- This site is optimized with the Yoast SEO plugin v27.3 - https:\/\/yoast.com\/product\/yoast-seo-wordpress\/ -->\n<title>Impress\u00e3o - greenLink orchestrating energy flows | enwitec electronic GmbH | LinQ Europe Sp. z o.o.<\/title>\n<meta name=\"robots\" content=\"index, follow, max-snippet:-1, max-image-preview:large, max-video-preview:-1\" \/>\n<link rel=\"canonical\" href=\"https:\/\/greenlink.technology\/pt-pt\/sobre-nos\/a-empresa\/home-pt-pl\/impressao\/\" \/>\n<meta property=\"og:locale\" content=\"pt_PT\" \/>\n<meta property=\"og:type\" content=\"article\" \/>\n<meta property=\"og:title\" content=\"Impress\u00e3o - greenLink orchestrating energy flows | enwitec electronic GmbH | LinQ Europe Sp. z o.o.\" \/>\n<meta property=\"og:description\" content=\"Endere\u00e7o: enwitec electronic GmbHScherrwies 284329 Wurmannsquick Registo comercial: HRB 13923Tribunal de registo: Tribunal local de Landshut Representada por:CEO: Martin Gigler, CFO: Thomas Biehler ContactoTelefone: +49 (0)8725 9664-0E-mail: info@enwitec.eu ID do imposto sobre vendasN\u00famero de identifica\u00e7\u00e3o do imposto sobre vendas de acordo com o \u00a7 27 a da lei do imposto sobre vendas:DE 361708181 Resolu\u00e7\u00e3o de [&hellip;]\" \/>\n<meta property=\"og:url\" content=\"https:\/\/greenlink.technology\/pt-pt\/sobre-nos\/a-empresa\/home-pt-pl\/impressao\/\" \/>\n<meta property=\"og:site_name\" content=\"greenLink orchestrating energy flows | enwitec electronic GmbH | LinQ Europe Sp. z o.o.\" \/>\n<meta property=\"article:modified_time\" content=\"2026-03-27T09:07:37+00:00\" \/>\n<meta property=\"og:image\" content=\"https:\/\/greenlink.technology\/wp-content\/uploads\/2025\/03\/greenlink-nachhaltig-header.jpg\" \/>\n\t<meta property=\"og:image:width\" content=\"2300\" \/>\n\t<meta property=\"og:image:height\" content=\"855\" \/>\n\t<meta property=\"og:image:type\" content=\"image\/jpeg\" \/>\n<meta name=\"twitter:card\" content=\"summary_large_image\" \/>\n<meta name=\"twitter:label1\" content=\"Tempo estimado de leitura\" \/>\n\t<meta name=\"twitter:data1\" content=\"3 minutos\" \/>\n<script type=\"application\/ld+json\" class=\"yoast-schema-graph\">{\"@context\":\"https:\\\/\\\/schema.org\",\"@graph\":[{\"@type\":\"WebPage\",\"@id\":\"https:\\\/\\\/greenlink.technology\\\/pt-pt\\\/sobre-nos\\\/a-empresa\\\/home-pt-pl\\\/impressao\\\/\",\"url\":\"https:\\\/\\\/greenlink.technology\\\/pt-pt\\\/sobre-nos\\\/a-empresa\\\/home-pt-pl\\\/impressao\\\/\",\"name\":\"Impress\u00e3o - greenLink orchestrating energy flows | enwitec electronic GmbH | LinQ Europe Sp. z o.o.\",\"isPartOf\":{\"@id\":\"https:\\\/\\\/enwitec.eu\\\/en\\\/#website\"},\"primaryImageOfPage\":{\"@id\":\"https:\\\/\\\/greenlink.technology\\\/pt-pt\\\/sobre-nos\\\/a-empresa\\\/home-pt-pl\\\/impressao\\\/#primaryimage\"},\"image\":{\"@id\":\"https:\\\/\\\/greenlink.technology\\\/pt-pt\\\/sobre-nos\\\/a-empresa\\\/home-pt-pl\\\/impressao\\\/#primaryimage\"},\"thumbnailUrl\":\"https:\\\/\\\/greenlink.technology\\\/wp-content\\\/uploads\\\/2025\\\/03\\\/greenlink-nachhaltig-header.jpg\",\"datePublished\":\"2025-05-01T06:19:29+00:00\",\"dateModified\":\"2026-03-27T09:07:37+00:00\",\"breadcrumb\":{\"@id\":\"https:\\\/\\\/greenlink.technology\\\/pt-pt\\\/sobre-nos\\\/a-empresa\\\/home-pt-pl\\\/impressao\\\/#breadcrumb\"},\"inLanguage\":\"pt-PT\",\"potentialAction\":[{\"@type\":\"ReadAction\",\"target\":[\"https:\\\/\\\/greenlink.technology\\\/pt-pt\\\/sobre-nos\\\/a-empresa\\\/home-pt-pl\\\/impressao\\\/\"]}]},{\"@type\":\"ImageObject\",\"inLanguage\":\"pt-PT\",\"@id\":\"https:\\\/\\\/greenlink.technology\\\/pt-pt\\\/sobre-nos\\\/a-empresa\\\/home-pt-pl\\\/impressao\\\/#primaryimage\",\"url\":\"https:\\\/\\\/greenlink.technology\\\/wp-content\\\/uploads\\\/2025\\\/03\\\/greenlink-nachhaltig-header.jpg\",\"contentUrl\":\"https:\\\/\\\/greenlink.technology\\\/wp-content\\\/uploads\\\/2025\\\/03\\\/greenlink-nachhaltig-header.jpg\",\"width\":2300,\"height\":855},{\"@type\":\"BreadcrumbList\",\"@id\":\"https:\\\/\\\/greenlink.technology\\\/pt-pt\\\/sobre-nos\\\/a-empresa\\\/home-pt-pl\\\/impressao\\\/#breadcrumb\",\"itemListElement\":[{\"@type\":\"ListItem\",\"position\":1,\"name\":\"Startseite\",\"item\":\"https:\\\/\\\/enwitec.eu\\\/pt-pt\\\/\"},{\"@type\":\"ListItem\",\"position\":2,\"name\":\"Sobre n\u00f3s\",\"item\":\"https:\\\/\\\/greenlink.technology\\\/pt-pt\\\/sobre-nos\\\/\"},{\"@type\":\"ListItem\",\"position\":3,\"name\":\"A empresa\",\"item\":\"https:\\\/\\\/greenlink.technology\\\/pt-pt\\\/sobre-nos\\\/a-empresa\\\/\"},{\"@type\":\"ListItem\",\"position\":4,\"name\":\"enwitec\",\"item\":\"https:\\\/\\\/greenlink.technology\\\/pt-pt\\\/sobre-nos\\\/a-empresa\\\/home-pt-pl\\\/\"},{\"@type\":\"ListItem\",\"position\":5,\"name\":\"Impress\u00e3o\"}]},{\"@type\":\"WebSite\",\"@id\":\"https:\\\/\\\/enwitec.eu\\\/en\\\/#website\",\"url\":\"https:\\\/\\\/enwitec.eu\\\/en\\\/\",\"name\":\"greenLink orchestrating energy flows | enwitec electronic GmbH | LinQ Europe Sp. z o.o.\",\"description\":\"\",\"publisher\":{\"@id\":\"https:\\\/\\\/enwitec.eu\\\/en\\\/#organization\"},\"potentialAction\":[{\"@type\":\"SearchAction\",\"target\":{\"@type\":\"EntryPoint\",\"urlTemplate\":\"https:\\\/\\\/enwitec.eu\\\/en\\\/?s={search_term_string}\"},\"query-input\":{\"@type\":\"PropertyValueSpecification\",\"valueRequired\":true,\"valueName\":\"search_term_string\"}}],\"inLanguage\":\"pt-PT\"},{\"@type\":\"Organization\",\"@id\":\"https:\\\/\\\/enwitec.eu\\\/en\\\/#organization\",\"name\":\"greenLink orquestra\u00e7\u00e3o de fluxos de energia | enwitec electronic GmbH | LinQ Europe Sp. z o.o.\",\"url\":\"https:\\\/\\\/enwitec.eu\\\/en\\\/\",\"logo\":{\"@type\":\"ImageObject\",\"inLanguage\":\"pt-PT\",\"@id\":\"https:\\\/\\\/enwitec.eu\\\/en\\\/#\\\/schema\\\/logo\\\/image\\\/\",\"url\":\"https:\\\/\\\/greenlink.technology\\\/wp-content\\\/uploads\\\/2025\\\/01\\\/greenlink-logo-final.png\",\"contentUrl\":\"https:\\\/\\\/greenlink.technology\\\/wp-content\\\/uploads\\\/2025\\\/01\\\/greenlink-logo-final.png\",\"width\":2586,\"height\":629,\"caption\":\"greenLink orquestra\u00e7\u00e3o de fluxos de energia | enwitec electronic GmbH | LinQ Europe Sp. z o.o. \"},\"image\":{\"@id\":\"https:\\\/\\\/enwitec.eu\\\/en\\\/#\\\/schema\\\/logo\\\/image\\\/\"}}]}<\/script>\n<!-- \/ Yoast SEO plugin. -->","yoast_head_json":{"title":"Impress\u00e3o - greenLink orchestrating energy flows | enwitec electronic GmbH | LinQ Europe Sp. z o.o.","robots":{"index":"index","follow":"follow","max-snippet":"max-snippet:-1","max-image-preview":"max-image-preview:large","max-video-preview":"max-video-preview:-1"},"canonical":"https:\/\/greenlink.technology\/pt-pt\/sobre-nos\/a-empresa\/home-pt-pl\/impressao\/","og_locale":"pt_PT","og_type":"article","og_title":"Impress\u00e3o - greenLink orchestrating energy flows | enwitec electronic GmbH | LinQ Europe Sp. z o.o.","og_description":"Endere\u00e7o: enwitec electronic GmbHScherrwies 284329 Wurmannsquick Registo comercial: HRB 13923Tribunal de registo: Tribunal local de Landshut Representada por:CEO: Martin Gigler, CFO: Thomas Biehler ContactoTelefone: +49 (0)8725 9664-0E-mail: info@enwitec.eu ID do imposto sobre vendasN\u00famero de identifica\u00e7\u00e3o do imposto sobre vendas de acordo com o \u00a7 27 a da lei do imposto sobre vendas:DE 361708181 Resolu\u00e7\u00e3o de [&hellip;]","og_url":"https:\/\/greenlink.technology\/pt-pt\/sobre-nos\/a-empresa\/home-pt-pl\/impressao\/","og_site_name":"greenLink orchestrating energy flows | enwitec electronic GmbH | LinQ Europe Sp. z o.o.","article_modified_time":"2026-03-27T09:07:37+00:00","og_image":[{"width":2300,"height":855,"url":"https:\/\/greenlink.technology\/wp-content\/uploads\/2025\/03\/greenlink-nachhaltig-header.jpg","type":"image\/jpeg"}],"twitter_card":"summary_large_image","twitter_misc":{"Tempo estimado de leitura":"3 minutos"},"schema":{"@context":"https:\/\/schema.org","@graph":[{"@type":"WebPage","@id":"https:\/\/greenlink.technology\/pt-pt\/sobre-nos\/a-empresa\/home-pt-pl\/impressao\/","url":"https:\/\/greenlink.technology\/pt-pt\/sobre-nos\/a-empresa\/home-pt-pl\/impressao\/","name":"Impress\u00e3o - greenLink orchestrating energy flows | enwitec electronic GmbH | LinQ Europe Sp. z o.o.","isPartOf":{"@id":"https:\/\/enwitec.eu\/en\/#website"},"primaryImageOfPage":{"@id":"https:\/\/greenlink.technology\/pt-pt\/sobre-nos\/a-empresa\/home-pt-pl\/impressao\/#primaryimage"},"image":{"@id":"https:\/\/greenlink.technology\/pt-pt\/sobre-nos\/a-empresa\/home-pt-pl\/impressao\/#primaryimage"},"thumbnailUrl":"https:\/\/greenlink.technology\/wp-content\/uploads\/2025\/03\/greenlink-nachhaltig-header.jpg","datePublished":"2025-05-01T06:19:29+00:00","dateModified":"2026-03-27T09:07:37+00:00","breadcrumb":{"@id":"https:\/\/greenlink.technology\/pt-pt\/sobre-nos\/a-empresa\/home-pt-pl\/impressao\/#breadcrumb"},"inLanguage":"pt-PT","potentialAction":[{"@type":"ReadAction","target":["https:\/\/greenlink.technology\/pt-pt\/sobre-nos\/a-empresa\/home-pt-pl\/impressao\/"]}]},{"@type":"ImageObject","inLanguage":"pt-PT","@id":"https:\/\/greenlink.technology\/pt-pt\/sobre-nos\/a-empresa\/home-pt-pl\/impressao\/#primaryimage","url":"https:\/\/greenlink.technology\/wp-content\/uploads\/2025\/03\/greenlink-nachhaltig-header.jpg","contentUrl":"https:\/\/greenlink.technology\/wp-content\/uploads\/2025\/03\/greenlink-nachhaltig-header.jpg","width":2300,"height":855},{"@type":"BreadcrumbList","@id":"https:\/\/greenlink.technology\/pt-pt\/sobre-nos\/a-empresa\/home-pt-pl\/impressao\/#breadcrumb","itemListElement":[{"@type":"ListItem","position":1,"name":"Startseite","item":"https:\/\/enwitec.eu\/pt-pt\/"},{"@type":"ListItem","position":2,"name":"Sobre n\u00f3s","item":"https:\/\/greenlink.technology\/pt-pt\/sobre-nos\/"},{"@type":"ListItem","position":3,"name":"A empresa","item":"https:\/\/greenlink.technology\/pt-pt\/sobre-nos\/a-empresa\/"},{"@type":"ListItem","position":4,"name":"enwitec","item":"https:\/\/greenlink.technology\/pt-pt\/sobre-nos\/a-empresa\/home-pt-pl\/"},{"@type":"ListItem","position":5,"name":"Impress\u00e3o"}]},{"@type":"WebSite","@id":"https:\/\/enwitec.eu\/en\/#website","url":"https:\/\/enwitec.eu\/en\/","name":"greenLink orchestrating energy flows | enwitec electronic GmbH | LinQ Europe Sp. z o.o.","description":"","publisher":{"@id":"https:\/\/enwitec.eu\/en\/#organization"},"potentialAction":[{"@type":"SearchAction","target":{"@type":"EntryPoint","urlTemplate":"https:\/\/enwitec.eu\/en\/?s={search_term_string}"},"query-input":{"@type":"PropertyValueSpecification","valueRequired":true,"valueName":"search_term_string"}}],"inLanguage":"pt-PT"},{"@type":"Organization","@id":"https:\/\/enwitec.eu\/en\/#organization","name":"greenLink orquestra\u00e7\u00e3o de fluxos de energia | enwitec electronic GmbH | LinQ Europe Sp. z o.o.","url":"https:\/\/enwitec.eu\/en\/","logo":{"@type":"ImageObject","inLanguage":"pt-PT","@id":"https:\/\/enwitec.eu\/en\/#\/schema\/logo\/image\/","url":"https:\/\/greenlink.technology\/wp-content\/uploads\/2025\/01\/greenlink-logo-final.png","contentUrl":"https:\/\/greenlink.technology\/wp-content\/uploads\/2025\/01\/greenlink-logo-final.png","width":2586,"height":629,"caption":"greenLink orquestra\u00e7\u00e3o de fluxos de energia | enwitec electronic GmbH | LinQ Europe Sp. z o.o. "},"image":{"@id":"https:\/\/enwitec.eu\/en\/#\/schema\/logo\/image\/"}}]}},"_links":{"self":[{"href":"https:\/\/greenlink.technology\/pt-pt\/wp-json\/wp\/v2\/pages\/12354","targetHints":{"allow":["GET"]}}],"collection":[{"href":"https:\/\/greenlink.technology\/pt-pt\/wp-json\/wp\/v2\/pages"}],"about":[{"href":"https:\/\/greenlink.technology\/pt-pt\/wp-json\/wp\/v2\/types\/page"}],"author":[{"embeddable":true,"href":"https:\/\/greenlink.technology\/pt-pt\/wp-json\/wp\/v2\/users\/1"}],"replies":[{"embeddable":true,"href":"https:\/\/greenlink.technology\/pt-pt\/wp-json\/wp\/v2\/comments?post=12354"}],"version-history":[{"count":2,"href":"https:\/\/greenlink.technology\/pt-pt\/wp-json\/wp\/v2\/pages\/12354\/revisions"}],"predecessor-version":[{"id":25317,"href":"https:\/\/greenlink.technology\/pt-pt\/wp-json\/wp\/v2\/pages\/12354\/revisions\/25317"}],"up":[{"embeddable":true,"href":"https:\/\/greenlink.technology\/pt-pt\/wp-json\/wp\/v2\/pages\/25028"}],"wp:featuredmedia":[{"embeddable":true,"href":"https:\/\/greenlink.technology\/pt-pt\/wp-json\/wp\/v2\/media\/8613"}],"wp:attachment":[{"href":"https:\/\/greenlink.technology\/pt-pt\/wp-json\/wp\/v2\/media?parent=12354"}],"wp:term":[{"taxonomy":"category","embeddable":true,"href":"https:\/\/greenlink.technology\/pt-pt\/wp-json\/wp\/v2\/categories?post=12354"},{"taxonomy":"post_tag","embeddable":true,"href":"https:\/\/greenlink.technology\/pt-pt\/wp-json\/wp\/v2\/tags?post=12354"}],"curies":[{"name":"wp","href":"https:\/\/api.w.org\/{rel}","templated":true}]}}