{"id":9383,"date":"2025-04-14T08:52:40","date_gmt":"2025-04-14T06:52:40","guid":{"rendered":"https:\/\/greenlink.technology\/produkt\/enwitec-power-backup-63-verto-plus-pl-skrzynka-przelacznikow-sieciowych-10019509\/"},"modified":"2026-03-09T11:23:44","modified_gmt":"2026-03-09T10:23:44","slug":"enwitec-skrzynka-przelacznikow-sieciowych-power-backup-63-verto-plus-de-10019509","status":"publish","type":"product","link":"https:\/\/greenlink.technology\/pl\/produkt\/enwitec-skrzynka-przelacznikow-sieciowych-power-backup-63-verto-plus-de-10019509\/","title":{"rendered":"enwitec PowerBackup 63 VERTO PLUS DE skrzynka prze\u0142\u0105cznik\u00f3w sieciowych &#8211; 10019509"},"content":{"rendered":"<div class=\"system-stammdaten\">\n<h2\/>\n&nbsp;<\/p>\n<\/div>\n","protected":false},"excerpt":{"rendered":"<p>&nbsp;<\/p>\n","protected":false},"featured_media":17158,"comment_status":"closed","ping_status":"closed","template":"","meta":{"_acf_changed":false},"anwendung":[],"product_brand":[264],"product_cat":[367],"product_tag":[393,391,389,388,390,392],"class_list":{"0":"post-9383","1":"product","2":"type-product","3":"status-publish","4":"has-post-thumbnail","6":"product_brand-enwitec","7":"product_cat-skrzynki-przelacznikow-sieciowych","8":"product_tag-10019509-pl","9":"product_tag-fronius-pl","10":"product_tag-on-grid-pl","11":"product_tag-urzadzenia-przelaczajace-zasilanie","12":"product_tag-urzadzenie-przelaczajace","13":"product_tag-verto-plus-pl","14":"pa_laenderfreigabe-ch-pl","15":"pa_laenderfreigabe-pl","16":"pa_max-durchgangsleistung-0-30-kw-pl","17":"pa_max-durchgangsleistung-31-100-kw-pl","18":"pa_nf-a-netzanschlusspunkt-tn-c-pl","19":"pa_nf-a-netzanschlusspunkt-tn-s-pl","20":"pa_nf-a-netzanschlusspunkt-tt-pl","21":"pa_nf-i-d-verbraucheranlage-tn-s-pl","22":"pa_nf-i-d-verbraucheranlage-tt-pl","23":"pa_umschaltung-automatyczny","24":"pa_wechselrichter-fronius-verto-plus-pl","26":"first","27":"instock","28":"shipping-taxable","29":"product-type-simple"},"acf":{"product_informations":"<strong>Netzumschaltbox 3AC 230\/400V 50Hz<\/strong>\r\n<ul>\r\n \t<li>Anschlusssicherung max. 63A<\/li>\r\n \t<li>Allpolige oder dreipolige Trennung<\/li>\r\n \t<li>TN-C\/TN-S oder TT-Netze; KEIN TN-C Netz in der Kundenanlage<\/li>\r\n<\/ul>\r\n<strong>passend f\u00fcr<\/strong>\r\nFRONIUS \u2013 VERTO PLUS 15.0\/17.5\/20.0\/25.0\/30.0\/33.3\r\n\r\nL\u00e4nderverf\u00fcgbarkeit: DE und CH\r\n<ul>\r\n \t<li>incl. Fronius Smart Meter TS65A-3 - \u201eTouchscreen\u201c<\/li>\r\n<\/ul>\r\nF\u00fcr weitere technische Informationen downloaden Sie bitte die Dokumentation.\r\n\r\n<strong>Anmerkung<\/strong>\r\nMatchcode: 3PH_FRO_BBD(3)AP_35KW_3PH_DE","technical_data":"<table border=\"0\" cellspacing=\"0\" cellpadding=\"8\">\r\n<tbody>\r\n<tr>\r\n<th>Bezeichnung<\/th>\r\n<th>Wert<\/th>\r\n<\/tr>\r\n<tr>\r\n<td>Artikel Nr.<\/td>\r\n<td>10019509<\/td>\r\n<\/tr>\r\n<tr>\r\n<td>Kompatibel zu<\/td>\r\n<td>Fronius<\/td>\r\n<\/tr>\r\n<tr>\r\n<td>Phasen<\/td>\r\n<td>3 Phasig<\/td>\r\n<\/tr>\r\n<tr>\r\n<td>Netztrennung<\/td>\r\n<td>Allpolige oder dreipolige Trennung, ohne FRT-F\u00e4higkeit<\/td>\r\n<\/tr>\r\n<tr>\r\n<td>Max. thermische Durchgangsleistung<\/td>\r\n<td>35 kW<\/td>\r\n<\/tr>\r\n<tr>\r\n<td>L\u00e4nderkennung<\/td>\r\n<td>DE, CH<\/td>\r\n<\/tr>\r\n<tr>\r\n<td>NA-Schutz<\/td>\r\n<td>nein<\/td>\r\n<\/tr>\r\n<tr>\r\n<td>Quellenumschalter<\/td>\r\n<td>nein<\/td>\r\n<\/tr>\r\n<tr>\r\n<td>Nennspannung<\/td>\r\n<td>230\/400V<\/td>\r\n<\/tr>\r\n<tr>\r\n<td>Nennfrequenz<\/td>\r\n<td>50\/60 Hz<\/td>\r\n<\/tr>\r\n<tr>\r\n<td>Kurzschlussstrom<\/td>\r\n<td>10 kA<\/td>\r\n<\/tr>\r\n<tr>\r\n<td>Vorsicherung<\/td>\r\n<td>63 A<\/td>\r\n<\/tr>\r\n<tr>\r\n<td>Betriebstemperaturbereich<\/td>\r\n<td>-5\u00b0C bis +35\u00b0C<\/td>\r\n<\/tr>\r\n<tr>\r\n<td>Luftfeuchtigkeit<\/td>\r\n<td>5% bis 60%<\/td>\r\n<\/tr>\r\n<tr>\r\n<td>Schutzklasse<\/td>\r\n<td>II<\/td>\r\n<\/tr>\r\n<tr>\r\n<td>Abmessungen BxHxT<\/td>\r\n<td>315 x 600 x 155<\/td>\r\n<\/tr>\r\n<tr>\r\n<td>Gewicht<\/td>\r\n<td>7,6 kg<\/td>\r\n<\/tr>\r\n<tr>\r\n<td>Geh\u00e4use<\/td>\r\n<td>Polycarbonat<\/td>\r\n<\/tr>\r\n<\/tbody>\r\n<\/table>","download":"<a href=\"https:\/\/greenlink.technology\/wp-content\/uploads\/2026\/03\/10019509-DE_DAT_POWER-Backup-63-VERTO-PLUS-DE_2.0-f.pdf\" target=\"_blank\" rel=\"noopener\">Datenblatt DE<\/a>\r\n<a href=\"https:\/\/greenlink.technology\/wp-content\/uploads\/2026\/03\/10019509-GB_DAT_POWER-Backup-63-VERTO-PLUS-DE_2.0-f.pdf\" target=\"_blank\" rel=\"noopener\">Data Sheet EN<\/a>\r\n<a href=\"https:\/\/greenlink.technology\/wp-content\/uploads\/2026\/03\/10019509-PL_DAT_POWER-Backup-63-VERTO-PLUS-DE_2.0-f.pdf\" target=\"_blank\" rel=\"noopener\">Arkusz danych PL<\/a>\r\n\r\n<a href=\"https:\/\/greenlink.technology\/wp-content\/uploads\/2025\/11\/10019894_DE_EN_HB_Inst.-Anleitung-Fronius_Verto_Plus-a.pdf\" target=\"_blank\" rel=\"noopener\">Handbuch DE\/EN<\/a>\r\n<a href=\"https:\/\/greenlink.technology\/wp-content\/uploads\/2025\/10\/SE_MD_Enwitec_Notstromumschaltung_DE_250320_encrypted_Verto_Plus.pdf\" target=\"_blank\" rel=\"noopener\">Herstellererkl\u00e4rung<\/a>\r\n\r\n&nbsp;","product_short_description":"<strong>Wechselrichter:<\/strong> Fronius VERTO PLUS\r\n<strong>L\u00e4nderfreigabe:<\/strong> Deutschland, Schweiz\r\n<strong>max. thermische Durchgangsleistung :<\/strong> <span style=\"font-size: inherit;\">35 kW<\/span>\r\n<strong>Umschaltung: <\/strong>automatisch\r\n<strong>Netzform am Netzanschlusspunkt:<\/strong> TT, TN-S, TN-C\r\n<strong>Netzform in der Verbraucheranlage:<\/strong> TT, TN-S","photo_gallery":{"galerie_produkte":[[]]}},"yoast_head":"<!-- This site is optimized with the Yoast SEO plugin v27.3 - https:\/\/yoast.com\/product\/yoast-seo-wordpress\/ -->\n<title>enwitec PowerBackup 63 VERTO PLUS DE skrzynka prze\u0142\u0105cznik\u00f3w sieciowych - 10019509 - greenLink orchestrating energy flows | enwitec electronic GmbH | LinQ Europe Sp. z o.o.<\/title>\n<meta name=\"robots\" content=\"index, follow, max-snippet:-1, max-image-preview:large, max-video-preview:-1\" \/>\n<link rel=\"canonical\" href=\"https:\/\/greenlink.technology\/pl\/produkt\/enwitec-skrzynka-przelacznikow-sieciowych-power-backup-63-verto-plus-de-10019509\/\" \/>\n<meta property=\"og:locale\" content=\"pl_PL\" \/>\n<meta property=\"og:type\" content=\"article\" \/>\n<meta property=\"og:title\" content=\"enwitec PowerBackup 63 VERTO PLUS DE skrzynka prze\u0142\u0105cznik\u00f3w sieciowych - 10019509 - greenLink orchestrating energy flows | enwitec electronic GmbH | LinQ Europe Sp. z o.o.\" \/>\n<meta property=\"og:description\" content=\"&nbsp;\" \/>\n<meta property=\"og:url\" content=\"https:\/\/greenlink.technology\/pl\/produkt\/enwitec-skrzynka-przelacznikow-sieciowych-power-backup-63-verto-plus-de-10019509\/\" \/>\n<meta property=\"og:site_name\" content=\"greenLink orchestrating energy flows | enwitec electronic GmbH | LinQ Europe Sp. z o.o.\" \/>\n<meta property=\"article:modified_time\" content=\"2026-03-09T10:23:44+00:00\" \/>\n<meta property=\"og:image\" content=\"https:\/\/enwitec.eu\/wp-content\/uploads\/2025\/06\/10019509_front.png\" \/>\n\t<meta property=\"og:image:width\" content=\"500\" \/>\n\t<meta property=\"og:image:height\" content=\"500\" \/>\n\t<meta property=\"og:image:type\" content=\"image\/png\" \/>\n<meta name=\"twitter:card\" content=\"summary_large_image\" \/>\n<script type=\"application\/ld+json\" class=\"yoast-schema-graph\">{\"@context\":\"https:\\\/\\\/schema.org\",\"@graph\":[{\"@type\":\"WebPage\",\"@id\":\"https:\\\/\\\/greenlink.technology\\\/pl\\\/produkt\\\/enwitec-skrzynka-przelacznikow-sieciowych-power-backup-63-verto-plus-de-10019509\\\/\",\"url\":\"https:\\\/\\\/greenlink.technology\\\/pl\\\/produkt\\\/enwitec-skrzynka-przelacznikow-sieciowych-power-backup-63-verto-plus-de-10019509\\\/\",\"name\":\"enwitec PowerBackup 63 VERTO PLUS DE skrzynka prze\u0142\u0105cznik\u00f3w sieciowych - 10019509 - greenLink orchestrating energy flows | enwitec electronic GmbH | LinQ Europe Sp. z o.o.\",\"isPartOf\":{\"@id\":\"https:\\\/\\\/enwitec.eu\\\/en\\\/#website\"},\"primaryImageOfPage\":{\"@id\":\"https:\\\/\\\/greenlink.technology\\\/pl\\\/produkt\\\/enwitec-skrzynka-przelacznikow-sieciowych-power-backup-63-verto-plus-de-10019509\\\/#primaryimage\"},\"image\":{\"@id\":\"https:\\\/\\\/greenlink.technology\\\/pl\\\/produkt\\\/enwitec-skrzynka-przelacznikow-sieciowych-power-backup-63-verto-plus-de-10019509\\\/#primaryimage\"},\"thumbnailUrl\":\"https:\\\/\\\/greenlink.technology\\\/wp-content\\\/uploads\\\/2025\\\/06\\\/10019509_front.png\",\"datePublished\":\"2025-04-14T06:52:40+00:00\",\"dateModified\":\"2026-03-09T10:23:44+00:00\",\"breadcrumb\":{\"@id\":\"https:\\\/\\\/greenlink.technology\\\/pl\\\/produkt\\\/enwitec-skrzynka-przelacznikow-sieciowych-power-backup-63-verto-plus-de-10019509\\\/#breadcrumb\"},\"inLanguage\":\"pl-PL\",\"potentialAction\":[{\"@type\":\"ReadAction\",\"target\":[\"https:\\\/\\\/greenlink.technology\\\/pl\\\/produkt\\\/enwitec-skrzynka-przelacznikow-sieciowych-power-backup-63-verto-plus-de-10019509\\\/\"]}]},{\"@type\":\"ImageObject\",\"inLanguage\":\"pl-PL\",\"@id\":\"https:\\\/\\\/greenlink.technology\\\/pl\\\/produkt\\\/enwitec-skrzynka-przelacznikow-sieciowych-power-backup-63-verto-plus-de-10019509\\\/#primaryimage\",\"url\":\"https:\\\/\\\/greenlink.technology\\\/wp-content\\\/uploads\\\/2025\\\/06\\\/10019509_front.png\",\"contentUrl\":\"https:\\\/\\\/greenlink.technology\\\/wp-content\\\/uploads\\\/2025\\\/06\\\/10019509_front.png\",\"width\":500,\"height\":500},{\"@type\":\"BreadcrumbList\",\"@id\":\"https:\\\/\\\/greenlink.technology\\\/pl\\\/produkt\\\/enwitec-skrzynka-przelacznikow-sieciowych-power-backup-63-verto-plus-de-10019509\\\/#breadcrumb\",\"itemListElement\":[{\"@type\":\"ListItem\",\"position\":1,\"name\":\"Startseite\",\"item\":\"https:\\\/\\\/greenlink.technology\\\/pl\\\/\"},{\"@type\":\"ListItem\",\"position\":2,\"name\":\"Produkty\",\"item\":\"https:\\\/\\\/greenlink.technology\\\/pl\\\/o-nas\\\/firma\\\/enwitec\\\/produkty\\\/\"},{\"@type\":\"ListItem\",\"position\":3,\"name\":\"enwitec PowerBackup 63 VERTO PLUS DE skrzynka prze\u0142\u0105cznik\u00f3w sieciowych &#8211; 10019509\"}]},{\"@type\":\"WebSite\",\"@id\":\"https:\\\/\\\/enwitec.eu\\\/en\\\/#website\",\"url\":\"https:\\\/\\\/enwitec.eu\\\/en\\\/\",\"name\":\"greenLink orchestrating energy flows | enwitec electronic GmbH | LinQ Europe Sp. z o.o.\",\"description\":\"\",\"publisher\":{\"@id\":\"https:\\\/\\\/enwitec.eu\\\/en\\\/#organization\"},\"potentialAction\":[{\"@type\":\"SearchAction\",\"target\":{\"@type\":\"EntryPoint\",\"urlTemplate\":\"https:\\\/\\\/enwitec.eu\\\/en\\\/?s={search_term_string}\"},\"query-input\":{\"@type\":\"PropertyValueSpecification\",\"valueRequired\":true,\"valueName\":\"search_term_string\"}}],\"inLanguage\":\"pl-PL\"},{\"@type\":\"Organization\",\"@id\":\"https:\\\/\\\/enwitec.eu\\\/en\\\/#organization\",\"name\":\"greenLink orkiestruj\u0105cy przep\u0142ywy energii | enwitec electronic GmbH | LinQ Europe Sp. z o.o.\",\"url\":\"https:\\\/\\\/enwitec.eu\\\/en\\\/\",\"logo\":{\"@type\":\"ImageObject\",\"inLanguage\":\"pl-PL\",\"@id\":\"https:\\\/\\\/enwitec.eu\\\/en\\\/#\\\/schema\\\/logo\\\/image\\\/\",\"url\":\"https:\\\/\\\/greenlink.technology\\\/wp-content\\\/uploads\\\/2025\\\/01\\\/greenlink-logo-final.png\",\"contentUrl\":\"https:\\\/\\\/greenlink.technology\\\/wp-content\\\/uploads\\\/2025\\\/01\\\/greenlink-logo-final.png\",\"width\":2586,\"height\":629,\"caption\":\"greenLink orkiestruj\u0105cy przep\u0142ywy energii | enwitec electronic GmbH | LinQ Europe Sp. z o.o. \"},\"image\":{\"@id\":\"https:\\\/\\\/enwitec.eu\\\/en\\\/#\\\/schema\\\/logo\\\/image\\\/\"}}]}<\/script>\n<!-- \/ Yoast SEO plugin. -->","yoast_head_json":{"title":"enwitec PowerBackup 63 VERTO PLUS DE skrzynka prze\u0142\u0105cznik\u00f3w sieciowych - 10019509 - greenLink orchestrating energy flows | enwitec electronic GmbH | LinQ Europe Sp. z o.o.","robots":{"index":"index","follow":"follow","max-snippet":"max-snippet:-1","max-image-preview":"max-image-preview:large","max-video-preview":"max-video-preview:-1"},"canonical":"https:\/\/greenlink.technology\/pl\/produkt\/enwitec-skrzynka-przelacznikow-sieciowych-power-backup-63-verto-plus-de-10019509\/","og_locale":"pl_PL","og_type":"article","og_title":"enwitec PowerBackup 63 VERTO PLUS DE skrzynka prze\u0142\u0105cznik\u00f3w sieciowych - 10019509 - greenLink orchestrating energy flows | enwitec electronic GmbH | LinQ Europe Sp. z o.o.","og_description":"&nbsp;","og_url":"https:\/\/greenlink.technology\/pl\/produkt\/enwitec-skrzynka-przelacznikow-sieciowych-power-backup-63-verto-plus-de-10019509\/","og_site_name":"greenLink orchestrating energy flows | enwitec electronic GmbH | LinQ Europe Sp. z o.o.","article_modified_time":"2026-03-09T10:23:44+00:00","og_image":[{"width":500,"height":500,"url":"https:\/\/enwitec.eu\/wp-content\/uploads\/2025\/06\/10019509_front.png","type":"image\/png"}],"twitter_card":"summary_large_image","schema":{"@context":"https:\/\/schema.org","@graph":[{"@type":"WebPage","@id":"https:\/\/greenlink.technology\/pl\/produkt\/enwitec-skrzynka-przelacznikow-sieciowych-power-backup-63-verto-plus-de-10019509\/","url":"https:\/\/greenlink.technology\/pl\/produkt\/enwitec-skrzynka-przelacznikow-sieciowych-power-backup-63-verto-plus-de-10019509\/","name":"enwitec PowerBackup 63 VERTO PLUS DE skrzynka prze\u0142\u0105cznik\u00f3w sieciowych - 10019509 - greenLink orchestrating energy flows | enwitec electronic GmbH | LinQ Europe Sp. z o.o.","isPartOf":{"@id":"https:\/\/enwitec.eu\/en\/#website"},"primaryImageOfPage":{"@id":"https:\/\/greenlink.technology\/pl\/produkt\/enwitec-skrzynka-przelacznikow-sieciowych-power-backup-63-verto-plus-de-10019509\/#primaryimage"},"image":{"@id":"https:\/\/greenlink.technology\/pl\/produkt\/enwitec-skrzynka-przelacznikow-sieciowych-power-backup-63-verto-plus-de-10019509\/#primaryimage"},"thumbnailUrl":"https:\/\/greenlink.technology\/wp-content\/uploads\/2025\/06\/10019509_front.png","datePublished":"2025-04-14T06:52:40+00:00","dateModified":"2026-03-09T10:23:44+00:00","breadcrumb":{"@id":"https:\/\/greenlink.technology\/pl\/produkt\/enwitec-skrzynka-przelacznikow-sieciowych-power-backup-63-verto-plus-de-10019509\/#breadcrumb"},"inLanguage":"pl-PL","potentialAction":[{"@type":"ReadAction","target":["https:\/\/greenlink.technology\/pl\/produkt\/enwitec-skrzynka-przelacznikow-sieciowych-power-backup-63-verto-plus-de-10019509\/"]}]},{"@type":"ImageObject","inLanguage":"pl-PL","@id":"https:\/\/greenlink.technology\/pl\/produkt\/enwitec-skrzynka-przelacznikow-sieciowych-power-backup-63-verto-plus-de-10019509\/#primaryimage","url":"https:\/\/greenlink.technology\/wp-content\/uploads\/2025\/06\/10019509_front.png","contentUrl":"https:\/\/greenlink.technology\/wp-content\/uploads\/2025\/06\/10019509_front.png","width":500,"height":500},{"@type":"BreadcrumbList","@id":"https:\/\/greenlink.technology\/pl\/produkt\/enwitec-skrzynka-przelacznikow-sieciowych-power-backup-63-verto-plus-de-10019509\/#breadcrumb","itemListElement":[{"@type":"ListItem","position":1,"name":"Startseite","item":"https:\/\/greenlink.technology\/pl\/"},{"@type":"ListItem","position":2,"name":"Produkty","item":"https:\/\/greenlink.technology\/pl\/o-nas\/firma\/enwitec\/produkty\/"},{"@type":"ListItem","position":3,"name":"enwitec PowerBackup 63 VERTO PLUS DE skrzynka prze\u0142\u0105cznik\u00f3w sieciowych &#8211; 10019509"}]},{"@type":"WebSite","@id":"https:\/\/enwitec.eu\/en\/#website","url":"https:\/\/enwitec.eu\/en\/","name":"greenLink orchestrating energy flows | enwitec electronic GmbH | LinQ Europe Sp. z o.o.","description":"","publisher":{"@id":"https:\/\/enwitec.eu\/en\/#organization"},"potentialAction":[{"@type":"SearchAction","target":{"@type":"EntryPoint","urlTemplate":"https:\/\/enwitec.eu\/en\/?s={search_term_string}"},"query-input":{"@type":"PropertyValueSpecification","valueRequired":true,"valueName":"search_term_string"}}],"inLanguage":"pl-PL"},{"@type":"Organization","@id":"https:\/\/enwitec.eu\/en\/#organization","name":"greenLink orkiestruj\u0105cy przep\u0142ywy energii | enwitec electronic GmbH | LinQ Europe Sp. z o.o.","url":"https:\/\/enwitec.eu\/en\/","logo":{"@type":"ImageObject","inLanguage":"pl-PL","@id":"https:\/\/enwitec.eu\/en\/#\/schema\/logo\/image\/","url":"https:\/\/greenlink.technology\/wp-content\/uploads\/2025\/01\/greenlink-logo-final.png","contentUrl":"https:\/\/greenlink.technology\/wp-content\/uploads\/2025\/01\/greenlink-logo-final.png","width":2586,"height":629,"caption":"greenLink orkiestruj\u0105cy przep\u0142ywy energii | enwitec electronic GmbH | LinQ Europe Sp. z o.o. "},"image":{"@id":"https:\/\/enwitec.eu\/en\/#\/schema\/logo\/image\/"}}]}},"_links":{"self":[{"href":"https:\/\/greenlink.technology\/pl\/wp-json\/wp\/v2\/product\/9383","targetHints":{"allow":["GET"]}}],"collection":[{"href":"https:\/\/greenlink.technology\/pl\/wp-json\/wp\/v2\/product"}],"about":[{"href":"https:\/\/greenlink.technology\/pl\/wp-json\/wp\/v2\/types\/product"}],"replies":[{"embeddable":true,"href":"https:\/\/greenlink.technology\/pl\/wp-json\/wp\/v2\/comments?post=9383"}],"wp:featuredmedia":[{"embeddable":true,"href":"https:\/\/greenlink.technology\/pl\/wp-json\/wp\/v2\/media\/17158"}],"wp:attachment":[{"href":"https:\/\/greenlink.technology\/pl\/wp-json\/wp\/v2\/media?parent=9383"}],"wp:term":[{"taxonomy":"anwendung","embeddable":true,"href":"https:\/\/greenlink.technology\/pl\/wp-json\/wp\/v2\/anwendung?post=9383"},{"taxonomy":"product_brand","embeddable":true,"href":"https:\/\/greenlink.technology\/pl\/wp-json\/wp\/v2\/product_brand?post=9383"},{"taxonomy":"product_cat","embeddable":true,"href":"https:\/\/greenlink.technology\/pl\/wp-json\/wp\/v2\/product_cat?post=9383"},{"taxonomy":"product_tag","embeddable":true,"href":"https:\/\/greenlink.technology\/pl\/wp-json\/wp\/v2\/product_tag?post=9383"}],"curies":[{"name":"wp","href":"https:\/\/api.w.org\/{rel}","templated":true}]}}