{"id":20806,"date":"2025-11-10T16:58:57","date_gmt":"2025-11-10T15:58:57","guid":{"rendered":"https:\/\/greenlink.technology\/?post_type=product&#038;p=20806"},"modified":"2026-03-09T15:44:04","modified_gmt":"2026-03-09T14:44:04","slug":"skrzynka-rozdzielcza-enwitec-powerbackup-63-verto-plus-eu-10019335-kopie","status":"publish","type":"product","link":"https:\/\/greenlink.technology\/pl\/produkt\/skrzynka-rozdzielcza-enwitec-powerbackup-63-verto-plus-eu-10019335-kopie\/","title":{"rendered":"Skrzynka prze\u0142\u0105cznik\u00f3w sieciowych Enwitec Power Backup 63 Symo IP PL &#8211; 10019834"},"content":{"rendered":"<div class=\"system-stammdaten\">\n<h2><span class=\"TextRun MacChromeBold SCXW172981290 BCX0\" lang=\"DE-DE\" xml:lang=\"DE-DE\" data-contrast=\"auto\"><span class=\"NormalTextRun SpellingErrorV2Themed SCXW172981290 BCX0\">Podtrzymanie zasilania<\/span><span class=\"NormalTextRun SCXW172981290 BCX0\"> 63 <\/span><span class=\"NormalTextRun SpellingErrorV2Themed SCXW172981290 BCX0\">Symo<\/span><span class=\"NormalTextRun SCXW172981290 BCX0\"> IP PL<\/span><\/span><span class=\"EOP SCXW172981290 BCX0\" data-ccp-props=\"{}\"> <\/span><\/h2>\n<p>&nbsp;<\/p>\n<\/div>\n","protected":false},"excerpt":{"rendered":"<p>Podtrzymanie zasilania 63 Symo IP PL &nbsp;<\/p>\n","protected":false},"featured_media":21374,"comment_status":"closed","ping_status":"closed","template":"","meta":{"_acf_changed":false},"anwendung":[],"product_brand":[264],"product_cat":[367],"product_tag":[1640,391,1661,1662,389,1663,1664,1665,388,390],"class_list":{"0":"post-20806","1":"product","2":"type-product","3":"status-publish","4":"has-post-thumbnail","6":"product_brand-enwitec","7":"product_cat-skrzynki-przelacznikow-sieciowych","8":"product_tag-1640","9":"product_tag-fronius-pl","10":"product_tag-fronius-symo-gen24-plus","11":"product_tag-fronius-symo-hybrid","12":"product_tag-on-grid-pl","13":"product_tag-symo-gen24","14":"product_tag-symo-gen24-plus","15":"product_tag-symo-hybrid","16":"product_tag-urzadzenia-przelaczajace-zasilanie","17":"product_tag-urzadzenie-przelaczajace","18":"pa_laenderfreigabe-at-pl","19":"pa_laenderfreigabe-be-pl","20":"pa_laenderfreigabe-ch-pl","21":"pa_laenderfreigabe-es-pl","22":"pa_laenderfreigabe-fr-pl","23":"pa_laenderfreigabe-lu-pl","24":"pa_laenderfreigabe-nl-pl","25":"pa_laenderfreigabe-pl","26":"pa_laenderfreigabe-pt-pl","27":"pa_max-durchgangsleistung-0-30-kw-pl","28":"pa_max-durchgangsleistung-31-100-kw-pl","29":"pa_nf-a-netzanschlusspunkt-tn-c-pl","30":"pa_nf-a-netzanschlusspunkt-tn-s-pl","31":"pa_nf-a-netzanschlusspunkt-tt-pl","32":"pa_nf-i-d-verbraucheranlage-tn-s-pl","33":"pa_nf-i-d-verbraucheranlage-tt-pl","34":"pa_umschaltung-automatyczny","35":"pa_wechselrichter-fronius-verto-plus-pl","37":"first","38":"instock","39":"shipping-taxable","40":"product-type-simple"},"acf":{"product_informations":"<strong>Netzumschaltbox 3AC 230\/400V 50Hz<\/strong>\r\n<ul>\r\n \t<li>Anschlusssicherung max. 63A<\/li>\r\n \t<li>Allpolige oder dreipolige Trennung, ohne FRT-F\u00e4higkeit<\/li>\r\n \t<li>TN-C\/TN-S oder TT-Netze; KEIN TN-C Netz in der Kundenanlage<\/li>\r\n<\/ul>\r\n<strong>\r\npassend f\u00fcr<\/strong>\r\nFRONIUS - Symo Hybrid 3.0-3-S\/4.0-3-S\/5.0-3-S\r\nFRONIUS - Symo GEN24 6.0 Plus\/8.0 Plus\/10.0 Plus\/12.0 SC\r\n\r\nL\u00e4nderverf\u00fcgbarkeit: DE, CH\r\n<ul>\r\n \t<li>incl. Fronius Smart Meter IP mit Modbus TCP (LAN\/WLAN)<\/li>\r\n<\/ul>\r\nF\u00fcr weitere technische Informationen downloaden Sie bitte die Dokumentation.\r\n\r\n<strong>Anmerkung<\/strong>\r\nMatchcode: UM-IV [3 x 14] 20kW 400v 63A 3A B - a \u00dcX 400v 50H","technical_data":"<table border=\"0\" cellspacing=\"0\" cellpadding=\"8\">\r\n<tbody>\r\n<tr>\r\n<th>Bezeichnung<\/th>\r\n<th>Wert<\/th>\r\n<\/tr>\r\n<tr>\r\n<td>Artikel Nr.<\/td>\r\n<td>10019834<\/td>\r\n<\/tr>\r\n<tr>\r\n<td>Kompatibel zu<\/td>\r\n<td>Fronius<\/td>\r\n<\/tr>\r\n<tr>\r\n<td>Phasen<\/td>\r\n<td>3-phasig<\/td>\r\n<\/tr>\r\n<tr>\r\n<td>Netztrennung<\/td>\r\n<td>Allpolige oder dreipolige Trennung, ohne FRT-F\u00e4higkeit<\/td>\r\n<\/tr>\r\n<tr>\r\n<td>Max. thermische Durchgangsleistung<\/td>\r\n<td>20 kW<\/td>\r\n<\/tr>\r\n<tr>\r\n<td>L\u00e4nderkennung<\/td>\r\n<td>DE, CH<\/td>\r\n<\/tr>\r\n<tr>\r\n<td>NA-Schutz<\/td>\r\n<td>nein<\/td>\r\n<\/tr>\r\n<tr>\r\n<td>Quellenumschalter<\/td>\r\n<td>nein<\/td>\r\n<\/tr>\r\n<tr>\r\n<td>Nennspannung<\/td>\r\n<td>230\/400V<\/td>\r\n<\/tr>\r\n<tr>\r\n<td>Nennfrequenz<\/td>\r\n<td>50 Hz +\/- 5%<\/td>\r\n<\/tr>\r\n<tr>\r\n<td>Kurzschlussstrom<\/td>\r\n<td>10 kA<\/td>\r\n<\/tr>\r\n<tr>\r\n<td>Vorsicherung<\/td>\r\n<td>63 A<\/td>\r\n<\/tr>\r\n<tr>\r\n<td>Betriebstemperaturbereich<\/td>\r\n<td>-5\u00b0C bis +35\u00b0C<\/td>\r\n<\/tr>\r\n<tr>\r\n<td>Luftfeuchtigkeit<\/td>\r\n<td>5% bis 60%<\/td>\r\n<\/tr>\r\n<tr>\r\n<td>Schutzklasse<\/td>\r\n<td>II<\/td>\r\n<\/tr>\r\n<tr>\r\n<td>Abmessungen BxHxT<\/td>\r\n<td>315 x 750 x 155<\/td>\r\n<\/tr>\r\n<tr>\r\n<td>Gewicht<\/td>\r\n<td>10 kg<\/td>\r\n<\/tr>\r\n<tr>\r\n<td>Geh\u00e4use<\/td>\r\n<td>Polycarbonat<\/td>\r\n<\/tr>\r\n<\/tbody>\r\n<\/table>","download":"<a href=\"https:\/\/greenlink.technology\/wp-content\/uploads\/2026\/03\/10019834-DE_DAT_UM-IV-3-x-14-20kW-400v-63A-3A-B-a-UeX-400v-50H-b.pdf\" target=\"_blank\" rel=\"noopener\">Datenblatt DE<\/a>\r\n<a href=\"https:\/\/greenlink.technology\/wp-content\/uploads\/2026\/03\/10019834-GB_DAT_UM-IV-3-x-14-20kW-400v-63A-3A-B-a-UeX-400v-50H-b.pdf\" target=\"_blank\" rel=\"noopener\">data sheet GB<\/a>\r\n<a href=\"https:\/\/greenlink.technology\/wp-content\/uploads\/2025\/11\/10019896_DE_EN_HB_Inst.-Anleitung-Fronius-IP-a.pdf\" target=\"_blank\" rel=\"noopener\">Installationsanleitung DE\/GB<\/a>\r\n<a href=\"https:\/\/greenlink.technology\/wp-content\/uploads\/2025\/11\/10019834_KoEU_UM-IV-3-x-14-20kW-400v-63A-3A-B-a-UeX-400v-50H-Version-a-10_2025-.pdf\" target=\"_blank\" rel=\"noopener\">EU-Konformit\u00e4tserkl\u00e4rung<\/a>","product_short_description":"<strong>Wechselrichter:<\/strong> Fronius GEN24 PLUS (Fronius Symo Hybrid)\r\n<strong>L\u00e4nderfreigabe:<\/strong> Deutschland, Schweiz\r\n<strong>max. thermische Durchgangsleistung :<\/strong> 20<span style=\"font-size: inherit;\"> kW<\/span>\r\n<strong>Umschaltung: <\/strong>automatisch\r\n<strong>Netzform am Netzanschlusspunkt:<\/strong> TT, TN-S, TN-C\r\n<strong>Netzform in der Verbraucheranlage: <\/strong>TT, TN-S","photo_gallery":{"galerie_produkte":[[]]}},"yoast_head":"<!-- This site is optimized with the Yoast SEO plugin v27.3 - https:\/\/yoast.com\/product\/yoast-seo-wordpress\/ -->\n<title>Skrzynka prze\u0142\u0105cznik\u00f3w sieciowych Enwitec Power Backup 63 Symo IP PL - 10019834 - greenLink orchestrating energy flows | enwitec electronic GmbH | LinQ Europe Sp. z o.o.<\/title>\n<meta name=\"robots\" content=\"index, follow, max-snippet:-1, max-image-preview:large, max-video-preview:-1\" \/>\n<link rel=\"canonical\" href=\"https:\/\/greenlink.technology\/pl\/produkt\/skrzynka-rozdzielcza-enwitec-powerbackup-63-verto-plus-eu-10019335-kopie\/\" \/>\n<meta property=\"og:locale\" content=\"pl_PL\" \/>\n<meta property=\"og:type\" content=\"article\" \/>\n<meta property=\"og:title\" content=\"Skrzynka prze\u0142\u0105cznik\u00f3w sieciowych Enwitec Power Backup 63 Symo IP PL - 10019834 - greenLink orchestrating energy flows | enwitec electronic GmbH | LinQ Europe Sp. z o.o.\" \/>\n<meta property=\"og:description\" content=\"Podtrzymanie zasilania 63 Symo IP PL &nbsp;\" \/>\n<meta property=\"og:url\" content=\"https:\/\/greenlink.technology\/pl\/produkt\/skrzynka-rozdzielcza-enwitec-powerbackup-63-verto-plus-eu-10019335-kopie\/\" \/>\n<meta property=\"og:site_name\" content=\"greenLink orchestrating energy flows | enwitec electronic GmbH | LinQ Europe Sp. z o.o.\" \/>\n<meta property=\"article:modified_time\" content=\"2026-03-09T14:44:04+00:00\" \/>\n<meta property=\"og:image\" content=\"https:\/\/linqeurope.pl\/wp-content\/uploads\/2025\/11\/10019834_PowerBackup-SYMO-IP-DE-scaled.jpg\" \/>\n\t<meta property=\"og:image:width\" content=\"1463\" \/>\n\t<meta property=\"og:image:height\" content=\"2560\" \/>\n\t<meta property=\"og:image:type\" content=\"image\/jpeg\" \/>\n<meta name=\"twitter:card\" content=\"summary_large_image\" \/>\n<script type=\"application\/ld+json\" class=\"yoast-schema-graph\">{\"@context\":\"https:\\\/\\\/schema.org\",\"@graph\":[{\"@type\":\"WebPage\",\"@id\":\"https:\\\/\\\/greenlink.technology\\\/pl\\\/produkt\\\/skrzynka-rozdzielcza-enwitec-powerbackup-63-verto-plus-eu-10019335-kopie\\\/\",\"url\":\"https:\\\/\\\/greenlink.technology\\\/pl\\\/produkt\\\/skrzynka-rozdzielcza-enwitec-powerbackup-63-verto-plus-eu-10019335-kopie\\\/\",\"name\":\"Skrzynka prze\u0142\u0105cznik\u00f3w sieciowych Enwitec Power Backup 63 Symo IP PL - 10019834 - greenLink orchestrating energy flows | enwitec electronic GmbH | LinQ Europe Sp. z o.o.\",\"isPartOf\":{\"@id\":\"https:\\\/\\\/enwitec.eu\\\/en\\\/#website\"},\"primaryImageOfPage\":{\"@id\":\"https:\\\/\\\/greenlink.technology\\\/pl\\\/produkt\\\/skrzynka-rozdzielcza-enwitec-powerbackup-63-verto-plus-eu-10019335-kopie\\\/#primaryimage\"},\"image\":{\"@id\":\"https:\\\/\\\/greenlink.technology\\\/pl\\\/produkt\\\/skrzynka-rozdzielcza-enwitec-powerbackup-63-verto-plus-eu-10019335-kopie\\\/#primaryimage\"},\"thumbnailUrl\":\"https:\\\/\\\/greenlink.technology\\\/wp-content\\\/uploads\\\/2025\\\/11\\\/10019834_PowerBackup-SYMO-IP-DE-scaled.jpg\",\"datePublished\":\"2025-11-10T15:58:57+00:00\",\"dateModified\":\"2026-03-09T14:44:04+00:00\",\"breadcrumb\":{\"@id\":\"https:\\\/\\\/greenlink.technology\\\/pl\\\/produkt\\\/skrzynka-rozdzielcza-enwitec-powerbackup-63-verto-plus-eu-10019335-kopie\\\/#breadcrumb\"},\"inLanguage\":\"pl-PL\",\"potentialAction\":[{\"@type\":\"ReadAction\",\"target\":[\"https:\\\/\\\/greenlink.technology\\\/pl\\\/produkt\\\/skrzynka-rozdzielcza-enwitec-powerbackup-63-verto-plus-eu-10019335-kopie\\\/\"]}]},{\"@type\":\"ImageObject\",\"inLanguage\":\"pl-PL\",\"@id\":\"https:\\\/\\\/greenlink.technology\\\/pl\\\/produkt\\\/skrzynka-rozdzielcza-enwitec-powerbackup-63-verto-plus-eu-10019335-kopie\\\/#primaryimage\",\"url\":\"https:\\\/\\\/greenlink.technology\\\/wp-content\\\/uploads\\\/2025\\\/11\\\/10019834_PowerBackup-SYMO-IP-DE-scaled.jpg\",\"contentUrl\":\"https:\\\/\\\/greenlink.technology\\\/wp-content\\\/uploads\\\/2025\\\/11\\\/10019834_PowerBackup-SYMO-IP-DE-scaled.jpg\",\"width\":1463,\"height\":2560},{\"@type\":\"BreadcrumbList\",\"@id\":\"https:\\\/\\\/greenlink.technology\\\/pl\\\/produkt\\\/skrzynka-rozdzielcza-enwitec-powerbackup-63-verto-plus-eu-10019335-kopie\\\/#breadcrumb\",\"itemListElement\":[{\"@type\":\"ListItem\",\"position\":1,\"name\":\"Startseite\",\"item\":\"https:\\\/\\\/greenlink.technology\\\/pl\\\/\"},{\"@type\":\"ListItem\",\"position\":2,\"name\":\"Produkty\",\"item\":\"https:\\\/\\\/greenlink.technology\\\/pl\\\/o-nas\\\/firma\\\/enwitec\\\/produkty\\\/\"},{\"@type\":\"ListItem\",\"position\":3,\"name\":\"Skrzynka prze\u0142\u0105cznik\u00f3w sieciowych Enwitec Power Backup 63 Symo IP PL &#8211; 10019834\"}]},{\"@type\":\"WebSite\",\"@id\":\"https:\\\/\\\/enwitec.eu\\\/en\\\/#website\",\"url\":\"https:\\\/\\\/enwitec.eu\\\/en\\\/\",\"name\":\"greenLink orchestrating energy flows | enwitec electronic GmbH | LinQ Europe Sp. z o.o.\",\"description\":\"\",\"publisher\":{\"@id\":\"https:\\\/\\\/enwitec.eu\\\/en\\\/#organization\"},\"potentialAction\":[{\"@type\":\"SearchAction\",\"target\":{\"@type\":\"EntryPoint\",\"urlTemplate\":\"https:\\\/\\\/enwitec.eu\\\/en\\\/?s={search_term_string}\"},\"query-input\":{\"@type\":\"PropertyValueSpecification\",\"valueRequired\":true,\"valueName\":\"search_term_string\"}}],\"inLanguage\":\"pl-PL\"},{\"@type\":\"Organization\",\"@id\":\"https:\\\/\\\/enwitec.eu\\\/en\\\/#organization\",\"name\":\"greenLink orkiestruj\u0105cy przep\u0142ywy energii | enwitec electronic GmbH | LinQ Europe Sp. z o.o.\",\"url\":\"https:\\\/\\\/enwitec.eu\\\/en\\\/\",\"logo\":{\"@type\":\"ImageObject\",\"inLanguage\":\"pl-PL\",\"@id\":\"https:\\\/\\\/enwitec.eu\\\/en\\\/#\\\/schema\\\/logo\\\/image\\\/\",\"url\":\"https:\\\/\\\/greenlink.technology\\\/wp-content\\\/uploads\\\/2025\\\/01\\\/greenlink-logo-final.png\",\"contentUrl\":\"https:\\\/\\\/greenlink.technology\\\/wp-content\\\/uploads\\\/2025\\\/01\\\/greenlink-logo-final.png\",\"width\":2586,\"height\":629,\"caption\":\"greenLink orkiestruj\u0105cy przep\u0142ywy energii | enwitec electronic GmbH | LinQ Europe Sp. z o.o. \"},\"image\":{\"@id\":\"https:\\\/\\\/enwitec.eu\\\/en\\\/#\\\/schema\\\/logo\\\/image\\\/\"}}]}<\/script>\n<!-- \/ Yoast SEO plugin. -->","yoast_head_json":{"title":"Skrzynka prze\u0142\u0105cznik\u00f3w sieciowych Enwitec Power Backup 63 Symo IP PL - 10019834 - greenLink orchestrating energy flows | enwitec electronic GmbH | LinQ Europe Sp. z o.o.","robots":{"index":"index","follow":"follow","max-snippet":"max-snippet:-1","max-image-preview":"max-image-preview:large","max-video-preview":"max-video-preview:-1"},"canonical":"https:\/\/greenlink.technology\/pl\/produkt\/skrzynka-rozdzielcza-enwitec-powerbackup-63-verto-plus-eu-10019335-kopie\/","og_locale":"pl_PL","og_type":"article","og_title":"Skrzynka prze\u0142\u0105cznik\u00f3w sieciowych Enwitec Power Backup 63 Symo IP PL - 10019834 - greenLink orchestrating energy flows | enwitec electronic GmbH | LinQ Europe Sp. z o.o.","og_description":"Podtrzymanie zasilania 63 Symo IP PL &nbsp;","og_url":"https:\/\/greenlink.technology\/pl\/produkt\/skrzynka-rozdzielcza-enwitec-powerbackup-63-verto-plus-eu-10019335-kopie\/","og_site_name":"greenLink orchestrating energy flows | enwitec electronic GmbH | LinQ Europe Sp. z o.o.","article_modified_time":"2026-03-09T14:44:04+00:00","og_image":[{"width":1463,"height":2560,"url":"https:\/\/linqeurope.pl\/wp-content\/uploads\/2025\/11\/10019834_PowerBackup-SYMO-IP-DE-scaled.jpg","type":"image\/jpeg"}],"twitter_card":"summary_large_image","schema":{"@context":"https:\/\/schema.org","@graph":[{"@type":"WebPage","@id":"https:\/\/greenlink.technology\/pl\/produkt\/skrzynka-rozdzielcza-enwitec-powerbackup-63-verto-plus-eu-10019335-kopie\/","url":"https:\/\/greenlink.technology\/pl\/produkt\/skrzynka-rozdzielcza-enwitec-powerbackup-63-verto-plus-eu-10019335-kopie\/","name":"Skrzynka prze\u0142\u0105cznik\u00f3w sieciowych Enwitec Power Backup 63 Symo IP PL - 10019834 - greenLink orchestrating energy flows | enwitec electronic GmbH | LinQ Europe Sp. z o.o.","isPartOf":{"@id":"https:\/\/enwitec.eu\/en\/#website"},"primaryImageOfPage":{"@id":"https:\/\/greenlink.technology\/pl\/produkt\/skrzynka-rozdzielcza-enwitec-powerbackup-63-verto-plus-eu-10019335-kopie\/#primaryimage"},"image":{"@id":"https:\/\/greenlink.technology\/pl\/produkt\/skrzynka-rozdzielcza-enwitec-powerbackup-63-verto-plus-eu-10019335-kopie\/#primaryimage"},"thumbnailUrl":"https:\/\/greenlink.technology\/wp-content\/uploads\/2025\/11\/10019834_PowerBackup-SYMO-IP-DE-scaled.jpg","datePublished":"2025-11-10T15:58:57+00:00","dateModified":"2026-03-09T14:44:04+00:00","breadcrumb":{"@id":"https:\/\/greenlink.technology\/pl\/produkt\/skrzynka-rozdzielcza-enwitec-powerbackup-63-verto-plus-eu-10019335-kopie\/#breadcrumb"},"inLanguage":"pl-PL","potentialAction":[{"@type":"ReadAction","target":["https:\/\/greenlink.technology\/pl\/produkt\/skrzynka-rozdzielcza-enwitec-powerbackup-63-verto-plus-eu-10019335-kopie\/"]}]},{"@type":"ImageObject","inLanguage":"pl-PL","@id":"https:\/\/greenlink.technology\/pl\/produkt\/skrzynka-rozdzielcza-enwitec-powerbackup-63-verto-plus-eu-10019335-kopie\/#primaryimage","url":"https:\/\/greenlink.technology\/wp-content\/uploads\/2025\/11\/10019834_PowerBackup-SYMO-IP-DE-scaled.jpg","contentUrl":"https:\/\/greenlink.technology\/wp-content\/uploads\/2025\/11\/10019834_PowerBackup-SYMO-IP-DE-scaled.jpg","width":1463,"height":2560},{"@type":"BreadcrumbList","@id":"https:\/\/greenlink.technology\/pl\/produkt\/skrzynka-rozdzielcza-enwitec-powerbackup-63-verto-plus-eu-10019335-kopie\/#breadcrumb","itemListElement":[{"@type":"ListItem","position":1,"name":"Startseite","item":"https:\/\/greenlink.technology\/pl\/"},{"@type":"ListItem","position":2,"name":"Produkty","item":"https:\/\/greenlink.technology\/pl\/o-nas\/firma\/enwitec\/produkty\/"},{"@type":"ListItem","position":3,"name":"Skrzynka prze\u0142\u0105cznik\u00f3w sieciowych Enwitec Power Backup 63 Symo IP PL &#8211; 10019834"}]},{"@type":"WebSite","@id":"https:\/\/enwitec.eu\/en\/#website","url":"https:\/\/enwitec.eu\/en\/","name":"greenLink orchestrating energy flows | enwitec electronic GmbH | LinQ Europe Sp. z o.o.","description":"","publisher":{"@id":"https:\/\/enwitec.eu\/en\/#organization"},"potentialAction":[{"@type":"SearchAction","target":{"@type":"EntryPoint","urlTemplate":"https:\/\/enwitec.eu\/en\/?s={search_term_string}"},"query-input":{"@type":"PropertyValueSpecification","valueRequired":true,"valueName":"search_term_string"}}],"inLanguage":"pl-PL"},{"@type":"Organization","@id":"https:\/\/enwitec.eu\/en\/#organization","name":"greenLink orkiestruj\u0105cy przep\u0142ywy energii | enwitec electronic GmbH | LinQ Europe Sp. z o.o.","url":"https:\/\/enwitec.eu\/en\/","logo":{"@type":"ImageObject","inLanguage":"pl-PL","@id":"https:\/\/enwitec.eu\/en\/#\/schema\/logo\/image\/","url":"https:\/\/greenlink.technology\/wp-content\/uploads\/2025\/01\/greenlink-logo-final.png","contentUrl":"https:\/\/greenlink.technology\/wp-content\/uploads\/2025\/01\/greenlink-logo-final.png","width":2586,"height":629,"caption":"greenLink orkiestruj\u0105cy przep\u0142ywy energii | enwitec electronic GmbH | LinQ Europe Sp. z o.o. "},"image":{"@id":"https:\/\/enwitec.eu\/en\/#\/schema\/logo\/image\/"}}]}},"_links":{"self":[{"href":"https:\/\/greenlink.technology\/pl\/wp-json\/wp\/v2\/product\/20806","targetHints":{"allow":["GET"]}}],"collection":[{"href":"https:\/\/greenlink.technology\/pl\/wp-json\/wp\/v2\/product"}],"about":[{"href":"https:\/\/greenlink.technology\/pl\/wp-json\/wp\/v2\/types\/product"}],"replies":[{"embeddable":true,"href":"https:\/\/greenlink.technology\/pl\/wp-json\/wp\/v2\/comments?post=20806"}],"wp:featuredmedia":[{"embeddable":true,"href":"https:\/\/greenlink.technology\/pl\/wp-json\/wp\/v2\/media\/21374"}],"wp:attachment":[{"href":"https:\/\/greenlink.technology\/pl\/wp-json\/wp\/v2\/media?parent=20806"}],"wp:term":[{"taxonomy":"anwendung","embeddable":true,"href":"https:\/\/greenlink.technology\/pl\/wp-json\/wp\/v2\/anwendung?post=20806"},{"taxonomy":"product_brand","embeddable":true,"href":"https:\/\/greenlink.technology\/pl\/wp-json\/wp\/v2\/product_brand?post=20806"},{"taxonomy":"product_cat","embeddable":true,"href":"https:\/\/greenlink.technology\/pl\/wp-json\/wp\/v2\/product_cat?post=20806"},{"taxonomy":"product_tag","embeddable":true,"href":"https:\/\/greenlink.technology\/pl\/wp-json\/wp\/v2\/product_tag?post=20806"}],"curies":[{"name":"wp","href":"https:\/\/api.w.org\/{rel}","templated":true}]}}