{"id":20327,"date":"2025-07-09T10:55:07","date_gmt":"2025-07-09T08:55:07","guid":{"rendered":"https:\/\/greenlink.technology\/produkt\/podstawa-montazowa-500-mm-obudowa-maxipole-zs-mx3-1250-10018617\/"},"modified":"2025-07-09T10:55:07","modified_gmt":"2025-07-09T08:55:07","slug":"podstawa-montazowa-500-mm-obudowa-maxipole-zs-mx3-1250-10018617","status":"publish","type":"product","link":"https:\/\/greenlink.technology\/pl\/produkt\/podstawa-montazowa-500-mm-obudowa-maxipole-zs-mx3-1250-10018617\/","title":{"rendered":"Podstawa monta\u017cowa 500 mm &#8211; obudowa Maxipole ZS MX3\/1250 &#8211; 10018617"},"content":{"rendered":"","protected":false},"excerpt":{"rendered":"","protected":false},"featured_media":0,"comment_status":"closed","ping_status":"closed","template":"","meta":{"_acf_changed":false},"anwendung":[],"product_brand":[],"product_cat":[1380],"product_tag":[1126,590,1387,585],"class_list":{"0":"post-20327","1":"product","2":"type-product","3":"status-publish","5":"product_cat-akcesoria-ochronne-na","6":"product_tag-10018545-pl","7":"product_tag-10018546-pl","8":"product_tag-1387","9":"product_tag-ochrona-sieci-i-systemu","11":"first","12":"instock","13":"shipping-taxable","14":"product-type-simple"},"acf":{"product_informations":"Akcesoria do artyku\u0142\u00f3w 10018545 i 10018546","technical_data":"Cok\u00f3\u0142 monta\u017cowy 500 mm\nodpowiedni dla Cahors MAXIPOL WxD(mm) 1250x300\n\n- Poliester GFK\n- zawiera szyn\u0119 C do zacisku kablowego\n- ca\u0142kowita wysoko\u015b\u0107 ok. 500 mm\n- pokrywa do konserwacji i monta\u017cu z przodu\n- zawiera materia\u0142 mocuj\u0105cy do obudowy  \n\nZestaw jest dostarczany w pojedynczych cz\u0119\u015bciach - monta\u017c na miejscu\n(wype\u0142niacz coko\u0142u nie wchodzi w sk\u0142ad zestawu!).","download":"","product_short_description":"","photo_gallery":{"galerie_produkte":[[]]}},"yoast_head":"<!-- This site is optimized with the Yoast SEO plugin v27.3 - https:\/\/yoast.com\/product\/yoast-seo-wordpress\/ -->\n<title>Podstawa monta\u017cowa 500 mm - obudowa Maxipole ZS MX3\/1250 - 10018617 - greenLink orchestrating energy flows | enwitec electronic GmbH | LinQ Europe Sp. z o.o.<\/title>\n<meta name=\"robots\" content=\"index, follow, max-snippet:-1, max-image-preview:large, max-video-preview:-1\" \/>\n<link rel=\"canonical\" href=\"https:\/\/greenlink.technology\/pl\/produkt\/podstawa-montazowa-500-mm-obudowa-maxipole-zs-mx3-1250-10018617\/\" \/>\n<meta property=\"og:locale\" content=\"pl_PL\" \/>\n<meta property=\"og:type\" content=\"article\" \/>\n<meta property=\"og:title\" content=\"Podstawa monta\u017cowa 500 mm - obudowa Maxipole ZS MX3\/1250 - 10018617 - greenLink orchestrating energy flows | enwitec electronic GmbH | LinQ Europe Sp. z o.o.\" \/>\n<meta property=\"og:url\" content=\"https:\/\/greenlink.technology\/pl\/produkt\/podstawa-montazowa-500-mm-obudowa-maxipole-zs-mx3-1250-10018617\/\" \/>\n<meta property=\"og:site_name\" content=\"greenLink orchestrating energy flows | enwitec electronic GmbH | LinQ Europe Sp. z o.o.\" \/>\n<meta name=\"twitter:card\" content=\"summary_large_image\" \/>\n<script type=\"application\/ld+json\" class=\"yoast-schema-graph\">{\"@context\":\"https:\\\/\\\/schema.org\",\"@graph\":[{\"@type\":\"WebPage\",\"@id\":\"https:\\\/\\\/greenlink.technology\\\/pl\\\/produkt\\\/podstawa-montazowa-500-mm-obudowa-maxipole-zs-mx3-1250-10018617\\\/\",\"url\":\"https:\\\/\\\/greenlink.technology\\\/pl\\\/produkt\\\/podstawa-montazowa-500-mm-obudowa-maxipole-zs-mx3-1250-10018617\\\/\",\"name\":\"Podstawa monta\u017cowa 500 mm - obudowa Maxipole ZS MX3\\\/1250 - 10018617 - greenLink orchestrating energy flows | enwitec electronic GmbH | LinQ Europe Sp. z o.o.\",\"isPartOf\":{\"@id\":\"https:\\\/\\\/enwitec.eu\\\/en\\\/#website\"},\"datePublished\":\"2025-07-09T08:55:07+00:00\",\"breadcrumb\":{\"@id\":\"https:\\\/\\\/greenlink.technology\\\/pl\\\/produkt\\\/podstawa-montazowa-500-mm-obudowa-maxipole-zs-mx3-1250-10018617\\\/#breadcrumb\"},\"inLanguage\":\"pl-PL\",\"potentialAction\":[{\"@type\":\"ReadAction\",\"target\":[\"https:\\\/\\\/greenlink.technology\\\/pl\\\/produkt\\\/podstawa-montazowa-500-mm-obudowa-maxipole-zs-mx3-1250-10018617\\\/\"]}]},{\"@type\":\"BreadcrumbList\",\"@id\":\"https:\\\/\\\/greenlink.technology\\\/pl\\\/produkt\\\/podstawa-montazowa-500-mm-obudowa-maxipole-zs-mx3-1250-10018617\\\/#breadcrumb\",\"itemListElement\":[{\"@type\":\"ListItem\",\"position\":1,\"name\":\"Startseite\",\"item\":\"https:\\\/\\\/greenlink.technology\\\/pl\\\/\"},{\"@type\":\"ListItem\",\"position\":2,\"name\":\"Produkty\",\"item\":\"https:\\\/\\\/greenlink.technology\\\/pl\\\/o-nas\\\/firma\\\/enwitec\\\/produkty\\\/\"},{\"@type\":\"ListItem\",\"position\":3,\"name\":\"Podstawa monta\u017cowa 500 mm &#8211; obudowa Maxipole ZS MX3\\\/1250 &#8211; 10018617\"}]},{\"@type\":\"WebSite\",\"@id\":\"https:\\\/\\\/enwitec.eu\\\/en\\\/#website\",\"url\":\"https:\\\/\\\/enwitec.eu\\\/en\\\/\",\"name\":\"greenLink orchestrating energy flows | enwitec electronic GmbH | LinQ Europe Sp. z o.o.\",\"description\":\"\",\"publisher\":{\"@id\":\"https:\\\/\\\/enwitec.eu\\\/en\\\/#organization\"},\"potentialAction\":[{\"@type\":\"SearchAction\",\"target\":{\"@type\":\"EntryPoint\",\"urlTemplate\":\"https:\\\/\\\/enwitec.eu\\\/en\\\/?s={search_term_string}\"},\"query-input\":{\"@type\":\"PropertyValueSpecification\",\"valueRequired\":true,\"valueName\":\"search_term_string\"}}],\"inLanguage\":\"pl-PL\"},{\"@type\":\"Organization\",\"@id\":\"https:\\\/\\\/enwitec.eu\\\/en\\\/#organization\",\"name\":\"greenLink orkiestruj\u0105cy przep\u0142ywy energii | enwitec electronic GmbH | LinQ Europe Sp. z o.o.\",\"url\":\"https:\\\/\\\/enwitec.eu\\\/en\\\/\",\"logo\":{\"@type\":\"ImageObject\",\"inLanguage\":\"pl-PL\",\"@id\":\"https:\\\/\\\/enwitec.eu\\\/en\\\/#\\\/schema\\\/logo\\\/image\\\/\",\"url\":\"https:\\\/\\\/greenlink.technology\\\/wp-content\\\/uploads\\\/2025\\\/01\\\/greenlink-logo-final.png\",\"contentUrl\":\"https:\\\/\\\/greenlink.technology\\\/wp-content\\\/uploads\\\/2025\\\/01\\\/greenlink-logo-final.png\",\"width\":2586,\"height\":629,\"caption\":\"greenLink orkiestruj\u0105cy przep\u0142ywy energii | enwitec electronic GmbH | LinQ Europe Sp. z o.o. \"},\"image\":{\"@id\":\"https:\\\/\\\/enwitec.eu\\\/en\\\/#\\\/schema\\\/logo\\\/image\\\/\"}}]}<\/script>\n<!-- \/ Yoast SEO plugin. -->","yoast_head_json":{"title":"Podstawa monta\u017cowa 500 mm - obudowa Maxipole ZS MX3\/1250 - 10018617 - greenLink orchestrating energy flows | enwitec electronic GmbH | LinQ Europe Sp. z o.o.","robots":{"index":"index","follow":"follow","max-snippet":"max-snippet:-1","max-image-preview":"max-image-preview:large","max-video-preview":"max-video-preview:-1"},"canonical":"https:\/\/greenlink.technology\/pl\/produkt\/podstawa-montazowa-500-mm-obudowa-maxipole-zs-mx3-1250-10018617\/","og_locale":"pl_PL","og_type":"article","og_title":"Podstawa monta\u017cowa 500 mm - obudowa Maxipole ZS MX3\/1250 - 10018617 - greenLink orchestrating energy flows | enwitec electronic GmbH | LinQ Europe Sp. z o.o.","og_url":"https:\/\/greenlink.technology\/pl\/produkt\/podstawa-montazowa-500-mm-obudowa-maxipole-zs-mx3-1250-10018617\/","og_site_name":"greenLink orchestrating energy flows | enwitec electronic GmbH | LinQ Europe Sp. z o.o.","twitter_card":"summary_large_image","schema":{"@context":"https:\/\/schema.org","@graph":[{"@type":"WebPage","@id":"https:\/\/greenlink.technology\/pl\/produkt\/podstawa-montazowa-500-mm-obudowa-maxipole-zs-mx3-1250-10018617\/","url":"https:\/\/greenlink.technology\/pl\/produkt\/podstawa-montazowa-500-mm-obudowa-maxipole-zs-mx3-1250-10018617\/","name":"Podstawa monta\u017cowa 500 mm - obudowa Maxipole ZS MX3\/1250 - 10018617 - greenLink orchestrating energy flows | enwitec electronic GmbH | LinQ Europe Sp. z o.o.","isPartOf":{"@id":"https:\/\/enwitec.eu\/en\/#website"},"datePublished":"2025-07-09T08:55:07+00:00","breadcrumb":{"@id":"https:\/\/greenlink.technology\/pl\/produkt\/podstawa-montazowa-500-mm-obudowa-maxipole-zs-mx3-1250-10018617\/#breadcrumb"},"inLanguage":"pl-PL","potentialAction":[{"@type":"ReadAction","target":["https:\/\/greenlink.technology\/pl\/produkt\/podstawa-montazowa-500-mm-obudowa-maxipole-zs-mx3-1250-10018617\/"]}]},{"@type":"BreadcrumbList","@id":"https:\/\/greenlink.technology\/pl\/produkt\/podstawa-montazowa-500-mm-obudowa-maxipole-zs-mx3-1250-10018617\/#breadcrumb","itemListElement":[{"@type":"ListItem","position":1,"name":"Startseite","item":"https:\/\/greenlink.technology\/pl\/"},{"@type":"ListItem","position":2,"name":"Produkty","item":"https:\/\/greenlink.technology\/pl\/o-nas\/firma\/enwitec\/produkty\/"},{"@type":"ListItem","position":3,"name":"Podstawa monta\u017cowa 500 mm &#8211; obudowa Maxipole ZS MX3\/1250 &#8211; 10018617"}]},{"@type":"WebSite","@id":"https:\/\/enwitec.eu\/en\/#website","url":"https:\/\/enwitec.eu\/en\/","name":"greenLink orchestrating energy flows | enwitec electronic GmbH | LinQ Europe Sp. z o.o.","description":"","publisher":{"@id":"https:\/\/enwitec.eu\/en\/#organization"},"potentialAction":[{"@type":"SearchAction","target":{"@type":"EntryPoint","urlTemplate":"https:\/\/enwitec.eu\/en\/?s={search_term_string}"},"query-input":{"@type":"PropertyValueSpecification","valueRequired":true,"valueName":"search_term_string"}}],"inLanguage":"pl-PL"},{"@type":"Organization","@id":"https:\/\/enwitec.eu\/en\/#organization","name":"greenLink orkiestruj\u0105cy przep\u0142ywy energii | enwitec electronic GmbH | LinQ Europe Sp. z o.o.","url":"https:\/\/enwitec.eu\/en\/","logo":{"@type":"ImageObject","inLanguage":"pl-PL","@id":"https:\/\/enwitec.eu\/en\/#\/schema\/logo\/image\/","url":"https:\/\/greenlink.technology\/wp-content\/uploads\/2025\/01\/greenlink-logo-final.png","contentUrl":"https:\/\/greenlink.technology\/wp-content\/uploads\/2025\/01\/greenlink-logo-final.png","width":2586,"height":629,"caption":"greenLink orkiestruj\u0105cy przep\u0142ywy energii | enwitec electronic GmbH | LinQ Europe Sp. z o.o. "},"image":{"@id":"https:\/\/enwitec.eu\/en\/#\/schema\/logo\/image\/"}}]}},"_links":{"self":[{"href":"https:\/\/greenlink.technology\/pl\/wp-json\/wp\/v2\/product\/20327","targetHints":{"allow":["GET"]}}],"collection":[{"href":"https:\/\/greenlink.technology\/pl\/wp-json\/wp\/v2\/product"}],"about":[{"href":"https:\/\/greenlink.technology\/pl\/wp-json\/wp\/v2\/types\/product"}],"replies":[{"embeddable":true,"href":"https:\/\/greenlink.technology\/pl\/wp-json\/wp\/v2\/comments?post=20327"}],"wp:attachment":[{"href":"https:\/\/greenlink.technology\/pl\/wp-json\/wp\/v2\/media?parent=20327"}],"wp:term":[{"taxonomy":"anwendung","embeddable":true,"href":"https:\/\/greenlink.technology\/pl\/wp-json\/wp\/v2\/anwendung?post=20327"},{"taxonomy":"product_brand","embeddable":true,"href":"https:\/\/greenlink.technology\/pl\/wp-json\/wp\/v2\/product_brand?post=20327"},{"taxonomy":"product_cat","embeddable":true,"href":"https:\/\/greenlink.technology\/pl\/wp-json\/wp\/v2\/product_cat?post=20327"},{"taxonomy":"product_tag","embeddable":true,"href":"https:\/\/greenlink.technology\/pl\/wp-json\/wp\/v2\/product_tag?post=20327"}],"curies":[{"name":"wp","href":"https:\/\/api.w.org\/{rel}","templated":true}]}}