{"id":17216,"date":"2025-06-30T14:59:56","date_gmt":"2025-06-30T12:59:56","guid":{"rendered":"https:\/\/enwitec.eu\/?post_type=product&#038;p=17216"},"modified":"2025-09-15T11:12:01","modified_gmt":"2025-09-15T09:12:01","slug":"rozdzielacz-ac-enwitec-3ac-400-tnc-5-nh000-x-bc-pes-1-0-10015383-kopie","status":"publish","type":"product","link":"https:\/\/greenlink.technology\/pl\/produkt\/rozdzielacz-ac-enwitec-3ac-400-tnc-5-nh000-x-bc-pes-1-0-10015383-kopie\/","title":{"rendered":"Rozdzielacz AC enwitec FieldConnect 800 &#8211; 10019566"},"content":{"rendered":"<div class=\"system-stammdaten\">\n<h2><\/h2>\n<p>&nbsp;<\/p>\n<\/div>\n","protected":false},"excerpt":{"rendered":"<p>&nbsp;<\/p>\n","protected":false},"featured_media":17235,"comment_status":"closed","ping_status":"closed","template":"","meta":{"_acf_changed":false},"anwendung":[],"product_brand":[264],"product_cat":[718],"product_tag":[1418,719,1419],"class_list":{"0":"post-17216","1":"product","2":"type-product","3":"status-publish","4":"has-post-thumbnail","6":"product_brand-enwitec","7":"product_cat-rozdzielnice-ac","8":"product_tag-1418","9":"product_tag-dystrybutor-ac","10":"product_tag-fieldconnect","11":"pa_ueberspannungsschutz-tns-typu-iiiiii","12":"pa_wechselrichtereingaenge-5-6-pl","14":"first","15":"instock","16":"shipping-taxable","17":"product-type-simple"},"acf":{"product_informations":"FieldConnect 800 to rozdzielnica pr\u0105du przemiennego dla sieci 800 V, zaprojektowana dla ca\u0142kowitej mocy wyj\u015bciowej systemu do 1 MW (1,1 MVA). Dzi\u0119ki maksymalnemu pr\u0105dowi roboczemu 800 A i elastycznej, dostosowanej do projektu konstrukcji, wyznacza nowe standardy w zakresie wydajno\u015bci i dost\u0119pno\u015bci. \n\nOferuje niezawodne i elastyczne rozwi\u0105zanie do dystrybucji zasilania pr\u0105dem przemiennym. Jest przygotowana na wysokie obci\u0105\u017cenia termiczne i elektryczne i mo\u017ce by\u0107 u\u017cywana zar\u00f3wno w zastosowaniach wewn\u0119trznych, jak i zewn\u0119trznych. Rozdzielnica jest wyposa\u017cona w wysokiej jako\u015bci system szyn zbiorczych 185 mm i oferuje r\u00f3\u017cne opcje po\u0142\u0105cze\u0144, aby spe\u0142ni\u0107 specyficzne wymagania projekt\u00f3w.  \n\nZmaksymalizuj wydajno\u015b\u0107 i bezpiecze\u0144stwo infrastruktury energetycznej dzi\u0119ki FieldConnect 800.","technical_data":"<div class=\"stammdaten-col\">\n<div class=\"line\">\n<p class=\"system-stammdaten-left\">Nr artyku\u0142u: 10019566\n<span style=\"font-size: inherit;\">Forma siatki: <\/span><span style=\"font-size: inherit;\">TN-S\n<\/span><span style=\"font-size: inherit;\">Liczba wej\u015b\u0107 falownika: <\/span><span style=\"font-size: inherit;\">5\n<\/span><span style=\"font-size: inherit;\">Zabezpieczenie przeciwprzepi\u0119ciowe: Typ I+II+III TNS<\/span><span style=\"font-size: inherit;\">\n<\/span><span style=\"font-size: inherit;\">Typ bezpiecznika: roz\u0142\u0105cznik NH1<\/span><span style=\"font-size: inherit;\">\n<\/span><span style=\"font-size: inherit;\">Max (Ue): 8 <\/span><span style=\"font-size: inherit;\">00 V\n<\/span><span style=\"font-size: inherit;\">Cz\u0119stotliwo\u015b\u0107 robocza (fn): <\/span><span style=\"font-size: inherit;\">50 Hz\n<\/span><span style=\"font-size: inherit;\">Pr\u0105d znamionowy (In): 8<\/span><span style=\"font-size: inherit;\">00 A<\/span><span style=\"font-size: inherit;\">\n<\/span><span style=\"font-size: inherit;\">Wymiary: 1286 x 1279 x 470 mm<\/span><\/p>\n\n<\/div>\n<\/div>","download":"<a href=\"https:\/\/greenlink.technology\/wp-content\/uploads\/2025\/06\/10019566_Datenblatt_FieldConnect-800_DE_2025_04_17-1.pdf\" target=\"_blank\" rel=\"noopener\">Arkusz danych PL<\/a>\n<a href=\"https:\/\/greenlink.technology\/wp-content\/uploads\/2025\/06\/10019566_datasheet_FieldConnect-800_EN_2025_04_24-1.pdf\" target=\"_blank\" rel=\"noopener\">Arkusz danych PL<\/a>\n<a href=\"https:\/\/greenlink.technology\/wp-content\/uploads\/2025\/06\/10019566_Arkusz-danych_FieldConnect-800_PL_2025_05_20-1.pdf\" target=\"_blank\" rel=\"noopener\">Arkusz Danych PL<\/a>","product_short_description":"<strong>Napi\u0119cie sieci:<\/strong> 800 V\n<strong>Typ sieci:<\/strong> TN-S\n<strong>Liczba wej\u015b\u0107 falownika:<\/strong> 5\n<strong>Zabezpieczenie przepi\u0119ciowe:<\/strong> <span style=\"font-size: inherit;\">Typ I+II+III TNS<\/span>","photo_gallery":{"galerie_produkte":[[]]}},"yoast_head":"<!-- This site is optimized with the Yoast SEO plugin v27.3 - https:\/\/yoast.com\/product\/yoast-seo-wordpress\/ -->\n<title>Rozdzielacz AC enwitec FieldConnect 800 - 10019566 - greenLink orchestrating energy flows | enwitec electronic GmbH | LinQ Europe Sp. z o.o.<\/title>\n<meta name=\"robots\" content=\"index, follow, max-snippet:-1, max-image-preview:large, max-video-preview:-1\" \/>\n<link rel=\"canonical\" href=\"https:\/\/greenlink.technology\/pl\/produkt\/rozdzielacz-ac-enwitec-3ac-400-tnc-5-nh000-x-bc-pes-1-0-10015383-kopie\/\" \/>\n<meta property=\"og:locale\" content=\"pl_PL\" \/>\n<meta property=\"og:type\" content=\"article\" \/>\n<meta property=\"og:title\" content=\"Rozdzielacz AC enwitec FieldConnect 800 - 10019566 - greenLink orchestrating energy flows | enwitec electronic GmbH | LinQ Europe Sp. z o.o.\" \/>\n<meta property=\"og:description\" content=\"&nbsp;\" \/>\n<meta property=\"og:url\" content=\"https:\/\/greenlink.technology\/pl\/produkt\/rozdzielacz-ac-enwitec-3ac-400-tnc-5-nh000-x-bc-pes-1-0-10015383-kopie\/\" \/>\n<meta property=\"og:site_name\" content=\"greenLink orchestrating energy flows | enwitec electronic GmbH | LinQ Europe Sp. z o.o.\" \/>\n<meta property=\"article:modified_time\" content=\"2025-09-15T09:12:01+00:00\" \/>\n<meta property=\"og:image\" content=\"https:\/\/linqeurope.pl\/wp-content\/uploads\/2025\/06\/10019560_front.png\" \/>\n\t<meta property=\"og:image:width\" content=\"500\" \/>\n\t<meta property=\"og:image:height\" content=\"500\" \/>\n\t<meta property=\"og:image:type\" content=\"image\/png\" \/>\n<meta name=\"twitter:card\" content=\"summary_large_image\" \/>\n<script type=\"application\/ld+json\" class=\"yoast-schema-graph\">{\"@context\":\"https:\\\/\\\/schema.org\",\"@graph\":[{\"@type\":\"WebPage\",\"@id\":\"https:\\\/\\\/greenlink.technology\\\/pl\\\/produkt\\\/rozdzielacz-ac-enwitec-3ac-400-tnc-5-nh000-x-bc-pes-1-0-10015383-kopie\\\/\",\"url\":\"https:\\\/\\\/greenlink.technology\\\/pl\\\/produkt\\\/rozdzielacz-ac-enwitec-3ac-400-tnc-5-nh000-x-bc-pes-1-0-10015383-kopie\\\/\",\"name\":\"Rozdzielacz AC enwitec FieldConnect 800 - 10019566 - greenLink orchestrating energy flows | enwitec electronic GmbH | LinQ Europe Sp. z o.o.\",\"isPartOf\":{\"@id\":\"https:\\\/\\\/enwitec.eu\\\/en\\\/#website\"},\"primaryImageOfPage\":{\"@id\":\"https:\\\/\\\/greenlink.technology\\\/pl\\\/produkt\\\/rozdzielacz-ac-enwitec-3ac-400-tnc-5-nh000-x-bc-pes-1-0-10015383-kopie\\\/#primaryimage\"},\"image\":{\"@id\":\"https:\\\/\\\/greenlink.technology\\\/pl\\\/produkt\\\/rozdzielacz-ac-enwitec-3ac-400-tnc-5-nh000-x-bc-pes-1-0-10015383-kopie\\\/#primaryimage\"},\"thumbnailUrl\":\"https:\\\/\\\/greenlink.technology\\\/wp-content\\\/uploads\\\/2025\\\/06\\\/10019560_front.png\",\"datePublished\":\"2025-06-30T12:59:56+00:00\",\"dateModified\":\"2025-09-15T09:12:01+00:00\",\"breadcrumb\":{\"@id\":\"https:\\\/\\\/greenlink.technology\\\/pl\\\/produkt\\\/rozdzielacz-ac-enwitec-3ac-400-tnc-5-nh000-x-bc-pes-1-0-10015383-kopie\\\/#breadcrumb\"},\"inLanguage\":\"pl-PL\",\"potentialAction\":[{\"@type\":\"ReadAction\",\"target\":[\"https:\\\/\\\/greenlink.technology\\\/pl\\\/produkt\\\/rozdzielacz-ac-enwitec-3ac-400-tnc-5-nh000-x-bc-pes-1-0-10015383-kopie\\\/\"]}]},{\"@type\":\"ImageObject\",\"inLanguage\":\"pl-PL\",\"@id\":\"https:\\\/\\\/greenlink.technology\\\/pl\\\/produkt\\\/rozdzielacz-ac-enwitec-3ac-400-tnc-5-nh000-x-bc-pes-1-0-10015383-kopie\\\/#primaryimage\",\"url\":\"https:\\\/\\\/greenlink.technology\\\/wp-content\\\/uploads\\\/2025\\\/06\\\/10019560_front.png\",\"contentUrl\":\"https:\\\/\\\/greenlink.technology\\\/wp-content\\\/uploads\\\/2025\\\/06\\\/10019560_front.png\",\"width\":500,\"height\":500},{\"@type\":\"BreadcrumbList\",\"@id\":\"https:\\\/\\\/greenlink.technology\\\/pl\\\/produkt\\\/rozdzielacz-ac-enwitec-3ac-400-tnc-5-nh000-x-bc-pes-1-0-10015383-kopie\\\/#breadcrumb\",\"itemListElement\":[{\"@type\":\"ListItem\",\"position\":1,\"name\":\"Startseite\",\"item\":\"https:\\\/\\\/greenlink.technology\\\/pl\\\/\"},{\"@type\":\"ListItem\",\"position\":2,\"name\":\"Produkty\",\"item\":\"https:\\\/\\\/greenlink.technology\\\/pl\\\/o-nas\\\/firma\\\/enwitec\\\/produkty\\\/\"},{\"@type\":\"ListItem\",\"position\":3,\"name\":\"Rozdzielacz AC enwitec FieldConnect 800 &#8211; 10019566\"}]},{\"@type\":\"WebSite\",\"@id\":\"https:\\\/\\\/enwitec.eu\\\/en\\\/#website\",\"url\":\"https:\\\/\\\/enwitec.eu\\\/en\\\/\",\"name\":\"greenLink orchestrating energy flows | enwitec electronic GmbH | LinQ Europe Sp. z o.o.\",\"description\":\"\",\"publisher\":{\"@id\":\"https:\\\/\\\/enwitec.eu\\\/en\\\/#organization\"},\"potentialAction\":[{\"@type\":\"SearchAction\",\"target\":{\"@type\":\"EntryPoint\",\"urlTemplate\":\"https:\\\/\\\/enwitec.eu\\\/en\\\/?s={search_term_string}\"},\"query-input\":{\"@type\":\"PropertyValueSpecification\",\"valueRequired\":true,\"valueName\":\"search_term_string\"}}],\"inLanguage\":\"pl-PL\"},{\"@type\":\"Organization\",\"@id\":\"https:\\\/\\\/enwitec.eu\\\/en\\\/#organization\",\"name\":\"greenLink orkiestruj\u0105cy przep\u0142ywy energii | enwitec electronic GmbH | LinQ Europe Sp. z o.o.\",\"url\":\"https:\\\/\\\/enwitec.eu\\\/en\\\/\",\"logo\":{\"@type\":\"ImageObject\",\"inLanguage\":\"pl-PL\",\"@id\":\"https:\\\/\\\/enwitec.eu\\\/en\\\/#\\\/schema\\\/logo\\\/image\\\/\",\"url\":\"https:\\\/\\\/greenlink.technology\\\/wp-content\\\/uploads\\\/2025\\\/01\\\/greenlink-logo-final.png\",\"contentUrl\":\"https:\\\/\\\/greenlink.technology\\\/wp-content\\\/uploads\\\/2025\\\/01\\\/greenlink-logo-final.png\",\"width\":2586,\"height\":629,\"caption\":\"greenLink orkiestruj\u0105cy przep\u0142ywy energii | enwitec electronic GmbH | LinQ Europe Sp. z o.o. \"},\"image\":{\"@id\":\"https:\\\/\\\/enwitec.eu\\\/en\\\/#\\\/schema\\\/logo\\\/image\\\/\"}}]}<\/script>\n<!-- \/ Yoast SEO plugin. -->","yoast_head_json":{"title":"Rozdzielacz AC enwitec FieldConnect 800 - 10019566 - greenLink orchestrating energy flows | enwitec electronic GmbH | LinQ Europe Sp. z o.o.","robots":{"index":"index","follow":"follow","max-snippet":"max-snippet:-1","max-image-preview":"max-image-preview:large","max-video-preview":"max-video-preview:-1"},"canonical":"https:\/\/greenlink.technology\/pl\/produkt\/rozdzielacz-ac-enwitec-3ac-400-tnc-5-nh000-x-bc-pes-1-0-10015383-kopie\/","og_locale":"pl_PL","og_type":"article","og_title":"Rozdzielacz AC enwitec FieldConnect 800 - 10019566 - greenLink orchestrating energy flows | enwitec electronic GmbH | LinQ Europe Sp. z o.o.","og_description":"&nbsp;","og_url":"https:\/\/greenlink.technology\/pl\/produkt\/rozdzielacz-ac-enwitec-3ac-400-tnc-5-nh000-x-bc-pes-1-0-10015383-kopie\/","og_site_name":"greenLink orchestrating energy flows | enwitec electronic GmbH | LinQ Europe Sp. z o.o.","article_modified_time":"2025-09-15T09:12:01+00:00","og_image":[{"width":500,"height":500,"url":"https:\/\/linqeurope.pl\/wp-content\/uploads\/2025\/06\/10019560_front.png","type":"image\/png"}],"twitter_card":"summary_large_image","schema":{"@context":"https:\/\/schema.org","@graph":[{"@type":"WebPage","@id":"https:\/\/greenlink.technology\/pl\/produkt\/rozdzielacz-ac-enwitec-3ac-400-tnc-5-nh000-x-bc-pes-1-0-10015383-kopie\/","url":"https:\/\/greenlink.technology\/pl\/produkt\/rozdzielacz-ac-enwitec-3ac-400-tnc-5-nh000-x-bc-pes-1-0-10015383-kopie\/","name":"Rozdzielacz AC enwitec FieldConnect 800 - 10019566 - greenLink orchestrating energy flows | enwitec electronic GmbH | LinQ Europe Sp. z o.o.","isPartOf":{"@id":"https:\/\/enwitec.eu\/en\/#website"},"primaryImageOfPage":{"@id":"https:\/\/greenlink.technology\/pl\/produkt\/rozdzielacz-ac-enwitec-3ac-400-tnc-5-nh000-x-bc-pes-1-0-10015383-kopie\/#primaryimage"},"image":{"@id":"https:\/\/greenlink.technology\/pl\/produkt\/rozdzielacz-ac-enwitec-3ac-400-tnc-5-nh000-x-bc-pes-1-0-10015383-kopie\/#primaryimage"},"thumbnailUrl":"https:\/\/greenlink.technology\/wp-content\/uploads\/2025\/06\/10019560_front.png","datePublished":"2025-06-30T12:59:56+00:00","dateModified":"2025-09-15T09:12:01+00:00","breadcrumb":{"@id":"https:\/\/greenlink.technology\/pl\/produkt\/rozdzielacz-ac-enwitec-3ac-400-tnc-5-nh000-x-bc-pes-1-0-10015383-kopie\/#breadcrumb"},"inLanguage":"pl-PL","potentialAction":[{"@type":"ReadAction","target":["https:\/\/greenlink.technology\/pl\/produkt\/rozdzielacz-ac-enwitec-3ac-400-tnc-5-nh000-x-bc-pes-1-0-10015383-kopie\/"]}]},{"@type":"ImageObject","inLanguage":"pl-PL","@id":"https:\/\/greenlink.technology\/pl\/produkt\/rozdzielacz-ac-enwitec-3ac-400-tnc-5-nh000-x-bc-pes-1-0-10015383-kopie\/#primaryimage","url":"https:\/\/greenlink.technology\/wp-content\/uploads\/2025\/06\/10019560_front.png","contentUrl":"https:\/\/greenlink.technology\/wp-content\/uploads\/2025\/06\/10019560_front.png","width":500,"height":500},{"@type":"BreadcrumbList","@id":"https:\/\/greenlink.technology\/pl\/produkt\/rozdzielacz-ac-enwitec-3ac-400-tnc-5-nh000-x-bc-pes-1-0-10015383-kopie\/#breadcrumb","itemListElement":[{"@type":"ListItem","position":1,"name":"Startseite","item":"https:\/\/greenlink.technology\/pl\/"},{"@type":"ListItem","position":2,"name":"Produkty","item":"https:\/\/greenlink.technology\/pl\/o-nas\/firma\/enwitec\/produkty\/"},{"@type":"ListItem","position":3,"name":"Rozdzielacz AC enwitec FieldConnect 800 &#8211; 10019566"}]},{"@type":"WebSite","@id":"https:\/\/enwitec.eu\/en\/#website","url":"https:\/\/enwitec.eu\/en\/","name":"greenLink orchestrating energy flows | enwitec electronic GmbH | LinQ Europe Sp. z o.o.","description":"","publisher":{"@id":"https:\/\/enwitec.eu\/en\/#organization"},"potentialAction":[{"@type":"SearchAction","target":{"@type":"EntryPoint","urlTemplate":"https:\/\/enwitec.eu\/en\/?s={search_term_string}"},"query-input":{"@type":"PropertyValueSpecification","valueRequired":true,"valueName":"search_term_string"}}],"inLanguage":"pl-PL"},{"@type":"Organization","@id":"https:\/\/enwitec.eu\/en\/#organization","name":"greenLink orkiestruj\u0105cy przep\u0142ywy energii | enwitec electronic GmbH | LinQ Europe Sp. z o.o.","url":"https:\/\/enwitec.eu\/en\/","logo":{"@type":"ImageObject","inLanguage":"pl-PL","@id":"https:\/\/enwitec.eu\/en\/#\/schema\/logo\/image\/","url":"https:\/\/greenlink.technology\/wp-content\/uploads\/2025\/01\/greenlink-logo-final.png","contentUrl":"https:\/\/greenlink.technology\/wp-content\/uploads\/2025\/01\/greenlink-logo-final.png","width":2586,"height":629,"caption":"greenLink orkiestruj\u0105cy przep\u0142ywy energii | enwitec electronic GmbH | LinQ Europe Sp. z o.o. "},"image":{"@id":"https:\/\/enwitec.eu\/en\/#\/schema\/logo\/image\/"}}]}},"_links":{"self":[{"href":"https:\/\/greenlink.technology\/pl\/wp-json\/wp\/v2\/product\/17216","targetHints":{"allow":["GET"]}}],"collection":[{"href":"https:\/\/greenlink.technology\/pl\/wp-json\/wp\/v2\/product"}],"about":[{"href":"https:\/\/greenlink.technology\/pl\/wp-json\/wp\/v2\/types\/product"}],"replies":[{"embeddable":true,"href":"https:\/\/greenlink.technology\/pl\/wp-json\/wp\/v2\/comments?post=17216"}],"wp:featuredmedia":[{"embeddable":true,"href":"https:\/\/greenlink.technology\/pl\/wp-json\/wp\/v2\/media\/17235"}],"wp:attachment":[{"href":"https:\/\/greenlink.technology\/pl\/wp-json\/wp\/v2\/media?parent=17216"}],"wp:term":[{"taxonomy":"anwendung","embeddable":true,"href":"https:\/\/greenlink.technology\/pl\/wp-json\/wp\/v2\/anwendung?post=17216"},{"taxonomy":"product_brand","embeddable":true,"href":"https:\/\/greenlink.technology\/pl\/wp-json\/wp\/v2\/product_brand?post=17216"},{"taxonomy":"product_cat","embeddable":true,"href":"https:\/\/greenlink.technology\/pl\/wp-json\/wp\/v2\/product_cat?post=17216"},{"taxonomy":"product_tag","embeddable":true,"href":"https:\/\/greenlink.technology\/pl\/wp-json\/wp\/v2\/product_tag?post=17216"}],"curies":[{"name":"wp","href":"https:\/\/api.w.org\/{rel}","templated":true}]}}