{"id":17088,"date":"2025-06-27T13:01:36","date_gmt":"2025-06-27T11:01:36","guid":{"rendered":"https:\/\/greenlink.technology\/?post_type=product&#038;p=17088"},"modified":"2025-11-20T15:41:33","modified_gmt":"2025-11-20T14:41:33","slug":"skrzynka-zaciskowa-generatora-pradu-stalego-enwitec-gak-s-1500-12sx2xx-t315-bc-us-pes-1-0-10016616-kopie","status":"publish","type":"product","link":"https:\/\/greenlink.technology\/pl\/produkt\/skrzynka-zaciskowa-generatora-pradu-stalego-enwitec-gak-s-1500-12sx2xx-t315-bc-us-pes-1-0-10016616-kopie\/","title":{"rendered":"enwitec SolarConnect 1500 &#8211; 10019463"},"content":{"rendered":"<div class=\"system-stammdaten\">\n<h2\/>\n&nbsp;<\/p>\n<\/div>\n","protected":false},"excerpt":{"rendered":"<p>&nbsp;<\/p>\n","protected":false},"featured_media":17131,"comment_status":"closed","ping_status":"closed","template":"","meta":{"_acf_changed":false},"anwendung":[],"product_brand":[264],"product_cat":[562],"product_tag":[1570,563,564],"class_list":{"0":"post-17088","1":"product","2":"type-product","3":"status-publish","4":"has-post-thumbnail","6":"product_brand-enwitec","7":"product_cat-skrzynki-przylaczeniowe-generatora","8":"product_tag-1570","9":"product_tag-gak-pl","10":"product_tag-skrzynka-przylaczeniowa-generatora","11":"pa_anschlussform-polaczenie-srubowe","12":"pa_mpp-tracker-1-pl","13":"pa_strings-im-eingang-pro-mpp-1-pl","14":"pa_systemspannung-1000-vdc--1500-vdc-pl","15":"pa_trennschalter-tak","16":"pa_ueberspannungsschutz-typ-12-pl","18":"first","19":"instock","20":"shipping-taxable","21":"product-type-simple"},"acf":{"product_informations":"enwitec SolarConnect 1500 to wysoce elastyczna skrzynka przy\u0142\u0105czeniowa generatora PV (GAK), kt\u00f3ra zosta\u0142a opracowana specjalnie dla du\u017cych projekt\u00f3w PV z centralnymi falownikami. Dzi\u0119ki napi\u0119ciu systemowemu do 1500 VDC i monitorowaniu pr\u0105du \u0142a\u0144cuchowego za po\u015brednictwem MOD-BUS, zapewnia maksymalne bezpiecze\u0144stwo i wydajno\u015b\u0107. \n\nSolarConnect 1500 oferuje wszystkie niezb\u0119dne technologie przy\u0142\u0105czeniowe, aby optymalnie uzupe\u0142nia\u0107 wielkoskalowe projekty fotowoltaiczne w sektorze u\u017cyteczno\u015bci publicznej pod wzgl\u0119dem elastyczno\u015bci, dost\u0119pno\u015bci i zr\u00f3wnowa\u017conego rozwoju. Obejmuje on takie funkcje, jak zdalnie sterowane wy\u0142\u0105czniki obci\u0105\u017cenia, monitorowanie pr\u0105du \u0142a\u0144cucha i zintegrowane zabezpieczenie przepi\u0119ciowe.","technical_data":"<div class=\"stammdaten-col\">\n<div class=\"line\">\n<p class=\"system-stammdaten-left\">Nr artyku\u0142u: 10019463\nMaks. Umpp (Ue): 1500 VDC\n\u015aledzenie MPP: 1\nCi\u0105gi na wej\u015bciu na MPP: 24\nCi\u0105gi na wyj\u015bciu na MPP: 1\nBezpiecznik ci\u0105gu: tak\nZabezpieczenie przepi\u0119ciowe: Typ I+II\/BC\nOd\u0142\u0105cznik: Tak\nTyp po\u0142\u0105czenia: Po\u0142\u0105czenie \u015brubowe\nPr\u0105d znamionowy InA: 396 ADC\nPr\u0105d znamionowy Isc na ci\u0105g: 16,5 ADC\nWymiary (WxHxD): 1000 x 800 x 300 mm\nMasa ca\u0142kowita: 46,5 kg <\/p>\n\n<\/div>\n<\/div>","download":"<a href=\"https:\/\/greenlink.technology\/wp-content\/uploads\/2025\/11\/10019463_DE_DAT_Solarconnect-1500-b.pdf\" target=\"_blank\" rel=\"noopener\">Arkusz danych PL<\/a>\n<a href=\"https:\/\/greenlink.technology\/wp-content\/uploads\/2025\/11\/10019463_GB_DAT_Solarconnect-1500-b.pdf\" target=\"_blank\" rel=\"noopener\">Arkusz danych PL<\/a>\n<a href=\"https:\/\/greenlink.technology\/wp-content\/uploads\/2025\/11\/10019463_PL_DAT_Solarconnect-1500-b.pdf\" target=\"_blank\" rel=\"noopener\">Arkusz danych PL<\/a>\n<a href=\"https:\/\/greenlink.technology\/wp-content\/uploads\/2025\/10\/10019871_KoEU_BAT-BREAKER-3xAccu1xCharg.1000VDC-50A-BYDHVB-HVM-Version-a-09_2025-.pdf\" target=\"_blank\" rel=\"noopener\">DEKLARACJA ZGODNO\u015aCI UE<\/a>","product_short_description":"<strong>Napi\u0119cie systemowe:<\/strong> 1500 VDC\n<strong>\u015aledzenie MPP:<\/strong> 1\n<strong>Ci\u0105gi na wej\u015bciu na MPP:<\/strong> 24\n<strong>Ci\u0105gi na wyj\u015bciu na MPP: <\/strong>1\n<strong>Zabezpieczenie przeciwprzepi\u0119ciowe:<\/strong> Typ I+II\/BC\n<strong>Od\u0142\u0105cznik: <\/strong>Tak\n<strong>Typ po\u0142\u0105czenia:<\/strong> Po\u0142\u0105czenie \u015brubowe","photo_gallery":{"galerie_produkte":[[]]}},"yoast_head":"<!-- This site is optimized with the Yoast SEO plugin v27.3 - https:\/\/yoast.com\/product\/yoast-seo-wordpress\/ -->\n<title>enwitec SolarConnect 1500 - 10019463 - greenLink orchestrating energy flows | enwitec electronic GmbH | LinQ Europe Sp. z o.o.<\/title>\n<meta name=\"robots\" content=\"index, follow, max-snippet:-1, max-image-preview:large, max-video-preview:-1\" \/>\n<link rel=\"canonical\" href=\"https:\/\/greenlink.technology\/pl\/produkt\/skrzynka-zaciskowa-generatora-pradu-stalego-enwitec-gak-s-1500-12sx2xx-t315-bc-us-pes-1-0-10016616-kopie\/\" \/>\n<meta property=\"og:locale\" content=\"pl_PL\" \/>\n<meta property=\"og:type\" content=\"article\" \/>\n<meta property=\"og:title\" content=\"enwitec SolarConnect 1500 - 10019463 - greenLink orchestrating energy flows | enwitec electronic GmbH | LinQ Europe Sp. z o.o.\" \/>\n<meta property=\"og:description\" content=\"&nbsp;\" \/>\n<meta property=\"og:url\" content=\"https:\/\/greenlink.technology\/pl\/produkt\/skrzynka-zaciskowa-generatora-pradu-stalego-enwitec-gak-s-1500-12sx2xx-t315-bc-us-pes-1-0-10016616-kopie\/\" \/>\n<meta property=\"og:site_name\" content=\"greenLink orchestrating energy flows | enwitec electronic GmbH | LinQ Europe Sp. z o.o.\" \/>\n<meta property=\"article:modified_time\" content=\"2025-11-20T14:41:33+00:00\" \/>\n<meta property=\"og:image\" content=\"https:\/\/enwitec.eu\/wp-content\/uploads\/2025\/06\/10019463_ohne_deckel.png\" \/>\n\t<meta property=\"og:image:width\" content=\"500\" \/>\n\t<meta property=\"og:image:height\" content=\"500\" \/>\n\t<meta property=\"og:image:type\" content=\"image\/png\" \/>\n<meta name=\"twitter:card\" content=\"summary_large_image\" \/>\n<script type=\"application\/ld+json\" class=\"yoast-schema-graph\">{\"@context\":\"https:\\\/\\\/schema.org\",\"@graph\":[{\"@type\":\"WebPage\",\"@id\":\"https:\\\/\\\/greenlink.technology\\\/pl\\\/produkt\\\/skrzynka-zaciskowa-generatora-pradu-stalego-enwitec-gak-s-1500-12sx2xx-t315-bc-us-pes-1-0-10016616-kopie\\\/\",\"url\":\"https:\\\/\\\/greenlink.technology\\\/pl\\\/produkt\\\/skrzynka-zaciskowa-generatora-pradu-stalego-enwitec-gak-s-1500-12sx2xx-t315-bc-us-pes-1-0-10016616-kopie\\\/\",\"name\":\"enwitec SolarConnect 1500 - 10019463 - greenLink orchestrating energy flows | enwitec electronic GmbH | LinQ Europe Sp. z o.o.\",\"isPartOf\":{\"@id\":\"https:\\\/\\\/enwitec.eu\\\/en\\\/#website\"},\"primaryImageOfPage\":{\"@id\":\"https:\\\/\\\/greenlink.technology\\\/pl\\\/produkt\\\/skrzynka-zaciskowa-generatora-pradu-stalego-enwitec-gak-s-1500-12sx2xx-t315-bc-us-pes-1-0-10016616-kopie\\\/#primaryimage\"},\"image\":{\"@id\":\"https:\\\/\\\/greenlink.technology\\\/pl\\\/produkt\\\/skrzynka-zaciskowa-generatora-pradu-stalego-enwitec-gak-s-1500-12sx2xx-t315-bc-us-pes-1-0-10016616-kopie\\\/#primaryimage\"},\"thumbnailUrl\":\"https:\\\/\\\/greenlink.technology\\\/wp-content\\\/uploads\\\/2025\\\/06\\\/10019463_ohne_deckel.png\",\"datePublished\":\"2025-06-27T11:01:36+00:00\",\"dateModified\":\"2025-11-20T14:41:33+00:00\",\"breadcrumb\":{\"@id\":\"https:\\\/\\\/greenlink.technology\\\/pl\\\/produkt\\\/skrzynka-zaciskowa-generatora-pradu-stalego-enwitec-gak-s-1500-12sx2xx-t315-bc-us-pes-1-0-10016616-kopie\\\/#breadcrumb\"},\"inLanguage\":\"pl-PL\",\"potentialAction\":[{\"@type\":\"ReadAction\",\"target\":[\"https:\\\/\\\/greenlink.technology\\\/pl\\\/produkt\\\/skrzynka-zaciskowa-generatora-pradu-stalego-enwitec-gak-s-1500-12sx2xx-t315-bc-us-pes-1-0-10016616-kopie\\\/\"]}]},{\"@type\":\"ImageObject\",\"inLanguage\":\"pl-PL\",\"@id\":\"https:\\\/\\\/greenlink.technology\\\/pl\\\/produkt\\\/skrzynka-zaciskowa-generatora-pradu-stalego-enwitec-gak-s-1500-12sx2xx-t315-bc-us-pes-1-0-10016616-kopie\\\/#primaryimage\",\"url\":\"https:\\\/\\\/greenlink.technology\\\/wp-content\\\/uploads\\\/2025\\\/06\\\/10019463_ohne_deckel.png\",\"contentUrl\":\"https:\\\/\\\/greenlink.technology\\\/wp-content\\\/uploads\\\/2025\\\/06\\\/10019463_ohne_deckel.png\",\"width\":500,\"height\":500},{\"@type\":\"BreadcrumbList\",\"@id\":\"https:\\\/\\\/greenlink.technology\\\/pl\\\/produkt\\\/skrzynka-zaciskowa-generatora-pradu-stalego-enwitec-gak-s-1500-12sx2xx-t315-bc-us-pes-1-0-10016616-kopie\\\/#breadcrumb\",\"itemListElement\":[{\"@type\":\"ListItem\",\"position\":1,\"name\":\"Startseite\",\"item\":\"https:\\\/\\\/greenlink.technology\\\/pl\\\/\"},{\"@type\":\"ListItem\",\"position\":2,\"name\":\"Produkty\",\"item\":\"https:\\\/\\\/greenlink.technology\\\/pl\\\/o-nas\\\/firma\\\/enwitec\\\/produkty\\\/\"},{\"@type\":\"ListItem\",\"position\":3,\"name\":\"enwitec SolarConnect 1500 &#8211; 10019463\"}]},{\"@type\":\"WebSite\",\"@id\":\"https:\\\/\\\/enwitec.eu\\\/en\\\/#website\",\"url\":\"https:\\\/\\\/enwitec.eu\\\/en\\\/\",\"name\":\"greenLink orchestrating energy flows | enwitec electronic GmbH | LinQ Europe Sp. z o.o.\",\"description\":\"\",\"publisher\":{\"@id\":\"https:\\\/\\\/enwitec.eu\\\/en\\\/#organization\"},\"potentialAction\":[{\"@type\":\"SearchAction\",\"target\":{\"@type\":\"EntryPoint\",\"urlTemplate\":\"https:\\\/\\\/enwitec.eu\\\/en\\\/?s={search_term_string}\"},\"query-input\":{\"@type\":\"PropertyValueSpecification\",\"valueRequired\":true,\"valueName\":\"search_term_string\"}}],\"inLanguage\":\"pl-PL\"},{\"@type\":\"Organization\",\"@id\":\"https:\\\/\\\/enwitec.eu\\\/en\\\/#organization\",\"name\":\"greenLink orkiestruj\u0105cy przep\u0142ywy energii | enwitec electronic GmbH | LinQ Europe Sp. z o.o.\",\"url\":\"https:\\\/\\\/enwitec.eu\\\/en\\\/\",\"logo\":{\"@type\":\"ImageObject\",\"inLanguage\":\"pl-PL\",\"@id\":\"https:\\\/\\\/enwitec.eu\\\/en\\\/#\\\/schema\\\/logo\\\/image\\\/\",\"url\":\"https:\\\/\\\/greenlink.technology\\\/wp-content\\\/uploads\\\/2025\\\/01\\\/greenlink-logo-final.png\",\"contentUrl\":\"https:\\\/\\\/greenlink.technology\\\/wp-content\\\/uploads\\\/2025\\\/01\\\/greenlink-logo-final.png\",\"width\":2586,\"height\":629,\"caption\":\"greenLink orkiestruj\u0105cy przep\u0142ywy energii | enwitec electronic GmbH | LinQ Europe Sp. z o.o. \"},\"image\":{\"@id\":\"https:\\\/\\\/enwitec.eu\\\/en\\\/#\\\/schema\\\/logo\\\/image\\\/\"}}]}<\/script>\n<!-- \/ Yoast SEO plugin. -->","yoast_head_json":{"title":"enwitec SolarConnect 1500 - 10019463 - greenLink orchestrating energy flows | enwitec electronic GmbH | LinQ Europe Sp. z o.o.","robots":{"index":"index","follow":"follow","max-snippet":"max-snippet:-1","max-image-preview":"max-image-preview:large","max-video-preview":"max-video-preview:-1"},"canonical":"https:\/\/greenlink.technology\/pl\/produkt\/skrzynka-zaciskowa-generatora-pradu-stalego-enwitec-gak-s-1500-12sx2xx-t315-bc-us-pes-1-0-10016616-kopie\/","og_locale":"pl_PL","og_type":"article","og_title":"enwitec SolarConnect 1500 - 10019463 - greenLink orchestrating energy flows | enwitec electronic GmbH | LinQ Europe Sp. z o.o.","og_description":"&nbsp;","og_url":"https:\/\/greenlink.technology\/pl\/produkt\/skrzynka-zaciskowa-generatora-pradu-stalego-enwitec-gak-s-1500-12sx2xx-t315-bc-us-pes-1-0-10016616-kopie\/","og_site_name":"greenLink orchestrating energy flows | enwitec electronic GmbH | LinQ Europe Sp. z o.o.","article_modified_time":"2025-11-20T14:41:33+00:00","og_image":[{"width":500,"height":500,"url":"https:\/\/enwitec.eu\/wp-content\/uploads\/2025\/06\/10019463_ohne_deckel.png","type":"image\/png"}],"twitter_card":"summary_large_image","schema":{"@context":"https:\/\/schema.org","@graph":[{"@type":"WebPage","@id":"https:\/\/greenlink.technology\/pl\/produkt\/skrzynka-zaciskowa-generatora-pradu-stalego-enwitec-gak-s-1500-12sx2xx-t315-bc-us-pes-1-0-10016616-kopie\/","url":"https:\/\/greenlink.technology\/pl\/produkt\/skrzynka-zaciskowa-generatora-pradu-stalego-enwitec-gak-s-1500-12sx2xx-t315-bc-us-pes-1-0-10016616-kopie\/","name":"enwitec SolarConnect 1500 - 10019463 - greenLink orchestrating energy flows | enwitec electronic GmbH | LinQ Europe Sp. z o.o.","isPartOf":{"@id":"https:\/\/enwitec.eu\/en\/#website"},"primaryImageOfPage":{"@id":"https:\/\/greenlink.technology\/pl\/produkt\/skrzynka-zaciskowa-generatora-pradu-stalego-enwitec-gak-s-1500-12sx2xx-t315-bc-us-pes-1-0-10016616-kopie\/#primaryimage"},"image":{"@id":"https:\/\/greenlink.technology\/pl\/produkt\/skrzynka-zaciskowa-generatora-pradu-stalego-enwitec-gak-s-1500-12sx2xx-t315-bc-us-pes-1-0-10016616-kopie\/#primaryimage"},"thumbnailUrl":"https:\/\/greenlink.technology\/wp-content\/uploads\/2025\/06\/10019463_ohne_deckel.png","datePublished":"2025-06-27T11:01:36+00:00","dateModified":"2025-11-20T14:41:33+00:00","breadcrumb":{"@id":"https:\/\/greenlink.technology\/pl\/produkt\/skrzynka-zaciskowa-generatora-pradu-stalego-enwitec-gak-s-1500-12sx2xx-t315-bc-us-pes-1-0-10016616-kopie\/#breadcrumb"},"inLanguage":"pl-PL","potentialAction":[{"@type":"ReadAction","target":["https:\/\/greenlink.technology\/pl\/produkt\/skrzynka-zaciskowa-generatora-pradu-stalego-enwitec-gak-s-1500-12sx2xx-t315-bc-us-pes-1-0-10016616-kopie\/"]}]},{"@type":"ImageObject","inLanguage":"pl-PL","@id":"https:\/\/greenlink.technology\/pl\/produkt\/skrzynka-zaciskowa-generatora-pradu-stalego-enwitec-gak-s-1500-12sx2xx-t315-bc-us-pes-1-0-10016616-kopie\/#primaryimage","url":"https:\/\/greenlink.technology\/wp-content\/uploads\/2025\/06\/10019463_ohne_deckel.png","contentUrl":"https:\/\/greenlink.technology\/wp-content\/uploads\/2025\/06\/10019463_ohne_deckel.png","width":500,"height":500},{"@type":"BreadcrumbList","@id":"https:\/\/greenlink.technology\/pl\/produkt\/skrzynka-zaciskowa-generatora-pradu-stalego-enwitec-gak-s-1500-12sx2xx-t315-bc-us-pes-1-0-10016616-kopie\/#breadcrumb","itemListElement":[{"@type":"ListItem","position":1,"name":"Startseite","item":"https:\/\/greenlink.technology\/pl\/"},{"@type":"ListItem","position":2,"name":"Produkty","item":"https:\/\/greenlink.technology\/pl\/o-nas\/firma\/enwitec\/produkty\/"},{"@type":"ListItem","position":3,"name":"enwitec SolarConnect 1500 &#8211; 10019463"}]},{"@type":"WebSite","@id":"https:\/\/enwitec.eu\/en\/#website","url":"https:\/\/enwitec.eu\/en\/","name":"greenLink orchestrating energy flows | enwitec electronic GmbH | LinQ Europe Sp. z o.o.","description":"","publisher":{"@id":"https:\/\/enwitec.eu\/en\/#organization"},"potentialAction":[{"@type":"SearchAction","target":{"@type":"EntryPoint","urlTemplate":"https:\/\/enwitec.eu\/en\/?s={search_term_string}"},"query-input":{"@type":"PropertyValueSpecification","valueRequired":true,"valueName":"search_term_string"}}],"inLanguage":"pl-PL"},{"@type":"Organization","@id":"https:\/\/enwitec.eu\/en\/#organization","name":"greenLink orkiestruj\u0105cy przep\u0142ywy energii | enwitec electronic GmbH | LinQ Europe Sp. z o.o.","url":"https:\/\/enwitec.eu\/en\/","logo":{"@type":"ImageObject","inLanguage":"pl-PL","@id":"https:\/\/enwitec.eu\/en\/#\/schema\/logo\/image\/","url":"https:\/\/greenlink.technology\/wp-content\/uploads\/2025\/01\/greenlink-logo-final.png","contentUrl":"https:\/\/greenlink.technology\/wp-content\/uploads\/2025\/01\/greenlink-logo-final.png","width":2586,"height":629,"caption":"greenLink orkiestruj\u0105cy przep\u0142ywy energii | enwitec electronic GmbH | LinQ Europe Sp. z o.o. "},"image":{"@id":"https:\/\/enwitec.eu\/en\/#\/schema\/logo\/image\/"}}]}},"_links":{"self":[{"href":"https:\/\/greenlink.technology\/pl\/wp-json\/wp\/v2\/product\/17088","targetHints":{"allow":["GET"]}}],"collection":[{"href":"https:\/\/greenlink.technology\/pl\/wp-json\/wp\/v2\/product"}],"about":[{"href":"https:\/\/greenlink.technology\/pl\/wp-json\/wp\/v2\/types\/product"}],"replies":[{"embeddable":true,"href":"https:\/\/greenlink.technology\/pl\/wp-json\/wp\/v2\/comments?post=17088"}],"wp:featuredmedia":[{"embeddable":true,"href":"https:\/\/greenlink.technology\/pl\/wp-json\/wp\/v2\/media\/17131"}],"wp:attachment":[{"href":"https:\/\/greenlink.technology\/pl\/wp-json\/wp\/v2\/media?parent=17088"}],"wp:term":[{"taxonomy":"anwendung","embeddable":true,"href":"https:\/\/greenlink.technology\/pl\/wp-json\/wp\/v2\/anwendung?post=17088"},{"taxonomy":"product_brand","embeddable":true,"href":"https:\/\/greenlink.technology\/pl\/wp-json\/wp\/v2\/product_brand?post=17088"},{"taxonomy":"product_cat","embeddable":true,"href":"https:\/\/greenlink.technology\/pl\/wp-json\/wp\/v2\/product_cat?post=17088"},{"taxonomy":"product_tag","embeddable":true,"href":"https:\/\/greenlink.technology\/pl\/wp-json\/wp\/v2\/product_tag?post=17088"}],"curies":[{"name":"wp","href":"https:\/\/api.w.org\/{rel}","templated":true}]}}