{"id":16959,"date":"2025-06-27T11:04:13","date_gmt":"2025-06-27T09:04:13","guid":{"rendered":"https:\/\/greenlink.technology\/?post_type=product&#038;p=16959"},"modified":"2025-09-15T11:16:43","modified_gmt":"2025-09-15T09:16:43","slug":"enwitec-zabezpieczenie-sieci-i-systemu-276-kva-zgodnie-z-vde-ar-n-41052018-11-10018546-kopie-kopie","status":"publish","type":"product","link":"https:\/\/greenlink.technology\/pl\/produkt\/enwitec-zabezpieczenie-sieci-i-systemu-276-kva-zgodnie-z-vde-ar-n-41052018-11-10018546-kopie-kopie\/","title":{"rendered":"Ochrona sieci i systemu enwitec PowerShield Pro 1100"},"content":{"rendered":"<div class=\"system-stammdaten\">\n<h2><\/h2>\n<p>&nbsp;<\/p>\n<\/div>\n","protected":false},"excerpt":{"rendered":"<p>&nbsp;<\/p>\n","protected":false},"featured_media":17069,"comment_status":"closed","ping_status":"closed","template":"","meta":{"_acf_changed":false},"anwendung":[],"product_brand":[264],"product_cat":[582],"product_tag":[590,587,584,585],"class_list":{"0":"post-16959","1":"product","2":"type-product","3":"status-publish","4":"has-post-thumbnail","6":"product_brand-enwitec","7":"product_cat-ochrona-sieci-i-instalacji","8":"product_tag-10018546-pl","9":"product_tag-na4105-pl","10":"product_tag-ochrona-na","11":"product_tag-ochrona-sieci-i-systemu","13":"first","14":"instock","15":"shipping-taxable","16":"product-type-simple"},"acf":{"product_informations":"Enwitec PowerShield Pro 1100 to zaawansowane rozwi\u0105zanie do ochrony sieci i system\u00f3w fotowoltaicznych o mocy od 500 kW do 1,1 MW. Opracowany zgodnie z najnowszymi wytycznymi VDE, PowerShield Pro 1100 oferuje kompleksow\u0105 ochron\u0119 i maksymaln\u0105 wydajno\u015b\u0107 system\u00f3w fotowoltaicznych. \n\nPowerShield Pro 1100 dzia\u0142a jako zabezpieczenie odsprz\u0119gaj\u0105ce i zapewnia zgodno\u015b\u0107 z dyrektyw\u0105 \u015bredniego napi\u0119cia VDE-AR-N 4110. Obejmuje wy\u0142\u0105cznik odsprz\u0119gaj\u0105cy wy\u017cszego poziomu z po\u0142\u0105czeniami komunikacyjnymi, a tak\u017ce zabezpieczenie odsprz\u0119gaj\u0105ce (przeka\u017anik ochronny z testowymi zaciskami roz\u0142\u0105czaj\u0105cymi + wy\u0142\u0105cznik automatyczny) na jednostkach wytw\u00f3rczych w celu zapewnienia bezpiecznego i niezawodnego po\u0142\u0105czenia z operatorem sieci. \n\nProdukt obejmuje przeka\u017anik zabezpieczenia sieciowego, powi\u0105zane zaciski od\u0142\u0105czenia testowego, z\u0142\u0105cze komunikacyjne i prze\u0142\u0105cznik sprz\u0119gaj\u0105cy.","technical_data":"<div class=\"stammdaten-col\">\n<div class=\"line\">\n<p class=\"system-stammdaten-left\">Nr artyku\u0142u: 10019510, 10019511 i 10019512<\/p>\n\n<\/div>\n<strong>ART.NO. 10019510<\/strong>\n<strong>Zabezpieczenie sieci i systemu zgodnie z VDE-AR-N 4105\/4110 <\/strong>\n<strong>Powershield Pro 1100 EMS<\/strong>\n\nWarto\u015bci znamionowe:\nZnamionowe napi\u0119cie izolacji: 660 VAC\nZnamionowe napi\u0119cie robocze Ue: 3PH - 230\/400 VAC\nCz\u0119stotliwo\u015b\u0107 robocza fn: 50 Hz\nPosta\u0107 sieci: TN-S\nTyp systemu generuj\u0105cego (VDE-AR-N 4105\/4110): Typ 2\n\n<strong>ART.NO. 10019511<\/strong>\n<strong>Zabezpieczenie sieci i systemu zgodnie z VDE-AR-N 4105\/4110 <\/strong>\n<strong>Powershield Pro 1100 NSES<\/strong>\n\nPr\u0105d znamionowy InA: 1594 A\nPr\u0105d znamionowy InA: 143 A\n\n<\/div>\n<div class=\"stammdaten-col\">\n\nWY\u0141\u0104CZNIK MI\u0118DZYBIEGUNOWY BRIDGE\nPr\u0105d znamionowy In: 2000 A\nKategoria u\u017cytkowania: AC-21\/AC-22 (A+B)\nZnamionowa zdolno\u015b\u0107 wy\u0142\u0105czania zwar\u0107: tr\u00f3jbiegunowy\nTyp: Roz\u0142\u0105cznik z nap\u0119dem silnikowym\n\nWY\u0141\u0104CZNIK MI\u0118DZYBIEGUNOWY BRIDGE\nTyp: Wy\u0142\u0105cznik z nap\u0119dem silnikowym\n\n<\/div>\n<strong>ART.NO. 10019512<\/strong>\n<strong>Zabezpieczenie sieci i systemu zgodnie z VDE-AR-N 4105\/4110 <\/strong>\n<strong>Powershield Pro 1100 NSAF1<\/strong>\n\nOBW\u00d3D TRWA\u0141Y BEZPIECZNIKA DLA INWERTER\u00d3W PV\nWk\u0142adka bezpiecznikowa: 2 x NH1, 2 x NH2, 1 x NH3\nMaks. Warto\u015b\u0107 znamionowa bezpiecznika: 250, 400, 630 ","download":"<a href=\"https:\/\/greenlink.technology\/wp-content\/uploads\/2025\/06\/10019510_Datenblatt_PowerShield_Pro_1100_DE_2025_04_29.pdf\" target=\"_blank\" rel=\"noopener\">Arkusz danych 10019510 PL<\/a>\n<a href=\"https:\/\/greenlink.technology\/wp-content\/uploads\/2025\/06\/10019511_Datenblatt_Powershield-Pro-1100-NSES_2025_05_21.pdf\" target=\"_blank\" rel=\"noopener\">Arkusz danych 10019511 PL<\/a>\n<a href=\"https:\/\/greenlink.technology\/wp-content\/uploads\/2025\/06\/10019512_Datenblatt_Powershield-Pro-1100-NSAF1_DE_2025_05_21.pdf\" target=\"_blank\" rel=\"noopener\">Arkusz danych 10019512 PL<\/a>\n\n<a href=\"https:\/\/greenlink.technology\/wp-content\/uploads\/2025\/06\/10019510_datasheet_PowerShield_Pro_1100_EN_2025_04_29.pdf\" target=\"_blank\" rel=\"noopener\">Karta katalogowa 10019510 PL<\/a>\n<a href=\"https:\/\/greenlink.technology\/wp-content\/uploads\/2025\/06\/10019511_datasheet_Powershield-Pro_1100_NSES_EN_2025_05_21.pdf\" target=\"_blank\" rel=\"noopener\">Karta katalogowa 10019511 PL<\/a>\n<a href=\"https:\/\/greenlink.technology\/wp-content\/uploads\/2025\/06\/10019512_datasheet_Powershield-Pro-1100-NSAF1_EN_2025_05_21.pdf\" target=\"_blank\" rel=\"noopener\">Karta katalogowa 10019512 PL<\/a>\n\n<a href=\"https:\/\/greenlink.technology\/wp-content\/uploads\/2025\/06\/10019510_Arkusz-danych_PowerShield_Pro_1100_PL_2025_05_21.pdf\" target=\"_blank\" rel=\"noopener\">Arkusz danych 1001<\/a><a href=\"https:\/\/greenlink.technology\/wp-content\/uploads\/2025\/06\/10019386_Arkusz-danych_Szafa-zasilajaca_PowerShield-500_PL_2025_05_20.pdf\" target=\"_blank\" rel=\"noopener\">9510 PL<\/a>\n<a href=\"https:\/\/greenlink.technology\/wp-content\/uploads\/2025\/06\/10019511_Arkusz-danych_Powershield-Pro-1100-NSES_PL_2025_05_21.pdf\" target=\"_blank\" rel=\"noopener\">Arkusz danych 10019511 PL<\/a>\n<a href=\"https:\/\/greenlink.technology\/wp-content\/uploads\/2025\/06\/10019512_Arkusz-danych_Powershield-Pro-1100-NSAF1_PL_2025_05_21.pdf\" target=\"_blank\" rel=\"noopener\">Arkusz danych 10019512 PL<\/a>","product_short_description":"<strong>Zatwierdzenie krajowe:<\/strong> VDE-AR-N 4105:2018-11 i \u00d6VE TOR R25 NS ASYNC\n<strong>Moc:<\/strong> 276 kVA\n<strong>Od\u0142\u0105czanie:<\/strong> wszystkie bieguny\n<strong>Typ sieci: <\/strong>TT \/ TN-S","photo_gallery":{"galerie_produkte":[[]]}},"yoast_head":"<!-- This site is optimized with the Yoast SEO plugin v27.3 - https:\/\/yoast.com\/product\/yoast-seo-wordpress\/ -->\n<title>Ochrona sieci i systemu enwitec PowerShield Pro 1100 - greenLink orchestrating energy flows | enwitec electronic GmbH | LinQ Europe Sp. z o.o.<\/title>\n<meta name=\"robots\" content=\"index, follow, max-snippet:-1, max-image-preview:large, max-video-preview:-1\" \/>\n<link rel=\"canonical\" href=\"https:\/\/greenlink.technology\/pl\/produkt\/enwitec-zabezpieczenie-sieci-i-systemu-276-kva-zgodnie-z-vde-ar-n-41052018-11-10018546-kopie-kopie\/\" \/>\n<meta property=\"og:locale\" content=\"pl_PL\" \/>\n<meta property=\"og:type\" content=\"article\" \/>\n<meta property=\"og:title\" content=\"Ochrona sieci i systemu enwitec PowerShield Pro 1100 - greenLink orchestrating energy flows | enwitec electronic GmbH | LinQ Europe Sp. z o.o.\" \/>\n<meta property=\"og:description\" content=\"&nbsp;\" \/>\n<meta property=\"og:url\" content=\"https:\/\/greenlink.technology\/pl\/produkt\/enwitec-zabezpieczenie-sieci-i-systemu-276-kva-zgodnie-z-vde-ar-n-41052018-11-10018546-kopie-kopie\/\" \/>\n<meta property=\"og:site_name\" content=\"greenLink orchestrating energy flows | enwitec electronic GmbH | LinQ Europe Sp. z o.o.\" \/>\n<meta property=\"article:modified_time\" content=\"2025-09-15T09:16:43+00:00\" \/>\n<meta property=\"og:image\" content=\"https:\/\/linqeurope.pl\/wp-content\/uploads\/2025\/06\/MG2_1978-Edit_2.png\" \/>\n\t<meta property=\"og:image:width\" content=\"500\" \/>\n\t<meta property=\"og:image:height\" content=\"500\" \/>\n\t<meta property=\"og:image:type\" content=\"image\/png\" \/>\n<meta name=\"twitter:card\" content=\"summary_large_image\" \/>\n<script type=\"application\/ld+json\" class=\"yoast-schema-graph\">{\"@context\":\"https:\\\/\\\/schema.org\",\"@graph\":[{\"@type\":\"WebPage\",\"@id\":\"https:\\\/\\\/greenlink.technology\\\/pl\\\/produkt\\\/enwitec-zabezpieczenie-sieci-i-systemu-276-kva-zgodnie-z-vde-ar-n-41052018-11-10018546-kopie-kopie\\\/\",\"url\":\"https:\\\/\\\/greenlink.technology\\\/pl\\\/produkt\\\/enwitec-zabezpieczenie-sieci-i-systemu-276-kva-zgodnie-z-vde-ar-n-41052018-11-10018546-kopie-kopie\\\/\",\"name\":\"Ochrona sieci i systemu enwitec PowerShield Pro 1100 - greenLink orchestrating energy flows | enwitec electronic GmbH | LinQ Europe Sp. z o.o.\",\"isPartOf\":{\"@id\":\"https:\\\/\\\/enwitec.eu\\\/en\\\/#website\"},\"primaryImageOfPage\":{\"@id\":\"https:\\\/\\\/greenlink.technology\\\/pl\\\/produkt\\\/enwitec-zabezpieczenie-sieci-i-systemu-276-kva-zgodnie-z-vde-ar-n-41052018-11-10018546-kopie-kopie\\\/#primaryimage\"},\"image\":{\"@id\":\"https:\\\/\\\/greenlink.technology\\\/pl\\\/produkt\\\/enwitec-zabezpieczenie-sieci-i-systemu-276-kva-zgodnie-z-vde-ar-n-41052018-11-10018546-kopie-kopie\\\/#primaryimage\"},\"thumbnailUrl\":\"https:\\\/\\\/greenlink.technology\\\/wp-content\\\/uploads\\\/2025\\\/06\\\/MG2_1978-Edit_2.png\",\"datePublished\":\"2025-06-27T09:04:13+00:00\",\"dateModified\":\"2025-09-15T09:16:43+00:00\",\"breadcrumb\":{\"@id\":\"https:\\\/\\\/greenlink.technology\\\/pl\\\/produkt\\\/enwitec-zabezpieczenie-sieci-i-systemu-276-kva-zgodnie-z-vde-ar-n-41052018-11-10018546-kopie-kopie\\\/#breadcrumb\"},\"inLanguage\":\"pl-PL\",\"potentialAction\":[{\"@type\":\"ReadAction\",\"target\":[\"https:\\\/\\\/greenlink.technology\\\/pl\\\/produkt\\\/enwitec-zabezpieczenie-sieci-i-systemu-276-kva-zgodnie-z-vde-ar-n-41052018-11-10018546-kopie-kopie\\\/\"]}]},{\"@type\":\"ImageObject\",\"inLanguage\":\"pl-PL\",\"@id\":\"https:\\\/\\\/greenlink.technology\\\/pl\\\/produkt\\\/enwitec-zabezpieczenie-sieci-i-systemu-276-kva-zgodnie-z-vde-ar-n-41052018-11-10018546-kopie-kopie\\\/#primaryimage\",\"url\":\"https:\\\/\\\/greenlink.technology\\\/wp-content\\\/uploads\\\/2025\\\/06\\\/MG2_1978-Edit_2.png\",\"contentUrl\":\"https:\\\/\\\/greenlink.technology\\\/wp-content\\\/uploads\\\/2025\\\/06\\\/MG2_1978-Edit_2.png\",\"width\":500,\"height\":500},{\"@type\":\"BreadcrumbList\",\"@id\":\"https:\\\/\\\/greenlink.technology\\\/pl\\\/produkt\\\/enwitec-zabezpieczenie-sieci-i-systemu-276-kva-zgodnie-z-vde-ar-n-41052018-11-10018546-kopie-kopie\\\/#breadcrumb\",\"itemListElement\":[{\"@type\":\"ListItem\",\"position\":1,\"name\":\"Startseite\",\"item\":\"https:\\\/\\\/greenlink.technology\\\/pl\\\/\"},{\"@type\":\"ListItem\",\"position\":2,\"name\":\"Produkty\",\"item\":\"https:\\\/\\\/greenlink.technology\\\/pl\\\/o-nas\\\/firma\\\/enwitec\\\/produkty\\\/\"},{\"@type\":\"ListItem\",\"position\":3,\"name\":\"Ochrona sieci i systemu enwitec PowerShield Pro 1100\"}]},{\"@type\":\"WebSite\",\"@id\":\"https:\\\/\\\/enwitec.eu\\\/en\\\/#website\",\"url\":\"https:\\\/\\\/enwitec.eu\\\/en\\\/\",\"name\":\"greenLink orchestrating energy flows | enwitec electronic GmbH | LinQ Europe Sp. z o.o.\",\"description\":\"\",\"publisher\":{\"@id\":\"https:\\\/\\\/enwitec.eu\\\/en\\\/#organization\"},\"potentialAction\":[{\"@type\":\"SearchAction\",\"target\":{\"@type\":\"EntryPoint\",\"urlTemplate\":\"https:\\\/\\\/enwitec.eu\\\/en\\\/?s={search_term_string}\"},\"query-input\":{\"@type\":\"PropertyValueSpecification\",\"valueRequired\":true,\"valueName\":\"search_term_string\"}}],\"inLanguage\":\"pl-PL\"},{\"@type\":\"Organization\",\"@id\":\"https:\\\/\\\/enwitec.eu\\\/en\\\/#organization\",\"name\":\"greenLink orkiestruj\u0105cy przep\u0142ywy energii | enwitec electronic GmbH | LinQ Europe Sp. z o.o.\",\"url\":\"https:\\\/\\\/enwitec.eu\\\/en\\\/\",\"logo\":{\"@type\":\"ImageObject\",\"inLanguage\":\"pl-PL\",\"@id\":\"https:\\\/\\\/enwitec.eu\\\/en\\\/#\\\/schema\\\/logo\\\/image\\\/\",\"url\":\"https:\\\/\\\/greenlink.technology\\\/wp-content\\\/uploads\\\/2025\\\/01\\\/greenlink-logo-final.png\",\"contentUrl\":\"https:\\\/\\\/greenlink.technology\\\/wp-content\\\/uploads\\\/2025\\\/01\\\/greenlink-logo-final.png\",\"width\":2586,\"height\":629,\"caption\":\"greenLink orkiestruj\u0105cy przep\u0142ywy energii | enwitec electronic GmbH | LinQ Europe Sp. z o.o. \"},\"image\":{\"@id\":\"https:\\\/\\\/enwitec.eu\\\/en\\\/#\\\/schema\\\/logo\\\/image\\\/\"}}]}<\/script>\n<!-- \/ Yoast SEO plugin. -->","yoast_head_json":{"title":"Ochrona sieci i systemu enwitec PowerShield Pro 1100 - greenLink orchestrating energy flows | enwitec electronic GmbH | LinQ Europe Sp. z o.o.","robots":{"index":"index","follow":"follow","max-snippet":"max-snippet:-1","max-image-preview":"max-image-preview:large","max-video-preview":"max-video-preview:-1"},"canonical":"https:\/\/greenlink.technology\/pl\/produkt\/enwitec-zabezpieczenie-sieci-i-systemu-276-kva-zgodnie-z-vde-ar-n-41052018-11-10018546-kopie-kopie\/","og_locale":"pl_PL","og_type":"article","og_title":"Ochrona sieci i systemu enwitec PowerShield Pro 1100 - greenLink orchestrating energy flows | enwitec electronic GmbH | LinQ Europe Sp. z o.o.","og_description":"&nbsp;","og_url":"https:\/\/greenlink.technology\/pl\/produkt\/enwitec-zabezpieczenie-sieci-i-systemu-276-kva-zgodnie-z-vde-ar-n-41052018-11-10018546-kopie-kopie\/","og_site_name":"greenLink orchestrating energy flows | enwitec electronic GmbH | LinQ Europe Sp. z o.o.","article_modified_time":"2025-09-15T09:16:43+00:00","og_image":[{"width":500,"height":500,"url":"https:\/\/linqeurope.pl\/wp-content\/uploads\/2025\/06\/MG2_1978-Edit_2.png","type":"image\/png"}],"twitter_card":"summary_large_image","schema":{"@context":"https:\/\/schema.org","@graph":[{"@type":"WebPage","@id":"https:\/\/greenlink.technology\/pl\/produkt\/enwitec-zabezpieczenie-sieci-i-systemu-276-kva-zgodnie-z-vde-ar-n-41052018-11-10018546-kopie-kopie\/","url":"https:\/\/greenlink.technology\/pl\/produkt\/enwitec-zabezpieczenie-sieci-i-systemu-276-kva-zgodnie-z-vde-ar-n-41052018-11-10018546-kopie-kopie\/","name":"Ochrona sieci i systemu enwitec PowerShield Pro 1100 - greenLink orchestrating energy flows | enwitec electronic GmbH | LinQ Europe Sp. z o.o.","isPartOf":{"@id":"https:\/\/enwitec.eu\/en\/#website"},"primaryImageOfPage":{"@id":"https:\/\/greenlink.technology\/pl\/produkt\/enwitec-zabezpieczenie-sieci-i-systemu-276-kva-zgodnie-z-vde-ar-n-41052018-11-10018546-kopie-kopie\/#primaryimage"},"image":{"@id":"https:\/\/greenlink.technology\/pl\/produkt\/enwitec-zabezpieczenie-sieci-i-systemu-276-kva-zgodnie-z-vde-ar-n-41052018-11-10018546-kopie-kopie\/#primaryimage"},"thumbnailUrl":"https:\/\/greenlink.technology\/wp-content\/uploads\/2025\/06\/MG2_1978-Edit_2.png","datePublished":"2025-06-27T09:04:13+00:00","dateModified":"2025-09-15T09:16:43+00:00","breadcrumb":{"@id":"https:\/\/greenlink.technology\/pl\/produkt\/enwitec-zabezpieczenie-sieci-i-systemu-276-kva-zgodnie-z-vde-ar-n-41052018-11-10018546-kopie-kopie\/#breadcrumb"},"inLanguage":"pl-PL","potentialAction":[{"@type":"ReadAction","target":["https:\/\/greenlink.technology\/pl\/produkt\/enwitec-zabezpieczenie-sieci-i-systemu-276-kva-zgodnie-z-vde-ar-n-41052018-11-10018546-kopie-kopie\/"]}]},{"@type":"ImageObject","inLanguage":"pl-PL","@id":"https:\/\/greenlink.technology\/pl\/produkt\/enwitec-zabezpieczenie-sieci-i-systemu-276-kva-zgodnie-z-vde-ar-n-41052018-11-10018546-kopie-kopie\/#primaryimage","url":"https:\/\/greenlink.technology\/wp-content\/uploads\/2025\/06\/MG2_1978-Edit_2.png","contentUrl":"https:\/\/greenlink.technology\/wp-content\/uploads\/2025\/06\/MG2_1978-Edit_2.png","width":500,"height":500},{"@type":"BreadcrumbList","@id":"https:\/\/greenlink.technology\/pl\/produkt\/enwitec-zabezpieczenie-sieci-i-systemu-276-kva-zgodnie-z-vde-ar-n-41052018-11-10018546-kopie-kopie\/#breadcrumb","itemListElement":[{"@type":"ListItem","position":1,"name":"Startseite","item":"https:\/\/greenlink.technology\/pl\/"},{"@type":"ListItem","position":2,"name":"Produkty","item":"https:\/\/greenlink.technology\/pl\/o-nas\/firma\/enwitec\/produkty\/"},{"@type":"ListItem","position":3,"name":"Ochrona sieci i systemu enwitec PowerShield Pro 1100"}]},{"@type":"WebSite","@id":"https:\/\/enwitec.eu\/en\/#website","url":"https:\/\/enwitec.eu\/en\/","name":"greenLink orchestrating energy flows | enwitec electronic GmbH | LinQ Europe Sp. z o.o.","description":"","publisher":{"@id":"https:\/\/enwitec.eu\/en\/#organization"},"potentialAction":[{"@type":"SearchAction","target":{"@type":"EntryPoint","urlTemplate":"https:\/\/enwitec.eu\/en\/?s={search_term_string}"},"query-input":{"@type":"PropertyValueSpecification","valueRequired":true,"valueName":"search_term_string"}}],"inLanguage":"pl-PL"},{"@type":"Organization","@id":"https:\/\/enwitec.eu\/en\/#organization","name":"greenLink orkiestruj\u0105cy przep\u0142ywy energii | enwitec electronic GmbH | LinQ Europe Sp. z o.o.","url":"https:\/\/enwitec.eu\/en\/","logo":{"@type":"ImageObject","inLanguage":"pl-PL","@id":"https:\/\/enwitec.eu\/en\/#\/schema\/logo\/image\/","url":"https:\/\/greenlink.technology\/wp-content\/uploads\/2025\/01\/greenlink-logo-final.png","contentUrl":"https:\/\/greenlink.technology\/wp-content\/uploads\/2025\/01\/greenlink-logo-final.png","width":2586,"height":629,"caption":"greenLink orkiestruj\u0105cy przep\u0142ywy energii | enwitec electronic GmbH | LinQ Europe Sp. z o.o. "},"image":{"@id":"https:\/\/enwitec.eu\/en\/#\/schema\/logo\/image\/"}}]}},"_links":{"self":[{"href":"https:\/\/greenlink.technology\/pl\/wp-json\/wp\/v2\/product\/16959","targetHints":{"allow":["GET"]}}],"collection":[{"href":"https:\/\/greenlink.technology\/pl\/wp-json\/wp\/v2\/product"}],"about":[{"href":"https:\/\/greenlink.technology\/pl\/wp-json\/wp\/v2\/types\/product"}],"replies":[{"embeddable":true,"href":"https:\/\/greenlink.technology\/pl\/wp-json\/wp\/v2\/comments?post=16959"}],"wp:featuredmedia":[{"embeddable":true,"href":"https:\/\/greenlink.technology\/pl\/wp-json\/wp\/v2\/media\/17069"}],"wp:attachment":[{"href":"https:\/\/greenlink.technology\/pl\/wp-json\/wp\/v2\/media?parent=16959"}],"wp:term":[{"taxonomy":"anwendung","embeddable":true,"href":"https:\/\/greenlink.technology\/pl\/wp-json\/wp\/v2\/anwendung?post=16959"},{"taxonomy":"product_brand","embeddable":true,"href":"https:\/\/greenlink.technology\/pl\/wp-json\/wp\/v2\/product_brand?post=16959"},{"taxonomy":"product_cat","embeddable":true,"href":"https:\/\/greenlink.technology\/pl\/wp-json\/wp\/v2\/product_cat?post=16959"},{"taxonomy":"product_tag","embeddable":true,"href":"https:\/\/greenlink.technology\/pl\/wp-json\/wp\/v2\/product_tag?post=16959"}],"curies":[{"name":"wp","href":"https:\/\/api.w.org\/{rel}","templated":true}]}}