{"id":16863,"date":"2025-06-27T08:39:47","date_gmt":"2025-06-27T06:39:47","guid":{"rendered":"https:\/\/greenlink.technology\/?post_type=product&#038;p=16863"},"modified":"2025-09-15T11:12:11","modified_gmt":"2025-09-15T09:12:11","slug":"enwitec-zabezpieczenie-sieci-i-systemu-276-kva-zgodnie-z-vde-ar-n-41052018-11-10018546-kopie","status":"publish","type":"product","link":"https:\/\/greenlink.technology\/pl\/produkt\/enwitec-zabezpieczenie-sieci-i-systemu-276-kva-zgodnie-z-vde-ar-n-41052018-11-10018546-kopie\/","title":{"rendered":"Ochrona sieci i systemu enwitec PowerShield 500"},"content":{"rendered":"<div class=\"system-stammdaten\">\n<h2><\/h2>\n<p>&nbsp;<\/p>\n<\/div>\n","protected":false},"excerpt":{"rendered":"<p>&nbsp;<\/p>\n","protected":false},"featured_media":16952,"comment_status":"closed","ping_status":"closed","template":"","meta":{"_acf_changed":false},"anwendung":[],"product_brand":[264],"product_cat":[582],"product_tag":[590,587,584,585],"class_list":{"0":"post-16863","1":"product","2":"type-product","3":"status-publish","4":"has-post-thumbnail","6":"product_brand-enwitec","7":"product_cat-ochrona-sieci-i-instalacji","8":"product_tag-10018546-pl","9":"product_tag-na4105-pl","10":"product_tag-ochrona-na","11":"product_tag-ochrona-sieci-i-systemu","13":"first","14":"instock","15":"shipping-taxable","16":"product-type-simple"},"acf":{"product_informations":"Odkryj jedn\u0105 z naszych g\u0142\u00f3wnych atrakcji w 2025 roku - PowerShield 500, kt\u00f3ry zosta\u0142 specjalnie opracowany do ochrony sieci i system\u00f3w fotowoltaicznych o \u0142\u0105cznej mocy do 500 kW.\n\nPowerShield 500 to najnowocze\u015bniejsze urz\u0105dzenie zabezpieczaj\u0105ce sie\u0107 i system, kt\u00f3re zosta\u0142o opracowane zgodnie z nowym rozszerzeniem limit\u00f3w mocy dyrektywy niskonapi\u0119ciowej VDE-AR-N 4105. S\u0142u\u017cy jako zabezpieczenie odsprz\u0119gaj\u0105ce na jednostce wytw\u00f3rczej i mo\u017ce by\u0107 u\u017cywane tylko w po\u0142\u0105czeniu z zabezpieczeniem odsprz\u0119gaj\u0105cym wy\u017cszego poziomu lub r\u00f3wnowa\u017cnym zgodnie z TAR odpowiedniego poziomu przy\u0142\u0105czenia do sieci (zwykle \"\u015brednie napi\u0119cie\" zgodnie z VDE-AR-N 4110). \n\nProdukt obejmuje przeka\u017anik zabezpieczenia sieciowego, powi\u0105zane zaciski od\u0142\u0105czenia testowego, z\u0142\u0105cze komunikacyjne i prze\u0142\u0105cznik sprz\u0119gaj\u0105cy.","technical_data":"<div class=\"stammdaten-col\">\n<div class=\"line\">\n<p class=\"system-stammdaten-left\">Artyku\u0142 nr: 10019386 i 10019413<\/p>\n<p class=\"system-stammdaten-left\"><strong>ART.NO. 10019386<\/strong>\n<strong>Zabezpieczenie sieci i systemu zgodnie z VDE-AR-N 4105\/4110 <\/strong>\n<strong>Szafa zasilaj\u0105ca PowerShield 500<\/strong>\nForma sieci: TN-S\nMoc: 552 kVA\nDopuszczenie krajowe: VDE-AR-N 4105\/4110\nIzolacja: tr\u00f3jbiegunowa\nKlasa testowa wg EN 61643-11 (typ): I+II\/BC\nTyp bezpiecznika rezerwowego: roz\u0142\u0105cznik NH1\nWk\u0142adka bezpiecznikowa: 4 x NH1\nMaks. Bezpiecznik znamionowy: 250 A na roz\u0142\u0105cznik <\/p>\n\n<\/div>\n<strong>ART.NO. 10019413<\/strong>\n<strong>Zabezpieczenie sieci i systemu zgodnie z VDE-AR-N 4105\/4110 <\/strong>\n<strong>Szafa sterownicza PowerShield 500\n<\/strong>Znamionowe napi\u0119cie izolacji Ui: 660 VAC\nZnamionowe napi\u0119cie robocze Ue: 3PH - 230\/400 VAC\nCz\u0119stotliwo\u015b\u0107 robocza: 50 Hz\nPosta\u0107 sieci: TT\/TN-S\nTyp systemu generuj\u0105cego (VDE-AR-N 4105\/4110): Typ 2<strong>\n<\/strong>\n\n\u00a0\n\n<\/div>","download":"<a href=\"https:\/\/greenlink.technology\/wp-content\/uploads\/2025\/06\/10019386_Datenblatt_Leistungsschrank_PowerShield-500_DE_2025_04_17.pdf\" target=\"_blank\" rel=\"noopener\">Karta katalogowa 10019386 PL<\/a>\n<a href=\"https:\/\/greenlink.technology\/wp-content\/uploads\/2025\/06\/10019413_Datenblatt_PowerShield_500_2025_04_29.pdf\" target=\"_blank\" rel=\"noopener\">Arkusz danych 10019413 PL<\/a>\n\n<a href=\"https:\/\/greenlink.technology\/wp-content\/uploads\/2025\/06\/10019386_datasheet_power-cabinet_PowerShield-500_EN_2025_04_23.pdf\" target=\"_blank\" rel=\"noopener\">Arkusz danych 10019386 PL<\/a>\n<a href=\"https:\/\/greenlink.technology\/wp-content\/uploads\/2025\/06\/10019413_datasheet_PowerShield_500_2025_04_29.pdf\" target=\"_blank\" rel=\"noopener\">Arkusz danych 10019413 PL<\/a>\n\n<a href=\"https:\/\/greenlink.technology\/wp-content\/uploads\/2025\/06\/10019386_Arkusz-danych_Szafa-zasilajaca_PowerShield-500_PL_2025_05_20.pdf\" target=\"_blank\" rel=\"noopener\">Arkusz danych 10019386 PL<\/a>\n<a href=\"https:\/\/greenlink.technology\/wp-content\/uploads\/2025\/06\/10019413_Arkusz-danych_PowerShield_500_PL_2025_05_20.pdf\" target=\"_blank\" rel=\"noopener\">Arkusz danych 10019413 PL<\/a>","product_short_description":"<strong>Zatwierdzenie krajowe:<\/strong> VDE-AR-N 4105:2018-11\n<strong>Moc:<\/strong> 550 kVA\n<strong>Izolacja:<\/strong> tr\u00f3jbiegunowa\n<strong>Forma sieci: <\/strong>TT \/ TN-S","photo_gallery":{"galerie_produkte":[[]]}},"yoast_head":"<!-- This site is optimized with the Yoast SEO plugin v27.3 - https:\/\/yoast.com\/product\/yoast-seo-wordpress\/ -->\n<title>Ochrona sieci i systemu enwitec PowerShield 500 - greenLink orchestrating energy flows | enwitec electronic GmbH | LinQ Europe Sp. z o.o.<\/title>\n<meta name=\"robots\" content=\"index, follow, max-snippet:-1, max-image-preview:large, max-video-preview:-1\" \/>\n<link rel=\"canonical\" href=\"https:\/\/greenlink.technology\/pl\/produkt\/enwitec-zabezpieczenie-sieci-i-systemu-276-kva-zgodnie-z-vde-ar-n-41052018-11-10018546-kopie\/\" \/>\n<meta property=\"og:locale\" content=\"pl_PL\" \/>\n<meta property=\"og:type\" content=\"article\" \/>\n<meta property=\"og:title\" content=\"Ochrona sieci i systemu enwitec PowerShield 500 - greenLink orchestrating energy flows | enwitec electronic GmbH | LinQ Europe Sp. z o.o.\" \/>\n<meta property=\"og:description\" content=\"&nbsp;\" \/>\n<meta property=\"og:url\" content=\"https:\/\/greenlink.technology\/pl\/produkt\/enwitec-zabezpieczenie-sieci-i-systemu-276-kva-zgodnie-z-vde-ar-n-41052018-11-10018546-kopie\/\" \/>\n<meta property=\"og:site_name\" content=\"greenLink orchestrating energy flows | enwitec electronic GmbH | LinQ Europe Sp. z o.o.\" \/>\n<meta property=\"article:modified_time\" content=\"2025-09-15T09:12:11+00:00\" \/>\n<meta property=\"og:image\" content=\"https:\/\/enwitec.eu\/wp-content\/uploads\/2025\/06\/10019386.png\" \/>\n\t<meta property=\"og:image:width\" content=\"500\" \/>\n\t<meta property=\"og:image:height\" content=\"500\" \/>\n\t<meta property=\"og:image:type\" content=\"image\/png\" \/>\n<meta name=\"twitter:card\" content=\"summary_large_image\" \/>\n<script type=\"application\/ld+json\" class=\"yoast-schema-graph\">{\"@context\":\"https:\\\/\\\/schema.org\",\"@graph\":[{\"@type\":\"WebPage\",\"@id\":\"https:\\\/\\\/greenlink.technology\\\/pl\\\/produkt\\\/enwitec-zabezpieczenie-sieci-i-systemu-276-kva-zgodnie-z-vde-ar-n-41052018-11-10018546-kopie\\\/\",\"url\":\"https:\\\/\\\/greenlink.technology\\\/pl\\\/produkt\\\/enwitec-zabezpieczenie-sieci-i-systemu-276-kva-zgodnie-z-vde-ar-n-41052018-11-10018546-kopie\\\/\",\"name\":\"Ochrona sieci i systemu enwitec PowerShield 500 - greenLink orchestrating energy flows | enwitec electronic GmbH | LinQ Europe Sp. z o.o.\",\"isPartOf\":{\"@id\":\"https:\\\/\\\/enwitec.eu\\\/en\\\/#website\"},\"primaryImageOfPage\":{\"@id\":\"https:\\\/\\\/greenlink.technology\\\/pl\\\/produkt\\\/enwitec-zabezpieczenie-sieci-i-systemu-276-kva-zgodnie-z-vde-ar-n-41052018-11-10018546-kopie\\\/#primaryimage\"},\"image\":{\"@id\":\"https:\\\/\\\/greenlink.technology\\\/pl\\\/produkt\\\/enwitec-zabezpieczenie-sieci-i-systemu-276-kva-zgodnie-z-vde-ar-n-41052018-11-10018546-kopie\\\/#primaryimage\"},\"thumbnailUrl\":\"https:\\\/\\\/greenlink.technology\\\/wp-content\\\/uploads\\\/2025\\\/06\\\/10019386.png\",\"datePublished\":\"2025-06-27T06:39:47+00:00\",\"dateModified\":\"2025-09-15T09:12:11+00:00\",\"breadcrumb\":{\"@id\":\"https:\\\/\\\/greenlink.technology\\\/pl\\\/produkt\\\/enwitec-zabezpieczenie-sieci-i-systemu-276-kva-zgodnie-z-vde-ar-n-41052018-11-10018546-kopie\\\/#breadcrumb\"},\"inLanguage\":\"pl-PL\",\"potentialAction\":[{\"@type\":\"ReadAction\",\"target\":[\"https:\\\/\\\/greenlink.technology\\\/pl\\\/produkt\\\/enwitec-zabezpieczenie-sieci-i-systemu-276-kva-zgodnie-z-vde-ar-n-41052018-11-10018546-kopie\\\/\"]}]},{\"@type\":\"ImageObject\",\"inLanguage\":\"pl-PL\",\"@id\":\"https:\\\/\\\/greenlink.technology\\\/pl\\\/produkt\\\/enwitec-zabezpieczenie-sieci-i-systemu-276-kva-zgodnie-z-vde-ar-n-41052018-11-10018546-kopie\\\/#primaryimage\",\"url\":\"https:\\\/\\\/greenlink.technology\\\/wp-content\\\/uploads\\\/2025\\\/06\\\/10019386.png\",\"contentUrl\":\"https:\\\/\\\/greenlink.technology\\\/wp-content\\\/uploads\\\/2025\\\/06\\\/10019386.png\",\"width\":500,\"height\":500},{\"@type\":\"BreadcrumbList\",\"@id\":\"https:\\\/\\\/greenlink.technology\\\/pl\\\/produkt\\\/enwitec-zabezpieczenie-sieci-i-systemu-276-kva-zgodnie-z-vde-ar-n-41052018-11-10018546-kopie\\\/#breadcrumb\",\"itemListElement\":[{\"@type\":\"ListItem\",\"position\":1,\"name\":\"Startseite\",\"item\":\"https:\\\/\\\/greenlink.technology\\\/pl\\\/\"},{\"@type\":\"ListItem\",\"position\":2,\"name\":\"Produkty\",\"item\":\"https:\\\/\\\/greenlink.technology\\\/pl\\\/o-nas\\\/firma\\\/enwitec\\\/produkty\\\/\"},{\"@type\":\"ListItem\",\"position\":3,\"name\":\"Ochrona sieci i systemu enwitec PowerShield 500\"}]},{\"@type\":\"WebSite\",\"@id\":\"https:\\\/\\\/enwitec.eu\\\/en\\\/#website\",\"url\":\"https:\\\/\\\/enwitec.eu\\\/en\\\/\",\"name\":\"greenLink orchestrating energy flows | enwitec electronic GmbH | LinQ Europe Sp. z o.o.\",\"description\":\"\",\"publisher\":{\"@id\":\"https:\\\/\\\/enwitec.eu\\\/en\\\/#organization\"},\"potentialAction\":[{\"@type\":\"SearchAction\",\"target\":{\"@type\":\"EntryPoint\",\"urlTemplate\":\"https:\\\/\\\/enwitec.eu\\\/en\\\/?s={search_term_string}\"},\"query-input\":{\"@type\":\"PropertyValueSpecification\",\"valueRequired\":true,\"valueName\":\"search_term_string\"}}],\"inLanguage\":\"pl-PL\"},{\"@type\":\"Organization\",\"@id\":\"https:\\\/\\\/enwitec.eu\\\/en\\\/#organization\",\"name\":\"greenLink orkiestruj\u0105cy przep\u0142ywy energii | enwitec electronic GmbH | LinQ Europe Sp. z o.o.\",\"url\":\"https:\\\/\\\/enwitec.eu\\\/en\\\/\",\"logo\":{\"@type\":\"ImageObject\",\"inLanguage\":\"pl-PL\",\"@id\":\"https:\\\/\\\/enwitec.eu\\\/en\\\/#\\\/schema\\\/logo\\\/image\\\/\",\"url\":\"https:\\\/\\\/greenlink.technology\\\/wp-content\\\/uploads\\\/2025\\\/01\\\/greenlink-logo-final.png\",\"contentUrl\":\"https:\\\/\\\/greenlink.technology\\\/wp-content\\\/uploads\\\/2025\\\/01\\\/greenlink-logo-final.png\",\"width\":2586,\"height\":629,\"caption\":\"greenLink orkiestruj\u0105cy przep\u0142ywy energii | enwitec electronic GmbH | LinQ Europe Sp. z o.o. \"},\"image\":{\"@id\":\"https:\\\/\\\/enwitec.eu\\\/en\\\/#\\\/schema\\\/logo\\\/image\\\/\"}}]}<\/script>\n<!-- \/ Yoast SEO plugin. -->","yoast_head_json":{"title":"Ochrona sieci i systemu enwitec PowerShield 500 - greenLink orchestrating energy flows | enwitec electronic GmbH | LinQ Europe Sp. z o.o.","robots":{"index":"index","follow":"follow","max-snippet":"max-snippet:-1","max-image-preview":"max-image-preview:large","max-video-preview":"max-video-preview:-1"},"canonical":"https:\/\/greenlink.technology\/pl\/produkt\/enwitec-zabezpieczenie-sieci-i-systemu-276-kva-zgodnie-z-vde-ar-n-41052018-11-10018546-kopie\/","og_locale":"pl_PL","og_type":"article","og_title":"Ochrona sieci i systemu enwitec PowerShield 500 - greenLink orchestrating energy flows | enwitec electronic GmbH | LinQ Europe Sp. z o.o.","og_description":"&nbsp;","og_url":"https:\/\/greenlink.technology\/pl\/produkt\/enwitec-zabezpieczenie-sieci-i-systemu-276-kva-zgodnie-z-vde-ar-n-41052018-11-10018546-kopie\/","og_site_name":"greenLink orchestrating energy flows | enwitec electronic GmbH | LinQ Europe Sp. z o.o.","article_modified_time":"2025-09-15T09:12:11+00:00","og_image":[{"width":500,"height":500,"url":"https:\/\/enwitec.eu\/wp-content\/uploads\/2025\/06\/10019386.png","type":"image\/png"}],"twitter_card":"summary_large_image","schema":{"@context":"https:\/\/schema.org","@graph":[{"@type":"WebPage","@id":"https:\/\/greenlink.technology\/pl\/produkt\/enwitec-zabezpieczenie-sieci-i-systemu-276-kva-zgodnie-z-vde-ar-n-41052018-11-10018546-kopie\/","url":"https:\/\/greenlink.technology\/pl\/produkt\/enwitec-zabezpieczenie-sieci-i-systemu-276-kva-zgodnie-z-vde-ar-n-41052018-11-10018546-kopie\/","name":"Ochrona sieci i systemu enwitec PowerShield 500 - greenLink orchestrating energy flows | enwitec electronic GmbH | LinQ Europe Sp. z o.o.","isPartOf":{"@id":"https:\/\/enwitec.eu\/en\/#website"},"primaryImageOfPage":{"@id":"https:\/\/greenlink.technology\/pl\/produkt\/enwitec-zabezpieczenie-sieci-i-systemu-276-kva-zgodnie-z-vde-ar-n-41052018-11-10018546-kopie\/#primaryimage"},"image":{"@id":"https:\/\/greenlink.technology\/pl\/produkt\/enwitec-zabezpieczenie-sieci-i-systemu-276-kva-zgodnie-z-vde-ar-n-41052018-11-10018546-kopie\/#primaryimage"},"thumbnailUrl":"https:\/\/greenlink.technology\/wp-content\/uploads\/2025\/06\/10019386.png","datePublished":"2025-06-27T06:39:47+00:00","dateModified":"2025-09-15T09:12:11+00:00","breadcrumb":{"@id":"https:\/\/greenlink.technology\/pl\/produkt\/enwitec-zabezpieczenie-sieci-i-systemu-276-kva-zgodnie-z-vde-ar-n-41052018-11-10018546-kopie\/#breadcrumb"},"inLanguage":"pl-PL","potentialAction":[{"@type":"ReadAction","target":["https:\/\/greenlink.technology\/pl\/produkt\/enwitec-zabezpieczenie-sieci-i-systemu-276-kva-zgodnie-z-vde-ar-n-41052018-11-10018546-kopie\/"]}]},{"@type":"ImageObject","inLanguage":"pl-PL","@id":"https:\/\/greenlink.technology\/pl\/produkt\/enwitec-zabezpieczenie-sieci-i-systemu-276-kva-zgodnie-z-vde-ar-n-41052018-11-10018546-kopie\/#primaryimage","url":"https:\/\/greenlink.technology\/wp-content\/uploads\/2025\/06\/10019386.png","contentUrl":"https:\/\/greenlink.technology\/wp-content\/uploads\/2025\/06\/10019386.png","width":500,"height":500},{"@type":"BreadcrumbList","@id":"https:\/\/greenlink.technology\/pl\/produkt\/enwitec-zabezpieczenie-sieci-i-systemu-276-kva-zgodnie-z-vde-ar-n-41052018-11-10018546-kopie\/#breadcrumb","itemListElement":[{"@type":"ListItem","position":1,"name":"Startseite","item":"https:\/\/greenlink.technology\/pl\/"},{"@type":"ListItem","position":2,"name":"Produkty","item":"https:\/\/greenlink.technology\/pl\/o-nas\/firma\/enwitec\/produkty\/"},{"@type":"ListItem","position":3,"name":"Ochrona sieci i systemu enwitec PowerShield 500"}]},{"@type":"WebSite","@id":"https:\/\/enwitec.eu\/en\/#website","url":"https:\/\/enwitec.eu\/en\/","name":"greenLink orchestrating energy flows | enwitec electronic GmbH | LinQ Europe Sp. z o.o.","description":"","publisher":{"@id":"https:\/\/enwitec.eu\/en\/#organization"},"potentialAction":[{"@type":"SearchAction","target":{"@type":"EntryPoint","urlTemplate":"https:\/\/enwitec.eu\/en\/?s={search_term_string}"},"query-input":{"@type":"PropertyValueSpecification","valueRequired":true,"valueName":"search_term_string"}}],"inLanguage":"pl-PL"},{"@type":"Organization","@id":"https:\/\/enwitec.eu\/en\/#organization","name":"greenLink orkiestruj\u0105cy przep\u0142ywy energii | enwitec electronic GmbH | LinQ Europe Sp. z o.o.","url":"https:\/\/enwitec.eu\/en\/","logo":{"@type":"ImageObject","inLanguage":"pl-PL","@id":"https:\/\/enwitec.eu\/en\/#\/schema\/logo\/image\/","url":"https:\/\/greenlink.technology\/wp-content\/uploads\/2025\/01\/greenlink-logo-final.png","contentUrl":"https:\/\/greenlink.technology\/wp-content\/uploads\/2025\/01\/greenlink-logo-final.png","width":2586,"height":629,"caption":"greenLink orkiestruj\u0105cy przep\u0142ywy energii | enwitec electronic GmbH | LinQ Europe Sp. z o.o. "},"image":{"@id":"https:\/\/enwitec.eu\/en\/#\/schema\/logo\/image\/"}}]}},"_links":{"self":[{"href":"https:\/\/greenlink.technology\/pl\/wp-json\/wp\/v2\/product\/16863","targetHints":{"allow":["GET"]}}],"collection":[{"href":"https:\/\/greenlink.technology\/pl\/wp-json\/wp\/v2\/product"}],"about":[{"href":"https:\/\/greenlink.technology\/pl\/wp-json\/wp\/v2\/types\/product"}],"replies":[{"embeddable":true,"href":"https:\/\/greenlink.technology\/pl\/wp-json\/wp\/v2\/comments?post=16863"}],"wp:featuredmedia":[{"embeddable":true,"href":"https:\/\/greenlink.technology\/pl\/wp-json\/wp\/v2\/media\/16952"}],"wp:attachment":[{"href":"https:\/\/greenlink.technology\/pl\/wp-json\/wp\/v2\/media?parent=16863"}],"wp:term":[{"taxonomy":"anwendung","embeddable":true,"href":"https:\/\/greenlink.technology\/pl\/wp-json\/wp\/v2\/anwendung?post=16863"},{"taxonomy":"product_brand","embeddable":true,"href":"https:\/\/greenlink.technology\/pl\/wp-json\/wp\/v2\/product_brand?post=16863"},{"taxonomy":"product_cat","embeddable":true,"href":"https:\/\/greenlink.technology\/pl\/wp-json\/wp\/v2\/product_cat?post=16863"},{"taxonomy":"product_tag","embeddable":true,"href":"https:\/\/greenlink.technology\/pl\/wp-json\/wp\/v2\/product_tag?post=16863"}],"curies":[{"name":"wp","href":"https:\/\/api.w.org\/{rel}","templated":true}]}}