{"id":16838,"date":"2025-06-27T06:58:17","date_gmt":"2025-06-27T04:58:17","guid":{"rendered":"https:\/\/enwitec.eu\/?post_type=product&#038;p=16838"},"modified":"2025-09-15T11:12:12","modified_gmt":"2025-09-15T09:12:12","slug":"enwitec-zabezpieczenie-sieci-i-systemu-na4105-863-kva-zgodnie-z-vde-ar-n-41052018-11-10018716-kopie","status":"publish","type":"product","link":"https:\/\/greenlink.technology\/pl\/produkt\/enwitec-zabezpieczenie-sieci-i-systemu-na4105-863-kva-zgodnie-z-vde-ar-n-41052018-11-10018716-kopie\/","title":{"rendered":"Kontroler enwitec EZA PowerControl 500"},"content":{"rendered":"<div class=\"system-stammdaten\">\n<h2><\/h2>\n<p>&nbsp;<\/p>\n<\/div>\n","protected":false},"excerpt":{"rendered":"<p>&nbsp;<\/p>\n","protected":false},"featured_media":16857,"comment_status":"closed","ping_status":"closed","template":"","meta":{"_acf_changed":false},"anwendung":[],"product_brand":[264],"product_cat":[582],"product_tag":[1428,584,585,1427],"class_list":{"0":"post-16838","1":"product","2":"type-product","3":"status-publish","4":"has-post-thumbnail","6":"product_brand-enwitec","7":"product_cat-ochrona-sieci-i-instalacji","8":"product_tag-1428","9":"product_tag-ochrona-na","10":"product_tag-ochrona-sieci-i-systemu","11":"product_tag-powercontrol500","12":"pa_laenderfreigabe-pl","13":"pa_leistung-30-86-kva-pl","14":"pa_trennung-wszystkie-bieguny","16":"first","17":"instock","18":"shipping-taxable","19":"product-type-simple"},"acf":{"product_informations":"Enwitec PowerControl 500, opracowany w 2025 roku, to najnowocze\u015bniejszy kontroler elektrowni (kontroler EZA) do system\u00f3w fotowoltaicznych na rynku C&I (komercyjnym i przemys\u0142owym) oraz u\u017cyteczno\u015bci publicznej. Opracowany zgodnie z najnowszymi wytycznymi VDE\/FNN, PowerControl 500 oferuje kompleksowe rozwi\u0105zanie do sterowania i monitorowania system\u00f3w fotowoltaicznych. \n\nPowerControl 500 dzia\u0142a jako interfejs do operatora sieci i przekazuje wymagane specyfikacje warto\u015bci zadanych dla zasilania jednostek wytw\u00f3rczych moc\u0105 czynn\u0105 (kW) i moc\u0105 biern\u0105 (kvar). Stale por\u00f3wnuje warto\u015bci zadane i rzeczywiste oraz przesy\u0142a obliczone zmienne steruj\u0105ce z powrotem do jednostek wytw\u00f3rczych, aby zapewni\u0107 zarz\u0105dzanie zasilaniem zgodne z wymogami sieci.","technical_data":"<div class=\"stammdaten-col\">\n<div class=\"line\">\n<p class=\"system-stammdaten-left\">Nr artyku\u0142u: 10019571\nTyp sieci: TT \/ TN-S\nMaks. Warto\u015b\u0107 bezpiecznika rezerwowego: patrz schemat obwodu\nTyp systemu generuj\u0105cego (VDE-AR-N 4105\/4110): Typ 2 <\/p>\n\n<\/div>\n<strong>Kontroler - EZA-REGLER:<\/strong>\n\nInterfejsy komunikacyjne:\n- 1\u00d7 Ethernet\n- 1\u00d7 RS485\n- 1\u00d7 RS485\/422, maks. 100 falownik\u00f3w, mo\u017cliwa praca mieszana\n- 2\u00d7 USB (WLAN\/GSM\/modem analogowy itp.)\n- 1\u00d7 RS232\n- 1\u00d7 1-Wire\u00ae\n- 1\u00d7 Can (opcjonalnie) \n\nDodatkowe wej\u015bcia-wyj\u015bcia:\n- 4\u00d7 wej\u015bcie cyfrowe 0-24 V (z wewn\u0119trznym zasilaniem urz\u0105dzenia lub zewn\u0119trznym 24 V)\n- 2\u00d7 wej\u015bcie analogowe 0-10 V 0\/4-20 mA\n- 2\u00d7 wej\u015bcie analogowe Pt1000\/Kty 81-210\n- 4\u00d7 wyj\u015bcie cyfrowe. Obci\u0105\u017cenie 24 V DC \/ 500 mA\n- 2\u00d7 przeka\u017anik (styk prze\u0142\u0105czny maks. obci\u0105\u017cenie 24 V \/ 5 A)\n- 2\u00d7 wyj\u015bcie analogowe 0-10 V 0\/4-20mA \n\nWy\u015bwietlacz serwera WWW:\n- Pami\u0119\u0107 1 GB RAM. 8 GB Flash. 8 GB micro SD\n- Procesor Quadcore 4x 1,2GHz z GPU\n- J\u0119zyki: Niemiecki\/angielski\/polski\/w\u0142oski  \n\n<strong>UPS:<\/strong>\nNapi\u0119cie znamionowe: 24 V\nPojemno\u015b\u0107 baterii: 2 x 3,2 Ah\n\n<strong>ROUTER LTE Z PRZE\u0141\u0104CZNIKIEM:<\/strong>\nTyp: Welotec TK804L1.450\nLiczba port\u00f3w: 4\n\n<strong>2 x 3-PHASE POWER CONVERTERS:<\/strong>\nTyp: Wago 3x277\/480 2857-570\/024-005\n\n<\/div>","download":"<a href=\"https:\/\/greenlink.technology\/wp-content\/uploads\/2025\/06\/10019571_Datenblatt_PowerControl-500_2025_06_11_b.pdf\" target=\"_blank\" rel=\"noopener\">Arkusz danych PL<\/a>\n<a href=\"https:\/\/greenlink.technology\/wp-content\/uploads\/2025\/06\/10019571_datasheet_PowerControl-500_EN_2025_06_11_b.pdf\" target=\"_blank\" rel=\"noopener\">Arkusz danych PL<\/a>\n<a href=\"https:\/\/greenlink.technology\/wp-content\/uploads\/2025\/06\/10019571_Arkusz-danych_PowerControl-500_PL_2025_06_11_b.pdf\" target=\"_blank\" rel=\"noopener\">Arkusz danych PL<\/a>","product_short_description":"<strong>Zatwierdzenie krajowe:<\/strong> VDE-AR-N 4105\/4110)\n<strong>Kszta\u0142t sieci: <\/strong>TT \/ TN-S","photo_gallery":{"galerie_produkte":[[]]}},"yoast_head":"<!-- This site is optimized with the Yoast SEO plugin v27.3 - https:\/\/yoast.com\/product\/yoast-seo-wordpress\/ -->\n<title>Kontroler enwitec EZA PowerControl 500 - greenLink orchestrating energy flows | enwitec electronic GmbH | LinQ Europe Sp. z o.o.<\/title>\n<meta name=\"robots\" content=\"index, follow, max-snippet:-1, max-image-preview:large, max-video-preview:-1\" \/>\n<link rel=\"canonical\" href=\"https:\/\/greenlink.technology\/pl\/produkt\/enwitec-zabezpieczenie-sieci-i-systemu-na4105-863-kva-zgodnie-z-vde-ar-n-41052018-11-10018716-kopie\/\" \/>\n<meta property=\"og:locale\" content=\"pl_PL\" \/>\n<meta property=\"og:type\" content=\"article\" \/>\n<meta property=\"og:title\" content=\"Kontroler enwitec EZA PowerControl 500 - greenLink orchestrating energy flows | enwitec electronic GmbH | LinQ Europe Sp. z o.o.\" \/>\n<meta property=\"og:description\" content=\"&nbsp;\" \/>\n<meta property=\"og:url\" content=\"https:\/\/greenlink.technology\/pl\/produkt\/enwitec-zabezpieczenie-sieci-i-systemu-na4105-863-kva-zgodnie-z-vde-ar-n-41052018-11-10018716-kopie\/\" \/>\n<meta property=\"og:site_name\" content=\"greenLink orchestrating energy flows | enwitec electronic GmbH | LinQ Europe Sp. z o.o.\" \/>\n<meta property=\"article:modified_time\" content=\"2025-09-15T09:12:12+00:00\" \/>\n<meta property=\"og:image\" content=\"https:\/\/linqeurope.pl\/wp-content\/uploads\/2025\/06\/Parkregler-L-closed_transparent_enwitec.png\" \/>\n\t<meta property=\"og:image:width\" content=\"500\" \/>\n\t<meta property=\"og:image:height\" content=\"667\" \/>\n\t<meta property=\"og:image:type\" content=\"image\/png\" \/>\n<meta name=\"twitter:card\" content=\"summary_large_image\" \/>\n<script type=\"application\/ld+json\" class=\"yoast-schema-graph\">{\"@context\":\"https:\\\/\\\/schema.org\",\"@graph\":[{\"@type\":\"WebPage\",\"@id\":\"https:\\\/\\\/greenlink.technology\\\/pl\\\/produkt\\\/enwitec-zabezpieczenie-sieci-i-systemu-na4105-863-kva-zgodnie-z-vde-ar-n-41052018-11-10018716-kopie\\\/\",\"url\":\"https:\\\/\\\/greenlink.technology\\\/pl\\\/produkt\\\/enwitec-zabezpieczenie-sieci-i-systemu-na4105-863-kva-zgodnie-z-vde-ar-n-41052018-11-10018716-kopie\\\/\",\"name\":\"Kontroler enwitec EZA PowerControl 500 - greenLink orchestrating energy flows | enwitec electronic GmbH | LinQ Europe Sp. z o.o.\",\"isPartOf\":{\"@id\":\"https:\\\/\\\/enwitec.eu\\\/en\\\/#website\"},\"primaryImageOfPage\":{\"@id\":\"https:\\\/\\\/greenlink.technology\\\/pl\\\/produkt\\\/enwitec-zabezpieczenie-sieci-i-systemu-na4105-863-kva-zgodnie-z-vde-ar-n-41052018-11-10018716-kopie\\\/#primaryimage\"},\"image\":{\"@id\":\"https:\\\/\\\/greenlink.technology\\\/pl\\\/produkt\\\/enwitec-zabezpieczenie-sieci-i-systemu-na4105-863-kva-zgodnie-z-vde-ar-n-41052018-11-10018716-kopie\\\/#primaryimage\"},\"thumbnailUrl\":\"https:\\\/\\\/greenlink.technology\\\/wp-content\\\/uploads\\\/2025\\\/06\\\/Parkregler-L-closed_transparent_enwitec.png\",\"datePublished\":\"2025-06-27T04:58:17+00:00\",\"dateModified\":\"2025-09-15T09:12:12+00:00\",\"breadcrumb\":{\"@id\":\"https:\\\/\\\/greenlink.technology\\\/pl\\\/produkt\\\/enwitec-zabezpieczenie-sieci-i-systemu-na4105-863-kva-zgodnie-z-vde-ar-n-41052018-11-10018716-kopie\\\/#breadcrumb\"},\"inLanguage\":\"pl-PL\",\"potentialAction\":[{\"@type\":\"ReadAction\",\"target\":[\"https:\\\/\\\/greenlink.technology\\\/pl\\\/produkt\\\/enwitec-zabezpieczenie-sieci-i-systemu-na4105-863-kva-zgodnie-z-vde-ar-n-41052018-11-10018716-kopie\\\/\"]}]},{\"@type\":\"ImageObject\",\"inLanguage\":\"pl-PL\",\"@id\":\"https:\\\/\\\/greenlink.technology\\\/pl\\\/produkt\\\/enwitec-zabezpieczenie-sieci-i-systemu-na4105-863-kva-zgodnie-z-vde-ar-n-41052018-11-10018716-kopie\\\/#primaryimage\",\"url\":\"https:\\\/\\\/greenlink.technology\\\/wp-content\\\/uploads\\\/2025\\\/06\\\/Parkregler-L-closed_transparent_enwitec.png\",\"contentUrl\":\"https:\\\/\\\/greenlink.technology\\\/wp-content\\\/uploads\\\/2025\\\/06\\\/Parkregler-L-closed_transparent_enwitec.png\",\"width\":500,\"height\":667},{\"@type\":\"BreadcrumbList\",\"@id\":\"https:\\\/\\\/greenlink.technology\\\/pl\\\/produkt\\\/enwitec-zabezpieczenie-sieci-i-systemu-na4105-863-kva-zgodnie-z-vde-ar-n-41052018-11-10018716-kopie\\\/#breadcrumb\",\"itemListElement\":[{\"@type\":\"ListItem\",\"position\":1,\"name\":\"Startseite\",\"item\":\"https:\\\/\\\/greenlink.technology\\\/pl\\\/\"},{\"@type\":\"ListItem\",\"position\":2,\"name\":\"Produkty\",\"item\":\"https:\\\/\\\/greenlink.technology\\\/pl\\\/o-nas\\\/firma\\\/enwitec\\\/produkty\\\/\"},{\"@type\":\"ListItem\",\"position\":3,\"name\":\"Kontroler enwitec EZA PowerControl 500\"}]},{\"@type\":\"WebSite\",\"@id\":\"https:\\\/\\\/enwitec.eu\\\/en\\\/#website\",\"url\":\"https:\\\/\\\/enwitec.eu\\\/en\\\/\",\"name\":\"greenLink orchestrating energy flows | enwitec electronic GmbH | LinQ Europe Sp. z o.o.\",\"description\":\"\",\"publisher\":{\"@id\":\"https:\\\/\\\/enwitec.eu\\\/en\\\/#organization\"},\"potentialAction\":[{\"@type\":\"SearchAction\",\"target\":{\"@type\":\"EntryPoint\",\"urlTemplate\":\"https:\\\/\\\/enwitec.eu\\\/en\\\/?s={search_term_string}\"},\"query-input\":{\"@type\":\"PropertyValueSpecification\",\"valueRequired\":true,\"valueName\":\"search_term_string\"}}],\"inLanguage\":\"pl-PL\"},{\"@type\":\"Organization\",\"@id\":\"https:\\\/\\\/enwitec.eu\\\/en\\\/#organization\",\"name\":\"greenLink orkiestruj\u0105cy przep\u0142ywy energii | enwitec electronic GmbH | LinQ Europe Sp. z o.o.\",\"url\":\"https:\\\/\\\/enwitec.eu\\\/en\\\/\",\"logo\":{\"@type\":\"ImageObject\",\"inLanguage\":\"pl-PL\",\"@id\":\"https:\\\/\\\/enwitec.eu\\\/en\\\/#\\\/schema\\\/logo\\\/image\\\/\",\"url\":\"https:\\\/\\\/greenlink.technology\\\/wp-content\\\/uploads\\\/2025\\\/01\\\/greenlink-logo-final.png\",\"contentUrl\":\"https:\\\/\\\/greenlink.technology\\\/wp-content\\\/uploads\\\/2025\\\/01\\\/greenlink-logo-final.png\",\"width\":2586,\"height\":629,\"caption\":\"greenLink orkiestruj\u0105cy przep\u0142ywy energii | enwitec electronic GmbH | LinQ Europe Sp. z o.o. \"},\"image\":{\"@id\":\"https:\\\/\\\/enwitec.eu\\\/en\\\/#\\\/schema\\\/logo\\\/image\\\/\"}}]}<\/script>\n<!-- \/ Yoast SEO plugin. -->","yoast_head_json":{"title":"Kontroler enwitec EZA PowerControl 500 - greenLink orchestrating energy flows | enwitec electronic GmbH | LinQ Europe Sp. z o.o.","robots":{"index":"index","follow":"follow","max-snippet":"max-snippet:-1","max-image-preview":"max-image-preview:large","max-video-preview":"max-video-preview:-1"},"canonical":"https:\/\/greenlink.technology\/pl\/produkt\/enwitec-zabezpieczenie-sieci-i-systemu-na4105-863-kva-zgodnie-z-vde-ar-n-41052018-11-10018716-kopie\/","og_locale":"pl_PL","og_type":"article","og_title":"Kontroler enwitec EZA PowerControl 500 - greenLink orchestrating energy flows | enwitec electronic GmbH | LinQ Europe Sp. z o.o.","og_description":"&nbsp;","og_url":"https:\/\/greenlink.technology\/pl\/produkt\/enwitec-zabezpieczenie-sieci-i-systemu-na4105-863-kva-zgodnie-z-vde-ar-n-41052018-11-10018716-kopie\/","og_site_name":"greenLink orchestrating energy flows | enwitec electronic GmbH | LinQ Europe Sp. z o.o.","article_modified_time":"2025-09-15T09:12:12+00:00","og_image":[{"width":500,"height":667,"url":"https:\/\/linqeurope.pl\/wp-content\/uploads\/2025\/06\/Parkregler-L-closed_transparent_enwitec.png","type":"image\/png"}],"twitter_card":"summary_large_image","schema":{"@context":"https:\/\/schema.org","@graph":[{"@type":"WebPage","@id":"https:\/\/greenlink.technology\/pl\/produkt\/enwitec-zabezpieczenie-sieci-i-systemu-na4105-863-kva-zgodnie-z-vde-ar-n-41052018-11-10018716-kopie\/","url":"https:\/\/greenlink.technology\/pl\/produkt\/enwitec-zabezpieczenie-sieci-i-systemu-na4105-863-kva-zgodnie-z-vde-ar-n-41052018-11-10018716-kopie\/","name":"Kontroler enwitec EZA PowerControl 500 - greenLink orchestrating energy flows | enwitec electronic GmbH | LinQ Europe Sp. z o.o.","isPartOf":{"@id":"https:\/\/enwitec.eu\/en\/#website"},"primaryImageOfPage":{"@id":"https:\/\/greenlink.technology\/pl\/produkt\/enwitec-zabezpieczenie-sieci-i-systemu-na4105-863-kva-zgodnie-z-vde-ar-n-41052018-11-10018716-kopie\/#primaryimage"},"image":{"@id":"https:\/\/greenlink.technology\/pl\/produkt\/enwitec-zabezpieczenie-sieci-i-systemu-na4105-863-kva-zgodnie-z-vde-ar-n-41052018-11-10018716-kopie\/#primaryimage"},"thumbnailUrl":"https:\/\/greenlink.technology\/wp-content\/uploads\/2025\/06\/Parkregler-L-closed_transparent_enwitec.png","datePublished":"2025-06-27T04:58:17+00:00","dateModified":"2025-09-15T09:12:12+00:00","breadcrumb":{"@id":"https:\/\/greenlink.technology\/pl\/produkt\/enwitec-zabezpieczenie-sieci-i-systemu-na4105-863-kva-zgodnie-z-vde-ar-n-41052018-11-10018716-kopie\/#breadcrumb"},"inLanguage":"pl-PL","potentialAction":[{"@type":"ReadAction","target":["https:\/\/greenlink.technology\/pl\/produkt\/enwitec-zabezpieczenie-sieci-i-systemu-na4105-863-kva-zgodnie-z-vde-ar-n-41052018-11-10018716-kopie\/"]}]},{"@type":"ImageObject","inLanguage":"pl-PL","@id":"https:\/\/greenlink.technology\/pl\/produkt\/enwitec-zabezpieczenie-sieci-i-systemu-na4105-863-kva-zgodnie-z-vde-ar-n-41052018-11-10018716-kopie\/#primaryimage","url":"https:\/\/greenlink.technology\/wp-content\/uploads\/2025\/06\/Parkregler-L-closed_transparent_enwitec.png","contentUrl":"https:\/\/greenlink.technology\/wp-content\/uploads\/2025\/06\/Parkregler-L-closed_transparent_enwitec.png","width":500,"height":667},{"@type":"BreadcrumbList","@id":"https:\/\/greenlink.technology\/pl\/produkt\/enwitec-zabezpieczenie-sieci-i-systemu-na4105-863-kva-zgodnie-z-vde-ar-n-41052018-11-10018716-kopie\/#breadcrumb","itemListElement":[{"@type":"ListItem","position":1,"name":"Startseite","item":"https:\/\/greenlink.technology\/pl\/"},{"@type":"ListItem","position":2,"name":"Produkty","item":"https:\/\/greenlink.technology\/pl\/o-nas\/firma\/enwitec\/produkty\/"},{"@type":"ListItem","position":3,"name":"Kontroler enwitec EZA PowerControl 500"}]},{"@type":"WebSite","@id":"https:\/\/enwitec.eu\/en\/#website","url":"https:\/\/enwitec.eu\/en\/","name":"greenLink orchestrating energy flows | enwitec electronic GmbH | LinQ Europe Sp. z o.o.","description":"","publisher":{"@id":"https:\/\/enwitec.eu\/en\/#organization"},"potentialAction":[{"@type":"SearchAction","target":{"@type":"EntryPoint","urlTemplate":"https:\/\/enwitec.eu\/en\/?s={search_term_string}"},"query-input":{"@type":"PropertyValueSpecification","valueRequired":true,"valueName":"search_term_string"}}],"inLanguage":"pl-PL"},{"@type":"Organization","@id":"https:\/\/enwitec.eu\/en\/#organization","name":"greenLink orkiestruj\u0105cy przep\u0142ywy energii | enwitec electronic GmbH | LinQ Europe Sp. z o.o.","url":"https:\/\/enwitec.eu\/en\/","logo":{"@type":"ImageObject","inLanguage":"pl-PL","@id":"https:\/\/enwitec.eu\/en\/#\/schema\/logo\/image\/","url":"https:\/\/greenlink.technology\/wp-content\/uploads\/2025\/01\/greenlink-logo-final.png","contentUrl":"https:\/\/greenlink.technology\/wp-content\/uploads\/2025\/01\/greenlink-logo-final.png","width":2586,"height":629,"caption":"greenLink orkiestruj\u0105cy przep\u0142ywy energii | enwitec electronic GmbH | LinQ Europe Sp. z o.o. "},"image":{"@id":"https:\/\/enwitec.eu\/en\/#\/schema\/logo\/image\/"}}]}},"_links":{"self":[{"href":"https:\/\/greenlink.technology\/pl\/wp-json\/wp\/v2\/product\/16838","targetHints":{"allow":["GET"]}}],"collection":[{"href":"https:\/\/greenlink.technology\/pl\/wp-json\/wp\/v2\/product"}],"about":[{"href":"https:\/\/greenlink.technology\/pl\/wp-json\/wp\/v2\/types\/product"}],"replies":[{"embeddable":true,"href":"https:\/\/greenlink.technology\/pl\/wp-json\/wp\/v2\/comments?post=16838"}],"wp:featuredmedia":[{"embeddable":true,"href":"https:\/\/greenlink.technology\/pl\/wp-json\/wp\/v2\/media\/16857"}],"wp:attachment":[{"href":"https:\/\/greenlink.technology\/pl\/wp-json\/wp\/v2\/media?parent=16838"}],"wp:term":[{"taxonomy":"anwendung","embeddable":true,"href":"https:\/\/greenlink.technology\/pl\/wp-json\/wp\/v2\/anwendung?post=16838"},{"taxonomy":"product_brand","embeddable":true,"href":"https:\/\/greenlink.technology\/pl\/wp-json\/wp\/v2\/product_brand?post=16838"},{"taxonomy":"product_cat","embeddable":true,"href":"https:\/\/greenlink.technology\/pl\/wp-json\/wp\/v2\/product_cat?post=16838"},{"taxonomy":"product_tag","embeddable":true,"href":"https:\/\/greenlink.technology\/pl\/wp-json\/wp\/v2\/product_tag?post=16838"}],"curies":[{"name":"wp","href":"https:\/\/api.w.org\/{rel}","templated":true}]}}