{"id":14455,"date":"2025-05-28T09:29:48","date_gmt":"2025-05-28T07:29:48","guid":{"rendered":"https:\/\/greenlink.technology\/?post_type=product&#038;p=14455"},"modified":"2025-05-28T09:36:21","modified_gmt":"2025-05-28T07:36:21","slug":"enwitec-akcesoria-do-przelacznikow-strazy-pozarnej-santon-remote-control-1-r-10018660-kopie-2","status":"publish","type":"product","link":"https:\/\/greenlink.technology\/pl\/produkt\/enwitec-akcesoria-do-przelacznikow-strazy-pozarnej-santon-remote-control-1-r-10018660-kopie-2\/","title":{"rendered":"enwitec akcesoria do prze\u0142\u0105cznik\u00f3w stra\u017cy po\u017carnej santon-remote control-1-R+ &#8211; 10018660 (Kopie)"},"content":{"rendered":"<div class=\"system-stammdaten\">\n<h2><\/h2>\n<p>&nbsp;<\/p>\n<\/div>\n","protected":false},"excerpt":{"rendered":"<p>&nbsp;<\/p>\n","protected":false},"featured_media":14444,"comment_status":"closed","ping_status":"closed","template":"","meta":{"_acf_changed":false},"anwendung":[],"product_brand":[264],"product_cat":[771],"product_tag":[772,773,464,774,463],"class_list":{"0":"post-14455","1":"product","2":"type-product","3":"status-publish","4":"has-post-thumbnail","6":"product_brand-enwitec","7":"product_cat-akcesoria-do-wylacznikow-przeciwpozarowych","8":"product_tag-10018660-pl","9":"product_tag-akcesoria-do-wylacznikow-przeciwpozarowych","10":"product_tag-fws-pl","11":"product_tag-pilot-zdalnego-sterowania","12":"product_tag-przelacznik-strazy-pozarnej","13":"pa_anzahl-feuerwehrschalter-3-4-pl","15":"first","16":"instock","17":"shipping-taxable","18":"product-type-simple"},"acf":{"product_informations":"<b>Enwitec Jednostka zdalnego sterowania PV PV-RSS \u2013 Remote Control Unit 1-R<\/b>\r\n\r\n<b>Koniecznie zapozna\u0107 si\u0119 z kart\u0105 katalogow\u0105!<\/b>\r\n\r\n<b>Uwaga<\/b>\r\nW celu integracji z ca\u0142ym systemem nale\u017cy zapozna\u0107 si\u0119 z instrukcj\u0105 monta\u017cu systemu zdalnego wy\u0142\u0105czania PV!<b> <\/b>\r\n\r\n<span lang=\"en-US\"><b>Kod produktu:<\/b><\/span><span lang=\"en-US\"> Santon-remote control-1-R+<\/span>","technical_data":"<div class=\"stammdaten-col\">\r\n<div class=\"line\">\r\n\r\nNumer artyku\u0142u: 10018660\r\nLiczba wy\u0142\u0105cznik\u00f3w stra\u017cackich: 1\r\nKombinacje urz\u0105dze\u0144 \u0142\u0105czeniowych: EN 61439-1, EN 61439-2\r\nObudowa: Poliw\u0119glan\r\nWymiary (szer. x wys. x g\u0142.): 200 x 200 x 122 mm\r\nWaga ca\u0142kowita: 1,4 kg\r\n\r\n<\/div>\r\n<\/div>","download":"Karta katalogowa DE:\u00a0<a href=\"\/wp-content\/uploads\/2024\/02\/10018660_Datenblatt_santon-remote_control-1-R_2024_04_12.pdf\" target=\"_blank\" rel=\"noopener\">10018660_data_sheet_santon-remote_control-1-R+<\/a>","product_short_description":"<strong>Liczba prze\u0142\u0105cznik\u00f3w stra\u017cackich:<\/strong> 1","photo_gallery":{"galerie_produkte":[[]]}},"yoast_head":"<!-- This site is optimized with the Yoast SEO plugin v27.3 - https:\/\/yoast.com\/product\/yoast-seo-wordpress\/ -->\n<title>enwitec akcesoria do prze\u0142\u0105cznik\u00f3w stra\u017cy po\u017carnej santon-remote control-1-R+ - 10018660 (Kopie) - greenLink orchestrating energy flows | enwitec electronic GmbH | LinQ Europe Sp. z o.o.<\/title>\n<meta name=\"robots\" content=\"index, follow, max-snippet:-1, max-image-preview:large, max-video-preview:-1\" \/>\n<link rel=\"canonical\" href=\"https:\/\/greenlink.technology\/pl\/produkt\/enwitec-akcesoria-do-przelacznikow-strazy-pozarnej-santon-remote-control-1-r-10018660-kopie-2\/\" \/>\n<meta property=\"og:locale\" content=\"pl_PL\" \/>\n<meta property=\"og:type\" content=\"article\" \/>\n<meta property=\"og:title\" content=\"enwitec akcesoria do prze\u0142\u0105cznik\u00f3w stra\u017cy po\u017carnej santon-remote control-1-R+ - 10018660 (Kopie) - greenLink orchestrating energy flows | enwitec electronic GmbH | LinQ Europe Sp. z o.o.\" \/>\n<meta property=\"og:description\" content=\"&nbsp;\" \/>\n<meta property=\"og:url\" content=\"https:\/\/greenlink.technology\/pl\/produkt\/enwitec-akcesoria-do-przelacznikow-strazy-pozarnej-santon-remote-control-1-r-10018660-kopie-2\/\" \/>\n<meta property=\"og:site_name\" content=\"greenLink orchestrating energy flows | enwitec electronic GmbH | LinQ Europe Sp. z o.o.\" \/>\n<meta property=\"article:modified_time\" content=\"2025-05-28T07:36:21+00:00\" \/>\n<meta property=\"og:image\" content=\"https:\/\/greenlink.technology\/wp-content\/uploads\/2025\/05\/10018662_front.png\" \/>\n\t<meta property=\"og:image:width\" content=\"500\" \/>\n\t<meta property=\"og:image:height\" content=\"500\" \/>\n\t<meta property=\"og:image:type\" content=\"image\/png\" \/>\n<meta name=\"twitter:card\" content=\"summary_large_image\" \/>\n<script type=\"application\/ld+json\" class=\"yoast-schema-graph\">{\"@context\":\"https:\\\/\\\/schema.org\",\"@graph\":[{\"@type\":\"WebPage\",\"@id\":\"https:\\\/\\\/greenlink.technology\\\/pl\\\/produkt\\\/enwitec-akcesoria-do-przelacznikow-strazy-pozarnej-santon-remote-control-1-r-10018660-kopie-2\\\/\",\"url\":\"https:\\\/\\\/greenlink.technology\\\/pl\\\/produkt\\\/enwitec-akcesoria-do-przelacznikow-strazy-pozarnej-santon-remote-control-1-r-10018660-kopie-2\\\/\",\"name\":\"enwitec akcesoria do prze\u0142\u0105cznik\u00f3w stra\u017cy po\u017carnej santon-remote control-1-R+ - 10018660 (Kopie) - greenLink orchestrating energy flows | enwitec electronic GmbH | LinQ Europe Sp. z o.o.\",\"isPartOf\":{\"@id\":\"https:\\\/\\\/enwitec.eu\\\/en\\\/#website\"},\"primaryImageOfPage\":{\"@id\":\"https:\\\/\\\/greenlink.technology\\\/pl\\\/produkt\\\/enwitec-akcesoria-do-przelacznikow-strazy-pozarnej-santon-remote-control-1-r-10018660-kopie-2\\\/#primaryimage\"},\"image\":{\"@id\":\"https:\\\/\\\/greenlink.technology\\\/pl\\\/produkt\\\/enwitec-akcesoria-do-przelacznikow-strazy-pozarnej-santon-remote-control-1-r-10018660-kopie-2\\\/#primaryimage\"},\"thumbnailUrl\":\"https:\\\/\\\/greenlink.technology\\\/wp-content\\\/uploads\\\/2025\\\/05\\\/10018662_front.png\",\"datePublished\":\"2025-05-28T07:29:48+00:00\",\"dateModified\":\"2025-05-28T07:36:21+00:00\",\"breadcrumb\":{\"@id\":\"https:\\\/\\\/greenlink.technology\\\/pl\\\/produkt\\\/enwitec-akcesoria-do-przelacznikow-strazy-pozarnej-santon-remote-control-1-r-10018660-kopie-2\\\/#breadcrumb\"},\"inLanguage\":\"pl-PL\",\"potentialAction\":[{\"@type\":\"ReadAction\",\"target\":[\"https:\\\/\\\/greenlink.technology\\\/pl\\\/produkt\\\/enwitec-akcesoria-do-przelacznikow-strazy-pozarnej-santon-remote-control-1-r-10018660-kopie-2\\\/\"]}]},{\"@type\":\"ImageObject\",\"inLanguage\":\"pl-PL\",\"@id\":\"https:\\\/\\\/greenlink.technology\\\/pl\\\/produkt\\\/enwitec-akcesoria-do-przelacznikow-strazy-pozarnej-santon-remote-control-1-r-10018660-kopie-2\\\/#primaryimage\",\"url\":\"https:\\\/\\\/greenlink.technology\\\/wp-content\\\/uploads\\\/2025\\\/05\\\/10018662_front.png\",\"contentUrl\":\"https:\\\/\\\/greenlink.technology\\\/wp-content\\\/uploads\\\/2025\\\/05\\\/10018662_front.png\",\"width\":500,\"height\":500},{\"@type\":\"BreadcrumbList\",\"@id\":\"https:\\\/\\\/greenlink.technology\\\/pl\\\/produkt\\\/enwitec-akcesoria-do-przelacznikow-strazy-pozarnej-santon-remote-control-1-r-10018660-kopie-2\\\/#breadcrumb\",\"itemListElement\":[{\"@type\":\"ListItem\",\"position\":1,\"name\":\"Startseite\",\"item\":\"https:\\\/\\\/greenlink.technology\\\/pl\\\/\"},{\"@type\":\"ListItem\",\"position\":2,\"name\":\"Produkty\",\"item\":\"https:\\\/\\\/greenlink.technology\\\/pl\\\/o-nas\\\/firma\\\/enwitec\\\/produkty\\\/\"},{\"@type\":\"ListItem\",\"position\":3,\"name\":\"enwitec akcesoria do prze\u0142\u0105cznik\u00f3w stra\u017cy po\u017carnej santon-remote control-1-R+ &#8211; 10018660 (Kopie)\"}]},{\"@type\":\"WebSite\",\"@id\":\"https:\\\/\\\/enwitec.eu\\\/en\\\/#website\",\"url\":\"https:\\\/\\\/enwitec.eu\\\/en\\\/\",\"name\":\"greenLink orchestrating energy flows | enwitec electronic GmbH | LinQ Europe Sp. z o.o.\",\"description\":\"\",\"publisher\":{\"@id\":\"https:\\\/\\\/enwitec.eu\\\/en\\\/#organization\"},\"potentialAction\":[{\"@type\":\"SearchAction\",\"target\":{\"@type\":\"EntryPoint\",\"urlTemplate\":\"https:\\\/\\\/enwitec.eu\\\/en\\\/?s={search_term_string}\"},\"query-input\":{\"@type\":\"PropertyValueSpecification\",\"valueRequired\":true,\"valueName\":\"search_term_string\"}}],\"inLanguage\":\"pl-PL\"},{\"@type\":\"Organization\",\"@id\":\"https:\\\/\\\/enwitec.eu\\\/en\\\/#organization\",\"name\":\"greenLink orkiestruj\u0105cy przep\u0142ywy energii | enwitec electronic GmbH | LinQ Europe Sp. z o.o.\",\"url\":\"https:\\\/\\\/enwitec.eu\\\/en\\\/\",\"logo\":{\"@type\":\"ImageObject\",\"inLanguage\":\"pl-PL\",\"@id\":\"https:\\\/\\\/enwitec.eu\\\/en\\\/#\\\/schema\\\/logo\\\/image\\\/\",\"url\":\"https:\\\/\\\/greenlink.technology\\\/wp-content\\\/uploads\\\/2025\\\/01\\\/greenlink-logo-final.png\",\"contentUrl\":\"https:\\\/\\\/greenlink.technology\\\/wp-content\\\/uploads\\\/2025\\\/01\\\/greenlink-logo-final.png\",\"width\":2586,\"height\":629,\"caption\":\"greenLink orkiestruj\u0105cy przep\u0142ywy energii | enwitec electronic GmbH | LinQ Europe Sp. z o.o. \"},\"image\":{\"@id\":\"https:\\\/\\\/enwitec.eu\\\/en\\\/#\\\/schema\\\/logo\\\/image\\\/\"}}]}<\/script>\n<!-- \/ Yoast SEO plugin. -->","yoast_head_json":{"title":"enwitec akcesoria do prze\u0142\u0105cznik\u00f3w stra\u017cy po\u017carnej santon-remote control-1-R+ - 10018660 (Kopie) - greenLink orchestrating energy flows | enwitec electronic GmbH | LinQ Europe Sp. z o.o.","robots":{"index":"index","follow":"follow","max-snippet":"max-snippet:-1","max-image-preview":"max-image-preview:large","max-video-preview":"max-video-preview:-1"},"canonical":"https:\/\/greenlink.technology\/pl\/produkt\/enwitec-akcesoria-do-przelacznikow-strazy-pozarnej-santon-remote-control-1-r-10018660-kopie-2\/","og_locale":"pl_PL","og_type":"article","og_title":"enwitec akcesoria do prze\u0142\u0105cznik\u00f3w stra\u017cy po\u017carnej santon-remote control-1-R+ - 10018660 (Kopie) - greenLink orchestrating energy flows | enwitec electronic GmbH | LinQ Europe Sp. z o.o.","og_description":"&nbsp;","og_url":"https:\/\/greenlink.technology\/pl\/produkt\/enwitec-akcesoria-do-przelacznikow-strazy-pozarnej-santon-remote-control-1-r-10018660-kopie-2\/","og_site_name":"greenLink orchestrating energy flows | enwitec electronic GmbH | LinQ Europe Sp. z o.o.","article_modified_time":"2025-05-28T07:36:21+00:00","og_image":[{"width":500,"height":500,"url":"https:\/\/greenlink.technology\/wp-content\/uploads\/2025\/05\/10018662_front.png","type":"image\/png"}],"twitter_card":"summary_large_image","schema":{"@context":"https:\/\/schema.org","@graph":[{"@type":"WebPage","@id":"https:\/\/greenlink.technology\/pl\/produkt\/enwitec-akcesoria-do-przelacznikow-strazy-pozarnej-santon-remote-control-1-r-10018660-kopie-2\/","url":"https:\/\/greenlink.technology\/pl\/produkt\/enwitec-akcesoria-do-przelacznikow-strazy-pozarnej-santon-remote-control-1-r-10018660-kopie-2\/","name":"enwitec akcesoria do prze\u0142\u0105cznik\u00f3w stra\u017cy po\u017carnej santon-remote control-1-R+ - 10018660 (Kopie) - greenLink orchestrating energy flows | enwitec electronic GmbH | LinQ Europe Sp. z o.o.","isPartOf":{"@id":"https:\/\/enwitec.eu\/en\/#website"},"primaryImageOfPage":{"@id":"https:\/\/greenlink.technology\/pl\/produkt\/enwitec-akcesoria-do-przelacznikow-strazy-pozarnej-santon-remote-control-1-r-10018660-kopie-2\/#primaryimage"},"image":{"@id":"https:\/\/greenlink.technology\/pl\/produkt\/enwitec-akcesoria-do-przelacznikow-strazy-pozarnej-santon-remote-control-1-r-10018660-kopie-2\/#primaryimage"},"thumbnailUrl":"https:\/\/greenlink.technology\/wp-content\/uploads\/2025\/05\/10018662_front.png","datePublished":"2025-05-28T07:29:48+00:00","dateModified":"2025-05-28T07:36:21+00:00","breadcrumb":{"@id":"https:\/\/greenlink.technology\/pl\/produkt\/enwitec-akcesoria-do-przelacznikow-strazy-pozarnej-santon-remote-control-1-r-10018660-kopie-2\/#breadcrumb"},"inLanguage":"pl-PL","potentialAction":[{"@type":"ReadAction","target":["https:\/\/greenlink.technology\/pl\/produkt\/enwitec-akcesoria-do-przelacznikow-strazy-pozarnej-santon-remote-control-1-r-10018660-kopie-2\/"]}]},{"@type":"ImageObject","inLanguage":"pl-PL","@id":"https:\/\/greenlink.technology\/pl\/produkt\/enwitec-akcesoria-do-przelacznikow-strazy-pozarnej-santon-remote-control-1-r-10018660-kopie-2\/#primaryimage","url":"https:\/\/greenlink.technology\/wp-content\/uploads\/2025\/05\/10018662_front.png","contentUrl":"https:\/\/greenlink.technology\/wp-content\/uploads\/2025\/05\/10018662_front.png","width":500,"height":500},{"@type":"BreadcrumbList","@id":"https:\/\/greenlink.technology\/pl\/produkt\/enwitec-akcesoria-do-przelacznikow-strazy-pozarnej-santon-remote-control-1-r-10018660-kopie-2\/#breadcrumb","itemListElement":[{"@type":"ListItem","position":1,"name":"Startseite","item":"https:\/\/greenlink.technology\/pl\/"},{"@type":"ListItem","position":2,"name":"Produkty","item":"https:\/\/greenlink.technology\/pl\/o-nas\/firma\/enwitec\/produkty\/"},{"@type":"ListItem","position":3,"name":"enwitec akcesoria do prze\u0142\u0105cznik\u00f3w stra\u017cy po\u017carnej santon-remote control-1-R+ &#8211; 10018660 (Kopie)"}]},{"@type":"WebSite","@id":"https:\/\/enwitec.eu\/en\/#website","url":"https:\/\/enwitec.eu\/en\/","name":"greenLink orchestrating energy flows | enwitec electronic GmbH | LinQ Europe Sp. z o.o.","description":"","publisher":{"@id":"https:\/\/enwitec.eu\/en\/#organization"},"potentialAction":[{"@type":"SearchAction","target":{"@type":"EntryPoint","urlTemplate":"https:\/\/enwitec.eu\/en\/?s={search_term_string}"},"query-input":{"@type":"PropertyValueSpecification","valueRequired":true,"valueName":"search_term_string"}}],"inLanguage":"pl-PL"},{"@type":"Organization","@id":"https:\/\/enwitec.eu\/en\/#organization","name":"greenLink orkiestruj\u0105cy przep\u0142ywy energii | enwitec electronic GmbH | LinQ Europe Sp. z o.o.","url":"https:\/\/enwitec.eu\/en\/","logo":{"@type":"ImageObject","inLanguage":"pl-PL","@id":"https:\/\/enwitec.eu\/en\/#\/schema\/logo\/image\/","url":"https:\/\/greenlink.technology\/wp-content\/uploads\/2025\/01\/greenlink-logo-final.png","contentUrl":"https:\/\/greenlink.technology\/wp-content\/uploads\/2025\/01\/greenlink-logo-final.png","width":2586,"height":629,"caption":"greenLink orkiestruj\u0105cy przep\u0142ywy energii | enwitec electronic GmbH | LinQ Europe Sp. z o.o. "},"image":{"@id":"https:\/\/enwitec.eu\/en\/#\/schema\/logo\/image\/"}}]}},"_links":{"self":[{"href":"https:\/\/greenlink.technology\/pl\/wp-json\/wp\/v2\/product\/14455","targetHints":{"allow":["GET"]}}],"collection":[{"href":"https:\/\/greenlink.technology\/pl\/wp-json\/wp\/v2\/product"}],"about":[{"href":"https:\/\/greenlink.technology\/pl\/wp-json\/wp\/v2\/types\/product"}],"replies":[{"embeddable":true,"href":"https:\/\/greenlink.technology\/pl\/wp-json\/wp\/v2\/comments?post=14455"}],"wp:featuredmedia":[{"embeddable":true,"href":"https:\/\/greenlink.technology\/pl\/wp-json\/wp\/v2\/media\/14444"}],"wp:attachment":[{"href":"https:\/\/greenlink.technology\/pl\/wp-json\/wp\/v2\/media?parent=14455"}],"wp:term":[{"taxonomy":"anwendung","embeddable":true,"href":"https:\/\/greenlink.technology\/pl\/wp-json\/wp\/v2\/anwendung?post=14455"},{"taxonomy":"product_brand","embeddable":true,"href":"https:\/\/greenlink.technology\/pl\/wp-json\/wp\/v2\/product_brand?post=14455"},{"taxonomy":"product_cat","embeddable":true,"href":"https:\/\/greenlink.technology\/pl\/wp-json\/wp\/v2\/product_cat?post=14455"},{"taxonomy":"product_tag","embeddable":true,"href":"https:\/\/greenlink.technology\/pl\/wp-json\/wp\/v2\/product_tag?post=14455"}],"curies":[{"name":"wp","href":"https:\/\/api.w.org\/{rel}","templated":true}]}}