{"id":12985,"date":"2024-03-07T11:55:54","date_gmt":"2024-03-07T10:55:54","guid":{"rendered":"https:\/\/greenlink.technology\/produkt\/enwitec-skrzynka-przelacznikow-sieciowych-do-falownikow-sma-3x-sunny-island-10013547\/"},"modified":"2024-03-07T11:55:54","modified_gmt":"2024-03-07T10:55:54","slug":"enwitec-skrzynka-przelacznikow-sieciowych-do-falownikow-sma-3x-sunny-island-10013547","status":"publish","type":"product","link":"https:\/\/greenlink.technology\/pl\/produkt\/enwitec-skrzynka-przelacznikow-sieciowych-do-falownikow-sma-3x-sunny-island-10013547\/","title":{"rendered":"enwitec Skrzynka prze\u0142\u0105cznik\u00f3w sieciowych do falownik\u00f3w SMA &#8211; 3x Sunny Island &#8211; 10013547"},"content":{"rendered":"<div class=\"system-stammdaten\">\n<h2><\/h2>\n<p>&nbsp;<\/p>\n<\/div>\n","protected":false},"excerpt":{"rendered":"<p>&nbsp;<\/p>\n","protected":false},"featured_media":12986,"comment_status":"closed","ping_status":"closed","template":"","meta":{"_acf_changed":false},"anwendung":[],"product_brand":[264],"product_cat":[367],"product_tag":[1270,389,490,388,390],"class_list":{"0":"post-12985","1":"product","2":"type-product","3":"status-publish","4":"has-post-thumbnail","6":"product_brand-enwitec","7":"product_cat-skrzynki-przelacznikow-sieciowych","8":"product_tag-10013547-pl","9":"product_tag-on-grid-pl","10":"product_tag-sma-sunny-boy-storage-pl","11":"product_tag-urzadzenia-przelaczajace-zasilanie","12":"product_tag-urzadzenie-przelaczajace","13":"pa_laenderfreigabe-ch-pl","14":"pa_laenderfreigabe-pl","15":"pa_max-durchgangsleistung-31-100-kw-pl","16":"pa_nf-a-netzanschlusspunkt-tn-c-pl","17":"pa_nf-a-netzanschlusspunkt-tn-s-pl","18":"pa_nf-a-netzanschlusspunkt-tt-pl","19":"pa_nf-i-d-verbraucheranlage-tn-s-pl","20":"pa_nf-i-d-verbraucheranlage-tt-pl","21":"pa_umschaltung-automatyczny","22":"pa_wechselrichter-sma-sunny-island-pl","24":"first","25":"instock","26":"shipping-taxable","27":"product-type-simple"},"acf":{"product_informations":"<strong>Skrzynka wy\u0142\u0105cznik\u00f3w sieciowych 3AC 230\/400V 50Hz\n<\/strong>- Bezpiecznik przy\u0142\u0105czeniowy maks. 100A\n- Od\u0142\u0105czanie wszystkich biegun\u00f3w, system TN-S lub TT\n- BRAK sieci TN-C w systemie klienta \n\n<strong>odpowiedni dla<\/strong>\nSunny Island 4.4M-12 \/ -13 ab Firmware-Version 1.00.xx.R\nSunny Island 6.0H-12 \/ -13 ab Firmware-Version 1.00.xx.R\nSunny Island 8.0H-12 \/ -13 ab Firmware Version 1.00.xx.R\n\nDost\u0119pno\u015b\u0107 kraju: Niemcy, Szwajcaria\n\n- zintegrowany HOME-MANAGER 2.0\n\nAby uzyska\u0107 wi\u0119cej informacji technicznych, pobierz dokumentacj\u0119.\n\n<strong>Uwaga<\/strong>\nMatchcode: 3PH_SMA.SI_BBDAP_55KW_3PH_INT.HM_DACH","technical_data":"<div class=\"stammdaten-col\">\n<div class=\"line\">\n<div class=\"stammdaten-col\">\n<div class=\"line\">\n<p class=\"system-stammdaten-left\">Nr artyku\u0142u: 10013547\n<span style=\"font-size: inherit;\">Kompatybilny z: <\/span><span style=\"font-size: inherit;\">SMA\n<\/span><span style=\"font-size: inherit;\">Fazy: <\/span><span style=\"font-size: inherit;\">3-fazowy\n<\/span><span style=\"font-size: inherit;\">Od\u0142\u0105czanie zasilania: Wszystkie bieguny<\/span><span style=\"font-size: inherit;\">\n<\/span><span style=\"font-size: inherit;\">Maksymalna przepustowo\u015b\u0107 termiczna:  <\/span><span style=\"font-size: inherit;\">55 kW\n<\/span><span style=\"font-size: inherit;\">Kod kraju: <\/span><span style=\"font-size: inherit;\">Niemcy, <\/span><span style=\"font-size: inherit;\">Szwajcaria\n<\/span><span style=\"font-size: inherit;\">Ochrona NA: nie<\/span><span style=\"font-size: inherit;\">\n<\/span><span style=\"font-size: inherit;\">Prze\u0142\u0105cznik \u017ar\u00f3d\u0142a: nie<\/span><span style=\"font-size: inherit;\">\n<\/span><span style=\"font-size: inherit;\">Napi\u0119cie znamionowe: <\/span><span style=\"font-size: inherit;\">230\/400 V\n<\/span><span style=\"font-size: inherit;\">Cz\u0119stotliwo\u015b\u0107 znamionowa:<\/span><span style=\"font-size: inherit;\"> 50\/60 Hz\n<\/span><span style=\"font-size: inherit;\">Pr\u0105d zwarciowy: <\/span><span style=\"font-size: inherit;\">10 kA\n<\/span><span style=\"font-size: inherit;\">Bezpiecznik zapasowy: <\/span><span style=\"font-size: inherit;\">100 A\n<\/span><span style=\"font-size: inherit;\">Zakres temperatur pracy: -25\u00b0C do +40\u00b0C<\/span><span style=\"font-size: inherit;\">\n<\/span><span style=\"font-size: inherit;\">Wilgotno\u015b\u0107: od 5% do 95%<\/span><span style=\"font-size: inherit;\">\n<\/span><span style=\"font-size: inherit;\">Klasa ochrony: <\/span><span style=\"font-size: inherit;\">II\n<\/span><span style=\"font-size: inherit;\">Wymiary WxHxD: 500x600x231 mm<\/span><span style=\"font-size: inherit;\">\n<\/span><span style=\"font-size: inherit;\">Waga: <\/span><span style=\"font-size: inherit;\">23,5 kg\n<\/span><span style=\"font-size: inherit;\">Obudowa: Polimer<\/span><span style=\"font-size: inherit;\">\n<\/span><\/p>\n\n<\/div>\n<\/div>\n<\/div>\n<\/div>","download":"<a href=\"https:\/\/greenlink.technology\/wp-content\/uploads\/2025\/04\/10013547_Datenblatt_3PH_SMA.SI_BBDAP_55KW_3PH_INT.HM_DACH_2024_05_07.pdf\" target=\"_blank\" rel=\"noopener\">Datenblatt DE<\/a>\n<a href=\"https:\/\/greenlink.technology\/wp-content\/uploads\/2025\/04\/10013547_datasheet_3PH_SMA.SI_BBDAP_55KW_3PH_INT.HM_DACH_2024_05_07.pdf\" target=\"_blank\" rel=\"noopener\">Data Sheet EN<\/a>\n<a href=\"https:\/\/greenlink.technology\/wp-content\/uploads\/2025\/04\/10010371_Battery-Backup-Distribution_DE_V1.9_2024_06_03-2.pdf\" target=\"_blank\" rel=\"noopener\">Installationsanleitung<\/a>","product_short_description":"<strong>Falownik: <\/strong>SMA Sunny Island\n<strong>Kraj wydania: <\/strong>Niemcy, Szwajcaria\n<strong>maksymalna przepustowo\u015b\u0107 termiczna: <\/strong> <span style=\"font-size: inherit;\">55 kW<\/span>\n<strong>Prze\u0142\u0105czanie: <\/strong>automatyczne\n<strong>Typ sieci w punkcie przy\u0142\u0105czenia do sieci:<\/strong> TN-S, TN-C, TT\n<strong>Posta\u0107 sieci w odbiorniku:<\/strong> TN-S, TT","photo_gallery":{"galerie_produkte":[[]]}},"yoast_head":"<!-- This site is optimized with the Yoast SEO plugin v27.3 - https:\/\/yoast.com\/product\/yoast-seo-wordpress\/ -->\n<title>enwitec Skrzynka prze\u0142\u0105cznik\u00f3w sieciowych do falownik\u00f3w SMA - 3x Sunny Island - 10013547 - greenLink orchestrating energy flows | enwitec electronic GmbH | LinQ Europe Sp. z o.o.<\/title>\n<meta name=\"robots\" content=\"index, follow, max-snippet:-1, max-image-preview:large, max-video-preview:-1\" \/>\n<link rel=\"canonical\" href=\"https:\/\/greenlink.technology\/pl\/produkt\/enwitec-skrzynka-przelacznikow-sieciowych-do-falownikow-sma-3x-sunny-island-10013547\/\" \/>\n<meta property=\"og:locale\" content=\"pl_PL\" \/>\n<meta property=\"og:type\" content=\"article\" \/>\n<meta property=\"og:title\" content=\"enwitec Skrzynka prze\u0142\u0105cznik\u00f3w sieciowych do falownik\u00f3w SMA - 3x Sunny Island - 10013547 - greenLink orchestrating energy flows | enwitec electronic GmbH | LinQ Europe Sp. z o.o.\" \/>\n<meta property=\"og:description\" content=\"&nbsp;\" \/>\n<meta property=\"og:url\" content=\"https:\/\/greenlink.technology\/pl\/produkt\/enwitec-skrzynka-przelacznikow-sieciowych-do-falownikow-sma-3x-sunny-island-10013547\/\" \/>\n<meta property=\"og:site_name\" content=\"greenLink orchestrating energy flows | enwitec electronic GmbH | LinQ Europe Sp. z o.o.\" \/>\n<meta property=\"og:image\" content=\"https:\/\/greenlink.technology\/wp-content\/uploads\/2025\/02\/10013547_front_offen.png\" \/>\n\t<meta property=\"og:image:width\" content=\"500\" \/>\n\t<meta property=\"og:image:height\" content=\"500\" \/>\n\t<meta property=\"og:image:type\" content=\"image\/png\" \/>\n<meta name=\"twitter:card\" content=\"summary_large_image\" \/>\n<script type=\"application\/ld+json\" class=\"yoast-schema-graph\">{\"@context\":\"https:\\\/\\\/schema.org\",\"@graph\":[{\"@type\":\"WebPage\",\"@id\":\"https:\\\/\\\/greenlink.technology\\\/pl\\\/produkt\\\/enwitec-skrzynka-przelacznikow-sieciowych-do-falownikow-sma-3x-sunny-island-10013547\\\/\",\"url\":\"https:\\\/\\\/greenlink.technology\\\/pl\\\/produkt\\\/enwitec-skrzynka-przelacznikow-sieciowych-do-falownikow-sma-3x-sunny-island-10013547\\\/\",\"name\":\"enwitec Skrzynka prze\u0142\u0105cznik\u00f3w sieciowych do falownik\u00f3w SMA - 3x Sunny Island - 10013547 - greenLink orchestrating energy flows | enwitec electronic GmbH | LinQ Europe Sp. z o.o.\",\"isPartOf\":{\"@id\":\"https:\\\/\\\/enwitec.eu\\\/en\\\/#website\"},\"primaryImageOfPage\":{\"@id\":\"https:\\\/\\\/greenlink.technology\\\/pl\\\/produkt\\\/enwitec-skrzynka-przelacznikow-sieciowych-do-falownikow-sma-3x-sunny-island-10013547\\\/#primaryimage\"},\"image\":{\"@id\":\"https:\\\/\\\/greenlink.technology\\\/pl\\\/produkt\\\/enwitec-skrzynka-przelacznikow-sieciowych-do-falownikow-sma-3x-sunny-island-10013547\\\/#primaryimage\"},\"thumbnailUrl\":\"https:\\\/\\\/greenlink.technology\\\/wp-content\\\/uploads\\\/2025\\\/02\\\/10013547_front_offen.png\",\"datePublished\":\"2024-03-07T10:55:54+00:00\",\"breadcrumb\":{\"@id\":\"https:\\\/\\\/greenlink.technology\\\/pl\\\/produkt\\\/enwitec-skrzynka-przelacznikow-sieciowych-do-falownikow-sma-3x-sunny-island-10013547\\\/#breadcrumb\"},\"inLanguage\":\"pl-PL\",\"potentialAction\":[{\"@type\":\"ReadAction\",\"target\":[\"https:\\\/\\\/greenlink.technology\\\/pl\\\/produkt\\\/enwitec-skrzynka-przelacznikow-sieciowych-do-falownikow-sma-3x-sunny-island-10013547\\\/\"]}]},{\"@type\":\"ImageObject\",\"inLanguage\":\"pl-PL\",\"@id\":\"https:\\\/\\\/greenlink.technology\\\/pl\\\/produkt\\\/enwitec-skrzynka-przelacznikow-sieciowych-do-falownikow-sma-3x-sunny-island-10013547\\\/#primaryimage\",\"url\":\"https:\\\/\\\/greenlink.technology\\\/wp-content\\\/uploads\\\/2025\\\/02\\\/10013547_front_offen.png\",\"contentUrl\":\"https:\\\/\\\/greenlink.technology\\\/wp-content\\\/uploads\\\/2025\\\/02\\\/10013547_front_offen.png\",\"width\":500,\"height\":500},{\"@type\":\"BreadcrumbList\",\"@id\":\"https:\\\/\\\/greenlink.technology\\\/pl\\\/produkt\\\/enwitec-skrzynka-przelacznikow-sieciowych-do-falownikow-sma-3x-sunny-island-10013547\\\/#breadcrumb\",\"itemListElement\":[{\"@type\":\"ListItem\",\"position\":1,\"name\":\"Startseite\",\"item\":\"https:\\\/\\\/greenlink.technology\\\/pl\\\/\"},{\"@type\":\"ListItem\",\"position\":2,\"name\":\"Produkty\",\"item\":\"https:\\\/\\\/greenlink.technology\\\/pl\\\/o-nas\\\/firma\\\/enwitec\\\/produkty\\\/\"},{\"@type\":\"ListItem\",\"position\":3,\"name\":\"enwitec Skrzynka prze\u0142\u0105cznik\u00f3w sieciowych do falownik\u00f3w SMA &#8211; 3x Sunny Island &#8211; 10013547\"}]},{\"@type\":\"WebSite\",\"@id\":\"https:\\\/\\\/enwitec.eu\\\/en\\\/#website\",\"url\":\"https:\\\/\\\/enwitec.eu\\\/en\\\/\",\"name\":\"greenLink orchestrating energy flows | enwitec electronic GmbH | LinQ Europe Sp. z o.o.\",\"description\":\"\",\"publisher\":{\"@id\":\"https:\\\/\\\/enwitec.eu\\\/en\\\/#organization\"},\"potentialAction\":[{\"@type\":\"SearchAction\",\"target\":{\"@type\":\"EntryPoint\",\"urlTemplate\":\"https:\\\/\\\/enwitec.eu\\\/en\\\/?s={search_term_string}\"},\"query-input\":{\"@type\":\"PropertyValueSpecification\",\"valueRequired\":true,\"valueName\":\"search_term_string\"}}],\"inLanguage\":\"pl-PL\"},{\"@type\":\"Organization\",\"@id\":\"https:\\\/\\\/enwitec.eu\\\/en\\\/#organization\",\"name\":\"greenLink orkiestruj\u0105cy przep\u0142ywy energii | enwitec electronic GmbH | LinQ Europe Sp. z o.o.\",\"url\":\"https:\\\/\\\/enwitec.eu\\\/en\\\/\",\"logo\":{\"@type\":\"ImageObject\",\"inLanguage\":\"pl-PL\",\"@id\":\"https:\\\/\\\/enwitec.eu\\\/en\\\/#\\\/schema\\\/logo\\\/image\\\/\",\"url\":\"https:\\\/\\\/greenlink.technology\\\/wp-content\\\/uploads\\\/2025\\\/01\\\/greenlink-logo-final.png\",\"contentUrl\":\"https:\\\/\\\/greenlink.technology\\\/wp-content\\\/uploads\\\/2025\\\/01\\\/greenlink-logo-final.png\",\"width\":2586,\"height\":629,\"caption\":\"greenLink orkiestruj\u0105cy przep\u0142ywy energii | enwitec electronic GmbH | LinQ Europe Sp. z o.o. \"},\"image\":{\"@id\":\"https:\\\/\\\/enwitec.eu\\\/en\\\/#\\\/schema\\\/logo\\\/image\\\/\"}}]}<\/script>\n<!-- \/ Yoast SEO plugin. -->","yoast_head_json":{"title":"enwitec Skrzynka prze\u0142\u0105cznik\u00f3w sieciowych do falownik\u00f3w SMA - 3x Sunny Island - 10013547 - greenLink orchestrating energy flows | enwitec electronic GmbH | LinQ Europe Sp. z o.o.","robots":{"index":"index","follow":"follow","max-snippet":"max-snippet:-1","max-image-preview":"max-image-preview:large","max-video-preview":"max-video-preview:-1"},"canonical":"https:\/\/greenlink.technology\/pl\/produkt\/enwitec-skrzynka-przelacznikow-sieciowych-do-falownikow-sma-3x-sunny-island-10013547\/","og_locale":"pl_PL","og_type":"article","og_title":"enwitec Skrzynka prze\u0142\u0105cznik\u00f3w sieciowych do falownik\u00f3w SMA - 3x Sunny Island - 10013547 - greenLink orchestrating energy flows | enwitec electronic GmbH | LinQ Europe Sp. z o.o.","og_description":"&nbsp;","og_url":"https:\/\/greenlink.technology\/pl\/produkt\/enwitec-skrzynka-przelacznikow-sieciowych-do-falownikow-sma-3x-sunny-island-10013547\/","og_site_name":"greenLink orchestrating energy flows | enwitec electronic GmbH | LinQ Europe Sp. z o.o.","og_image":[{"width":500,"height":500,"url":"https:\/\/greenlink.technology\/wp-content\/uploads\/2025\/02\/10013547_front_offen.png","type":"image\/png"}],"twitter_card":"summary_large_image","schema":{"@context":"https:\/\/schema.org","@graph":[{"@type":"WebPage","@id":"https:\/\/greenlink.technology\/pl\/produkt\/enwitec-skrzynka-przelacznikow-sieciowych-do-falownikow-sma-3x-sunny-island-10013547\/","url":"https:\/\/greenlink.technology\/pl\/produkt\/enwitec-skrzynka-przelacznikow-sieciowych-do-falownikow-sma-3x-sunny-island-10013547\/","name":"enwitec Skrzynka prze\u0142\u0105cznik\u00f3w sieciowych do falownik\u00f3w SMA - 3x Sunny Island - 10013547 - greenLink orchestrating energy flows | enwitec electronic GmbH | LinQ Europe Sp. z o.o.","isPartOf":{"@id":"https:\/\/enwitec.eu\/en\/#website"},"primaryImageOfPage":{"@id":"https:\/\/greenlink.technology\/pl\/produkt\/enwitec-skrzynka-przelacznikow-sieciowych-do-falownikow-sma-3x-sunny-island-10013547\/#primaryimage"},"image":{"@id":"https:\/\/greenlink.technology\/pl\/produkt\/enwitec-skrzynka-przelacznikow-sieciowych-do-falownikow-sma-3x-sunny-island-10013547\/#primaryimage"},"thumbnailUrl":"https:\/\/greenlink.technology\/wp-content\/uploads\/2025\/02\/10013547_front_offen.png","datePublished":"2024-03-07T10:55:54+00:00","breadcrumb":{"@id":"https:\/\/greenlink.technology\/pl\/produkt\/enwitec-skrzynka-przelacznikow-sieciowych-do-falownikow-sma-3x-sunny-island-10013547\/#breadcrumb"},"inLanguage":"pl-PL","potentialAction":[{"@type":"ReadAction","target":["https:\/\/greenlink.technology\/pl\/produkt\/enwitec-skrzynka-przelacznikow-sieciowych-do-falownikow-sma-3x-sunny-island-10013547\/"]}]},{"@type":"ImageObject","inLanguage":"pl-PL","@id":"https:\/\/greenlink.technology\/pl\/produkt\/enwitec-skrzynka-przelacznikow-sieciowych-do-falownikow-sma-3x-sunny-island-10013547\/#primaryimage","url":"https:\/\/greenlink.technology\/wp-content\/uploads\/2025\/02\/10013547_front_offen.png","contentUrl":"https:\/\/greenlink.technology\/wp-content\/uploads\/2025\/02\/10013547_front_offen.png","width":500,"height":500},{"@type":"BreadcrumbList","@id":"https:\/\/greenlink.technology\/pl\/produkt\/enwitec-skrzynka-przelacznikow-sieciowych-do-falownikow-sma-3x-sunny-island-10013547\/#breadcrumb","itemListElement":[{"@type":"ListItem","position":1,"name":"Startseite","item":"https:\/\/greenlink.technology\/pl\/"},{"@type":"ListItem","position":2,"name":"Produkty","item":"https:\/\/greenlink.technology\/pl\/o-nas\/firma\/enwitec\/produkty\/"},{"@type":"ListItem","position":3,"name":"enwitec Skrzynka prze\u0142\u0105cznik\u00f3w sieciowych do falownik\u00f3w SMA &#8211; 3x Sunny Island &#8211; 10013547"}]},{"@type":"WebSite","@id":"https:\/\/enwitec.eu\/en\/#website","url":"https:\/\/enwitec.eu\/en\/","name":"greenLink orchestrating energy flows | enwitec electronic GmbH | LinQ Europe Sp. z o.o.","description":"","publisher":{"@id":"https:\/\/enwitec.eu\/en\/#organization"},"potentialAction":[{"@type":"SearchAction","target":{"@type":"EntryPoint","urlTemplate":"https:\/\/enwitec.eu\/en\/?s={search_term_string}"},"query-input":{"@type":"PropertyValueSpecification","valueRequired":true,"valueName":"search_term_string"}}],"inLanguage":"pl-PL"},{"@type":"Organization","@id":"https:\/\/enwitec.eu\/en\/#organization","name":"greenLink orkiestruj\u0105cy przep\u0142ywy energii | enwitec electronic GmbH | LinQ Europe Sp. z o.o.","url":"https:\/\/enwitec.eu\/en\/","logo":{"@type":"ImageObject","inLanguage":"pl-PL","@id":"https:\/\/enwitec.eu\/en\/#\/schema\/logo\/image\/","url":"https:\/\/greenlink.technology\/wp-content\/uploads\/2025\/01\/greenlink-logo-final.png","contentUrl":"https:\/\/greenlink.technology\/wp-content\/uploads\/2025\/01\/greenlink-logo-final.png","width":2586,"height":629,"caption":"greenLink orkiestruj\u0105cy przep\u0142ywy energii | enwitec electronic GmbH | LinQ Europe Sp. z o.o. "},"image":{"@id":"https:\/\/enwitec.eu\/en\/#\/schema\/logo\/image\/"}}]}},"_links":{"self":[{"href":"https:\/\/greenlink.technology\/pl\/wp-json\/wp\/v2\/product\/12985","targetHints":{"allow":["GET"]}}],"collection":[{"href":"https:\/\/greenlink.technology\/pl\/wp-json\/wp\/v2\/product"}],"about":[{"href":"https:\/\/greenlink.technology\/pl\/wp-json\/wp\/v2\/types\/product"}],"replies":[{"embeddable":true,"href":"https:\/\/greenlink.technology\/pl\/wp-json\/wp\/v2\/comments?post=12985"}],"wp:featuredmedia":[{"embeddable":true,"href":"https:\/\/greenlink.technology\/pl\/wp-json\/wp\/v2\/media\/12986"}],"wp:attachment":[{"href":"https:\/\/greenlink.technology\/pl\/wp-json\/wp\/v2\/media?parent=12985"}],"wp:term":[{"taxonomy":"anwendung","embeddable":true,"href":"https:\/\/greenlink.technology\/pl\/wp-json\/wp\/v2\/anwendung?post=12985"},{"taxonomy":"product_brand","embeddable":true,"href":"https:\/\/greenlink.technology\/pl\/wp-json\/wp\/v2\/product_brand?post=12985"},{"taxonomy":"product_cat","embeddable":true,"href":"https:\/\/greenlink.technology\/pl\/wp-json\/wp\/v2\/product_cat?post=12985"},{"taxonomy":"product_tag","embeddable":true,"href":"https:\/\/greenlink.technology\/pl\/wp-json\/wp\/v2\/product_tag?post=12985"}],"curies":[{"name":"wp","href":"https:\/\/api.w.org\/{rel}","templated":true}]}}