{"id":11445,"date":"2024-04-24T07:02:59","date_gmt":"2024-04-24T05:02:59","guid":{"rendered":"https:\/\/greenlink.technology\/produkt\/enwitec-skrzynka-przelacznikow-sieciowych-do-falownikow-kostal-plenticore-g3-10017468\/"},"modified":"2025-05-30T14:39:20","modified_gmt":"2025-05-30T12:39:20","slug":"enwitec-skrzynka-przelacznikow-sieciowych-dla-falownikow-kostal-plenticore-g3-10017468","status":"publish","type":"product","link":"https:\/\/greenlink.technology\/pl\/produkt\/enwitec-skrzynka-przelacznikow-sieciowych-dla-falownikow-kostal-plenticore-g3-10017468\/","title":{"rendered":"ENWITEC SKRZYNKA PRZE\u0141\u0104CZNIK\u00d3W SIECIOWYCH DLA FALOWNIK\u00d3W KOSTAL \u2013 PLENTICORE G3 \u2013 10017468"},"content":{"rendered":"<div class=\"system-stammdaten\">\n<h2><\/h2>\n<p>&nbsp;<\/p>\n<\/div>\n","protected":false},"excerpt":{"rendered":"<p>&nbsp;<\/p>\n","protected":false},"featured_media":11446,"comment_status":"closed","ping_status":"closed","template":"","meta":{"_acf_changed":false},"anwendung":[],"product_brand":[264],"product_cat":[367],"product_tag":[1177,1168,389,388,390],"class_list":{"0":"post-11445","1":"product","2":"type-product","3":"status-publish","4":"has-post-thumbnail","6":"product_brand-enwitec","7":"product_cat-skrzynki-przelacznikow-sieciowych","8":"product_tag-10017468-pl","9":"product_tag-kostal-plenticore-g3-pl","10":"product_tag-on-grid-pl","11":"product_tag-urzadzenia-przelaczajace-zasilanie","12":"product_tag-urzadzenie-przelaczajace","13":"pa_laenderfreigabe-ch-pl","14":"pa_laenderfreigabe-pl","15":"pa_max-durchgangsleistung-0-30-kw-pl","16":"pa_nf-a-netzanschlusspunkt-tn-c-pl","17":"pa_nf-a-netzanschlusspunkt-tn-s-pl","18":"pa_nf-a-netzanschlusspunkt-tt-pl","19":"pa_nf-i-d-verbraucheranlage-tn-s-pl","20":"pa_nf-i-d-verbraucheranlage-tt-pl","21":"pa_umschaltung-automatyczny","22":"pa_wechselrichter-kostal-plenticore-g3-pl","24":"first","25":"instock","26":"shipping-taxable","27":"product-type-simple"},"acf":{"product_informations":"<strong>Automatyczne prze\u0142\u0105czanie sieci<\/strong>\r\n<ul>\r\n \t<li>Bezpiecznik przy\u0142\u0105czeniowy maks. 63A<\/li>\r\n \t<li>Od\u0142\u0105czanie wszystkich biegun\u00f3w i trzech biegun\u00f3w, system TN-S lub TT<\/li>\r\n \t<li>Brak sieci TN-C w systemie klienta<\/li>\r\n<\/ul>\r\n<strong>Kompatybilno\u015b\u0107:<\/strong>\r\n\r\nKOSTAL PLENTICORE G3\r\n\r\n<strong>Kraje przeznaczenia:<\/strong> Niemcy, Szwajcaria\r\n\r\n<strong>Uwaga:<\/strong>\r\nMatchcode: 3PH_KOSTAL_BBD3(A)P_63A_DE-CH","technical_data":"<div class=\"stammdaten-col\">\r\n<div class=\"line\">\r\n<div class=\"stammdaten-col\">\r\n<div class=\"line\">\r\n<p class=\"system-stammdaten-left\"><span style=\"font-size: inherit;\">Numer artyku\u0142u 10017468\r\nKompatybilno\u015b\u0107 KOSTAL\r\nLiczba faz 3-fazowy\r\nTyp roz\u0142\u0105czania sieci od\u0142\u0105czanie wszystkich biegun\u00f3w i od\u0142\u0105czanie trzech biegun\u00f3w\r\nMaksymalna przepustowo\u015b\u0107 termiczna 20 kW (opcjonalnie 30 kW z elementami wentylacyjnymi)\r\nKraje przeznaczenia Niemcy, Szwajcaria\r\nOchrona NA \u2013\r\nPrze\u0142\u0105cznik \u017ar\u00f3de\u0142 \u2013\r\nNapi\u0119cie znamionowe 3-fazowe \u2013 230\/400 V\r\nCz\u0119stotliwo\u015b\u0107 znamionowa 50 Hz\r\nPr\u0105d zwarciowy 10 kA\r\nBezpiecznik 63 A\r\nZakres temperatury pracy -25\u00b0C do +40\u00b0C\r\nWilgotno\u015b\u0107 powietrza 5% do 95%\r\nKlasa ochrony II\r\nWymiary (szer. x wys. x g\u0142.) 315 x 600 x 145 mm\r\nWaga 7,5 kg\r\nObudowa Poliw\u0119glan\r\n<\/span><\/p>\r\n\r\n<\/div>\r\n<\/div>\r\n<\/div>\r\n<\/div>","download":"<a href=\"https:\/\/greenlink.technology\/wp-content\/uploads\/2025\/04\/10017468_Datenblatt_3PH_KOSTAL_BBD3AP_63A_DE-CH_2024_05_16-1.pdf\" target=\"_blank\" rel=\"noopener\">Datenblatt DE<\/a>\r\n<a href=\"https:\/\/greenlink.technology\/wp-content\/uploads\/2025\/04\/Kostal_Netzumschaltbox-1-1-1.pdf\" target=\"_blank\" rel=\"noopener\">Flyer<\/a>\r\n<a href=\"https:\/\/greenlink.technology\/wp-content\/uploads\/2025\/04\/10018944_Installationsanleitung_Kostal_Netzumschaltboxen_DA_V1.0_DE_E_2024_12_05-1-1.pdf\" target=\"_blank\" rel=\"noopener\">Installationsanleitung<\/a>","product_short_description":"<strong>Falownik:<\/strong> KOSTAL PLENTICORE G3\r\n<strong>Kraj wydania: <\/strong>Niemcy, Szwajcaria\r\n<strong>Maksymalna przepustowo\u015b\u0107 cieplna: <\/strong> <span style=\"font-size: inherit;\">20 kW<\/span>\r\n<strong>Prze\u0142\u0105czanie:<\/strong> automatyczne\r\n<strong>Rodzaj sieci w punkcie przy\u0142\u0105czenia do sieci:<\/strong> TN-S, TN-C, TT\r\n<strong>Posta\u0107 sieci w odbiorniku:<\/strong> TN-S, TT","photo_gallery":{"galerie_produkte":[[]]}},"yoast_head":"<!-- This site is optimized with the Yoast SEO plugin v27.3 - https:\/\/yoast.com\/product\/yoast-seo-wordpress\/ -->\n<title>ENWITEC SKRZYNKA PRZE\u0141\u0104CZNIK\u00d3W SIECIOWYCH DLA FALOWNIK\u00d3W KOSTAL \u2013 PLENTICORE G3 \u2013 10017468 - greenLink orchestrating energy flows | enwitec electronic GmbH | LinQ Europe Sp. z o.o.<\/title>\n<meta name=\"robots\" content=\"index, follow, max-snippet:-1, max-image-preview:large, max-video-preview:-1\" \/>\n<link rel=\"canonical\" href=\"https:\/\/greenlink.technology\/pl\/produkt\/enwitec-skrzynka-przelacznikow-sieciowych-dla-falownikow-kostal-plenticore-g3-10017468\/\" \/>\n<meta property=\"og:locale\" content=\"pl_PL\" \/>\n<meta property=\"og:type\" content=\"article\" \/>\n<meta property=\"og:title\" content=\"ENWITEC SKRZYNKA PRZE\u0141\u0104CZNIK\u00d3W SIECIOWYCH DLA FALOWNIK\u00d3W KOSTAL \u2013 PLENTICORE G3 \u2013 10017468 - greenLink orchestrating energy flows | enwitec electronic GmbH | LinQ Europe Sp. z o.o.\" \/>\n<meta property=\"og:description\" content=\"&nbsp;\" \/>\n<meta property=\"og:url\" content=\"https:\/\/greenlink.technology\/pl\/produkt\/enwitec-skrzynka-przelacznikow-sieciowych-dla-falownikow-kostal-plenticore-g3-10017468\/\" \/>\n<meta property=\"og:site_name\" content=\"greenLink orchestrating energy flows | enwitec electronic GmbH | LinQ Europe Sp. z o.o.\" \/>\n<meta property=\"article:modified_time\" content=\"2025-05-30T12:39:20+00:00\" \/>\n<meta property=\"og:image\" content=\"https:\/\/linqeurope.pl\/wp-content\/uploads\/2025\/02\/10017468_front_offen.png\" \/>\n\t<meta property=\"og:image:width\" content=\"500\" \/>\n\t<meta property=\"og:image:height\" content=\"500\" \/>\n\t<meta property=\"og:image:type\" content=\"image\/png\" \/>\n<meta name=\"twitter:card\" content=\"summary_large_image\" \/>\n<script type=\"application\/ld+json\" class=\"yoast-schema-graph\">{\"@context\":\"https:\\\/\\\/schema.org\",\"@graph\":[{\"@type\":\"WebPage\",\"@id\":\"https:\\\/\\\/greenlink.technology\\\/pl\\\/produkt\\\/enwitec-skrzynka-przelacznikow-sieciowych-dla-falownikow-kostal-plenticore-g3-10017468\\\/\",\"url\":\"https:\\\/\\\/greenlink.technology\\\/pl\\\/produkt\\\/enwitec-skrzynka-przelacznikow-sieciowych-dla-falownikow-kostal-plenticore-g3-10017468\\\/\",\"name\":\"ENWITEC SKRZYNKA PRZE\u0141\u0104CZNIK\u00d3W SIECIOWYCH DLA FALOWNIK\u00d3W KOSTAL \u2013 PLENTICORE G3 \u2013 10017468 - greenLink orchestrating energy flows | enwitec electronic GmbH | LinQ Europe Sp. z o.o.\",\"isPartOf\":{\"@id\":\"https:\\\/\\\/enwitec.eu\\\/en\\\/#website\"},\"primaryImageOfPage\":{\"@id\":\"https:\\\/\\\/greenlink.technology\\\/pl\\\/produkt\\\/enwitec-skrzynka-przelacznikow-sieciowych-dla-falownikow-kostal-plenticore-g3-10017468\\\/#primaryimage\"},\"image\":{\"@id\":\"https:\\\/\\\/greenlink.technology\\\/pl\\\/produkt\\\/enwitec-skrzynka-przelacznikow-sieciowych-dla-falownikow-kostal-plenticore-g3-10017468\\\/#primaryimage\"},\"thumbnailUrl\":\"https:\\\/\\\/greenlink.technology\\\/wp-content\\\/uploads\\\/2025\\\/02\\\/10017468_front_offen.png\",\"datePublished\":\"2024-04-24T05:02:59+00:00\",\"dateModified\":\"2025-05-30T12:39:20+00:00\",\"breadcrumb\":{\"@id\":\"https:\\\/\\\/greenlink.technology\\\/pl\\\/produkt\\\/enwitec-skrzynka-przelacznikow-sieciowych-dla-falownikow-kostal-plenticore-g3-10017468\\\/#breadcrumb\"},\"inLanguage\":\"pl-PL\",\"potentialAction\":[{\"@type\":\"ReadAction\",\"target\":[\"https:\\\/\\\/greenlink.technology\\\/pl\\\/produkt\\\/enwitec-skrzynka-przelacznikow-sieciowych-dla-falownikow-kostal-plenticore-g3-10017468\\\/\"]}]},{\"@type\":\"ImageObject\",\"inLanguage\":\"pl-PL\",\"@id\":\"https:\\\/\\\/greenlink.technology\\\/pl\\\/produkt\\\/enwitec-skrzynka-przelacznikow-sieciowych-dla-falownikow-kostal-plenticore-g3-10017468\\\/#primaryimage\",\"url\":\"https:\\\/\\\/greenlink.technology\\\/wp-content\\\/uploads\\\/2025\\\/02\\\/10017468_front_offen.png\",\"contentUrl\":\"https:\\\/\\\/greenlink.technology\\\/wp-content\\\/uploads\\\/2025\\\/02\\\/10017468_front_offen.png\",\"width\":500,\"height\":500},{\"@type\":\"BreadcrumbList\",\"@id\":\"https:\\\/\\\/greenlink.technology\\\/pl\\\/produkt\\\/enwitec-skrzynka-przelacznikow-sieciowych-dla-falownikow-kostal-plenticore-g3-10017468\\\/#breadcrumb\",\"itemListElement\":[{\"@type\":\"ListItem\",\"position\":1,\"name\":\"Startseite\",\"item\":\"https:\\\/\\\/greenlink.technology\\\/pl\\\/\"},{\"@type\":\"ListItem\",\"position\":2,\"name\":\"Produkty\",\"item\":\"https:\\\/\\\/greenlink.technology\\\/pl\\\/o-nas\\\/firma\\\/enwitec\\\/produkty\\\/\"},{\"@type\":\"ListItem\",\"position\":3,\"name\":\"ENWITEC SKRZYNKA PRZE\u0141\u0104CZNIK\u00d3W SIECIOWYCH DLA FALOWNIK\u00d3W KOSTAL \u2013 PLENTICORE G3 \u2013 10017468\"}]},{\"@type\":\"WebSite\",\"@id\":\"https:\\\/\\\/enwitec.eu\\\/en\\\/#website\",\"url\":\"https:\\\/\\\/enwitec.eu\\\/en\\\/\",\"name\":\"greenLink orchestrating energy flows | enwitec electronic GmbH | LinQ Europe Sp. z o.o.\",\"description\":\"\",\"publisher\":{\"@id\":\"https:\\\/\\\/enwitec.eu\\\/en\\\/#organization\"},\"potentialAction\":[{\"@type\":\"SearchAction\",\"target\":{\"@type\":\"EntryPoint\",\"urlTemplate\":\"https:\\\/\\\/enwitec.eu\\\/en\\\/?s={search_term_string}\"},\"query-input\":{\"@type\":\"PropertyValueSpecification\",\"valueRequired\":true,\"valueName\":\"search_term_string\"}}],\"inLanguage\":\"pl-PL\"},{\"@type\":\"Organization\",\"@id\":\"https:\\\/\\\/enwitec.eu\\\/en\\\/#organization\",\"name\":\"greenLink orkiestruj\u0105cy przep\u0142ywy energii | enwitec electronic GmbH | LinQ Europe Sp. z o.o.\",\"url\":\"https:\\\/\\\/enwitec.eu\\\/en\\\/\",\"logo\":{\"@type\":\"ImageObject\",\"inLanguage\":\"pl-PL\",\"@id\":\"https:\\\/\\\/enwitec.eu\\\/en\\\/#\\\/schema\\\/logo\\\/image\\\/\",\"url\":\"https:\\\/\\\/greenlink.technology\\\/wp-content\\\/uploads\\\/2025\\\/01\\\/greenlink-logo-final.png\",\"contentUrl\":\"https:\\\/\\\/greenlink.technology\\\/wp-content\\\/uploads\\\/2025\\\/01\\\/greenlink-logo-final.png\",\"width\":2586,\"height\":629,\"caption\":\"greenLink orkiestruj\u0105cy przep\u0142ywy energii | enwitec electronic GmbH | LinQ Europe Sp. z o.o. \"},\"image\":{\"@id\":\"https:\\\/\\\/enwitec.eu\\\/en\\\/#\\\/schema\\\/logo\\\/image\\\/\"}}]}<\/script>\n<!-- \/ Yoast SEO plugin. -->","yoast_head_json":{"title":"ENWITEC SKRZYNKA PRZE\u0141\u0104CZNIK\u00d3W SIECIOWYCH DLA FALOWNIK\u00d3W KOSTAL \u2013 PLENTICORE G3 \u2013 10017468 - greenLink orchestrating energy flows | enwitec electronic GmbH | LinQ Europe Sp. z o.o.","robots":{"index":"index","follow":"follow","max-snippet":"max-snippet:-1","max-image-preview":"max-image-preview:large","max-video-preview":"max-video-preview:-1"},"canonical":"https:\/\/greenlink.technology\/pl\/produkt\/enwitec-skrzynka-przelacznikow-sieciowych-dla-falownikow-kostal-plenticore-g3-10017468\/","og_locale":"pl_PL","og_type":"article","og_title":"ENWITEC SKRZYNKA PRZE\u0141\u0104CZNIK\u00d3W SIECIOWYCH DLA FALOWNIK\u00d3W KOSTAL \u2013 PLENTICORE G3 \u2013 10017468 - greenLink orchestrating energy flows | enwitec electronic GmbH | LinQ Europe Sp. z o.o.","og_description":"&nbsp;","og_url":"https:\/\/greenlink.technology\/pl\/produkt\/enwitec-skrzynka-przelacznikow-sieciowych-dla-falownikow-kostal-plenticore-g3-10017468\/","og_site_name":"greenLink orchestrating energy flows | enwitec electronic GmbH | LinQ Europe Sp. z o.o.","article_modified_time":"2025-05-30T12:39:20+00:00","og_image":[{"width":500,"height":500,"url":"https:\/\/linqeurope.pl\/wp-content\/uploads\/2025\/02\/10017468_front_offen.png","type":"image\/png"}],"twitter_card":"summary_large_image","schema":{"@context":"https:\/\/schema.org","@graph":[{"@type":"WebPage","@id":"https:\/\/greenlink.technology\/pl\/produkt\/enwitec-skrzynka-przelacznikow-sieciowych-dla-falownikow-kostal-plenticore-g3-10017468\/","url":"https:\/\/greenlink.technology\/pl\/produkt\/enwitec-skrzynka-przelacznikow-sieciowych-dla-falownikow-kostal-plenticore-g3-10017468\/","name":"ENWITEC SKRZYNKA PRZE\u0141\u0104CZNIK\u00d3W SIECIOWYCH DLA FALOWNIK\u00d3W KOSTAL \u2013 PLENTICORE G3 \u2013 10017468 - greenLink orchestrating energy flows | enwitec electronic GmbH | LinQ Europe Sp. z o.o.","isPartOf":{"@id":"https:\/\/enwitec.eu\/en\/#website"},"primaryImageOfPage":{"@id":"https:\/\/greenlink.technology\/pl\/produkt\/enwitec-skrzynka-przelacznikow-sieciowych-dla-falownikow-kostal-plenticore-g3-10017468\/#primaryimage"},"image":{"@id":"https:\/\/greenlink.technology\/pl\/produkt\/enwitec-skrzynka-przelacznikow-sieciowych-dla-falownikow-kostal-plenticore-g3-10017468\/#primaryimage"},"thumbnailUrl":"https:\/\/greenlink.technology\/wp-content\/uploads\/2025\/02\/10017468_front_offen.png","datePublished":"2024-04-24T05:02:59+00:00","dateModified":"2025-05-30T12:39:20+00:00","breadcrumb":{"@id":"https:\/\/greenlink.technology\/pl\/produkt\/enwitec-skrzynka-przelacznikow-sieciowych-dla-falownikow-kostal-plenticore-g3-10017468\/#breadcrumb"},"inLanguage":"pl-PL","potentialAction":[{"@type":"ReadAction","target":["https:\/\/greenlink.technology\/pl\/produkt\/enwitec-skrzynka-przelacznikow-sieciowych-dla-falownikow-kostal-plenticore-g3-10017468\/"]}]},{"@type":"ImageObject","inLanguage":"pl-PL","@id":"https:\/\/greenlink.technology\/pl\/produkt\/enwitec-skrzynka-przelacznikow-sieciowych-dla-falownikow-kostal-plenticore-g3-10017468\/#primaryimage","url":"https:\/\/greenlink.technology\/wp-content\/uploads\/2025\/02\/10017468_front_offen.png","contentUrl":"https:\/\/greenlink.technology\/wp-content\/uploads\/2025\/02\/10017468_front_offen.png","width":500,"height":500},{"@type":"BreadcrumbList","@id":"https:\/\/greenlink.technology\/pl\/produkt\/enwitec-skrzynka-przelacznikow-sieciowych-dla-falownikow-kostal-plenticore-g3-10017468\/#breadcrumb","itemListElement":[{"@type":"ListItem","position":1,"name":"Startseite","item":"https:\/\/greenlink.technology\/pl\/"},{"@type":"ListItem","position":2,"name":"Produkty","item":"https:\/\/greenlink.technology\/pl\/o-nas\/firma\/enwitec\/produkty\/"},{"@type":"ListItem","position":3,"name":"ENWITEC SKRZYNKA PRZE\u0141\u0104CZNIK\u00d3W SIECIOWYCH DLA FALOWNIK\u00d3W KOSTAL \u2013 PLENTICORE G3 \u2013 10017468"}]},{"@type":"WebSite","@id":"https:\/\/enwitec.eu\/en\/#website","url":"https:\/\/enwitec.eu\/en\/","name":"greenLink orchestrating energy flows | enwitec electronic GmbH | LinQ Europe Sp. z o.o.","description":"","publisher":{"@id":"https:\/\/enwitec.eu\/en\/#organization"},"potentialAction":[{"@type":"SearchAction","target":{"@type":"EntryPoint","urlTemplate":"https:\/\/enwitec.eu\/en\/?s={search_term_string}"},"query-input":{"@type":"PropertyValueSpecification","valueRequired":true,"valueName":"search_term_string"}}],"inLanguage":"pl-PL"},{"@type":"Organization","@id":"https:\/\/enwitec.eu\/en\/#organization","name":"greenLink orkiestruj\u0105cy przep\u0142ywy energii | enwitec electronic GmbH | LinQ Europe Sp. z o.o.","url":"https:\/\/enwitec.eu\/en\/","logo":{"@type":"ImageObject","inLanguage":"pl-PL","@id":"https:\/\/enwitec.eu\/en\/#\/schema\/logo\/image\/","url":"https:\/\/greenlink.technology\/wp-content\/uploads\/2025\/01\/greenlink-logo-final.png","contentUrl":"https:\/\/greenlink.technology\/wp-content\/uploads\/2025\/01\/greenlink-logo-final.png","width":2586,"height":629,"caption":"greenLink orkiestruj\u0105cy przep\u0142ywy energii | enwitec electronic GmbH | LinQ Europe Sp. z o.o. "},"image":{"@id":"https:\/\/enwitec.eu\/en\/#\/schema\/logo\/image\/"}}]}},"_links":{"self":[{"href":"https:\/\/greenlink.technology\/pl\/wp-json\/wp\/v2\/product\/11445","targetHints":{"allow":["GET"]}}],"collection":[{"href":"https:\/\/greenlink.technology\/pl\/wp-json\/wp\/v2\/product"}],"about":[{"href":"https:\/\/greenlink.technology\/pl\/wp-json\/wp\/v2\/types\/product"}],"replies":[{"embeddable":true,"href":"https:\/\/greenlink.technology\/pl\/wp-json\/wp\/v2\/comments?post=11445"}],"wp:featuredmedia":[{"embeddable":true,"href":"https:\/\/greenlink.technology\/pl\/wp-json\/wp\/v2\/media\/11446"}],"wp:attachment":[{"href":"https:\/\/greenlink.technology\/pl\/wp-json\/wp\/v2\/media?parent=11445"}],"wp:term":[{"taxonomy":"anwendung","embeddable":true,"href":"https:\/\/greenlink.technology\/pl\/wp-json\/wp\/v2\/anwendung?post=11445"},{"taxonomy":"product_brand","embeddable":true,"href":"https:\/\/greenlink.technology\/pl\/wp-json\/wp\/v2\/product_brand?post=11445"},{"taxonomy":"product_cat","embeddable":true,"href":"https:\/\/greenlink.technology\/pl\/wp-json\/wp\/v2\/product_cat?post=11445"},{"taxonomy":"product_tag","embeddable":true,"href":"https:\/\/greenlink.technology\/pl\/wp-json\/wp\/v2\/product_tag?post=11445"}],"curies":[{"name":"wp","href":"https:\/\/api.w.org\/{rel}","templated":true}]}}