{"id":11386,"date":"2024-03-04T15:54:13","date_gmt":"2024-03-04T14:54:13","guid":{"rendered":"https:\/\/greenlink.technology\/produkt\/enwitec-skrzynka-przelacznikow-sieciowych-do-systemu-fronius-symo-gen24-plus-full-backup-wielobiegunowa-do-wiekszych-instalacji-fotowoltaicznych-10016114\/"},"modified":"2026-01-21T08:53:22","modified_gmt":"2026-01-21T07:53:22","slug":"enwitec-skrzynka-przelacznikow-sieciowych-do-systemu-fronius-symo-gen24-plus-full-backup-wielobiegunowa-do-wiekszych-instalacji-fotowoltaicznych-10016114","status":"publish","type":"product","link":"https:\/\/greenlink.technology\/pl\/produkt\/enwitec-skrzynka-przelacznikow-sieciowych-do-systemu-fronius-symo-gen24-plus-full-backup-wielobiegunowa-do-wiekszych-instalacji-fotowoltaicznych-10016114\/","title":{"rendered":"enwitec Skrzynka prze\u0142\u0105cznik\u00f3w sieciowych do systemu Fronius SYMO GEN24 Plus \u201eFull Backup\u201d &#8211; wielobiegunowa &#8211; do wi\u0119kszych instalacji fotowoltaicznych &#8211; 10016114"},"content":{"rendered":"","protected":false},"excerpt":{"rendered":"","protected":false},"featured_media":11387,"comment_status":"closed","ping_status":"closed","template":"","meta":{"_acf_changed":false},"anwendung":[],"product_brand":[264],"product_cat":[367],"product_tag":[1162,442,389,388,390],"class_list":{"0":"post-11386","1":"product","2":"type-product","3":"status-publish","4":"has-post-thumbnail","6":"product_brand-enwitec","7":"product_cat-skrzynki-przelacznikow-sieciowych","8":"product_tag-10016114-pl","9":"product_tag-fronius-symo-gen24-pl","10":"product_tag-on-grid-pl","11":"product_tag-urzadzenia-przelaczajace-zasilanie","12":"product_tag-urzadzenie-przelaczajace","13":"pa_laenderfreigabe-ch-pl","14":"pa_laenderfreigabe-pl","15":"pa_max-durchgangsleistung-0-30-kw-pl","16":"pa_nf-a-netzanschlusspunkt-tn-c-pl","17":"pa_nf-a-netzanschlusspunkt-tn-s-pl","18":"pa_nf-a-netzanschlusspunkt-tt-pl","19":"pa_nf-i-d-verbraucheranlage-tn-s-pl","20":"pa_nf-i-d-verbraucheranlage-tt-pl","21":"pa_umschaltung-automatyczny","22":"pa_wechselrichter-fronius-gen24-plus-pl","24":"first","25":"instock","26":"shipping-taxable","27":"product-type-simple"},"acf":{"product_informations":"<strong>Skrzynka rozdzielcza sieci 3AC 230\/400V 50Hz<\/strong>\n- Bezpiecznik przy\u0142\u0105czeniowy maks. 63A\n- Od\u0142\u0105czenie wszystkich biegun\u00f3w - Sieci TN(C)-S\/TN-S\/TT\n- BRAK sieci TN-C w systemie klienta!\n- Dla system\u00f3w PV BEZ wymogu FRT (Fault Ride Through) \n\n<strong>Odpowiedni dla<\/strong>\nFRONIUS - Symo GEN24 6.0 Plus\/8.0 Plus\/10.0 Plus\/12.0 SC Plus\n\nDost\u0119pno\u015b\u0107 kraju: Niemcy, Szwajcaria\n\n- Brak zintegrowanego Fronius SMART METER!\n\n- Odpowiedni dla system\u00f3w PV >30kW i\/lub bezpiecznik\u00f3w przy\u0142\u0105czy domowych >63A\n- Mo\u017cliwa integracja licznika generacji i\/lub zabezpieczenia NA\n- Zasadniczo skrzynk\u0119 prze\u0142\u0105czania sieci mo\u017cna zintegrowa\u0107 z dowolnym wi\u0119kszym systemem PV! Zobacz schemat obwodu z otoczeniem okablowania \n\nAby uzyska\u0107 wi\u0119cej informacji technicznych, pobierz dokumentacj\u0119.\n\n<strong>Uwaga<\/strong>\nKod dopasowania: 3PH_FRO_BBDAP_20KW_3PH_SPL","technical_data":"<div class=\"stammdaten-col\">\n<div class=\"line\">\n<div class=\"stammdaten-col\">\n<div class=\"line\">\n<p class=\"system-stammdaten-left\">Nr artyku\u0142u: 10016114\n<span style=\"font-size: inherit;\">Kompatybilny z:<\/span> <span style=\"font-size: inherit;\">Fronius\n<\/span><span style=\"font-size: inherit;\">Fazy:<\/span> <span style=\"font-size: inherit;\">3-fazowy\n<\/span><span style=\"font-size: inherit;\">Od\u0142\u0105czanie od sieci: <\/span><span style=\"font-size: inherit;\">Wszystkie bieguny<\/span><span style=\"font-size: inherit;\">\n<\/span><span style=\"font-size: inherit;\">Maksymalna przepustowo\u015b\u0107 termiczna:  <\/span><span style=\"font-size: inherit;\">20 kW\n<\/span><span style=\"font-size: inherit;\">(wy\u017csza przepustowo\u015b\u0107 nie jest wymagana ze wzgl\u0119du na koncepcj\u0119)\n<\/span><span style=\"font-size: inherit;\">Kod kraju: Niemcy,<\/span><span style=\"font-size: inherit;\"> Szwajcaria\n<\/span><span style=\"font-size: inherit;\">Ochrona NA: <\/span><span style=\"font-size: inherit;\">nie\n<\/span><span style=\"font-size: inherit;\">Prze\u0142\u0105cznik \u017ar\u00f3d\u0142a: <\/span><span style=\"font-size: inherit;\">nie\n<\/span><span style=\"font-size: inherit;\">Napi\u0119cie znamionowe: <\/span><span style=\"font-size: inherit;\">230\/400V\n<\/span><span style=\"font-size: inherit;\">Cz\u0119stotliwo\u015b\u0107 nominalna: <\/span><span style=\"font-size: inherit;\">50\/60 Hz\n<\/span><span style=\"font-size: inherit;\">Pr\u0105d zwarciowy: <\/span><span style=\"font-size: inherit;\">10 kA<\/span><span style=\"font-size: inherit;\">Maks. Bezpiecznik zapasowy dla skrzynki rozdzielczej:  <\/span><span style=\"font-size: inherit;\">63 A\n<\/span><span style=\"font-size: inherit;\">Zakres temperatur pracy: od -5\u00b0C do +40\u00b0C<\/span><span style=\"font-size: inherit;\">\n<\/span><span style=\"font-size: inherit;\">Wilgotno\u015b\u0107: od 5% do 95%<\/span><span style=\"font-size: inherit;\">\n<\/span><span style=\"font-size: inherit;\">Klasa ochrony: II<\/span><span style=\"font-size: inherit;\">\n<\/span><span style=\"font-size: inherit;\">Wymiary WxHxD: 448 x 610 x 161 mm<\/span><span style=\"font-size: inherit;\">\n<\/span><span style=\"font-size: inherit;\">Waga: <\/span><span style=\"font-size: inherit;\">9 kg\n<\/span><span style=\"font-size: inherit;\">Obudowa: poliw\u0119glan<\/span><\/p>\n\n<\/div>\n<\/div>\n<\/div>\n<\/div>","download":"<a href=\"https:\/\/greenlink.technology\/wp-content\/uploads\/2025\/11\/10016114-DE_DAT_3PH_FRO_BBDAP_20KW_3PH_SPL-a.pdf\" target=\"_blank\" rel=\"noopener\">Arkusz danych DE\n<\/a><a href=\"https:\/\/greenlink.technology\/wp-content\/uploads\/2025\/04\/2024_05_07_Auswahlhilfe-Fronius-Netzumschaltboxen_AUT-2.pdf\" target=\"_blank\" rel=\"noopener\">Pomoc przy wyborze AT\n<\/a><a href=\"https:\/\/greenlink.technology\/wp-content\/uploads\/2025\/04\/2023_07_25_Auswahlhilfe-Fronius-Netzumschaltboxen_DE-3.pdf\" target=\"_blank\" rel=\"noopener\">Przewodnik wyboru DE\n<\/a><a href=\"https:\/\/greenlink.technology\/wp-content\/uploads\/2025\/04\/2023_07_25_Auswahlhilfe-Fronius-Netzumschaltboxen_CH-3.pdf\" target=\"_blank\" rel=\"noopener\">Przewodnik wyboru CH\n<\/a><a href=\"https:\/\/greenlink.technology\/wp-content\/uploads\/2025\/11\/10019896_DE_EN_HB_Inst.-Anleitung-Fronius-IP-a.pdf\" target=\"_blank\" rel=\"noopener\">Przewodnik instalacji<\/a>","product_short_description":"Falownik: Fronius GEN24 Plus\nZatwierdzenie krajowe: Niemcy, Szwajcaria\nmaks. wydajno\u015b\u0107 cieplna: 20 kW\nPrze\u0142\u0105czanie: automatyczne\nTyp sieci w punkcie przy\u0142\u0105czenia do sieci: TN-S, TT, TN-C\nTyp sieci w systemie odbiorcy: TN-S, TT ","photo_gallery":{"galerie_produkte":[[]]}},"yoast_head":"<!-- This site is optimized with the Yoast SEO plugin v27.3 - https:\/\/yoast.com\/product\/yoast-seo-wordpress\/ -->\n<title>enwitec Skrzynka prze\u0142\u0105cznik\u00f3w sieciowych do systemu Fronius SYMO GEN24 Plus \u201eFull Backup\u201d - wielobiegunowa - do wi\u0119kszych instalacji fotowoltaicznych - 10016114 - greenLink orchestrating energy flows | enwitec electronic GmbH | LinQ Europe Sp. z o.o.<\/title>\n<meta name=\"robots\" content=\"index, follow, max-snippet:-1, max-image-preview:large, max-video-preview:-1\" \/>\n<link rel=\"canonical\" href=\"https:\/\/greenlink.technology\/pl\/produkt\/enwitec-skrzynka-przelacznikow-sieciowych-do-systemu-fronius-symo-gen24-plus-full-backup-wielobiegunowa-do-wiekszych-instalacji-fotowoltaicznych-10016114\/\" \/>\n<meta property=\"og:locale\" content=\"pl_PL\" \/>\n<meta property=\"og:type\" content=\"article\" \/>\n<meta property=\"og:title\" content=\"enwitec Skrzynka prze\u0142\u0105cznik\u00f3w sieciowych do systemu Fronius SYMO GEN24 Plus \u201eFull Backup\u201d - wielobiegunowa - do wi\u0119kszych instalacji fotowoltaicznych - 10016114 - greenLink orchestrating energy flows | enwitec electronic GmbH | LinQ Europe Sp. z o.o.\" \/>\n<meta property=\"og:url\" content=\"https:\/\/greenlink.technology\/pl\/produkt\/enwitec-skrzynka-przelacznikow-sieciowych-do-systemu-fronius-symo-gen24-plus-full-backup-wielobiegunowa-do-wiekszych-instalacji-fotowoltaicznych-10016114\/\" \/>\n<meta property=\"og:site_name\" content=\"greenLink orchestrating energy flows | enwitec electronic GmbH | LinQ Europe Sp. z o.o.\" \/>\n<meta property=\"article:modified_time\" content=\"2026-01-21T07:53:22+00:00\" \/>\n<meta property=\"og:image\" content=\"https:\/\/greenlink.technology\/wp-content\/uploads\/2025\/02\/10016114_front.png\" \/>\n\t<meta property=\"og:image:width\" content=\"500\" \/>\n\t<meta property=\"og:image:height\" content=\"500\" \/>\n\t<meta property=\"og:image:type\" content=\"image\/png\" \/>\n<meta name=\"twitter:card\" content=\"summary_large_image\" \/>\n<script type=\"application\/ld+json\" class=\"yoast-schema-graph\">{\"@context\":\"https:\\\/\\\/schema.org\",\"@graph\":[{\"@type\":\"WebPage\",\"@id\":\"https:\\\/\\\/greenlink.technology\\\/pl\\\/produkt\\\/enwitec-skrzynka-przelacznikow-sieciowych-do-systemu-fronius-symo-gen24-plus-full-backup-wielobiegunowa-do-wiekszych-instalacji-fotowoltaicznych-10016114\\\/\",\"url\":\"https:\\\/\\\/greenlink.technology\\\/pl\\\/produkt\\\/enwitec-skrzynka-przelacznikow-sieciowych-do-systemu-fronius-symo-gen24-plus-full-backup-wielobiegunowa-do-wiekszych-instalacji-fotowoltaicznych-10016114\\\/\",\"name\":\"enwitec Skrzynka prze\u0142\u0105cznik\u00f3w sieciowych do systemu Fronius SYMO GEN24 Plus \u201eFull Backup\u201d - wielobiegunowa - do wi\u0119kszych instalacji fotowoltaicznych - 10016114 - greenLink orchestrating energy flows | enwitec electronic GmbH | LinQ Europe Sp. z o.o.\",\"isPartOf\":{\"@id\":\"https:\\\/\\\/enwitec.eu\\\/en\\\/#website\"},\"primaryImageOfPage\":{\"@id\":\"https:\\\/\\\/greenlink.technology\\\/pl\\\/produkt\\\/enwitec-skrzynka-przelacznikow-sieciowych-do-systemu-fronius-symo-gen24-plus-full-backup-wielobiegunowa-do-wiekszych-instalacji-fotowoltaicznych-10016114\\\/#primaryimage\"},\"image\":{\"@id\":\"https:\\\/\\\/greenlink.technology\\\/pl\\\/produkt\\\/enwitec-skrzynka-przelacznikow-sieciowych-do-systemu-fronius-symo-gen24-plus-full-backup-wielobiegunowa-do-wiekszych-instalacji-fotowoltaicznych-10016114\\\/#primaryimage\"},\"thumbnailUrl\":\"https:\\\/\\\/greenlink.technology\\\/wp-content\\\/uploads\\\/2025\\\/02\\\/10016114_front.png\",\"datePublished\":\"2024-03-04T14:54:13+00:00\",\"dateModified\":\"2026-01-21T07:53:22+00:00\",\"breadcrumb\":{\"@id\":\"https:\\\/\\\/greenlink.technology\\\/pl\\\/produkt\\\/enwitec-skrzynka-przelacznikow-sieciowych-do-systemu-fronius-symo-gen24-plus-full-backup-wielobiegunowa-do-wiekszych-instalacji-fotowoltaicznych-10016114\\\/#breadcrumb\"},\"inLanguage\":\"pl-PL\",\"potentialAction\":[{\"@type\":\"ReadAction\",\"target\":[\"https:\\\/\\\/greenlink.technology\\\/pl\\\/produkt\\\/enwitec-skrzynka-przelacznikow-sieciowych-do-systemu-fronius-symo-gen24-plus-full-backup-wielobiegunowa-do-wiekszych-instalacji-fotowoltaicznych-10016114\\\/\"]}]},{\"@type\":\"ImageObject\",\"inLanguage\":\"pl-PL\",\"@id\":\"https:\\\/\\\/greenlink.technology\\\/pl\\\/produkt\\\/enwitec-skrzynka-przelacznikow-sieciowych-do-systemu-fronius-symo-gen24-plus-full-backup-wielobiegunowa-do-wiekszych-instalacji-fotowoltaicznych-10016114\\\/#primaryimage\",\"url\":\"https:\\\/\\\/greenlink.technology\\\/wp-content\\\/uploads\\\/2025\\\/02\\\/10016114_front.png\",\"contentUrl\":\"https:\\\/\\\/greenlink.technology\\\/wp-content\\\/uploads\\\/2025\\\/02\\\/10016114_front.png\",\"width\":500,\"height\":500},{\"@type\":\"BreadcrumbList\",\"@id\":\"https:\\\/\\\/greenlink.technology\\\/pl\\\/produkt\\\/enwitec-skrzynka-przelacznikow-sieciowych-do-systemu-fronius-symo-gen24-plus-full-backup-wielobiegunowa-do-wiekszych-instalacji-fotowoltaicznych-10016114\\\/#breadcrumb\",\"itemListElement\":[{\"@type\":\"ListItem\",\"position\":1,\"name\":\"Startseite\",\"item\":\"https:\\\/\\\/greenlink.technology\\\/pl\\\/\"},{\"@type\":\"ListItem\",\"position\":2,\"name\":\"Produkty\",\"item\":\"https:\\\/\\\/greenlink.technology\\\/pl\\\/o-nas\\\/firma\\\/enwitec\\\/produkty\\\/\"},{\"@type\":\"ListItem\",\"position\":3,\"name\":\"enwitec Skrzynka prze\u0142\u0105cznik\u00f3w sieciowych do systemu Fronius SYMO GEN24 Plus \u201eFull Backup\u201d &#8211; wielobiegunowa &#8211; do wi\u0119kszych instalacji fotowoltaicznych &#8211; 10016114\"}]},{\"@type\":\"WebSite\",\"@id\":\"https:\\\/\\\/enwitec.eu\\\/en\\\/#website\",\"url\":\"https:\\\/\\\/enwitec.eu\\\/en\\\/\",\"name\":\"greenLink orchestrating energy flows | enwitec electronic GmbH | LinQ Europe Sp. z o.o.\",\"description\":\"\",\"publisher\":{\"@id\":\"https:\\\/\\\/enwitec.eu\\\/en\\\/#organization\"},\"potentialAction\":[{\"@type\":\"SearchAction\",\"target\":{\"@type\":\"EntryPoint\",\"urlTemplate\":\"https:\\\/\\\/enwitec.eu\\\/en\\\/?s={search_term_string}\"},\"query-input\":{\"@type\":\"PropertyValueSpecification\",\"valueRequired\":true,\"valueName\":\"search_term_string\"}}],\"inLanguage\":\"pl-PL\"},{\"@type\":\"Organization\",\"@id\":\"https:\\\/\\\/enwitec.eu\\\/en\\\/#organization\",\"name\":\"greenLink orkiestruj\u0105cy przep\u0142ywy energii | enwitec electronic GmbH | LinQ Europe Sp. z o.o.\",\"url\":\"https:\\\/\\\/enwitec.eu\\\/en\\\/\",\"logo\":{\"@type\":\"ImageObject\",\"inLanguage\":\"pl-PL\",\"@id\":\"https:\\\/\\\/enwitec.eu\\\/en\\\/#\\\/schema\\\/logo\\\/image\\\/\",\"url\":\"https:\\\/\\\/greenlink.technology\\\/wp-content\\\/uploads\\\/2025\\\/01\\\/greenlink-logo-final.png\",\"contentUrl\":\"https:\\\/\\\/greenlink.technology\\\/wp-content\\\/uploads\\\/2025\\\/01\\\/greenlink-logo-final.png\",\"width\":2586,\"height\":629,\"caption\":\"greenLink orkiestruj\u0105cy przep\u0142ywy energii | enwitec electronic GmbH | LinQ Europe Sp. z o.o. \"},\"image\":{\"@id\":\"https:\\\/\\\/enwitec.eu\\\/en\\\/#\\\/schema\\\/logo\\\/image\\\/\"}}]}<\/script>\n<!-- \/ Yoast SEO plugin. -->","yoast_head_json":{"title":"enwitec Skrzynka prze\u0142\u0105cznik\u00f3w sieciowych do systemu Fronius SYMO GEN24 Plus \u201eFull Backup\u201d - wielobiegunowa - do wi\u0119kszych instalacji fotowoltaicznych - 10016114 - greenLink orchestrating energy flows | enwitec electronic GmbH | LinQ Europe Sp. z o.o.","robots":{"index":"index","follow":"follow","max-snippet":"max-snippet:-1","max-image-preview":"max-image-preview:large","max-video-preview":"max-video-preview:-1"},"canonical":"https:\/\/greenlink.technology\/pl\/produkt\/enwitec-skrzynka-przelacznikow-sieciowych-do-systemu-fronius-symo-gen24-plus-full-backup-wielobiegunowa-do-wiekszych-instalacji-fotowoltaicznych-10016114\/","og_locale":"pl_PL","og_type":"article","og_title":"enwitec Skrzynka prze\u0142\u0105cznik\u00f3w sieciowych do systemu Fronius SYMO GEN24 Plus \u201eFull Backup\u201d - wielobiegunowa - do wi\u0119kszych instalacji fotowoltaicznych - 10016114 - greenLink orchestrating energy flows | enwitec electronic GmbH | LinQ Europe Sp. z o.o.","og_url":"https:\/\/greenlink.technology\/pl\/produkt\/enwitec-skrzynka-przelacznikow-sieciowych-do-systemu-fronius-symo-gen24-plus-full-backup-wielobiegunowa-do-wiekszych-instalacji-fotowoltaicznych-10016114\/","og_site_name":"greenLink orchestrating energy flows | enwitec electronic GmbH | LinQ Europe Sp. z o.o.","article_modified_time":"2026-01-21T07:53:22+00:00","og_image":[{"width":500,"height":500,"url":"https:\/\/greenlink.technology\/wp-content\/uploads\/2025\/02\/10016114_front.png","type":"image\/png"}],"twitter_card":"summary_large_image","schema":{"@context":"https:\/\/schema.org","@graph":[{"@type":"WebPage","@id":"https:\/\/greenlink.technology\/pl\/produkt\/enwitec-skrzynka-przelacznikow-sieciowych-do-systemu-fronius-symo-gen24-plus-full-backup-wielobiegunowa-do-wiekszych-instalacji-fotowoltaicznych-10016114\/","url":"https:\/\/greenlink.technology\/pl\/produkt\/enwitec-skrzynka-przelacznikow-sieciowych-do-systemu-fronius-symo-gen24-plus-full-backup-wielobiegunowa-do-wiekszych-instalacji-fotowoltaicznych-10016114\/","name":"enwitec Skrzynka prze\u0142\u0105cznik\u00f3w sieciowych do systemu Fronius SYMO GEN24 Plus \u201eFull Backup\u201d - wielobiegunowa - do wi\u0119kszych instalacji fotowoltaicznych - 10016114 - greenLink orchestrating energy flows | enwitec electronic GmbH | LinQ Europe Sp. z o.o.","isPartOf":{"@id":"https:\/\/enwitec.eu\/en\/#website"},"primaryImageOfPage":{"@id":"https:\/\/greenlink.technology\/pl\/produkt\/enwitec-skrzynka-przelacznikow-sieciowych-do-systemu-fronius-symo-gen24-plus-full-backup-wielobiegunowa-do-wiekszych-instalacji-fotowoltaicznych-10016114\/#primaryimage"},"image":{"@id":"https:\/\/greenlink.technology\/pl\/produkt\/enwitec-skrzynka-przelacznikow-sieciowych-do-systemu-fronius-symo-gen24-plus-full-backup-wielobiegunowa-do-wiekszych-instalacji-fotowoltaicznych-10016114\/#primaryimage"},"thumbnailUrl":"https:\/\/greenlink.technology\/wp-content\/uploads\/2025\/02\/10016114_front.png","datePublished":"2024-03-04T14:54:13+00:00","dateModified":"2026-01-21T07:53:22+00:00","breadcrumb":{"@id":"https:\/\/greenlink.technology\/pl\/produkt\/enwitec-skrzynka-przelacznikow-sieciowych-do-systemu-fronius-symo-gen24-plus-full-backup-wielobiegunowa-do-wiekszych-instalacji-fotowoltaicznych-10016114\/#breadcrumb"},"inLanguage":"pl-PL","potentialAction":[{"@type":"ReadAction","target":["https:\/\/greenlink.technology\/pl\/produkt\/enwitec-skrzynka-przelacznikow-sieciowych-do-systemu-fronius-symo-gen24-plus-full-backup-wielobiegunowa-do-wiekszych-instalacji-fotowoltaicznych-10016114\/"]}]},{"@type":"ImageObject","inLanguage":"pl-PL","@id":"https:\/\/greenlink.technology\/pl\/produkt\/enwitec-skrzynka-przelacznikow-sieciowych-do-systemu-fronius-symo-gen24-plus-full-backup-wielobiegunowa-do-wiekszych-instalacji-fotowoltaicznych-10016114\/#primaryimage","url":"https:\/\/greenlink.technology\/wp-content\/uploads\/2025\/02\/10016114_front.png","contentUrl":"https:\/\/greenlink.technology\/wp-content\/uploads\/2025\/02\/10016114_front.png","width":500,"height":500},{"@type":"BreadcrumbList","@id":"https:\/\/greenlink.technology\/pl\/produkt\/enwitec-skrzynka-przelacznikow-sieciowych-do-systemu-fronius-symo-gen24-plus-full-backup-wielobiegunowa-do-wiekszych-instalacji-fotowoltaicznych-10016114\/#breadcrumb","itemListElement":[{"@type":"ListItem","position":1,"name":"Startseite","item":"https:\/\/greenlink.technology\/pl\/"},{"@type":"ListItem","position":2,"name":"Produkty","item":"https:\/\/greenlink.technology\/pl\/o-nas\/firma\/enwitec\/produkty\/"},{"@type":"ListItem","position":3,"name":"enwitec Skrzynka prze\u0142\u0105cznik\u00f3w sieciowych do systemu Fronius SYMO GEN24 Plus \u201eFull Backup\u201d &#8211; wielobiegunowa &#8211; do wi\u0119kszych instalacji fotowoltaicznych &#8211; 10016114"}]},{"@type":"WebSite","@id":"https:\/\/enwitec.eu\/en\/#website","url":"https:\/\/enwitec.eu\/en\/","name":"greenLink orchestrating energy flows | enwitec electronic GmbH | LinQ Europe Sp. z o.o.","description":"","publisher":{"@id":"https:\/\/enwitec.eu\/en\/#organization"},"potentialAction":[{"@type":"SearchAction","target":{"@type":"EntryPoint","urlTemplate":"https:\/\/enwitec.eu\/en\/?s={search_term_string}"},"query-input":{"@type":"PropertyValueSpecification","valueRequired":true,"valueName":"search_term_string"}}],"inLanguage":"pl-PL"},{"@type":"Organization","@id":"https:\/\/enwitec.eu\/en\/#organization","name":"greenLink orkiestruj\u0105cy przep\u0142ywy energii | enwitec electronic GmbH | LinQ Europe Sp. z o.o.","url":"https:\/\/enwitec.eu\/en\/","logo":{"@type":"ImageObject","inLanguage":"pl-PL","@id":"https:\/\/enwitec.eu\/en\/#\/schema\/logo\/image\/","url":"https:\/\/greenlink.technology\/wp-content\/uploads\/2025\/01\/greenlink-logo-final.png","contentUrl":"https:\/\/greenlink.technology\/wp-content\/uploads\/2025\/01\/greenlink-logo-final.png","width":2586,"height":629,"caption":"greenLink orkiestruj\u0105cy przep\u0142ywy energii | enwitec electronic GmbH | LinQ Europe Sp. z o.o. "},"image":{"@id":"https:\/\/enwitec.eu\/en\/#\/schema\/logo\/image\/"}}]}},"_links":{"self":[{"href":"https:\/\/greenlink.technology\/pl\/wp-json\/wp\/v2\/product\/11386","targetHints":{"allow":["GET"]}}],"collection":[{"href":"https:\/\/greenlink.technology\/pl\/wp-json\/wp\/v2\/product"}],"about":[{"href":"https:\/\/greenlink.technology\/pl\/wp-json\/wp\/v2\/types\/product"}],"replies":[{"embeddable":true,"href":"https:\/\/greenlink.technology\/pl\/wp-json\/wp\/v2\/comments?post=11386"}],"wp:featuredmedia":[{"embeddable":true,"href":"https:\/\/greenlink.technology\/pl\/wp-json\/wp\/v2\/media\/11387"}],"wp:attachment":[{"href":"https:\/\/greenlink.technology\/pl\/wp-json\/wp\/v2\/media?parent=11386"}],"wp:term":[{"taxonomy":"anwendung","embeddable":true,"href":"https:\/\/greenlink.technology\/pl\/wp-json\/wp\/v2\/anwendung?post=11386"},{"taxonomy":"product_brand","embeddable":true,"href":"https:\/\/greenlink.technology\/pl\/wp-json\/wp\/v2\/product_brand?post=11386"},{"taxonomy":"product_cat","embeddable":true,"href":"https:\/\/greenlink.technology\/pl\/wp-json\/wp\/v2\/product_cat?post=11386"},{"taxonomy":"product_tag","embeddable":true,"href":"https:\/\/greenlink.technology\/pl\/wp-json\/wp\/v2\/product_tag?post=11386"}],"curies":[{"name":"wp","href":"https:\/\/api.w.org\/{rel}","templated":true}]}}