{"id":11353,"date":"2024-03-04T14:36:16","date_gmt":"2024-03-04T13:36:16","guid":{"rendered":"https:\/\/greenlink.technology\/produkt\/skrzynka-rozdzielcza-enwitec-do-systemu-fronius-symo-gen24-plus-full-backup-20kw-pelnobiegunowa-na-qs-frt-10015612\/"},"modified":"2024-03-04T14:36:16","modified_gmt":"2024-03-04T13:36:16","slug":"skrzynka-rozdzielcza-enwitec-do-systemu-fronius-symo-gen24-plus-full-backup-20kw-pelnobiegunowa-na-qs-frt-10015612","status":"publish","type":"product","link":"https:\/\/greenlink.technology\/pl\/produkt\/skrzynka-rozdzielcza-enwitec-do-systemu-fronius-symo-gen24-plus-full-backup-20kw-pelnobiegunowa-na-qs-frt-10015612\/","title":{"rendered":"Skrzynka rozdzielcza enwitec do systemu Fronius SYMO GEN24 Plus &#8220;Full Backup&#8221; \u2013 20kW, pe\u0142nobiegunowa, NA\/QS + FRT \u2013 10015612"},"content":{"rendered":"<div class=\"system-stammdaten\">\n<h2><\/h2>\n<p>&nbsp;<\/p>\n<\/div>\n","protected":false},"excerpt":{"rendered":"<p>&nbsp;<\/p>\n","protected":false},"featured_media":11354,"comment_status":"closed","ping_status":"closed","template":"","meta":{"_acf_changed":false},"anwendung":[],"product_brand":[264],"product_cat":[367],"product_tag":[1150,442,389,388,390],"class_list":{"0":"post-11353","1":"product","2":"type-product","3":"status-publish","4":"has-post-thumbnail","6":"product_brand-enwitec","7":"product_cat-skrzynki-przelacznikow-sieciowych","8":"product_tag-10015612-pl","9":"product_tag-fronius-symo-gen24-pl","10":"product_tag-on-grid-pl","11":"product_tag-urzadzenia-przelaczajace-zasilanie","12":"product_tag-urzadzenie-przelaczajace","13":"pa_laenderfreigabe-at-pl","14":"pa_max-durchgangsleistung-0-30-kw-pl","15":"pa_nf-a-netzanschlusspunkt-tn-c-pl","16":"pa_nf-a-netzanschlusspunkt-tn-s-pl","17":"pa_nf-a-netzanschlusspunkt-tt-pl","18":"pa_nf-i-d-verbraucheranlage-tn-s-pl","19":"pa_nf-i-d-verbraucheranlage-tt-pl","20":"pa_umschaltung-automatyczny","21":"pa_wechselrichter-fronius-gen24-plus-pl","23":"first","24":"instock","25":"shipping-taxable","26":"product-type-simple"},"acf":{"product_informations":"<strong>Skrzynka sieciowa 3AC 230\/400V 50Hz<\/strong>\n\u2013 Bezpiecznik przy\u0142\u0105czeniowy max. 63A\n\u2013 Izolacja wszystkich biegun\u00f3w -Sieci TN(C)-S\/TN-S\/TT\u2013 Brak sieci tn-c w systemie klienta\n!\n\u2013 nadaje si\u0119 do system\u00f3w fotowoltaicznych z wymogiem FRT (Fault Ride Through) \n\n<strong>Nadaje si\u0119 do<\/strong>\nFRONIUS \u2013 Symo Hybrid 3.0-3-S\/4.0-3-S\/5.0-3-S\nFRONIUS \u2013 Symo GEN24 6.0 Plus\/8.0 Plus\/ 10.0 Plus\n\nDost\u0119pno\u015b\u0107 w danym kraju: (Austria: W tym przypadku wymagana jest koordynacja z operatorem sieci, czy dozwolona jest separacja wszystkich biegun\u00f3w i czy dodatkowo wymagany jest Tele \"ENS\")\n\n\u2013 wraz z INTELIGENTNYM LICZNIKIEM TS 65A-3\n firmy Fronius \u2013 z zabezpieczeniem NA (\"ENS\") typu \"Tele NA003-M64\" i testowymi zaciskami roz\u0142\u0105cznikowymi\n \u2013 z r\u0119cznym prze\u0142\u0105cznikiem \u017ar\u00f3d\u0142a zasilania dla obwod\u00f3w awaryjnych   \n\nAby uzyska\u0107 wi\u0119cej informacji technicznych, pobierz dokumentacj\u0119.\n\n<strong>Nuta<\/strong>\nKod dopasowania: 3PH_FRO_BBDAP_20KW_3PH_FRT_1.0_NA_Tele_QU","technical_data":"<div class=\"stammdaten-col\">\n<div class=\"line\">\n<div class=\"stammdaten-col\">\n<div class=\"line\">\n<p class=\"system-stammdaten-left\">Przedmiot nr 10015612\n<span style=\"font-size: inherit;\">Kompatybilny z: <\/span> Fronius <span style=\"font-size: inherit;\">Fazy: <\/span><span style=\"font-size: inherit;\">3-fazowy Separacja mocy\n<\/span><span style=\"font-size: inherit;\">: <\/span><span style=\"font-size: inherit;\">All-Pole<\/span><span style=\"font-size: inherit;\">\n<\/span><span style=\"font-size: inherit;\">\n<\/span><span style=\"font-size: inherit;\">Max. wsp\u00f3\u0142czynnik przenikania ciep\u0142a:   <\/span><span style=\"font-size: inherit;\">20 kW\n<\/span><span style=\"font-size: inherit;\">Numer kierunkowy kraju: <\/span><span style=\"font-size: inherit;\">Austria\n<\/span> <span style=\"font-size: inherit;\">BRAK DANYCH Ochrona: <\/span><span style=\"font-size: inherit;\">tak\n<\/span> <span style=\"font-size: inherit;\">Prze\u0142\u0105cznik \u017ar\u00f3d\u0142a: <\/span><span style=\"font-size: inherit;\">tak\n<\/span> <span style=\"font-size: inherit;\">Napi\u0119cie znamionowe: <\/span><span style=\"font-size: inherit;\">230\/400V\n<\/span> <span style=\"font-size: inherit;\">Cz\u0119stotliwo\u015b\u0107 znamionowa: <\/span><span style=\"font-size: inherit;\">50\/60 Hz\n<\/span><span style=\"font-size: inherit;\">Pr\u0105d zwarciowy: <\/span><span style=\"font-size: inherit;\">10 kA\n<\/span> <span style=\"font-size: inherit;\">Bezpiecznik: <\/span><span style=\"font-size: inherit;\">63 A\n<\/span><span style=\"font-size: inherit;\">Zakres temperatur pracy: od -5\u00b0C do +40\u00b0C<\/span><span style=\"font-size: inherit;\">\n<\/span><span style=\"font-size: inherit;\">Wilgotno\u015b\u0107: od 5% do 95%<\/span><span style=\"font-size: inherit;\">\n<\/span><span style=\"font-size: inherit;\">Klasa ochrony: II<\/span><span style=\"font-size: inherit;\">\n<\/span><span style=\"font-size: inherit;\">Wymiary SxWxG: 448 x 822 x 161 mm<\/span><span style=\"font-size: inherit;\">\n<\/span><span style=\"font-size: inherit;\">Waga: <\/span><span style=\"font-size: inherit;\">13,5 kg\n<\/span><span style=\"font-size: inherit;\">Obudowa: Poliw\u0119glan<\/span><span style=\"font-size: inherit;\">\n<\/span><\/p>\n\n<\/div>\n<\/div>\n<\/div>\n<\/div>","download":"<a href=\"https:\/\/greenlink.technology\/wp-content\/uploads\/2025\/04\/10015612_Datenblatt_doc10017775_23_07_10.pdf\" target=\"_blank\" rel=\"noopener\">Karta katalogowa EN<\/a>\n<a href=\"https:\/\/greenlink.technology\/wp-content\/uploads\/2025\/04\/10015612_DataSheet_23_07_10.pdf\" target=\"_blank\" rel=\"noopener\">Karta katalogowa EN<\/a>\n<a href=\"https:\/\/greenlink.technology\/wp-content\/uploads\/2025\/04\/2024_05_07_Auswahlhilfe-Fronius-Netzumschaltboxen_AUT-2.pdf\" target=\"_blank\" rel=\"noopener\">Przewodniki wyboru AT<\/a>\n<a href=\"https:\/\/greenlink.technology\/wp-content\/uploads\/2025\/04\/2023_07_25_Auswahlhilfe-Fronius-Netzumschaltboxen_DE-3.pdf\" target=\"_blank\" rel=\"noopener\">Przewodnik wyboru PL<\/a>\n<a href=\"https:\/\/greenlink.technology\/wp-content\/uploads\/2025\/04\/2023_07_25_Auswahlhilfe-Fronius-Netzumschaltboxen_CH-3.pdf\" target=\"_blank\" rel=\"noopener\">Przewodnik doboru CH<\/a>\n<a href=\"https:\/\/greenlink.technology\/wp-content\/uploads\/2025\/04\/Allg_Installationsanleitung_10017760_Fronius-Netzumschaltboxen-DACH_V1.0_DE_2024_10_16.pdf\" target=\"_blank\" rel=\"noopener\">Instalacja<\/a>","product_short_description":"<strong>Falownika:<\/strong> Fronius GEN24 Plus\n<strong>Wydanie krajowe:<\/strong> Austria\n<strong>Max. wsp\u00f3\u0142czynnik przenikania ciep\u0142a: <\/strong> <span style=\"font-size: inherit;\">20-30 kW<\/span>\n<strong>Prze\u0142\u0105czanie: <\/strong>automatyczne\n<strong>Kszta\u0142t siatki w punkcie przy\u0142\u0105czenia do sieci: <\/strong>TN-S, TT, TN-C\n<strong>Formularz siatki w systemie konsumenckim: <\/strong>TN-S, TT\n<div class=\"actions-wrapper\"><\/div>","photo_gallery":{"galerie_produkte":[[]]}},"yoast_head":"<!-- This site is optimized with the Yoast SEO plugin v27.3 - https:\/\/yoast.com\/product\/yoast-seo-wordpress\/ -->\n<title>Skrzynka rozdzielcza enwitec do systemu Fronius SYMO GEN24 Plus &quot;Full Backup&quot; \u2013 20kW, pe\u0142nobiegunowa, NA\/QS + FRT \u2013 10015612 - greenLink orchestrating energy flows | enwitec electronic GmbH | LinQ Europe Sp. z o.o.<\/title>\n<meta name=\"robots\" content=\"index, follow, max-snippet:-1, max-image-preview:large, max-video-preview:-1\" \/>\n<link rel=\"canonical\" href=\"https:\/\/greenlink.technology\/pl\/produkt\/skrzynka-rozdzielcza-enwitec-do-systemu-fronius-symo-gen24-plus-full-backup-20kw-pelnobiegunowa-na-qs-frt-10015612\/\" \/>\n<meta property=\"og:locale\" content=\"pl_PL\" \/>\n<meta property=\"og:type\" content=\"article\" \/>\n<meta property=\"og:title\" content=\"Skrzynka rozdzielcza enwitec do systemu Fronius SYMO GEN24 Plus &quot;Full Backup&quot; \u2013 20kW, pe\u0142nobiegunowa, NA\/QS + FRT \u2013 10015612 - greenLink orchestrating energy flows | enwitec electronic GmbH | LinQ Europe Sp. z o.o.\" \/>\n<meta property=\"og:description\" content=\"&nbsp;\" \/>\n<meta property=\"og:url\" content=\"https:\/\/greenlink.technology\/pl\/produkt\/skrzynka-rozdzielcza-enwitec-do-systemu-fronius-symo-gen24-plus-full-backup-20kw-pelnobiegunowa-na-qs-frt-10015612\/\" \/>\n<meta property=\"og:site_name\" content=\"greenLink orchestrating energy flows | enwitec electronic GmbH | LinQ Europe Sp. z o.o.\" \/>\n<meta property=\"og:image\" content=\"https:\/\/greenlink.technology\/wp-content\/uploads\/2025\/02\/10015612_front.png\" \/>\n\t<meta property=\"og:image:width\" content=\"500\" \/>\n\t<meta property=\"og:image:height\" content=\"500\" \/>\n\t<meta property=\"og:image:type\" content=\"image\/png\" \/>\n<meta name=\"twitter:card\" content=\"summary_large_image\" \/>\n<script type=\"application\/ld+json\" class=\"yoast-schema-graph\">{\"@context\":\"https:\\\/\\\/schema.org\",\"@graph\":[{\"@type\":\"WebPage\",\"@id\":\"https:\\\/\\\/greenlink.technology\\\/pl\\\/produkt\\\/skrzynka-rozdzielcza-enwitec-do-systemu-fronius-symo-gen24-plus-full-backup-20kw-pelnobiegunowa-na-qs-frt-10015612\\\/\",\"url\":\"https:\\\/\\\/greenlink.technology\\\/pl\\\/produkt\\\/skrzynka-rozdzielcza-enwitec-do-systemu-fronius-symo-gen24-plus-full-backup-20kw-pelnobiegunowa-na-qs-frt-10015612\\\/\",\"name\":\"Skrzynka rozdzielcza enwitec do systemu Fronius SYMO GEN24 Plus \\\"Full Backup\\\" \u2013 20kW, pe\u0142nobiegunowa, NA\\\/QS + FRT \u2013 10015612 - greenLink orchestrating energy flows | enwitec electronic GmbH | LinQ Europe Sp. z o.o.\",\"isPartOf\":{\"@id\":\"https:\\\/\\\/enwitec.eu\\\/en\\\/#website\"},\"primaryImageOfPage\":{\"@id\":\"https:\\\/\\\/greenlink.technology\\\/pl\\\/produkt\\\/skrzynka-rozdzielcza-enwitec-do-systemu-fronius-symo-gen24-plus-full-backup-20kw-pelnobiegunowa-na-qs-frt-10015612\\\/#primaryimage\"},\"image\":{\"@id\":\"https:\\\/\\\/greenlink.technology\\\/pl\\\/produkt\\\/skrzynka-rozdzielcza-enwitec-do-systemu-fronius-symo-gen24-plus-full-backup-20kw-pelnobiegunowa-na-qs-frt-10015612\\\/#primaryimage\"},\"thumbnailUrl\":\"https:\\\/\\\/greenlink.technology\\\/wp-content\\\/uploads\\\/2025\\\/02\\\/10015612_front.png\",\"datePublished\":\"2024-03-04T13:36:16+00:00\",\"breadcrumb\":{\"@id\":\"https:\\\/\\\/greenlink.technology\\\/pl\\\/produkt\\\/skrzynka-rozdzielcza-enwitec-do-systemu-fronius-symo-gen24-plus-full-backup-20kw-pelnobiegunowa-na-qs-frt-10015612\\\/#breadcrumb\"},\"inLanguage\":\"pl-PL\",\"potentialAction\":[{\"@type\":\"ReadAction\",\"target\":[\"https:\\\/\\\/greenlink.technology\\\/pl\\\/produkt\\\/skrzynka-rozdzielcza-enwitec-do-systemu-fronius-symo-gen24-plus-full-backup-20kw-pelnobiegunowa-na-qs-frt-10015612\\\/\"]}]},{\"@type\":\"ImageObject\",\"inLanguage\":\"pl-PL\",\"@id\":\"https:\\\/\\\/greenlink.technology\\\/pl\\\/produkt\\\/skrzynka-rozdzielcza-enwitec-do-systemu-fronius-symo-gen24-plus-full-backup-20kw-pelnobiegunowa-na-qs-frt-10015612\\\/#primaryimage\",\"url\":\"https:\\\/\\\/greenlink.technology\\\/wp-content\\\/uploads\\\/2025\\\/02\\\/10015612_front.png\",\"contentUrl\":\"https:\\\/\\\/greenlink.technology\\\/wp-content\\\/uploads\\\/2025\\\/02\\\/10015612_front.png\",\"width\":500,\"height\":500},{\"@type\":\"BreadcrumbList\",\"@id\":\"https:\\\/\\\/greenlink.technology\\\/pl\\\/produkt\\\/skrzynka-rozdzielcza-enwitec-do-systemu-fronius-symo-gen24-plus-full-backup-20kw-pelnobiegunowa-na-qs-frt-10015612\\\/#breadcrumb\",\"itemListElement\":[{\"@type\":\"ListItem\",\"position\":1,\"name\":\"Startseite\",\"item\":\"https:\\\/\\\/greenlink.technology\\\/pl\\\/\"},{\"@type\":\"ListItem\",\"position\":2,\"name\":\"Produkty\",\"item\":\"https:\\\/\\\/greenlink.technology\\\/pl\\\/o-nas\\\/firma\\\/enwitec\\\/produkty\\\/\"},{\"@type\":\"ListItem\",\"position\":3,\"name\":\"Skrzynka rozdzielcza enwitec do systemu Fronius SYMO GEN24 Plus &#8220;Full Backup&#8221; \u2013 20kW, pe\u0142nobiegunowa, NA\\\/QS + FRT \u2013 10015612\"}]},{\"@type\":\"WebSite\",\"@id\":\"https:\\\/\\\/enwitec.eu\\\/en\\\/#website\",\"url\":\"https:\\\/\\\/enwitec.eu\\\/en\\\/\",\"name\":\"greenLink orchestrating energy flows | enwitec electronic GmbH | LinQ Europe Sp. z o.o.\",\"description\":\"\",\"publisher\":{\"@id\":\"https:\\\/\\\/enwitec.eu\\\/en\\\/#organization\"},\"potentialAction\":[{\"@type\":\"SearchAction\",\"target\":{\"@type\":\"EntryPoint\",\"urlTemplate\":\"https:\\\/\\\/enwitec.eu\\\/en\\\/?s={search_term_string}\"},\"query-input\":{\"@type\":\"PropertyValueSpecification\",\"valueRequired\":true,\"valueName\":\"search_term_string\"}}],\"inLanguage\":\"pl-PL\"},{\"@type\":\"Organization\",\"@id\":\"https:\\\/\\\/enwitec.eu\\\/en\\\/#organization\",\"name\":\"greenLink orkiestruj\u0105cy przep\u0142ywy energii | enwitec electronic GmbH | LinQ Europe Sp. z o.o.\",\"url\":\"https:\\\/\\\/enwitec.eu\\\/en\\\/\",\"logo\":{\"@type\":\"ImageObject\",\"inLanguage\":\"pl-PL\",\"@id\":\"https:\\\/\\\/enwitec.eu\\\/en\\\/#\\\/schema\\\/logo\\\/image\\\/\",\"url\":\"https:\\\/\\\/greenlink.technology\\\/wp-content\\\/uploads\\\/2025\\\/01\\\/greenlink-logo-final.png\",\"contentUrl\":\"https:\\\/\\\/greenlink.technology\\\/wp-content\\\/uploads\\\/2025\\\/01\\\/greenlink-logo-final.png\",\"width\":2586,\"height\":629,\"caption\":\"greenLink orkiestruj\u0105cy przep\u0142ywy energii | enwitec electronic GmbH | LinQ Europe Sp. z o.o. \"},\"image\":{\"@id\":\"https:\\\/\\\/enwitec.eu\\\/en\\\/#\\\/schema\\\/logo\\\/image\\\/\"}}]}<\/script>\n<!-- \/ Yoast SEO plugin. -->","yoast_head_json":{"title":"Skrzynka rozdzielcza enwitec do systemu Fronius SYMO GEN24 Plus \"Full Backup\" \u2013 20kW, pe\u0142nobiegunowa, NA\/QS + FRT \u2013 10015612 - greenLink orchestrating energy flows | enwitec electronic GmbH | LinQ Europe Sp. z o.o.","robots":{"index":"index","follow":"follow","max-snippet":"max-snippet:-1","max-image-preview":"max-image-preview:large","max-video-preview":"max-video-preview:-1"},"canonical":"https:\/\/greenlink.technology\/pl\/produkt\/skrzynka-rozdzielcza-enwitec-do-systemu-fronius-symo-gen24-plus-full-backup-20kw-pelnobiegunowa-na-qs-frt-10015612\/","og_locale":"pl_PL","og_type":"article","og_title":"Skrzynka rozdzielcza enwitec do systemu Fronius SYMO GEN24 Plus \"Full Backup\" \u2013 20kW, pe\u0142nobiegunowa, NA\/QS + FRT \u2013 10015612 - greenLink orchestrating energy flows | enwitec electronic GmbH | LinQ Europe Sp. z o.o.","og_description":"&nbsp;","og_url":"https:\/\/greenlink.technology\/pl\/produkt\/skrzynka-rozdzielcza-enwitec-do-systemu-fronius-symo-gen24-plus-full-backup-20kw-pelnobiegunowa-na-qs-frt-10015612\/","og_site_name":"greenLink orchestrating energy flows | enwitec electronic GmbH | LinQ Europe Sp. z o.o.","og_image":[{"width":500,"height":500,"url":"https:\/\/greenlink.technology\/wp-content\/uploads\/2025\/02\/10015612_front.png","type":"image\/png"}],"twitter_card":"summary_large_image","schema":{"@context":"https:\/\/schema.org","@graph":[{"@type":"WebPage","@id":"https:\/\/greenlink.technology\/pl\/produkt\/skrzynka-rozdzielcza-enwitec-do-systemu-fronius-symo-gen24-plus-full-backup-20kw-pelnobiegunowa-na-qs-frt-10015612\/","url":"https:\/\/greenlink.technology\/pl\/produkt\/skrzynka-rozdzielcza-enwitec-do-systemu-fronius-symo-gen24-plus-full-backup-20kw-pelnobiegunowa-na-qs-frt-10015612\/","name":"Skrzynka rozdzielcza enwitec do systemu Fronius SYMO GEN24 Plus \"Full Backup\" \u2013 20kW, pe\u0142nobiegunowa, NA\/QS + FRT \u2013 10015612 - greenLink orchestrating energy flows | enwitec electronic GmbH | LinQ Europe Sp. z o.o.","isPartOf":{"@id":"https:\/\/enwitec.eu\/en\/#website"},"primaryImageOfPage":{"@id":"https:\/\/greenlink.technology\/pl\/produkt\/skrzynka-rozdzielcza-enwitec-do-systemu-fronius-symo-gen24-plus-full-backup-20kw-pelnobiegunowa-na-qs-frt-10015612\/#primaryimage"},"image":{"@id":"https:\/\/greenlink.technology\/pl\/produkt\/skrzynka-rozdzielcza-enwitec-do-systemu-fronius-symo-gen24-plus-full-backup-20kw-pelnobiegunowa-na-qs-frt-10015612\/#primaryimage"},"thumbnailUrl":"https:\/\/greenlink.technology\/wp-content\/uploads\/2025\/02\/10015612_front.png","datePublished":"2024-03-04T13:36:16+00:00","breadcrumb":{"@id":"https:\/\/greenlink.technology\/pl\/produkt\/skrzynka-rozdzielcza-enwitec-do-systemu-fronius-symo-gen24-plus-full-backup-20kw-pelnobiegunowa-na-qs-frt-10015612\/#breadcrumb"},"inLanguage":"pl-PL","potentialAction":[{"@type":"ReadAction","target":["https:\/\/greenlink.technology\/pl\/produkt\/skrzynka-rozdzielcza-enwitec-do-systemu-fronius-symo-gen24-plus-full-backup-20kw-pelnobiegunowa-na-qs-frt-10015612\/"]}]},{"@type":"ImageObject","inLanguage":"pl-PL","@id":"https:\/\/greenlink.technology\/pl\/produkt\/skrzynka-rozdzielcza-enwitec-do-systemu-fronius-symo-gen24-plus-full-backup-20kw-pelnobiegunowa-na-qs-frt-10015612\/#primaryimage","url":"https:\/\/greenlink.technology\/wp-content\/uploads\/2025\/02\/10015612_front.png","contentUrl":"https:\/\/greenlink.technology\/wp-content\/uploads\/2025\/02\/10015612_front.png","width":500,"height":500},{"@type":"BreadcrumbList","@id":"https:\/\/greenlink.technology\/pl\/produkt\/skrzynka-rozdzielcza-enwitec-do-systemu-fronius-symo-gen24-plus-full-backup-20kw-pelnobiegunowa-na-qs-frt-10015612\/#breadcrumb","itemListElement":[{"@type":"ListItem","position":1,"name":"Startseite","item":"https:\/\/greenlink.technology\/pl\/"},{"@type":"ListItem","position":2,"name":"Produkty","item":"https:\/\/greenlink.technology\/pl\/o-nas\/firma\/enwitec\/produkty\/"},{"@type":"ListItem","position":3,"name":"Skrzynka rozdzielcza enwitec do systemu Fronius SYMO GEN24 Plus &#8220;Full Backup&#8221; \u2013 20kW, pe\u0142nobiegunowa, NA\/QS + FRT \u2013 10015612"}]},{"@type":"WebSite","@id":"https:\/\/enwitec.eu\/en\/#website","url":"https:\/\/enwitec.eu\/en\/","name":"greenLink orchestrating energy flows | enwitec electronic GmbH | LinQ Europe Sp. z o.o.","description":"","publisher":{"@id":"https:\/\/enwitec.eu\/en\/#organization"},"potentialAction":[{"@type":"SearchAction","target":{"@type":"EntryPoint","urlTemplate":"https:\/\/enwitec.eu\/en\/?s={search_term_string}"},"query-input":{"@type":"PropertyValueSpecification","valueRequired":true,"valueName":"search_term_string"}}],"inLanguage":"pl-PL"},{"@type":"Organization","@id":"https:\/\/enwitec.eu\/en\/#organization","name":"greenLink orkiestruj\u0105cy przep\u0142ywy energii | enwitec electronic GmbH | LinQ Europe Sp. z o.o.","url":"https:\/\/enwitec.eu\/en\/","logo":{"@type":"ImageObject","inLanguage":"pl-PL","@id":"https:\/\/enwitec.eu\/en\/#\/schema\/logo\/image\/","url":"https:\/\/greenlink.technology\/wp-content\/uploads\/2025\/01\/greenlink-logo-final.png","contentUrl":"https:\/\/greenlink.technology\/wp-content\/uploads\/2025\/01\/greenlink-logo-final.png","width":2586,"height":629,"caption":"greenLink orkiestruj\u0105cy przep\u0142ywy energii | enwitec electronic GmbH | LinQ Europe Sp. z o.o. "},"image":{"@id":"https:\/\/enwitec.eu\/en\/#\/schema\/logo\/image\/"}}]}},"_links":{"self":[{"href":"https:\/\/greenlink.technology\/pl\/wp-json\/wp\/v2\/product\/11353","targetHints":{"allow":["GET"]}}],"collection":[{"href":"https:\/\/greenlink.technology\/pl\/wp-json\/wp\/v2\/product"}],"about":[{"href":"https:\/\/greenlink.technology\/pl\/wp-json\/wp\/v2\/types\/product"}],"replies":[{"embeddable":true,"href":"https:\/\/greenlink.technology\/pl\/wp-json\/wp\/v2\/comments?post=11353"}],"wp:featuredmedia":[{"embeddable":true,"href":"https:\/\/greenlink.technology\/pl\/wp-json\/wp\/v2\/media\/11354"}],"wp:attachment":[{"href":"https:\/\/greenlink.technology\/pl\/wp-json\/wp\/v2\/media?parent=11353"}],"wp:term":[{"taxonomy":"anwendung","embeddable":true,"href":"https:\/\/greenlink.technology\/pl\/wp-json\/wp\/v2\/anwendung?post=11353"},{"taxonomy":"product_brand","embeddable":true,"href":"https:\/\/greenlink.technology\/pl\/wp-json\/wp\/v2\/product_brand?post=11353"},{"taxonomy":"product_cat","embeddable":true,"href":"https:\/\/greenlink.technology\/pl\/wp-json\/wp\/v2\/product_cat?post=11353"},{"taxonomy":"product_tag","embeddable":true,"href":"https:\/\/greenlink.technology\/pl\/wp-json\/wp\/v2\/product_tag?post=11353"}],"curies":[{"name":"wp","href":"https:\/\/api.w.org\/{rel}","templated":true}]}}