{"id":10688,"date":"2024-04-25T10:03:16","date_gmt":"2024-04-25T08:03:16","guid":{"rendered":"https:\/\/greenlink.technology\/produkt\/enwitec-skrzynka-przelaczeniowa-sieci-dla-systemu-fronius-wlochy-symo-gen24-plus-full-backup-20-kw-3-fazy-230-400v-10014305\/"},"modified":"2025-05-30T13:51:52","modified_gmt":"2025-05-30T11:51:52","slug":"enwitec-skrzynka-przelacznikow-sieciowych-dla-systemu-fronius-wlochy-symo-gen24-plus-full-backup-20kw-3ph-230-400v-10014305","status":"publish","type":"product","link":"https:\/\/greenlink.technology\/pl\/produkt\/enwitec-skrzynka-przelacznikow-sieciowych-dla-systemu-fronius-wlochy-symo-gen24-plus-full-backup-20kw-3ph-230-400v-10014305\/","title":{"rendered":"ENWITEC SKRZYNKA PRZE\u0141\u0104CZNIK\u00d3W SIECIOWYCH DLA SYSTEMU FRONIUS W\u0141OCHY SYMO GEN24 PLUS \u201eFULL BACKUP\u201d &#8211; 20kW, 3PH 230\/400V \u2013 10014305"},"content":{"rendered":"<div class=\"system-stammdaten\">\n<h2><\/h2>\n<p>&nbsp;<\/p>\n<\/div>\n","protected":false},"excerpt":{"rendered":"<p>&nbsp;<\/p>\n","protected":false},"featured_media":10689,"comment_status":"closed","ping_status":"closed","template":"","meta":{"_acf_changed":false},"anwendung":[],"product_brand":[264],"product_cat":[367],"product_tag":[868,442,389,388,390],"class_list":{"0":"post-10688","1":"product","2":"type-product","3":"status-publish","4":"has-post-thumbnail","6":"product_brand-enwitec","7":"product_cat-skrzynki-przelacznikow-sieciowych","8":"product_tag-10014305-pl","9":"product_tag-fronius-symo-gen24-pl","10":"product_tag-on-grid-pl","11":"product_tag-urzadzenia-przelaczajace-zasilanie","12":"product_tag-urzadzenie-przelaczajace","13":"pa_laenderfreigabe-it-pl","14":"pa_max-durchgangsleistung-0-30-kw-pl","15":"pa_nf-a-netzanschlusspunkt-tn-c-pl","16":"pa_nf-a-netzanschlusspunkt-tn-s-pl","17":"pa_nf-a-netzanschlusspunkt-tt-pl","18":"pa_nf-i-d-verbraucheranlage-tn-s-pl","19":"pa_nf-i-d-verbraucheranlage-tt-pl","20":"pa_umschaltung-automatyczny","21":"pa_wechselrichter-fronius-gen24-plus-pl","23":"first","24":"instock","25":"shipping-taxable","26":"product-type-simple"},"acf":{"product_informations":"<strong>Skrzynka prze\u0142\u0105czaj\u0105ca sie\u0107 3AC 230\/400V 50Hz<\/strong>\r\n<ul>\r\n \t<li>\u00a0Zabezpieczenie nadpr\u0105dowe 63A<\/li>\r\n \t<li>Od\u0142\u0105czenie wszystkich biegun\u00f3w \u2013 sie\u0107 TN-S\/TT<\/li>\r\n \t<li>UWAGA: W instalacji klienta NIE WOLNO stosowa\u0107 sieci TN-C!<\/li>\r\n<\/ul>\r\n<strong>Kompatybilno\u015b\u0107<\/strong>\r\n\r\nFRONIUS \u2013 Symo GEN24 6.0 Plus\/8.0 Plus\/10.0 Plus\/12.0 SC Plus\r\n\r\n<strong>Kraj przeznaczenia <\/strong>W\u0142ochy\r\n\r\n<strong>\u2013 <\/strong>w zestawie Fronius SMART METER wraz z przek\u0142adnikiem pr\u0105dowym\r\n\r\nAby uzyska\u0107 wi\u0119cej informacji technicznych, prosimy pobra\u0107 dokumentacj\u0119.\r\n\r\n<strong>Uwagi<\/strong>\r\n\r\nKod dopasowania: 3PH_FRO_BBDAP_20KW_3PH_1.1_IT","technical_data":"<div class=\"stammdaten-col\">\r\n<div class=\"line\">\r\n<div class=\"stammdaten-col\">\r\n<div class=\"line\">\r\n<p class=\"system-stammdaten-left\"><span style=\"font-size: inherit;\">Fazy 3-fazowy\r\nOd\u0142\u0105czenie sieci Wszystkie bieguny\r\nMaksymalna przepustowo\u015b\u0107 termiczna 20 kW\r\nKraj przeznaczenia W\u0142ochy\r\nOchrona NA brak\r\nPrze\u0142\u0105cznik \u017ar\u00f3d\u0142a brak\r\nNapi\u0119cie znamionowe 230\/400 V\r\nCz\u0119stotliwo\u015b\u0107 znamionowa 50\/60 Hz\r\nPr\u0105d zwarciowy 10 kA\r\nBezpiecznik 63 A\r\nZakres temperatur pracy -5\u00b0C do +40\u00b0C\r\nWilgotno\u015b\u0107 powietrza 25% do 55%\r\nKlasa ochrony II\r\nWymiary (SxWxG) 448 x 622 x 161 mm\r\nWaga 15 kg\r\nObudowa Poliw\u0119glan\r\n<\/span><\/p>\r\n\r\n<\/div>\r\n<\/div>\r\n<\/div>\r\n<\/div>","download":"<a href=\"https:\/\/greenlink.technology\/wp-content\/uploads\/2025\/04\/10014305_Datenblatt_3PH_FRO_BBDAP_20KW_3PH_1.1_IT-1.pdf\" target=\"_blank\" rel=\"noopener\">Datenblatt DE<\/a>\r\n<a href=\"https:\/\/greenlink.technology\/wp-content\/uploads\/2025\/04\/10014305_Scheda-tecnica_3PH_FRO_BBDAP_20KW_3PH_1.1_IT-1.pdf\" target=\"_blank\" rel=\"noopener\">Scheda tecnica<\/a>\r\n<a href=\"https:\/\/greenlink.technology\/wp-content\/uploads\/2025\/04\/2023_07_25_Auswahlhilfe-Fronius-Netzumschaltboxen_IT-2.pdf\" target=\"_blank\" rel=\"noopener\">Auswahlhilfen IT<\/a>\r\n<a href=\"https:\/\/greenlink.technology\/wp-content\/uploads\/2025\/04\/Allg_Installationsanleitung_10017760_Fronius-Netzumschaltboxen-DACH_V1.0_DE_2024_05_31-1-2.pdf\" target=\"_blank\" rel=\"noopener\">Installationsanleitung<\/a>","product_short_description":"<strong>Falownik:<\/strong> Fronius SYMO GEN24 Plus\r\n\r\n<strong>Kraj wydania:<\/strong> W\u0142ochy\r\n<strong>maks. przepustowo\u015b\u0107 termiczna : <\/strong> <span style=\"font-size: inherit;\">20 kW<\/span>\r\n\r\n<strong>Prze\u0142\u0105czanie: <\/strong>automatyczne\r\n<strong>Typ sieci w punkcie pod\u0142\u0105czenia do sieci:<\/strong> TT, TN-S, TN-C\r\n\r\n<strong>Posta\u0107 sieci w odbiorniku:<\/strong> TT, TN-S","photo_gallery":{"galerie_produkte":[[]]}},"yoast_head":"<!-- This site is optimized with the Yoast SEO plugin v27.3 - https:\/\/yoast.com\/product\/yoast-seo-wordpress\/ -->\n<title>ENWITEC SKRZYNKA PRZE\u0141\u0104CZNIK\u00d3W SIECIOWYCH DLA SYSTEMU FRONIUS W\u0141OCHY SYMO GEN24 PLUS \u201eFULL BACKUP\u201d - 20kW, 3PH 230\/400V \u2013 10014305 - greenLink orchestrating energy flows | enwitec electronic GmbH | LinQ Europe Sp. z o.o.<\/title>\n<meta name=\"robots\" content=\"index, follow, max-snippet:-1, max-image-preview:large, max-video-preview:-1\" \/>\n<link rel=\"canonical\" href=\"https:\/\/greenlink.technology\/pl\/produkt\/enwitec-skrzynka-przelacznikow-sieciowych-dla-systemu-fronius-wlochy-symo-gen24-plus-full-backup-20kw-3ph-230-400v-10014305\/\" \/>\n<meta property=\"og:locale\" content=\"pl_PL\" \/>\n<meta property=\"og:type\" content=\"article\" \/>\n<meta property=\"og:title\" content=\"ENWITEC SKRZYNKA PRZE\u0141\u0104CZNIK\u00d3W SIECIOWYCH DLA SYSTEMU FRONIUS W\u0141OCHY SYMO GEN24 PLUS \u201eFULL BACKUP\u201d - 20kW, 3PH 230\/400V \u2013 10014305 - greenLink orchestrating energy flows | enwitec electronic GmbH | LinQ Europe Sp. z o.o.\" \/>\n<meta property=\"og:description\" content=\"&nbsp;\" \/>\n<meta property=\"og:url\" content=\"https:\/\/greenlink.technology\/pl\/produkt\/enwitec-skrzynka-przelacznikow-sieciowych-dla-systemu-fronius-wlochy-symo-gen24-plus-full-backup-20kw-3ph-230-400v-10014305\/\" \/>\n<meta property=\"og:site_name\" content=\"greenLink orchestrating energy flows | enwitec electronic GmbH | LinQ Europe Sp. z o.o.\" \/>\n<meta property=\"article:modified_time\" content=\"2025-05-30T11:51:52+00:00\" \/>\n<meta property=\"og:image\" content=\"https:\/\/greenlink.technology\/wp-content\/uploads\/2025\/02\/10014305_front_offen.png\" \/>\n\t<meta property=\"og:image:width\" content=\"500\" \/>\n\t<meta property=\"og:image:height\" content=\"500\" \/>\n\t<meta property=\"og:image:type\" content=\"image\/png\" \/>\n<meta name=\"twitter:card\" content=\"summary_large_image\" \/>\n<script type=\"application\/ld+json\" class=\"yoast-schema-graph\">{\"@context\":\"https:\\\/\\\/schema.org\",\"@graph\":[{\"@type\":\"WebPage\",\"@id\":\"https:\\\/\\\/greenlink.technology\\\/pl\\\/produkt\\\/enwitec-skrzynka-przelacznikow-sieciowych-dla-systemu-fronius-wlochy-symo-gen24-plus-full-backup-20kw-3ph-230-400v-10014305\\\/\",\"url\":\"https:\\\/\\\/greenlink.technology\\\/pl\\\/produkt\\\/enwitec-skrzynka-przelacznikow-sieciowych-dla-systemu-fronius-wlochy-symo-gen24-plus-full-backup-20kw-3ph-230-400v-10014305\\\/\",\"name\":\"ENWITEC SKRZYNKA PRZE\u0141\u0104CZNIK\u00d3W SIECIOWYCH DLA SYSTEMU FRONIUS W\u0141OCHY SYMO GEN24 PLUS \u201eFULL BACKUP\u201d - 20kW, 3PH 230\\\/400V \u2013 10014305 - greenLink orchestrating energy flows | enwitec electronic GmbH | LinQ Europe Sp. z o.o.\",\"isPartOf\":{\"@id\":\"https:\\\/\\\/enwitec.eu\\\/en\\\/#website\"},\"primaryImageOfPage\":{\"@id\":\"https:\\\/\\\/greenlink.technology\\\/pl\\\/produkt\\\/enwitec-skrzynka-przelacznikow-sieciowych-dla-systemu-fronius-wlochy-symo-gen24-plus-full-backup-20kw-3ph-230-400v-10014305\\\/#primaryimage\"},\"image\":{\"@id\":\"https:\\\/\\\/greenlink.technology\\\/pl\\\/produkt\\\/enwitec-skrzynka-przelacznikow-sieciowych-dla-systemu-fronius-wlochy-symo-gen24-plus-full-backup-20kw-3ph-230-400v-10014305\\\/#primaryimage\"},\"thumbnailUrl\":\"https:\\\/\\\/greenlink.technology\\\/wp-content\\\/uploads\\\/2025\\\/02\\\/10014305_front_offen.png\",\"datePublished\":\"2024-04-25T08:03:16+00:00\",\"dateModified\":\"2025-05-30T11:51:52+00:00\",\"breadcrumb\":{\"@id\":\"https:\\\/\\\/greenlink.technology\\\/pl\\\/produkt\\\/enwitec-skrzynka-przelacznikow-sieciowych-dla-systemu-fronius-wlochy-symo-gen24-plus-full-backup-20kw-3ph-230-400v-10014305\\\/#breadcrumb\"},\"inLanguage\":\"pl-PL\",\"potentialAction\":[{\"@type\":\"ReadAction\",\"target\":[\"https:\\\/\\\/greenlink.technology\\\/pl\\\/produkt\\\/enwitec-skrzynka-przelacznikow-sieciowych-dla-systemu-fronius-wlochy-symo-gen24-plus-full-backup-20kw-3ph-230-400v-10014305\\\/\"]}]},{\"@type\":\"ImageObject\",\"inLanguage\":\"pl-PL\",\"@id\":\"https:\\\/\\\/greenlink.technology\\\/pl\\\/produkt\\\/enwitec-skrzynka-przelacznikow-sieciowych-dla-systemu-fronius-wlochy-symo-gen24-plus-full-backup-20kw-3ph-230-400v-10014305\\\/#primaryimage\",\"url\":\"https:\\\/\\\/greenlink.technology\\\/wp-content\\\/uploads\\\/2025\\\/02\\\/10014305_front_offen.png\",\"contentUrl\":\"https:\\\/\\\/greenlink.technology\\\/wp-content\\\/uploads\\\/2025\\\/02\\\/10014305_front_offen.png\",\"width\":500,\"height\":500},{\"@type\":\"BreadcrumbList\",\"@id\":\"https:\\\/\\\/greenlink.technology\\\/pl\\\/produkt\\\/enwitec-skrzynka-przelacznikow-sieciowych-dla-systemu-fronius-wlochy-symo-gen24-plus-full-backup-20kw-3ph-230-400v-10014305\\\/#breadcrumb\",\"itemListElement\":[{\"@type\":\"ListItem\",\"position\":1,\"name\":\"Startseite\",\"item\":\"https:\\\/\\\/greenlink.technology\\\/pl\\\/\"},{\"@type\":\"ListItem\",\"position\":2,\"name\":\"Produkty\",\"item\":\"https:\\\/\\\/greenlink.technology\\\/pl\\\/o-nas\\\/firma\\\/enwitec\\\/produkty\\\/\"},{\"@type\":\"ListItem\",\"position\":3,\"name\":\"ENWITEC SKRZYNKA PRZE\u0141\u0104CZNIK\u00d3W SIECIOWYCH DLA SYSTEMU FRONIUS W\u0141OCHY SYMO GEN24 PLUS \u201eFULL BACKUP\u201d &#8211; 20kW, 3PH 230\\\/400V \u2013 10014305\"}]},{\"@type\":\"WebSite\",\"@id\":\"https:\\\/\\\/enwitec.eu\\\/en\\\/#website\",\"url\":\"https:\\\/\\\/enwitec.eu\\\/en\\\/\",\"name\":\"greenLink orchestrating energy flows | enwitec electronic GmbH | LinQ Europe Sp. z o.o.\",\"description\":\"\",\"publisher\":{\"@id\":\"https:\\\/\\\/enwitec.eu\\\/en\\\/#organization\"},\"potentialAction\":[{\"@type\":\"SearchAction\",\"target\":{\"@type\":\"EntryPoint\",\"urlTemplate\":\"https:\\\/\\\/enwitec.eu\\\/en\\\/?s={search_term_string}\"},\"query-input\":{\"@type\":\"PropertyValueSpecification\",\"valueRequired\":true,\"valueName\":\"search_term_string\"}}],\"inLanguage\":\"pl-PL\"},{\"@type\":\"Organization\",\"@id\":\"https:\\\/\\\/enwitec.eu\\\/en\\\/#organization\",\"name\":\"greenLink orkiestruj\u0105cy przep\u0142ywy energii | enwitec electronic GmbH | LinQ Europe Sp. z o.o.\",\"url\":\"https:\\\/\\\/enwitec.eu\\\/en\\\/\",\"logo\":{\"@type\":\"ImageObject\",\"inLanguage\":\"pl-PL\",\"@id\":\"https:\\\/\\\/enwitec.eu\\\/en\\\/#\\\/schema\\\/logo\\\/image\\\/\",\"url\":\"https:\\\/\\\/greenlink.technology\\\/wp-content\\\/uploads\\\/2025\\\/01\\\/greenlink-logo-final.png\",\"contentUrl\":\"https:\\\/\\\/greenlink.technology\\\/wp-content\\\/uploads\\\/2025\\\/01\\\/greenlink-logo-final.png\",\"width\":2586,\"height\":629,\"caption\":\"greenLink orkiestruj\u0105cy przep\u0142ywy energii | enwitec electronic GmbH | LinQ Europe Sp. z o.o. \"},\"image\":{\"@id\":\"https:\\\/\\\/enwitec.eu\\\/en\\\/#\\\/schema\\\/logo\\\/image\\\/\"}}]}<\/script>\n<!-- \/ Yoast SEO plugin. -->","yoast_head_json":{"title":"ENWITEC SKRZYNKA PRZE\u0141\u0104CZNIK\u00d3W SIECIOWYCH DLA SYSTEMU FRONIUS W\u0141OCHY SYMO GEN24 PLUS \u201eFULL BACKUP\u201d - 20kW, 3PH 230\/400V \u2013 10014305 - greenLink orchestrating energy flows | enwitec electronic GmbH | LinQ Europe Sp. z o.o.","robots":{"index":"index","follow":"follow","max-snippet":"max-snippet:-1","max-image-preview":"max-image-preview:large","max-video-preview":"max-video-preview:-1"},"canonical":"https:\/\/greenlink.technology\/pl\/produkt\/enwitec-skrzynka-przelacznikow-sieciowych-dla-systemu-fronius-wlochy-symo-gen24-plus-full-backup-20kw-3ph-230-400v-10014305\/","og_locale":"pl_PL","og_type":"article","og_title":"ENWITEC SKRZYNKA PRZE\u0141\u0104CZNIK\u00d3W SIECIOWYCH DLA SYSTEMU FRONIUS W\u0141OCHY SYMO GEN24 PLUS \u201eFULL BACKUP\u201d - 20kW, 3PH 230\/400V \u2013 10014305 - greenLink orchestrating energy flows | enwitec electronic GmbH | LinQ Europe Sp. z o.o.","og_description":"&nbsp;","og_url":"https:\/\/greenlink.technology\/pl\/produkt\/enwitec-skrzynka-przelacznikow-sieciowych-dla-systemu-fronius-wlochy-symo-gen24-plus-full-backup-20kw-3ph-230-400v-10014305\/","og_site_name":"greenLink orchestrating energy flows | enwitec electronic GmbH | LinQ Europe Sp. z o.o.","article_modified_time":"2025-05-30T11:51:52+00:00","og_image":[{"width":500,"height":500,"url":"https:\/\/greenlink.technology\/wp-content\/uploads\/2025\/02\/10014305_front_offen.png","type":"image\/png"}],"twitter_card":"summary_large_image","schema":{"@context":"https:\/\/schema.org","@graph":[{"@type":"WebPage","@id":"https:\/\/greenlink.technology\/pl\/produkt\/enwitec-skrzynka-przelacznikow-sieciowych-dla-systemu-fronius-wlochy-symo-gen24-plus-full-backup-20kw-3ph-230-400v-10014305\/","url":"https:\/\/greenlink.technology\/pl\/produkt\/enwitec-skrzynka-przelacznikow-sieciowych-dla-systemu-fronius-wlochy-symo-gen24-plus-full-backup-20kw-3ph-230-400v-10014305\/","name":"ENWITEC SKRZYNKA PRZE\u0141\u0104CZNIK\u00d3W SIECIOWYCH DLA SYSTEMU FRONIUS W\u0141OCHY SYMO GEN24 PLUS \u201eFULL BACKUP\u201d - 20kW, 3PH 230\/400V \u2013 10014305 - greenLink orchestrating energy flows | enwitec electronic GmbH | LinQ Europe Sp. z o.o.","isPartOf":{"@id":"https:\/\/enwitec.eu\/en\/#website"},"primaryImageOfPage":{"@id":"https:\/\/greenlink.technology\/pl\/produkt\/enwitec-skrzynka-przelacznikow-sieciowych-dla-systemu-fronius-wlochy-symo-gen24-plus-full-backup-20kw-3ph-230-400v-10014305\/#primaryimage"},"image":{"@id":"https:\/\/greenlink.technology\/pl\/produkt\/enwitec-skrzynka-przelacznikow-sieciowych-dla-systemu-fronius-wlochy-symo-gen24-plus-full-backup-20kw-3ph-230-400v-10014305\/#primaryimage"},"thumbnailUrl":"https:\/\/greenlink.technology\/wp-content\/uploads\/2025\/02\/10014305_front_offen.png","datePublished":"2024-04-25T08:03:16+00:00","dateModified":"2025-05-30T11:51:52+00:00","breadcrumb":{"@id":"https:\/\/greenlink.technology\/pl\/produkt\/enwitec-skrzynka-przelacznikow-sieciowych-dla-systemu-fronius-wlochy-symo-gen24-plus-full-backup-20kw-3ph-230-400v-10014305\/#breadcrumb"},"inLanguage":"pl-PL","potentialAction":[{"@type":"ReadAction","target":["https:\/\/greenlink.technology\/pl\/produkt\/enwitec-skrzynka-przelacznikow-sieciowych-dla-systemu-fronius-wlochy-symo-gen24-plus-full-backup-20kw-3ph-230-400v-10014305\/"]}]},{"@type":"ImageObject","inLanguage":"pl-PL","@id":"https:\/\/greenlink.technology\/pl\/produkt\/enwitec-skrzynka-przelacznikow-sieciowych-dla-systemu-fronius-wlochy-symo-gen24-plus-full-backup-20kw-3ph-230-400v-10014305\/#primaryimage","url":"https:\/\/greenlink.technology\/wp-content\/uploads\/2025\/02\/10014305_front_offen.png","contentUrl":"https:\/\/greenlink.technology\/wp-content\/uploads\/2025\/02\/10014305_front_offen.png","width":500,"height":500},{"@type":"BreadcrumbList","@id":"https:\/\/greenlink.technology\/pl\/produkt\/enwitec-skrzynka-przelacznikow-sieciowych-dla-systemu-fronius-wlochy-symo-gen24-plus-full-backup-20kw-3ph-230-400v-10014305\/#breadcrumb","itemListElement":[{"@type":"ListItem","position":1,"name":"Startseite","item":"https:\/\/greenlink.technology\/pl\/"},{"@type":"ListItem","position":2,"name":"Produkty","item":"https:\/\/greenlink.technology\/pl\/o-nas\/firma\/enwitec\/produkty\/"},{"@type":"ListItem","position":3,"name":"ENWITEC SKRZYNKA PRZE\u0141\u0104CZNIK\u00d3W SIECIOWYCH DLA SYSTEMU FRONIUS W\u0141OCHY SYMO GEN24 PLUS \u201eFULL BACKUP\u201d &#8211; 20kW, 3PH 230\/400V \u2013 10014305"}]},{"@type":"WebSite","@id":"https:\/\/enwitec.eu\/en\/#website","url":"https:\/\/enwitec.eu\/en\/","name":"greenLink orchestrating energy flows | enwitec electronic GmbH | LinQ Europe Sp. z o.o.","description":"","publisher":{"@id":"https:\/\/enwitec.eu\/en\/#organization"},"potentialAction":[{"@type":"SearchAction","target":{"@type":"EntryPoint","urlTemplate":"https:\/\/enwitec.eu\/en\/?s={search_term_string}"},"query-input":{"@type":"PropertyValueSpecification","valueRequired":true,"valueName":"search_term_string"}}],"inLanguage":"pl-PL"},{"@type":"Organization","@id":"https:\/\/enwitec.eu\/en\/#organization","name":"greenLink orkiestruj\u0105cy przep\u0142ywy energii | enwitec electronic GmbH | LinQ Europe Sp. z o.o.","url":"https:\/\/enwitec.eu\/en\/","logo":{"@type":"ImageObject","inLanguage":"pl-PL","@id":"https:\/\/enwitec.eu\/en\/#\/schema\/logo\/image\/","url":"https:\/\/greenlink.technology\/wp-content\/uploads\/2025\/01\/greenlink-logo-final.png","contentUrl":"https:\/\/greenlink.technology\/wp-content\/uploads\/2025\/01\/greenlink-logo-final.png","width":2586,"height":629,"caption":"greenLink orkiestruj\u0105cy przep\u0142ywy energii | enwitec electronic GmbH | LinQ Europe Sp. z o.o. "},"image":{"@id":"https:\/\/enwitec.eu\/en\/#\/schema\/logo\/image\/"}}]}},"_links":{"self":[{"href":"https:\/\/greenlink.technology\/pl\/wp-json\/wp\/v2\/product\/10688","targetHints":{"allow":["GET"]}}],"collection":[{"href":"https:\/\/greenlink.technology\/pl\/wp-json\/wp\/v2\/product"}],"about":[{"href":"https:\/\/greenlink.technology\/pl\/wp-json\/wp\/v2\/types\/product"}],"replies":[{"embeddable":true,"href":"https:\/\/greenlink.technology\/pl\/wp-json\/wp\/v2\/comments?post=10688"}],"wp:featuredmedia":[{"embeddable":true,"href":"https:\/\/greenlink.technology\/pl\/wp-json\/wp\/v2\/media\/10689"}],"wp:attachment":[{"href":"https:\/\/greenlink.technology\/pl\/wp-json\/wp\/v2\/media?parent=10688"}],"wp:term":[{"taxonomy":"anwendung","embeddable":true,"href":"https:\/\/greenlink.technology\/pl\/wp-json\/wp\/v2\/anwendung?post=10688"},{"taxonomy":"product_brand","embeddable":true,"href":"https:\/\/greenlink.technology\/pl\/wp-json\/wp\/v2\/product_brand?post=10688"},{"taxonomy":"product_cat","embeddable":true,"href":"https:\/\/greenlink.technology\/pl\/wp-json\/wp\/v2\/product_cat?post=10688"},{"taxonomy":"product_tag","embeddable":true,"href":"https:\/\/greenlink.technology\/pl\/wp-json\/wp\/v2\/product_tag?post=10688"}],"curies":[{"name":"wp","href":"https:\/\/api.w.org\/{rel}","templated":true}]}}