{"id":10642,"date":"2024-04-25T10:32:32","date_gmt":"2024-04-25T08:32:32","guid":{"rendered":"https:\/\/greenlink.technology\/produkt\/enwitec-przelacznik-sieciowy-dla-systemu-fronius-wlochy-primo-gen24-plus-full-backup-12-kw-1-fazowy-230v-10014304\/"},"modified":"2024-04-25T10:32:32","modified_gmt":"2024-04-25T08:32:32","slug":"enwitec-przelacznik-sieciowy-dla-systemu-fronius-wlochy-primo-gen24-plus-full-backup-12-kw-1-fazowy-230v-10014304","status":"publish","type":"product","link":"https:\/\/greenlink.technology\/pl\/produkt\/enwitec-przelacznik-sieciowy-dla-systemu-fronius-wlochy-primo-gen24-plus-full-backup-12-kw-1-fazowy-230v-10014304\/","title":{"rendered":"enwitec Prze\u0142\u0105cznik sieciowy dla systemu Fronius W\u0142ochy Primo GEN24 Plus \u201eFull Backup\u201d \u2013 12 kW, 1-fazowy 230V \u2013 10014304"},"content":{"rendered":"<div class=\"system-stammdaten\">\n<h2><\/h2>\n<p>&nbsp;<\/p>\n<\/div>\n","protected":false},"excerpt":{"rendered":"<p>&nbsp;<\/p>\n","protected":false},"featured_media":10643,"comment_status":"closed","ping_status":"closed","template":"","meta":{"_acf_changed":false},"anwendung":[],"product_brand":[264],"product_cat":[367],"product_tag":[839,442,389,388,390],"class_list":{"0":"post-10642","1":"product","2":"type-product","3":"status-publish","4":"has-post-thumbnail","6":"product_brand-enwitec","7":"product_cat-skrzynki-przelacznikow-sieciowych","8":"product_tag-10014304-pl","9":"product_tag-fronius-symo-gen24-pl","10":"product_tag-on-grid-pl","11":"product_tag-urzadzenia-przelaczajace-zasilanie","12":"product_tag-urzadzenie-przelaczajace","13":"pa_laenderfreigabe-it-pl","14":"pa_max-durchgangsleistung-0-30-kw-pl","15":"pa_nf-a-netzanschlusspunkt-tn-c-pl","16":"pa_nf-a-netzanschlusspunkt-tn-s-pl","17":"pa_nf-a-netzanschlusspunkt-tt-pl","18":"pa_nf-i-d-verbraucheranlage-tn-s-pl","19":"pa_nf-i-d-verbraucheranlage-tt-pl","20":"pa_umschaltung-automatyczny","21":"pa_wechselrichter-fronius-gen24-plus-pl","23":"first","24":"instock","25":"shipping-taxable","26":"product-type-simple"},"acf":{"product_informations":"<strong>Prze\u0142\u0105cznik sieciowy 1AC 230V 50Hz\n<\/strong>\u2013 Maksymalna bezpieczno\u015b\u0107 po\u0142\u0105czenia: 63A\n\u2013 Roz\u0142\u0105czenie wielobiegunowe \u2013 sie\u0107 TN-S\/TT\n\u2013 UWAGA: BRAK sieci TN-C w instalacji klienta! \n\n<strong>Pasuje do\n<\/strong>FRONIUS \u2013 Primo GEN24 PLUS (3.0\/3.6\/4.0\/4.6\/5.0\/6.0)\n\nDost\u0119pno\u015b\u0107 krajowa: W\u0142ochy\n\n\u2013 w zestawie Fronius SMART METER z transformatorem pr\u0105dowym \n\nAby uzyska\u0107 wi\u0119cej informacji technicznych, prosz\u0119 pobra\u0107 dokumentacj\u0119.\n\n<strong>Uwagi<\/strong> \nKod produktu: 1PH_FRO_BBDAP_12KW_1PH_1.1_IT","technical_data":"<div class=\"stammdaten-col\">\n<div class=\"line\">\n<div class=\"stammdaten-col\">\n<div class=\"line\">\n<p class=\"system-stammdaten-left\">Numer artyku\u0142u: 10014304\n<span style=\"font-size: inherit;\">Kompatybilny z:<\/span> <span style=\"font-size: inherit;\">Fronius\n<\/span><span style=\"font-size: inherit;\">Fazy: <\/span><span style=\"font-size: inherit;\">Jednofazowy\n<\/span><span style=\"font-size: inherit;\">Roz\u0142\u0105czenie sieci:<\/span><span style=\"font-size: inherit;\">Wielobiegunowe<\/span><span style=\"font-size: inherit;\">\n<\/span><span style=\"font-size: inherit;\">Maksymalna moc przej\u015bciowa: 12 <\/span><span style=\"font-size: inherit;\"> kW\n<\/span><span style=\"font-size: inherit;\">Kod kraju:<\/span> <span style=\"font-size: inherit;\">W\u0142ochy\n<\/span><span style=\"font-size: inherit;\">Ochrona przed pr\u0105dem resztkowym:<\/span><span style=\"font-size: inherit;\"> Brak\n<\/span><span style=\"font-size: inherit;\">Prze\u0142\u0105cznik \u017ar\u00f3d\u0142a: <\/span><span style=\"font-size: inherit;\">Brak\n<\/span><span style=\"font-size: inherit;\">Napi\u0119cie znamionowe:<\/span><span style=\"font-size: inherit;\"> 230V\n<\/span><span style=\"font-size: inherit;\">Cz\u0119stotliwo\u015b\u0107 znamionowa:<\/span> <span style=\"font-size: inherit;\">50\/60 Hz<\/span><span style=\"font-size: inherit;\">Pr\u0105d zwarciowy: <\/span><span style=\"font-size: inherit;\">10 kA\n<\/span><span style=\"font-size: inherit;\">Ochrona przed przepi\u0119ciem:<\/span> <span style=\"font-size: inherit;\">63 A<\/span><span style=\"font-size: inherit;\">Zakres temperatury roboczej: -5\u00b0C do +40\u00b0C<\/span><span style=\"font-size: inherit;\">\n<\/span><span style=\"font-size: inherit;\">Wilgotno\u015b\u0107: 5% do 95%\n<\/span><span style=\"font-size: inherit;\">Klasa ochrony: II<\/span><span style=\"font-size: inherit;\">\n<\/span><span style=\"font-size: inherit;\">Wymiary (SxWxG): 448x622x161 mm<\/span><span style=\"font-size: inherit;\">\n<\/span><span style=\"font-size: inherit;\">Waga: <\/span><span style=\"font-size: inherit;\">13,5 kg\n<\/span><span style=\"font-size: inherit;\">Obudowa: Poliw\u0119glan<\/span><span style=\"font-size: inherit;\">\n<\/span><\/p>\n\n<\/div>\n<\/div>\n<\/div>\n<\/div>","download":"<a href=\"https:\/\/greenlink.technology\/wp-content\/uploads\/2025\/04\/10014304_Datenblatt_1PH_FRO_BBDAP_12KW_1PH_1.1_IT_2024_05_24.pdf\" target=\"_blank\" rel=\"noopener\">Datenblatt DE<\/a>\n<a href=\"https:\/\/greenlink.technology\/wp-content\/uploads\/2025\/04\/10014304_scheda-tecnica_1PH_FRO_BBDAP_12KW_1PH_1.1_IT_2024_05_24.pdf\" target=\"_blank\" rel=\"noopener\">Scheda tecnica<\/a>\n<a href=\"https:\/\/greenlink.technology\/wp-content\/uploads\/2025\/04\/2023_07_25_Auswahlhilfe-Fronius-Netzumschaltboxen_IT-2.pdf\" target=\"_blank\" rel=\"noopener\">Auswahlhilfen IT<\/a>\n<a href=\"https:\/\/greenlink.technology\/wp-content\/uploads\/2025\/04\/Allg_Installationsanleitung_10017760_Fronius-Netzumschaltboxen-DACH_V1.0_DE_2024_05_31-1-1.pdf\" target=\"_blank\" rel=\"noopener\">Installationsanleitung<\/a>","product_short_description":"<strong>Inwerter: <\/strong>Fronius PRIMO GEN24 Plus\n<strong>Zezwolenie na kraj:<\/strong> W\u0142ochy\n<strong>maks. przepustowo\u015b\u0107 cieplna: <\/strong> <span style=\"font-size: inherit;\">12 kW<\/span>\n<strong>Prze\u0142\u0105czanie:<\/strong> automatyczne\n<strong>Typ sieci w punkcie przy\u0142\u0105czenia:<\/strong> TT, TN-S, TN-C\n<strong>Typ sieci w instalacji odbiorczej:<\/strong> TT, TN-S","photo_gallery":{"galerie_produkte":[[]]}},"yoast_head":"<!-- This site is optimized with the Yoast SEO plugin v27.3 - https:\/\/yoast.com\/product\/yoast-seo-wordpress\/ -->\n<title>enwitec Prze\u0142\u0105cznik sieciowy dla systemu Fronius W\u0142ochy Primo GEN24 Plus \u201eFull Backup\u201d \u2013 12 kW, 1-fazowy 230V \u2013 10014304 - greenLink orchestrating energy flows | enwitec electronic GmbH | LinQ Europe Sp. z o.o.<\/title>\n<meta name=\"robots\" content=\"index, follow, max-snippet:-1, max-image-preview:large, max-video-preview:-1\" \/>\n<link rel=\"canonical\" href=\"https:\/\/greenlink.technology\/pl\/produkt\/enwitec-przelacznik-sieciowy-dla-systemu-fronius-wlochy-primo-gen24-plus-full-backup-12-kw-1-fazowy-230v-10014304\/\" \/>\n<meta property=\"og:locale\" content=\"pl_PL\" \/>\n<meta property=\"og:type\" content=\"article\" \/>\n<meta property=\"og:title\" content=\"enwitec Prze\u0142\u0105cznik sieciowy dla systemu Fronius W\u0142ochy Primo GEN24 Plus \u201eFull Backup\u201d \u2013 12 kW, 1-fazowy 230V \u2013 10014304 - greenLink orchestrating energy flows | enwitec electronic GmbH | LinQ Europe Sp. z o.o.\" \/>\n<meta property=\"og:description\" content=\"&nbsp;\" \/>\n<meta property=\"og:url\" content=\"https:\/\/greenlink.technology\/pl\/produkt\/enwitec-przelacznik-sieciowy-dla-systemu-fronius-wlochy-primo-gen24-plus-full-backup-12-kw-1-fazowy-230v-10014304\/\" \/>\n<meta property=\"og:site_name\" content=\"greenLink orchestrating energy flows | enwitec electronic GmbH | LinQ Europe Sp. z o.o.\" \/>\n<meta property=\"og:image\" content=\"https:\/\/greenlink.technology\/wp-content\/uploads\/2025\/02\/10014304_front_offen-2.png\" \/>\n\t<meta property=\"og:image:width\" content=\"500\" \/>\n\t<meta property=\"og:image:height\" content=\"500\" \/>\n\t<meta property=\"og:image:type\" content=\"image\/png\" \/>\n<meta name=\"twitter:card\" content=\"summary_large_image\" \/>\n<script type=\"application\/ld+json\" class=\"yoast-schema-graph\">{\"@context\":\"https:\\\/\\\/schema.org\",\"@graph\":[{\"@type\":\"WebPage\",\"@id\":\"https:\\\/\\\/greenlink.technology\\\/pl\\\/produkt\\\/enwitec-przelacznik-sieciowy-dla-systemu-fronius-wlochy-primo-gen24-plus-full-backup-12-kw-1-fazowy-230v-10014304\\\/\",\"url\":\"https:\\\/\\\/greenlink.technology\\\/pl\\\/produkt\\\/enwitec-przelacznik-sieciowy-dla-systemu-fronius-wlochy-primo-gen24-plus-full-backup-12-kw-1-fazowy-230v-10014304\\\/\",\"name\":\"enwitec Prze\u0142\u0105cznik sieciowy dla systemu Fronius W\u0142ochy Primo GEN24 Plus \u201eFull Backup\u201d \u2013 12 kW, 1-fazowy 230V \u2013 10014304 - greenLink orchestrating energy flows | enwitec electronic GmbH | LinQ Europe Sp. z o.o.\",\"isPartOf\":{\"@id\":\"https:\\\/\\\/enwitec.eu\\\/en\\\/#website\"},\"primaryImageOfPage\":{\"@id\":\"https:\\\/\\\/greenlink.technology\\\/pl\\\/produkt\\\/enwitec-przelacznik-sieciowy-dla-systemu-fronius-wlochy-primo-gen24-plus-full-backup-12-kw-1-fazowy-230v-10014304\\\/#primaryimage\"},\"image\":{\"@id\":\"https:\\\/\\\/greenlink.technology\\\/pl\\\/produkt\\\/enwitec-przelacznik-sieciowy-dla-systemu-fronius-wlochy-primo-gen24-plus-full-backup-12-kw-1-fazowy-230v-10014304\\\/#primaryimage\"},\"thumbnailUrl\":\"https:\\\/\\\/greenlink.technology\\\/wp-content\\\/uploads\\\/2025\\\/02\\\/10014304_front_offen-2.png\",\"datePublished\":\"2024-04-25T08:32:32+00:00\",\"breadcrumb\":{\"@id\":\"https:\\\/\\\/greenlink.technology\\\/pl\\\/produkt\\\/enwitec-przelacznik-sieciowy-dla-systemu-fronius-wlochy-primo-gen24-plus-full-backup-12-kw-1-fazowy-230v-10014304\\\/#breadcrumb\"},\"inLanguage\":\"pl-PL\",\"potentialAction\":[{\"@type\":\"ReadAction\",\"target\":[\"https:\\\/\\\/greenlink.technology\\\/pl\\\/produkt\\\/enwitec-przelacznik-sieciowy-dla-systemu-fronius-wlochy-primo-gen24-plus-full-backup-12-kw-1-fazowy-230v-10014304\\\/\"]}]},{\"@type\":\"ImageObject\",\"inLanguage\":\"pl-PL\",\"@id\":\"https:\\\/\\\/greenlink.technology\\\/pl\\\/produkt\\\/enwitec-przelacznik-sieciowy-dla-systemu-fronius-wlochy-primo-gen24-plus-full-backup-12-kw-1-fazowy-230v-10014304\\\/#primaryimage\",\"url\":\"https:\\\/\\\/greenlink.technology\\\/wp-content\\\/uploads\\\/2025\\\/02\\\/10014304_front_offen-2.png\",\"contentUrl\":\"https:\\\/\\\/greenlink.technology\\\/wp-content\\\/uploads\\\/2025\\\/02\\\/10014304_front_offen-2.png\",\"width\":500,\"height\":500},{\"@type\":\"BreadcrumbList\",\"@id\":\"https:\\\/\\\/greenlink.technology\\\/pl\\\/produkt\\\/enwitec-przelacznik-sieciowy-dla-systemu-fronius-wlochy-primo-gen24-plus-full-backup-12-kw-1-fazowy-230v-10014304\\\/#breadcrumb\",\"itemListElement\":[{\"@type\":\"ListItem\",\"position\":1,\"name\":\"Startseite\",\"item\":\"https:\\\/\\\/greenlink.technology\\\/pl\\\/\"},{\"@type\":\"ListItem\",\"position\":2,\"name\":\"Produkty\",\"item\":\"https:\\\/\\\/greenlink.technology\\\/pl\\\/o-nas\\\/firma\\\/enwitec\\\/produkty\\\/\"},{\"@type\":\"ListItem\",\"position\":3,\"name\":\"enwitec Prze\u0142\u0105cznik sieciowy dla systemu Fronius W\u0142ochy Primo GEN24 Plus \u201eFull Backup\u201d \u2013 12 kW, 1-fazowy 230V \u2013 10014304\"}]},{\"@type\":\"WebSite\",\"@id\":\"https:\\\/\\\/enwitec.eu\\\/en\\\/#website\",\"url\":\"https:\\\/\\\/enwitec.eu\\\/en\\\/\",\"name\":\"greenLink orchestrating energy flows | enwitec electronic GmbH | LinQ Europe Sp. z o.o.\",\"description\":\"\",\"publisher\":{\"@id\":\"https:\\\/\\\/enwitec.eu\\\/en\\\/#organization\"},\"potentialAction\":[{\"@type\":\"SearchAction\",\"target\":{\"@type\":\"EntryPoint\",\"urlTemplate\":\"https:\\\/\\\/enwitec.eu\\\/en\\\/?s={search_term_string}\"},\"query-input\":{\"@type\":\"PropertyValueSpecification\",\"valueRequired\":true,\"valueName\":\"search_term_string\"}}],\"inLanguage\":\"pl-PL\"},{\"@type\":\"Organization\",\"@id\":\"https:\\\/\\\/enwitec.eu\\\/en\\\/#organization\",\"name\":\"greenLink orkiestruj\u0105cy przep\u0142ywy energii | enwitec electronic GmbH | LinQ Europe Sp. z o.o.\",\"url\":\"https:\\\/\\\/enwitec.eu\\\/en\\\/\",\"logo\":{\"@type\":\"ImageObject\",\"inLanguage\":\"pl-PL\",\"@id\":\"https:\\\/\\\/enwitec.eu\\\/en\\\/#\\\/schema\\\/logo\\\/image\\\/\",\"url\":\"https:\\\/\\\/greenlink.technology\\\/wp-content\\\/uploads\\\/2025\\\/01\\\/greenlink-logo-final.png\",\"contentUrl\":\"https:\\\/\\\/greenlink.technology\\\/wp-content\\\/uploads\\\/2025\\\/01\\\/greenlink-logo-final.png\",\"width\":2586,\"height\":629,\"caption\":\"greenLink orkiestruj\u0105cy przep\u0142ywy energii | enwitec electronic GmbH | LinQ Europe Sp. z o.o. \"},\"image\":{\"@id\":\"https:\\\/\\\/enwitec.eu\\\/en\\\/#\\\/schema\\\/logo\\\/image\\\/\"}}]}<\/script>\n<!-- \/ Yoast SEO plugin. -->","yoast_head_json":{"title":"enwitec Prze\u0142\u0105cznik sieciowy dla systemu Fronius W\u0142ochy Primo GEN24 Plus \u201eFull Backup\u201d \u2013 12 kW, 1-fazowy 230V \u2013 10014304 - greenLink orchestrating energy flows | enwitec electronic GmbH | LinQ Europe Sp. z o.o.","robots":{"index":"index","follow":"follow","max-snippet":"max-snippet:-1","max-image-preview":"max-image-preview:large","max-video-preview":"max-video-preview:-1"},"canonical":"https:\/\/greenlink.technology\/pl\/produkt\/enwitec-przelacznik-sieciowy-dla-systemu-fronius-wlochy-primo-gen24-plus-full-backup-12-kw-1-fazowy-230v-10014304\/","og_locale":"pl_PL","og_type":"article","og_title":"enwitec Prze\u0142\u0105cznik sieciowy dla systemu Fronius W\u0142ochy Primo GEN24 Plus \u201eFull Backup\u201d \u2013 12 kW, 1-fazowy 230V \u2013 10014304 - greenLink orchestrating energy flows | enwitec electronic GmbH | LinQ Europe Sp. z o.o.","og_description":"&nbsp;","og_url":"https:\/\/greenlink.technology\/pl\/produkt\/enwitec-przelacznik-sieciowy-dla-systemu-fronius-wlochy-primo-gen24-plus-full-backup-12-kw-1-fazowy-230v-10014304\/","og_site_name":"greenLink orchestrating energy flows | enwitec electronic GmbH | LinQ Europe Sp. z o.o.","og_image":[{"width":500,"height":500,"url":"https:\/\/greenlink.technology\/wp-content\/uploads\/2025\/02\/10014304_front_offen-2.png","type":"image\/png"}],"twitter_card":"summary_large_image","schema":{"@context":"https:\/\/schema.org","@graph":[{"@type":"WebPage","@id":"https:\/\/greenlink.technology\/pl\/produkt\/enwitec-przelacznik-sieciowy-dla-systemu-fronius-wlochy-primo-gen24-plus-full-backup-12-kw-1-fazowy-230v-10014304\/","url":"https:\/\/greenlink.technology\/pl\/produkt\/enwitec-przelacznik-sieciowy-dla-systemu-fronius-wlochy-primo-gen24-plus-full-backup-12-kw-1-fazowy-230v-10014304\/","name":"enwitec Prze\u0142\u0105cznik sieciowy dla systemu Fronius W\u0142ochy Primo GEN24 Plus \u201eFull Backup\u201d \u2013 12 kW, 1-fazowy 230V \u2013 10014304 - greenLink orchestrating energy flows | enwitec electronic GmbH | LinQ Europe Sp. z o.o.","isPartOf":{"@id":"https:\/\/enwitec.eu\/en\/#website"},"primaryImageOfPage":{"@id":"https:\/\/greenlink.technology\/pl\/produkt\/enwitec-przelacznik-sieciowy-dla-systemu-fronius-wlochy-primo-gen24-plus-full-backup-12-kw-1-fazowy-230v-10014304\/#primaryimage"},"image":{"@id":"https:\/\/greenlink.technology\/pl\/produkt\/enwitec-przelacznik-sieciowy-dla-systemu-fronius-wlochy-primo-gen24-plus-full-backup-12-kw-1-fazowy-230v-10014304\/#primaryimage"},"thumbnailUrl":"https:\/\/greenlink.technology\/wp-content\/uploads\/2025\/02\/10014304_front_offen-2.png","datePublished":"2024-04-25T08:32:32+00:00","breadcrumb":{"@id":"https:\/\/greenlink.technology\/pl\/produkt\/enwitec-przelacznik-sieciowy-dla-systemu-fronius-wlochy-primo-gen24-plus-full-backup-12-kw-1-fazowy-230v-10014304\/#breadcrumb"},"inLanguage":"pl-PL","potentialAction":[{"@type":"ReadAction","target":["https:\/\/greenlink.technology\/pl\/produkt\/enwitec-przelacznik-sieciowy-dla-systemu-fronius-wlochy-primo-gen24-plus-full-backup-12-kw-1-fazowy-230v-10014304\/"]}]},{"@type":"ImageObject","inLanguage":"pl-PL","@id":"https:\/\/greenlink.technology\/pl\/produkt\/enwitec-przelacznik-sieciowy-dla-systemu-fronius-wlochy-primo-gen24-plus-full-backup-12-kw-1-fazowy-230v-10014304\/#primaryimage","url":"https:\/\/greenlink.technology\/wp-content\/uploads\/2025\/02\/10014304_front_offen-2.png","contentUrl":"https:\/\/greenlink.technology\/wp-content\/uploads\/2025\/02\/10014304_front_offen-2.png","width":500,"height":500},{"@type":"BreadcrumbList","@id":"https:\/\/greenlink.technology\/pl\/produkt\/enwitec-przelacznik-sieciowy-dla-systemu-fronius-wlochy-primo-gen24-plus-full-backup-12-kw-1-fazowy-230v-10014304\/#breadcrumb","itemListElement":[{"@type":"ListItem","position":1,"name":"Startseite","item":"https:\/\/greenlink.technology\/pl\/"},{"@type":"ListItem","position":2,"name":"Produkty","item":"https:\/\/greenlink.technology\/pl\/o-nas\/firma\/enwitec\/produkty\/"},{"@type":"ListItem","position":3,"name":"enwitec Prze\u0142\u0105cznik sieciowy dla systemu Fronius W\u0142ochy Primo GEN24 Plus \u201eFull Backup\u201d \u2013 12 kW, 1-fazowy 230V \u2013 10014304"}]},{"@type":"WebSite","@id":"https:\/\/enwitec.eu\/en\/#website","url":"https:\/\/enwitec.eu\/en\/","name":"greenLink orchestrating energy flows | enwitec electronic GmbH | LinQ Europe Sp. z o.o.","description":"","publisher":{"@id":"https:\/\/enwitec.eu\/en\/#organization"},"potentialAction":[{"@type":"SearchAction","target":{"@type":"EntryPoint","urlTemplate":"https:\/\/enwitec.eu\/en\/?s={search_term_string}"},"query-input":{"@type":"PropertyValueSpecification","valueRequired":true,"valueName":"search_term_string"}}],"inLanguage":"pl-PL"},{"@type":"Organization","@id":"https:\/\/enwitec.eu\/en\/#organization","name":"greenLink orkiestruj\u0105cy przep\u0142ywy energii | enwitec electronic GmbH | LinQ Europe Sp. z o.o.","url":"https:\/\/enwitec.eu\/en\/","logo":{"@type":"ImageObject","inLanguage":"pl-PL","@id":"https:\/\/enwitec.eu\/en\/#\/schema\/logo\/image\/","url":"https:\/\/greenlink.technology\/wp-content\/uploads\/2025\/01\/greenlink-logo-final.png","contentUrl":"https:\/\/greenlink.technology\/wp-content\/uploads\/2025\/01\/greenlink-logo-final.png","width":2586,"height":629,"caption":"greenLink orkiestruj\u0105cy przep\u0142ywy energii | enwitec electronic GmbH | LinQ Europe Sp. z o.o. "},"image":{"@id":"https:\/\/enwitec.eu\/en\/#\/schema\/logo\/image\/"}}]}},"_links":{"self":[{"href":"https:\/\/greenlink.technology\/pl\/wp-json\/wp\/v2\/product\/10642","targetHints":{"allow":["GET"]}}],"collection":[{"href":"https:\/\/greenlink.technology\/pl\/wp-json\/wp\/v2\/product"}],"about":[{"href":"https:\/\/greenlink.technology\/pl\/wp-json\/wp\/v2\/types\/product"}],"replies":[{"embeddable":true,"href":"https:\/\/greenlink.technology\/pl\/wp-json\/wp\/v2\/comments?post=10642"}],"wp:featuredmedia":[{"embeddable":true,"href":"https:\/\/greenlink.technology\/pl\/wp-json\/wp\/v2\/media\/10643"}],"wp:attachment":[{"href":"https:\/\/greenlink.technology\/pl\/wp-json\/wp\/v2\/media?parent=10642"}],"wp:term":[{"taxonomy":"anwendung","embeddable":true,"href":"https:\/\/greenlink.technology\/pl\/wp-json\/wp\/v2\/anwendung?post=10642"},{"taxonomy":"product_brand","embeddable":true,"href":"https:\/\/greenlink.technology\/pl\/wp-json\/wp\/v2\/product_brand?post=10642"},{"taxonomy":"product_cat","embeddable":true,"href":"https:\/\/greenlink.technology\/pl\/wp-json\/wp\/v2\/product_cat?post=10642"},{"taxonomy":"product_tag","embeddable":true,"href":"https:\/\/greenlink.technology\/pl\/wp-json\/wp\/v2\/product_tag?post=10642"}],"curies":[{"name":"wp","href":"https:\/\/api.w.org\/{rel}","templated":true}]}}