{"id":9348,"date":"2025-04-23T08:18:16","date_gmt":"2025-04-23T06:18:16","guid":{"rendered":"https:\/\/greenlink.technology\/o-nas\/firma\/enwitec\/ustawa-o-ochronie-sygnalistow\/"},"modified":"2025-06-12T08:03:43","modified_gmt":"2025-06-12T06:03:43","slug":"ustawa-o-ochronie-sygnalistow","status":"publish","type":"page","link":"https:\/\/greenlink.technology\/pl\/o-nas\/firma\/home-pl\/ustawa-o-ochronie-sygnalistow\/","title":{"rendered":"Ustawa o ochronie sygnalist\u00f3w"},"content":{"rendered":"\t\t<div data-elementor-type=\"wp-page\" data-elementor-id=\"9348\" class=\"elementor elementor-9348 elementor-7049\" data-elementor-settings=\"{&quot;ha_cmc_init_switcher&quot;:&quot;no&quot;}\" data-elementor-post-type=\"page\">\n\t\t\t\t<div class=\"elementor-element elementor-element-651a88d e-flex e-con-boxed e-con e-parent\" data-id=\"651a88d\" data-element_type=\"container\" data-e-type=\"container\" data-settings=\"{&quot;shape_divider_top&quot;:&quot;waves&quot;,&quot;shape_divider_top_negative&quot;:&quot;yes&quot;,&quot;shape_divider_bottom&quot;:&quot;waves&quot;,&quot;shape_divider_bottom_negative&quot;:&quot;yes&quot;,&quot;_ha_eqh_enable&quot;:false}\">\n\t\t\t\t\t<div class=\"e-con-inner\">\n\t\t\t\t<div class=\"elementor-shape elementor-shape-top\" aria-hidden=\"true\" data-negative=\"true\">\n\t\t\t<svg xmlns=\"http:\/\/www.w3.org\/2000\/svg\" viewBox=\"0 0 1000 100\" preserveAspectRatio=\"none\">\n\t<path class=\"elementor-shape-fill\" d=\"M790.5,93.1c-59.3-5.3-116.8-18-192.6-50c-29.6-12.7-76.9-31-100.5-35.9c-23.6-4.9-52.6-7.8-75.5-5.3\n\tc-10.2,1.1-22.6,1.4-50.1,7.4c-27.2,6.3-58.2,16.6-79.4,24.7c-41.3,15.9-94.9,21.9-134,22.6C72,58.2,0,25.8,0,25.8V100h1000V65.3\n\tc0,0-51.5,19.4-106.2,25.7C839.5,97,814.1,95.2,790.5,93.1z\"\/>\n<\/svg>\t\t<\/div>\n\t\t\t\t<div class=\"elementor-shape elementor-shape-bottom\" aria-hidden=\"true\" data-negative=\"true\">\n\t\t\t<svg xmlns=\"http:\/\/www.w3.org\/2000\/svg\" viewBox=\"0 0 1000 100\" preserveAspectRatio=\"none\">\n\t<path class=\"elementor-shape-fill\" d=\"M790.5,93.1c-59.3-5.3-116.8-18-192.6-50c-29.6-12.7-76.9-31-100.5-35.9c-23.6-4.9-52.6-7.8-75.5-5.3\n\tc-10.2,1.1-22.6,1.4-50.1,7.4c-27.2,6.3-58.2,16.6-79.4,24.7c-41.3,15.9-94.9,21.9-134,22.6C72,58.2,0,25.8,0,25.8V100h1000V65.3\n\tc0,0-51.5,19.4-106.2,25.7C839.5,97,814.1,95.2,790.5,93.1z\"\/>\n<\/svg>\t\t<\/div>\n\t\t\t\t<div class=\"elementor-element elementor-element-0ad5e27 elementor-widget elementor-widget-text-editor\" data-id=\"0ad5e27\" data-element_type=\"widget\" data-e-type=\"widget\" data-widget_type=\"text-editor.default\">\n\t\t\t\t<div class=\"elementor-widget-container\">\n\t\t\t\t\t\t\t\t\t<p><strong>enwitec electronic GmbH<\/strong><\/p><p>Zr\u00f3wnowa\u017cone zarz\u0105dzanie jest podstaw\u0105 przysz\u0142ych perspektyw dla \u015brodowiska, spo\u0142ecze\u0144stwa i gospodarki, a tak\u017ce dla ka\u017cdego pracownika lub partnera biznesowego enwitec electronic GmbH.<\/p><p>Filarem kultury firmy enwitec electronic GmbH jest podzia\u0142 kluczowych wymaga\u0144 oraz ich samodzielna realizacja i zarz\u0105dzanie, a tak\u017ce wsp\u00f3lne rozumienie warto\u015bci i minimalizacji ryzyka dla zr\u00f3wnowa\u017conego rozwoju przedsi\u0119biorstwa.<\/p><p>System zg\u0142aszania nieprawid\u0142owo\u015bci z ekspertyz\u0105 prawn\u0105 firmy <a href=\"http:\/\/www.ratisbona-compliance.de\/\" target=\"_blank\" rel=\"noreferrer noopener\">Ratisbona Compliance GmbH<\/a> (\u201eRC-Whistle\u201d) zapewnia dodatkowe zaufanie i bezpiecze\u0144stwo dzi\u0119ki jasno okre\u015blonej strukturze dost\u0119pnej dla ka\u017cdego oraz wst\u0119pnej ocenie opartej na podstawach prawnych. Umo\u017cliwia to wskazywanie nieprawid\u0142owo\u015bci, wspieraj\u0105c tym samym trwa\u0142y sukces firmy enwitec electronic GmbH i zapobiegaj\u0105c powstawaniu szk\u00f3d.<\/p><p>Link: <a href=\"https:\/\/greenlink.technology\/wp-content\/uploads\/2025\/04\/2023_Mustertext_Musterrichtlinie.pdf\" target=\"_blank\" rel=\"noreferrer noopener\">Whistleblowing-Richtlinie<\/a><\/p><p>Link: <a href=\"https:\/\/ratisbona-compliance.de\/start\/\" target=\"_blank\" rel=\"noreferrer noopener\">Hinweisportal der Ratisbona Compliance<\/a><\/p>\t\t\t\t\t\t\t\t<\/div>\n\t\t\t\t<\/div>\n\t\t\t\t\t<\/div>\n\t\t\t\t<\/div>\n\t\t\t\t<\/div>\n\t\t","protected":false},"excerpt":{"rendered":"<p>enwitec electronic GmbH Zr\u00f3wnowa\u017cone zarz\u0105dzanie jest podstaw\u0105 przysz\u0142ych perspektyw dla \u015brodowiska, spo\u0142ecze\u0144stwa i gospodarki, a tak\u017ce dla ka\u017cdego pracownika lub partnera biznesowego enwitec electronic GmbH. Filarem kultury firmy enwitec electronic GmbH jest podzia\u0142 kluczowych wymaga\u0144 oraz ich samodzielna realizacja i zarz\u0105dzanie, a tak\u017ce wsp\u00f3lne rozumienie warto\u015bci i minimalizacji ryzyka dla zr\u00f3wnowa\u017conego rozwoju przedsi\u0119biorstwa. System zg\u0142aszania [&hellip;]<\/p>\n","protected":false},"author":1,"featured_media":8065,"parent":24789,"menu_order":0,"comment_status":"closed","ping_status":"closed","template":"","meta":{"_acf_changed":false,"footnotes":""},"categories":[1282],"tags":[],"class_list":["post-9348","page","type-page","status-publish","has-post-thumbnail","hentry","category-enwitec-pl"],"acf":[],"yoast_head":"<!-- This site is optimized with the Yoast SEO plugin v27.3 - https:\/\/yoast.com\/product\/yoast-seo-wordpress\/ -->\n<title>Ustawa o ochronie sygnalist\u00f3w - greenLink orchestrating energy flows | enwitec electronic GmbH | LinQ Europe Sp. z o.o.<\/title>\n<meta name=\"robots\" content=\"index, follow, max-snippet:-1, max-image-preview:large, max-video-preview:-1\" \/>\n<link rel=\"canonical\" href=\"https:\/\/greenlink.technology\/pl\/o-nas\/firma\/home-pl\/ustawa-o-ochronie-sygnalistow\/\" \/>\n<meta property=\"og:locale\" content=\"pl_PL\" \/>\n<meta property=\"og:type\" content=\"article\" \/>\n<meta property=\"og:title\" content=\"Ustawa o ochronie sygnalist\u00f3w - greenLink orchestrating energy flows | enwitec electronic GmbH | LinQ Europe Sp. z o.o.\" \/>\n<meta property=\"og:description\" content=\"enwitec electronic GmbH Zr\u00f3wnowa\u017cone zarz\u0105dzanie jest podstaw\u0105 przysz\u0142ych perspektyw dla \u015brodowiska, spo\u0142ecze\u0144stwa i gospodarki, a tak\u017ce dla ka\u017cdego pracownika lub partnera biznesowego enwitec electronic GmbH. Filarem kultury firmy enwitec electronic GmbH jest podzia\u0142 kluczowych wymaga\u0144 oraz ich samodzielna realizacja i zarz\u0105dzanie, a tak\u017ce wsp\u00f3lne rozumienie warto\u015bci i minimalizacji ryzyka dla zr\u00f3wnowa\u017conego rozwoju przedsi\u0119biorstwa. System zg\u0142aszania [&hellip;]\" \/>\n<meta property=\"og:url\" content=\"https:\/\/greenlink.technology\/pl\/o-nas\/firma\/home-pl\/ustawa-o-ochronie-sygnalistow\/\" \/>\n<meta property=\"og:site_name\" content=\"greenLink orchestrating energy flows | enwitec electronic GmbH | LinQ Europe Sp. z o.o.\" \/>\n<meta property=\"article:modified_time\" content=\"2025-06-12T06:03:43+00:00\" \/>\n<meta property=\"og:image\" content=\"https:\/\/linqeurope.pl\/wp-content\/uploads\/2025\/04\/enwitec-header-hinweis.jpg\" \/>\n\t<meta property=\"og:image:width\" content=\"2300\" \/>\n\t<meta property=\"og:image:height\" content=\"833\" \/>\n\t<meta property=\"og:image:type\" content=\"image\/jpeg\" \/>\n<meta name=\"twitter:card\" content=\"summary_large_image\" \/>\n<meta name=\"twitter:label1\" content=\"Szacowany czas czytania\" \/>\n\t<meta name=\"twitter:data1\" content=\"1 minuta\" \/>\n<script type=\"application\/ld+json\" class=\"yoast-schema-graph\">{\"@context\":\"https:\\\/\\\/schema.org\",\"@graph\":[{\"@type\":\"WebPage\",\"@id\":\"https:\\\/\\\/greenlink.technology\\\/pl\\\/o-nas\\\/firma\\\/home-pl\\\/ustawa-o-ochronie-sygnalistow\\\/\",\"url\":\"https:\\\/\\\/greenlink.technology\\\/pl\\\/o-nas\\\/firma\\\/home-pl\\\/ustawa-o-ochronie-sygnalistow\\\/\",\"name\":\"Ustawa o ochronie sygnalist\u00f3w - greenLink orchestrating energy flows | enwitec electronic GmbH | LinQ Europe Sp. z o.o.\",\"isPartOf\":{\"@id\":\"https:\\\/\\\/enwitec.eu\\\/en\\\/#website\"},\"primaryImageOfPage\":{\"@id\":\"https:\\\/\\\/greenlink.technology\\\/pl\\\/o-nas\\\/firma\\\/home-pl\\\/ustawa-o-ochronie-sygnalistow\\\/#primaryimage\"},\"image\":{\"@id\":\"https:\\\/\\\/greenlink.technology\\\/pl\\\/o-nas\\\/firma\\\/home-pl\\\/ustawa-o-ochronie-sygnalistow\\\/#primaryimage\"},\"thumbnailUrl\":\"https:\\\/\\\/greenlink.technology\\\/wp-content\\\/uploads\\\/2025\\\/04\\\/enwitec-header-hinweis.jpg\",\"datePublished\":\"2025-04-23T06:18:16+00:00\",\"dateModified\":\"2025-06-12T06:03:43+00:00\",\"breadcrumb\":{\"@id\":\"https:\\\/\\\/greenlink.technology\\\/pl\\\/o-nas\\\/firma\\\/home-pl\\\/ustawa-o-ochronie-sygnalistow\\\/#breadcrumb\"},\"inLanguage\":\"pl-PL\",\"potentialAction\":[{\"@type\":\"ReadAction\",\"target\":[\"https:\\\/\\\/greenlink.technology\\\/pl\\\/o-nas\\\/firma\\\/home-pl\\\/ustawa-o-ochronie-sygnalistow\\\/\"]}]},{\"@type\":\"ImageObject\",\"inLanguage\":\"pl-PL\",\"@id\":\"https:\\\/\\\/greenlink.technology\\\/pl\\\/o-nas\\\/firma\\\/home-pl\\\/ustawa-o-ochronie-sygnalistow\\\/#primaryimage\",\"url\":\"https:\\\/\\\/greenlink.technology\\\/wp-content\\\/uploads\\\/2025\\\/04\\\/enwitec-header-hinweis.jpg\",\"contentUrl\":\"https:\\\/\\\/greenlink.technology\\\/wp-content\\\/uploads\\\/2025\\\/04\\\/enwitec-header-hinweis.jpg\",\"width\":2300,\"height\":833},{\"@type\":\"BreadcrumbList\",\"@id\":\"https:\\\/\\\/greenlink.technology\\\/pl\\\/o-nas\\\/firma\\\/home-pl\\\/ustawa-o-ochronie-sygnalistow\\\/#breadcrumb\",\"itemListElement\":[{\"@type\":\"ListItem\",\"position\":1,\"name\":\"Startseite\",\"item\":\"https:\\\/\\\/greenlink.technology\\\/pl\\\/\"},{\"@type\":\"ListItem\",\"position\":2,\"name\":\"O nas\",\"item\":\"https:\\\/\\\/greenlink.technology\\\/pl\\\/o-nas\\\/\"},{\"@type\":\"ListItem\",\"position\":3,\"name\":\"Firma\",\"item\":\"https:\\\/\\\/greenlink.technology\\\/pl\\\/o-nas\\\/firma\\\/\"},{\"@type\":\"ListItem\",\"position\":4,\"name\":\"enwitec old\",\"item\":\"https:\\\/\\\/greenlink.technology\\\/pl\\\/o-nas\\\/firma\\\/enwitec\\\/\"},{\"@type\":\"ListItem\",\"position\":5,\"name\":\"Ustawa o ochronie sygnalist\u00f3w\"}]},{\"@type\":\"WebSite\",\"@id\":\"https:\\\/\\\/enwitec.eu\\\/en\\\/#website\",\"url\":\"https:\\\/\\\/enwitec.eu\\\/en\\\/\",\"name\":\"greenLink orchestrating energy flows | enwitec electronic GmbH | LinQ Europe Sp. z o.o.\",\"description\":\"\",\"publisher\":{\"@id\":\"https:\\\/\\\/enwitec.eu\\\/en\\\/#organization\"},\"potentialAction\":[{\"@type\":\"SearchAction\",\"target\":{\"@type\":\"EntryPoint\",\"urlTemplate\":\"https:\\\/\\\/enwitec.eu\\\/en\\\/?s={search_term_string}\"},\"query-input\":{\"@type\":\"PropertyValueSpecification\",\"valueRequired\":true,\"valueName\":\"search_term_string\"}}],\"inLanguage\":\"pl-PL\"},{\"@type\":\"Organization\",\"@id\":\"https:\\\/\\\/enwitec.eu\\\/en\\\/#organization\",\"name\":\"greenLink orkiestruj\u0105cy przep\u0142ywy energii | enwitec electronic GmbH | LinQ Europe Sp. z o.o.\",\"url\":\"https:\\\/\\\/enwitec.eu\\\/en\\\/\",\"logo\":{\"@type\":\"ImageObject\",\"inLanguage\":\"pl-PL\",\"@id\":\"https:\\\/\\\/enwitec.eu\\\/en\\\/#\\\/schema\\\/logo\\\/image\\\/\",\"url\":\"https:\\\/\\\/greenlink.technology\\\/wp-content\\\/uploads\\\/2025\\\/01\\\/greenlink-logo-final.png\",\"contentUrl\":\"https:\\\/\\\/greenlink.technology\\\/wp-content\\\/uploads\\\/2025\\\/01\\\/greenlink-logo-final.png\",\"width\":2586,\"height\":629,\"caption\":\"greenLink orkiestruj\u0105cy przep\u0142ywy energii | enwitec electronic GmbH | LinQ Europe Sp. z o.o. \"},\"image\":{\"@id\":\"https:\\\/\\\/enwitec.eu\\\/en\\\/#\\\/schema\\\/logo\\\/image\\\/\"}}]}<\/script>\n<!-- \/ Yoast SEO plugin. -->","yoast_head_json":{"title":"Ustawa o ochronie sygnalist\u00f3w - greenLink orchestrating energy flows | enwitec electronic GmbH | LinQ Europe Sp. z o.o.","robots":{"index":"index","follow":"follow","max-snippet":"max-snippet:-1","max-image-preview":"max-image-preview:large","max-video-preview":"max-video-preview:-1"},"canonical":"https:\/\/greenlink.technology\/pl\/o-nas\/firma\/home-pl\/ustawa-o-ochronie-sygnalistow\/","og_locale":"pl_PL","og_type":"article","og_title":"Ustawa o ochronie sygnalist\u00f3w - greenLink orchestrating energy flows | enwitec electronic GmbH | LinQ Europe Sp. z o.o.","og_description":"enwitec electronic GmbH Zr\u00f3wnowa\u017cone zarz\u0105dzanie jest podstaw\u0105 przysz\u0142ych perspektyw dla \u015brodowiska, spo\u0142ecze\u0144stwa i gospodarki, a tak\u017ce dla ka\u017cdego pracownika lub partnera biznesowego enwitec electronic GmbH. Filarem kultury firmy enwitec electronic GmbH jest podzia\u0142 kluczowych wymaga\u0144 oraz ich samodzielna realizacja i zarz\u0105dzanie, a tak\u017ce wsp\u00f3lne rozumienie warto\u015bci i minimalizacji ryzyka dla zr\u00f3wnowa\u017conego rozwoju przedsi\u0119biorstwa. System zg\u0142aszania [&hellip;]","og_url":"https:\/\/greenlink.technology\/pl\/o-nas\/firma\/home-pl\/ustawa-o-ochronie-sygnalistow\/","og_site_name":"greenLink orchestrating energy flows | enwitec electronic GmbH | LinQ Europe Sp. z o.o.","article_modified_time":"2025-06-12T06:03:43+00:00","og_image":[{"width":2300,"height":833,"url":"https:\/\/linqeurope.pl\/wp-content\/uploads\/2025\/04\/enwitec-header-hinweis.jpg","type":"image\/jpeg"}],"twitter_card":"summary_large_image","twitter_misc":{"Szacowany czas czytania":"1 minuta"},"schema":{"@context":"https:\/\/schema.org","@graph":[{"@type":"WebPage","@id":"https:\/\/greenlink.technology\/pl\/o-nas\/firma\/home-pl\/ustawa-o-ochronie-sygnalistow\/","url":"https:\/\/greenlink.technology\/pl\/o-nas\/firma\/home-pl\/ustawa-o-ochronie-sygnalistow\/","name":"Ustawa o ochronie sygnalist\u00f3w - greenLink orchestrating energy flows | enwitec electronic GmbH | LinQ Europe Sp. z o.o.","isPartOf":{"@id":"https:\/\/enwitec.eu\/en\/#website"},"primaryImageOfPage":{"@id":"https:\/\/greenlink.technology\/pl\/o-nas\/firma\/home-pl\/ustawa-o-ochronie-sygnalistow\/#primaryimage"},"image":{"@id":"https:\/\/greenlink.technology\/pl\/o-nas\/firma\/home-pl\/ustawa-o-ochronie-sygnalistow\/#primaryimage"},"thumbnailUrl":"https:\/\/greenlink.technology\/wp-content\/uploads\/2025\/04\/enwitec-header-hinweis.jpg","datePublished":"2025-04-23T06:18:16+00:00","dateModified":"2025-06-12T06:03:43+00:00","breadcrumb":{"@id":"https:\/\/greenlink.technology\/pl\/o-nas\/firma\/home-pl\/ustawa-o-ochronie-sygnalistow\/#breadcrumb"},"inLanguage":"pl-PL","potentialAction":[{"@type":"ReadAction","target":["https:\/\/greenlink.technology\/pl\/o-nas\/firma\/home-pl\/ustawa-o-ochronie-sygnalistow\/"]}]},{"@type":"ImageObject","inLanguage":"pl-PL","@id":"https:\/\/greenlink.technology\/pl\/o-nas\/firma\/home-pl\/ustawa-o-ochronie-sygnalistow\/#primaryimage","url":"https:\/\/greenlink.technology\/wp-content\/uploads\/2025\/04\/enwitec-header-hinweis.jpg","contentUrl":"https:\/\/greenlink.technology\/wp-content\/uploads\/2025\/04\/enwitec-header-hinweis.jpg","width":2300,"height":833},{"@type":"BreadcrumbList","@id":"https:\/\/greenlink.technology\/pl\/o-nas\/firma\/home-pl\/ustawa-o-ochronie-sygnalistow\/#breadcrumb","itemListElement":[{"@type":"ListItem","position":1,"name":"Startseite","item":"https:\/\/greenlink.technology\/pl\/"},{"@type":"ListItem","position":2,"name":"O nas","item":"https:\/\/greenlink.technology\/pl\/o-nas\/"},{"@type":"ListItem","position":3,"name":"Firma","item":"https:\/\/greenlink.technology\/pl\/o-nas\/firma\/"},{"@type":"ListItem","position":4,"name":"enwitec old","item":"https:\/\/greenlink.technology\/pl\/o-nas\/firma\/enwitec\/"},{"@type":"ListItem","position":5,"name":"Ustawa o ochronie sygnalist\u00f3w"}]},{"@type":"WebSite","@id":"https:\/\/enwitec.eu\/en\/#website","url":"https:\/\/enwitec.eu\/en\/","name":"greenLink orchestrating energy flows | enwitec electronic GmbH | LinQ Europe Sp. z o.o.","description":"","publisher":{"@id":"https:\/\/enwitec.eu\/en\/#organization"},"potentialAction":[{"@type":"SearchAction","target":{"@type":"EntryPoint","urlTemplate":"https:\/\/enwitec.eu\/en\/?s={search_term_string}"},"query-input":{"@type":"PropertyValueSpecification","valueRequired":true,"valueName":"search_term_string"}}],"inLanguage":"pl-PL"},{"@type":"Organization","@id":"https:\/\/enwitec.eu\/en\/#organization","name":"greenLink orkiestruj\u0105cy przep\u0142ywy energii | enwitec electronic GmbH | LinQ Europe Sp. z o.o.","url":"https:\/\/enwitec.eu\/en\/","logo":{"@type":"ImageObject","inLanguage":"pl-PL","@id":"https:\/\/enwitec.eu\/en\/#\/schema\/logo\/image\/","url":"https:\/\/greenlink.technology\/wp-content\/uploads\/2025\/01\/greenlink-logo-final.png","contentUrl":"https:\/\/greenlink.technology\/wp-content\/uploads\/2025\/01\/greenlink-logo-final.png","width":2586,"height":629,"caption":"greenLink orkiestruj\u0105cy przep\u0142ywy energii | enwitec electronic GmbH | LinQ Europe Sp. z o.o. "},"image":{"@id":"https:\/\/enwitec.eu\/en\/#\/schema\/logo\/image\/"}}]}},"_links":{"self":[{"href":"https:\/\/greenlink.technology\/pl\/wp-json\/wp\/v2\/pages\/9348","targetHints":{"allow":["GET"]}}],"collection":[{"href":"https:\/\/greenlink.technology\/pl\/wp-json\/wp\/v2\/pages"}],"about":[{"href":"https:\/\/greenlink.technology\/pl\/wp-json\/wp\/v2\/types\/page"}],"author":[{"embeddable":true,"href":"https:\/\/greenlink.technology\/pl\/wp-json\/wp\/v2\/users\/1"}],"replies":[{"embeddable":true,"href":"https:\/\/greenlink.technology\/pl\/wp-json\/wp\/v2\/comments?post=9348"}],"version-history":[{"count":0,"href":"https:\/\/greenlink.technology\/pl\/wp-json\/wp\/v2\/pages\/9348\/revisions"}],"up":[{"embeddable":true,"href":"https:\/\/greenlink.technology\/pl\/wp-json\/wp\/v2\/pages\/24789"}],"wp:featuredmedia":[{"embeddable":true,"href":"https:\/\/greenlink.technology\/pl\/wp-json\/wp\/v2\/media\/8065"}],"wp:attachment":[{"href":"https:\/\/greenlink.technology\/pl\/wp-json\/wp\/v2\/media?parent=9348"}],"wp:term":[{"taxonomy":"category","embeddable":true,"href":"https:\/\/greenlink.technology\/pl\/wp-json\/wp\/v2\/categories?post=9348"},{"taxonomy":"post_tag","embeddable":true,"href":"https:\/\/greenlink.technology\/pl\/wp-json\/wp\/v2\/tags?post=9348"}],"curies":[{"name":"wp","href":"https:\/\/api.w.org\/{rel}","templated":true}]}}