{"id":12352,"date":"2025-05-01T08:19:29","date_gmt":"2025-05-01T06:19:29","guid":{"rendered":"https:\/\/greenlink.technology\/o-nas\/firma\/enwitec\/nadruk\/"},"modified":"2026-03-27T10:07:37","modified_gmt":"2026-03-27T09:07:37","slug":"nadruk","status":"publish","type":"page","link":"https:\/\/greenlink.technology\/pl\/o-nas\/firma\/home-pl\/nadruk\/","title":{"rendered":"Nadruk"},"content":{"rendered":"\t\t<div data-elementor-type=\"wp-page\" data-elementor-id=\"12352\" class=\"elementor elementor-12352 elementor-12158\" data-elementor-settings=\"{&quot;ha_cmc_init_switcher&quot;:&quot;no&quot;}\" data-elementor-post-type=\"page\">\n\t\t\t\t<div class=\"elementor-element elementor-element-757d989 e-flex e-con-boxed e-con e-parent\" data-id=\"757d989\" data-element_type=\"container\" data-e-type=\"container\" data-settings=\"{&quot;background_background&quot;:&quot;classic&quot;,&quot;shape_divider_bottom&quot;:&quot;waves&quot;,&quot;shape_divider_bottom_negative&quot;:&quot;yes&quot;,&quot;shape_divider_top&quot;:&quot;waves&quot;,&quot;shape_divider_top_negative&quot;:&quot;yes&quot;,&quot;_ha_eqh_enable&quot;:false}\">\n\t\t\t\t\t<div class=\"e-con-inner\">\n\t\t\t\t<div class=\"elementor-shape elementor-shape-top\" aria-hidden=\"true\" data-negative=\"true\">\n\t\t\t<svg xmlns=\"http:\/\/www.w3.org\/2000\/svg\" viewBox=\"0 0 1000 100\" preserveAspectRatio=\"none\">\n\t<path class=\"elementor-shape-fill\" d=\"M790.5,93.1c-59.3-5.3-116.8-18-192.6-50c-29.6-12.7-76.9-31-100.5-35.9c-23.6-4.9-52.6-7.8-75.5-5.3\n\tc-10.2,1.1-22.6,1.4-50.1,7.4c-27.2,6.3-58.2,16.6-79.4,24.7c-41.3,15.9-94.9,21.9-134,22.6C72,58.2,0,25.8,0,25.8V100h1000V65.3\n\tc0,0-51.5,19.4-106.2,25.7C839.5,97,814.1,95.2,790.5,93.1z\"\/>\n<\/svg>\t\t<\/div>\n\t\t\t\t<div class=\"elementor-shape elementor-shape-bottom\" aria-hidden=\"true\" data-negative=\"true\">\n\t\t\t<svg xmlns=\"http:\/\/www.w3.org\/2000\/svg\" viewBox=\"0 0 1000 100\" preserveAspectRatio=\"none\">\n\t<path class=\"elementor-shape-fill\" d=\"M790.5,93.1c-59.3-5.3-116.8-18-192.6-50c-29.6-12.7-76.9-31-100.5-35.9c-23.6-4.9-52.6-7.8-75.5-5.3\n\tc-10.2,1.1-22.6,1.4-50.1,7.4c-27.2,6.3-58.2,16.6-79.4,24.7c-41.3,15.9-94.9,21.9-134,22.6C72,58.2,0,25.8,0,25.8V100h1000V65.3\n\tc0,0-51.5,19.4-106.2,25.7C839.5,97,814.1,95.2,790.5,93.1z\"\/>\n<\/svg>\t\t<\/div>\n\t\t<div class=\"elementor-element elementor-element-456fd71 e-con-full e-flex e-con e-child\" data-id=\"456fd71\" data-element_type=\"container\" data-e-type=\"container\" data-settings=\"{&quot;_ha_eqh_enable&quot;:false}\">\n\t\t\t\t<div class=\"elementor-element elementor-element-5e3014d elementor-widget__width-inherit elementor-widget elementor-widget-text-editor\" data-id=\"5e3014d\" data-element_type=\"widget\" data-e-type=\"widget\" data-widget_type=\"text-editor.default\">\n\t\t\t\t<div class=\"elementor-widget-container\">\n\t\t\t\t\t\t\t\t\t<p><strong>Adres:<\/strong><\/p><p>enwitec electronic GmbH<br>Scherrwies 2<br>84329 Wurmannsquick<\/p><p>Rejestr handlowy: HRB 13923<br>S\u0105d rejestrowy: S\u0105d lokalny w Landshut<\/p><p>Reprezentowani przez:<br>CEO: Martin Gigler, CFO: Thomas Biehler<\/p><p>Kontakt<br>Telefon: +49 (0)8725 9664-0<br>E-mail: info@enwitec.eu<\/p><p>Numer identyfikacji podatkowej sprzeda\u017cy<br>Numer identyfikacji podatkowej sprzeda\u017cy zgodnie z \u00a7 27 ustawy o podatku od sprzeda\u017cy:<br>DE 361708181<\/p><p>Rozstrzyganie spor\u00f3w konsumenckich\/uniwersalna komisja arbitra\u017cowa<br>Nie jeste\u015bmy sk\u0142onni ani zobowi\u0105zani do udzia\u0142u w post\u0119powaniu rozstrzygaj\u0105cym spory przed konsumenck\u0105 komisj\u0105 arbitra\u017cow\u0105.<\/p>\t\t\t\t\t\t\t\t<\/div>\n\t\t\t\t<\/div>\n\t\t\t\t<div class=\"elementor-element elementor-element-dae3aab elementor-widget__width-inherit elementor-widget elementor-widget-global elementor-global-13011 elementor-global-12937 elementor-widget-text-editor\" data-id=\"dae3aab\" data-element_type=\"widget\" data-e-type=\"widget\" data-widget_type=\"text-editor.default\">\n\t\t\t\t<div class=\"elementor-widget-container\">\n\t\t\t\t\t\t\t\t\t<p><strong>Konserwacja techniczna i piel\u0119gnacja<\/strong><\/p><p><a href=\"https:\/\/ffm.media\/\" target=\"_blank\" rel=\"noopener\"><img decoding=\"async\" class=\"alignnone wp-image-3549\" src=\"https:\/\/greenlink.technology\/wp-content\/uploads\/2025\/03\/ffm-media-logo.png\" alt=\"\" width=\"199\" height=\"52\" srcset=\"https:\/\/greenlink.technology\/wp-content\/uploads\/2025\/03\/ffm-media-logo.png 791w, https:\/\/greenlink.technology\/wp-content\/uploads\/2025\/03\/ffm-media-logo-300x79.png 300w, https:\/\/greenlink.technology\/wp-content\/uploads\/2025\/03\/ffm-media-logo-768x201.png 768w, https:\/\/greenlink.technology\/wp-content\/uploads\/2025\/03\/ffm-media-logo-600x157.png 600w\" sizes=\"(max-width: 199px) 100vw, 199px\" \/><\/a><\/p><p><a href=\"https:\/\/ffm.media\/\" target=\"_blank\" rel=\"noopener\">ffm.media e.K.<\/a><br>Senfelder Stra\u00dfe 1f<br>63110 Rodgau ko\u0142o Frankfurtu<\/p><p>Telefon: 06106-6278790<br>E-mail: service@ffm.media<br>Internet: <a href=\"https:\/\/ffm.media\/\" target=\"_blank\" rel=\"noopener\">www.ffm.media<\/a><\/p>\t\t\t\t\t\t\t\t<\/div>\n\t\t\t\t<\/div>\n\t\t\t\t<\/div>\n\t\t<div class=\"elementor-element elementor-element-7b3f5cd e-con-full e-flex e-con e-child\" data-id=\"7b3f5cd\" data-element_type=\"container\" data-e-type=\"container\" data-settings=\"{&quot;_ha_eqh_enable&quot;:false}\">\n\t\t\t\t<div class=\"elementor-element elementor-element-a80fa77 elementor-widget__width-inherit elementor-widget elementor-widget-global elementor-global-13003 elementor-global-12940 elementor-widget-text-editor\" data-id=\"a80fa77\" data-element_type=\"widget\" data-e-type=\"widget\" data-widget_type=\"text-editor.default\">\n\t\t\t\t<div class=\"elementor-widget-container\">\n\t\t\t\t\t\t\t\t\t<p><strong>Informacje prawne:<\/strong><\/p><p><strong>1. tre\u015b\u0107 oferty online<\/strong><\/p><p>Autor nie ponosi odpowiedzialno\u015bci za aktualno\u015b\u0107, poprawno\u015b\u0107, kompletno\u015b\u0107 lub jako\u015b\u0107 udost\u0119pnionych informacji. Roszczenia wobec autora z tytu\u0142u odpowiedzialno\u015bci za szkody materialne lub niematerialne spowodowane wykorzystaniem lub niewykorzystaniem dostarczonych informacji lub wykorzystaniem nieprawid\u0142owych lub niekompletnych informacji s\u0105 zasadniczo wykluczone, chyba \u017ce istniej\u0105 dowody umy\u015blnego dzia\u0142ania lub ra\u017c\u0105cego niedbalstwa ze strony autora. Wszystkie oferty mog\u0105 ulec zmianie i nie s\u0105 wi\u0105\u017c\u0105ce. Autor wyra\u017anie zastrzega sobie prawo do zmiany, uzupe\u0142nienia lub usuni\u0119cia cz\u0119\u015bci stron lub ca\u0142ej oferty bez uprzedniego powiadomienia lub do zaprzestania publikacji tymczasowo lub na sta\u0142e.   <\/p><p><strong>2. odniesienia i linki<\/strong><\/p><p>W przypadku bezpo\u015brednich lub po\u015brednich odniesie\u0144 do zewn\u0119trznych stron internetowych (&#8220;link\u00f3w&#8221;), kt\u00f3re znajduj\u0105 si\u0119 poza obszarem odpowiedzialno\u015bci autora, obowi\u0105zek odpowiedzialno\u015bci wchodzi w \u017cycie tylko wtedy, gdy autor by\u0142 \u015bwiadomy tre\u015bci i by\u0142 technicznie mo\u017cliwy i uzasadniony, aby zapobiec wykorzystaniu w przypadku nielegalnych tre\u015bci. Dlatego autor wyra\u017anie o\u015bwiadcza, \u017ce strony, do kt\u00f3rych prowadz\u0105 linki, by\u0142y wolne od nielegalnych tre\u015bci w momencie tworzenia link\u00f3w. Autor nie ma \u017cadnego wp\u0142ywu na aktualny i przysz\u0142y wygl\u0105d oraz tre\u015b\u0107 stron, do kt\u00f3rych prowadz\u0105 linki. W zwi\u0105zku z tym autor wyra\u017anie dystansuje si\u0119 od wszelkich tre\u015bci wszystkich powi\u0105zanych stron, kt\u00f3re zosta\u0142y zmienione po utworzeniu linku. O\u015bwiadczenie to dotyczy wszystkich link\u00f3w i odno\u015bnik\u00f3w umieszczonych na w\u0142asnej stronie internetowej autora, a tak\u017ce wpis\u00f3w os\u00f3b trzecich w ksi\u0119gach go\u015bci, forach dyskusyjnych i listach mailingowych utworzonych przez autora. Odpowiedzialno\u015b\u0107 za nielegalne, b\u0142\u0119dne lub niekompletne tre\u015bci, a w szczeg\u00f3lno\u015bci za szkody wynikaj\u0105ce z wykorzystania lub niewykorzystania takich informacji, spoczywa wy\u0142\u0105cznie na dostawcy strony, do kt\u00f3rej nast\u0119puje odniesienie, a nie na osobie, kt\u00f3ra jedynie odsy\u0142a do danej publikacji za po\u015brednictwem link\u00f3w.     <\/p><p><strong>3. prawo autorskie i prawo dotycz\u0105ce etykietowania<\/strong><\/p><p>Autor stara si\u0119 przestrzega\u0107 praw autorskich do grafik, dokument\u00f3w d\u017awi\u0119kowych, sekwencji wideo i tekst\u00f3w wykorzystywanych we wszystkich publikacjach, wykorzystywa\u0107 grafiki, dokumenty d\u017awi\u0119kowe, sekwencje wideo i teksty stworzone przez siebie lub wykorzystywa\u0107 grafiki, dokumenty d\u017awi\u0119kowe, sekwencje wideo i teksty wolne od licencji. Wszystkie marki i znaki towarowe wymienione na stronie internetowej i ewentualnie chronione przez osoby trzecie podlegaj\u0105 bez ogranicze\u0144 przepisom obowi\u0105zuj\u0105cego prawa o znakach towarowych i prawom w\u0142asno\u015bci odpowiednich zarejestrowanych w\u0142a\u015bcicieli. Samo wymienienie znaku towarowego nie oznacza, \u017ce nie jest on chroniony prawami os\u00f3b trzecich! Prawa autorskie do opublikowanych obiekt\u00f3w stworzonych przez samego autora nale\u017c\u0105 wy\u0142\u0105cznie do autora stron. Powielanie lub wykorzystywanie obiekt\u00f3w takich jak wykresy, d\u017awi\u0119ki lub teksty w innych publikacjach elektronicznych lub drukowanych bez zgody autora jest zabronione.    <\/p><p><strong>4 Wa\u017cno\u015b\u0107 prawna niniejszego wy\u0142\u0105czenia odpowiedzialno\u015bci<\/strong><\/p><p>Niniejsze wy\u0142\u0105czenie odpowiedzialno\u015bci nale\u017cy traktowa\u0107 jako cz\u0119\u015b\u0107 publikacji internetowej, z kt\u00f3rej u\u017cytkownik zosta\u0142 przekierowany. Je\u015bli sekcje lub poszczeg\u00f3lne warunki niniejszego o\u015bwiadczenia nie s\u0105 zgodne z prawem lub prawid\u0142owe, fakt ten nie ma wp\u0142ywu na tre\u015b\u0107 lub wa\u017cno\u015b\u0107 pozosta\u0142ych cz\u0119\u015bci. <\/p>\t\t\t\t\t\t\t\t<\/div>\n\t\t\t\t<\/div>\n\t\t\t\t<\/div>\n\t\t\t\t\t<\/div>\n\t\t\t\t<\/div>\n\t\t\t\t<\/div>\n\t\t","protected":false},"excerpt":{"rendered":"<p>Adres: enwitec electronic GmbHScherrwies 284329 Wurmannsquick Rejestr handlowy: HRB 13923S\u0105d rejestrowy: S\u0105d lokalny w Landshut Reprezentowani przez:CEO: Martin Gigler, CFO: Thomas Biehler KontaktTelefon: +49 (0)8725 9664-0E-mail: info@enwitec.eu Numer identyfikacji podatkowej sprzeda\u017cyNumer identyfikacji podatkowej sprzeda\u017cy zgodnie z \u00a7 27 ustawy o podatku od sprzeda\u017cy:DE 361708181 Rozstrzyganie spor\u00f3w konsumenckich\/uniwersalna komisja arbitra\u017cowaNie jeste\u015bmy sk\u0142onni ani zobowi\u0105zani do udzia\u0142u [&hellip;]<\/p>\n","protected":false},"author":1,"featured_media":8625,"parent":24789,"menu_order":0,"comment_status":"closed","ping_status":"closed","template":"","meta":{"_acf_changed":false,"footnotes":""},"categories":[1282],"tags":[],"class_list":["post-12352","page","type-page","status-publish","has-post-thumbnail","hentry","category-enwitec-pl"],"acf":[],"yoast_head":"<!-- This site is optimized with the Yoast SEO plugin v27.3 - https:\/\/yoast.com\/product\/yoast-seo-wordpress\/ -->\n<title>Nadruk - greenLink orchestrating energy flows | enwitec electronic GmbH | LinQ Europe Sp. z o.o.<\/title>\n<meta name=\"robots\" content=\"index, follow, max-snippet:-1, max-image-preview:large, max-video-preview:-1\" \/>\n<link rel=\"canonical\" href=\"https:\/\/greenlink.technology\/pl\/o-nas\/firma\/home-pl\/nadruk\/\" \/>\n<meta property=\"og:locale\" content=\"pl_PL\" \/>\n<meta property=\"og:type\" content=\"article\" \/>\n<meta property=\"og:title\" content=\"Nadruk - greenLink orchestrating energy flows | enwitec electronic GmbH | LinQ Europe Sp. z o.o.\" \/>\n<meta property=\"og:description\" content=\"Adres: enwitec electronic GmbHScherrwies 284329 Wurmannsquick Rejestr handlowy: HRB 13923S\u0105d rejestrowy: S\u0105d lokalny w Landshut Reprezentowani przez:CEO: Martin Gigler, CFO: Thomas Biehler KontaktTelefon: +49 (0)8725 9664-0E-mail: info@enwitec.eu Numer identyfikacji podatkowej sprzeda\u017cyNumer identyfikacji podatkowej sprzeda\u017cy zgodnie z \u00a7 27 ustawy o podatku od sprzeda\u017cy:DE 361708181 Rozstrzyganie spor\u00f3w konsumenckich\/uniwersalna komisja arbitra\u017cowaNie jeste\u015bmy sk\u0142onni ani zobowi\u0105zani do udzia\u0142u [&hellip;]\" \/>\n<meta property=\"og:url\" content=\"https:\/\/greenlink.technology\/pl\/o-nas\/firma\/home-pl\/nadruk\/\" \/>\n<meta property=\"og:site_name\" content=\"greenLink orchestrating energy flows | enwitec electronic GmbH | LinQ Europe Sp. z o.o.\" \/>\n<meta property=\"article:modified_time\" content=\"2026-03-27T09:07:37+00:00\" \/>\n<meta property=\"og:image\" content=\"https:\/\/greenlink.technology\/wp-content\/uploads\/2025\/03\/greenlink-nachhaltig-header.jpg\" \/>\n\t<meta property=\"og:image:width\" content=\"2300\" \/>\n\t<meta property=\"og:image:height\" content=\"855\" \/>\n\t<meta property=\"og:image:type\" content=\"image\/jpeg\" \/>\n<meta name=\"twitter:card\" content=\"summary_large_image\" \/>\n<meta name=\"twitter:label1\" content=\"Szacowany czas czytania\" \/>\n\t<meta name=\"twitter:data1\" content=\"3 minuty\" \/>\n<script type=\"application\/ld+json\" class=\"yoast-schema-graph\">{\"@context\":\"https:\\\/\\\/schema.org\",\"@graph\":[{\"@type\":\"WebPage\",\"@id\":\"https:\\\/\\\/greenlink.technology\\\/pl\\\/o-nas\\\/firma\\\/home-pl\\\/nadruk\\\/\",\"url\":\"https:\\\/\\\/greenlink.technology\\\/pl\\\/o-nas\\\/firma\\\/home-pl\\\/nadruk\\\/\",\"name\":\"Nadruk - greenLink orchestrating energy flows | enwitec electronic GmbH | LinQ Europe Sp. z o.o.\",\"isPartOf\":{\"@id\":\"https:\\\/\\\/enwitec.eu\\\/en\\\/#website\"},\"primaryImageOfPage\":{\"@id\":\"https:\\\/\\\/greenlink.technology\\\/pl\\\/o-nas\\\/firma\\\/home-pl\\\/nadruk\\\/#primaryimage\"},\"image\":{\"@id\":\"https:\\\/\\\/greenlink.technology\\\/pl\\\/o-nas\\\/firma\\\/home-pl\\\/nadruk\\\/#primaryimage\"},\"thumbnailUrl\":\"https:\\\/\\\/greenlink.technology\\\/wp-content\\\/uploads\\\/2025\\\/03\\\/greenlink-nachhaltig-header.jpg\",\"datePublished\":\"2025-05-01T06:19:29+00:00\",\"dateModified\":\"2026-03-27T09:07:37+00:00\",\"breadcrumb\":{\"@id\":\"https:\\\/\\\/greenlink.technology\\\/pl\\\/o-nas\\\/firma\\\/home-pl\\\/nadruk\\\/#breadcrumb\"},\"inLanguage\":\"pl-PL\",\"potentialAction\":[{\"@type\":\"ReadAction\",\"target\":[\"https:\\\/\\\/greenlink.technology\\\/pl\\\/o-nas\\\/firma\\\/home-pl\\\/nadruk\\\/\"]}]},{\"@type\":\"ImageObject\",\"inLanguage\":\"pl-PL\",\"@id\":\"https:\\\/\\\/greenlink.technology\\\/pl\\\/o-nas\\\/firma\\\/home-pl\\\/nadruk\\\/#primaryimage\",\"url\":\"https:\\\/\\\/greenlink.technology\\\/wp-content\\\/uploads\\\/2025\\\/03\\\/greenlink-nachhaltig-header.jpg\",\"contentUrl\":\"https:\\\/\\\/greenlink.technology\\\/wp-content\\\/uploads\\\/2025\\\/03\\\/greenlink-nachhaltig-header.jpg\",\"width\":2300,\"height\":855},{\"@type\":\"BreadcrumbList\",\"@id\":\"https:\\\/\\\/greenlink.technology\\\/pl\\\/o-nas\\\/firma\\\/home-pl\\\/nadruk\\\/#breadcrumb\",\"itemListElement\":[{\"@type\":\"ListItem\",\"position\":1,\"name\":\"Startseite\",\"item\":\"https:\\\/\\\/greenlink.technology\\\/pl\\\/\"},{\"@type\":\"ListItem\",\"position\":2,\"name\":\"O nas\",\"item\":\"https:\\\/\\\/greenlink.technology\\\/pl\\\/o-nas\\\/\"},{\"@type\":\"ListItem\",\"position\":3,\"name\":\"Firma\",\"item\":\"https:\\\/\\\/greenlink.technology\\\/pl\\\/o-nas\\\/firma\\\/\"},{\"@type\":\"ListItem\",\"position\":4,\"name\":\"enwitec\",\"item\":\"https:\\\/\\\/greenlink.technology\\\/pl\\\/o-nas\\\/firma\\\/home-pl\\\/\"},{\"@type\":\"ListItem\",\"position\":5,\"name\":\"Nadruk\"}]},{\"@type\":\"WebSite\",\"@id\":\"https:\\\/\\\/enwitec.eu\\\/en\\\/#website\",\"url\":\"https:\\\/\\\/enwitec.eu\\\/en\\\/\",\"name\":\"greenLink orchestrating energy flows | enwitec electronic GmbH | LinQ Europe Sp. z o.o.\",\"description\":\"\",\"publisher\":{\"@id\":\"https:\\\/\\\/enwitec.eu\\\/en\\\/#organization\"},\"potentialAction\":[{\"@type\":\"SearchAction\",\"target\":{\"@type\":\"EntryPoint\",\"urlTemplate\":\"https:\\\/\\\/enwitec.eu\\\/en\\\/?s={search_term_string}\"},\"query-input\":{\"@type\":\"PropertyValueSpecification\",\"valueRequired\":true,\"valueName\":\"search_term_string\"}}],\"inLanguage\":\"pl-PL\"},{\"@type\":\"Organization\",\"@id\":\"https:\\\/\\\/enwitec.eu\\\/en\\\/#organization\",\"name\":\"greenLink orkiestruj\u0105cy przep\u0142ywy energii | enwitec electronic GmbH | LinQ Europe Sp. z o.o.\",\"url\":\"https:\\\/\\\/enwitec.eu\\\/en\\\/\",\"logo\":{\"@type\":\"ImageObject\",\"inLanguage\":\"pl-PL\",\"@id\":\"https:\\\/\\\/enwitec.eu\\\/en\\\/#\\\/schema\\\/logo\\\/image\\\/\",\"url\":\"https:\\\/\\\/greenlink.technology\\\/wp-content\\\/uploads\\\/2025\\\/01\\\/greenlink-logo-final.png\",\"contentUrl\":\"https:\\\/\\\/greenlink.technology\\\/wp-content\\\/uploads\\\/2025\\\/01\\\/greenlink-logo-final.png\",\"width\":2586,\"height\":629,\"caption\":\"greenLink orkiestruj\u0105cy przep\u0142ywy energii | enwitec electronic GmbH | LinQ Europe Sp. z o.o. \"},\"image\":{\"@id\":\"https:\\\/\\\/enwitec.eu\\\/en\\\/#\\\/schema\\\/logo\\\/image\\\/\"}}]}<\/script>\n<!-- \/ Yoast SEO plugin. -->","yoast_head_json":{"title":"Nadruk - greenLink orchestrating energy flows | enwitec electronic GmbH | LinQ Europe Sp. z o.o.","robots":{"index":"index","follow":"follow","max-snippet":"max-snippet:-1","max-image-preview":"max-image-preview:large","max-video-preview":"max-video-preview:-1"},"canonical":"https:\/\/greenlink.technology\/pl\/o-nas\/firma\/home-pl\/nadruk\/","og_locale":"pl_PL","og_type":"article","og_title":"Nadruk - greenLink orchestrating energy flows | enwitec electronic GmbH | LinQ Europe Sp. z o.o.","og_description":"Adres: enwitec electronic GmbHScherrwies 284329 Wurmannsquick Rejestr handlowy: HRB 13923S\u0105d rejestrowy: S\u0105d lokalny w Landshut Reprezentowani przez:CEO: Martin Gigler, CFO: Thomas Biehler KontaktTelefon: +49 (0)8725 9664-0E-mail: info@enwitec.eu Numer identyfikacji podatkowej sprzeda\u017cyNumer identyfikacji podatkowej sprzeda\u017cy zgodnie z \u00a7 27 ustawy o podatku od sprzeda\u017cy:DE 361708181 Rozstrzyganie spor\u00f3w konsumenckich\/uniwersalna komisja arbitra\u017cowaNie jeste\u015bmy sk\u0142onni ani zobowi\u0105zani do udzia\u0142u [&hellip;]","og_url":"https:\/\/greenlink.technology\/pl\/o-nas\/firma\/home-pl\/nadruk\/","og_site_name":"greenLink orchestrating energy flows | enwitec electronic GmbH | LinQ Europe Sp. z o.o.","article_modified_time":"2026-03-27T09:07:37+00:00","og_image":[{"width":2300,"height":855,"url":"https:\/\/greenlink.technology\/wp-content\/uploads\/2025\/03\/greenlink-nachhaltig-header.jpg","type":"image\/jpeg"}],"twitter_card":"summary_large_image","twitter_misc":{"Szacowany czas czytania":"3 minuty"},"schema":{"@context":"https:\/\/schema.org","@graph":[{"@type":"WebPage","@id":"https:\/\/greenlink.technology\/pl\/o-nas\/firma\/home-pl\/nadruk\/","url":"https:\/\/greenlink.technology\/pl\/o-nas\/firma\/home-pl\/nadruk\/","name":"Nadruk - greenLink orchestrating energy flows | enwitec electronic GmbH | LinQ Europe Sp. z o.o.","isPartOf":{"@id":"https:\/\/enwitec.eu\/en\/#website"},"primaryImageOfPage":{"@id":"https:\/\/greenlink.technology\/pl\/o-nas\/firma\/home-pl\/nadruk\/#primaryimage"},"image":{"@id":"https:\/\/greenlink.technology\/pl\/o-nas\/firma\/home-pl\/nadruk\/#primaryimage"},"thumbnailUrl":"https:\/\/greenlink.technology\/wp-content\/uploads\/2025\/03\/greenlink-nachhaltig-header.jpg","datePublished":"2025-05-01T06:19:29+00:00","dateModified":"2026-03-27T09:07:37+00:00","breadcrumb":{"@id":"https:\/\/greenlink.technology\/pl\/o-nas\/firma\/home-pl\/nadruk\/#breadcrumb"},"inLanguage":"pl-PL","potentialAction":[{"@type":"ReadAction","target":["https:\/\/greenlink.technology\/pl\/o-nas\/firma\/home-pl\/nadruk\/"]}]},{"@type":"ImageObject","inLanguage":"pl-PL","@id":"https:\/\/greenlink.technology\/pl\/o-nas\/firma\/home-pl\/nadruk\/#primaryimage","url":"https:\/\/greenlink.technology\/wp-content\/uploads\/2025\/03\/greenlink-nachhaltig-header.jpg","contentUrl":"https:\/\/greenlink.technology\/wp-content\/uploads\/2025\/03\/greenlink-nachhaltig-header.jpg","width":2300,"height":855},{"@type":"BreadcrumbList","@id":"https:\/\/greenlink.technology\/pl\/o-nas\/firma\/home-pl\/nadruk\/#breadcrumb","itemListElement":[{"@type":"ListItem","position":1,"name":"Startseite","item":"https:\/\/greenlink.technology\/pl\/"},{"@type":"ListItem","position":2,"name":"O nas","item":"https:\/\/greenlink.technology\/pl\/o-nas\/"},{"@type":"ListItem","position":3,"name":"Firma","item":"https:\/\/greenlink.technology\/pl\/o-nas\/firma\/"},{"@type":"ListItem","position":4,"name":"enwitec","item":"https:\/\/greenlink.technology\/pl\/o-nas\/firma\/home-pl\/"},{"@type":"ListItem","position":5,"name":"Nadruk"}]},{"@type":"WebSite","@id":"https:\/\/enwitec.eu\/en\/#website","url":"https:\/\/enwitec.eu\/en\/","name":"greenLink orchestrating energy flows | enwitec electronic GmbH | LinQ Europe Sp. z o.o.","description":"","publisher":{"@id":"https:\/\/enwitec.eu\/en\/#organization"},"potentialAction":[{"@type":"SearchAction","target":{"@type":"EntryPoint","urlTemplate":"https:\/\/enwitec.eu\/en\/?s={search_term_string}"},"query-input":{"@type":"PropertyValueSpecification","valueRequired":true,"valueName":"search_term_string"}}],"inLanguage":"pl-PL"},{"@type":"Organization","@id":"https:\/\/enwitec.eu\/en\/#organization","name":"greenLink orkiestruj\u0105cy przep\u0142ywy energii | enwitec electronic GmbH | LinQ Europe Sp. z o.o.","url":"https:\/\/enwitec.eu\/en\/","logo":{"@type":"ImageObject","inLanguage":"pl-PL","@id":"https:\/\/enwitec.eu\/en\/#\/schema\/logo\/image\/","url":"https:\/\/greenlink.technology\/wp-content\/uploads\/2025\/01\/greenlink-logo-final.png","contentUrl":"https:\/\/greenlink.technology\/wp-content\/uploads\/2025\/01\/greenlink-logo-final.png","width":2586,"height":629,"caption":"greenLink orkiestruj\u0105cy przep\u0142ywy energii | enwitec electronic GmbH | LinQ Europe Sp. z o.o. "},"image":{"@id":"https:\/\/enwitec.eu\/en\/#\/schema\/logo\/image\/"}}]}},"_links":{"self":[{"href":"https:\/\/greenlink.technology\/pl\/wp-json\/wp\/v2\/pages\/12352","targetHints":{"allow":["GET"]}}],"collection":[{"href":"https:\/\/greenlink.technology\/pl\/wp-json\/wp\/v2\/pages"}],"about":[{"href":"https:\/\/greenlink.technology\/pl\/wp-json\/wp\/v2\/types\/page"}],"author":[{"embeddable":true,"href":"https:\/\/greenlink.technology\/pl\/wp-json\/wp\/v2\/users\/1"}],"replies":[{"embeddable":true,"href":"https:\/\/greenlink.technology\/pl\/wp-json\/wp\/v2\/comments?post=12352"}],"version-history":[{"count":2,"href":"https:\/\/greenlink.technology\/pl\/wp-json\/wp\/v2\/pages\/12352\/revisions"}],"predecessor-version":[{"id":25320,"href":"https:\/\/greenlink.technology\/pl\/wp-json\/wp\/v2\/pages\/12352\/revisions\/25320"}],"up":[{"embeddable":true,"href":"https:\/\/greenlink.technology\/pl\/wp-json\/wp\/v2\/pages\/24789"}],"wp:featuredmedia":[{"embeddable":true,"href":"https:\/\/greenlink.technology\/pl\/wp-json\/wp\/v2\/media\/8625"}],"wp:attachment":[{"href":"https:\/\/greenlink.technology\/pl\/wp-json\/wp\/v2\/media?parent=12352"}],"wp:term":[{"taxonomy":"category","embeddable":true,"href":"https:\/\/greenlink.technology\/pl\/wp-json\/wp\/v2\/categories?post=12352"},{"taxonomy":"post_tag","embeddable":true,"href":"https:\/\/greenlink.technology\/pl\/wp-json\/wp\/v2\/tags?post=12352"}],"curies":[{"name":"wp","href":"https:\/\/api.w.org\/{rel}","templated":true}]}}