{"id":2288,"date":"2024-04-24T07:14:05","date_gmt":"2024-04-24T05:14:05","guid":{"rendered":"https:\/\/enwitec.eu\/produkt\/enwitec-netzumschaltbox-fuer-kostal-wechselrichter-plenticore-g3-10017469\/"},"modified":"2025-04-23T09:27:23","modified_gmt":"2025-04-23T07:27:23","slug":"enwitec-netzumschaltbox-fuer-kostal-wechselrichter-plenticore-g3-10017469","status":"publish","type":"product","link":"https:\/\/enwitec.eu\/nl\/produkt\/enwitec-netzumschaltbox-fuer-kostal-wechselrichter-plenticore-g3-10017469\/","title":{"rendered":"enwitec Netzumschaltbox f\u00fcr KOSTAL Wechselrichter &#8211; PLENTICORE G3  \u2013 10017469"},"content":{"rendered":"<div class=\"system-stammdaten\">\n<h2><\/h2>\n<p>&nbsp;<\/p>\n<\/div>\n","protected":false},"excerpt":{"rendered":"<p>&nbsp;<\/p>\n","protected":false},"featured_media":2289,"comment_status":"closed","ping_status":"closed","template":"","meta":{"_acf_changed":false},"anwendung":[],"product_brand":[264],"product_cat":[192],"product_tag":[239,238,194,195,197],"class_list":{"0":"post-2288","1":"product","2":"type-product","3":"status-publish","4":"has-post-thumbnail","6":"product_brand-enwitec","7":"product_cat-netzumschaltboxen-on-grid","8":"product_tag-239","9":"product_tag-kostal-plenticore-g3","10":"product_tag-netzumschalteinrichtungen","11":"product_tag-on-grid","12":"product_tag-umschalteinrichtung","13":"pa_laenderfreigabe-at","14":"pa_max-durchgangsleistung-0-30-kw","15":"pa_nf-a-netzanschlusspunkt-tn-c","16":"pa_nf-a-netzanschlusspunkt-tn-s","17":"pa_nf-a-netzanschlusspunkt-tt","18":"pa_nf-i-d-verbraucheranlage-tn-s","19":"pa_nf-i-d-verbraucheranlage-tt","20":"pa_umschaltung-automatisch","21":"pa_wechselrichter-kostal-plenticore-g3","23":"first","24":"instock","25":"shipping-taxable","26":"product-type-simple"},"acf":{"product_informations":"<strong>Automatische Netzumschaltung\u00a0<\/strong>\r\n\u2013 Anschlusssicherung max. 63A\r\n\u2013 All- und Dreipolige Trennung , TN-S oder TT-System\r\n\u2013 KEIN TN-C Netz in der Kundenanlage\r\n\u2013 FRT-F\u00e4higkeit\r\n\r\n<strong>passend f\u00fcr<\/strong>\r\nKOSTAL PLENTICORE G3\r\n\r\nL\u00e4nderverf\u00fcgbarkeit: \u00d6sterreich\r\n\r\n<strong>Anmerkung<\/strong>\r\n3PH_KOSTAL_BBD3(A)P_63A_FRT_AUT","technical_data":"<div class=\"stammdaten-col\">\r\n<div class=\"line\">\r\n<div class=\"stammdaten-col\">\r\n<div class=\"line\">\r\n<p class=\"system-stammdaten-left\">Artikel Nr.: 10017469\r\n<span style=\"font-size: inherit;\">Kompatibel zu: <\/span><span style=\"font-size: inherit;\">KOSTAL\r\n<\/span><span style=\"font-size: inherit;\">Phasen: <\/span><span style=\"font-size: inherit;\">3 Phasig\r\n<\/span><span style=\"font-size: inherit;\">Netztrennung: All- und Dreipolige Trennung<\/span><span style=\"font-size: inherit;\">\r\n<\/span><span style=\"font-size: inherit;\">Max. thermische Durchgangsleistung: <\/span><span style=\"font-size: inherit;\">20 kW optional mit Bel\u00fcftungsst\u00fccke 30 kW\r\n<\/span><span style=\"font-size: inherit;\">L\u00e4nderkennung: \u00d6sterreich<\/span><span style=\"font-size: inherit;\">\r\n<\/span><span style=\"font-size: inherit;\">NA-Schutz: -<\/span><span style=\"font-size: inherit;\">\r\n<\/span><span style=\"font-size: inherit;\">Quellenumschalter: -<\/span><span style=\"font-size: inherit;\">\r\n<\/span><span style=\"font-size: inherit;\">Nennspannung: 3PH - <\/span><span style=\"font-size: inherit;\">230\/400V\r\n<\/span><span style=\"font-size: inherit;\">Nennfrequenz: <\/span><span style=\"font-size: inherit;\">50 Hz\r\n<\/span><span style=\"font-size: inherit;\">Kurzschlussstrom: <\/span><span style=\"font-size: inherit;\">10 kA\r\n<\/span><span style=\"font-size: inherit;\">Vorsicherung: <\/span><span style=\"font-size: inherit;\">63 A\r\n<\/span><span style=\"font-size: inherit;\">Betriebstemperaturbereich: -25\u00b0C bis +40\u00b0C<\/span><span style=\"font-size: inherit;\">\r\n<\/span><span style=\"font-size: inherit;\">Luftfeuchtigkeit: 5% bis 95%<\/span><span style=\"font-size: inherit;\">\r\n<\/span><span style=\"font-size: inherit;\">Schutzklasse: <\/span><span style=\"font-size: inherit;\">II\r\n<\/span><span style=\"font-size: inherit;\">Abmessungen BxHxT: 315 x 600 x 145 mm<\/span><span style=\"font-size: inherit;\">\r\n<\/span><span style=\"font-size: inherit;\">Gewicht: <\/span><span style=\"font-size: inherit;\">7,8 kg\r\n<\/span><span style=\"font-size: inherit;\">Geh\u00e4use: Polycarbonat<\/span><span style=\"font-size: inherit;\">\r\n<\/span><\/p>\r\n\r\n<\/div>\r\n<\/div>\r\n<\/div>\r\n<\/div>","download":"<a href=\"https:\/\/enwitec.eu\/wp-content\/uploads\/2025\/04\/10017469_Datenblatt_3PH_KOSTAL_BBD3AP_63A_FRT_AUT_1.0_2024_05_16-1.pdf\" target=\"_blank\" rel=\"noopener\">Datenblatt DE<\/a>\r\n<a href=\"https:\/\/enwitec.eu\/wp-content\/uploads\/2025\/04\/Kostal_Netzumschaltbox-1-2.pdf\" target=\"_blank\" rel=\"noopener\">Flyer<\/a>\r\n<a href=\"https:\/\/enwitec.eu\/wp-content\/uploads\/2025\/04\/10018944_Installationsanleitung_Kostal_Netzumschaltboxen_DA_V1.0_DE_E_2024_12_05-1.pdf\" target=\"_blank\" rel=\"noopener\">Installationsanleitung<\/a>","product_short_description":"<strong>Wechselrichter:<\/strong> KOSTAL PLENTICORE G3\r\n<strong>L\u00e4nderfreigabe:<\/strong> \u00d6sterreich\r\n<strong>max. thermische Durchgangsleistung :<\/strong> <span style=\"font-size: inherit;\">20 kW<\/span>\r\n<strong>Umschaltung: <\/strong>automatisch\r\n<strong>Netzform am Netzanschlusspunkt: <\/strong>TN-S, TN-C, TT\r\n<strong>Netzform in der Verbraucheranlage:\u00a0<\/strong>TN-S, TT","photo_gallery":{"galerie_produkte":[[]]}},"yoast_head":"<!-- This site is optimized with the Yoast SEO plugin v27.6 - https:\/\/yoast.com\/product\/yoast-seo-wordpress\/ -->\n<title>enwitec Netzumschaltbox f\u00fcr KOSTAL Wechselrichter - PLENTICORE G3 \u2013 10017469 - enwitec electronic GmbH<\/title>\n<meta name=\"robots\" content=\"index, follow, max-snippet:-1, max-image-preview:large, max-video-preview:-1\" \/>\n<link rel=\"canonical\" href=\"https:\/\/enwitec.eu\/nl\/produkt\/enwitec-netzumschaltbox-fuer-kostal-wechselrichter-plenticore-g3-10017469\/\" \/>\n<meta property=\"og:locale\" content=\"nl_NL\" \/>\n<meta property=\"og:type\" content=\"article\" \/>\n<meta property=\"og:title\" content=\"enwitec Netzumschaltbox f\u00fcr KOSTAL Wechselrichter - PLENTICORE G3 \u2013 10017469 - enwitec electronic GmbH\" \/>\n<meta property=\"og:description\" content=\"&nbsp;\" \/>\n<meta property=\"og:url\" content=\"https:\/\/enwitec.eu\/nl\/produkt\/enwitec-netzumschaltbox-fuer-kostal-wechselrichter-plenticore-g3-10017469\/\" \/>\n<meta property=\"og:site_name\" content=\"enwitec electronic GmbH\" \/>\n<meta property=\"article:modified_time\" content=\"2025-04-23T07:27:23+00:00\" \/>\n<meta property=\"og:image\" content=\"https:\/\/enwitec.eu\/wp-content\/uploads\/2025\/02\/10017469_front_offen.png\" \/>\n\t<meta property=\"og:image:width\" content=\"500\" \/>\n\t<meta property=\"og:image:height\" content=\"500\" \/>\n\t<meta property=\"og:image:type\" content=\"image\/png\" \/>\n<meta name=\"twitter:card\" content=\"summary_large_image\" \/>\n<script type=\"application\/ld+json\" class=\"yoast-schema-graph\">{\"@context\":\"https:\\\/\\\/schema.org\",\"@graph\":[{\"@type\":\"WebPage\",\"@id\":\"https:\\\/\\\/enwitec.eu\\\/nl\\\/produkt\\\/enwitec-netzumschaltbox-fuer-kostal-wechselrichter-plenticore-g3-10017469\\\/\",\"url\":\"https:\\\/\\\/enwitec.eu\\\/nl\\\/produkt\\\/enwitec-netzumschaltbox-fuer-kostal-wechselrichter-plenticore-g3-10017469\\\/\",\"name\":\"enwitec Netzumschaltbox f\u00fcr KOSTAL Wechselrichter - PLENTICORE G3 \u2013 10017469 - enwitec electronic GmbH\",\"isPartOf\":{\"@id\":\"https:\\\/\\\/enwitec.eu\\\/nl\\\/#website\"},\"primaryImageOfPage\":{\"@id\":\"https:\\\/\\\/enwitec.eu\\\/nl\\\/produkt\\\/enwitec-netzumschaltbox-fuer-kostal-wechselrichter-plenticore-g3-10017469\\\/#primaryimage\"},\"image\":{\"@id\":\"https:\\\/\\\/enwitec.eu\\\/nl\\\/produkt\\\/enwitec-netzumschaltbox-fuer-kostal-wechselrichter-plenticore-g3-10017469\\\/#primaryimage\"},\"thumbnailUrl\":\"https:\\\/\\\/enwitec.eu\\\/wp-content\\\/uploads\\\/2025\\\/02\\\/10017469_front_offen.png\",\"datePublished\":\"2024-04-24T05:14:05+00:00\",\"dateModified\":\"2025-04-23T07:27:23+00:00\",\"breadcrumb\":{\"@id\":\"https:\\\/\\\/enwitec.eu\\\/nl\\\/produkt\\\/enwitec-netzumschaltbox-fuer-kostal-wechselrichter-plenticore-g3-10017469\\\/#breadcrumb\"},\"inLanguage\":\"nl-NL\",\"potentialAction\":[{\"@type\":\"ReadAction\",\"target\":[\"https:\\\/\\\/enwitec.eu\\\/nl\\\/produkt\\\/enwitec-netzumschaltbox-fuer-kostal-wechselrichter-plenticore-g3-10017469\\\/\"]}]},{\"@type\":\"ImageObject\",\"inLanguage\":\"nl-NL\",\"@id\":\"https:\\\/\\\/enwitec.eu\\\/nl\\\/produkt\\\/enwitec-netzumschaltbox-fuer-kostal-wechselrichter-plenticore-g3-10017469\\\/#primaryimage\",\"url\":\"https:\\\/\\\/enwitec.eu\\\/wp-content\\\/uploads\\\/2025\\\/02\\\/10017469_front_offen.png\",\"contentUrl\":\"https:\\\/\\\/enwitec.eu\\\/wp-content\\\/uploads\\\/2025\\\/02\\\/10017469_front_offen.png\",\"width\":500,\"height\":500},{\"@type\":\"BreadcrumbList\",\"@id\":\"https:\\\/\\\/enwitec.eu\\\/nl\\\/produkt\\\/enwitec-netzumschaltbox-fuer-kostal-wechselrichter-plenticore-g3-10017469\\\/#breadcrumb\",\"itemListElement\":[{\"@type\":\"ListItem\",\"position\":1,\"name\":\"Startseite\",\"item\":\"https:\\\/\\\/enwitec.eu\\\/nl\\\/\"},{\"@type\":\"ListItem\",\"position\":2,\"name\":\"Produkte\",\"item\":\"https:\\\/\\\/enwitec.eu\\\/enwitec\\\/produkte\\\/\"},{\"@type\":\"ListItem\",\"position\":3,\"name\":\"enwitec Netzumschaltbox f\u00fcr KOSTAL Wechselrichter &#8211; PLENTICORE G3 \u2013 10017469\"}]},{\"@type\":\"WebSite\",\"@id\":\"https:\\\/\\\/enwitec.eu\\\/nl\\\/#website\",\"url\":\"https:\\\/\\\/enwitec.eu\\\/nl\\\/\",\"name\":\"enwitec electronic GmbH orchestrating energy flows\",\"description\":\"\",\"publisher\":{\"@id\":\"https:\\\/\\\/enwitec.eu\\\/nl\\\/#organization\"},\"potentialAction\":[{\"@type\":\"SearchAction\",\"target\":{\"@type\":\"EntryPoint\",\"urlTemplate\":\"https:\\\/\\\/enwitec.eu\\\/nl\\\/?s={search_term_string}\"},\"query-input\":{\"@type\":\"PropertyValueSpecification\",\"valueRequired\":true,\"valueName\":\"search_term_string\"}}],\"inLanguage\":\"nl-NL\"},{\"@type\":\"Organization\",\"@id\":\"https:\\\/\\\/enwitec.eu\\\/nl\\\/#organization\",\"name\":\"enwitec electronic GmbH orchestrating energy flows\",\"url\":\"https:\\\/\\\/enwitec.eu\\\/nl\\\/\",\"logo\":{\"@type\":\"ImageObject\",\"inLanguage\":\"nl-NL\",\"@id\":\"https:\\\/\\\/enwitec.eu\\\/nl\\\/#\\\/schema\\\/logo\\\/image\\\/\",\"url\":\"https:\\\/\\\/enwitec.eu\\\/wp-content\\\/uploads\\\/2025\\\/07\\\/enwitec-logo-scaled.png\",\"contentUrl\":\"https:\\\/\\\/enwitec.eu\\\/wp-content\\\/uploads\\\/2025\\\/07\\\/enwitec-logo-scaled.png\",\"width\":2560,\"height\":655,\"caption\":\"enwitec electronic GmbH orchestrating energy flows\"},\"image\":{\"@id\":\"https:\\\/\\\/enwitec.eu\\\/nl\\\/#\\\/schema\\\/logo\\\/image\\\/\"}}]}<\/script>\n<!-- \/ Yoast SEO plugin. -->","yoast_head_json":{"title":"enwitec Netzumschaltbox f\u00fcr KOSTAL Wechselrichter - PLENTICORE G3 \u2013 10017469 - enwitec electronic GmbH","robots":{"index":"index","follow":"follow","max-snippet":"max-snippet:-1","max-image-preview":"max-image-preview:large","max-video-preview":"max-video-preview:-1"},"canonical":"https:\/\/enwitec.eu\/nl\/produkt\/enwitec-netzumschaltbox-fuer-kostal-wechselrichter-plenticore-g3-10017469\/","og_locale":"nl_NL","og_type":"article","og_title":"enwitec Netzumschaltbox f\u00fcr KOSTAL Wechselrichter - PLENTICORE G3 \u2013 10017469 - enwitec electronic GmbH","og_description":"&nbsp;","og_url":"https:\/\/enwitec.eu\/nl\/produkt\/enwitec-netzumschaltbox-fuer-kostal-wechselrichter-plenticore-g3-10017469\/","og_site_name":"enwitec electronic GmbH","article_modified_time":"2025-04-23T07:27:23+00:00","og_image":[{"width":500,"height":500,"url":"https:\/\/enwitec.eu\/wp-content\/uploads\/2025\/02\/10017469_front_offen.png","type":"image\/png"}],"twitter_card":"summary_large_image","schema":{"@context":"https:\/\/schema.org","@graph":[{"@type":"WebPage","@id":"https:\/\/enwitec.eu\/nl\/produkt\/enwitec-netzumschaltbox-fuer-kostal-wechselrichter-plenticore-g3-10017469\/","url":"https:\/\/enwitec.eu\/nl\/produkt\/enwitec-netzumschaltbox-fuer-kostal-wechselrichter-plenticore-g3-10017469\/","name":"enwitec Netzumschaltbox f\u00fcr KOSTAL Wechselrichter - PLENTICORE G3 \u2013 10017469 - enwitec electronic GmbH","isPartOf":{"@id":"https:\/\/enwitec.eu\/nl\/#website"},"primaryImageOfPage":{"@id":"https:\/\/enwitec.eu\/nl\/produkt\/enwitec-netzumschaltbox-fuer-kostal-wechselrichter-plenticore-g3-10017469\/#primaryimage"},"image":{"@id":"https:\/\/enwitec.eu\/nl\/produkt\/enwitec-netzumschaltbox-fuer-kostal-wechselrichter-plenticore-g3-10017469\/#primaryimage"},"thumbnailUrl":"https:\/\/enwitec.eu\/wp-content\/uploads\/2025\/02\/10017469_front_offen.png","datePublished":"2024-04-24T05:14:05+00:00","dateModified":"2025-04-23T07:27:23+00:00","breadcrumb":{"@id":"https:\/\/enwitec.eu\/nl\/produkt\/enwitec-netzumschaltbox-fuer-kostal-wechselrichter-plenticore-g3-10017469\/#breadcrumb"},"inLanguage":"nl-NL","potentialAction":[{"@type":"ReadAction","target":["https:\/\/enwitec.eu\/nl\/produkt\/enwitec-netzumschaltbox-fuer-kostal-wechselrichter-plenticore-g3-10017469\/"]}]},{"@type":"ImageObject","inLanguage":"nl-NL","@id":"https:\/\/enwitec.eu\/nl\/produkt\/enwitec-netzumschaltbox-fuer-kostal-wechselrichter-plenticore-g3-10017469\/#primaryimage","url":"https:\/\/enwitec.eu\/wp-content\/uploads\/2025\/02\/10017469_front_offen.png","contentUrl":"https:\/\/enwitec.eu\/wp-content\/uploads\/2025\/02\/10017469_front_offen.png","width":500,"height":500},{"@type":"BreadcrumbList","@id":"https:\/\/enwitec.eu\/nl\/produkt\/enwitec-netzumschaltbox-fuer-kostal-wechselrichter-plenticore-g3-10017469\/#breadcrumb","itemListElement":[{"@type":"ListItem","position":1,"name":"Startseite","item":"https:\/\/enwitec.eu\/nl\/"},{"@type":"ListItem","position":2,"name":"Produkte","item":"https:\/\/enwitec.eu\/enwitec\/produkte\/"},{"@type":"ListItem","position":3,"name":"enwitec Netzumschaltbox f\u00fcr KOSTAL Wechselrichter &#8211; PLENTICORE G3 \u2013 10017469"}]},{"@type":"WebSite","@id":"https:\/\/enwitec.eu\/nl\/#website","url":"https:\/\/enwitec.eu\/nl\/","name":"enwitec electronic GmbH orchestrating energy flows","description":"","publisher":{"@id":"https:\/\/enwitec.eu\/nl\/#organization"},"potentialAction":[{"@type":"SearchAction","target":{"@type":"EntryPoint","urlTemplate":"https:\/\/enwitec.eu\/nl\/?s={search_term_string}"},"query-input":{"@type":"PropertyValueSpecification","valueRequired":true,"valueName":"search_term_string"}}],"inLanguage":"nl-NL"},{"@type":"Organization","@id":"https:\/\/enwitec.eu\/nl\/#organization","name":"enwitec electronic GmbH orchestrating energy flows","url":"https:\/\/enwitec.eu\/nl\/","logo":{"@type":"ImageObject","inLanguage":"nl-NL","@id":"https:\/\/enwitec.eu\/nl\/#\/schema\/logo\/image\/","url":"https:\/\/enwitec.eu\/wp-content\/uploads\/2025\/07\/enwitec-logo-scaled.png","contentUrl":"https:\/\/enwitec.eu\/wp-content\/uploads\/2025\/07\/enwitec-logo-scaled.png","width":2560,"height":655,"caption":"enwitec electronic GmbH orchestrating energy flows"},"image":{"@id":"https:\/\/enwitec.eu\/nl\/#\/schema\/logo\/image\/"}}]}},"_links":{"self":[{"href":"https:\/\/enwitec.eu\/nl\/wp-json\/wp\/v2\/product\/2288","targetHints":{"allow":["GET"]}}],"collection":[{"href":"https:\/\/enwitec.eu\/nl\/wp-json\/wp\/v2\/product"}],"about":[{"href":"https:\/\/enwitec.eu\/nl\/wp-json\/wp\/v2\/types\/product"}],"replies":[{"embeddable":true,"href":"https:\/\/enwitec.eu\/nl\/wp-json\/wp\/v2\/comments?post=2288"}],"wp:featuredmedia":[{"embeddable":true,"href":"https:\/\/enwitec.eu\/nl\/wp-json\/wp\/v2\/media\/2289"}],"wp:attachment":[{"href":"https:\/\/enwitec.eu\/nl\/wp-json\/wp\/v2\/media?parent=2288"}],"wp:term":[{"taxonomy":"anwendung","embeddable":true,"href":"https:\/\/enwitec.eu\/nl\/wp-json\/wp\/v2\/anwendung?post=2288"},{"taxonomy":"product_brand","embeddable":true,"href":"https:\/\/enwitec.eu\/nl\/wp-json\/wp\/v2\/product_brand?post=2288"},{"taxonomy":"product_cat","embeddable":true,"href":"https:\/\/enwitec.eu\/nl\/wp-json\/wp\/v2\/product_cat?post=2288"},{"taxonomy":"product_tag","embeddable":true,"href":"https:\/\/enwitec.eu\/nl\/wp-json\/wp\/v2\/product_tag?post=2288"}],"curies":[{"name":"wp","href":"https:\/\/api.w.org\/{rel}","templated":true}]}}