{"id":2256,"date":"2024-03-22T12:21:14","date_gmt":"2024-03-22T11:21:14","guid":{"rendered":"https:\/\/enwitec.eu\/produkt\/enwitec-netz-und-anlagenschutz-tor-1725-kva-gemaess-oeve-tor-r25-ns-async-10018524\/"},"modified":"2025-05-27T12:20:08","modified_gmt":"2025-05-27T10:20:08","slug":"enwitec-netz-und-anlagenschutz-tor-1725-kva-gemaess-oeve-tor-r25-ns-async-10018524","status":"publish","type":"product","link":"https:\/\/enwitec.eu\/nl\/produkt\/enwitec-netz-und-anlagenschutz-tor-1725-kva-gemaess-oeve-tor-r25-ns-async-10018524\/","title":{"rendered":"enwitec Netz- und Anlagenschutz TOR \u2013 172,5 kVA \u2013 gem\u00e4\u00df \u00d6VE TOR R25 NS ASYNC \u2013 10018524"},"content":{"rendered":"<div class=\"system-stammdaten\">\n<h2><\/h2>\n<p>&nbsp;<\/p>\n<\/div>\n","protected":false},"excerpt":{"rendered":"<p>&nbsp;<\/p>\n","protected":false},"featured_media":2257,"comment_status":"closed","ping_status":"closed","template":"","meta":{"_acf_changed":false},"anwendung":[],"product_brand":[264],"product_cat":[152],"product_tag":[233,155,156,167],"class_list":{"0":"post-2256","1":"product","2":"type-product","3":"status-publish","4":"has-post-thumbnail","6":"product_brand-enwitec","7":"product_cat-netz-und-anlagen-schutz","8":"product_tag-233","9":"product_tag-na-schutz","10":"product_tag-netz-und-anlagenschutz","11":"product_tag-tor","12":"pa_laenderfreigabe-at","13":"pa_leistung-173-345-kva","14":"pa_trennung-allpolig","16":"first","17":"instock","18":"shipping-taxable","19":"product-type-simple"},"acf":{"product_informations":"Netz- und Anlagenschutz (NA) von enwitec. Je nach nationaler Richtlinie m\u00fcssen Erzeugeranlagen bei unzul\u00e4ssigen Spannungs- oder Frequenzabweichungen des Niederspannungsnetzes abgeschaltet werden. Sollten die in der Anwendungsregel zul\u00e4ssigen Grenzwerte \u00fcberschritten werden, wird die Erzeugungsanlage automatisch vom Netz getrennt. Ist die Netzspannung oder Netzfrequenz wieder im zul\u00e4ssigen Bereich, wird die Anlage automatisch wieder eingeschaltet. Wir bieten sowohl Standardprodukte als auch individuelle L\u00f6sungen, welche an die Bed\u00fcrfnisse der jeweiligen Photovoltaikanlage angepasst sind.\r\n\r\nDieser Netz- und Anlagenschutz ist speziell f\u00fcr den \u00f6sterreichischen Markt, gem\u00e4\u00df <strong>\u00d6VE TOR R25 NS ASYNC<\/strong>\u00a0gebaut.\r\n\r\nZum leichteren Anklemmen des Kabels oben am Leistungsschalter kann der Steuerteil bei dieser Variante durch L\u00f6sen der beiden Befestigungsschrauben nach rechts geklappt werden.\r\n\r\n<strong>Anmerkung<\/strong>\r\nMatchcode: NA-Schutz-TOR-PV-172.5KVA-TNS_TT","technical_data":"<div class=\"stammdaten-col\">\r\n<div class=\"line\">\r\n<p class=\"system-stammdaten-left\">Artikel Nr.: 10018524\r\nNetzform: TT \/ TN-S\r\nLeistung: 172,5 kVA\r\nL\u00e4nderfreigabe: \u00d6VE TOR R25 NS ASYNC\r\nTrennung: allpolig\r\nPr\u00fcftrennklemmleiste: ja\r\nAusg\u00e4nge: 1 x\r\nEingangs- und Ausgangsklemmen : 35 - 185 mm\u00b2\r\nLeitungseinf\u00fchrungen: Kabelt\u00fclle M75<\/p>\r\n\r\n<\/div>\r\n<\/div>","download":"<a href=\"https:\/\/enwitec.eu\/wp-content\/uploads\/2025\/05\/10018524_Datenblatt_NA-Schutz-TOR-PV-172.5KVA-TNS_TT_2025_05_23_a.pdf\" target=\"_blank\" rel=\"noopener\">Datenblatt DE<\/a>\r\n<a href=\"https:\/\/enwitec.eu\/wp-content\/uploads\/2025\/04\/10018665_Installationsanleitung_NA-Schutz_DE_2023_10_25.pdf\" target=\"_blank\" rel=\"noopener\">Installationsanleitung<\/a>\r\n<a href=\"https:\/\/enwitec.eu\/wp-content\/uploads\/2025\/04\/Unbedenklichkeitsbescheinigung_NA-Schutz_U22-0322_TOR-Erzeuger_AUT.pdf\" target=\"_blank\" rel=\"noopener\">Unbedenklichkeitsbescheinigung<\/a>","product_short_description":"<strong>L\u00e4nderfreigabe:<\/strong> \u00d6VE TOR R25 NS ASYNC\r\n<strong>Leistung:<\/strong> 172,5 kVA\r\n<strong>Trennung:<\/strong> allpolig\r\n<strong>Netzform: <\/strong>TT \/ TN-S","photo_gallery":{"galerie_produkte":[[]]}},"yoast_head":"<!-- This site is optimized with the Yoast SEO plugin v27.6 - https:\/\/yoast.com\/product\/yoast-seo-wordpress\/ -->\n<title>enwitec Netz- und Anlagenschutz TOR \u2013 172,5 kVA \u2013 gem\u00e4\u00df \u00d6VE TOR R25 NS ASYNC \u2013 10018524 - enwitec electronic GmbH<\/title>\n<meta name=\"robots\" content=\"index, follow, max-snippet:-1, max-image-preview:large, max-video-preview:-1\" \/>\n<link rel=\"canonical\" href=\"https:\/\/enwitec.eu\/nl\/produkt\/enwitec-netz-und-anlagenschutz-tor-1725-kva-gemaess-oeve-tor-r25-ns-async-10018524\/\" \/>\n<meta property=\"og:locale\" content=\"nl_NL\" \/>\n<meta property=\"og:type\" content=\"article\" \/>\n<meta property=\"og:title\" content=\"enwitec Netz- und Anlagenschutz TOR \u2013 172,5 kVA \u2013 gem\u00e4\u00df \u00d6VE TOR R25 NS ASYNC \u2013 10018524 - enwitec electronic GmbH\" \/>\n<meta property=\"og:description\" content=\"&nbsp;\" \/>\n<meta property=\"og:url\" content=\"https:\/\/enwitec.eu\/nl\/produkt\/enwitec-netz-und-anlagenschutz-tor-1725-kva-gemaess-oeve-tor-r25-ns-async-10018524\/\" \/>\n<meta property=\"og:site_name\" content=\"enwitec electronic GmbH\" \/>\n<meta property=\"article:modified_time\" content=\"2025-05-27T10:20:08+00:00\" \/>\n<meta property=\"og:image\" content=\"https:\/\/linqeurope.pl\/wp-content\/uploads\/2025\/02\/10018524_front.png\" \/>\n\t<meta property=\"og:image:width\" content=\"500\" \/>\n\t<meta property=\"og:image:height\" content=\"500\" \/>\n\t<meta property=\"og:image:type\" content=\"image\/png\" \/>\n<meta name=\"twitter:card\" content=\"summary_large_image\" \/>\n<script type=\"application\/ld+json\" class=\"yoast-schema-graph\">{\"@context\":\"https:\\\/\\\/schema.org\",\"@graph\":[{\"@type\":\"WebPage\",\"@id\":\"https:\\\/\\\/enwitec.eu\\\/nl\\\/produkt\\\/enwitec-netz-und-anlagenschutz-tor-1725-kva-gemaess-oeve-tor-r25-ns-async-10018524\\\/\",\"url\":\"https:\\\/\\\/enwitec.eu\\\/nl\\\/produkt\\\/enwitec-netz-und-anlagenschutz-tor-1725-kva-gemaess-oeve-tor-r25-ns-async-10018524\\\/\",\"name\":\"enwitec Netz- und Anlagenschutz TOR \u2013 172,5 kVA \u2013 gem\u00e4\u00df \u00d6VE TOR R25 NS ASYNC \u2013 10018524 - enwitec electronic GmbH\",\"isPartOf\":{\"@id\":\"https:\\\/\\\/enwitec.eu\\\/nl\\\/#website\"},\"primaryImageOfPage\":{\"@id\":\"https:\\\/\\\/enwitec.eu\\\/nl\\\/produkt\\\/enwitec-netz-und-anlagenschutz-tor-1725-kva-gemaess-oeve-tor-r25-ns-async-10018524\\\/#primaryimage\"},\"image\":{\"@id\":\"https:\\\/\\\/enwitec.eu\\\/nl\\\/produkt\\\/enwitec-netz-und-anlagenschutz-tor-1725-kva-gemaess-oeve-tor-r25-ns-async-10018524\\\/#primaryimage\"},\"thumbnailUrl\":\"https:\\\/\\\/enwitec.eu\\\/wp-content\\\/uploads\\\/2025\\\/02\\\/10018524_front.png\",\"datePublished\":\"2024-03-22T11:21:14+00:00\",\"dateModified\":\"2025-05-27T10:20:08+00:00\",\"breadcrumb\":{\"@id\":\"https:\\\/\\\/enwitec.eu\\\/nl\\\/produkt\\\/enwitec-netz-und-anlagenschutz-tor-1725-kva-gemaess-oeve-tor-r25-ns-async-10018524\\\/#breadcrumb\"},\"inLanguage\":\"nl-NL\",\"potentialAction\":[{\"@type\":\"ReadAction\",\"target\":[\"https:\\\/\\\/enwitec.eu\\\/nl\\\/produkt\\\/enwitec-netz-und-anlagenschutz-tor-1725-kva-gemaess-oeve-tor-r25-ns-async-10018524\\\/\"]}]},{\"@type\":\"ImageObject\",\"inLanguage\":\"nl-NL\",\"@id\":\"https:\\\/\\\/enwitec.eu\\\/nl\\\/produkt\\\/enwitec-netz-und-anlagenschutz-tor-1725-kva-gemaess-oeve-tor-r25-ns-async-10018524\\\/#primaryimage\",\"url\":\"https:\\\/\\\/enwitec.eu\\\/wp-content\\\/uploads\\\/2025\\\/02\\\/10018524_front.png\",\"contentUrl\":\"https:\\\/\\\/enwitec.eu\\\/wp-content\\\/uploads\\\/2025\\\/02\\\/10018524_front.png\",\"width\":500,\"height\":500},{\"@type\":\"BreadcrumbList\",\"@id\":\"https:\\\/\\\/enwitec.eu\\\/nl\\\/produkt\\\/enwitec-netz-und-anlagenschutz-tor-1725-kva-gemaess-oeve-tor-r25-ns-async-10018524\\\/#breadcrumb\",\"itemListElement\":[{\"@type\":\"ListItem\",\"position\":1,\"name\":\"Startseite\",\"item\":\"https:\\\/\\\/enwitec.eu\\\/nl\\\/\"},{\"@type\":\"ListItem\",\"position\":2,\"name\":\"Produkte\",\"item\":\"https:\\\/\\\/enwitec.eu\\\/enwitec\\\/produkte\\\/\"},{\"@type\":\"ListItem\",\"position\":3,\"name\":\"enwitec Netz- und Anlagenschutz TOR \u2013 172,5 kVA \u2013 gem\u00e4\u00df \u00d6VE TOR R25 NS ASYNC \u2013 10018524\"}]},{\"@type\":\"WebSite\",\"@id\":\"https:\\\/\\\/enwitec.eu\\\/nl\\\/#website\",\"url\":\"https:\\\/\\\/enwitec.eu\\\/nl\\\/\",\"name\":\"enwitec electronic GmbH orchestrating energy flows\",\"description\":\"\",\"publisher\":{\"@id\":\"https:\\\/\\\/enwitec.eu\\\/nl\\\/#organization\"},\"potentialAction\":[{\"@type\":\"SearchAction\",\"target\":{\"@type\":\"EntryPoint\",\"urlTemplate\":\"https:\\\/\\\/enwitec.eu\\\/nl\\\/?s={search_term_string}\"},\"query-input\":{\"@type\":\"PropertyValueSpecification\",\"valueRequired\":true,\"valueName\":\"search_term_string\"}}],\"inLanguage\":\"nl-NL\"},{\"@type\":\"Organization\",\"@id\":\"https:\\\/\\\/enwitec.eu\\\/nl\\\/#organization\",\"name\":\"enwitec electronic GmbH orchestrating energy flows\",\"url\":\"https:\\\/\\\/enwitec.eu\\\/nl\\\/\",\"logo\":{\"@type\":\"ImageObject\",\"inLanguage\":\"nl-NL\",\"@id\":\"https:\\\/\\\/enwitec.eu\\\/nl\\\/#\\\/schema\\\/logo\\\/image\\\/\",\"url\":\"https:\\\/\\\/enwitec.eu\\\/wp-content\\\/uploads\\\/2025\\\/07\\\/enwitec-logo-scaled.png\",\"contentUrl\":\"https:\\\/\\\/enwitec.eu\\\/wp-content\\\/uploads\\\/2025\\\/07\\\/enwitec-logo-scaled.png\",\"width\":2560,\"height\":655,\"caption\":\"enwitec electronic GmbH orchestrating energy flows\"},\"image\":{\"@id\":\"https:\\\/\\\/enwitec.eu\\\/nl\\\/#\\\/schema\\\/logo\\\/image\\\/\"}}]}<\/script>\n<!-- \/ Yoast SEO plugin. -->","yoast_head_json":{"title":"enwitec Netz- und Anlagenschutz TOR \u2013 172,5 kVA \u2013 gem\u00e4\u00df \u00d6VE TOR R25 NS ASYNC \u2013 10018524 - enwitec electronic GmbH","robots":{"index":"index","follow":"follow","max-snippet":"max-snippet:-1","max-image-preview":"max-image-preview:large","max-video-preview":"max-video-preview:-1"},"canonical":"https:\/\/enwitec.eu\/nl\/produkt\/enwitec-netz-und-anlagenschutz-tor-1725-kva-gemaess-oeve-tor-r25-ns-async-10018524\/","og_locale":"nl_NL","og_type":"article","og_title":"enwitec Netz- und Anlagenschutz TOR \u2013 172,5 kVA \u2013 gem\u00e4\u00df \u00d6VE TOR R25 NS ASYNC \u2013 10018524 - enwitec electronic GmbH","og_description":"&nbsp;","og_url":"https:\/\/enwitec.eu\/nl\/produkt\/enwitec-netz-und-anlagenschutz-tor-1725-kva-gemaess-oeve-tor-r25-ns-async-10018524\/","og_site_name":"enwitec electronic GmbH","article_modified_time":"2025-05-27T10:20:08+00:00","og_image":[{"width":500,"height":500,"url":"https:\/\/linqeurope.pl\/wp-content\/uploads\/2025\/02\/10018524_front.png","type":"image\/png"}],"twitter_card":"summary_large_image","schema":{"@context":"https:\/\/schema.org","@graph":[{"@type":"WebPage","@id":"https:\/\/enwitec.eu\/nl\/produkt\/enwitec-netz-und-anlagenschutz-tor-1725-kva-gemaess-oeve-tor-r25-ns-async-10018524\/","url":"https:\/\/enwitec.eu\/nl\/produkt\/enwitec-netz-und-anlagenschutz-tor-1725-kva-gemaess-oeve-tor-r25-ns-async-10018524\/","name":"enwitec Netz- und Anlagenschutz TOR \u2013 172,5 kVA \u2013 gem\u00e4\u00df \u00d6VE TOR R25 NS ASYNC \u2013 10018524 - enwitec electronic GmbH","isPartOf":{"@id":"https:\/\/enwitec.eu\/nl\/#website"},"primaryImageOfPage":{"@id":"https:\/\/enwitec.eu\/nl\/produkt\/enwitec-netz-und-anlagenschutz-tor-1725-kva-gemaess-oeve-tor-r25-ns-async-10018524\/#primaryimage"},"image":{"@id":"https:\/\/enwitec.eu\/nl\/produkt\/enwitec-netz-und-anlagenschutz-tor-1725-kva-gemaess-oeve-tor-r25-ns-async-10018524\/#primaryimage"},"thumbnailUrl":"https:\/\/enwitec.eu\/wp-content\/uploads\/2025\/02\/10018524_front.png","datePublished":"2024-03-22T11:21:14+00:00","dateModified":"2025-05-27T10:20:08+00:00","breadcrumb":{"@id":"https:\/\/enwitec.eu\/nl\/produkt\/enwitec-netz-und-anlagenschutz-tor-1725-kva-gemaess-oeve-tor-r25-ns-async-10018524\/#breadcrumb"},"inLanguage":"nl-NL","potentialAction":[{"@type":"ReadAction","target":["https:\/\/enwitec.eu\/nl\/produkt\/enwitec-netz-und-anlagenschutz-tor-1725-kva-gemaess-oeve-tor-r25-ns-async-10018524\/"]}]},{"@type":"ImageObject","inLanguage":"nl-NL","@id":"https:\/\/enwitec.eu\/nl\/produkt\/enwitec-netz-und-anlagenschutz-tor-1725-kva-gemaess-oeve-tor-r25-ns-async-10018524\/#primaryimage","url":"https:\/\/enwitec.eu\/wp-content\/uploads\/2025\/02\/10018524_front.png","contentUrl":"https:\/\/enwitec.eu\/wp-content\/uploads\/2025\/02\/10018524_front.png","width":500,"height":500},{"@type":"BreadcrumbList","@id":"https:\/\/enwitec.eu\/nl\/produkt\/enwitec-netz-und-anlagenschutz-tor-1725-kva-gemaess-oeve-tor-r25-ns-async-10018524\/#breadcrumb","itemListElement":[{"@type":"ListItem","position":1,"name":"Startseite","item":"https:\/\/enwitec.eu\/nl\/"},{"@type":"ListItem","position":2,"name":"Produkte","item":"https:\/\/enwitec.eu\/enwitec\/produkte\/"},{"@type":"ListItem","position":3,"name":"enwitec Netz- und Anlagenschutz TOR \u2013 172,5 kVA \u2013 gem\u00e4\u00df \u00d6VE TOR R25 NS ASYNC \u2013 10018524"}]},{"@type":"WebSite","@id":"https:\/\/enwitec.eu\/nl\/#website","url":"https:\/\/enwitec.eu\/nl\/","name":"enwitec electronic GmbH orchestrating energy flows","description":"","publisher":{"@id":"https:\/\/enwitec.eu\/nl\/#organization"},"potentialAction":[{"@type":"SearchAction","target":{"@type":"EntryPoint","urlTemplate":"https:\/\/enwitec.eu\/nl\/?s={search_term_string}"},"query-input":{"@type":"PropertyValueSpecification","valueRequired":true,"valueName":"search_term_string"}}],"inLanguage":"nl-NL"},{"@type":"Organization","@id":"https:\/\/enwitec.eu\/nl\/#organization","name":"enwitec electronic GmbH orchestrating energy flows","url":"https:\/\/enwitec.eu\/nl\/","logo":{"@type":"ImageObject","inLanguage":"nl-NL","@id":"https:\/\/enwitec.eu\/nl\/#\/schema\/logo\/image\/","url":"https:\/\/enwitec.eu\/wp-content\/uploads\/2025\/07\/enwitec-logo-scaled.png","contentUrl":"https:\/\/enwitec.eu\/wp-content\/uploads\/2025\/07\/enwitec-logo-scaled.png","width":2560,"height":655,"caption":"enwitec electronic GmbH orchestrating energy flows"},"image":{"@id":"https:\/\/enwitec.eu\/nl\/#\/schema\/logo\/image\/"}}]}},"_links":{"self":[{"href":"https:\/\/enwitec.eu\/nl\/wp-json\/wp\/v2\/product\/2256","targetHints":{"allow":["GET"]}}],"collection":[{"href":"https:\/\/enwitec.eu\/nl\/wp-json\/wp\/v2\/product"}],"about":[{"href":"https:\/\/enwitec.eu\/nl\/wp-json\/wp\/v2\/types\/product"}],"replies":[{"embeddable":true,"href":"https:\/\/enwitec.eu\/nl\/wp-json\/wp\/v2\/comments?post=2256"}],"wp:featuredmedia":[{"embeddable":true,"href":"https:\/\/enwitec.eu\/nl\/wp-json\/wp\/v2\/media\/2257"}],"wp:attachment":[{"href":"https:\/\/enwitec.eu\/nl\/wp-json\/wp\/v2\/media?parent=2256"}],"wp:term":[{"taxonomy":"anwendung","embeddable":true,"href":"https:\/\/enwitec.eu\/nl\/wp-json\/wp\/v2\/anwendung?post=2256"},{"taxonomy":"product_brand","embeddable":true,"href":"https:\/\/enwitec.eu\/nl\/wp-json\/wp\/v2\/product_brand?post=2256"},{"taxonomy":"product_cat","embeddable":true,"href":"https:\/\/enwitec.eu\/nl\/wp-json\/wp\/v2\/product_cat?post=2256"},{"taxonomy":"product_tag","embeddable":true,"href":"https:\/\/enwitec.eu\/nl\/wp-json\/wp\/v2\/product_tag?post=2256"}],"curies":[{"name":"wp","href":"https:\/\/api.w.org\/{rel}","templated":true}]}}