{"id":23505,"date":"2024-02-29T15:50:19","date_gmt":"2024-02-29T14:50:19","guid":{"rendered":"https:\/\/greenlink.technology\/produkt\/protezione-di-rete-e-di-sistema-enwitec-1725-kva-in-conformita-con-vde-ar-n-41052018-11-10018566\/"},"modified":"2026-03-03T14:21:57","modified_gmt":"2026-03-03T13:21:57","slug":"protezione-di-rete-e-di-sistema-enwitec-1725-kva-in-conformita-con-vde-ar-n-41052018-11-10018566","status":"publish","type":"product","link":"https:\/\/greenlink.technology\/it\/produkt\/protezione-di-rete-e-di-sistema-enwitec-1725-kva-in-conformita-con-vde-ar-n-41052018-11-10018566\/","title":{"rendered":"Protezione di rete e di sistema enwitec &#8211; 172,5 kVA &#8211; in conformit\u00e0 con VDE-AR-N 4105:2018-11 &#8211; 10018566"},"content":{"rendered":"<div class=\"system-stammdaten\">\n<h2\/>\n&nbsp;<\/p>\n<\/div>\n","protected":false},"excerpt":{"rendered":"<p>&nbsp;<\/p>\n","protected":false},"featured_media":23506,"comment_status":"closed","ping_status":"closed","template":"","meta":{"_acf_changed":false},"anwendung":[],"product_brand":[264],"product_cat":[1716],"product_tag":[1930,1719,1718,1717],"class_list":{"0":"post-23505","1":"product","2":"type-product","3":"status-publish","4":"has-post-thumbnail","6":"product_brand-enwitec","7":"product_cat-protezione-della-rete-e-del-sistema","8":"product_tag-1930","9":"product_tag-na4105","10":"product_tag-protezione-della-rete-e-del-sistema","11":"product_tag-protezione-na","12":"pa_laenderfreigabe-at","13":"pa_laenderfreigabe-it","14":"pa_leistung-87-172-kva","15":"pa_trennung-tutti-i-poli","17":"first","18":"instock","19":"shipping-taxable","20":"product-type-simple"},"acf":{"product_informations":"Protezione della rete e del sistema (NA) di enwitec. A seconda della direttiva nazionale, i sistemi di generazione devono essere spenti in caso di deviazioni di tensione o frequenza non consentite nella rete a bassa tensione. Se i valori limite consentiti dalla norma di applicazione vengono superati, il sistema di generazione viene automaticamente disconnesso dalla rete.   Una volta che la tensione o la frequenza di rete rientrano nell'intervallo consentito, il sistema si riaccende automaticamente. Offriamo sia prodotti standard che soluzioni personalizzate che si adattano alle esigenze del rispettivo impianto fotovoltaico. \n\nQuesta protezione di rete e di sistema \u00e8 stata progettata appositamente per il mercato tedesco e austriaco in conformit\u00e0 con la normativa <strong>VDE-AR-N 4105:2018-11 e \u00d6VE TOR R25 NS ASYNC <\/strong>.\n\n<strong>Nota<\/strong>\nNA-Protection-PV-172.5KVA-NH-TNS_TT","technical_data":"Articolo n.: 10018566\nForma di rete: TT \/ TN-S\nPotenza: 172,5 kVA\nOmologazione nazionale: VDE-AR-N 4105:2018-11 e \u00d6VE TOR R25 NS ASYNC\nDisconnessione: onnipolare\nMorsettiera di test di disconnessione: s\u00ec\nIngressi: 1x\nTerminali di ingresso alla rete: 16 - 120 mm\u00b2\nUscite: 4 x NH 000\nTerminali di uscita: 2,5 - 35 mm\u00b2\nEntrate cavi: Passacavi M75 \/ pressacavi","download":"<a href=\"https:\/\/greenlink.technology\/wp-content\/uploads\/2025\/05\/10018566_Datenblatt_NA-Schutz-PV-172.5KVA-NH-TNS_TT_2025_05_23_a.pdf\" target=\"_blank\" rel=\"noopener\">Scheda tecnica IT<\/a>\n<a href=\"https:\/\/greenlink.technology\/wp-content\/uploads\/2025\/04\/10018665_Installationsanleitung_NA-Schutz_DE_2023_10_25.pdf\" target=\"_blank\" rel=\"noopener\">Istruzioni per l'installazione<\/a>\n<a href=\"https:\/\/greenlink.technology\/wp-content\/uploads\/2025\/04\/Zertifikat_NA-Schutz_U22-0171_VDE-AR-N-4105_DE.pdf\" target=\"_blank\" rel=\"noopener\">Certificato di installazione<\/a>\n<a href=\"https:\/\/greenlink.technology\/wp-content\/uploads\/2025\/04\/Unbedenklichkeitsbescheinigung_NA-Schutz_U22-0322_TOR-Erzeuger_AUT.pdf\" target=\"_blank\" rel=\"noopener\">Certificato di autorizzazione<\/a>","product_short_description":"<strong>Omologazione nazionale:<\/strong> VDE-AR-N 4105:2018-11 e \u00d6VE TOR R25 NS ASYNC\n<strong>Potenza:<\/strong> 172,5 kVA\n<strong>Isolamento:<\/strong> tutto il polo\n<strong>Forma di rete: <\/strong>TT \/ TN-S","photo_gallery":{"galerie_produkte":[[]]}},"yoast_head":"<!-- This site is optimized with the Yoast SEO plugin v27.3 - https:\/\/yoast.com\/product\/yoast-seo-wordpress\/ -->\n<title>Protezione di rete e di sistema enwitec - 172,5 kVA - in conformit\u00e0 con VDE-AR-N 4105:2018-11 - 10018566 - greenLink orchestrating energy flows | enwitec electronic GmbH | LinQ Europe Sp. z o.o.<\/title>\n<meta name=\"robots\" content=\"index, follow, max-snippet:-1, max-image-preview:large, max-video-preview:-1\" \/>\n<link rel=\"canonical\" href=\"https:\/\/greenlink.technology\/it\/produkt\/protezione-di-rete-e-di-sistema-enwitec-1725-kva-in-conformita-con-vde-ar-n-41052018-11-10018566\/\" \/>\n<meta property=\"og:locale\" content=\"it_IT\" \/>\n<meta property=\"og:type\" content=\"article\" \/>\n<meta property=\"og:title\" content=\"Protezione di rete e di sistema enwitec - 172,5 kVA - in conformit\u00e0 con VDE-AR-N 4105:2018-11 - 10018566 - greenLink orchestrating energy flows | enwitec electronic GmbH | LinQ Europe Sp. z o.o.\" \/>\n<meta property=\"og:description\" content=\"&nbsp;\" \/>\n<meta property=\"og:url\" content=\"https:\/\/greenlink.technology\/it\/produkt\/protezione-di-rete-e-di-sistema-enwitec-1725-kva-in-conformita-con-vde-ar-n-41052018-11-10018566\/\" \/>\n<meta property=\"og:site_name\" content=\"greenLink orchestrating energy flows | enwitec electronic GmbH | LinQ Europe Sp. z o.o.\" \/>\n<meta property=\"article:modified_time\" content=\"2026-03-03T13:21:57+00:00\" \/>\n<meta property=\"og:image\" content=\"https:\/\/linqeurope.pl\/wp-content\/uploads\/2025\/02\/10018566_front.png\" \/>\n\t<meta property=\"og:image:width\" content=\"500\" \/>\n\t<meta property=\"og:image:height\" content=\"500\" \/>\n\t<meta property=\"og:image:type\" content=\"image\/png\" \/>\n<meta name=\"twitter:card\" content=\"summary_large_image\" \/>\n<script type=\"application\/ld+json\" class=\"yoast-schema-graph\">{\"@context\":\"https:\\\/\\\/schema.org\",\"@graph\":[{\"@type\":\"WebPage\",\"@id\":\"https:\\\/\\\/greenlink.technology\\\/it\\\/produkt\\\/protezione-di-rete-e-di-sistema-enwitec-1725-kva-in-conformita-con-vde-ar-n-41052018-11-10018566\\\/\",\"url\":\"https:\\\/\\\/greenlink.technology\\\/it\\\/produkt\\\/protezione-di-rete-e-di-sistema-enwitec-1725-kva-in-conformita-con-vde-ar-n-41052018-11-10018566\\\/\",\"name\":\"Protezione di rete e di sistema enwitec - 172,5 kVA - in conformit\u00e0 con VDE-AR-N 4105:2018-11 - 10018566 - greenLink orchestrating energy flows | enwitec electronic GmbH | LinQ Europe Sp. z o.o.\",\"isPartOf\":{\"@id\":\"https:\\\/\\\/enwitec.eu\\\/en\\\/#website\"},\"primaryImageOfPage\":{\"@id\":\"https:\\\/\\\/greenlink.technology\\\/it\\\/produkt\\\/protezione-di-rete-e-di-sistema-enwitec-1725-kva-in-conformita-con-vde-ar-n-41052018-11-10018566\\\/#primaryimage\"},\"image\":{\"@id\":\"https:\\\/\\\/greenlink.technology\\\/it\\\/produkt\\\/protezione-di-rete-e-di-sistema-enwitec-1725-kva-in-conformita-con-vde-ar-n-41052018-11-10018566\\\/#primaryimage\"},\"thumbnailUrl\":\"https:\\\/\\\/greenlink.technology\\\/wp-content\\\/uploads\\\/2025\\\/02\\\/10018566_front.png\",\"datePublished\":\"2024-02-29T14:50:19+00:00\",\"dateModified\":\"2026-03-03T13:21:57+00:00\",\"breadcrumb\":{\"@id\":\"https:\\\/\\\/greenlink.technology\\\/it\\\/produkt\\\/protezione-di-rete-e-di-sistema-enwitec-1725-kva-in-conformita-con-vde-ar-n-41052018-11-10018566\\\/#breadcrumb\"},\"inLanguage\":\"it-IT\",\"potentialAction\":[{\"@type\":\"ReadAction\",\"target\":[\"https:\\\/\\\/greenlink.technology\\\/it\\\/produkt\\\/protezione-di-rete-e-di-sistema-enwitec-1725-kva-in-conformita-con-vde-ar-n-41052018-11-10018566\\\/\"]}]},{\"@type\":\"ImageObject\",\"inLanguage\":\"it-IT\",\"@id\":\"https:\\\/\\\/greenlink.technology\\\/it\\\/produkt\\\/protezione-di-rete-e-di-sistema-enwitec-1725-kva-in-conformita-con-vde-ar-n-41052018-11-10018566\\\/#primaryimage\",\"url\":\"https:\\\/\\\/greenlink.technology\\\/wp-content\\\/uploads\\\/2025\\\/02\\\/10018566_front.png\",\"contentUrl\":\"https:\\\/\\\/greenlink.technology\\\/wp-content\\\/uploads\\\/2025\\\/02\\\/10018566_front.png\",\"width\":500,\"height\":500},{\"@type\":\"BreadcrumbList\",\"@id\":\"https:\\\/\\\/greenlink.technology\\\/it\\\/produkt\\\/protezione-di-rete-e-di-sistema-enwitec-1725-kva-in-conformita-con-vde-ar-n-41052018-11-10018566\\\/#breadcrumb\",\"itemListElement\":[{\"@type\":\"ListItem\",\"position\":1,\"name\":\"Startseite\",\"item\":\"https:\\\/\\\/greenlink.technology\\\/it\\\/\"},{\"@type\":\"ListItem\",\"position\":2,\"name\":\"Prodotti\",\"item\":\"https:\\\/\\\/greenlink.technology\\\/it\\\/chi-siamo\\\/unternehmen\\\/enwitec\\\/prodotti\\\/\"},{\"@type\":\"ListItem\",\"position\":3,\"name\":\"Protezione di rete e di sistema enwitec &#8211; 172,5 kVA &#8211; in conformit\u00e0 con VDE-AR-N 4105:2018-11 &#8211; 10018566\"}]},{\"@type\":\"WebSite\",\"@id\":\"https:\\\/\\\/enwitec.eu\\\/en\\\/#website\",\"url\":\"https:\\\/\\\/enwitec.eu\\\/en\\\/\",\"name\":\"greenLink orchestrating energy flows | enwitec electronic GmbH | LinQ Europe Sp. z o.o.\",\"description\":\"\",\"publisher\":{\"@id\":\"https:\\\/\\\/enwitec.eu\\\/en\\\/#organization\"},\"potentialAction\":[{\"@type\":\"SearchAction\",\"target\":{\"@type\":\"EntryPoint\",\"urlTemplate\":\"https:\\\/\\\/enwitec.eu\\\/en\\\/?s={search_term_string}\"},\"query-input\":{\"@type\":\"PropertyValueSpecification\",\"valueRequired\":true,\"valueName\":\"search_term_string\"}}],\"inLanguage\":\"it-IT\"},{\"@type\":\"Organization\",\"@id\":\"https:\\\/\\\/enwitec.eu\\\/en\\\/#organization\",\"name\":\"greenLink orchestrando i flussi di energia | enwitec electronic GmbH | LinQ Europe Sp. z o.o.\",\"url\":\"https:\\\/\\\/enwitec.eu\\\/en\\\/\",\"logo\":{\"@type\":\"ImageObject\",\"inLanguage\":\"it-IT\",\"@id\":\"https:\\\/\\\/enwitec.eu\\\/en\\\/#\\\/schema\\\/logo\\\/image\\\/\",\"url\":\"https:\\\/\\\/greenlink.technology\\\/wp-content\\\/uploads\\\/2025\\\/01\\\/greenlink-logo-final.png\",\"contentUrl\":\"https:\\\/\\\/greenlink.technology\\\/wp-content\\\/uploads\\\/2025\\\/01\\\/greenlink-logo-final.png\",\"width\":2586,\"height\":629,\"caption\":\"greenLink orchestrando i flussi di energia | enwitec electronic GmbH | LinQ Europe Sp. z o.o. \"},\"image\":{\"@id\":\"https:\\\/\\\/enwitec.eu\\\/en\\\/#\\\/schema\\\/logo\\\/image\\\/\"}}]}<\/script>\n<!-- \/ Yoast SEO plugin. -->","yoast_head_json":{"title":"Protezione di rete e di sistema enwitec - 172,5 kVA - in conformit\u00e0 con VDE-AR-N 4105:2018-11 - 10018566 - greenLink orchestrating energy flows | enwitec electronic GmbH | LinQ Europe Sp. z o.o.","robots":{"index":"index","follow":"follow","max-snippet":"max-snippet:-1","max-image-preview":"max-image-preview:large","max-video-preview":"max-video-preview:-1"},"canonical":"https:\/\/greenlink.technology\/it\/produkt\/protezione-di-rete-e-di-sistema-enwitec-1725-kva-in-conformita-con-vde-ar-n-41052018-11-10018566\/","og_locale":"it_IT","og_type":"article","og_title":"Protezione di rete e di sistema enwitec - 172,5 kVA - in conformit\u00e0 con VDE-AR-N 4105:2018-11 - 10018566 - greenLink orchestrating energy flows | enwitec electronic GmbH | LinQ Europe Sp. z o.o.","og_description":"&nbsp;","og_url":"https:\/\/greenlink.technology\/it\/produkt\/protezione-di-rete-e-di-sistema-enwitec-1725-kva-in-conformita-con-vde-ar-n-41052018-11-10018566\/","og_site_name":"greenLink orchestrating energy flows | enwitec electronic GmbH | LinQ Europe Sp. z o.o.","article_modified_time":"2026-03-03T13:21:57+00:00","og_image":[{"width":500,"height":500,"url":"https:\/\/linqeurope.pl\/wp-content\/uploads\/2025\/02\/10018566_front.png","type":"image\/png"}],"twitter_card":"summary_large_image","schema":{"@context":"https:\/\/schema.org","@graph":[{"@type":"WebPage","@id":"https:\/\/greenlink.technology\/it\/produkt\/protezione-di-rete-e-di-sistema-enwitec-1725-kva-in-conformita-con-vde-ar-n-41052018-11-10018566\/","url":"https:\/\/greenlink.technology\/it\/produkt\/protezione-di-rete-e-di-sistema-enwitec-1725-kva-in-conformita-con-vde-ar-n-41052018-11-10018566\/","name":"Protezione di rete e di sistema enwitec - 172,5 kVA - in conformit\u00e0 con VDE-AR-N 4105:2018-11 - 10018566 - greenLink orchestrating energy flows | enwitec electronic GmbH | LinQ Europe Sp. z o.o.","isPartOf":{"@id":"https:\/\/enwitec.eu\/en\/#website"},"primaryImageOfPage":{"@id":"https:\/\/greenlink.technology\/it\/produkt\/protezione-di-rete-e-di-sistema-enwitec-1725-kva-in-conformita-con-vde-ar-n-41052018-11-10018566\/#primaryimage"},"image":{"@id":"https:\/\/greenlink.technology\/it\/produkt\/protezione-di-rete-e-di-sistema-enwitec-1725-kva-in-conformita-con-vde-ar-n-41052018-11-10018566\/#primaryimage"},"thumbnailUrl":"https:\/\/greenlink.technology\/wp-content\/uploads\/2025\/02\/10018566_front.png","datePublished":"2024-02-29T14:50:19+00:00","dateModified":"2026-03-03T13:21:57+00:00","breadcrumb":{"@id":"https:\/\/greenlink.technology\/it\/produkt\/protezione-di-rete-e-di-sistema-enwitec-1725-kva-in-conformita-con-vde-ar-n-41052018-11-10018566\/#breadcrumb"},"inLanguage":"it-IT","potentialAction":[{"@type":"ReadAction","target":["https:\/\/greenlink.technology\/it\/produkt\/protezione-di-rete-e-di-sistema-enwitec-1725-kva-in-conformita-con-vde-ar-n-41052018-11-10018566\/"]}]},{"@type":"ImageObject","inLanguage":"it-IT","@id":"https:\/\/greenlink.technology\/it\/produkt\/protezione-di-rete-e-di-sistema-enwitec-1725-kva-in-conformita-con-vde-ar-n-41052018-11-10018566\/#primaryimage","url":"https:\/\/greenlink.technology\/wp-content\/uploads\/2025\/02\/10018566_front.png","contentUrl":"https:\/\/greenlink.technology\/wp-content\/uploads\/2025\/02\/10018566_front.png","width":500,"height":500},{"@type":"BreadcrumbList","@id":"https:\/\/greenlink.technology\/it\/produkt\/protezione-di-rete-e-di-sistema-enwitec-1725-kva-in-conformita-con-vde-ar-n-41052018-11-10018566\/#breadcrumb","itemListElement":[{"@type":"ListItem","position":1,"name":"Startseite","item":"https:\/\/greenlink.technology\/it\/"},{"@type":"ListItem","position":2,"name":"Prodotti","item":"https:\/\/greenlink.technology\/it\/chi-siamo\/unternehmen\/enwitec\/prodotti\/"},{"@type":"ListItem","position":3,"name":"Protezione di rete e di sistema enwitec &#8211; 172,5 kVA &#8211; in conformit\u00e0 con VDE-AR-N 4105:2018-11 &#8211; 10018566"}]},{"@type":"WebSite","@id":"https:\/\/enwitec.eu\/en\/#website","url":"https:\/\/enwitec.eu\/en\/","name":"greenLink orchestrating energy flows | enwitec electronic GmbH | LinQ Europe Sp. z o.o.","description":"","publisher":{"@id":"https:\/\/enwitec.eu\/en\/#organization"},"potentialAction":[{"@type":"SearchAction","target":{"@type":"EntryPoint","urlTemplate":"https:\/\/enwitec.eu\/en\/?s={search_term_string}"},"query-input":{"@type":"PropertyValueSpecification","valueRequired":true,"valueName":"search_term_string"}}],"inLanguage":"it-IT"},{"@type":"Organization","@id":"https:\/\/enwitec.eu\/en\/#organization","name":"greenLink orchestrando i flussi di energia | enwitec electronic GmbH | LinQ Europe Sp. z o.o.","url":"https:\/\/enwitec.eu\/en\/","logo":{"@type":"ImageObject","inLanguage":"it-IT","@id":"https:\/\/enwitec.eu\/en\/#\/schema\/logo\/image\/","url":"https:\/\/greenlink.technology\/wp-content\/uploads\/2025\/01\/greenlink-logo-final.png","contentUrl":"https:\/\/greenlink.technology\/wp-content\/uploads\/2025\/01\/greenlink-logo-final.png","width":2586,"height":629,"caption":"greenLink orchestrando i flussi di energia | enwitec electronic GmbH | LinQ Europe Sp. z o.o. "},"image":{"@id":"https:\/\/enwitec.eu\/en\/#\/schema\/logo\/image\/"}}]}},"_links":{"self":[{"href":"https:\/\/greenlink.technology\/it\/wp-json\/wp\/v2\/product\/23505","targetHints":{"allow":["GET"]}}],"collection":[{"href":"https:\/\/greenlink.technology\/it\/wp-json\/wp\/v2\/product"}],"about":[{"href":"https:\/\/greenlink.technology\/it\/wp-json\/wp\/v2\/types\/product"}],"replies":[{"embeddable":true,"href":"https:\/\/greenlink.technology\/it\/wp-json\/wp\/v2\/comments?post=23505"}],"wp:featuredmedia":[{"embeddable":true,"href":"https:\/\/greenlink.technology\/it\/wp-json\/wp\/v2\/media\/23506"}],"wp:attachment":[{"href":"https:\/\/greenlink.technology\/it\/wp-json\/wp\/v2\/media?parent=23505"}],"wp:term":[{"taxonomy":"anwendung","embeddable":true,"href":"https:\/\/greenlink.technology\/it\/wp-json\/wp\/v2\/anwendung?post=23505"},{"taxonomy":"product_brand","embeddable":true,"href":"https:\/\/greenlink.technology\/it\/wp-json\/wp\/v2\/product_brand?post=23505"},{"taxonomy":"product_cat","embeddable":true,"href":"https:\/\/greenlink.technology\/it\/wp-json\/wp\/v2\/product_cat?post=23505"},{"taxonomy":"product_tag","embeddable":true,"href":"https:\/\/greenlink.technology\/it\/wp-json\/wp\/v2\/product_tag?post=23505"}],"curies":[{"name":"wp","href":"https:\/\/api.w.org\/{rel}","templated":true}]}}