{"id":22807,"date":"2025-07-09T12:49:24","date_gmt":"2025-07-09T10:49:24","guid":{"rendered":"https:\/\/greenlink.technology\/produkt\/enwitec-protezione-di-rete-e-di-sistema-na-schutz-tor-ooe-pv-86-3kva-tns_tt-10019613\/"},"modified":"2025-07-09T12:49:24","modified_gmt":"2025-07-09T10:49:24","slug":"enwitec-protezione-di-rete-e-di-sistema-na-schutz-tor-ooe-pv-86-3kva-tns_tt-10019613","status":"publish","type":"product","link":"https:\/\/greenlink.technology\/it\/produkt\/enwitec-protezione-di-rete-e-di-sistema-na-schutz-tor-ooe-pv-86-3kva-tns_tt-10019613\/","title":{"rendered":"enwitec Protezione di rete e di sistema NA-Schutz-TOR-O\u00d6-PV-86.3KVA-TNS_TT &#8211; 10019613"},"content":{"rendered":"","protected":false},"excerpt":{"rendered":"","protected":false},"featured_media":22601,"comment_status":"closed","ping_status":"closed","template":"","meta":{"_acf_changed":false},"anwendung":[],"product_brand":[264],"product_cat":[1716],"product_tag":[1839,1718,1717,1727],"class_list":{"0":"post-22807","1":"product","2":"type-product","3":"status-publish","4":"has-post-thumbnail","6":"product_brand-enwitec","7":"product_cat-protezione-della-rete-e-del-sistema","8":"product_tag-1839","9":"product_tag-protezione-della-rete-e-del-sistema","10":"product_tag-protezione-na","11":"product_tag-tor","12":"pa_laenderfreigabe-at","13":"pa_leistung-30-86-kva","14":"pa_trennung-tutti-i-poli","16":"first","17":"instock","18":"shipping-taxable","19":"product-type-simple"},"acf":{"product_informations":"Protezione della rete e del sistema (NA) di enwitec. A seconda della direttiva nazionale, i sistemi di generazione devono essere spenti in caso di deviazioni di tensione o frequenza non consentite nella rete a bassa tensione. Se i valori limite consentiti dalla norma di applicazione vengono superati, il sistema di generazione viene automaticamente disconnesso dalla rete.   Una volta che la tensione o la frequenza di rete rientrano nell'intervallo consentito, il sistema si riaccende automaticamente. Offriamo sia prodotti standard che soluzioni personalizzate che si adattano alle esigenze del rispettivo impianto fotovoltaico. \n\nQuesta protezione di rete e di sistema \u00e8 stata progettata appositamente per il mercato austriaco in conformit\u00e0 con la norma <strong>\u00d6VE TOR R25 NS ASYNC<\/strong> ed \u00e8 <strong>adatta anche alla rete dell'Alta Austria!<\/strong>\n\nPer facilitare il collegamento del cavo alla parte superiore dell'interruttore, la sezione di controllo di questa variante pu\u00f2 essere piegata verso destra allentando le due viti di fissaggio.\n\n<strong>Nota<\/strong>\nMatchcode: NA-Schutz-TOR-O\u00d6-PV-86.3KVA-TNS_TT","technical_data":"<div class=\"stammdaten-col\">\n<div class=\"line\">\n<p class=\"system-stammdaten-left\">Codice articolo: 10019613\nForma di rete: TT \/ TN-S\nPotenza: 86,3 kVA\nOmologazione nazionale: \u00d6VE TOR R25 NS ASYNC\nDisconnessione: onnipolare\nMorsettiera di test di disconnessione: s\u00ec\nUscite: 1 x\nTerminali di ingresso e uscita: 23 - 55 mm\u00b2\nEntrate dei cavi: Passacavo M63<\/p>\n\n<\/div>\n<\/div>","download":"<a href=\"https:\/\/greenlink.technology\/wp-content\/uploads\/2025\/11\/10019613_Datenblatt_NA-Schutz-TOR-PV-86.3KVA-TNS_TT_2025_07_01-b.pdf\" target=\"_blank\" rel=\"noopener\">Scheda tecnica IT<\/a>\n<a href=\"https:\/\/greenlink.technology\/wp-content\/uploads\/2025\/07\/10019613_KoEU_NA-Schutz-TOR-OOe-PV-86.3KVA-TNS_TT-Version-a-06_2025-Version-a-06_2025-1-1.pdf\" target=\"_blank\" rel=\"noopener\">Certificato di autorizzazione<\/a>","product_short_description":"<strong>Omologazione nazionale:<\/strong> \u00d6VE TOR R25 NS ASYNC\n<strong>Potenza:<\/strong> 86,3 kVA\n<strong>Disconnessione:<\/strong> tuttopolare\n<strong>Forma della rete: <\/strong>TT \/ TN-S","photo_gallery":{"galerie_produkte":[[]]}},"yoast_head":"<!-- This site is optimized with the Yoast SEO plugin v27.3 - https:\/\/yoast.com\/product\/yoast-seo-wordpress\/ -->\n<title>enwitec Protezione di rete e di sistema NA-Schutz-TOR-O\u00d6-PV-86.3KVA-TNS_TT - 10019613 - greenLink orchestrating energy flows | enwitec electronic GmbH | LinQ Europe Sp. z o.o.<\/title>\n<meta name=\"robots\" content=\"index, follow, max-snippet:-1, max-image-preview:large, max-video-preview:-1\" \/>\n<link rel=\"canonical\" href=\"https:\/\/greenlink.technology\/it\/produkt\/enwitec-protezione-di-rete-e-di-sistema-na-schutz-tor-ooe-pv-86-3kva-tns_tt-10019613\/\" \/>\n<meta property=\"og:locale\" content=\"it_IT\" \/>\n<meta property=\"og:type\" content=\"article\" \/>\n<meta property=\"og:title\" content=\"enwitec Protezione di rete e di sistema NA-Schutz-TOR-O\u00d6-PV-86.3KVA-TNS_TT - 10019613 - greenLink orchestrating energy flows | enwitec electronic GmbH | LinQ Europe Sp. z o.o.\" \/>\n<meta property=\"og:url\" content=\"https:\/\/greenlink.technology\/it\/produkt\/enwitec-protezione-di-rete-e-di-sistema-na-schutz-tor-ooe-pv-86-3kva-tns_tt-10019613\/\" \/>\n<meta property=\"og:site_name\" content=\"greenLink orchestrating energy flows | enwitec electronic GmbH | LinQ Europe Sp. z o.o.\" \/>\n<meta property=\"og:image\" content=\"https:\/\/enwitec.eu\/wp-content\/uploads\/2025\/07\/Bilder-folgen.png\" \/>\n\t<meta property=\"og:image:width\" content=\"500\" \/>\n\t<meta property=\"og:image:height\" content=\"500\" \/>\n\t<meta property=\"og:image:type\" content=\"image\/png\" \/>\n<meta name=\"twitter:card\" content=\"summary_large_image\" \/>\n<script type=\"application\/ld+json\" class=\"yoast-schema-graph\">{\"@context\":\"https:\\\/\\\/schema.org\",\"@graph\":[{\"@type\":\"WebPage\",\"@id\":\"https:\\\/\\\/greenlink.technology\\\/it\\\/produkt\\\/enwitec-protezione-di-rete-e-di-sistema-na-schutz-tor-ooe-pv-86-3kva-tns_tt-10019613\\\/\",\"url\":\"https:\\\/\\\/greenlink.technology\\\/it\\\/produkt\\\/enwitec-protezione-di-rete-e-di-sistema-na-schutz-tor-ooe-pv-86-3kva-tns_tt-10019613\\\/\",\"name\":\"enwitec Protezione di rete e di sistema NA-Schutz-TOR-O\u00d6-PV-86.3KVA-TNS_TT - 10019613 - greenLink orchestrating energy flows | enwitec electronic GmbH | LinQ Europe Sp. z o.o.\",\"isPartOf\":{\"@id\":\"https:\\\/\\\/enwitec.eu\\\/en\\\/#website\"},\"primaryImageOfPage\":{\"@id\":\"https:\\\/\\\/greenlink.technology\\\/it\\\/produkt\\\/enwitec-protezione-di-rete-e-di-sistema-na-schutz-tor-ooe-pv-86-3kva-tns_tt-10019613\\\/#primaryimage\"},\"image\":{\"@id\":\"https:\\\/\\\/greenlink.technology\\\/it\\\/produkt\\\/enwitec-protezione-di-rete-e-di-sistema-na-schutz-tor-ooe-pv-86-3kva-tns_tt-10019613\\\/#primaryimage\"},\"thumbnailUrl\":\"https:\\\/\\\/greenlink.technology\\\/wp-content\\\/uploads\\\/2025\\\/07\\\/Bilder-folgen.png\",\"datePublished\":\"2025-07-09T10:49:24+00:00\",\"breadcrumb\":{\"@id\":\"https:\\\/\\\/greenlink.technology\\\/it\\\/produkt\\\/enwitec-protezione-di-rete-e-di-sistema-na-schutz-tor-ooe-pv-86-3kva-tns_tt-10019613\\\/#breadcrumb\"},\"inLanguage\":\"it-IT\",\"potentialAction\":[{\"@type\":\"ReadAction\",\"target\":[\"https:\\\/\\\/greenlink.technology\\\/it\\\/produkt\\\/enwitec-protezione-di-rete-e-di-sistema-na-schutz-tor-ooe-pv-86-3kva-tns_tt-10019613\\\/\"]}]},{\"@type\":\"ImageObject\",\"inLanguage\":\"it-IT\",\"@id\":\"https:\\\/\\\/greenlink.technology\\\/it\\\/produkt\\\/enwitec-protezione-di-rete-e-di-sistema-na-schutz-tor-ooe-pv-86-3kva-tns_tt-10019613\\\/#primaryimage\",\"url\":\"https:\\\/\\\/greenlink.technology\\\/wp-content\\\/uploads\\\/2025\\\/07\\\/Bilder-folgen.png\",\"contentUrl\":\"https:\\\/\\\/greenlink.technology\\\/wp-content\\\/uploads\\\/2025\\\/07\\\/Bilder-folgen.png\",\"width\":500,\"height\":500},{\"@type\":\"BreadcrumbList\",\"@id\":\"https:\\\/\\\/greenlink.technology\\\/it\\\/produkt\\\/enwitec-protezione-di-rete-e-di-sistema-na-schutz-tor-ooe-pv-86-3kva-tns_tt-10019613\\\/#breadcrumb\",\"itemListElement\":[{\"@type\":\"ListItem\",\"position\":1,\"name\":\"Startseite\",\"item\":\"https:\\\/\\\/greenlink.technology\\\/it\\\/\"},{\"@type\":\"ListItem\",\"position\":2,\"name\":\"Prodotti\",\"item\":\"https:\\\/\\\/greenlink.technology\\\/it\\\/chi-siamo\\\/unternehmen\\\/enwitec\\\/prodotti\\\/\"},{\"@type\":\"ListItem\",\"position\":3,\"name\":\"enwitec Protezione di rete e di sistema NA-Schutz-TOR-O\u00d6-PV-86.3KVA-TNS_TT &#8211; 10019613\"}]},{\"@type\":\"WebSite\",\"@id\":\"https:\\\/\\\/enwitec.eu\\\/en\\\/#website\",\"url\":\"https:\\\/\\\/enwitec.eu\\\/en\\\/\",\"name\":\"greenLink orchestrating energy flows | enwitec electronic GmbH | LinQ Europe Sp. z o.o.\",\"description\":\"\",\"publisher\":{\"@id\":\"https:\\\/\\\/enwitec.eu\\\/en\\\/#organization\"},\"potentialAction\":[{\"@type\":\"SearchAction\",\"target\":{\"@type\":\"EntryPoint\",\"urlTemplate\":\"https:\\\/\\\/enwitec.eu\\\/en\\\/?s={search_term_string}\"},\"query-input\":{\"@type\":\"PropertyValueSpecification\",\"valueRequired\":true,\"valueName\":\"search_term_string\"}}],\"inLanguage\":\"it-IT\"},{\"@type\":\"Organization\",\"@id\":\"https:\\\/\\\/enwitec.eu\\\/en\\\/#organization\",\"name\":\"greenLink orchestrando i flussi di energia | enwitec electronic GmbH | LinQ Europe Sp. z o.o.\",\"url\":\"https:\\\/\\\/enwitec.eu\\\/en\\\/\",\"logo\":{\"@type\":\"ImageObject\",\"inLanguage\":\"it-IT\",\"@id\":\"https:\\\/\\\/enwitec.eu\\\/en\\\/#\\\/schema\\\/logo\\\/image\\\/\",\"url\":\"https:\\\/\\\/greenlink.technology\\\/wp-content\\\/uploads\\\/2025\\\/01\\\/greenlink-logo-final.png\",\"contentUrl\":\"https:\\\/\\\/greenlink.technology\\\/wp-content\\\/uploads\\\/2025\\\/01\\\/greenlink-logo-final.png\",\"width\":2586,\"height\":629,\"caption\":\"greenLink orchestrando i flussi di energia | enwitec electronic GmbH | LinQ Europe Sp. z o.o. \"},\"image\":{\"@id\":\"https:\\\/\\\/enwitec.eu\\\/en\\\/#\\\/schema\\\/logo\\\/image\\\/\"}}]}<\/script>\n<!-- \/ Yoast SEO plugin. -->","yoast_head_json":{"title":"enwitec Protezione di rete e di sistema NA-Schutz-TOR-O\u00d6-PV-86.3KVA-TNS_TT - 10019613 - greenLink orchestrating energy flows | enwitec electronic GmbH | LinQ Europe Sp. z o.o.","robots":{"index":"index","follow":"follow","max-snippet":"max-snippet:-1","max-image-preview":"max-image-preview:large","max-video-preview":"max-video-preview:-1"},"canonical":"https:\/\/greenlink.technology\/it\/produkt\/enwitec-protezione-di-rete-e-di-sistema-na-schutz-tor-ooe-pv-86-3kva-tns_tt-10019613\/","og_locale":"it_IT","og_type":"article","og_title":"enwitec Protezione di rete e di sistema NA-Schutz-TOR-O\u00d6-PV-86.3KVA-TNS_TT - 10019613 - greenLink orchestrating energy flows | enwitec electronic GmbH | LinQ Europe Sp. z o.o.","og_url":"https:\/\/greenlink.technology\/it\/produkt\/enwitec-protezione-di-rete-e-di-sistema-na-schutz-tor-ooe-pv-86-3kva-tns_tt-10019613\/","og_site_name":"greenLink orchestrating energy flows | enwitec electronic GmbH | LinQ Europe Sp. z o.o.","og_image":[{"width":500,"height":500,"url":"https:\/\/enwitec.eu\/wp-content\/uploads\/2025\/07\/Bilder-folgen.png","type":"image\/png"}],"twitter_card":"summary_large_image","schema":{"@context":"https:\/\/schema.org","@graph":[{"@type":"WebPage","@id":"https:\/\/greenlink.technology\/it\/produkt\/enwitec-protezione-di-rete-e-di-sistema-na-schutz-tor-ooe-pv-86-3kva-tns_tt-10019613\/","url":"https:\/\/greenlink.technology\/it\/produkt\/enwitec-protezione-di-rete-e-di-sistema-na-schutz-tor-ooe-pv-86-3kva-tns_tt-10019613\/","name":"enwitec Protezione di rete e di sistema NA-Schutz-TOR-O\u00d6-PV-86.3KVA-TNS_TT - 10019613 - greenLink orchestrating energy flows | enwitec electronic GmbH | LinQ Europe Sp. z o.o.","isPartOf":{"@id":"https:\/\/enwitec.eu\/en\/#website"},"primaryImageOfPage":{"@id":"https:\/\/greenlink.technology\/it\/produkt\/enwitec-protezione-di-rete-e-di-sistema-na-schutz-tor-ooe-pv-86-3kva-tns_tt-10019613\/#primaryimage"},"image":{"@id":"https:\/\/greenlink.technology\/it\/produkt\/enwitec-protezione-di-rete-e-di-sistema-na-schutz-tor-ooe-pv-86-3kva-tns_tt-10019613\/#primaryimage"},"thumbnailUrl":"https:\/\/greenlink.technology\/wp-content\/uploads\/2025\/07\/Bilder-folgen.png","datePublished":"2025-07-09T10:49:24+00:00","breadcrumb":{"@id":"https:\/\/greenlink.technology\/it\/produkt\/enwitec-protezione-di-rete-e-di-sistema-na-schutz-tor-ooe-pv-86-3kva-tns_tt-10019613\/#breadcrumb"},"inLanguage":"it-IT","potentialAction":[{"@type":"ReadAction","target":["https:\/\/greenlink.technology\/it\/produkt\/enwitec-protezione-di-rete-e-di-sistema-na-schutz-tor-ooe-pv-86-3kva-tns_tt-10019613\/"]}]},{"@type":"ImageObject","inLanguage":"it-IT","@id":"https:\/\/greenlink.technology\/it\/produkt\/enwitec-protezione-di-rete-e-di-sistema-na-schutz-tor-ooe-pv-86-3kva-tns_tt-10019613\/#primaryimage","url":"https:\/\/greenlink.technology\/wp-content\/uploads\/2025\/07\/Bilder-folgen.png","contentUrl":"https:\/\/greenlink.technology\/wp-content\/uploads\/2025\/07\/Bilder-folgen.png","width":500,"height":500},{"@type":"BreadcrumbList","@id":"https:\/\/greenlink.technology\/it\/produkt\/enwitec-protezione-di-rete-e-di-sistema-na-schutz-tor-ooe-pv-86-3kva-tns_tt-10019613\/#breadcrumb","itemListElement":[{"@type":"ListItem","position":1,"name":"Startseite","item":"https:\/\/greenlink.technology\/it\/"},{"@type":"ListItem","position":2,"name":"Prodotti","item":"https:\/\/greenlink.technology\/it\/chi-siamo\/unternehmen\/enwitec\/prodotti\/"},{"@type":"ListItem","position":3,"name":"enwitec Protezione di rete e di sistema NA-Schutz-TOR-O\u00d6-PV-86.3KVA-TNS_TT &#8211; 10019613"}]},{"@type":"WebSite","@id":"https:\/\/enwitec.eu\/en\/#website","url":"https:\/\/enwitec.eu\/en\/","name":"greenLink orchestrating energy flows | enwitec electronic GmbH | LinQ Europe Sp. z o.o.","description":"","publisher":{"@id":"https:\/\/enwitec.eu\/en\/#organization"},"potentialAction":[{"@type":"SearchAction","target":{"@type":"EntryPoint","urlTemplate":"https:\/\/enwitec.eu\/en\/?s={search_term_string}"},"query-input":{"@type":"PropertyValueSpecification","valueRequired":true,"valueName":"search_term_string"}}],"inLanguage":"it-IT"},{"@type":"Organization","@id":"https:\/\/enwitec.eu\/en\/#organization","name":"greenLink orchestrando i flussi di energia | enwitec electronic GmbH | LinQ Europe Sp. z o.o.","url":"https:\/\/enwitec.eu\/en\/","logo":{"@type":"ImageObject","inLanguage":"it-IT","@id":"https:\/\/enwitec.eu\/en\/#\/schema\/logo\/image\/","url":"https:\/\/greenlink.technology\/wp-content\/uploads\/2025\/01\/greenlink-logo-final.png","contentUrl":"https:\/\/greenlink.technology\/wp-content\/uploads\/2025\/01\/greenlink-logo-final.png","width":2586,"height":629,"caption":"greenLink orchestrando i flussi di energia | enwitec electronic GmbH | LinQ Europe Sp. z o.o. "},"image":{"@id":"https:\/\/enwitec.eu\/en\/#\/schema\/logo\/image\/"}}]}},"_links":{"self":[{"href":"https:\/\/greenlink.technology\/it\/wp-json\/wp\/v2\/product\/22807","targetHints":{"allow":["GET"]}}],"collection":[{"href":"https:\/\/greenlink.technology\/it\/wp-json\/wp\/v2\/product"}],"about":[{"href":"https:\/\/greenlink.technology\/it\/wp-json\/wp\/v2\/types\/product"}],"replies":[{"embeddable":true,"href":"https:\/\/greenlink.technology\/it\/wp-json\/wp\/v2\/comments?post=22807"}],"wp:featuredmedia":[{"embeddable":true,"href":"https:\/\/greenlink.technology\/it\/wp-json\/wp\/v2\/media\/22601"}],"wp:attachment":[{"href":"https:\/\/greenlink.technology\/it\/wp-json\/wp\/v2\/media?parent=22807"}],"wp:term":[{"taxonomy":"anwendung","embeddable":true,"href":"https:\/\/greenlink.technology\/it\/wp-json\/wp\/v2\/anwendung?post=22807"},{"taxonomy":"product_brand","embeddable":true,"href":"https:\/\/greenlink.technology\/it\/wp-json\/wp\/v2\/product_brand?post=22807"},{"taxonomy":"product_cat","embeddable":true,"href":"https:\/\/greenlink.technology\/it\/wp-json\/wp\/v2\/product_cat?post=22807"},{"taxonomy":"product_tag","embeddable":true,"href":"https:\/\/greenlink.technology\/it\/wp-json\/wp\/v2\/product_tag?post=22807"}],"curies":[{"name":"wp","href":"https:\/\/api.w.org\/{rel}","templated":true}]}}