{"id":22773,"date":"2025-06-27T11:04:13","date_gmt":"2025-06-27T09:04:13","guid":{"rendered":"https:\/\/greenlink.technology\/produkt\/protezione-della-rete-e-del-sistema-enwitec-powershield-pro-1100\/"},"modified":"2025-06-27T11:04:13","modified_gmt":"2025-06-27T09:04:13","slug":"protezione-della-rete-e-del-sistema-enwitec-powershield-pro-1100","status":"publish","type":"product","link":"https:\/\/greenlink.technology\/it\/produkt\/protezione-della-rete-e-del-sistema-enwitec-powershield-pro-1100\/","title":{"rendered":"Protezione della rete e del sistema enwitec PowerShield Pro 1100"},"content":{"rendered":"<div class=\"system-stammdaten\">\n<h2\/>\n&nbsp;<\/p>\n<\/div>\n","protected":false},"excerpt":{"rendered":"<p>&nbsp;<\/p>\n","protected":false},"featured_media":22774,"comment_status":"closed","ping_status":"closed","template":"","meta":{"_acf_changed":false},"anwendung":[],"product_brand":[264],"product_cat":[1716],"product_tag":[1720,1719,1718,1717],"class_list":{"0":"post-22773","1":"product","2":"type-product","3":"status-publish","4":"has-post-thumbnail","6":"product_brand-enwitec","7":"product_cat-protezione-della-rete-e-del-sistema","8":"product_tag-1720","9":"product_tag-na4105","10":"product_tag-protezione-della-rete-e-del-sistema","11":"product_tag-protezione-na","13":"first","14":"instock","15":"shipping-taxable","16":"product-type-simple"},"acf":{"product_informations":"Il PowerShield Pro 1100 di enwitec \u00e8 una soluzione avanzata per la protezione della rete e del sistema degli impianti fotovoltaici con una potenza da 500 kW a 1,1 MW. Sviluppato per soddisfare le pi\u00f9 recenti linee guida VDE, PowerShield Pro 1100 offre una protezione completa e la massima efficienza per i tuoi impianti fotovoltaici. \n\nPowerShield Pro 1100 agisce come protezione di disaccoppiamento e garantisce la conformit\u00e0 alla direttiva sulla media tensione VDE-AR-N 4110. Comprende l'interruttore di disaccoppiamento di livello superiore con connessioni di comunicazione, nonch\u00e9 la protezione di disaccoppiamento (rel\u00e8 di protezione con terminali di disconnessione di prova + interruttore) sulle unit\u00e0 di generazione per garantire una connessione sicura e affidabile al gestore della rete. \n\nIl prodotto comprende il rel\u00e8 di protezione della rete, i terminali di disconnessione di prova associati, il collegamento di comunicazione e l'interruttore di accoppiamento.","technical_data":"<div class=\"stammdaten-col\">\n<div class=\"line\">\n<p class=\"system-stammdaten-left\">Articolo n.: 10019510, 10019511 e 10019512<\/p>\n\n<\/div>\n<strong>ART.NO. 10019510<\/strong>\n<strong>Protezione della rete e del sistema in conformit\u00e0 con VDE-AR-N 4105\/4110 <\/strong>\n<strong>Powershield Pro 1100 EMS<\/strong>\n\nValori nominali:\nTensione nominale di isolamento: 660 VAC\nTensione nominale di funzionamento Ue: 3PH - 230\/400 VAC\nFrequenza di funzionamento fn: 50 Hz\nForma di rete: TN-S\nTipo di sistema di generazione (VDE-AR-N 4105\/4110): Tipo 2\n\n<strong>ART.NO. 10019511<\/strong>\n<strong>Protezione della rete e del sistema in conformit\u00e0 con VDE-AR-N 4105\/4110 <\/strong>\n<strong>Powershield Pro 1100 NSES<\/strong>\n\nCorrente nominale InA: 1594 A\nCorrente nominale InA: 143 A\n\n<\/div>\n<div class=\"stammdaten-col\">\n\nINTERRUTTORE A PONTE BILANCIATO INTERMEDIO\nCorrente nominale In: 2000 A\nCategoria di utilizzo: AC-21\/AC-22 (A+B)\nPotere di interruzione nominale del cortocircuito: tripolare\nTipo: Interruttore di manovra-sezionatore con meccanismo azionato da motore\n\nINTERRUTTORE A PONTE INTERMEDIO\nTipo: Interruttore con meccanismo azionato da motore\n\n<\/div>\n<strong>ART.NO. 10019512<\/strong>\n<strong>Protezione della rete e del sistema in conformit\u00e0 con VDE-AR-N 4105\/4110 <\/strong>\n<strong>Powershield Pro 1100 NSAF1<\/strong>\n\nCIRCUITO DI DURATA DEI FUSIBILI PER INVERTER FV\nCollegamento dei fusibili: 2 x NH1, 2 x NH2, 1 x NH3\nMax. Fusibili: 250, 400, 630 ","download":"<a href=\"https:\/\/greenlink.technology\/wp-content\/uploads\/2025\/06\/10019510_Datenblatt_PowerShield_Pro_1100_DE_2025_04_29.pdf\" target=\"_blank\" rel=\"noopener\">Scheda tecnica 10019510 IT<\/a>\n<a href=\"https:\/\/greenlink.technology\/wp-content\/uploads\/2025\/06\/10019511_Datenblatt_Powershield-Pro-1100-NSES_2025_05_21.pdf\" target=\"_blank\" rel=\"noopener\">Scheda tecnica 10019511 IT<\/a>\n<a href=\"https:\/\/greenlink.technology\/wp-content\/uploads\/2025\/06\/10019512_Datenblatt_Powershield-Pro-1100-NSAF1_DE_2025_05_21.pdf\" target=\"_blank\" rel=\"noopener\">Scheda tecnica 10019512 IT<\/a>\n\n<a href=\"https:\/\/greenlink.technology\/wp-content\/uploads\/2025\/06\/10019510_datasheet_PowerShield_Pro_1100_EN_2025_04_29.pdf\" target=\"_blank\" rel=\"noopener\">Scheda tecnica 10019510 IT<\/a>\n<a href=\"https:\/\/greenlink.technology\/wp-content\/uploads\/2025\/06\/10019511_datasheet_Powershield-Pro_1100_NSES_EN_2025_05_21.pdf\" target=\"_blank\" rel=\"noopener\">Scheda tecnica 10019511 IT<\/a>\n<a href=\"https:\/\/greenlink.technology\/wp-content\/uploads\/2025\/06\/10019512_datasheet_Powershield-Pro-1100-NSAF1_EN_2025_05_21.pdf\" target=\"_blank\" rel=\"noopener\">Scheda tecnica 10019512 IT<\/a>\n\n<a href=\"https:\/\/greenlink.technology\/wp-content\/uploads\/2025\/06\/10019510_Arkusz-danych_PowerShield_Pro_1100_PL_2025_05_21.pdf\" target=\"_blank\" rel=\"noopener\">Arkusz danych 1001<\/a><a href=\"https:\/\/greenlink.technology\/wp-content\/uploads\/2025\/06\/10019386_Arkusz-danych_Szafa-zasilajaca_PowerShield-500_PL_2025_05_20.pdf\" target=\"_blank\" rel=\"noopener\">9510 PL<\/a>\n<a href=\"https:\/\/greenlink.technology\/wp-content\/uploads\/2025\/06\/10019511_Arkusz-danych_Powershield-Pro-1100-NSES_PL_2025_05_21.pdf\" target=\"_blank\" rel=\"noopener\">Arkusz danych 10019511 PL<\/a>\n<a href=\"https:\/\/greenlink.technology\/wp-content\/uploads\/2025\/06\/10019512_Arkusz-danych_Powershield-Pro-1100-NSAF1_PL_2025_05_21.pdf\" target=\"_blank\" rel=\"noopener\">Arkusz danych 10019512 PL<\/a>","product_short_description":"","photo_gallery":{"galerie_produkte":[[]]}},"yoast_head":"<!-- This site is optimized with the Yoast SEO plugin v27.3 - https:\/\/yoast.com\/product\/yoast-seo-wordpress\/ -->\n<title>Protezione della rete e del sistema enwitec PowerShield Pro 1100 - greenLink orchestrating energy flows | enwitec electronic GmbH | LinQ Europe Sp. z o.o.<\/title>\n<meta name=\"robots\" content=\"index, follow, max-snippet:-1, max-image-preview:large, max-video-preview:-1\" \/>\n<link rel=\"canonical\" href=\"https:\/\/greenlink.technology\/it\/produkt\/protezione-della-rete-e-del-sistema-enwitec-powershield-pro-1100\/\" \/>\n<meta property=\"og:locale\" content=\"it_IT\" \/>\n<meta property=\"og:type\" content=\"article\" \/>\n<meta property=\"og:title\" content=\"Protezione della rete e del sistema enwitec PowerShield Pro 1100 - greenLink orchestrating energy flows | enwitec electronic GmbH | LinQ Europe Sp. z o.o.\" \/>\n<meta property=\"og:description\" content=\"&nbsp;\" \/>\n<meta property=\"og:url\" content=\"https:\/\/greenlink.technology\/it\/produkt\/protezione-della-rete-e-del-sistema-enwitec-powershield-pro-1100\/\" \/>\n<meta property=\"og:site_name\" content=\"greenLink orchestrating energy flows | enwitec electronic GmbH | LinQ Europe Sp. z o.o.\" \/>\n<meta property=\"og:image\" content=\"https:\/\/linqeurope.pl\/wp-content\/uploads\/2025\/06\/MG2_1978-Edit_2.png\" \/>\n\t<meta property=\"og:image:width\" content=\"500\" \/>\n\t<meta property=\"og:image:height\" content=\"500\" \/>\n\t<meta property=\"og:image:type\" content=\"image\/png\" \/>\n<meta name=\"twitter:card\" content=\"summary_large_image\" \/>\n<script type=\"application\/ld+json\" class=\"yoast-schema-graph\">{\"@context\":\"https:\\\/\\\/schema.org\",\"@graph\":[{\"@type\":\"WebPage\",\"@id\":\"https:\\\/\\\/greenlink.technology\\\/it\\\/produkt\\\/protezione-della-rete-e-del-sistema-enwitec-powershield-pro-1100\\\/\",\"url\":\"https:\\\/\\\/greenlink.technology\\\/it\\\/produkt\\\/protezione-della-rete-e-del-sistema-enwitec-powershield-pro-1100\\\/\",\"name\":\"Protezione della rete e del sistema enwitec PowerShield Pro 1100 - greenLink orchestrating energy flows | enwitec electronic GmbH | LinQ Europe Sp. z o.o.\",\"isPartOf\":{\"@id\":\"https:\\\/\\\/enwitec.eu\\\/en\\\/#website\"},\"primaryImageOfPage\":{\"@id\":\"https:\\\/\\\/greenlink.technology\\\/it\\\/produkt\\\/protezione-della-rete-e-del-sistema-enwitec-powershield-pro-1100\\\/#primaryimage\"},\"image\":{\"@id\":\"https:\\\/\\\/greenlink.technology\\\/it\\\/produkt\\\/protezione-della-rete-e-del-sistema-enwitec-powershield-pro-1100\\\/#primaryimage\"},\"thumbnailUrl\":\"https:\\\/\\\/greenlink.technology\\\/wp-content\\\/uploads\\\/2025\\\/06\\\/MG2_1978-Edit_2.png\",\"datePublished\":\"2025-06-27T09:04:13+00:00\",\"breadcrumb\":{\"@id\":\"https:\\\/\\\/greenlink.technology\\\/it\\\/produkt\\\/protezione-della-rete-e-del-sistema-enwitec-powershield-pro-1100\\\/#breadcrumb\"},\"inLanguage\":\"it-IT\",\"potentialAction\":[{\"@type\":\"ReadAction\",\"target\":[\"https:\\\/\\\/greenlink.technology\\\/it\\\/produkt\\\/protezione-della-rete-e-del-sistema-enwitec-powershield-pro-1100\\\/\"]}]},{\"@type\":\"ImageObject\",\"inLanguage\":\"it-IT\",\"@id\":\"https:\\\/\\\/greenlink.technology\\\/it\\\/produkt\\\/protezione-della-rete-e-del-sistema-enwitec-powershield-pro-1100\\\/#primaryimage\",\"url\":\"https:\\\/\\\/greenlink.technology\\\/wp-content\\\/uploads\\\/2025\\\/06\\\/MG2_1978-Edit_2.png\",\"contentUrl\":\"https:\\\/\\\/greenlink.technology\\\/wp-content\\\/uploads\\\/2025\\\/06\\\/MG2_1978-Edit_2.png\",\"width\":500,\"height\":500},{\"@type\":\"BreadcrumbList\",\"@id\":\"https:\\\/\\\/greenlink.technology\\\/it\\\/produkt\\\/protezione-della-rete-e-del-sistema-enwitec-powershield-pro-1100\\\/#breadcrumb\",\"itemListElement\":[{\"@type\":\"ListItem\",\"position\":1,\"name\":\"Startseite\",\"item\":\"https:\\\/\\\/greenlink.technology\\\/it\\\/\"},{\"@type\":\"ListItem\",\"position\":2,\"name\":\"Prodotti\",\"item\":\"https:\\\/\\\/greenlink.technology\\\/it\\\/chi-siamo\\\/unternehmen\\\/enwitec\\\/prodotti\\\/\"},{\"@type\":\"ListItem\",\"position\":3,\"name\":\"Protezione della rete e del sistema enwitec PowerShield Pro 1100\"}]},{\"@type\":\"WebSite\",\"@id\":\"https:\\\/\\\/enwitec.eu\\\/en\\\/#website\",\"url\":\"https:\\\/\\\/enwitec.eu\\\/en\\\/\",\"name\":\"greenLink orchestrating energy flows | enwitec electronic GmbH | LinQ Europe Sp. z o.o.\",\"description\":\"\",\"publisher\":{\"@id\":\"https:\\\/\\\/enwitec.eu\\\/en\\\/#organization\"},\"potentialAction\":[{\"@type\":\"SearchAction\",\"target\":{\"@type\":\"EntryPoint\",\"urlTemplate\":\"https:\\\/\\\/enwitec.eu\\\/en\\\/?s={search_term_string}\"},\"query-input\":{\"@type\":\"PropertyValueSpecification\",\"valueRequired\":true,\"valueName\":\"search_term_string\"}}],\"inLanguage\":\"it-IT\"},{\"@type\":\"Organization\",\"@id\":\"https:\\\/\\\/enwitec.eu\\\/en\\\/#organization\",\"name\":\"greenLink orchestrando i flussi di energia | enwitec electronic GmbH | LinQ Europe Sp. z o.o.\",\"url\":\"https:\\\/\\\/enwitec.eu\\\/en\\\/\",\"logo\":{\"@type\":\"ImageObject\",\"inLanguage\":\"it-IT\",\"@id\":\"https:\\\/\\\/enwitec.eu\\\/en\\\/#\\\/schema\\\/logo\\\/image\\\/\",\"url\":\"https:\\\/\\\/greenlink.technology\\\/wp-content\\\/uploads\\\/2025\\\/01\\\/greenlink-logo-final.png\",\"contentUrl\":\"https:\\\/\\\/greenlink.technology\\\/wp-content\\\/uploads\\\/2025\\\/01\\\/greenlink-logo-final.png\",\"width\":2586,\"height\":629,\"caption\":\"greenLink orchestrando i flussi di energia | enwitec electronic GmbH | LinQ Europe Sp. z o.o. \"},\"image\":{\"@id\":\"https:\\\/\\\/enwitec.eu\\\/en\\\/#\\\/schema\\\/logo\\\/image\\\/\"}}]}<\/script>\n<!-- \/ Yoast SEO plugin. -->","yoast_head_json":{"title":"Protezione della rete e del sistema enwitec PowerShield Pro 1100 - greenLink orchestrating energy flows | enwitec electronic GmbH | LinQ Europe Sp. z o.o.","robots":{"index":"index","follow":"follow","max-snippet":"max-snippet:-1","max-image-preview":"max-image-preview:large","max-video-preview":"max-video-preview:-1"},"canonical":"https:\/\/greenlink.technology\/it\/produkt\/protezione-della-rete-e-del-sistema-enwitec-powershield-pro-1100\/","og_locale":"it_IT","og_type":"article","og_title":"Protezione della rete e del sistema enwitec PowerShield Pro 1100 - greenLink orchestrating energy flows | enwitec electronic GmbH | LinQ Europe Sp. z o.o.","og_description":"&nbsp;","og_url":"https:\/\/greenlink.technology\/it\/produkt\/protezione-della-rete-e-del-sistema-enwitec-powershield-pro-1100\/","og_site_name":"greenLink orchestrating energy flows | enwitec electronic GmbH | LinQ Europe Sp. z o.o.","og_image":[{"width":500,"height":500,"url":"https:\/\/linqeurope.pl\/wp-content\/uploads\/2025\/06\/MG2_1978-Edit_2.png","type":"image\/png"}],"twitter_card":"summary_large_image","schema":{"@context":"https:\/\/schema.org","@graph":[{"@type":"WebPage","@id":"https:\/\/greenlink.technology\/it\/produkt\/protezione-della-rete-e-del-sistema-enwitec-powershield-pro-1100\/","url":"https:\/\/greenlink.technology\/it\/produkt\/protezione-della-rete-e-del-sistema-enwitec-powershield-pro-1100\/","name":"Protezione della rete e del sistema enwitec PowerShield Pro 1100 - greenLink orchestrating energy flows | enwitec electronic GmbH | LinQ Europe Sp. z o.o.","isPartOf":{"@id":"https:\/\/enwitec.eu\/en\/#website"},"primaryImageOfPage":{"@id":"https:\/\/greenlink.technology\/it\/produkt\/protezione-della-rete-e-del-sistema-enwitec-powershield-pro-1100\/#primaryimage"},"image":{"@id":"https:\/\/greenlink.technology\/it\/produkt\/protezione-della-rete-e-del-sistema-enwitec-powershield-pro-1100\/#primaryimage"},"thumbnailUrl":"https:\/\/greenlink.technology\/wp-content\/uploads\/2025\/06\/MG2_1978-Edit_2.png","datePublished":"2025-06-27T09:04:13+00:00","breadcrumb":{"@id":"https:\/\/greenlink.technology\/it\/produkt\/protezione-della-rete-e-del-sistema-enwitec-powershield-pro-1100\/#breadcrumb"},"inLanguage":"it-IT","potentialAction":[{"@type":"ReadAction","target":["https:\/\/greenlink.technology\/it\/produkt\/protezione-della-rete-e-del-sistema-enwitec-powershield-pro-1100\/"]}]},{"@type":"ImageObject","inLanguage":"it-IT","@id":"https:\/\/greenlink.technology\/it\/produkt\/protezione-della-rete-e-del-sistema-enwitec-powershield-pro-1100\/#primaryimage","url":"https:\/\/greenlink.technology\/wp-content\/uploads\/2025\/06\/MG2_1978-Edit_2.png","contentUrl":"https:\/\/greenlink.technology\/wp-content\/uploads\/2025\/06\/MG2_1978-Edit_2.png","width":500,"height":500},{"@type":"BreadcrumbList","@id":"https:\/\/greenlink.technology\/it\/produkt\/protezione-della-rete-e-del-sistema-enwitec-powershield-pro-1100\/#breadcrumb","itemListElement":[{"@type":"ListItem","position":1,"name":"Startseite","item":"https:\/\/greenlink.technology\/it\/"},{"@type":"ListItem","position":2,"name":"Prodotti","item":"https:\/\/greenlink.technology\/it\/chi-siamo\/unternehmen\/enwitec\/prodotti\/"},{"@type":"ListItem","position":3,"name":"Protezione della rete e del sistema enwitec PowerShield Pro 1100"}]},{"@type":"WebSite","@id":"https:\/\/enwitec.eu\/en\/#website","url":"https:\/\/enwitec.eu\/en\/","name":"greenLink orchestrating energy flows | enwitec electronic GmbH | LinQ Europe Sp. z o.o.","description":"","publisher":{"@id":"https:\/\/enwitec.eu\/en\/#organization"},"potentialAction":[{"@type":"SearchAction","target":{"@type":"EntryPoint","urlTemplate":"https:\/\/enwitec.eu\/en\/?s={search_term_string}"},"query-input":{"@type":"PropertyValueSpecification","valueRequired":true,"valueName":"search_term_string"}}],"inLanguage":"it-IT"},{"@type":"Organization","@id":"https:\/\/enwitec.eu\/en\/#organization","name":"greenLink orchestrando i flussi di energia | enwitec electronic GmbH | LinQ Europe Sp. z o.o.","url":"https:\/\/enwitec.eu\/en\/","logo":{"@type":"ImageObject","inLanguage":"it-IT","@id":"https:\/\/enwitec.eu\/en\/#\/schema\/logo\/image\/","url":"https:\/\/greenlink.technology\/wp-content\/uploads\/2025\/01\/greenlink-logo-final.png","contentUrl":"https:\/\/greenlink.technology\/wp-content\/uploads\/2025\/01\/greenlink-logo-final.png","width":2586,"height":629,"caption":"greenLink orchestrando i flussi di energia | enwitec electronic GmbH | LinQ Europe Sp. z o.o. "},"image":{"@id":"https:\/\/enwitec.eu\/en\/#\/schema\/logo\/image\/"}}]}},"_links":{"self":[{"href":"https:\/\/greenlink.technology\/it\/wp-json\/wp\/v2\/product\/22773","targetHints":{"allow":["GET"]}}],"collection":[{"href":"https:\/\/greenlink.technology\/it\/wp-json\/wp\/v2\/product"}],"about":[{"href":"https:\/\/greenlink.technology\/it\/wp-json\/wp\/v2\/types\/product"}],"replies":[{"embeddable":true,"href":"https:\/\/greenlink.technology\/it\/wp-json\/wp\/v2\/comments?post=22773"}],"wp:featuredmedia":[{"embeddable":true,"href":"https:\/\/greenlink.technology\/it\/wp-json\/wp\/v2\/media\/22774"}],"wp:attachment":[{"href":"https:\/\/greenlink.technology\/it\/wp-json\/wp\/v2\/media?parent=22773"}],"wp:term":[{"taxonomy":"anwendung","embeddable":true,"href":"https:\/\/greenlink.technology\/it\/wp-json\/wp\/v2\/anwendung?post=22773"},{"taxonomy":"product_brand","embeddable":true,"href":"https:\/\/greenlink.technology\/it\/wp-json\/wp\/v2\/product_brand?post=22773"},{"taxonomy":"product_cat","embeddable":true,"href":"https:\/\/greenlink.technology\/it\/wp-json\/wp\/v2\/product_cat?post=22773"},{"taxonomy":"product_tag","embeddable":true,"href":"https:\/\/greenlink.technology\/it\/wp-json\/wp\/v2\/product_tag?post=22773"}],"curies":[{"name":"wp","href":"https:\/\/api.w.org\/{rel}","templated":true}]}}