{"id":22350,"date":"2025-02-14T11:39:07","date_gmt":"2025-02-14T10:39:07","guid":{"rendered":"https:\/\/enwitec.eu\/chi-siamo\/"},"modified":"2026-02-14T09:46:51","modified_gmt":"2026-02-14T08:46:51","slug":"chi-siamo","status":"publish","type":"page","link":"https:\/\/enwitec.eu\/it\/home-it\/chi-siamo\/","title":{"rendered":"Chi siamo"},"content":{"rendered":"\t\t<div data-elementor-type=\"wp-page\" data-elementor-id=\"22350\" class=\"elementor elementor-22350 elementor-1149\" data-elementor-settings=\"{&quot;ha_cmc_init_switcher&quot;:&quot;no&quot;}\" data-elementor-post-type=\"page\">\n\t\t\t\t<div class=\"elementor-element elementor-element-a2f78bd e-ecs-flex e-flex e-con-boxed e-con e-parent\" data-id=\"a2f78bd\" data-element_type=\"container\" data-e-type=\"container\" data-settings=\"{&quot;background_background&quot;:&quot;classic&quot;,&quot;ecs_container_type&quot;:&quot;flex&quot;,&quot;_ha_eqh_enable&quot;:false}\">\n\t\t\t\t\t<div class=\"e-con-inner\">\n\t\t<div class=\"elementor-element elementor-element-47b846d e-con-full e-ecs-flex e-flex e-con e-child\" data-id=\"47b846d\" data-element_type=\"container\" data-e-type=\"container\" data-settings=\"{&quot;ecs_container_type&quot;:&quot;flex&quot;,&quot;_ha_eqh_enable&quot;:false}\">\n\t\t\t\t<div class=\"elementor-element elementor-element-bacd329 elementor-widget-mobile__width-inherit elementor-widget elementor-widget-heading\" data-id=\"bacd329\" data-element_type=\"widget\" data-e-type=\"widget\" data-widget_type=\"heading.default\">\n\t\t\t\t<div class=\"elementor-widget-container\">\n\t\t\t\t\t<h2 class=\"elementor-heading-title elementor-size-default\">Il tuo partner per la tecnologia di connessione e le soluzioni di accumulo di energia<\/h2>\t\t\t\t<\/div>\n\t\t\t\t<\/div>\n\t\t\t\t<div class=\"elementor-element elementor-element-e4c0b1b elementor-widget-mobile__width-inherit elementor-widget elementor-widget-heading\" data-id=\"e4c0b1b\" data-element_type=\"widget\" data-e-type=\"widget\" data-widget_type=\"heading.default\">\n\t\t\t\t<div class=\"elementor-widget-container\">\n\t\t\t\t\t<h3 class=\"elementor-heading-title elementor-size-default\">La nostra esperienza nelle energie rinnovabili<\/h3>\t\t\t\t<\/div>\n\t\t\t\t<\/div>\n\t\t\t\t<div class=\"elementor-element elementor-element-1f09ba2 elementor-widget elementor-widget-text-editor\" data-id=\"1f09ba2\" data-element_type=\"widget\" data-e-type=\"widget\" data-widget_type=\"text-editor.default\">\n\t\t\t\t<div class=\"elementor-widget-container\">\n\t\t\t\t\t\t\t\t\t<p>Noi di enwitec, importante membro del gruppo di aziende greenLink, siamo leader europei nella produzione di tecnologie di connessione e soluzioni di accumulo di energia per le energie rinnovabili. Grazie alla nostra esperienza decennale e alla vicinanza al mercato, siamo un valido fornitore di servizi e un partner per i nostri clienti. Uniamo la coerenza alla nostra passione per le tecnologie pi\u00f9 recenti.  <\/p>\t\t\t\t\t\t\t\t<\/div>\n\t\t\t\t<\/div>\n\t\t\t\t<\/div>\n\t\t<div class=\"elementor-element elementor-element-914bfa6 e-con-full e-ecs-flex e-flex e-con e-child\" data-id=\"914bfa6\" data-element_type=\"container\" data-e-type=\"container\" data-settings=\"{&quot;ecs_container_type&quot;:&quot;flex&quot;,&quot;_ha_eqh_enable&quot;:false}\">\n\t\t\t\t<div class=\"elementor-element elementor-element-c4f32c9 elementor-widget elementor-widget-image\" data-id=\"c4f32c9\" data-element_type=\"widget\" data-e-type=\"widget\" data-widget_type=\"image.default\">\n\t\t\t\t<div class=\"elementor-widget-container\">\n\t\t\t\t\t\t\t\t\t\t\t\t\t\t\t<img fetchpriority=\"high\" decoding=\"async\" width=\"2431\" height=\"2000\" src=\"https:\/\/enwitec.eu\/wp-content\/uploads\/2025\/03\/enwitec-content-team.jpg\" class=\"attachment-full size-full wp-image-22326\" alt=\"\" srcset=\"https:\/\/enwitec.eu\/wp-content\/uploads\/2025\/03\/enwitec-content-team.jpg 2431w, https:\/\/enwitec.eu\/wp-content\/uploads\/2025\/03\/enwitec-content-team-300x247.jpg 300w, https:\/\/enwitec.eu\/wp-content\/uploads\/2025\/03\/enwitec-content-team-1024x842.jpg 1024w, https:\/\/enwitec.eu\/wp-content\/uploads\/2025\/03\/enwitec-content-team-768x632.jpg 768w, https:\/\/enwitec.eu\/wp-content\/uploads\/2025\/03\/enwitec-content-team-1536x1264.jpg 1536w, https:\/\/enwitec.eu\/wp-content\/uploads\/2025\/03\/enwitec-content-team-2048x1685.jpg 2048w, https:\/\/enwitec.eu\/wp-content\/uploads\/2025\/03\/enwitec-content-team-600x494.jpg 600w\" sizes=\"(max-width: 2431px) 100vw, 2431px\" \/>\t\t\t\t\t\t\t\t\t\t\t\t\t\t\t<\/div>\n\t\t\t\t<\/div>\n\t\t\t\t<\/div>\n\t\t\t\t\t<\/div>\n\t\t\t\t<\/div>\n\t\t<div class=\"elementor-element elementor-element-1ec2c1b1 e-con-full e-ecs-flex e-flex e-con e-parent\" data-id=\"1ec2c1b1\" data-element_type=\"container\" data-e-type=\"container\" data-settings=\"{&quot;shape_divider_top&quot;:&quot;waves&quot;,&quot;shape_divider_bottom&quot;:&quot;waves&quot;,&quot;shape_divider_bottom_negative&quot;:&quot;yes&quot;,&quot;ecs_container_type&quot;:&quot;flex&quot;,&quot;_ha_eqh_enable&quot;:false}\">\n\t\t\t\t<div class=\"elementor-shape elementor-shape-top\" aria-hidden=\"true\" data-negative=\"false\">\n\t\t\t<svg xmlns=\"http:\/\/www.w3.org\/2000\/svg\" viewBox=\"0 0 1000 100\" preserveAspectRatio=\"none\">\n\t<path class=\"elementor-shape-fill\" d=\"M421.9,6.5c22.6-2.5,51.5,0.4,75.5,5.3c23.6,4.9,70.9,23.5,100.5,35.7c75.8,32.2,133.7,44.5,192.6,49.7\n\tc23.6,2.1,48.7,3.5,103.4-2.5c54.7-6,106.2-25.6,106.2-25.6V0H0v30.3c0,0,72,32.6,158.4,30.5c39.2-0.7,92.8-6.7,134-22.4\n\tc21.2-8.1,52.2-18.2,79.7-24.2C399.3,7.9,411.6,7.5,421.9,6.5z\"\/>\n<\/svg>\t\t<\/div>\n\t\t\t\t<div class=\"elementor-shape elementor-shape-bottom\" aria-hidden=\"true\" data-negative=\"true\">\n\t\t\t<svg xmlns=\"http:\/\/www.w3.org\/2000\/svg\" viewBox=\"0 0 1000 100\" preserveAspectRatio=\"none\">\n\t<path class=\"elementor-shape-fill\" d=\"M790.5,93.1c-59.3-5.3-116.8-18-192.6-50c-29.6-12.7-76.9-31-100.5-35.9c-23.6-4.9-52.6-7.8-75.5-5.3\n\tc-10.2,1.1-22.6,1.4-50.1,7.4c-27.2,6.3-58.2,16.6-79.4,24.7c-41.3,15.9-94.9,21.9-134,22.6C72,58.2,0,25.8,0,25.8V100h1000V65.3\n\tc0,0-51.5,19.4-106.2,25.7C839.5,97,814.1,95.2,790.5,93.1z\"\/>\n<\/svg>\t\t<\/div>\n\t\t<div class=\"elementor-element elementor-element-177dfc46 e-con-full e-ecs-flex e-flex e-con e-child\" data-id=\"177dfc46\" data-element_type=\"container\" data-e-type=\"container\" data-settings=\"{&quot;background_background&quot;:&quot;classic&quot;,&quot;ecs_container_type&quot;:&quot;flex&quot;,&quot;_ha_eqh_enable&quot;:false}\">\n\t\t\t\t<\/div>\n\t\t<div class=\"elementor-element elementor-element-51419067 e-con-full e-ecs-flex e-flex e-con e-child\" data-id=\"51419067\" data-element_type=\"container\" data-e-type=\"container\" data-settings=\"{&quot;ecs_container_type&quot;:&quot;flex&quot;,&quot;_ha_eqh_enable&quot;:false}\">\n\t\t<div class=\"elementor-element elementor-element-5ec7e06c e-con-full e-ecs-flex e-flex e-con e-child\" data-id=\"5ec7e06c\" data-element_type=\"container\" data-e-type=\"container\" data-settings=\"{&quot;ecs_container_type&quot;:&quot;flex&quot;,&quot;_ha_eqh_enable&quot;:false}\">\n\t\t\t\t<div class=\"elementor-element elementor-element-70a7abe elementor-widget elementor-widget-heading\" data-id=\"70a7abe\" data-element_type=\"widget\" data-e-type=\"widget\" data-widget_type=\"heading.default\">\n\t\t\t\t<div class=\"elementor-widget-container\">\n\t\t\t\t\t<h2 class=\"elementor-heading-title elementor-size-default\">Tecnologia di connessione e soluzioni di accumulo energetico enwitec<\/h2>\t\t\t\t<\/div>\n\t\t\t\t<\/div>\n\t\t\t\t<div class=\"elementor-element elementor-element-079e3aa elementor-widget elementor-widget-icon-box\" data-id=\"079e3aa\" data-element_type=\"widget\" data-e-type=\"widget\" data-widget_type=\"icon-box.default\">\n\t\t\t\t<div class=\"elementor-widget-container\">\n\t\t\t\t\t\t\t<div class=\"elementor-icon-box-wrapper\">\n\n\t\t\t\n\t\t\t\t\t\t<div class=\"elementor-icon-box-content\">\n\n\t\t\t\t\t\t\t\t\t<h3 class=\"elementor-icon-box-title\">\n\t\t\t\t\t\t<span  >\n\t\t\t\t\t\t\tAmpia gamma di tecnologie di connessione professionali\t\t\t\t\t\t<\/span>\n\t\t\t\t\t<\/h3>\n\t\t\t\t\n\t\t\t\t\t\t\t\t\t<p class=\"elementor-icon-box-description\">\n\t\t\t\t\t\tTi offriamo un'ampia gamma di tecnologie di connessione professionali sul lato DC e AC per progetti fotovoltaici di piccole e grandi dimensioni. Inoltre, soddisfiamo le tue esigenze individuali. Le nostre soluzioni sono personalizzate e progettate pensando al futuro per garantire la massima efficienza e affidabilit\u00e0.  \t\t\t\t\t<\/p>\n\t\t\t\t\n\t\t\t<\/div>\n\t\t\t\n\t\t<\/div>\n\t\t\t\t\t\t<\/div>\n\t\t\t\t<\/div>\n\t\t\t\t<div class=\"elementor-element elementor-element-cd4e722 elementor-widget elementor-widget-icon-box\" data-id=\"cd4e722\" data-element_type=\"widget\" data-e-type=\"widget\" data-widget_type=\"icon-box.default\">\n\t\t\t\t<div class=\"elementor-widget-container\">\n\t\t\t\t\t\t\t<div class=\"elementor-icon-box-wrapper\">\n\n\t\t\t\n\t\t\t\t\t\t<div class=\"elementor-icon-box-content\">\n\n\t\t\t\t\t\t\t\t\t<h3 class=\"elementor-icon-box-title\">\n\t\t\t\t\t\t<span  >\n\t\t\t\t\t\t\tAffidabilit\u00e0 operativa a lungo termine\t\t\t\t\t\t<\/span>\n\t\t\t\t\t<\/h3>\n\t\t\t\t\n\t\t\t\t\t\t\t\t\t<p class=\"elementor-icon-box-description\">\n\t\t\t\t\t\tSebbene la tecnologia di connessione contribuisca solo in minima parte ai costi complessivi di un impianto fotovoltaico, ha un'influenza importante sul funzionamento a lungo termine senza problemi. Fornitori collaudati e la nostra esperienza pluriennale garantiscono la lunga durata e l'affidabilit\u00e0 operativa dei nostri prodotti. \t\t\t\t\t<\/p>\n\t\t\t\t\n\t\t\t<\/div>\n\t\t\t\n\t\t<\/div>\n\t\t\t\t\t\t<\/div>\n\t\t\t\t<\/div>\n\t\t\t\t<div class=\"elementor-element elementor-element-0a53a1c elementor-widget elementor-widget-icon-box\" data-id=\"0a53a1c\" data-element_type=\"widget\" data-e-type=\"widget\" data-widget_type=\"icon-box.default\">\n\t\t\t\t<div class=\"elementor-widget-container\">\n\t\t\t\t\t\t\t<div class=\"elementor-icon-box-wrapper\">\n\n\t\t\t\n\t\t\t\t\t\t<div class=\"elementor-icon-box-content\">\n\n\t\t\t\t\t\t\t\t\t<h3 class=\"elementor-icon-box-title\">\n\t\t\t\t\t\t<span  >\n\t\t\t\t\t\t\tQualit\u00e0 e innovazione - Made in Germany\t\t\t\t\t\t<\/span>\n\t\t\t\t\t<\/h3>\n\t\t\t\t\n\t\t\t\t\t\t\t\t\t<p class=\"elementor-icon-box-description\">\n\t\t\t\t\t\tIl nostro portafoglio di prodotti e servizi \u00e8 caratterizzato da alta qualit\u00e0 e costante innovazione. Ti offriamo soluzioni personalizzate e su misura per un'ampia variet\u00e0 di progetti, che pianifichiamo pensando al futuro e realizziamo in modo efficiente - tutto da un'unica fonte, Made in Germany. \t\t\t\t\t<\/p>\n\t\t\t\t\n\t\t\t<\/div>\n\t\t\t\n\t\t<\/div>\n\t\t\t\t\t\t<\/div>\n\t\t\t\t<\/div>\n\t\t\t\t<\/div>\n\t\t\t\t<\/div>\n\t\t\t\t<\/div>\n\t\t\t\t<\/div>\n\t\t","protected":false},"excerpt":{"rendered":"<p>Il tuo partner per la tecnologia di connessione e le soluzioni di accumulo di energia La nostra esperienza nelle energie rinnovabili Noi di enwitec, importante membro del gruppo di aziende greenLink, siamo leader europei nella produzione di tecnologie di connessione e soluzioni di accumulo di energia per le energie rinnovabili. Grazie alla nostra esperienza decennale [&hellip;]<\/p>\n","protected":false},"author":1,"featured_media":22353,"parent":24847,"menu_order":0,"comment_status":"closed","ping_status":"closed","template":"","meta":{"_acf_changed":false,"footnotes":""},"categories":[1690],"tags":[],"class_list":["post-22350","page","type-page","status-publish","has-post-thumbnail","hentry","category-enwitec"],"acf":[],"yoast_head":"<!-- This site is optimized with the Yoast SEO plugin v27.6 - https:\/\/yoast.com\/product\/yoast-seo-wordpress\/ -->\n<title>Chi siamo - enwitec electronic GmbH<\/title>\n<meta name=\"description\" content=\"Informazioni su enwitec: Produttore leader di tecnologie di connessione e soluzioni di accumulo di energia per le energie rinnovabili - qualit\u00e0 made in Germany. Scopri di pi\u00f9 ora.\" \/>\n<meta name=\"robots\" content=\"index, follow, max-snippet:-1, max-image-preview:large, max-video-preview:-1\" \/>\n<link rel=\"canonical\" href=\"https:\/\/enwitec.eu\/it\/home-it\/chi-siamo\/\" \/>\n<meta property=\"og:locale\" content=\"it_IT\" \/>\n<meta property=\"og:type\" content=\"article\" \/>\n<meta property=\"og:title\" content=\"Chi siamo - enwitec electronic GmbH\" \/>\n<meta property=\"og:description\" content=\"Informazioni su enwitec: Produttore leader di tecnologie di connessione e soluzioni di accumulo di energia per le energie rinnovabili - qualit\u00e0 made in Germany. Scopri di pi\u00f9 ora.\" \/>\n<meta property=\"og:url\" content=\"https:\/\/enwitec.eu\/it\/home-it\/chi-siamo\/\" \/>\n<meta property=\"og:site_name\" content=\"enwitec electronic GmbH\" \/>\n<meta property=\"article:modified_time\" content=\"2026-02-14T08:46:51+00:00\" \/>\n<meta property=\"og:image\" content=\"https:\/\/enwitec.eu\/wp-content\/uploads\/2025\/03\/enwitec-header-ueberuns.jpg\" \/>\n\t<meta property=\"og:image:width\" content=\"2300\" \/>\n\t<meta property=\"og:image:height\" content=\"1039\" \/>\n\t<meta property=\"og:image:type\" content=\"image\/jpeg\" \/>\n<meta name=\"twitter:card\" content=\"summary_large_image\" \/>\n<meta name=\"twitter:label1\" content=\"Tempo di lettura stimato\" \/>\n\t<meta name=\"twitter:data1\" content=\"1 minuto\" \/>\n<script type=\"application\/ld+json\" class=\"yoast-schema-graph\">{\"@context\":\"https:\\\/\\\/schema.org\",\"@graph\":[{\"@type\":\"WebPage\",\"@id\":\"https:\\\/\\\/enwitec.eu\\\/it\\\/home-it\\\/chi-siamo\\\/\",\"url\":\"https:\\\/\\\/enwitec.eu\\\/it\\\/home-it\\\/chi-siamo\\\/\",\"name\":\"Chi siamo - enwitec electronic GmbH\",\"isPartOf\":{\"@id\":\"https:\\\/\\\/enwitec.eu\\\/it\\\/#website\"},\"primaryImageOfPage\":{\"@id\":\"https:\\\/\\\/enwitec.eu\\\/it\\\/home-it\\\/chi-siamo\\\/#primaryimage\"},\"image\":{\"@id\":\"https:\\\/\\\/enwitec.eu\\\/it\\\/home-it\\\/chi-siamo\\\/#primaryimage\"},\"thumbnailUrl\":\"https:\\\/\\\/enwitec.eu\\\/wp-content\\\/uploads\\\/2025\\\/03\\\/enwitec-header-ueberuns.jpg\",\"datePublished\":\"2025-02-14T10:39:07+00:00\",\"dateModified\":\"2026-02-14T08:46:51+00:00\",\"description\":\"Informazioni su enwitec: Produttore leader di tecnologie di connessione e soluzioni di accumulo di energia per le energie rinnovabili - qualit\u00e0 made in Germany. Scopri di pi\u00f9 ora.\",\"breadcrumb\":{\"@id\":\"https:\\\/\\\/enwitec.eu\\\/it\\\/home-it\\\/chi-siamo\\\/#breadcrumb\"},\"inLanguage\":\"it-IT\",\"potentialAction\":[{\"@type\":\"ReadAction\",\"target\":[\"https:\\\/\\\/enwitec.eu\\\/it\\\/home-it\\\/chi-siamo\\\/\"]}]},{\"@type\":\"ImageObject\",\"inLanguage\":\"it-IT\",\"@id\":\"https:\\\/\\\/enwitec.eu\\\/it\\\/home-it\\\/chi-siamo\\\/#primaryimage\",\"url\":\"https:\\\/\\\/enwitec.eu\\\/wp-content\\\/uploads\\\/2025\\\/03\\\/enwitec-header-ueberuns.jpg\",\"contentUrl\":\"https:\\\/\\\/enwitec.eu\\\/wp-content\\\/uploads\\\/2025\\\/03\\\/enwitec-header-ueberuns.jpg\",\"width\":2300,\"height\":1039},{\"@type\":\"BreadcrumbList\",\"@id\":\"https:\\\/\\\/enwitec.eu\\\/it\\\/home-it\\\/chi-siamo\\\/#breadcrumb\",\"itemListElement\":[{\"@type\":\"ListItem\",\"position\":1,\"name\":\"Startseite\",\"item\":\"https:\\\/\\\/enwitec.eu\\\/it\\\/home-it\\\/\"},{\"@type\":\"ListItem\",\"position\":2,\"name\":\"Chi siamo\",\"item\":\"https:\\\/\\\/enwitec.eu\\\/it\\\/chi-siamo\\\/\"},{\"@type\":\"ListItem\",\"position\":3,\"name\":\"Unternehmen\",\"item\":\"https:\\\/\\\/enwitec.eu\\\/it\\\/chi-siamo\\\/unternehmen\\\/\"},{\"@type\":\"ListItem\",\"position\":4,\"name\":\"enwitec vecchio\",\"item\":\"https:\\\/\\\/enwitec.eu\\\/it\\\/chi-siamo\\\/unternehmen\\\/enwitec\\\/\"},{\"@type\":\"ListItem\",\"position\":5,\"name\":\"Chi siamo\"}]},{\"@type\":\"WebSite\",\"@id\":\"https:\\\/\\\/enwitec.eu\\\/it\\\/#website\",\"url\":\"https:\\\/\\\/enwitec.eu\\\/it\\\/\",\"name\":\"enwitec electronic GmbH orchestrating energy flows\",\"description\":\"\",\"publisher\":{\"@id\":\"https:\\\/\\\/enwitec.eu\\\/it\\\/#organization\"},\"potentialAction\":[{\"@type\":\"SearchAction\",\"target\":{\"@type\":\"EntryPoint\",\"urlTemplate\":\"https:\\\/\\\/enwitec.eu\\\/it\\\/?s={search_term_string}\"},\"query-input\":{\"@type\":\"PropertyValueSpecification\",\"valueRequired\":true,\"valueName\":\"search_term_string\"}}],\"inLanguage\":\"it-IT\"},{\"@type\":\"Organization\",\"@id\":\"https:\\\/\\\/enwitec.eu\\\/it\\\/#organization\",\"name\":\"enwitec electronic GmbH orchestrating energy flows\",\"url\":\"https:\\\/\\\/enwitec.eu\\\/it\\\/\",\"logo\":{\"@type\":\"ImageObject\",\"inLanguage\":\"it-IT\",\"@id\":\"https:\\\/\\\/enwitec.eu\\\/it\\\/#\\\/schema\\\/logo\\\/image\\\/\",\"url\":\"https:\\\/\\\/enwitec.eu\\\/wp-content\\\/uploads\\\/2025\\\/07\\\/enwitec-logo-scaled.png\",\"contentUrl\":\"https:\\\/\\\/enwitec.eu\\\/wp-content\\\/uploads\\\/2025\\\/07\\\/enwitec-logo-scaled.png\",\"width\":2560,\"height\":655,\"caption\":\"enwitec electronic GmbH orchestrating energy flows\"},\"image\":{\"@id\":\"https:\\\/\\\/enwitec.eu\\\/it\\\/#\\\/schema\\\/logo\\\/image\\\/\"}}]}<\/script>\n<!-- \/ Yoast SEO plugin. -->","yoast_head_json":{"title":"Chi siamo - enwitec electronic GmbH","description":"Informazioni su enwitec: Produttore leader di tecnologie di connessione e soluzioni di accumulo di energia per le energie rinnovabili - qualit\u00e0 made in Germany. Scopri di pi\u00f9 ora.","robots":{"index":"index","follow":"follow","max-snippet":"max-snippet:-1","max-image-preview":"max-image-preview:large","max-video-preview":"max-video-preview:-1"},"canonical":"https:\/\/enwitec.eu\/it\/home-it\/chi-siamo\/","og_locale":"it_IT","og_type":"article","og_title":"Chi siamo - enwitec electronic GmbH","og_description":"Informazioni su enwitec: Produttore leader di tecnologie di connessione e soluzioni di accumulo di energia per le energie rinnovabili - qualit\u00e0 made in Germany. Scopri di pi\u00f9 ora.","og_url":"https:\/\/enwitec.eu\/it\/home-it\/chi-siamo\/","og_site_name":"enwitec electronic GmbH","article_modified_time":"2026-02-14T08:46:51+00:00","og_image":[{"width":2300,"height":1039,"url":"https:\/\/enwitec.eu\/wp-content\/uploads\/2025\/03\/enwitec-header-ueberuns.jpg","type":"image\/jpeg"}],"twitter_card":"summary_large_image","twitter_misc":{"Tempo di lettura stimato":"1 minuto"},"schema":{"@context":"https:\/\/schema.org","@graph":[{"@type":"WebPage","@id":"https:\/\/enwitec.eu\/it\/home-it\/chi-siamo\/","url":"https:\/\/enwitec.eu\/it\/home-it\/chi-siamo\/","name":"Chi siamo - enwitec electronic GmbH","isPartOf":{"@id":"https:\/\/enwitec.eu\/it\/#website"},"primaryImageOfPage":{"@id":"https:\/\/enwitec.eu\/it\/home-it\/chi-siamo\/#primaryimage"},"image":{"@id":"https:\/\/enwitec.eu\/it\/home-it\/chi-siamo\/#primaryimage"},"thumbnailUrl":"https:\/\/enwitec.eu\/wp-content\/uploads\/2025\/03\/enwitec-header-ueberuns.jpg","datePublished":"2025-02-14T10:39:07+00:00","dateModified":"2026-02-14T08:46:51+00:00","description":"Informazioni su enwitec: Produttore leader di tecnologie di connessione e soluzioni di accumulo di energia per le energie rinnovabili - qualit\u00e0 made in Germany. Scopri di pi\u00f9 ora.","breadcrumb":{"@id":"https:\/\/enwitec.eu\/it\/home-it\/chi-siamo\/#breadcrumb"},"inLanguage":"it-IT","potentialAction":[{"@type":"ReadAction","target":["https:\/\/enwitec.eu\/it\/home-it\/chi-siamo\/"]}]},{"@type":"ImageObject","inLanguage":"it-IT","@id":"https:\/\/enwitec.eu\/it\/home-it\/chi-siamo\/#primaryimage","url":"https:\/\/enwitec.eu\/wp-content\/uploads\/2025\/03\/enwitec-header-ueberuns.jpg","contentUrl":"https:\/\/enwitec.eu\/wp-content\/uploads\/2025\/03\/enwitec-header-ueberuns.jpg","width":2300,"height":1039},{"@type":"BreadcrumbList","@id":"https:\/\/enwitec.eu\/it\/home-it\/chi-siamo\/#breadcrumb","itemListElement":[{"@type":"ListItem","position":1,"name":"Startseite","item":"https:\/\/enwitec.eu\/it\/home-it\/"},{"@type":"ListItem","position":2,"name":"Chi siamo","item":"https:\/\/enwitec.eu\/it\/chi-siamo\/"},{"@type":"ListItem","position":3,"name":"Unternehmen","item":"https:\/\/enwitec.eu\/it\/chi-siamo\/unternehmen\/"},{"@type":"ListItem","position":4,"name":"enwitec vecchio","item":"https:\/\/enwitec.eu\/it\/chi-siamo\/unternehmen\/enwitec\/"},{"@type":"ListItem","position":5,"name":"Chi siamo"}]},{"@type":"WebSite","@id":"https:\/\/enwitec.eu\/it\/#website","url":"https:\/\/enwitec.eu\/it\/","name":"enwitec electronic GmbH orchestrating energy flows","description":"","publisher":{"@id":"https:\/\/enwitec.eu\/it\/#organization"},"potentialAction":[{"@type":"SearchAction","target":{"@type":"EntryPoint","urlTemplate":"https:\/\/enwitec.eu\/it\/?s={search_term_string}"},"query-input":{"@type":"PropertyValueSpecification","valueRequired":true,"valueName":"search_term_string"}}],"inLanguage":"it-IT"},{"@type":"Organization","@id":"https:\/\/enwitec.eu\/it\/#organization","name":"enwitec electronic GmbH orchestrating energy flows","url":"https:\/\/enwitec.eu\/it\/","logo":{"@type":"ImageObject","inLanguage":"it-IT","@id":"https:\/\/enwitec.eu\/it\/#\/schema\/logo\/image\/","url":"https:\/\/enwitec.eu\/wp-content\/uploads\/2025\/07\/enwitec-logo-scaled.png","contentUrl":"https:\/\/enwitec.eu\/wp-content\/uploads\/2025\/07\/enwitec-logo-scaled.png","width":2560,"height":655,"caption":"enwitec electronic GmbH orchestrating energy flows"},"image":{"@id":"https:\/\/enwitec.eu\/it\/#\/schema\/logo\/image\/"}}]}},"_links":{"self":[{"href":"https:\/\/enwitec.eu\/it\/wp-json\/wp\/v2\/pages\/22350","targetHints":{"allow":["GET"]}}],"collection":[{"href":"https:\/\/enwitec.eu\/it\/wp-json\/wp\/v2\/pages"}],"about":[{"href":"https:\/\/enwitec.eu\/it\/wp-json\/wp\/v2\/types\/page"}],"author":[{"embeddable":true,"href":"https:\/\/enwitec.eu\/it\/wp-json\/wp\/v2\/users\/1"}],"replies":[{"embeddable":true,"href":"https:\/\/enwitec.eu\/it\/wp-json\/wp\/v2\/comments?post=22350"}],"version-history":[{"count":0,"href":"https:\/\/enwitec.eu\/it\/wp-json\/wp\/v2\/pages\/22350\/revisions"}],"up":[{"embeddable":true,"href":"https:\/\/enwitec.eu\/it\/wp-json\/wp\/v2\/pages\/24847"}],"wp:featuredmedia":[{"embeddable":true,"href":"https:\/\/enwitec.eu\/it\/wp-json\/wp\/v2\/media\/22353"}],"wp:attachment":[{"href":"https:\/\/enwitec.eu\/it\/wp-json\/wp\/v2\/media?parent=22350"}],"wp:term":[{"taxonomy":"category","embeddable":true,"href":"https:\/\/enwitec.eu\/it\/wp-json\/wp\/v2\/categories?post=22350"},{"taxonomy":"post_tag","embeddable":true,"href":"https:\/\/enwitec.eu\/it\/wp-json\/wp\/v2\/tags?post=22350"}],"curies":[{"name":"wp","href":"https:\/\/api.w.org\/{rel}","templated":true}]}}