{"id":6127,"date":"2025-04-14T08:34:23","date_gmt":"2025-04-14T06:34:23","guid":{"rendered":"https:\/\/enwitec.eu\/?post_type=product&#038;p=6127"},"modified":"2025-12-16T15:11:29","modified_gmt":"2025-12-16T14:11:29","slug":"enwitec-netzumschaltbox-power-backup-63-verto-plus-eu-10019335","status":"publish","type":"product","link":"https:\/\/enwitec.eu\/fr\/produkt\/enwitec-netzumschaltbox-power-backup-63-verto-plus-eu-10019335\/","title":{"rendered":"enwitec Netzumschaltbox PowerBackup 63 VERTO PLUS EU \u2013 10019335"},"content":{"rendered":"<div class=\"system-stammdaten\">\n<h2><\/h2>\n<p>&nbsp;<\/p>\n<\/div>\n","protected":false},"excerpt":{"rendered":"<p>&nbsp;<\/p>\n","protected":false},"featured_media":6137,"comment_status":"closed","ping_status":"closed","template":"","meta":{"_acf_changed":false},"anwendung":[],"product_brand":[264],"product_cat":[192],"product_tag":[284,285,194,195,197,286],"class_list":{"0":"post-6127","1":"product","2":"type-product","3":"status-publish","4":"has-post-thumbnail","6":"product_brand-enwitec","7":"product_cat-netzumschaltboxen-on-grid","8":"product_tag-284","9":"product_tag-fronius","10":"product_tag-netzumschalteinrichtungen","11":"product_tag-on-grid","12":"product_tag-umschalteinrichtung","13":"product_tag-verto-plus","14":"pa_laenderfreigabe-at","15":"pa_laenderfreigabe-be","16":"pa_laenderfreigabe-ch","17":"pa_laenderfreigabe-de","18":"pa_laenderfreigabe-es","19":"pa_laenderfreigabe-fr","20":"pa_laenderfreigabe-lu","21":"pa_laenderfreigabe-nl","22":"pa_laenderfreigabe-pt","23":"pa_max-durchgangsleistung-0-30-kw","24":"pa_max-durchgangsleistung-31-100-kw","25":"pa_nf-a-netzanschlusspunkt-tn-c","26":"pa_nf-a-netzanschlusspunkt-tn-s","27":"pa_nf-a-netzanschlusspunkt-tt","28":"pa_nf-i-d-verbraucheranlage-tn-s","29":"pa_nf-i-d-verbraucheranlage-tt","30":"pa_umschaltung-automatisch","31":"pa_wechselrichter-fronius-verto-plus","33":"first","34":"instock","35":"shipping-taxable","36":"product-type-simple"},"acf":{"product_informations":"<strong>Netzumschaltbox 3AC 230\/400V 50Hz<\/strong>\r\n<ul>\r\n \t<li>Anschlusssicherung max. 63A<\/li>\r\n \t<li>Allpolige oder dreipolige Trennung<\/li>\r\n \t<li>TN-C\/S\/TT\/TN-S<\/li>\r\n<\/ul>\r\n<strong>passend f\u00fcr<\/strong>\r\nFRONIUS \u2013 VERTO PLUS 15.0\/17.5\/20.0\/25.0\/30.0\/33.3\r\n\r\nL\u00e4nderverf\u00fcgbarkeit: EU 25 (au\u00dfer Deutschland und Italien)\r\n<ul>\r\n \t<li>incl. Fronius Smart Meter TS65A-3 - \u201eTouchscreen\u201c<\/li>\r\n<\/ul>\r\nF\u00fcr weitere technische Informationen downloaden Sie bitte die Dokumentation.\r\n\r\n<strong>Anmerkung<\/strong>\r\nMatchcode: 3PH_FRO_BBD(3)AP_35KW_3PH_FRT_EU25_1.1","technical_data":"<table border=\"0\" cellspacing=\"0\" cellpadding=\"8\">\r\n<tbody>\r\n<tr>\r\n<th>Bezeichnung<\/th>\r\n<th>Wert<\/th>\r\n<\/tr>\r\n<tr>\r\n<td>Artikel Nr.<\/td>\r\n<td>10019335<\/td>\r\n<\/tr>\r\n<tr>\r\n<td>Kompatibel zu<\/td>\r\n<td>Fronius<\/td>\r\n<\/tr>\r\n<tr>\r\n<td>Phasen<\/td>\r\n<td>3 Phasig<\/td>\r\n<\/tr>\r\n<tr>\r\n<td>Netztrennung<\/td>\r\n<td>Allpolige oder dreipolige Trennung<\/td>\r\n<\/tr>\r\n<tr>\r\n<td>Max. thermische Durchgangsleistung<\/td>\r\n<td>35 kW<\/td>\r\n<\/tr>\r\n<tr>\r\n<td>L\u00e4nderkennung<\/td>\r\n<td>EU 25 (au\u00dfer Deutschland und Italien)<\/td>\r\n<\/tr>\r\n<tr>\r\n<td>NA-Schutz<\/td>\r\n<td>nein<\/td>\r\n<\/tr>\r\n<tr>\r\n<td>Quellenumschalter<\/td>\r\n<td>nein<\/td>\r\n<\/tr>\r\n<tr>\r\n<td>Nennspannung<\/td>\r\n<td>230\/400V<\/td>\r\n<\/tr>\r\n<tr>\r\n<td>Nennfrequenz<\/td>\r\n<td>50\/60 Hz<\/td>\r\n<\/tr>\r\n<tr>\r\n<td>Kurzschlussstrom<\/td>\r\n<td>10 kA<\/td>\r\n<\/tr>\r\n<tr>\r\n<td>Vorsicherung<\/td>\r\n<td>63 A<\/td>\r\n<\/tr>\r\n<tr>\r\n<td>Betriebstemperaturbereich<\/td>\r\n<td>-5\u00b0C bis +35\u00b0C<\/td>\r\n<\/tr>\r\n<tr>\r\n<td>Luftfeuchtigkeit<\/td>\r\n<td>5% bis 60%<\/td>\r\n<\/tr>\r\n<tr>\r\n<td>Schutzklasse<\/td>\r\n<td>II<\/td>\r\n<\/tr>\r\n<tr>\r\n<td>Abmessungen BxHxT<\/td>\r\n<td>315 x 600 x 155<\/td>\r\n<\/tr>\r\n<tr>\r\n<td>Gewicht<\/td>\r\n<td>7,8 kg<\/td>\r\n<\/tr>\r\n<tr>\r\n<td>Geh\u00e4use<\/td>\r\n<td>Polycarbonat<\/td>\r\n<\/tr>\r\n<\/tbody>\r\n<\/table>","download":"<a href=\"https:\/\/enwitec.eu\/wp-content\/uploads\/2025\/05\/10019335_Datenblatt_POWER-Backup-63-VERTO-PLUS-EU_2.0_DE_2025_05_26_a.pdf\" target=\"_blank\" rel=\"noopener\">Datenblatt DE<\/a>\r\n<a href=\"https:\/\/enwitec.eu\/wp-content\/uploads\/2025\/10\/10019335_datasheet_POWER-Backup-63-VERTO-PLUS-EU_2.0_EN_d.pdf\" target=\"_blank\" rel=\"noopener\">Data Sheet EN<\/a>\r\n<a href=\"https:\/\/enwitec.eu\/wp-content\/uploads\/2025\/10\/10019335_Arkusz-danych_POWER-Backup-63-VERTO-PLUS-EU_2.0_PL_d.pdf\">Arkusz danych (Polnisch)<\/a>\r\n<a href=\"https:\/\/enwitec.eu\/wp-content\/uploads\/2025\/10\/10019335_datablad_POWER-Backup-63-VERTO-PLUS-EU_2.0_S_d.pdf\">Datablad (Schwedisch)<\/a>\r\n<a href=\"https:\/\/enwitec.eu\/wp-content\/uploads\/2025\/10\/10019335_ficha-tecnica_POWER-Backup-63-VERTO-PLUS-EU_2.0_E_d.pdf\">Ficha t\u00e9cnica (Spanisch)<\/a>\r\n<a href=\"https:\/\/enwitec.eu\/wp-content\/uploads\/2025\/10\/10019335_adatlap_POWER-Backup-63-VERTO-PLUS-EU_2.0_H_d.pdf\">Adatlap (Ungarisch)<\/a>\r\n\r\n<a href=\"https:\/\/enwitec.eu\/wp-content\/uploads\/2025\/11\/10019894_DE_EN_HB_Inst.-Anleitung-Fronius_Verto_Plus-a.pdf\" target=\"_blank\" rel=\"noopener\">Handbuch DE\/EN<\/a>\r\n<a href=\"https:\/\/enwitec.eu\/wp-content\/uploads\/2025\/04\/10019894_PL_HB_instrukcja-instalacji_Verto_Plus-a.pdf\" target=\"_blank\" rel=\"noopener\">Podr\u0119cznik (Polnisch)<\/a>\r\n<a href=\"https:\/\/enwitec.eu\/wp-content\/uploads\/2025\/04\/10019894_SE_HB_Handbok_Verto_Plus-a.pdf\" target=\"_blank\" rel=\"noopener\">Handbok (Schwedisch)<\/a>\r\n<a href=\"https:\/\/enwitec.eu\/wp-content\/uploads\/2025\/04\/10019894_ES_HB_Instrucciones-de-instalacion_Verto_Plus-a.pdf\">Manual (Spanisch)<\/a>\r\n<a href=\"https:\/\/enwitec.eu\/wp-content\/uploads\/2025\/04\/10019894_HU_HB_Telepitesi-utasitasok_Verto_Plus_HU-a.pdf\">K\u00e9zik\u00f6nyv (Ungarisch)<\/a>\r\n\r\n<a href=\"https:\/\/enwitec.eu\/wp-content\/uploads\/2025\/10\/SE_MD_Enwitec_Notstromumschaltung_DE_250320_encrypted_Verto_Plus.pdf\" target=\"_blank\" rel=\"noopener\">Herstellererkl\u00e4rung<\/a>","product_short_description":"<strong>Wechselrichter:<\/strong> Fronius VERTO PLUS\r\n<strong>L\u00e4nderfreigabe:<\/strong> EU 25 (au\u00dfer Deutschland + Italien)\r\n<strong>max. thermische Durchgangsleistung :<\/strong> 35<span style=\"font-size: inherit;\"> kW<\/span>\r\n<strong>Umschaltung: <\/strong>automatisch\r\n<strong>Netzform am Netzanschlusspunkt:<\/strong> TT, TN-S, TN-C\r\n<strong>Netzform in der Verbraucheranlage: <\/strong>TT, TN-S","photo_gallery":{"galerie_produkte":[[]]}},"yoast_head":"<!-- This site is optimized with the Yoast SEO plugin v27.6 - https:\/\/yoast.com\/product\/yoast-seo-wordpress\/ -->\n<title>enwitec Netzumschaltbox PowerBackup 63 VERTO PLUS EU \u2013 10019335 - enwitec electronic GmbH<\/title>\n<meta name=\"robots\" content=\"index, follow, max-snippet:-1, max-image-preview:large, max-video-preview:-1\" \/>\n<link rel=\"canonical\" href=\"https:\/\/enwitec.eu\/fr\/produkt\/enwitec-netzumschaltbox-power-backup-63-verto-plus-eu-10019335\/\" \/>\n<meta property=\"og:locale\" content=\"fr_FR\" \/>\n<meta property=\"og:type\" content=\"article\" \/>\n<meta property=\"og:title\" content=\"enwitec Netzumschaltbox PowerBackup 63 VERTO PLUS EU \u2013 10019335 - enwitec electronic GmbH\" \/>\n<meta property=\"og:description\" content=\"&nbsp;\" \/>\n<meta property=\"og:url\" content=\"https:\/\/enwitec.eu\/fr\/produkt\/enwitec-netzumschaltbox-power-backup-63-verto-plus-eu-10019335\/\" \/>\n<meta property=\"og:site_name\" content=\"enwitec electronic GmbH\" \/>\n<meta property=\"article:modified_time\" content=\"2025-12-16T14:11:29+00:00\" \/>\n<meta property=\"og:image\" content=\"https:\/\/enwitec.eu\/wp-content\/uploads\/2025\/04\/10017485_front_offen.png\" \/>\n\t<meta property=\"og:image:width\" content=\"1000\" \/>\n\t<meta property=\"og:image:height\" content=\"966\" \/>\n\t<meta property=\"og:image:type\" content=\"image\/png\" \/>\n<meta name=\"twitter:card\" content=\"summary_large_image\" \/>\n<meta name=\"twitter:label1\" content=\"Dur\u00e9e de lecture estim\u00e9e\" \/>\n\t<meta name=\"twitter:data1\" content=\"1 minute\" \/>\n<script type=\"application\/ld+json\" class=\"yoast-schema-graph\">{\"@context\":\"https:\\\/\\\/schema.org\",\"@graph\":[{\"@type\":\"WebPage\",\"@id\":\"https:\\\/\\\/enwitec.eu\\\/fr\\\/produkt\\\/enwitec-netzumschaltbox-power-backup-63-verto-plus-eu-10019335\\\/\",\"url\":\"https:\\\/\\\/enwitec.eu\\\/fr\\\/produkt\\\/enwitec-netzumschaltbox-power-backup-63-verto-plus-eu-10019335\\\/\",\"name\":\"enwitec Netzumschaltbox PowerBackup 63 VERTO PLUS EU \u2013 10019335 - enwitec electronic GmbH\",\"isPartOf\":{\"@id\":\"https:\\\/\\\/enwitec.eu\\\/fr\\\/#website\"},\"primaryImageOfPage\":{\"@id\":\"https:\\\/\\\/enwitec.eu\\\/fr\\\/produkt\\\/enwitec-netzumschaltbox-power-backup-63-verto-plus-eu-10019335\\\/#primaryimage\"},\"image\":{\"@id\":\"https:\\\/\\\/enwitec.eu\\\/fr\\\/produkt\\\/enwitec-netzumschaltbox-power-backup-63-verto-plus-eu-10019335\\\/#primaryimage\"},\"thumbnailUrl\":\"https:\\\/\\\/enwitec.eu\\\/wp-content\\\/uploads\\\/2025\\\/04\\\/10017485_front_offen.png\",\"datePublished\":\"2025-04-14T06:34:23+00:00\",\"dateModified\":\"2025-12-16T14:11:29+00:00\",\"breadcrumb\":{\"@id\":\"https:\\\/\\\/enwitec.eu\\\/fr\\\/produkt\\\/enwitec-netzumschaltbox-power-backup-63-verto-plus-eu-10019335\\\/#breadcrumb\"},\"inLanguage\":\"fr-FR\",\"potentialAction\":[{\"@type\":\"ReadAction\",\"target\":[\"https:\\\/\\\/enwitec.eu\\\/fr\\\/produkt\\\/enwitec-netzumschaltbox-power-backup-63-verto-plus-eu-10019335\\\/\"]}]},{\"@type\":\"ImageObject\",\"inLanguage\":\"fr-FR\",\"@id\":\"https:\\\/\\\/enwitec.eu\\\/fr\\\/produkt\\\/enwitec-netzumschaltbox-power-backup-63-verto-plus-eu-10019335\\\/#primaryimage\",\"url\":\"https:\\\/\\\/enwitec.eu\\\/wp-content\\\/uploads\\\/2025\\\/04\\\/10017485_front_offen.png\",\"contentUrl\":\"https:\\\/\\\/enwitec.eu\\\/wp-content\\\/uploads\\\/2025\\\/04\\\/10017485_front_offen.png\",\"width\":1000,\"height\":966},{\"@type\":\"BreadcrumbList\",\"@id\":\"https:\\\/\\\/enwitec.eu\\\/fr\\\/produkt\\\/enwitec-netzumschaltbox-power-backup-63-verto-plus-eu-10019335\\\/#breadcrumb\",\"itemListElement\":[{\"@type\":\"ListItem\",\"position\":1,\"name\":\"Startseite\",\"item\":\"https:\\\/\\\/enwitec.eu\\\/fr\\\/\"},{\"@type\":\"ListItem\",\"position\":2,\"name\":\"Produkte\",\"item\":\"https:\\\/\\\/enwitec.eu\\\/enwitec\\\/produkte\\\/\"},{\"@type\":\"ListItem\",\"position\":3,\"name\":\"enwitec Netzumschaltbox PowerBackup 63 VERTO PLUS EU \u2013 10019335\"}]},{\"@type\":\"WebSite\",\"@id\":\"https:\\\/\\\/enwitec.eu\\\/fr\\\/#website\",\"url\":\"https:\\\/\\\/enwitec.eu\\\/fr\\\/\",\"name\":\"enwitec electronic GmbH orchestrating energy flows\",\"description\":\"\",\"publisher\":{\"@id\":\"https:\\\/\\\/enwitec.eu\\\/fr\\\/#organization\"},\"potentialAction\":[{\"@type\":\"SearchAction\",\"target\":{\"@type\":\"EntryPoint\",\"urlTemplate\":\"https:\\\/\\\/enwitec.eu\\\/fr\\\/?s={search_term_string}\"},\"query-input\":{\"@type\":\"PropertyValueSpecification\",\"valueRequired\":true,\"valueName\":\"search_term_string\"}}],\"inLanguage\":\"fr-FR\"},{\"@type\":\"Organization\",\"@id\":\"https:\\\/\\\/enwitec.eu\\\/fr\\\/#organization\",\"name\":\"enwitec electronic GmbH orchestrating energy flows\",\"url\":\"https:\\\/\\\/enwitec.eu\\\/fr\\\/\",\"logo\":{\"@type\":\"ImageObject\",\"inLanguage\":\"fr-FR\",\"@id\":\"https:\\\/\\\/enwitec.eu\\\/fr\\\/#\\\/schema\\\/logo\\\/image\\\/\",\"url\":\"https:\\\/\\\/enwitec.eu\\\/wp-content\\\/uploads\\\/2025\\\/07\\\/enwitec-logo-scaled.png\",\"contentUrl\":\"https:\\\/\\\/enwitec.eu\\\/wp-content\\\/uploads\\\/2025\\\/07\\\/enwitec-logo-scaled.png\",\"width\":2560,\"height\":655,\"caption\":\"enwitec electronic GmbH orchestrating energy flows\"},\"image\":{\"@id\":\"https:\\\/\\\/enwitec.eu\\\/fr\\\/#\\\/schema\\\/logo\\\/image\\\/\"}}]}<\/script>\n<!-- \/ Yoast SEO plugin. -->","yoast_head_json":{"title":"enwitec Netzumschaltbox PowerBackup 63 VERTO PLUS EU \u2013 10019335 - enwitec electronic GmbH","robots":{"index":"index","follow":"follow","max-snippet":"max-snippet:-1","max-image-preview":"max-image-preview:large","max-video-preview":"max-video-preview:-1"},"canonical":"https:\/\/enwitec.eu\/fr\/produkt\/enwitec-netzumschaltbox-power-backup-63-verto-plus-eu-10019335\/","og_locale":"fr_FR","og_type":"article","og_title":"enwitec Netzumschaltbox PowerBackup 63 VERTO PLUS EU \u2013 10019335 - enwitec electronic GmbH","og_description":"&nbsp;","og_url":"https:\/\/enwitec.eu\/fr\/produkt\/enwitec-netzumschaltbox-power-backup-63-verto-plus-eu-10019335\/","og_site_name":"enwitec electronic GmbH","article_modified_time":"2025-12-16T14:11:29+00:00","og_image":[{"width":1000,"height":966,"url":"https:\/\/enwitec.eu\/wp-content\/uploads\/2025\/04\/10017485_front_offen.png","type":"image\/png"}],"twitter_card":"summary_large_image","twitter_misc":{"Dur\u00e9e de lecture estim\u00e9e":"1 minute"},"schema":{"@context":"https:\/\/schema.org","@graph":[{"@type":"WebPage","@id":"https:\/\/enwitec.eu\/fr\/produkt\/enwitec-netzumschaltbox-power-backup-63-verto-plus-eu-10019335\/","url":"https:\/\/enwitec.eu\/fr\/produkt\/enwitec-netzumschaltbox-power-backup-63-verto-plus-eu-10019335\/","name":"enwitec Netzumschaltbox PowerBackup 63 VERTO PLUS EU \u2013 10019335 - enwitec electronic GmbH","isPartOf":{"@id":"https:\/\/enwitec.eu\/fr\/#website"},"primaryImageOfPage":{"@id":"https:\/\/enwitec.eu\/fr\/produkt\/enwitec-netzumschaltbox-power-backup-63-verto-plus-eu-10019335\/#primaryimage"},"image":{"@id":"https:\/\/enwitec.eu\/fr\/produkt\/enwitec-netzumschaltbox-power-backup-63-verto-plus-eu-10019335\/#primaryimage"},"thumbnailUrl":"https:\/\/enwitec.eu\/wp-content\/uploads\/2025\/04\/10017485_front_offen.png","datePublished":"2025-04-14T06:34:23+00:00","dateModified":"2025-12-16T14:11:29+00:00","breadcrumb":{"@id":"https:\/\/enwitec.eu\/fr\/produkt\/enwitec-netzumschaltbox-power-backup-63-verto-plus-eu-10019335\/#breadcrumb"},"inLanguage":"fr-FR","potentialAction":[{"@type":"ReadAction","target":["https:\/\/enwitec.eu\/fr\/produkt\/enwitec-netzumschaltbox-power-backup-63-verto-plus-eu-10019335\/"]}]},{"@type":"ImageObject","inLanguage":"fr-FR","@id":"https:\/\/enwitec.eu\/fr\/produkt\/enwitec-netzumschaltbox-power-backup-63-verto-plus-eu-10019335\/#primaryimage","url":"https:\/\/enwitec.eu\/wp-content\/uploads\/2025\/04\/10017485_front_offen.png","contentUrl":"https:\/\/enwitec.eu\/wp-content\/uploads\/2025\/04\/10017485_front_offen.png","width":1000,"height":966},{"@type":"BreadcrumbList","@id":"https:\/\/enwitec.eu\/fr\/produkt\/enwitec-netzumschaltbox-power-backup-63-verto-plus-eu-10019335\/#breadcrumb","itemListElement":[{"@type":"ListItem","position":1,"name":"Startseite","item":"https:\/\/enwitec.eu\/fr\/"},{"@type":"ListItem","position":2,"name":"Produkte","item":"https:\/\/enwitec.eu\/enwitec\/produkte\/"},{"@type":"ListItem","position":3,"name":"enwitec Netzumschaltbox PowerBackup 63 VERTO PLUS EU \u2013 10019335"}]},{"@type":"WebSite","@id":"https:\/\/enwitec.eu\/fr\/#website","url":"https:\/\/enwitec.eu\/fr\/","name":"enwitec electronic GmbH orchestrating energy flows","description":"","publisher":{"@id":"https:\/\/enwitec.eu\/fr\/#organization"},"potentialAction":[{"@type":"SearchAction","target":{"@type":"EntryPoint","urlTemplate":"https:\/\/enwitec.eu\/fr\/?s={search_term_string}"},"query-input":{"@type":"PropertyValueSpecification","valueRequired":true,"valueName":"search_term_string"}}],"inLanguage":"fr-FR"},{"@type":"Organization","@id":"https:\/\/enwitec.eu\/fr\/#organization","name":"enwitec electronic GmbH orchestrating energy flows","url":"https:\/\/enwitec.eu\/fr\/","logo":{"@type":"ImageObject","inLanguage":"fr-FR","@id":"https:\/\/enwitec.eu\/fr\/#\/schema\/logo\/image\/","url":"https:\/\/enwitec.eu\/wp-content\/uploads\/2025\/07\/enwitec-logo-scaled.png","contentUrl":"https:\/\/enwitec.eu\/wp-content\/uploads\/2025\/07\/enwitec-logo-scaled.png","width":2560,"height":655,"caption":"enwitec electronic GmbH orchestrating energy flows"},"image":{"@id":"https:\/\/enwitec.eu\/fr\/#\/schema\/logo\/image\/"}}]}},"_links":{"self":[{"href":"https:\/\/enwitec.eu\/fr\/wp-json\/wp\/v2\/product\/6127","targetHints":{"allow":["GET"]}}],"collection":[{"href":"https:\/\/enwitec.eu\/fr\/wp-json\/wp\/v2\/product"}],"about":[{"href":"https:\/\/enwitec.eu\/fr\/wp-json\/wp\/v2\/types\/product"}],"replies":[{"embeddable":true,"href":"https:\/\/enwitec.eu\/fr\/wp-json\/wp\/v2\/comments?post=6127"}],"wp:featuredmedia":[{"embeddable":true,"href":"https:\/\/enwitec.eu\/fr\/wp-json\/wp\/v2\/media\/6137"}],"wp:attachment":[{"href":"https:\/\/enwitec.eu\/fr\/wp-json\/wp\/v2\/media?parent=6127"}],"wp:term":[{"taxonomy":"anwendung","embeddable":true,"href":"https:\/\/enwitec.eu\/fr\/wp-json\/wp\/v2\/anwendung?post=6127"},{"taxonomy":"product_brand","embeddable":true,"href":"https:\/\/enwitec.eu\/fr\/wp-json\/wp\/v2\/product_brand?post=6127"},{"taxonomy":"product_cat","embeddable":true,"href":"https:\/\/enwitec.eu\/fr\/wp-json\/wp\/v2\/product_cat?post=6127"},{"taxonomy":"product_tag","embeddable":true,"href":"https:\/\/enwitec.eu\/fr\/wp-json\/wp\/v2\/product_tag?post=6127"}],"curies":[{"name":"wp","href":"https:\/\/api.w.org\/{rel}","templated":true}]}}