{"id":17186,"date":"2025-06-30T13:31:38","date_gmt":"2025-06-30T11:31:38","guid":{"rendered":"https:\/\/enwitec.eu\/?post_type=product&#038;p=17186"},"modified":"2025-06-30T14:27:47","modified_gmt":"2025-06-30T12:27:47","slug":"enwitec-powerbackup-brain-10019625","status":"publish","type":"product","link":"https:\/\/enwitec.eu\/fr\/produkt\/enwitec-powerbackup-brain-10019625\/","title":{"rendered":"enwitec PowerBackup Brain &#8211; 10019625"},"content":{"rendered":"<div class=\"system-stammdaten\">\n<h2><\/h2>\n<p>&nbsp;<\/p>\n<\/div>\n","protected":false},"excerpt":{"rendered":"<p>&nbsp;<\/p>\n","protected":false},"featured_media":17206,"comment_status":"closed","ping_status":"closed","template":"","meta":{"_acf_changed":false},"anwendung":[],"product_brand":[264],"product_cat":[192],"product_tag":[1294,1295],"class_list":{"0":"post-17186","1":"product","2":"type-product","3":"status-publish","4":"has-post-thumbnail","6":"product_brand-enwitec","7":"product_cat-netzumschaltboxen-on-grid","8":"product_tag-1294","9":"product_tag-brain","10":"pa_laenderfreigabe-at","11":"pa_laenderfreigabe-be","12":"pa_laenderfreigabe-ch","13":"pa_laenderfreigabe-de","14":"pa_laenderfreigabe-es","15":"pa_laenderfreigabe-fr","16":"pa_laenderfreigabe-it","17":"pa_laenderfreigabe-lu","18":"pa_laenderfreigabe-nl","19":"pa_laenderfreigabe-pt","20":"pa_max-durchgangsleistung-0-30-kw","21":"pa_nf-a-netzanschlusspunkt-tn-c","22":"pa_nf-a-netzanschlusspunkt-tn-s","23":"pa_nf-a-netzanschlusspunkt-tt","24":"pa_nf-i-d-verbraucheranlage-tn-s","25":"pa_nf-i-d-verbraucheranlage-tt","26":"pa_umschaltung-automatisch","28":"first","29":"instock","30":"shipping-taxable","31":"product-type-simple"},"acf":{"product_informations":"Die ultimativ smarte Backup-L\u00f6sung f\u00fcr Ihre Energiesysteme.\r\n\r\nEntdecken Sie die PowerBackup Brain \u2013 die ultimative smarte Backup-L\u00f6sung f\u00fcr Ihre Energiesysteme! Diese revolution\u00e4re Full-Backup-L\u00f6sung kombiniert nahtlos ein integriertes Energie-Management-System (EMS), welches auch KI nutzt, mit universeller Kompatibilit\u00e4t f\u00fcr alle Hybridwechselrichter bis 30 kW.\r\n\r\nUnsere EMS-Technologie erfasst und analysiert Energieverbrauch, Stromfluss, Ladezust\u00e4nde der Batterien, tagesaktuelle Wetterdaten und Stromtarife, um die Effizienz und Zuverl\u00e4ssigkeit Ihrer Systeme zu maximieren. Mit Funktionen wie adaptiver Notstromreserve, Lastspitzenkappung und Erzeugungsspitzenkappung setzt die PowerBackup Brain neue Ma\u00dfst\u00e4be in der modernen Haustechnik.\r\nDie intelligente Steuerung optimiert den Energiehandel und Komfort, bietet Prognosedaten f\u00fcr Netzbetreiber und erm\u00f6glicht eine dynamische Anpassung des Energiemanagements. Zus\u00e4tzlich profitieren Sie von einer einfachen Installation ohne einen aufw\u00e4ndigen Umbau der Verbraucherverteilung! Bereit f\u00fcr die gesamte EU, macht die PowerBackup Brain Ihr Zuhause zukunftssicher und bietet maximale Effizienz und Sicherheit. Erleben Sie die Zukunft der Energieversorgung mit der PowerBackup Brain!","technical_data":"<table border=\"0\" cellspacing=\"0\" cellpadding=\"8\">\r\n<tbody>\r\n<tr>\r\n<th>Bezeichnung<\/th>\r\n<th>Wert<\/th>\r\n<\/tr>\r\n<tr>\r\n<td>Artikel Nr.<\/td>\r\n<td>10019625<\/td>\r\n<\/tr>\r\n<tr>\r\n<td>Kompatibel zu<\/td>\r\n<td>Allen inselnetzf\u00e4higen Batterie- und Hybridwechselrichtern mit zwei dreiphasigen AC-Anschl\u00fcssen\r\nbis 30 KW<\/td>\r\n<\/tr>\r\n<tr>\r\n<td>Phasen<\/td>\r\n<td>3 Phasig<\/td>\r\n<\/tr>\r\n<tr>\r\n<td>Netztrennung<\/td>\r\n<td>Allpolige Trennung<\/td>\r\n<\/tr>\r\n<tr>\r\n<td>Max. thermische Durchgangsleistung<\/td>\r\n<td>30 kW<\/td>\r\n<\/tr>\r\n<tr>\r\n<td>L\u00e4nderkennung<\/td>\r\n<td>EU<\/td>\r\n<\/tr>\r\n<tr>\r\n<td>NA-Schutz<\/td>\r\n<td>nein<\/td>\r\n<\/tr>\r\n<tr>\r\n<td>Quellenumschalter<\/td>\r\n<td>nein<\/td>\r\n<\/tr>\r\n<tr>\r\n<td>Nennspannung<\/td>\r\n<td>230\/400V<\/td>\r\n<\/tr>\r\n<tr>\r\n<td>Nennfrequenz<\/td>\r\n<td>50\/60 Hz<\/td>\r\n<\/tr>\r\n<tr>\r\n<td>Kurzschlussstrom<\/td>\r\n<td>10 kA<\/td>\r\n<\/tr>\r\n<tr>\r\n<td>Vorsicherung<\/td>\r\n<td>63 A<\/td>\r\n<\/tr>\r\n<tr>\r\n<td>Betriebstemperaturbereich<\/td>\r\n<td>-5\u00b0C bis +35\u00b0C<\/td>\r\n<\/tr>\r\n<tr>\r\n<td>Luftfeuchtigkeit<\/td>\r\n<td>5% bis 60%<\/td>\r\n<\/tr>\r\n<tr>\r\n<td>Schutzklasse<\/td>\r\n<td>II<\/td>\r\n<\/tr>\r\n<tr>\r\n<td>Abmessungen BxHxT<\/td>\r\n<td>600 x 800 x 300<\/td>\r\n<\/tr>\r\n<tr>\r\n<td>Gewicht<\/td>\r\n<td>23 kg<\/td>\r\n<\/tr>\r\n<tr>\r\n<td>Geh\u00e4use<\/td>\r\n<td>Polycarbonat<\/td>\r\n<\/tr>\r\n<\/tbody>\r\n<\/table>","download":"<a href=\"https:\/\/enwitec.eu\/wp-content\/uploads\/2025\/06\/10019625_Datenblatt_Power-Backup-Brain_DE_2025_04_30.pdf\" target=\"_blank\" rel=\"noopener\">Datenblatt DE<\/a>\r\n<a href=\"https:\/\/enwitec.eu\/wp-content\/uploads\/2025\/06\/10019625_datasheet_Power-Backup-Brain_EN_2025_05_05.pdf\" target=\"_blank\" rel=\"noopener\">Datasheet EN<\/a>\r\n<a href=\"https:\/\/enwitec.eu\/wp-content\/uploads\/2025\/06\/10019625_Arkusz-danych_Power-Backup-Brain_PL_2025_05_20.pdf\" target=\"_blank\" rel=\"noopener\">Arkusz danych<\/a>\r\n\r\n&nbsp;","product_short_description":"<strong>Wechselrichter:<\/strong> allen inselnetzf\u00e4higen Batterie- und Hybridwechselrichtern\r\n<strong>L\u00e4nderfreigabe:<\/strong> EU\r\n<strong>max. thermische Durchgangsleistung :<\/strong> 30<span style=\"font-size: inherit;\">\u00a0kW<\/span>\r\n<strong>Umschaltung: <\/strong>automatisch\r\n<strong>Netzform am Netzanschlusspunkt:<\/strong> TT, TN-S, TN-C\r\n<strong>Netzform in der Verbraucheranlage:<\/strong> TT, TN-S","photo_gallery":{"galerie_produkte":[[]]}},"yoast_head":"<!-- This site is optimized with the Yoast SEO plugin v27.6 - https:\/\/yoast.com\/product\/yoast-seo-wordpress\/ -->\n<title>enwitec PowerBackup Brain - 10019625 - enwitec electronic GmbH<\/title>\n<meta name=\"robots\" content=\"index, follow, max-snippet:-1, max-image-preview:large, max-video-preview:-1\" \/>\n<link rel=\"canonical\" href=\"https:\/\/enwitec.eu\/fr\/produkt\/enwitec-powerbackup-brain-10019625\/\" \/>\n<meta property=\"og:locale\" content=\"fr_FR\" \/>\n<meta property=\"og:type\" content=\"article\" \/>\n<meta property=\"og:title\" content=\"enwitec PowerBackup Brain - 10019625 - enwitec electronic GmbH\" \/>\n<meta property=\"og:description\" content=\"&nbsp;\" \/>\n<meta property=\"og:url\" content=\"https:\/\/enwitec.eu\/fr\/produkt\/enwitec-powerbackup-brain-10019625\/\" \/>\n<meta property=\"og:site_name\" content=\"enwitec electronic GmbH\" \/>\n<meta property=\"article:modified_time\" content=\"2025-06-30T12:27:47+00:00\" \/>\n<meta property=\"og:image\" content=\"https:\/\/enwitec.eu\/wp-content\/uploads\/2025\/06\/Brain3.png\" \/>\n\t<meta property=\"og:image:width\" content=\"500\" \/>\n\t<meta property=\"og:image:height\" content=\"500\" \/>\n\t<meta property=\"og:image:type\" content=\"image\/png\" \/>\n<meta name=\"twitter:card\" content=\"summary_large_image\" \/>\n<meta name=\"twitter:label1\" content=\"Dur\u00e9e de lecture estim\u00e9e\" \/>\n\t<meta name=\"twitter:data1\" content=\"1 minute\" \/>\n<script type=\"application\/ld+json\" class=\"yoast-schema-graph\">{\"@context\":\"https:\\\/\\\/schema.org\",\"@graph\":[{\"@type\":\"WebPage\",\"@id\":\"https:\\\/\\\/enwitec.eu\\\/fr\\\/produkt\\\/enwitec-powerbackup-brain-10019625\\\/\",\"url\":\"https:\\\/\\\/enwitec.eu\\\/fr\\\/produkt\\\/enwitec-powerbackup-brain-10019625\\\/\",\"name\":\"enwitec PowerBackup Brain - 10019625 - enwitec electronic GmbH\",\"isPartOf\":{\"@id\":\"https:\\\/\\\/enwitec.eu\\\/fr\\\/#website\"},\"primaryImageOfPage\":{\"@id\":\"https:\\\/\\\/enwitec.eu\\\/fr\\\/produkt\\\/enwitec-powerbackup-brain-10019625\\\/#primaryimage\"},\"image\":{\"@id\":\"https:\\\/\\\/enwitec.eu\\\/fr\\\/produkt\\\/enwitec-powerbackup-brain-10019625\\\/#primaryimage\"},\"thumbnailUrl\":\"https:\\\/\\\/enwitec.eu\\\/wp-content\\\/uploads\\\/2025\\\/06\\\/Brain3.png\",\"datePublished\":\"2025-06-30T11:31:38+00:00\",\"dateModified\":\"2025-06-30T12:27:47+00:00\",\"breadcrumb\":{\"@id\":\"https:\\\/\\\/enwitec.eu\\\/fr\\\/produkt\\\/enwitec-powerbackup-brain-10019625\\\/#breadcrumb\"},\"inLanguage\":\"fr-FR\",\"potentialAction\":[{\"@type\":\"ReadAction\",\"target\":[\"https:\\\/\\\/enwitec.eu\\\/fr\\\/produkt\\\/enwitec-powerbackup-brain-10019625\\\/\"]}]},{\"@type\":\"ImageObject\",\"inLanguage\":\"fr-FR\",\"@id\":\"https:\\\/\\\/enwitec.eu\\\/fr\\\/produkt\\\/enwitec-powerbackup-brain-10019625\\\/#primaryimage\",\"url\":\"https:\\\/\\\/enwitec.eu\\\/wp-content\\\/uploads\\\/2025\\\/06\\\/Brain3.png\",\"contentUrl\":\"https:\\\/\\\/enwitec.eu\\\/wp-content\\\/uploads\\\/2025\\\/06\\\/Brain3.png\",\"width\":500,\"height\":500},{\"@type\":\"BreadcrumbList\",\"@id\":\"https:\\\/\\\/enwitec.eu\\\/fr\\\/produkt\\\/enwitec-powerbackup-brain-10019625\\\/#breadcrumb\",\"itemListElement\":[{\"@type\":\"ListItem\",\"position\":1,\"name\":\"Startseite\",\"item\":\"https:\\\/\\\/enwitec.eu\\\/fr\\\/\"},{\"@type\":\"ListItem\",\"position\":2,\"name\":\"Produkte\",\"item\":\"https:\\\/\\\/enwitec.eu\\\/enwitec\\\/produkte\\\/\"},{\"@type\":\"ListItem\",\"position\":3,\"name\":\"enwitec PowerBackup Brain &#8211; 10019625\"}]},{\"@type\":\"WebSite\",\"@id\":\"https:\\\/\\\/enwitec.eu\\\/fr\\\/#website\",\"url\":\"https:\\\/\\\/enwitec.eu\\\/fr\\\/\",\"name\":\"enwitec electronic GmbH orchestrating energy flows\",\"description\":\"\",\"publisher\":{\"@id\":\"https:\\\/\\\/enwitec.eu\\\/fr\\\/#organization\"},\"potentialAction\":[{\"@type\":\"SearchAction\",\"target\":{\"@type\":\"EntryPoint\",\"urlTemplate\":\"https:\\\/\\\/enwitec.eu\\\/fr\\\/?s={search_term_string}\"},\"query-input\":{\"@type\":\"PropertyValueSpecification\",\"valueRequired\":true,\"valueName\":\"search_term_string\"}}],\"inLanguage\":\"fr-FR\"},{\"@type\":\"Organization\",\"@id\":\"https:\\\/\\\/enwitec.eu\\\/fr\\\/#organization\",\"name\":\"enwitec electronic GmbH orchestrating energy flows\",\"url\":\"https:\\\/\\\/enwitec.eu\\\/fr\\\/\",\"logo\":{\"@type\":\"ImageObject\",\"inLanguage\":\"fr-FR\",\"@id\":\"https:\\\/\\\/enwitec.eu\\\/fr\\\/#\\\/schema\\\/logo\\\/image\\\/\",\"url\":\"https:\\\/\\\/enwitec.eu\\\/wp-content\\\/uploads\\\/2025\\\/07\\\/enwitec-logo-scaled.png\",\"contentUrl\":\"https:\\\/\\\/enwitec.eu\\\/wp-content\\\/uploads\\\/2025\\\/07\\\/enwitec-logo-scaled.png\",\"width\":2560,\"height\":655,\"caption\":\"enwitec electronic GmbH orchestrating energy flows\"},\"image\":{\"@id\":\"https:\\\/\\\/enwitec.eu\\\/fr\\\/#\\\/schema\\\/logo\\\/image\\\/\"}}]}<\/script>\n<!-- \/ Yoast SEO plugin. -->","yoast_head_json":{"title":"enwitec PowerBackup Brain - 10019625 - enwitec electronic GmbH","robots":{"index":"index","follow":"follow","max-snippet":"max-snippet:-1","max-image-preview":"max-image-preview:large","max-video-preview":"max-video-preview:-1"},"canonical":"https:\/\/enwitec.eu\/fr\/produkt\/enwitec-powerbackup-brain-10019625\/","og_locale":"fr_FR","og_type":"article","og_title":"enwitec PowerBackup Brain - 10019625 - enwitec electronic GmbH","og_description":"&nbsp;","og_url":"https:\/\/enwitec.eu\/fr\/produkt\/enwitec-powerbackup-brain-10019625\/","og_site_name":"enwitec electronic GmbH","article_modified_time":"2025-06-30T12:27:47+00:00","og_image":[{"width":500,"height":500,"url":"https:\/\/enwitec.eu\/wp-content\/uploads\/2025\/06\/Brain3.png","type":"image\/png"}],"twitter_card":"summary_large_image","twitter_misc":{"Dur\u00e9e de lecture estim\u00e9e":"1 minute"},"schema":{"@context":"https:\/\/schema.org","@graph":[{"@type":"WebPage","@id":"https:\/\/enwitec.eu\/fr\/produkt\/enwitec-powerbackup-brain-10019625\/","url":"https:\/\/enwitec.eu\/fr\/produkt\/enwitec-powerbackup-brain-10019625\/","name":"enwitec PowerBackup Brain - 10019625 - enwitec electronic GmbH","isPartOf":{"@id":"https:\/\/enwitec.eu\/fr\/#website"},"primaryImageOfPage":{"@id":"https:\/\/enwitec.eu\/fr\/produkt\/enwitec-powerbackup-brain-10019625\/#primaryimage"},"image":{"@id":"https:\/\/enwitec.eu\/fr\/produkt\/enwitec-powerbackup-brain-10019625\/#primaryimage"},"thumbnailUrl":"https:\/\/enwitec.eu\/wp-content\/uploads\/2025\/06\/Brain3.png","datePublished":"2025-06-30T11:31:38+00:00","dateModified":"2025-06-30T12:27:47+00:00","breadcrumb":{"@id":"https:\/\/enwitec.eu\/fr\/produkt\/enwitec-powerbackup-brain-10019625\/#breadcrumb"},"inLanguage":"fr-FR","potentialAction":[{"@type":"ReadAction","target":["https:\/\/enwitec.eu\/fr\/produkt\/enwitec-powerbackup-brain-10019625\/"]}]},{"@type":"ImageObject","inLanguage":"fr-FR","@id":"https:\/\/enwitec.eu\/fr\/produkt\/enwitec-powerbackup-brain-10019625\/#primaryimage","url":"https:\/\/enwitec.eu\/wp-content\/uploads\/2025\/06\/Brain3.png","contentUrl":"https:\/\/enwitec.eu\/wp-content\/uploads\/2025\/06\/Brain3.png","width":500,"height":500},{"@type":"BreadcrumbList","@id":"https:\/\/enwitec.eu\/fr\/produkt\/enwitec-powerbackup-brain-10019625\/#breadcrumb","itemListElement":[{"@type":"ListItem","position":1,"name":"Startseite","item":"https:\/\/enwitec.eu\/fr\/"},{"@type":"ListItem","position":2,"name":"Produkte","item":"https:\/\/enwitec.eu\/enwitec\/produkte\/"},{"@type":"ListItem","position":3,"name":"enwitec PowerBackup Brain &#8211; 10019625"}]},{"@type":"WebSite","@id":"https:\/\/enwitec.eu\/fr\/#website","url":"https:\/\/enwitec.eu\/fr\/","name":"enwitec electronic GmbH orchestrating energy flows","description":"","publisher":{"@id":"https:\/\/enwitec.eu\/fr\/#organization"},"potentialAction":[{"@type":"SearchAction","target":{"@type":"EntryPoint","urlTemplate":"https:\/\/enwitec.eu\/fr\/?s={search_term_string}"},"query-input":{"@type":"PropertyValueSpecification","valueRequired":true,"valueName":"search_term_string"}}],"inLanguage":"fr-FR"},{"@type":"Organization","@id":"https:\/\/enwitec.eu\/fr\/#organization","name":"enwitec electronic GmbH orchestrating energy flows","url":"https:\/\/enwitec.eu\/fr\/","logo":{"@type":"ImageObject","inLanguage":"fr-FR","@id":"https:\/\/enwitec.eu\/fr\/#\/schema\/logo\/image\/","url":"https:\/\/enwitec.eu\/wp-content\/uploads\/2025\/07\/enwitec-logo-scaled.png","contentUrl":"https:\/\/enwitec.eu\/wp-content\/uploads\/2025\/07\/enwitec-logo-scaled.png","width":2560,"height":655,"caption":"enwitec electronic GmbH orchestrating energy flows"},"image":{"@id":"https:\/\/enwitec.eu\/fr\/#\/schema\/logo\/image\/"}}]}},"_links":{"self":[{"href":"https:\/\/enwitec.eu\/fr\/wp-json\/wp\/v2\/product\/17186","targetHints":{"allow":["GET"]}}],"collection":[{"href":"https:\/\/enwitec.eu\/fr\/wp-json\/wp\/v2\/product"}],"about":[{"href":"https:\/\/enwitec.eu\/fr\/wp-json\/wp\/v2\/types\/product"}],"replies":[{"embeddable":true,"href":"https:\/\/enwitec.eu\/fr\/wp-json\/wp\/v2\/comments?post=17186"}],"wp:featuredmedia":[{"embeddable":true,"href":"https:\/\/enwitec.eu\/fr\/wp-json\/wp\/v2\/media\/17206"}],"wp:attachment":[{"href":"https:\/\/enwitec.eu\/fr\/wp-json\/wp\/v2\/media?parent=17186"}],"wp:term":[{"taxonomy":"anwendung","embeddable":true,"href":"https:\/\/enwitec.eu\/fr\/wp-json\/wp\/v2\/anwendung?post=17186"},{"taxonomy":"product_brand","embeddable":true,"href":"https:\/\/enwitec.eu\/fr\/wp-json\/wp\/v2\/product_brand?post=17186"},{"taxonomy":"product_cat","embeddable":true,"href":"https:\/\/enwitec.eu\/fr\/wp-json\/wp\/v2\/product_cat?post=17186"},{"taxonomy":"product_tag","embeddable":true,"href":"https:\/\/enwitec.eu\/fr\/wp-json\/wp\/v2\/product_tag?post=17186"}],"curies":[{"name":"wp","href":"https:\/\/api.w.org\/{rel}","templated":true}]}}