{"id":17255,"date":"2025-06-30T15:43:43","date_gmt":"2025-06-30T13:43:43","guid":{"rendered":"https:\/\/enwitec.eu\/?post_type=product&#038;p=17255"},"modified":"2025-09-15T11:16:31","modified_gmt":"2025-09-15T09:16:31","slug":"distribuidor-de-ca-enwitec-3ac-400-tnc-5-nh000-x-bc-pes-1-0-10015383-kopie-kopie","status":"publish","type":"product","link":"https:\/\/greenlink.technology\/es\/produkt\/distribuidor-de-ca-enwitec-3ac-400-tnc-5-nh000-x-bc-pes-1-0-10015383-kopie-kopie\/","title":{"rendered":"Distribuidor de CA enwitec FieldConnect 400 &#8211; 10019560"},"content":{"rendered":"<div class=\"system-stammdaten\">\n<h2><\/h2>\n<p>&nbsp;<\/p>\n<\/div>\n","protected":false},"excerpt":{"rendered":"<p>&nbsp;<\/p>\n","protected":false},"featured_media":17237,"comment_status":"closed","ping_status":"closed","template":"","meta":{"_acf_changed":false},"anwendung":[],"product_brand":[264],"product_cat":[698],"product_tag":[1569,700,1559],"class_list":{"0":"post-17255","1":"product","2":"type-product","3":"status-publish","4":"has-post-thumbnail","6":"product_brand-enwitec","7":"product_cat-distribuidor-de-ca","8":"product_tag-1569","9":"product_tag-distribuidor-de-ca","10":"product_tag-fieldconnect","11":"pa_ueberspannungsschutz-tns-tipo-iiiiii","12":"pa_wechselrichtereingaenge-5-6-es","14":"first","15":"instock","16":"shipping-taxable","17":"product-type-simple"},"acf":{"product_informations":"El FieldConnect 400 es un cuadro de distribuci\u00f3n de CA para la red de 230\/400 V dise\u00f1ado para una potencia total del sistema de hasta 500 KW (552 KVA). Con una corriente operativa m\u00e1xima de 800 A y un dise\u00f1o flexible y espec\u00edfico para cada proyecto, establece nuevos est\u00e1ndares en t\u00e9rminos de rendimiento y disponibilidad. \n\nOfrece una soluci\u00f3n fiable y flexible para la distribuci\u00f3n de corriente alterna. Est\u00e1 preparado para cargas t\u00e9rmicas y el\u00e9ctricas elevadas y puede utilizarse tanto en aplicaciones interiores como exteriores. El cuadro de distribuci\u00f3n est\u00e1 equipado con un sistema de barras colectoras de 185 mm de alta calidad y ofrece varias opciones de conexi\u00f3n para satisfacer los requisitos espec\u00edficos de tus proyectos.  \n\nMaximiza la eficiencia y la seguridad de tu infraestructura energ\u00e9tica con el FieldConnect 400. \u00a1Ponte en contacto con nosotros hoy mismo para obtener m\u00e1s informaci\u00f3n y una consulta personal en\n! ","technical_data":"<div class=\"stammdaten-col\">\n<div class=\"line\">\n<p class=\"system-stammdaten-left\">N\u00ba de art\u00edculo: 10019560\n<span style=\"font-size: inherit;\">Forma de malla: <\/span><span style=\"font-size: inherit;\">TN-S\n<\/span><span style=\"font-size: inherit;\">N\u00famero de entradas del inversor: <\/span><span style=\"font-size: inherit;\">5\n<\/span><span style=\"font-size: inherit;\">Protecci\u00f3n contra sobretensi\u00f3n: Tipo I+II+III TNS<\/span><span style=\"font-size: inherit;\">\n<\/span><span style=\"font-size: inherit;\">Tipo de fusible: Seccionador NH1<\/span><span style=\"font-size: inherit;\">\n<\/span><span style=\"font-size: inherit;\">M\u00e1x (Ue): 4 <\/span><span style=\"font-size: inherit;\">00 V\n<\/span><span style=\"font-size: inherit;\">Frecuencia de funcionamiento (fn): <\/span><span style=\"font-size: inherit;\">50 Hz\n<\/span><span style=\"font-size: inherit;\">Corriente nominal (In): 8<\/span><span style=\"font-size: inherit;\">00 A<\/span><span style=\"font-size: inherit;\">\n<\/span><span style=\"font-size: inherit;\">Dimensiones: 1286 x 1279 x 470 mm<\/span><\/p>\n\n<\/div>\n<\/div>","download":"<a href=\"https:\/\/greenlink.technology\/wp-content\/uploads\/2025\/06\/10019560_Datenblatt_AC-Verteiler_FieldConnect-400_2025_04_22.pdf\" target=\"_blank\" rel=\"noopener\">Ficha t\u00e9cnica ES<\/a>\n<a href=\"https:\/\/greenlink.technology\/wp-content\/uploads\/2025\/06\/10019560_datasheet_AC-distributor_FieldConnect-400_EN_2025_04_22.pdf\" target=\"_blank\" rel=\"noopener\">Ficha t\u00e9cnica ES<\/a>\n<a href=\"https:\/\/greenlink.technology\/wp-content\/uploads\/2025\/06\/10019560_Arkusz-danych_Dystrybutor-AC_FieldConnect-400_PL_2025_05_20.pdf\" target=\"_blank\" rel=\"noopener\">Arkusz Danych PL<\/a>","product_short_description":"<strong>Tensi\u00f3n de red:<\/strong> 400 V\n<strong>Tipo de red:<\/strong> TN-S\n<strong>N\u00famero de entradas del inversor:<\/strong> 5\n<strong>Protecci\u00f3n contra sobretensiones:<\/strong> <span style=\"font-size: inherit;\">Tipo I+II+III TNS<\/span>","photo_gallery":{"galerie_produkte":[[]]}},"yoast_head":"<!-- This site is optimized with the Yoast SEO plugin v27.3 - https:\/\/yoast.com\/product\/yoast-seo-wordpress\/ -->\n<title>Distribuidor de CA enwitec FieldConnect 400 - 10019560 - greenLink orchestrating energy flows | enwitec electronic GmbH | LinQ Europe Sp. z o.o.<\/title>\n<meta name=\"robots\" content=\"index, follow, max-snippet:-1, max-image-preview:large, max-video-preview:-1\" \/>\n<link rel=\"canonical\" href=\"https:\/\/greenlink.technology\/es\/produkt\/distribuidor-de-ca-enwitec-3ac-400-tnc-5-nh000-x-bc-pes-1-0-10015383-kopie-kopie\/\" \/>\n<meta property=\"og:locale\" content=\"es_ES\" \/>\n<meta property=\"og:type\" content=\"article\" \/>\n<meta property=\"og:title\" content=\"Distribuidor de CA enwitec FieldConnect 400 - 10019560 - greenLink orchestrating energy flows | enwitec electronic GmbH | LinQ Europe Sp. z o.o.\" \/>\n<meta property=\"og:description\" content=\"&nbsp;\" \/>\n<meta property=\"og:url\" content=\"https:\/\/greenlink.technology\/es\/produkt\/distribuidor-de-ca-enwitec-3ac-400-tnc-5-nh000-x-bc-pes-1-0-10015383-kopie-kopie\/\" \/>\n<meta property=\"og:site_name\" content=\"greenLink orchestrating energy flows | enwitec electronic GmbH | LinQ Europe Sp. z o.o.\" \/>\n<meta property=\"article:modified_time\" content=\"2025-09-15T09:16:31+00:00\" \/>\n<meta property=\"og:image\" content=\"https:\/\/linqeurope.pl\/wp-content\/uploads\/2025\/06\/10019560_front.png\" \/>\n\t<meta property=\"og:image:width\" content=\"500\" \/>\n\t<meta property=\"og:image:height\" content=\"500\" \/>\n\t<meta property=\"og:image:type\" content=\"image\/png\" \/>\n<meta name=\"twitter:card\" content=\"summary_large_image\" \/>\n<script type=\"application\/ld+json\" class=\"yoast-schema-graph\">{\"@context\":\"https:\\\/\\\/schema.org\",\"@graph\":[{\"@type\":\"WebPage\",\"@id\":\"https:\\\/\\\/greenlink.technology\\\/es\\\/produkt\\\/distribuidor-de-ca-enwitec-3ac-400-tnc-5-nh000-x-bc-pes-1-0-10015383-kopie-kopie\\\/\",\"url\":\"https:\\\/\\\/greenlink.technology\\\/es\\\/produkt\\\/distribuidor-de-ca-enwitec-3ac-400-tnc-5-nh000-x-bc-pes-1-0-10015383-kopie-kopie\\\/\",\"name\":\"Distribuidor de CA enwitec FieldConnect 400 - 10019560 - greenLink orchestrating energy flows | enwitec electronic GmbH | LinQ Europe Sp. z o.o.\",\"isPartOf\":{\"@id\":\"https:\\\/\\\/enwitec.eu\\\/en\\\/#website\"},\"primaryImageOfPage\":{\"@id\":\"https:\\\/\\\/greenlink.technology\\\/es\\\/produkt\\\/distribuidor-de-ca-enwitec-3ac-400-tnc-5-nh000-x-bc-pes-1-0-10015383-kopie-kopie\\\/#primaryimage\"},\"image\":{\"@id\":\"https:\\\/\\\/greenlink.technology\\\/es\\\/produkt\\\/distribuidor-de-ca-enwitec-3ac-400-tnc-5-nh000-x-bc-pes-1-0-10015383-kopie-kopie\\\/#primaryimage\"},\"thumbnailUrl\":\"https:\\\/\\\/greenlink.technology\\\/wp-content\\\/uploads\\\/2025\\\/06\\\/10019560_front.png\",\"datePublished\":\"2025-06-30T13:43:43+00:00\",\"dateModified\":\"2025-09-15T09:16:31+00:00\",\"breadcrumb\":{\"@id\":\"https:\\\/\\\/greenlink.technology\\\/es\\\/produkt\\\/distribuidor-de-ca-enwitec-3ac-400-tnc-5-nh000-x-bc-pes-1-0-10015383-kopie-kopie\\\/#breadcrumb\"},\"inLanguage\":\"es\",\"potentialAction\":[{\"@type\":\"ReadAction\",\"target\":[\"https:\\\/\\\/greenlink.technology\\\/es\\\/produkt\\\/distribuidor-de-ca-enwitec-3ac-400-tnc-5-nh000-x-bc-pes-1-0-10015383-kopie-kopie\\\/\"]}]},{\"@type\":\"ImageObject\",\"inLanguage\":\"es\",\"@id\":\"https:\\\/\\\/greenlink.technology\\\/es\\\/produkt\\\/distribuidor-de-ca-enwitec-3ac-400-tnc-5-nh000-x-bc-pes-1-0-10015383-kopie-kopie\\\/#primaryimage\",\"url\":\"https:\\\/\\\/greenlink.technology\\\/wp-content\\\/uploads\\\/2025\\\/06\\\/10019560_front.png\",\"contentUrl\":\"https:\\\/\\\/greenlink.technology\\\/wp-content\\\/uploads\\\/2025\\\/06\\\/10019560_front.png\",\"width\":500,\"height\":500},{\"@type\":\"BreadcrumbList\",\"@id\":\"https:\\\/\\\/greenlink.technology\\\/es\\\/produkt\\\/distribuidor-de-ca-enwitec-3ac-400-tnc-5-nh000-x-bc-pes-1-0-10015383-kopie-kopie\\\/#breadcrumb\",\"itemListElement\":[{\"@type\":\"ListItem\",\"position\":1,\"name\":\"Startseite\",\"item\":\"https:\\\/\\\/enwitec.eu\\\/es\\\/\"},{\"@type\":\"ListItem\",\"position\":2,\"name\":\"Productos\",\"item\":\"https:\\\/\\\/greenlink.technology\\\/es\\\/sobre-nosotros\\\/la-empresa\\\/enwitec\\\/productos\\\/\"},{\"@type\":\"ListItem\",\"position\":3,\"name\":\"Distribuidor de CA enwitec FieldConnect 400 &#8211; 10019560\"}]},{\"@type\":\"WebSite\",\"@id\":\"https:\\\/\\\/enwitec.eu\\\/en\\\/#website\",\"url\":\"https:\\\/\\\/enwitec.eu\\\/en\\\/\",\"name\":\"greenLink orchestrating energy flows | enwitec electronic GmbH | LinQ Europe Sp. z o.o.\",\"description\":\"\",\"publisher\":{\"@id\":\"https:\\\/\\\/enwitec.eu\\\/en\\\/#organization\"},\"potentialAction\":[{\"@type\":\"SearchAction\",\"target\":{\"@type\":\"EntryPoint\",\"urlTemplate\":\"https:\\\/\\\/enwitec.eu\\\/en\\\/?s={search_term_string}\"},\"query-input\":{\"@type\":\"PropertyValueSpecification\",\"valueRequired\":true,\"valueName\":\"search_term_string\"}}],\"inLanguage\":\"es\"},{\"@type\":\"Organization\",\"@id\":\"https:\\\/\\\/enwitec.eu\\\/en\\\/#organization\",\"name\":\"greenLink orquestaci\u00f3n de flujos de energ\u00eda | enwitec electronic GmbH | LinQ Europe Sp. z o.o.\",\"url\":\"https:\\\/\\\/enwitec.eu\\\/en\\\/\",\"logo\":{\"@type\":\"ImageObject\",\"inLanguage\":\"es\",\"@id\":\"https:\\\/\\\/enwitec.eu\\\/en\\\/#\\\/schema\\\/logo\\\/image\\\/\",\"url\":\"https:\\\/\\\/greenlink.technology\\\/wp-content\\\/uploads\\\/2025\\\/01\\\/greenlink-logo-final.png\",\"contentUrl\":\"https:\\\/\\\/greenlink.technology\\\/wp-content\\\/uploads\\\/2025\\\/01\\\/greenlink-logo-final.png\",\"width\":2586,\"height\":629,\"caption\":\"greenLink orquestaci\u00f3n de flujos de energ\u00eda | enwitec electronic GmbH | LinQ Europe Sp. z o.o. \"},\"image\":{\"@id\":\"https:\\\/\\\/enwitec.eu\\\/en\\\/#\\\/schema\\\/logo\\\/image\\\/\"}}]}<\/script>\n<!-- \/ Yoast SEO plugin. -->","yoast_head_json":{"title":"Distribuidor de CA enwitec FieldConnect 400 - 10019560 - greenLink orchestrating energy flows | enwitec electronic GmbH | LinQ Europe Sp. z o.o.","robots":{"index":"index","follow":"follow","max-snippet":"max-snippet:-1","max-image-preview":"max-image-preview:large","max-video-preview":"max-video-preview:-1"},"canonical":"https:\/\/greenlink.technology\/es\/produkt\/distribuidor-de-ca-enwitec-3ac-400-tnc-5-nh000-x-bc-pes-1-0-10015383-kopie-kopie\/","og_locale":"es_ES","og_type":"article","og_title":"Distribuidor de CA enwitec FieldConnect 400 - 10019560 - greenLink orchestrating energy flows | enwitec electronic GmbH | LinQ Europe Sp. z o.o.","og_description":"&nbsp;","og_url":"https:\/\/greenlink.technology\/es\/produkt\/distribuidor-de-ca-enwitec-3ac-400-tnc-5-nh000-x-bc-pes-1-0-10015383-kopie-kopie\/","og_site_name":"greenLink orchestrating energy flows | enwitec electronic GmbH | LinQ Europe Sp. z o.o.","article_modified_time":"2025-09-15T09:16:31+00:00","og_image":[{"width":500,"height":500,"url":"https:\/\/linqeurope.pl\/wp-content\/uploads\/2025\/06\/10019560_front.png","type":"image\/png"}],"twitter_card":"summary_large_image","schema":{"@context":"https:\/\/schema.org","@graph":[{"@type":"WebPage","@id":"https:\/\/greenlink.technology\/es\/produkt\/distribuidor-de-ca-enwitec-3ac-400-tnc-5-nh000-x-bc-pes-1-0-10015383-kopie-kopie\/","url":"https:\/\/greenlink.technology\/es\/produkt\/distribuidor-de-ca-enwitec-3ac-400-tnc-5-nh000-x-bc-pes-1-0-10015383-kopie-kopie\/","name":"Distribuidor de CA enwitec FieldConnect 400 - 10019560 - greenLink orchestrating energy flows | enwitec electronic GmbH | LinQ Europe Sp. z o.o.","isPartOf":{"@id":"https:\/\/enwitec.eu\/en\/#website"},"primaryImageOfPage":{"@id":"https:\/\/greenlink.technology\/es\/produkt\/distribuidor-de-ca-enwitec-3ac-400-tnc-5-nh000-x-bc-pes-1-0-10015383-kopie-kopie\/#primaryimage"},"image":{"@id":"https:\/\/greenlink.technology\/es\/produkt\/distribuidor-de-ca-enwitec-3ac-400-tnc-5-nh000-x-bc-pes-1-0-10015383-kopie-kopie\/#primaryimage"},"thumbnailUrl":"https:\/\/greenlink.technology\/wp-content\/uploads\/2025\/06\/10019560_front.png","datePublished":"2025-06-30T13:43:43+00:00","dateModified":"2025-09-15T09:16:31+00:00","breadcrumb":{"@id":"https:\/\/greenlink.technology\/es\/produkt\/distribuidor-de-ca-enwitec-3ac-400-tnc-5-nh000-x-bc-pes-1-0-10015383-kopie-kopie\/#breadcrumb"},"inLanguage":"es","potentialAction":[{"@type":"ReadAction","target":["https:\/\/greenlink.technology\/es\/produkt\/distribuidor-de-ca-enwitec-3ac-400-tnc-5-nh000-x-bc-pes-1-0-10015383-kopie-kopie\/"]}]},{"@type":"ImageObject","inLanguage":"es","@id":"https:\/\/greenlink.technology\/es\/produkt\/distribuidor-de-ca-enwitec-3ac-400-tnc-5-nh000-x-bc-pes-1-0-10015383-kopie-kopie\/#primaryimage","url":"https:\/\/greenlink.technology\/wp-content\/uploads\/2025\/06\/10019560_front.png","contentUrl":"https:\/\/greenlink.technology\/wp-content\/uploads\/2025\/06\/10019560_front.png","width":500,"height":500},{"@type":"BreadcrumbList","@id":"https:\/\/greenlink.technology\/es\/produkt\/distribuidor-de-ca-enwitec-3ac-400-tnc-5-nh000-x-bc-pes-1-0-10015383-kopie-kopie\/#breadcrumb","itemListElement":[{"@type":"ListItem","position":1,"name":"Startseite","item":"https:\/\/enwitec.eu\/es\/"},{"@type":"ListItem","position":2,"name":"Productos","item":"https:\/\/greenlink.technology\/es\/sobre-nosotros\/la-empresa\/enwitec\/productos\/"},{"@type":"ListItem","position":3,"name":"Distribuidor de CA enwitec FieldConnect 400 &#8211; 10019560"}]},{"@type":"WebSite","@id":"https:\/\/enwitec.eu\/en\/#website","url":"https:\/\/enwitec.eu\/en\/","name":"greenLink orchestrating energy flows | enwitec electronic GmbH | LinQ Europe Sp. z o.o.","description":"","publisher":{"@id":"https:\/\/enwitec.eu\/en\/#organization"},"potentialAction":[{"@type":"SearchAction","target":{"@type":"EntryPoint","urlTemplate":"https:\/\/enwitec.eu\/en\/?s={search_term_string}"},"query-input":{"@type":"PropertyValueSpecification","valueRequired":true,"valueName":"search_term_string"}}],"inLanguage":"es"},{"@type":"Organization","@id":"https:\/\/enwitec.eu\/en\/#organization","name":"greenLink orquestaci\u00f3n de flujos de energ\u00eda | enwitec electronic GmbH | LinQ Europe Sp. z o.o.","url":"https:\/\/enwitec.eu\/en\/","logo":{"@type":"ImageObject","inLanguage":"es","@id":"https:\/\/enwitec.eu\/en\/#\/schema\/logo\/image\/","url":"https:\/\/greenlink.technology\/wp-content\/uploads\/2025\/01\/greenlink-logo-final.png","contentUrl":"https:\/\/greenlink.technology\/wp-content\/uploads\/2025\/01\/greenlink-logo-final.png","width":2586,"height":629,"caption":"greenLink orquestaci\u00f3n de flujos de energ\u00eda | enwitec electronic GmbH | LinQ Europe Sp. z o.o. "},"image":{"@id":"https:\/\/enwitec.eu\/en\/#\/schema\/logo\/image\/"}}]}},"_links":{"self":[{"href":"https:\/\/greenlink.technology\/es\/wp-json\/wp\/v2\/product\/17255","targetHints":{"allow":["GET"]}}],"collection":[{"href":"https:\/\/greenlink.technology\/es\/wp-json\/wp\/v2\/product"}],"about":[{"href":"https:\/\/greenlink.technology\/es\/wp-json\/wp\/v2\/types\/product"}],"replies":[{"embeddable":true,"href":"https:\/\/greenlink.technology\/es\/wp-json\/wp\/v2\/comments?post=17255"}],"wp:featuredmedia":[{"embeddable":true,"href":"https:\/\/greenlink.technology\/es\/wp-json\/wp\/v2\/media\/17237"}],"wp:attachment":[{"href":"https:\/\/greenlink.technology\/es\/wp-json\/wp\/v2\/media?parent=17255"}],"wp:term":[{"taxonomy":"anwendung","embeddable":true,"href":"https:\/\/greenlink.technology\/es\/wp-json\/wp\/v2\/anwendung?post=17255"},{"taxonomy":"product_brand","embeddable":true,"href":"https:\/\/greenlink.technology\/es\/wp-json\/wp\/v2\/product_brand?post=17255"},{"taxonomy":"product_cat","embeddable":true,"href":"https:\/\/greenlink.technology\/es\/wp-json\/wp\/v2\/product_cat?post=17255"},{"taxonomy":"product_tag","embeddable":true,"href":"https:\/\/greenlink.technology\/es\/wp-json\/wp\/v2\/product_tag?post=17255"}],"curies":[{"name":"wp","href":"https:\/\/api.w.org\/{rel}","templated":true}]}}