{"id":17090,"date":"2025-06-27T13:01:36","date_gmt":"2025-06-27T11:01:36","guid":{"rendered":"https:\/\/greenlink.technology\/?post_type=product&#038;p=17090"},"modified":"2025-11-20T15:42:07","modified_gmt":"2025-11-20T14:42:07","slug":"caja-de-bornes-para-generador-de-cc-enwitec-gak-s-1500-12sx2xx-t315-bc-us-pes-1-0-10016616-kopie","status":"publish","type":"product","link":"https:\/\/greenlink.technology\/es\/produkt\/caja-de-bornes-para-generador-de-cc-enwitec-gak-s-1500-12sx2xx-t315-bc-us-pes-1-0-10016616-kopie\/","title":{"rendered":"enwitec SolarConnect 1500 &#8211; 10019463"},"content":{"rendered":"<div class=\"system-stammdaten\">\n<h2\/>\n&nbsp;<\/p>\n<\/div>\n","protected":false},"excerpt":{"rendered":"<p>&nbsp;<\/p>\n","protected":false},"featured_media":17133,"comment_status":"closed","ping_status":"closed","template":"","meta":{"_acf_changed":false},"anwendung":[],"product_brand":[264],"product_cat":[542],"product_tag":[1571,544,543],"class_list":{"0":"post-17090","1":"product","2":"type-product","3":"status-publish","4":"has-post-thumbnail","6":"product_brand-enwitec","7":"product_cat-caja-de-conexiones-del-generador","8":"product_tag-1571","9":"product_tag-caja-de-conexiones-del-generador","10":"product_tag-gak-es","11":"pa_anschlussform-conexion-roscada","12":"pa_mpp-tracker-1-es","13":"pa_strings-im-eingang-pro-mpp-1-es","14":"pa_systemspannung-1000-vcc--1500-vcc","15":"pa_trennschalter-si","16":"pa_ueberspannungsschutz-tipo-12","18":"first","19":"instock","20":"shipping-taxable","21":"product-type-simple"},"acf":{"product_informations":"La SolarConnect 1500 de enwitec es una caja de conexiones de generador fotovoltaico (GAK) muy flexible que se ha desarrollado especialmente para grandes proyectos fotovoltaicos con inversores centrales. Con una tensi\u00f3n de sistema de hasta 1.500 VCC y monitorizaci\u00f3n de la corriente de string mediante MOD-BUS, ofrece la m\u00e1xima seguridad y eficiencia. \n\nEl SolarConnect 1500 ofrece todas las tecnolog\u00edas de conexi\u00f3n necesarias para complementar de forma \u00f3ptima los proyectos fotovoltaicos a gran escala en el sector de los servicios p\u00fablicos en t\u00e9rminos de flexibilidad, disponibilidad y sostenibilidad. Incluye funciones como interruptores de corte de carga por control remoto, control de la corriente de la cadena y protecci\u00f3n integrada contra sobretensiones.","technical_data":"<div class=\"stammdaten-col\">\n<div class=\"line\">\n<p class=\"system-stammdaten-left\">N\u00ba de art\u00edculo: 10019463\nUmpp m\u00e1x. Umpp (Ue): 1500 VDC\nSeguidor MPP: 1\nCadenas en entrada por MPP: 24\nCadenas en salida por MPP: 1\nFusible de cadena: s\u00ed\nProtecci\u00f3n contra sobretensi\u00f3n: Tipo I+II\/BC\nSeccionador: S\u00ed\nTipo de conexi\u00f3n: Conexi\u00f3n por tornillo\nCorriente nominal InA: 396 ADC\nCorriente nominal Isc por cadena: 16,5 ADC\nDimensiones (AnxAlxPr): 1000 x 800 x 300 mm\nPeso total: 46,5 kg <\/p>\n\n<\/div>\n<\/div>","download":"<a href=\"https:\/\/greenlink.technology\/wp-content\/uploads\/2025\/11\/10019463_DE_DAT_Solarconnect-1500-b.pdf\" target=\"_blank\" rel=\"noopener\">Ficha t\u00e9cnica ES<\/a>\n<a href=\"https:\/\/greenlink.technology\/wp-content\/uploads\/2025\/11\/10019463_GB_DAT_Solarconnect-1500-b.pdf\" target=\"_blank\" rel=\"noopener\">Hoja de datos ES<\/a>\n<a href=\"https:\/\/greenlink.technology\/wp-content\/uploads\/2025\/11\/10019463_PL_DAT_Solarconnect-1500-b.pdf\" target=\"_blank\" rel=\"noopener\">Arkusz danych PL<\/a>\n<a href=\"https:\/\/greenlink.technology\/wp-content\/uploads\/2025\/10\/10019871_KoEU_BAT-BREAKER-3xAccu1xCharg.1000VDC-50A-BYDHVB-HVM-Version-a-09_2025-.pdf\" target=\"_blank\" rel=\"noopener\">DECLARACI\u00d3N DE CONFORMIDAD DE LA UE<\/a>","product_short_description":"<strong>Tensi\u00f3n del sistema:<\/strong> 1500 VDC\n<strong>Seguidor MPP:<\/strong> 1\n<strong>Cadenas en entrada por MPP:<\/strong> 24\n<strong>Cadenas en salida por MPP: <\/strong>1\n<strong>Protecci\u00f3n contra sobretensi\u00f3n:<\/strong> Tipo I+II\/BC\n<strong>Seccionador: <\/strong>S\u00ed\n<strong>Tipo de conexi\u00f3n:<\/strong> Conexi\u00f3n roscada","photo_gallery":{"galerie_produkte":[[]]}},"yoast_head":"<!-- This site is optimized with the Yoast SEO plugin v27.3 - https:\/\/yoast.com\/product\/yoast-seo-wordpress\/ -->\n<title>enwitec SolarConnect 1500 - 10019463 - greenLink orchestrating energy flows | enwitec electronic GmbH | LinQ Europe Sp. z o.o.<\/title>\n<meta name=\"robots\" content=\"index, follow, max-snippet:-1, max-image-preview:large, max-video-preview:-1\" \/>\n<link rel=\"canonical\" href=\"https:\/\/greenlink.technology\/es\/produkt\/caja-de-bornes-para-generador-de-cc-enwitec-gak-s-1500-12sx2xx-t315-bc-us-pes-1-0-10016616-kopie\/\" \/>\n<meta property=\"og:locale\" content=\"es_ES\" \/>\n<meta property=\"og:type\" content=\"article\" \/>\n<meta property=\"og:title\" content=\"enwitec SolarConnect 1500 - 10019463 - greenLink orchestrating energy flows | enwitec electronic GmbH | LinQ Europe Sp. z o.o.\" \/>\n<meta property=\"og:description\" content=\"&nbsp;\" \/>\n<meta property=\"og:url\" content=\"https:\/\/greenlink.technology\/es\/produkt\/caja-de-bornes-para-generador-de-cc-enwitec-gak-s-1500-12sx2xx-t315-bc-us-pes-1-0-10016616-kopie\/\" \/>\n<meta property=\"og:site_name\" content=\"greenLink orchestrating energy flows | enwitec electronic GmbH | LinQ Europe Sp. z o.o.\" \/>\n<meta property=\"article:modified_time\" content=\"2025-11-20T14:42:07+00:00\" \/>\n<meta property=\"og:image\" content=\"https:\/\/greenlink.technology\/wp-content\/uploads\/2025\/06\/10019463_ohne_deckel.png\" \/>\n\t<meta property=\"og:image:width\" content=\"500\" \/>\n\t<meta property=\"og:image:height\" content=\"500\" \/>\n\t<meta property=\"og:image:type\" content=\"image\/png\" \/>\n<meta name=\"twitter:card\" content=\"summary_large_image\" \/>\n<script type=\"application\/ld+json\" class=\"yoast-schema-graph\">{\"@context\":\"https:\\\/\\\/schema.org\",\"@graph\":[{\"@type\":\"WebPage\",\"@id\":\"https:\\\/\\\/greenlink.technology\\\/es\\\/produkt\\\/caja-de-bornes-para-generador-de-cc-enwitec-gak-s-1500-12sx2xx-t315-bc-us-pes-1-0-10016616-kopie\\\/\",\"url\":\"https:\\\/\\\/greenlink.technology\\\/es\\\/produkt\\\/caja-de-bornes-para-generador-de-cc-enwitec-gak-s-1500-12sx2xx-t315-bc-us-pes-1-0-10016616-kopie\\\/\",\"name\":\"enwitec SolarConnect 1500 - 10019463 - greenLink orchestrating energy flows | enwitec electronic GmbH | LinQ Europe Sp. z o.o.\",\"isPartOf\":{\"@id\":\"https:\\\/\\\/enwitec.eu\\\/en\\\/#website\"},\"primaryImageOfPage\":{\"@id\":\"https:\\\/\\\/greenlink.technology\\\/es\\\/produkt\\\/caja-de-bornes-para-generador-de-cc-enwitec-gak-s-1500-12sx2xx-t315-bc-us-pes-1-0-10016616-kopie\\\/#primaryimage\"},\"image\":{\"@id\":\"https:\\\/\\\/greenlink.technology\\\/es\\\/produkt\\\/caja-de-bornes-para-generador-de-cc-enwitec-gak-s-1500-12sx2xx-t315-bc-us-pes-1-0-10016616-kopie\\\/#primaryimage\"},\"thumbnailUrl\":\"https:\\\/\\\/greenlink.technology\\\/wp-content\\\/uploads\\\/2025\\\/06\\\/10019463_ohne_deckel.png\",\"datePublished\":\"2025-06-27T11:01:36+00:00\",\"dateModified\":\"2025-11-20T14:42:07+00:00\",\"breadcrumb\":{\"@id\":\"https:\\\/\\\/greenlink.technology\\\/es\\\/produkt\\\/caja-de-bornes-para-generador-de-cc-enwitec-gak-s-1500-12sx2xx-t315-bc-us-pes-1-0-10016616-kopie\\\/#breadcrumb\"},\"inLanguage\":\"es\",\"potentialAction\":[{\"@type\":\"ReadAction\",\"target\":[\"https:\\\/\\\/greenlink.technology\\\/es\\\/produkt\\\/caja-de-bornes-para-generador-de-cc-enwitec-gak-s-1500-12sx2xx-t315-bc-us-pes-1-0-10016616-kopie\\\/\"]}]},{\"@type\":\"ImageObject\",\"inLanguage\":\"es\",\"@id\":\"https:\\\/\\\/greenlink.technology\\\/es\\\/produkt\\\/caja-de-bornes-para-generador-de-cc-enwitec-gak-s-1500-12sx2xx-t315-bc-us-pes-1-0-10016616-kopie\\\/#primaryimage\",\"url\":\"https:\\\/\\\/greenlink.technology\\\/wp-content\\\/uploads\\\/2025\\\/06\\\/10019463_ohne_deckel.png\",\"contentUrl\":\"https:\\\/\\\/greenlink.technology\\\/wp-content\\\/uploads\\\/2025\\\/06\\\/10019463_ohne_deckel.png\",\"width\":500,\"height\":500},{\"@type\":\"BreadcrumbList\",\"@id\":\"https:\\\/\\\/greenlink.technology\\\/es\\\/produkt\\\/caja-de-bornes-para-generador-de-cc-enwitec-gak-s-1500-12sx2xx-t315-bc-us-pes-1-0-10016616-kopie\\\/#breadcrumb\",\"itemListElement\":[{\"@type\":\"ListItem\",\"position\":1,\"name\":\"Startseite\",\"item\":\"https:\\\/\\\/enwitec.eu\\\/es\\\/\"},{\"@type\":\"ListItem\",\"position\":2,\"name\":\"Productos\",\"item\":\"https:\\\/\\\/greenlink.technology\\\/es\\\/sobre-nosotros\\\/la-empresa\\\/enwitec\\\/productos\\\/\"},{\"@type\":\"ListItem\",\"position\":3,\"name\":\"enwitec SolarConnect 1500 &#8211; 10019463\"}]},{\"@type\":\"WebSite\",\"@id\":\"https:\\\/\\\/enwitec.eu\\\/en\\\/#website\",\"url\":\"https:\\\/\\\/enwitec.eu\\\/en\\\/\",\"name\":\"greenLink orchestrating energy flows | enwitec electronic GmbH | LinQ Europe Sp. z o.o.\",\"description\":\"\",\"publisher\":{\"@id\":\"https:\\\/\\\/enwitec.eu\\\/en\\\/#organization\"},\"potentialAction\":[{\"@type\":\"SearchAction\",\"target\":{\"@type\":\"EntryPoint\",\"urlTemplate\":\"https:\\\/\\\/enwitec.eu\\\/en\\\/?s={search_term_string}\"},\"query-input\":{\"@type\":\"PropertyValueSpecification\",\"valueRequired\":true,\"valueName\":\"search_term_string\"}}],\"inLanguage\":\"es\"},{\"@type\":\"Organization\",\"@id\":\"https:\\\/\\\/enwitec.eu\\\/en\\\/#organization\",\"name\":\"greenLink orquestaci\u00f3n de flujos de energ\u00eda | enwitec electronic GmbH | LinQ Europe Sp. z o.o.\",\"url\":\"https:\\\/\\\/enwitec.eu\\\/en\\\/\",\"logo\":{\"@type\":\"ImageObject\",\"inLanguage\":\"es\",\"@id\":\"https:\\\/\\\/enwitec.eu\\\/en\\\/#\\\/schema\\\/logo\\\/image\\\/\",\"url\":\"https:\\\/\\\/greenlink.technology\\\/wp-content\\\/uploads\\\/2025\\\/01\\\/greenlink-logo-final.png\",\"contentUrl\":\"https:\\\/\\\/greenlink.technology\\\/wp-content\\\/uploads\\\/2025\\\/01\\\/greenlink-logo-final.png\",\"width\":2586,\"height\":629,\"caption\":\"greenLink orquestaci\u00f3n de flujos de energ\u00eda | enwitec electronic GmbH | LinQ Europe Sp. z o.o. \"},\"image\":{\"@id\":\"https:\\\/\\\/enwitec.eu\\\/en\\\/#\\\/schema\\\/logo\\\/image\\\/\"}}]}<\/script>\n<!-- \/ Yoast SEO plugin. -->","yoast_head_json":{"title":"enwitec SolarConnect 1500 - 10019463 - greenLink orchestrating energy flows | enwitec electronic GmbH | LinQ Europe Sp. z o.o.","robots":{"index":"index","follow":"follow","max-snippet":"max-snippet:-1","max-image-preview":"max-image-preview:large","max-video-preview":"max-video-preview:-1"},"canonical":"https:\/\/greenlink.technology\/es\/produkt\/caja-de-bornes-para-generador-de-cc-enwitec-gak-s-1500-12sx2xx-t315-bc-us-pes-1-0-10016616-kopie\/","og_locale":"es_ES","og_type":"article","og_title":"enwitec SolarConnect 1500 - 10019463 - greenLink orchestrating energy flows | enwitec electronic GmbH | LinQ Europe Sp. z o.o.","og_description":"&nbsp;","og_url":"https:\/\/greenlink.technology\/es\/produkt\/caja-de-bornes-para-generador-de-cc-enwitec-gak-s-1500-12sx2xx-t315-bc-us-pes-1-0-10016616-kopie\/","og_site_name":"greenLink orchestrating energy flows | enwitec electronic GmbH | LinQ Europe Sp. z o.o.","article_modified_time":"2025-11-20T14:42:07+00:00","og_image":[{"width":500,"height":500,"url":"https:\/\/greenlink.technology\/wp-content\/uploads\/2025\/06\/10019463_ohne_deckel.png","type":"image\/png"}],"twitter_card":"summary_large_image","schema":{"@context":"https:\/\/schema.org","@graph":[{"@type":"WebPage","@id":"https:\/\/greenlink.technology\/es\/produkt\/caja-de-bornes-para-generador-de-cc-enwitec-gak-s-1500-12sx2xx-t315-bc-us-pes-1-0-10016616-kopie\/","url":"https:\/\/greenlink.technology\/es\/produkt\/caja-de-bornes-para-generador-de-cc-enwitec-gak-s-1500-12sx2xx-t315-bc-us-pes-1-0-10016616-kopie\/","name":"enwitec SolarConnect 1500 - 10019463 - greenLink orchestrating energy flows | enwitec electronic GmbH | LinQ Europe Sp. z o.o.","isPartOf":{"@id":"https:\/\/enwitec.eu\/en\/#website"},"primaryImageOfPage":{"@id":"https:\/\/greenlink.technology\/es\/produkt\/caja-de-bornes-para-generador-de-cc-enwitec-gak-s-1500-12sx2xx-t315-bc-us-pes-1-0-10016616-kopie\/#primaryimage"},"image":{"@id":"https:\/\/greenlink.technology\/es\/produkt\/caja-de-bornes-para-generador-de-cc-enwitec-gak-s-1500-12sx2xx-t315-bc-us-pes-1-0-10016616-kopie\/#primaryimage"},"thumbnailUrl":"https:\/\/greenlink.technology\/wp-content\/uploads\/2025\/06\/10019463_ohne_deckel.png","datePublished":"2025-06-27T11:01:36+00:00","dateModified":"2025-11-20T14:42:07+00:00","breadcrumb":{"@id":"https:\/\/greenlink.technology\/es\/produkt\/caja-de-bornes-para-generador-de-cc-enwitec-gak-s-1500-12sx2xx-t315-bc-us-pes-1-0-10016616-kopie\/#breadcrumb"},"inLanguage":"es","potentialAction":[{"@type":"ReadAction","target":["https:\/\/greenlink.technology\/es\/produkt\/caja-de-bornes-para-generador-de-cc-enwitec-gak-s-1500-12sx2xx-t315-bc-us-pes-1-0-10016616-kopie\/"]}]},{"@type":"ImageObject","inLanguage":"es","@id":"https:\/\/greenlink.technology\/es\/produkt\/caja-de-bornes-para-generador-de-cc-enwitec-gak-s-1500-12sx2xx-t315-bc-us-pes-1-0-10016616-kopie\/#primaryimage","url":"https:\/\/greenlink.technology\/wp-content\/uploads\/2025\/06\/10019463_ohne_deckel.png","contentUrl":"https:\/\/greenlink.technology\/wp-content\/uploads\/2025\/06\/10019463_ohne_deckel.png","width":500,"height":500},{"@type":"BreadcrumbList","@id":"https:\/\/greenlink.technology\/es\/produkt\/caja-de-bornes-para-generador-de-cc-enwitec-gak-s-1500-12sx2xx-t315-bc-us-pes-1-0-10016616-kopie\/#breadcrumb","itemListElement":[{"@type":"ListItem","position":1,"name":"Startseite","item":"https:\/\/enwitec.eu\/es\/"},{"@type":"ListItem","position":2,"name":"Productos","item":"https:\/\/greenlink.technology\/es\/sobre-nosotros\/la-empresa\/enwitec\/productos\/"},{"@type":"ListItem","position":3,"name":"enwitec SolarConnect 1500 &#8211; 10019463"}]},{"@type":"WebSite","@id":"https:\/\/enwitec.eu\/en\/#website","url":"https:\/\/enwitec.eu\/en\/","name":"greenLink orchestrating energy flows | enwitec electronic GmbH | LinQ Europe Sp. z o.o.","description":"","publisher":{"@id":"https:\/\/enwitec.eu\/en\/#organization"},"potentialAction":[{"@type":"SearchAction","target":{"@type":"EntryPoint","urlTemplate":"https:\/\/enwitec.eu\/en\/?s={search_term_string}"},"query-input":{"@type":"PropertyValueSpecification","valueRequired":true,"valueName":"search_term_string"}}],"inLanguage":"es"},{"@type":"Organization","@id":"https:\/\/enwitec.eu\/en\/#organization","name":"greenLink orquestaci\u00f3n de flujos de energ\u00eda | enwitec electronic GmbH | LinQ Europe Sp. z o.o.","url":"https:\/\/enwitec.eu\/en\/","logo":{"@type":"ImageObject","inLanguage":"es","@id":"https:\/\/enwitec.eu\/en\/#\/schema\/logo\/image\/","url":"https:\/\/greenlink.technology\/wp-content\/uploads\/2025\/01\/greenlink-logo-final.png","contentUrl":"https:\/\/greenlink.technology\/wp-content\/uploads\/2025\/01\/greenlink-logo-final.png","width":2586,"height":629,"caption":"greenLink orquestaci\u00f3n de flujos de energ\u00eda | enwitec electronic GmbH | LinQ Europe Sp. z o.o. "},"image":{"@id":"https:\/\/enwitec.eu\/en\/#\/schema\/logo\/image\/"}}]}},"_links":{"self":[{"href":"https:\/\/greenlink.technology\/es\/wp-json\/wp\/v2\/product\/17090","targetHints":{"allow":["GET"]}}],"collection":[{"href":"https:\/\/greenlink.technology\/es\/wp-json\/wp\/v2\/product"}],"about":[{"href":"https:\/\/greenlink.technology\/es\/wp-json\/wp\/v2\/types\/product"}],"replies":[{"embeddable":true,"href":"https:\/\/greenlink.technology\/es\/wp-json\/wp\/v2\/comments?post=17090"}],"wp:featuredmedia":[{"embeddable":true,"href":"https:\/\/greenlink.technology\/es\/wp-json\/wp\/v2\/media\/17133"}],"wp:attachment":[{"href":"https:\/\/greenlink.technology\/es\/wp-json\/wp\/v2\/media?parent=17090"}],"wp:term":[{"taxonomy":"anwendung","embeddable":true,"href":"https:\/\/greenlink.technology\/es\/wp-json\/wp\/v2\/anwendung?post=17090"},{"taxonomy":"product_brand","embeddable":true,"href":"https:\/\/greenlink.technology\/es\/wp-json\/wp\/v2\/product_brand?post=17090"},{"taxonomy":"product_cat","embeddable":true,"href":"https:\/\/greenlink.technology\/es\/wp-json\/wp\/v2\/product_cat?post=17090"},{"taxonomy":"product_tag","embeddable":true,"href":"https:\/\/greenlink.technology\/es\/wp-json\/wp\/v2\/product_tag?post=17090"}],"curies":[{"name":"wp","href":"https:\/\/api.w.org\/{rel}","templated":true}]}}