{"id":16958,"date":"2025-06-27T11:04:13","date_gmt":"2025-06-27T09:04:13","guid":{"rendered":"https:\/\/greenlink.technology\/?post_type=product&#038;p=16958"},"modified":"2025-09-15T11:12:10","modified_gmt":"2025-09-15T09:12:10","slug":"proteccion-de-red-y-de-sistema-enwitec-276-kva-segun-vde-ar-n-41052018-11-10018546-kopie-kopie","status":"publish","type":"product","link":"https:\/\/greenlink.technology\/es\/produkt\/proteccion-de-red-y-de-sistema-enwitec-276-kva-segun-vde-ar-n-41052018-11-10018546-kopie-kopie\/","title":{"rendered":"Protecci\u00f3n de red y sistema enwitec PowerShield Pro 1100"},"content":{"rendered":"<div class=\"system-stammdaten\">\n<h2><\/h2>\n<p>&nbsp;<\/p>\n<\/div>\n","protected":false},"excerpt":{"rendered":"<p>&nbsp;<\/p>\n","protected":false},"featured_media":17071,"comment_status":"closed","ping_status":"closed","template":"","meta":{"_acf_changed":false},"anwendung":[],"product_brand":[264],"product_cat":[595],"product_tag":[599,598,597,596],"class_list":{"0":"post-16958","1":"product","2":"type-product","3":"status-publish","4":"has-post-thumbnail","6":"product_brand-enwitec","7":"product_cat-proteccion-de-la-red-y-del-sistema","8":"product_tag-10018546-es","9":"product_tag-na4105-es","10":"product_tag-proteccion-de-la-red-y-del-sistema","11":"product_tag-proteccion-na","13":"first","14":"instock","15":"shipping-taxable","16":"product-type-simple"},"acf":{"product_informations":"El PowerShield Pro 1100 de enwitec es una soluci\u00f3n avanzada para la protecci\u00f3n de la red y el sistema de sistemas fotovoltaicos con una potencia de 500 kW a 1,1 MW. Desarrollado para cumplir las \u00faltimas directrices de la VDE, el PowerShield Pro 1100 ofrece una protecci\u00f3n completa y la m\u00e1xima eficacia para tus sistemas fotovoltaicos. \n\nEl PowerShield Pro 1100 act\u00faa como protecci\u00f3n de desacoplamiento y garantiza el cumplimiento de la directiva de media tensi\u00f3n VDE-AR-N 4110. Comprende el disyuntor de desacoplamiento de nivel superior con conexiones de comunicaci\u00f3n, as\u00ed como la protecci\u00f3n de desacoplamiento (rel\u00e9 de protecci\u00f3n con terminales de desconexi\u00f3n de prueba + disyuntor) en las unidades generadoras para garantizar una conexi\u00f3n segura y fiable con el operador de la red. \n\nEl producto incluye el rel\u00e9 de protecci\u00f3n de red, los terminales de desconexi\u00f3n de prueba asociados, la conexi\u00f3n de comunicaci\u00f3n y el interruptor de acoplamiento.","technical_data":"<div class=\"stammdaten-col\">\n<div class=\"line\">\n<p class=\"system-stammdaten-left\">N\u00ba de art\u00edculo: 10019510, 10019511 y 10019512<\/p>\n\n<\/div>\n<strong>N\u00ba ART. 10019510<\/strong>\n<strong>Protecci\u00f3n de la red y del sistema seg\u00fan VDE-AR-N 4105\/4110 <\/strong>\n<strong>Powershield Pro 1100 EMS<\/strong>\n\nValores nominales:\nTensi\u00f3n nominal de aislamiento: 660 VCA\nTensi\u00f3n nominal de funcionamiento Ue: 3PH - 230\/400 VCA\nFrecuencia de funcionamiento fn: 50 Hz\nForma de la red: TN-S\nTipo de sistema generador (VDE-AR-N 4105\/4110): Tipo 2\n\n<strong>N\u00ba ART. 10019511<\/strong>\n<strong>Protecci\u00f3n de la red y del sistema seg\u00fan VDE-AR-N 4105\/4110 <\/strong>\n<strong>Powershield Pro 1100 NSES<\/strong>\n\nCorriente nominal InA: 1594 A\nCorriente nominal InA: 143 A\n\n<\/div>\n<div class=\"stammdaten-col\">\n\nINTERRUPTOR DE PUENTE EQUILIBRADO INTERMEDIO\nIntensidad asignada In: 2000 A\nCategor\u00eda de utilizaci\u00f3n: AC-21\/AC-22 (A+B)\nPoder asignado de corte en cortocircuito: tripolar\nTipo: Interruptor-seccionador con mecanismo motorizado\n\nINTERRUPTOR DE PUENTE INTERMEDIO\nTipo: Interruptor autom\u00e1tico con mecanismo motorizado\n\n<\/div>\n<strong>N\u00ba ART. 10019512<\/strong>\n<strong>Protecci\u00f3n de la red y del sistema seg\u00fan VDE-AR-N 4105\/4110 <\/strong>\n<strong>Powershield Pro 1100 NSAF1<\/strong>\n\nCIRCUITO FUSIBLE PARA INVERSORES FV\nEslab\u00f3n fusible: 2 x NH1, 2 x NH2, 1 x NH3\nM\u00e1x. Capacidad del fusible: 250, 400, 630 ","download":"<a href=\"https:\/\/greenlink.technology\/wp-content\/uploads\/2025\/06\/10019510_Datenblatt_PowerShield_Pro_1100_DE_2025_04_29.pdf\" target=\"_blank\" rel=\"noopener\">Ficha de datos 10019510 ES<\/a>\n<a href=\"https:\/\/greenlink.technology\/wp-content\/uploads\/2025\/06\/10019511_Datenblatt_Powershield-Pro-1100-NSES_2025_05_21.pdf\" target=\"_blank\" rel=\"noopener\">Ficha de datos 10019511 ES<\/a>\n<a href=\"https:\/\/greenlink.technology\/wp-content\/uploads\/2025\/06\/10019512_Datenblatt_Powershield-Pro-1100-NSAF1_DE_2025_05_21.pdf\" target=\"_blank\" rel=\"noopener\">Ficha de datos 10019512 ES<\/a>\n\n<a href=\"https:\/\/greenlink.technology\/wp-content\/uploads\/2025\/06\/10019510_datasheet_PowerShield_Pro_1100_EN_2025_04_29.pdf\" target=\"_blank\" rel=\"noopener\">Ficha t\u00e9cnica 10019510 ES<\/a>\n<a href=\"https:\/\/greenlink.technology\/wp-content\/uploads\/2025\/06\/10019511_datasheet_Powershield-Pro_1100_NSES_EN_2025_05_21.pdf\" target=\"_blank\" rel=\"noopener\">Ficha t\u00e9cnica 10019511 ES<\/a>\n<a href=\"https:\/\/greenlink.technology\/wp-content\/uploads\/2025\/06\/10019512_datasheet_Powershield-Pro-1100-NSAF1_EN_2025_05_21.pdf\" target=\"_blank\" rel=\"noopener\">Ficha t\u00e9cnica 10019512 ES<\/a>\n\n<a href=\"https:\/\/greenlink.technology\/wp-content\/uploads\/2025\/06\/10019510_Arkusz-danych_PowerShield_Pro_1100_PL_2025_05_21.pdf\" target=\"_blank\" rel=\"noopener\">Arkusz danych 1001<\/a><a href=\"https:\/\/greenlink.technology\/wp-content\/uploads\/2025\/06\/10019386_Arkusz-danych_Szafa-zasilajaca_PowerShield-500_PL_2025_05_20.pdf\" target=\"_blank\" rel=\"noopener\">9510 PL<\/a>\n<a href=\"https:\/\/greenlink.technology\/wp-content\/uploads\/2025\/06\/10019511_Arkusz-danych_Powershield-Pro-1100-NSES_PL_2025_05_21.pdf\" target=\"_blank\" rel=\"noopener\">Arkusz danych 10019511 PL<\/a>\n<a href=\"https:\/\/greenlink.technology\/wp-content\/uploads\/2025\/06\/10019512_Arkusz-danych_Powershield-Pro-1100-NSAF1_PL_2025_05_21.pdf\" target=\"_blank\" rel=\"noopener\">Arkusz danych 10019512 PL<\/a>","product_short_description":"<strong>Aprobaci\u00f3n del pa\u00eds:<\/strong> VDE-AR-N 4105:2018-11 y \u00d6VE TOR R25 NS ASYNC\n<strong>Potencia:<\/strong> 276 kVA\n<strong>Desconexi\u00f3n:<\/strong> omnipolar\n<strong>Tipo de red: <\/strong>TT \/ TN-S","photo_gallery":{"galerie_produkte":[[]]}},"yoast_head":"<!-- This site is optimized with the Yoast SEO plugin v27.3 - https:\/\/yoast.com\/product\/yoast-seo-wordpress\/ -->\n<title>Protecci\u00f3n de red y sistema enwitec PowerShield Pro 1100 - greenLink orchestrating energy flows | enwitec electronic GmbH | LinQ Europe Sp. z o.o.<\/title>\n<meta name=\"robots\" content=\"index, follow, max-snippet:-1, max-image-preview:large, max-video-preview:-1\" \/>\n<link rel=\"canonical\" href=\"https:\/\/greenlink.technology\/es\/produkt\/proteccion-de-red-y-de-sistema-enwitec-276-kva-segun-vde-ar-n-41052018-11-10018546-kopie-kopie\/\" \/>\n<meta property=\"og:locale\" content=\"es_ES\" \/>\n<meta property=\"og:type\" content=\"article\" \/>\n<meta property=\"og:title\" content=\"Protecci\u00f3n de red y sistema enwitec PowerShield Pro 1100 - greenLink orchestrating energy flows | enwitec electronic GmbH | LinQ Europe Sp. z o.o.\" \/>\n<meta property=\"og:description\" content=\"&nbsp;\" \/>\n<meta property=\"og:url\" content=\"https:\/\/greenlink.technology\/es\/produkt\/proteccion-de-red-y-de-sistema-enwitec-276-kva-segun-vde-ar-n-41052018-11-10018546-kopie-kopie\/\" \/>\n<meta property=\"og:site_name\" content=\"greenLink orchestrating energy flows | enwitec electronic GmbH | LinQ Europe Sp. z o.o.\" \/>\n<meta property=\"article:modified_time\" content=\"2025-09-15T09:12:10+00:00\" \/>\n<meta property=\"og:image\" content=\"https:\/\/greenlink.technology\/wp-content\/uploads\/2025\/06\/MG2_1978-Edit_2.png\" \/>\n\t<meta property=\"og:image:width\" content=\"500\" \/>\n\t<meta property=\"og:image:height\" content=\"500\" \/>\n\t<meta property=\"og:image:type\" content=\"image\/png\" \/>\n<meta name=\"twitter:card\" content=\"summary_large_image\" \/>\n<script type=\"application\/ld+json\" class=\"yoast-schema-graph\">{\"@context\":\"https:\\\/\\\/schema.org\",\"@graph\":[{\"@type\":\"WebPage\",\"@id\":\"https:\\\/\\\/greenlink.technology\\\/es\\\/produkt\\\/proteccion-de-red-y-de-sistema-enwitec-276-kva-segun-vde-ar-n-41052018-11-10018546-kopie-kopie\\\/\",\"url\":\"https:\\\/\\\/greenlink.technology\\\/es\\\/produkt\\\/proteccion-de-red-y-de-sistema-enwitec-276-kva-segun-vde-ar-n-41052018-11-10018546-kopie-kopie\\\/\",\"name\":\"Protecci\u00f3n de red y sistema enwitec PowerShield Pro 1100 - greenLink orchestrating energy flows | enwitec electronic GmbH | LinQ Europe Sp. z o.o.\",\"isPartOf\":{\"@id\":\"https:\\\/\\\/enwitec.eu\\\/en\\\/#website\"},\"primaryImageOfPage\":{\"@id\":\"https:\\\/\\\/greenlink.technology\\\/es\\\/produkt\\\/proteccion-de-red-y-de-sistema-enwitec-276-kva-segun-vde-ar-n-41052018-11-10018546-kopie-kopie\\\/#primaryimage\"},\"image\":{\"@id\":\"https:\\\/\\\/greenlink.technology\\\/es\\\/produkt\\\/proteccion-de-red-y-de-sistema-enwitec-276-kva-segun-vde-ar-n-41052018-11-10018546-kopie-kopie\\\/#primaryimage\"},\"thumbnailUrl\":\"https:\\\/\\\/greenlink.technology\\\/wp-content\\\/uploads\\\/2025\\\/06\\\/MG2_1978-Edit_2.png\",\"datePublished\":\"2025-06-27T09:04:13+00:00\",\"dateModified\":\"2025-09-15T09:12:10+00:00\",\"breadcrumb\":{\"@id\":\"https:\\\/\\\/greenlink.technology\\\/es\\\/produkt\\\/proteccion-de-red-y-de-sistema-enwitec-276-kva-segun-vde-ar-n-41052018-11-10018546-kopie-kopie\\\/#breadcrumb\"},\"inLanguage\":\"es\",\"potentialAction\":[{\"@type\":\"ReadAction\",\"target\":[\"https:\\\/\\\/greenlink.technology\\\/es\\\/produkt\\\/proteccion-de-red-y-de-sistema-enwitec-276-kva-segun-vde-ar-n-41052018-11-10018546-kopie-kopie\\\/\"]}]},{\"@type\":\"ImageObject\",\"inLanguage\":\"es\",\"@id\":\"https:\\\/\\\/greenlink.technology\\\/es\\\/produkt\\\/proteccion-de-red-y-de-sistema-enwitec-276-kva-segun-vde-ar-n-41052018-11-10018546-kopie-kopie\\\/#primaryimage\",\"url\":\"https:\\\/\\\/greenlink.technology\\\/wp-content\\\/uploads\\\/2025\\\/06\\\/MG2_1978-Edit_2.png\",\"contentUrl\":\"https:\\\/\\\/greenlink.technology\\\/wp-content\\\/uploads\\\/2025\\\/06\\\/MG2_1978-Edit_2.png\",\"width\":500,\"height\":500},{\"@type\":\"BreadcrumbList\",\"@id\":\"https:\\\/\\\/greenlink.technology\\\/es\\\/produkt\\\/proteccion-de-red-y-de-sistema-enwitec-276-kva-segun-vde-ar-n-41052018-11-10018546-kopie-kopie\\\/#breadcrumb\",\"itemListElement\":[{\"@type\":\"ListItem\",\"position\":1,\"name\":\"Startseite\",\"item\":\"https:\\\/\\\/enwitec.eu\\\/es\\\/\"},{\"@type\":\"ListItem\",\"position\":2,\"name\":\"Productos\",\"item\":\"https:\\\/\\\/greenlink.technology\\\/es\\\/sobre-nosotros\\\/la-empresa\\\/enwitec\\\/productos\\\/\"},{\"@type\":\"ListItem\",\"position\":3,\"name\":\"Protecci\u00f3n de red y sistema enwitec PowerShield Pro 1100\"}]},{\"@type\":\"WebSite\",\"@id\":\"https:\\\/\\\/enwitec.eu\\\/en\\\/#website\",\"url\":\"https:\\\/\\\/enwitec.eu\\\/en\\\/\",\"name\":\"greenLink orchestrating energy flows | enwitec electronic GmbH | LinQ Europe Sp. z o.o.\",\"description\":\"\",\"publisher\":{\"@id\":\"https:\\\/\\\/enwitec.eu\\\/en\\\/#organization\"},\"potentialAction\":[{\"@type\":\"SearchAction\",\"target\":{\"@type\":\"EntryPoint\",\"urlTemplate\":\"https:\\\/\\\/enwitec.eu\\\/en\\\/?s={search_term_string}\"},\"query-input\":{\"@type\":\"PropertyValueSpecification\",\"valueRequired\":true,\"valueName\":\"search_term_string\"}}],\"inLanguage\":\"es\"},{\"@type\":\"Organization\",\"@id\":\"https:\\\/\\\/enwitec.eu\\\/en\\\/#organization\",\"name\":\"greenLink orquestaci\u00f3n de flujos de energ\u00eda | enwitec electronic GmbH | LinQ Europe Sp. z o.o.\",\"url\":\"https:\\\/\\\/enwitec.eu\\\/en\\\/\",\"logo\":{\"@type\":\"ImageObject\",\"inLanguage\":\"es\",\"@id\":\"https:\\\/\\\/enwitec.eu\\\/en\\\/#\\\/schema\\\/logo\\\/image\\\/\",\"url\":\"https:\\\/\\\/greenlink.technology\\\/wp-content\\\/uploads\\\/2025\\\/01\\\/greenlink-logo-final.png\",\"contentUrl\":\"https:\\\/\\\/greenlink.technology\\\/wp-content\\\/uploads\\\/2025\\\/01\\\/greenlink-logo-final.png\",\"width\":2586,\"height\":629,\"caption\":\"greenLink orquestaci\u00f3n de flujos de energ\u00eda | enwitec electronic GmbH | LinQ Europe Sp. z o.o. \"},\"image\":{\"@id\":\"https:\\\/\\\/enwitec.eu\\\/en\\\/#\\\/schema\\\/logo\\\/image\\\/\"}}]}<\/script>\n<!-- \/ Yoast SEO plugin. -->","yoast_head_json":{"title":"Protecci\u00f3n de red y sistema enwitec PowerShield Pro 1100 - greenLink orchestrating energy flows | enwitec electronic GmbH | LinQ Europe Sp. z o.o.","robots":{"index":"index","follow":"follow","max-snippet":"max-snippet:-1","max-image-preview":"max-image-preview:large","max-video-preview":"max-video-preview:-1"},"canonical":"https:\/\/greenlink.technology\/es\/produkt\/proteccion-de-red-y-de-sistema-enwitec-276-kva-segun-vde-ar-n-41052018-11-10018546-kopie-kopie\/","og_locale":"es_ES","og_type":"article","og_title":"Protecci\u00f3n de red y sistema enwitec PowerShield Pro 1100 - greenLink orchestrating energy flows | enwitec electronic GmbH | LinQ Europe Sp. z o.o.","og_description":"&nbsp;","og_url":"https:\/\/greenlink.technology\/es\/produkt\/proteccion-de-red-y-de-sistema-enwitec-276-kva-segun-vde-ar-n-41052018-11-10018546-kopie-kopie\/","og_site_name":"greenLink orchestrating energy flows | enwitec electronic GmbH | LinQ Europe Sp. z o.o.","article_modified_time":"2025-09-15T09:12:10+00:00","og_image":[{"width":500,"height":500,"url":"https:\/\/greenlink.technology\/wp-content\/uploads\/2025\/06\/MG2_1978-Edit_2.png","type":"image\/png"}],"twitter_card":"summary_large_image","schema":{"@context":"https:\/\/schema.org","@graph":[{"@type":"WebPage","@id":"https:\/\/greenlink.technology\/es\/produkt\/proteccion-de-red-y-de-sistema-enwitec-276-kva-segun-vde-ar-n-41052018-11-10018546-kopie-kopie\/","url":"https:\/\/greenlink.technology\/es\/produkt\/proteccion-de-red-y-de-sistema-enwitec-276-kva-segun-vde-ar-n-41052018-11-10018546-kopie-kopie\/","name":"Protecci\u00f3n de red y sistema enwitec PowerShield Pro 1100 - greenLink orchestrating energy flows | enwitec electronic GmbH | LinQ Europe Sp. z o.o.","isPartOf":{"@id":"https:\/\/enwitec.eu\/en\/#website"},"primaryImageOfPage":{"@id":"https:\/\/greenlink.technology\/es\/produkt\/proteccion-de-red-y-de-sistema-enwitec-276-kva-segun-vde-ar-n-41052018-11-10018546-kopie-kopie\/#primaryimage"},"image":{"@id":"https:\/\/greenlink.technology\/es\/produkt\/proteccion-de-red-y-de-sistema-enwitec-276-kva-segun-vde-ar-n-41052018-11-10018546-kopie-kopie\/#primaryimage"},"thumbnailUrl":"https:\/\/greenlink.technology\/wp-content\/uploads\/2025\/06\/MG2_1978-Edit_2.png","datePublished":"2025-06-27T09:04:13+00:00","dateModified":"2025-09-15T09:12:10+00:00","breadcrumb":{"@id":"https:\/\/greenlink.technology\/es\/produkt\/proteccion-de-red-y-de-sistema-enwitec-276-kva-segun-vde-ar-n-41052018-11-10018546-kopie-kopie\/#breadcrumb"},"inLanguage":"es","potentialAction":[{"@type":"ReadAction","target":["https:\/\/greenlink.technology\/es\/produkt\/proteccion-de-red-y-de-sistema-enwitec-276-kva-segun-vde-ar-n-41052018-11-10018546-kopie-kopie\/"]}]},{"@type":"ImageObject","inLanguage":"es","@id":"https:\/\/greenlink.technology\/es\/produkt\/proteccion-de-red-y-de-sistema-enwitec-276-kva-segun-vde-ar-n-41052018-11-10018546-kopie-kopie\/#primaryimage","url":"https:\/\/greenlink.technology\/wp-content\/uploads\/2025\/06\/MG2_1978-Edit_2.png","contentUrl":"https:\/\/greenlink.technology\/wp-content\/uploads\/2025\/06\/MG2_1978-Edit_2.png","width":500,"height":500},{"@type":"BreadcrumbList","@id":"https:\/\/greenlink.technology\/es\/produkt\/proteccion-de-red-y-de-sistema-enwitec-276-kva-segun-vde-ar-n-41052018-11-10018546-kopie-kopie\/#breadcrumb","itemListElement":[{"@type":"ListItem","position":1,"name":"Startseite","item":"https:\/\/enwitec.eu\/es\/"},{"@type":"ListItem","position":2,"name":"Productos","item":"https:\/\/greenlink.technology\/es\/sobre-nosotros\/la-empresa\/enwitec\/productos\/"},{"@type":"ListItem","position":3,"name":"Protecci\u00f3n de red y sistema enwitec PowerShield Pro 1100"}]},{"@type":"WebSite","@id":"https:\/\/enwitec.eu\/en\/#website","url":"https:\/\/enwitec.eu\/en\/","name":"greenLink orchestrating energy flows | enwitec electronic GmbH | LinQ Europe Sp. z o.o.","description":"","publisher":{"@id":"https:\/\/enwitec.eu\/en\/#organization"},"potentialAction":[{"@type":"SearchAction","target":{"@type":"EntryPoint","urlTemplate":"https:\/\/enwitec.eu\/en\/?s={search_term_string}"},"query-input":{"@type":"PropertyValueSpecification","valueRequired":true,"valueName":"search_term_string"}}],"inLanguage":"es"},{"@type":"Organization","@id":"https:\/\/enwitec.eu\/en\/#organization","name":"greenLink orquestaci\u00f3n de flujos de energ\u00eda | enwitec electronic GmbH | LinQ Europe Sp. z o.o.","url":"https:\/\/enwitec.eu\/en\/","logo":{"@type":"ImageObject","inLanguage":"es","@id":"https:\/\/enwitec.eu\/en\/#\/schema\/logo\/image\/","url":"https:\/\/greenlink.technology\/wp-content\/uploads\/2025\/01\/greenlink-logo-final.png","contentUrl":"https:\/\/greenlink.technology\/wp-content\/uploads\/2025\/01\/greenlink-logo-final.png","width":2586,"height":629,"caption":"greenLink orquestaci\u00f3n de flujos de energ\u00eda | enwitec electronic GmbH | LinQ Europe Sp. z o.o. "},"image":{"@id":"https:\/\/enwitec.eu\/en\/#\/schema\/logo\/image\/"}}]}},"_links":{"self":[{"href":"https:\/\/greenlink.technology\/es\/wp-json\/wp\/v2\/product\/16958","targetHints":{"allow":["GET"]}}],"collection":[{"href":"https:\/\/greenlink.technology\/es\/wp-json\/wp\/v2\/product"}],"about":[{"href":"https:\/\/greenlink.technology\/es\/wp-json\/wp\/v2\/types\/product"}],"replies":[{"embeddable":true,"href":"https:\/\/greenlink.technology\/es\/wp-json\/wp\/v2\/comments?post=16958"}],"wp:featuredmedia":[{"embeddable":true,"href":"https:\/\/greenlink.technology\/es\/wp-json\/wp\/v2\/media\/17071"}],"wp:attachment":[{"href":"https:\/\/greenlink.technology\/es\/wp-json\/wp\/v2\/media?parent=16958"}],"wp:term":[{"taxonomy":"anwendung","embeddable":true,"href":"https:\/\/greenlink.technology\/es\/wp-json\/wp\/v2\/anwendung?post=16958"},{"taxonomy":"product_brand","embeddable":true,"href":"https:\/\/greenlink.technology\/es\/wp-json\/wp\/v2\/product_brand?post=16958"},{"taxonomy":"product_cat","embeddable":true,"href":"https:\/\/greenlink.technology\/es\/wp-json\/wp\/v2\/product_cat?post=16958"},{"taxonomy":"product_tag","embeddable":true,"href":"https:\/\/greenlink.technology\/es\/wp-json\/wp\/v2\/product_tag?post=16958"}],"curies":[{"name":"wp","href":"https:\/\/api.w.org\/{rel}","templated":true}]}}