{"id":16862,"date":"2025-06-27T08:39:47","date_gmt":"2025-06-27T06:39:47","guid":{"rendered":"https:\/\/greenlink.technology\/?post_type=product&#038;p=16862"},"modified":"2025-09-15T11:16:41","modified_gmt":"2025-09-15T09:16:41","slug":"proteccion-de-red-y-de-sistema-enwitec-276-kva-segun-vde-ar-n-41052018-11-10018546-kopie","status":"publish","type":"product","link":"https:\/\/greenlink.technology\/es\/produkt\/proteccion-de-red-y-de-sistema-enwitec-276-kva-segun-vde-ar-n-41052018-11-10018546-kopie\/","title":{"rendered":"Protecci\u00f3n de red y de sistema enwitec PowerShield 500"},"content":{"rendered":"<div class=\"system-stammdaten\">\n<h2><\/h2>\n<p>&nbsp;<\/p>\n<\/div>\n","protected":false},"excerpt":{"rendered":"<p>&nbsp;<\/p>\n","protected":false},"featured_media":16954,"comment_status":"closed","ping_status":"closed","template":"","meta":{"_acf_changed":false},"anwendung":[],"product_brand":[264],"product_cat":[595],"product_tag":[599,598,597,596],"class_list":{"0":"post-16862","1":"product","2":"type-product","3":"status-publish","4":"has-post-thumbnail","6":"product_brand-enwitec","7":"product_cat-proteccion-de-la-red-y-del-sistema","8":"product_tag-10018546-es","9":"product_tag-na4105-es","10":"product_tag-proteccion-de-la-red-y-del-sistema","11":"product_tag-proteccion-na","13":"first","14":"instock","15":"shipping-taxable","16":"product-type-simple"},"acf":{"product_informations":"Descubre uno de nuestros productos estrella en 2025: el PowerShield 500, desarrollado especialmente para la protecci\u00f3n de la red y el sistema de sistemas fotovoltaicos con una potencia total de hasta 500 kW.\n\nEl PowerShield 500 es un dispositivo de protecci\u00f3n de red y de sistema de \u00faltima generaci\u00f3n que se ha desarrollado de acuerdo con la nueva ampliaci\u00f3n de los l\u00edmites de potencia de la Directiva de Baja Tensi\u00f3n VDE-AR-N 4105. Sirve como protecci\u00f3n de desacoplamiento en la unidad generadora y s\u00f3lo debe utilizarse junto con una protecci\u00f3n de desacoplamiento de nivel superior o equivalente de acuerdo con el TAR del nivel de conexi\u00f3n a la red correspondiente (normalmente \"media tensi\u00f3n\" de acuerdo con VDE-AR-N 4110). \n\nEl producto incluye el rel\u00e9 de protecci\u00f3n de red, los terminales de desconexi\u00f3n de prueba asociados, la conexi\u00f3n de comunicaci\u00f3n y el interruptor de acoplamiento.","technical_data":"<div class=\"stammdaten-col\">\n<div class=\"line\">\n<p class=\"system-stammdaten-left\">N\u00ba de art\u00edculo: 10019386 y 10019413<\/p>\n<p class=\"system-stammdaten-left\"><strong>N\u00ba ART. 10019386<\/strong>\n<strong>Protecci\u00f3n de la red y del sistema seg\u00fan VDE-AR-N 4105\/4110 <\/strong>\n<strong>Armario el\u00e9ctrico PowerShield 500<\/strong>\nForma de la red: TN-S\nPotencia: 552 kVA\nHomologaci\u00f3n del pa\u00eds: VDE-AR-N 4105\/4110\nAislamiento: tripolar\nClase de prueba seg\u00fan EN 61643-11 (tipo): I+II\/BC\nTipo de fusible de reserva: seccionador NH1\nEslab\u00f3n fusible: 4 x NH1\nM\u00e1x. Capacidad del fusible: 250 A por seccionador <\/p>\n\n<\/div>\n<strong>N\u00ba ART. 10019413<\/strong>\n<strong>Protecci\u00f3n de la red y del sistema seg\u00fan VDE-AR-N 4105\/4110 <\/strong>\n<strong>Armario de control PowerShield 500\n<\/strong>Tensi\u00f3n nominal de aislamiento Ui: 660 VCA\nTensi\u00f3n nominal de funcionamiento Ue: 3PH - 230\/400 VCA\nFrecuencia de funcionamiento: 50 Hz\nForma de la red: TT\/TN-S\nTipo de sistema generador (VDE-AR-N 4105\/4110): Tipo 2<strong>\n<\/strong>\n\n\u00a0\n\n<\/div>","download":"<a href=\"https:\/\/greenlink.technology\/wp-content\/uploads\/2025\/06\/10019386_Datenblatt_Leistungsschrank_PowerShield-500_DE_2025_04_17.pdf\" target=\"_blank\" rel=\"noopener\">Ficha de datos 10019386 ES<\/a>\n<a href=\"https:\/\/greenlink.technology\/wp-content\/uploads\/2025\/06\/10019413_Datenblatt_PowerShield_500_2025_04_29.pdf\" target=\"_blank\" rel=\"noopener\">Ficha t\u00e9cnica 10019413 ES<\/a>\n\n<a href=\"https:\/\/greenlink.technology\/wp-content\/uploads\/2025\/06\/10019386_datasheet_power-cabinet_PowerShield-500_EN_2025_04_23.pdf\" target=\"_blank\" rel=\"noopener\">Ficha t\u00e9cnica 10019386 ES<\/a>\n<a href=\"https:\/\/greenlink.technology\/wp-content\/uploads\/2025\/06\/10019413_datasheet_PowerShield_500_2025_04_29.pdf\" target=\"_blank\" rel=\"noopener\">Hoja de datos 10019413 ES<\/a>\n\n<a href=\"https:\/\/greenlink.technology\/wp-content\/uploads\/2025\/06\/10019386_Arkusz-danych_Szafa-zasilajaca_PowerShield-500_PL_2025_05_20.pdf\" target=\"_blank\" rel=\"noopener\">Arkusz danych 10019386 PL<\/a>\n<a href=\"https:\/\/greenlink.technology\/wp-content\/uploads\/2025\/06\/10019413_Arkusz-danych_PowerShield_500_PL_2025_05_20.pdf\" target=\"_blank\" rel=\"noopener\">Arkusz danych 10019413 PL<\/a>","product_short_description":"<strong>Aprobaci\u00f3n del pa\u00eds:<\/strong> VDE-AR-N 4105:2018-11\n<strong>Potencia:<\/strong> 550 kVA\n<strong>Aislamiento:<\/strong> tripolar\n<strong>Forma de la red: <\/strong>TT \/ TN-S","photo_gallery":{"galerie_produkte":[[]]}},"yoast_head":"<!-- This site is optimized with the Yoast SEO plugin v27.3 - https:\/\/yoast.com\/product\/yoast-seo-wordpress\/ -->\n<title>Protecci\u00f3n de red y de sistema enwitec PowerShield 500 - greenLink orchestrating energy flows | enwitec electronic GmbH | LinQ Europe Sp. z o.o.<\/title>\n<meta name=\"robots\" content=\"index, follow, max-snippet:-1, max-image-preview:large, max-video-preview:-1\" \/>\n<link rel=\"canonical\" href=\"https:\/\/greenlink.technology\/es\/produkt\/proteccion-de-red-y-de-sistema-enwitec-276-kva-segun-vde-ar-n-41052018-11-10018546-kopie\/\" \/>\n<meta property=\"og:locale\" content=\"es_ES\" \/>\n<meta property=\"og:type\" content=\"article\" \/>\n<meta property=\"og:title\" content=\"Protecci\u00f3n de red y de sistema enwitec PowerShield 500 - greenLink orchestrating energy flows | enwitec electronic GmbH | LinQ Europe Sp. z o.o.\" \/>\n<meta property=\"og:description\" content=\"&nbsp;\" \/>\n<meta property=\"og:url\" content=\"https:\/\/greenlink.technology\/es\/produkt\/proteccion-de-red-y-de-sistema-enwitec-276-kva-segun-vde-ar-n-41052018-11-10018546-kopie\/\" \/>\n<meta property=\"og:site_name\" content=\"greenLink orchestrating energy flows | enwitec electronic GmbH | LinQ Europe Sp. z o.o.\" \/>\n<meta property=\"article:modified_time\" content=\"2025-09-15T09:16:41+00:00\" \/>\n<meta property=\"og:image\" content=\"https:\/\/greenlink.technology\/wp-content\/uploads\/2025\/06\/10019386.png\" \/>\n\t<meta property=\"og:image:width\" content=\"500\" \/>\n\t<meta property=\"og:image:height\" content=\"500\" \/>\n\t<meta property=\"og:image:type\" content=\"image\/png\" \/>\n<meta name=\"twitter:card\" content=\"summary_large_image\" \/>\n<script type=\"application\/ld+json\" class=\"yoast-schema-graph\">{\"@context\":\"https:\\\/\\\/schema.org\",\"@graph\":[{\"@type\":\"WebPage\",\"@id\":\"https:\\\/\\\/greenlink.technology\\\/es\\\/produkt\\\/proteccion-de-red-y-de-sistema-enwitec-276-kva-segun-vde-ar-n-41052018-11-10018546-kopie\\\/\",\"url\":\"https:\\\/\\\/greenlink.technology\\\/es\\\/produkt\\\/proteccion-de-red-y-de-sistema-enwitec-276-kva-segun-vde-ar-n-41052018-11-10018546-kopie\\\/\",\"name\":\"Protecci\u00f3n de red y de sistema enwitec PowerShield 500 - greenLink orchestrating energy flows | enwitec electronic GmbH | LinQ Europe Sp. z o.o.\",\"isPartOf\":{\"@id\":\"https:\\\/\\\/enwitec.eu\\\/en\\\/#website\"},\"primaryImageOfPage\":{\"@id\":\"https:\\\/\\\/greenlink.technology\\\/es\\\/produkt\\\/proteccion-de-red-y-de-sistema-enwitec-276-kva-segun-vde-ar-n-41052018-11-10018546-kopie\\\/#primaryimage\"},\"image\":{\"@id\":\"https:\\\/\\\/greenlink.technology\\\/es\\\/produkt\\\/proteccion-de-red-y-de-sistema-enwitec-276-kva-segun-vde-ar-n-41052018-11-10018546-kopie\\\/#primaryimage\"},\"thumbnailUrl\":\"https:\\\/\\\/greenlink.technology\\\/wp-content\\\/uploads\\\/2025\\\/06\\\/10019386.png\",\"datePublished\":\"2025-06-27T06:39:47+00:00\",\"dateModified\":\"2025-09-15T09:16:41+00:00\",\"breadcrumb\":{\"@id\":\"https:\\\/\\\/greenlink.technology\\\/es\\\/produkt\\\/proteccion-de-red-y-de-sistema-enwitec-276-kva-segun-vde-ar-n-41052018-11-10018546-kopie\\\/#breadcrumb\"},\"inLanguage\":\"es\",\"potentialAction\":[{\"@type\":\"ReadAction\",\"target\":[\"https:\\\/\\\/greenlink.technology\\\/es\\\/produkt\\\/proteccion-de-red-y-de-sistema-enwitec-276-kva-segun-vde-ar-n-41052018-11-10018546-kopie\\\/\"]}]},{\"@type\":\"ImageObject\",\"inLanguage\":\"es\",\"@id\":\"https:\\\/\\\/greenlink.technology\\\/es\\\/produkt\\\/proteccion-de-red-y-de-sistema-enwitec-276-kva-segun-vde-ar-n-41052018-11-10018546-kopie\\\/#primaryimage\",\"url\":\"https:\\\/\\\/greenlink.technology\\\/wp-content\\\/uploads\\\/2025\\\/06\\\/10019386.png\",\"contentUrl\":\"https:\\\/\\\/greenlink.technology\\\/wp-content\\\/uploads\\\/2025\\\/06\\\/10019386.png\",\"width\":500,\"height\":500},{\"@type\":\"BreadcrumbList\",\"@id\":\"https:\\\/\\\/greenlink.technology\\\/es\\\/produkt\\\/proteccion-de-red-y-de-sistema-enwitec-276-kva-segun-vde-ar-n-41052018-11-10018546-kopie\\\/#breadcrumb\",\"itemListElement\":[{\"@type\":\"ListItem\",\"position\":1,\"name\":\"Startseite\",\"item\":\"https:\\\/\\\/enwitec.eu\\\/es\\\/\"},{\"@type\":\"ListItem\",\"position\":2,\"name\":\"Productos\",\"item\":\"https:\\\/\\\/greenlink.technology\\\/es\\\/sobre-nosotros\\\/la-empresa\\\/enwitec\\\/productos\\\/\"},{\"@type\":\"ListItem\",\"position\":3,\"name\":\"Protecci\u00f3n de red y de sistema enwitec PowerShield 500\"}]},{\"@type\":\"WebSite\",\"@id\":\"https:\\\/\\\/enwitec.eu\\\/en\\\/#website\",\"url\":\"https:\\\/\\\/enwitec.eu\\\/en\\\/\",\"name\":\"greenLink orchestrating energy flows | enwitec electronic GmbH | LinQ Europe Sp. z o.o.\",\"description\":\"\",\"publisher\":{\"@id\":\"https:\\\/\\\/enwitec.eu\\\/en\\\/#organization\"},\"potentialAction\":[{\"@type\":\"SearchAction\",\"target\":{\"@type\":\"EntryPoint\",\"urlTemplate\":\"https:\\\/\\\/enwitec.eu\\\/en\\\/?s={search_term_string}\"},\"query-input\":{\"@type\":\"PropertyValueSpecification\",\"valueRequired\":true,\"valueName\":\"search_term_string\"}}],\"inLanguage\":\"es\"},{\"@type\":\"Organization\",\"@id\":\"https:\\\/\\\/enwitec.eu\\\/en\\\/#organization\",\"name\":\"greenLink orquestaci\u00f3n de flujos de energ\u00eda | enwitec electronic GmbH | LinQ Europe Sp. z o.o.\",\"url\":\"https:\\\/\\\/enwitec.eu\\\/en\\\/\",\"logo\":{\"@type\":\"ImageObject\",\"inLanguage\":\"es\",\"@id\":\"https:\\\/\\\/enwitec.eu\\\/en\\\/#\\\/schema\\\/logo\\\/image\\\/\",\"url\":\"https:\\\/\\\/greenlink.technology\\\/wp-content\\\/uploads\\\/2025\\\/01\\\/greenlink-logo-final.png\",\"contentUrl\":\"https:\\\/\\\/greenlink.technology\\\/wp-content\\\/uploads\\\/2025\\\/01\\\/greenlink-logo-final.png\",\"width\":2586,\"height\":629,\"caption\":\"greenLink orquestaci\u00f3n de flujos de energ\u00eda | enwitec electronic GmbH | LinQ Europe Sp. z o.o. \"},\"image\":{\"@id\":\"https:\\\/\\\/enwitec.eu\\\/en\\\/#\\\/schema\\\/logo\\\/image\\\/\"}}]}<\/script>\n<!-- \/ Yoast SEO plugin. -->","yoast_head_json":{"title":"Protecci\u00f3n de red y de sistema enwitec PowerShield 500 - greenLink orchestrating energy flows | enwitec electronic GmbH | LinQ Europe Sp. z o.o.","robots":{"index":"index","follow":"follow","max-snippet":"max-snippet:-1","max-image-preview":"max-image-preview:large","max-video-preview":"max-video-preview:-1"},"canonical":"https:\/\/greenlink.technology\/es\/produkt\/proteccion-de-red-y-de-sistema-enwitec-276-kva-segun-vde-ar-n-41052018-11-10018546-kopie\/","og_locale":"es_ES","og_type":"article","og_title":"Protecci\u00f3n de red y de sistema enwitec PowerShield 500 - greenLink orchestrating energy flows | enwitec electronic GmbH | LinQ Europe Sp. z o.o.","og_description":"&nbsp;","og_url":"https:\/\/greenlink.technology\/es\/produkt\/proteccion-de-red-y-de-sistema-enwitec-276-kva-segun-vde-ar-n-41052018-11-10018546-kopie\/","og_site_name":"greenLink orchestrating energy flows | enwitec electronic GmbH | LinQ Europe Sp. z o.o.","article_modified_time":"2025-09-15T09:16:41+00:00","og_image":[{"width":500,"height":500,"url":"https:\/\/greenlink.technology\/wp-content\/uploads\/2025\/06\/10019386.png","type":"image\/png"}],"twitter_card":"summary_large_image","schema":{"@context":"https:\/\/schema.org","@graph":[{"@type":"WebPage","@id":"https:\/\/greenlink.technology\/es\/produkt\/proteccion-de-red-y-de-sistema-enwitec-276-kva-segun-vde-ar-n-41052018-11-10018546-kopie\/","url":"https:\/\/greenlink.technology\/es\/produkt\/proteccion-de-red-y-de-sistema-enwitec-276-kva-segun-vde-ar-n-41052018-11-10018546-kopie\/","name":"Protecci\u00f3n de red y de sistema enwitec PowerShield 500 - greenLink orchestrating energy flows | enwitec electronic GmbH | LinQ Europe Sp. z o.o.","isPartOf":{"@id":"https:\/\/enwitec.eu\/en\/#website"},"primaryImageOfPage":{"@id":"https:\/\/greenlink.technology\/es\/produkt\/proteccion-de-red-y-de-sistema-enwitec-276-kva-segun-vde-ar-n-41052018-11-10018546-kopie\/#primaryimage"},"image":{"@id":"https:\/\/greenlink.technology\/es\/produkt\/proteccion-de-red-y-de-sistema-enwitec-276-kva-segun-vde-ar-n-41052018-11-10018546-kopie\/#primaryimage"},"thumbnailUrl":"https:\/\/greenlink.technology\/wp-content\/uploads\/2025\/06\/10019386.png","datePublished":"2025-06-27T06:39:47+00:00","dateModified":"2025-09-15T09:16:41+00:00","breadcrumb":{"@id":"https:\/\/greenlink.technology\/es\/produkt\/proteccion-de-red-y-de-sistema-enwitec-276-kva-segun-vde-ar-n-41052018-11-10018546-kopie\/#breadcrumb"},"inLanguage":"es","potentialAction":[{"@type":"ReadAction","target":["https:\/\/greenlink.technology\/es\/produkt\/proteccion-de-red-y-de-sistema-enwitec-276-kva-segun-vde-ar-n-41052018-11-10018546-kopie\/"]}]},{"@type":"ImageObject","inLanguage":"es","@id":"https:\/\/greenlink.technology\/es\/produkt\/proteccion-de-red-y-de-sistema-enwitec-276-kva-segun-vde-ar-n-41052018-11-10018546-kopie\/#primaryimage","url":"https:\/\/greenlink.technology\/wp-content\/uploads\/2025\/06\/10019386.png","contentUrl":"https:\/\/greenlink.technology\/wp-content\/uploads\/2025\/06\/10019386.png","width":500,"height":500},{"@type":"BreadcrumbList","@id":"https:\/\/greenlink.technology\/es\/produkt\/proteccion-de-red-y-de-sistema-enwitec-276-kva-segun-vde-ar-n-41052018-11-10018546-kopie\/#breadcrumb","itemListElement":[{"@type":"ListItem","position":1,"name":"Startseite","item":"https:\/\/enwitec.eu\/es\/"},{"@type":"ListItem","position":2,"name":"Productos","item":"https:\/\/greenlink.technology\/es\/sobre-nosotros\/la-empresa\/enwitec\/productos\/"},{"@type":"ListItem","position":3,"name":"Protecci\u00f3n de red y de sistema enwitec PowerShield 500"}]},{"@type":"WebSite","@id":"https:\/\/enwitec.eu\/en\/#website","url":"https:\/\/enwitec.eu\/en\/","name":"greenLink orchestrating energy flows | enwitec electronic GmbH | LinQ Europe Sp. z o.o.","description":"","publisher":{"@id":"https:\/\/enwitec.eu\/en\/#organization"},"potentialAction":[{"@type":"SearchAction","target":{"@type":"EntryPoint","urlTemplate":"https:\/\/enwitec.eu\/en\/?s={search_term_string}"},"query-input":{"@type":"PropertyValueSpecification","valueRequired":true,"valueName":"search_term_string"}}],"inLanguage":"es"},{"@type":"Organization","@id":"https:\/\/enwitec.eu\/en\/#organization","name":"greenLink orquestaci\u00f3n de flujos de energ\u00eda | enwitec electronic GmbH | LinQ Europe Sp. z o.o.","url":"https:\/\/enwitec.eu\/en\/","logo":{"@type":"ImageObject","inLanguage":"es","@id":"https:\/\/enwitec.eu\/en\/#\/schema\/logo\/image\/","url":"https:\/\/greenlink.technology\/wp-content\/uploads\/2025\/01\/greenlink-logo-final.png","contentUrl":"https:\/\/greenlink.technology\/wp-content\/uploads\/2025\/01\/greenlink-logo-final.png","width":2586,"height":629,"caption":"greenLink orquestaci\u00f3n de flujos de energ\u00eda | enwitec electronic GmbH | LinQ Europe Sp. z o.o. "},"image":{"@id":"https:\/\/enwitec.eu\/en\/#\/schema\/logo\/image\/"}}]}},"_links":{"self":[{"href":"https:\/\/greenlink.technology\/es\/wp-json\/wp\/v2\/product\/16862","targetHints":{"allow":["GET"]}}],"collection":[{"href":"https:\/\/greenlink.technology\/es\/wp-json\/wp\/v2\/product"}],"about":[{"href":"https:\/\/greenlink.technology\/es\/wp-json\/wp\/v2\/types\/product"}],"replies":[{"embeddable":true,"href":"https:\/\/greenlink.technology\/es\/wp-json\/wp\/v2\/comments?post=16862"}],"wp:featuredmedia":[{"embeddable":true,"href":"https:\/\/greenlink.technology\/es\/wp-json\/wp\/v2\/media\/16954"}],"wp:attachment":[{"href":"https:\/\/greenlink.technology\/es\/wp-json\/wp\/v2\/media?parent=16862"}],"wp:term":[{"taxonomy":"anwendung","embeddable":true,"href":"https:\/\/greenlink.technology\/es\/wp-json\/wp\/v2\/anwendung?post=16862"},{"taxonomy":"product_brand","embeddable":true,"href":"https:\/\/greenlink.technology\/es\/wp-json\/wp\/v2\/product_brand?post=16862"},{"taxonomy":"product_cat","embeddable":true,"href":"https:\/\/greenlink.technology\/es\/wp-json\/wp\/v2\/product_cat?post=16862"},{"taxonomy":"product_tag","embeddable":true,"href":"https:\/\/greenlink.technology\/es\/wp-json\/wp\/v2\/product_tag?post=16862"}],"curies":[{"name":"wp","href":"https:\/\/api.w.org\/{rel}","templated":true}]}}