{"id":16837,"date":"2025-06-27T06:58:17","date_gmt":"2025-06-27T04:58:17","guid":{"rendered":"https:\/\/enwitec.eu\/?post_type=product&#038;p=16837"},"modified":"2025-09-15T11:12:09","modified_gmt":"2025-09-15T09:12:09","slug":"proteccion-de-red-y-de-sistema-enwitec-na4105-863-kva-segun-vde-ar-n-41052018-11-10018716-kopie","status":"publish","type":"product","link":"https:\/\/greenlink.technology\/es\/produkt\/proteccion-de-red-y-de-sistema-enwitec-na4105-863-kva-segun-vde-ar-n-41052018-11-10018716-kopie\/","title":{"rendered":"Controlador EZA enwitec PowerControl 500"},"content":{"rendered":"<div class=\"system-stammdaten\">\n<h2><\/h2>\n<p>&nbsp;<\/p>\n<\/div>\n","protected":false},"excerpt":{"rendered":"<p>&nbsp;<\/p>\n","protected":false},"featured_media":16859,"comment_status":"closed","ping_status":"closed","template":"","meta":{"_acf_changed":false},"anwendung":[],"product_brand":[264],"product_cat":[595],"product_tag":[1426,1425,597,596],"class_list":{"0":"post-16837","1":"product","2":"type-product","3":"status-publish","4":"has-post-thumbnail","6":"product_brand-enwitec","7":"product_cat-proteccion-de-la-red-y-del-sistema","8":"product_tag-1426","9":"product_tag-powercontrol500","10":"product_tag-proteccion-de-la-red-y-del-sistema","11":"product_tag-proteccion-na","12":"pa_laenderfreigabe-es-es","13":"pa_leistung-30-86-kva-es","14":"pa_trennung-todo-polo-es","16":"first","17":"instock","18":"shipping-taxable","19":"product-type-simple"},"acf":{"product_informations":"El enwitec PowerControl 500, desarrollado en 2025, es un controlador de planta de generaci\u00f3n de \u00faltima generaci\u00f3n (controlador EZA) para sistemas fotovoltaicos en el mercado C&I (Comercial e Industrial) y de servicios p\u00fablicos. Desarrollado para cumplir las \u00faltimas directrices VDE\/FNN, el PowerControl 500 ofrece una soluci\u00f3n integral para el control y la supervisi\u00f3n de sistemas fotovoltaicos. \n\nEl PowerControl 500 act\u00faa como interfaz con el operador de la red y comunica las especificaciones de consigna necesarias para la inyecci\u00f3n de potencia activa (kW) y reactiva (kvar) a las unidades generadoras. Compara continuamente la consigna y los valores reales y transmite las variables de control calculadas a las unidades de generaci\u00f3n para garantizar una gesti\u00f3n de la alimentaci\u00f3n conforme a la red.","technical_data":"<div class=\"stammdaten-col\">\n<div class=\"line\">\n<p class=\"system-stammdaten-left\">N\u00ba de art\u00edculo: 10019571\nTipo de red: TT \/ TN-S\nValor m\u00e1x. del fusible de seguridad: ver esquema el\u00e9ctrico Valor del fusible de reserva: ver esquema\nTipo de sistema generador (VDE-AR-N 4105\/4110): Tipo 2 <\/p>\n\n<\/div>\n<strong>Controlador - EZA-REGLER:<\/strong>\n\nInterfaces de comunicaci\u00f3n:\n- 1\u00d7 Ethernet\n- 1\u00d7 RS485\n- 1\u00d7 RS485\/422, m\u00e1x. 100 inversores, posibilidad de funcionamiento mixto\n- 2\u00d7 USB (WLAN\/GSM\/m\u00f3dem anal\u00f3gico, etc.)\n- 1\u00d7 RS232\n- 1\u00d7 1-Wire\u00ae\n- 1\u00d7 Can (opcional) \n\nEntradas-salidas adicionales:\n- 4\u00d7 entrada digital 0-24 V (con alimentaci\u00f3n interna del aparato o externa de 24 V)\n- 2\u00d7 entrada anal\u00f3gica 0-10 V 0\/4-20mA\n- 2\u00d7 entrada anal\u00f3gica Pt1000\/Kty 81-210\n- 4\u00d7 salida digital. Carga 24 V CC \/ 500 mA\n- 2\u00d7 rel\u00e9 (contacto inversor carga m\u00e1x. 24 V \/ 5 A)\n- 2\u00d7 salida anal\u00f3gica 0-10 V 0\/4-20mA \n\nPantalla del servidor web:\n- Memoria 1 GB RAM. 8 GB Flash. 8 GB micro SD\n- Procesador Quadcore 4x 1,2GHz con GPU\n- Idiomas: Alem\u00e1n\/Ingl\u00e9s\/Polaco\/Italiano  \n\n<strong>SAI:<\/strong>\nTensi\u00f3n nominal: 24 V\nCapacidad de la bater\u00eda: 2 x 3,2 Ah\n\n<strong>ROUTER LTE CON SWITCH:<\/strong>\nTipo: Welotec TK804L1.450\nN\u00famero de puertos: 4\n\n<strong>2 CONVERSORES DE POTENCIA TRIF\u00c1SICOS:<\/strong>\nTipo: Wago 3x277\/480 2857-570\/024-005\n\n<\/div>","download":"<a href=\"https:\/\/greenlink.technology\/wp-content\/uploads\/2025\/06\/10019571_Datenblatt_PowerControl-500_2025_06_11_b.pdf\" target=\"_blank\" rel=\"noopener\">Hoja de datos ES<\/a>\n<a href=\"https:\/\/greenlink.technology\/wp-content\/uploads\/2025\/06\/10019571_datasheet_PowerControl-500_EN_2025_06_11_b.pdf\" target=\"_blank\" rel=\"noopener\">Hoja de datos ES<\/a>\n<a href=\"https:\/\/greenlink.technology\/wp-content\/uploads\/2025\/06\/10019571_Arkusz-danych_PowerControl-500_PL_2025_06_11_b.pdf\" target=\"_blank\" rel=\"noopener\">Arkusz danych PL<\/a>","product_short_description":"<strong>Homologaci\u00f3n nacional:<\/strong> VDE-AR-N 4105\/4110)\n<strong>Forma de la red: <\/strong>TT \/ TN-S","photo_gallery":{"galerie_produkte":[[]]}},"yoast_head":"<!-- This site is optimized with the Yoast SEO plugin v27.3 - https:\/\/yoast.com\/product\/yoast-seo-wordpress\/ -->\n<title>Controlador EZA enwitec PowerControl 500 - greenLink orchestrating energy flows | enwitec electronic GmbH | LinQ Europe Sp. z o.o.<\/title>\n<meta name=\"robots\" content=\"index, follow, max-snippet:-1, max-image-preview:large, max-video-preview:-1\" \/>\n<link rel=\"canonical\" href=\"https:\/\/greenlink.technology\/es\/produkt\/proteccion-de-red-y-de-sistema-enwitec-na4105-863-kva-segun-vde-ar-n-41052018-11-10018716-kopie\/\" \/>\n<meta property=\"og:locale\" content=\"es_ES\" \/>\n<meta property=\"og:type\" content=\"article\" \/>\n<meta property=\"og:title\" content=\"Controlador EZA enwitec PowerControl 500 - greenLink orchestrating energy flows | enwitec electronic GmbH | LinQ Europe Sp. z o.o.\" \/>\n<meta property=\"og:description\" content=\"&nbsp;\" \/>\n<meta property=\"og:url\" content=\"https:\/\/greenlink.technology\/es\/produkt\/proteccion-de-red-y-de-sistema-enwitec-na4105-863-kva-segun-vde-ar-n-41052018-11-10018716-kopie\/\" \/>\n<meta property=\"og:site_name\" content=\"greenLink orchestrating energy flows | enwitec electronic GmbH | LinQ Europe Sp. z o.o.\" \/>\n<meta property=\"article:modified_time\" content=\"2025-09-15T09:12:09+00:00\" \/>\n<meta property=\"og:image\" content=\"https:\/\/enwitec.eu\/wp-content\/uploads\/2025\/06\/Parkregler-L-closed_transparent_enwitec.png\" \/>\n\t<meta property=\"og:image:width\" content=\"500\" \/>\n\t<meta property=\"og:image:height\" content=\"667\" \/>\n\t<meta property=\"og:image:type\" content=\"image\/png\" \/>\n<meta name=\"twitter:card\" content=\"summary_large_image\" \/>\n<script type=\"application\/ld+json\" class=\"yoast-schema-graph\">{\"@context\":\"https:\\\/\\\/schema.org\",\"@graph\":[{\"@type\":\"WebPage\",\"@id\":\"https:\\\/\\\/greenlink.technology\\\/es\\\/produkt\\\/proteccion-de-red-y-de-sistema-enwitec-na4105-863-kva-segun-vde-ar-n-41052018-11-10018716-kopie\\\/\",\"url\":\"https:\\\/\\\/greenlink.technology\\\/es\\\/produkt\\\/proteccion-de-red-y-de-sistema-enwitec-na4105-863-kva-segun-vde-ar-n-41052018-11-10018716-kopie\\\/\",\"name\":\"Controlador EZA enwitec PowerControl 500 - greenLink orchestrating energy flows | enwitec electronic GmbH | LinQ Europe Sp. z o.o.\",\"isPartOf\":{\"@id\":\"https:\\\/\\\/enwitec.eu\\\/en\\\/#website\"},\"primaryImageOfPage\":{\"@id\":\"https:\\\/\\\/greenlink.technology\\\/es\\\/produkt\\\/proteccion-de-red-y-de-sistema-enwitec-na4105-863-kva-segun-vde-ar-n-41052018-11-10018716-kopie\\\/#primaryimage\"},\"image\":{\"@id\":\"https:\\\/\\\/greenlink.technology\\\/es\\\/produkt\\\/proteccion-de-red-y-de-sistema-enwitec-na4105-863-kva-segun-vde-ar-n-41052018-11-10018716-kopie\\\/#primaryimage\"},\"thumbnailUrl\":\"https:\\\/\\\/greenlink.technology\\\/wp-content\\\/uploads\\\/2025\\\/06\\\/Parkregler-L-closed_transparent_enwitec.png\",\"datePublished\":\"2025-06-27T04:58:17+00:00\",\"dateModified\":\"2025-09-15T09:12:09+00:00\",\"breadcrumb\":{\"@id\":\"https:\\\/\\\/greenlink.technology\\\/es\\\/produkt\\\/proteccion-de-red-y-de-sistema-enwitec-na4105-863-kva-segun-vde-ar-n-41052018-11-10018716-kopie\\\/#breadcrumb\"},\"inLanguage\":\"es\",\"potentialAction\":[{\"@type\":\"ReadAction\",\"target\":[\"https:\\\/\\\/greenlink.technology\\\/es\\\/produkt\\\/proteccion-de-red-y-de-sistema-enwitec-na4105-863-kva-segun-vde-ar-n-41052018-11-10018716-kopie\\\/\"]}]},{\"@type\":\"ImageObject\",\"inLanguage\":\"es\",\"@id\":\"https:\\\/\\\/greenlink.technology\\\/es\\\/produkt\\\/proteccion-de-red-y-de-sistema-enwitec-na4105-863-kva-segun-vde-ar-n-41052018-11-10018716-kopie\\\/#primaryimage\",\"url\":\"https:\\\/\\\/greenlink.technology\\\/wp-content\\\/uploads\\\/2025\\\/06\\\/Parkregler-L-closed_transparent_enwitec.png\",\"contentUrl\":\"https:\\\/\\\/greenlink.technology\\\/wp-content\\\/uploads\\\/2025\\\/06\\\/Parkregler-L-closed_transparent_enwitec.png\",\"width\":500,\"height\":667},{\"@type\":\"BreadcrumbList\",\"@id\":\"https:\\\/\\\/greenlink.technology\\\/es\\\/produkt\\\/proteccion-de-red-y-de-sistema-enwitec-na4105-863-kva-segun-vde-ar-n-41052018-11-10018716-kopie\\\/#breadcrumb\",\"itemListElement\":[{\"@type\":\"ListItem\",\"position\":1,\"name\":\"Startseite\",\"item\":\"https:\\\/\\\/enwitec.eu\\\/es\\\/\"},{\"@type\":\"ListItem\",\"position\":2,\"name\":\"Productos\",\"item\":\"https:\\\/\\\/greenlink.technology\\\/es\\\/sobre-nosotros\\\/la-empresa\\\/enwitec\\\/productos\\\/\"},{\"@type\":\"ListItem\",\"position\":3,\"name\":\"Controlador EZA enwitec PowerControl 500\"}]},{\"@type\":\"WebSite\",\"@id\":\"https:\\\/\\\/enwitec.eu\\\/en\\\/#website\",\"url\":\"https:\\\/\\\/enwitec.eu\\\/en\\\/\",\"name\":\"greenLink orchestrating energy flows | enwitec electronic GmbH | LinQ Europe Sp. z o.o.\",\"description\":\"\",\"publisher\":{\"@id\":\"https:\\\/\\\/enwitec.eu\\\/en\\\/#organization\"},\"potentialAction\":[{\"@type\":\"SearchAction\",\"target\":{\"@type\":\"EntryPoint\",\"urlTemplate\":\"https:\\\/\\\/enwitec.eu\\\/en\\\/?s={search_term_string}\"},\"query-input\":{\"@type\":\"PropertyValueSpecification\",\"valueRequired\":true,\"valueName\":\"search_term_string\"}}],\"inLanguage\":\"es\"},{\"@type\":\"Organization\",\"@id\":\"https:\\\/\\\/enwitec.eu\\\/en\\\/#organization\",\"name\":\"greenLink orquestaci\u00f3n de flujos de energ\u00eda | enwitec electronic GmbH | LinQ Europe Sp. z o.o.\",\"url\":\"https:\\\/\\\/enwitec.eu\\\/en\\\/\",\"logo\":{\"@type\":\"ImageObject\",\"inLanguage\":\"es\",\"@id\":\"https:\\\/\\\/enwitec.eu\\\/en\\\/#\\\/schema\\\/logo\\\/image\\\/\",\"url\":\"https:\\\/\\\/greenlink.technology\\\/wp-content\\\/uploads\\\/2025\\\/01\\\/greenlink-logo-final.png\",\"contentUrl\":\"https:\\\/\\\/greenlink.technology\\\/wp-content\\\/uploads\\\/2025\\\/01\\\/greenlink-logo-final.png\",\"width\":2586,\"height\":629,\"caption\":\"greenLink orquestaci\u00f3n de flujos de energ\u00eda | enwitec electronic GmbH | LinQ Europe Sp. z o.o. \"},\"image\":{\"@id\":\"https:\\\/\\\/enwitec.eu\\\/en\\\/#\\\/schema\\\/logo\\\/image\\\/\"}}]}<\/script>\n<!-- \/ Yoast SEO plugin. -->","yoast_head_json":{"title":"Controlador EZA enwitec PowerControl 500 - greenLink orchestrating energy flows | enwitec electronic GmbH | LinQ Europe Sp. z o.o.","robots":{"index":"index","follow":"follow","max-snippet":"max-snippet:-1","max-image-preview":"max-image-preview:large","max-video-preview":"max-video-preview:-1"},"canonical":"https:\/\/greenlink.technology\/es\/produkt\/proteccion-de-red-y-de-sistema-enwitec-na4105-863-kva-segun-vde-ar-n-41052018-11-10018716-kopie\/","og_locale":"es_ES","og_type":"article","og_title":"Controlador EZA enwitec PowerControl 500 - greenLink orchestrating energy flows | enwitec electronic GmbH | LinQ Europe Sp. z o.o.","og_description":"&nbsp;","og_url":"https:\/\/greenlink.technology\/es\/produkt\/proteccion-de-red-y-de-sistema-enwitec-na4105-863-kva-segun-vde-ar-n-41052018-11-10018716-kopie\/","og_site_name":"greenLink orchestrating energy flows | enwitec electronic GmbH | LinQ Europe Sp. z o.o.","article_modified_time":"2025-09-15T09:12:09+00:00","og_image":[{"width":500,"height":667,"url":"https:\/\/enwitec.eu\/wp-content\/uploads\/2025\/06\/Parkregler-L-closed_transparent_enwitec.png","type":"image\/png"}],"twitter_card":"summary_large_image","schema":{"@context":"https:\/\/schema.org","@graph":[{"@type":"WebPage","@id":"https:\/\/greenlink.technology\/es\/produkt\/proteccion-de-red-y-de-sistema-enwitec-na4105-863-kva-segun-vde-ar-n-41052018-11-10018716-kopie\/","url":"https:\/\/greenlink.technology\/es\/produkt\/proteccion-de-red-y-de-sistema-enwitec-na4105-863-kva-segun-vde-ar-n-41052018-11-10018716-kopie\/","name":"Controlador EZA enwitec PowerControl 500 - greenLink orchestrating energy flows | enwitec electronic GmbH | LinQ Europe Sp. z o.o.","isPartOf":{"@id":"https:\/\/enwitec.eu\/en\/#website"},"primaryImageOfPage":{"@id":"https:\/\/greenlink.technology\/es\/produkt\/proteccion-de-red-y-de-sistema-enwitec-na4105-863-kva-segun-vde-ar-n-41052018-11-10018716-kopie\/#primaryimage"},"image":{"@id":"https:\/\/greenlink.technology\/es\/produkt\/proteccion-de-red-y-de-sistema-enwitec-na4105-863-kva-segun-vde-ar-n-41052018-11-10018716-kopie\/#primaryimage"},"thumbnailUrl":"https:\/\/greenlink.technology\/wp-content\/uploads\/2025\/06\/Parkregler-L-closed_transparent_enwitec.png","datePublished":"2025-06-27T04:58:17+00:00","dateModified":"2025-09-15T09:12:09+00:00","breadcrumb":{"@id":"https:\/\/greenlink.technology\/es\/produkt\/proteccion-de-red-y-de-sistema-enwitec-na4105-863-kva-segun-vde-ar-n-41052018-11-10018716-kopie\/#breadcrumb"},"inLanguage":"es","potentialAction":[{"@type":"ReadAction","target":["https:\/\/greenlink.technology\/es\/produkt\/proteccion-de-red-y-de-sistema-enwitec-na4105-863-kva-segun-vde-ar-n-41052018-11-10018716-kopie\/"]}]},{"@type":"ImageObject","inLanguage":"es","@id":"https:\/\/greenlink.technology\/es\/produkt\/proteccion-de-red-y-de-sistema-enwitec-na4105-863-kva-segun-vde-ar-n-41052018-11-10018716-kopie\/#primaryimage","url":"https:\/\/greenlink.technology\/wp-content\/uploads\/2025\/06\/Parkregler-L-closed_transparent_enwitec.png","contentUrl":"https:\/\/greenlink.technology\/wp-content\/uploads\/2025\/06\/Parkregler-L-closed_transparent_enwitec.png","width":500,"height":667},{"@type":"BreadcrumbList","@id":"https:\/\/greenlink.technology\/es\/produkt\/proteccion-de-red-y-de-sistema-enwitec-na4105-863-kva-segun-vde-ar-n-41052018-11-10018716-kopie\/#breadcrumb","itemListElement":[{"@type":"ListItem","position":1,"name":"Startseite","item":"https:\/\/enwitec.eu\/es\/"},{"@type":"ListItem","position":2,"name":"Productos","item":"https:\/\/greenlink.technology\/es\/sobre-nosotros\/la-empresa\/enwitec\/productos\/"},{"@type":"ListItem","position":3,"name":"Controlador EZA enwitec PowerControl 500"}]},{"@type":"WebSite","@id":"https:\/\/enwitec.eu\/en\/#website","url":"https:\/\/enwitec.eu\/en\/","name":"greenLink orchestrating energy flows | enwitec electronic GmbH | LinQ Europe Sp. z o.o.","description":"","publisher":{"@id":"https:\/\/enwitec.eu\/en\/#organization"},"potentialAction":[{"@type":"SearchAction","target":{"@type":"EntryPoint","urlTemplate":"https:\/\/enwitec.eu\/en\/?s={search_term_string}"},"query-input":{"@type":"PropertyValueSpecification","valueRequired":true,"valueName":"search_term_string"}}],"inLanguage":"es"},{"@type":"Organization","@id":"https:\/\/enwitec.eu\/en\/#organization","name":"greenLink orquestaci\u00f3n de flujos de energ\u00eda | enwitec electronic GmbH | LinQ Europe Sp. z o.o.","url":"https:\/\/enwitec.eu\/en\/","logo":{"@type":"ImageObject","inLanguage":"es","@id":"https:\/\/enwitec.eu\/en\/#\/schema\/logo\/image\/","url":"https:\/\/greenlink.technology\/wp-content\/uploads\/2025\/01\/greenlink-logo-final.png","contentUrl":"https:\/\/greenlink.technology\/wp-content\/uploads\/2025\/01\/greenlink-logo-final.png","width":2586,"height":629,"caption":"greenLink orquestaci\u00f3n de flujos de energ\u00eda | enwitec electronic GmbH | LinQ Europe Sp. z o.o. "},"image":{"@id":"https:\/\/enwitec.eu\/en\/#\/schema\/logo\/image\/"}}]}},"_links":{"self":[{"href":"https:\/\/greenlink.technology\/es\/wp-json\/wp\/v2\/product\/16837","targetHints":{"allow":["GET"]}}],"collection":[{"href":"https:\/\/greenlink.technology\/es\/wp-json\/wp\/v2\/product"}],"about":[{"href":"https:\/\/greenlink.technology\/es\/wp-json\/wp\/v2\/types\/product"}],"replies":[{"embeddable":true,"href":"https:\/\/greenlink.technology\/es\/wp-json\/wp\/v2\/comments?post=16837"}],"wp:featuredmedia":[{"embeddable":true,"href":"https:\/\/greenlink.technology\/es\/wp-json\/wp\/v2\/media\/16859"}],"wp:attachment":[{"href":"https:\/\/greenlink.technology\/es\/wp-json\/wp\/v2\/media?parent=16837"}],"wp:term":[{"taxonomy":"anwendung","embeddable":true,"href":"https:\/\/greenlink.technology\/es\/wp-json\/wp\/v2\/anwendung?post=16837"},{"taxonomy":"product_brand","embeddable":true,"href":"https:\/\/greenlink.technology\/es\/wp-json\/wp\/v2\/product_brand?post=16837"},{"taxonomy":"product_cat","embeddable":true,"href":"https:\/\/greenlink.technology\/es\/wp-json\/wp\/v2\/product_cat?post=16837"},{"taxonomy":"product_tag","embeddable":true,"href":"https:\/\/greenlink.technology\/es\/wp-json\/wp\/v2\/product_tag?post=16837"}],"curies":[{"name":"wp","href":"https:\/\/api.w.org\/{rel}","templated":true}]}}