{"id":12373,"date":"2024-03-05T07:17:01","date_gmt":"2024-03-05T06:17:01","guid":{"rendered":"https:\/\/greenlink.technology\/produkt\/enwitec-caja-de-distribucion-para-el-sistema-symo-gen24-plus-full-backup-de-fronius-italia-30kw-3ph-230-400v-10015842\/"},"modified":"2024-03-05T07:17:01","modified_gmt":"2024-03-05T06:17:01","slug":"enwitec-caja-de-distribucion-para-el-sistema-symo-gen24-plus-full-backup-de-fronius-italia-30kw-3ph-230-400v-10015842","status":"publish","type":"product","link":"https:\/\/greenlink.technology\/es\/produkt\/enwitec-caja-de-distribucion-para-el-sistema-symo-gen24-plus-full-backup-de-fronius-italia-30kw-3ph-230-400v-10015842\/","title":{"rendered":"enwitec Caja de distribuci\u00f3n para el sistema SYMO GEN24 Plus &#8220;Full Backup&#8221; de Fronius Italia &#8211; 30kW, 3PH 230\/400V &#8211; 10015842"},"content":{"rendered":"","protected":false},"excerpt":{"rendered":"","protected":false},"featured_media":12374,"comment_status":"closed","ping_status":"closed","template":"","meta":{"_acf_changed":false},"anwendung":[],"product_brand":[264],"product_cat":[341],"product_tag":[1201,384,382,383,485],"class_list":{"0":"post-12373","1":"product","2":"type-product","3":"status-publish","4":"has-post-thumbnail","6":"product_brand-enwitec","7":"product_cat-cajas-de-conmutacion-de-red-en-la-red","8":"product_tag-10015842-es","9":"product_tag-dispositivo-de-cambio","10":"product_tag-dispositivos-de-conmutacion-de-red","11":"product_tag-en-la-red","12":"product_tag-fronius-symo-gen24-es","13":"pa_laenderfreigabe-it-es","14":"pa_max-durchgangsleistung-0-30-kw-es","15":"pa_nf-a-netzanschlusspunkt-tn-c-es","16":"pa_nf-a-netzanschlusspunkt-tn-s-es","17":"pa_nf-a-netzanschlusspunkt-tt-es","18":"pa_nf-i-d-verbraucheranlage-tn-s-es","19":"pa_nf-i-d-verbraucheranlage-tt-es","20":"pa_umschaltung-automatico","21":"pa_wechselrichter-fronius-gen24-plus-es","23":"first","24":"instock","25":"shipping-taxable","26":"product-type-simple"},"acf":{"product_informations":"Caja de distribuci\u00f3n 3AC 230\/400V 50Hz\npara instalaciones FV >11,08KW seg\u00fan CEI 0-21:2019-04\n- Fusible de conexi\u00f3n m\u00e1x. 63A\n- Desconexi\u00f3n omnipolar - Red TN-S\/TT\n- ATENCI\u00d3N: \u00a1NO hay red TN-C en la instalaci\u00f3n del cliente! \n\nadecuado para\nFRONIUS - Symo GEN24 6.0 Plus\/8.0 Plus\/10.0 Plus\/12.0 SC Plus\n\nDisponibilidad por pa\u00eds: Italia\n\n- incl. Fronius SMART METER \n\nSi desea m\u00e1s informaci\u00f3n t\u00e9cnica, descargue la documentaci\u00f3n.\n\nNota\nMatchcode: 3PH_FRO_BBDAP_30KW_3PH_IT_1.0","technical_data":"N\u00ba de art\u00edculo: 10015842\nCompatible con: Fronius\nFases: trif\u00e1sica\nDesconexi\u00f3n a la red: omnipolar\nM\u00e1x. Potencia t\u00e9rmica: 30 kW\nC\u00f3digo del pa\u00eds: Italia\nProtecci\u00f3n NA: s\u00ed\nConmutador de fuente: no\nTensi\u00f3n nominal: 230\/400V\nFrecuencia nominal: 50\/60 Hz\nCorriente de cortocircuito: 10 kA\nFusible de reserva: 63 A\nTemperatura de funcionamiento: -5\u00b0C a +40\u00b0C\nHumedad: 5% a 95%\nClase de protecci\u00f3n: II\nDimensiones AnxAlxPr: 448x842x160 mm\nPeso: 16 kg\nCarcasa: policarbonato","download":"Ficha t\u00e9cnica ES\nScheda tecnica IT\n<a href=\"https:\/\/greenlink.technology\/wp-content\/uploads\/2025\/04\/2023_07_25_Auswahlhilfe-Fronius-Netzumschaltboxen_IT-3.pdf\" target=\"_blank\" rel=\"noopener\">Gu\u00eda de selecci\u00f3n IT<\/a>\n<a href=\"https:\/\/greenlink.technology\/wp-content\/uploads\/2025\/04\/2023_07_25_Selection_guide_Fronius_Switchover-box_IT.pdf\" target=\"_blank\" rel=\"noopener\">Gu\u00eda de selecci\u00f3n<\/a>\n<a href=\"https:\/\/greenlink.technology\/wp-content\/uploads\/2025\/04\/Allg_Installationsanleitung_10017760_Fronius-Netzumschaltboxen-DACH_V1.0_DE_2024_05_31-1-4.pdf\" target=\"_blank\" rel=\"noopener\">Gu\u00eda de instalaci\u00f3n<\/a>\n<a href=\"https:\/\/greenlink.technology\/wp-content\/uploads\/2025\/04\/Manuale_10015853_Fronius-Quadro-commutazione-per-alimentazione-di-riserva_-IT_V2.0_2024_06_03-1.pdf\" target=\"_blank\" rel=\"noopener\">Manuale IT<\/a>","product_short_description":"Inversor: Fronius GEN24 Plus\nHomologaci\u00f3n del pa\u00eds: Italia\nPotencia t\u00e9rmica m\u00e1x.: 30 kW\nConmutaci\u00f3n: autom\u00e1tica\nTipo de red en el punto de conexi\u00f3n a la red: TT, TN-S, TN-C\nTipo de red en el sistema consumidor: TT, TN-S ","photo_gallery":{"galerie_produkte":[[]]}},"yoast_head":"<!-- This site is optimized with the Yoast SEO plugin v27.3 - https:\/\/yoast.com\/product\/yoast-seo-wordpress\/ -->\n<title>enwitec Caja de distribuci\u00f3n para el sistema SYMO GEN24 Plus &quot;Full Backup&quot; de Fronius Italia - 30kW, 3PH 230\/400V - 10015842 - greenLink orchestrating energy flows | enwitec electronic GmbH | LinQ Europe Sp. z o.o.<\/title>\n<meta name=\"robots\" content=\"index, follow, max-snippet:-1, max-image-preview:large, max-video-preview:-1\" \/>\n<link rel=\"canonical\" href=\"https:\/\/greenlink.technology\/es\/produkt\/enwitec-caja-de-distribucion-para-el-sistema-symo-gen24-plus-full-backup-de-fronius-italia-30kw-3ph-230-400v-10015842\/\" \/>\n<meta property=\"og:locale\" content=\"es_ES\" \/>\n<meta property=\"og:type\" content=\"article\" \/>\n<meta property=\"og:title\" content=\"enwitec Caja de distribuci\u00f3n para el sistema SYMO GEN24 Plus &quot;Full Backup&quot; de Fronius Italia - 30kW, 3PH 230\/400V - 10015842 - greenLink orchestrating energy flows | enwitec electronic GmbH | LinQ Europe Sp. z o.o.\" \/>\n<meta property=\"og:url\" content=\"https:\/\/greenlink.technology\/es\/produkt\/enwitec-caja-de-distribucion-para-el-sistema-symo-gen24-plus-full-backup-de-fronius-italia-30kw-3ph-230-400v-10015842\/\" \/>\n<meta property=\"og:site_name\" content=\"greenLink orchestrating energy flows | enwitec electronic GmbH | LinQ Europe Sp. z o.o.\" \/>\n<meta property=\"og:image\" content=\"https:\/\/linqeurope.pl\/wp-content\/uploads\/2025\/02\/10015842_front.png\" \/>\n\t<meta property=\"og:image:width\" content=\"500\" \/>\n\t<meta property=\"og:image:height\" content=\"500\" \/>\n\t<meta property=\"og:image:type\" content=\"image\/png\" \/>\n<meta name=\"twitter:card\" content=\"summary_large_image\" \/>\n<script type=\"application\/ld+json\" class=\"yoast-schema-graph\">{\"@context\":\"https:\\\/\\\/schema.org\",\"@graph\":[{\"@type\":\"WebPage\",\"@id\":\"https:\\\/\\\/greenlink.technology\\\/es\\\/produkt\\\/enwitec-caja-de-distribucion-para-el-sistema-symo-gen24-plus-full-backup-de-fronius-italia-30kw-3ph-230-400v-10015842\\\/\",\"url\":\"https:\\\/\\\/greenlink.technology\\\/es\\\/produkt\\\/enwitec-caja-de-distribucion-para-el-sistema-symo-gen24-plus-full-backup-de-fronius-italia-30kw-3ph-230-400v-10015842\\\/\",\"name\":\"enwitec Caja de distribuci\u00f3n para el sistema SYMO GEN24 Plus \\\"Full Backup\\\" de Fronius Italia - 30kW, 3PH 230\\\/400V - 10015842 - greenLink orchestrating energy flows | enwitec electronic GmbH | LinQ Europe Sp. z o.o.\",\"isPartOf\":{\"@id\":\"https:\\\/\\\/enwitec.eu\\\/en\\\/#website\"},\"primaryImageOfPage\":{\"@id\":\"https:\\\/\\\/greenlink.technology\\\/es\\\/produkt\\\/enwitec-caja-de-distribucion-para-el-sistema-symo-gen24-plus-full-backup-de-fronius-italia-30kw-3ph-230-400v-10015842\\\/#primaryimage\"},\"image\":{\"@id\":\"https:\\\/\\\/greenlink.technology\\\/es\\\/produkt\\\/enwitec-caja-de-distribucion-para-el-sistema-symo-gen24-plus-full-backup-de-fronius-italia-30kw-3ph-230-400v-10015842\\\/#primaryimage\"},\"thumbnailUrl\":\"https:\\\/\\\/greenlink.technology\\\/wp-content\\\/uploads\\\/2025\\\/02\\\/10015842_front.png\",\"datePublished\":\"2024-03-05T06:17:01+00:00\",\"breadcrumb\":{\"@id\":\"https:\\\/\\\/greenlink.technology\\\/es\\\/produkt\\\/enwitec-caja-de-distribucion-para-el-sistema-symo-gen24-plus-full-backup-de-fronius-italia-30kw-3ph-230-400v-10015842\\\/#breadcrumb\"},\"inLanguage\":\"es\",\"potentialAction\":[{\"@type\":\"ReadAction\",\"target\":[\"https:\\\/\\\/greenlink.technology\\\/es\\\/produkt\\\/enwitec-caja-de-distribucion-para-el-sistema-symo-gen24-plus-full-backup-de-fronius-italia-30kw-3ph-230-400v-10015842\\\/\"]}]},{\"@type\":\"ImageObject\",\"inLanguage\":\"es\",\"@id\":\"https:\\\/\\\/greenlink.technology\\\/es\\\/produkt\\\/enwitec-caja-de-distribucion-para-el-sistema-symo-gen24-plus-full-backup-de-fronius-italia-30kw-3ph-230-400v-10015842\\\/#primaryimage\",\"url\":\"https:\\\/\\\/greenlink.technology\\\/wp-content\\\/uploads\\\/2025\\\/02\\\/10015842_front.png\",\"contentUrl\":\"https:\\\/\\\/greenlink.technology\\\/wp-content\\\/uploads\\\/2025\\\/02\\\/10015842_front.png\",\"width\":500,\"height\":500},{\"@type\":\"BreadcrumbList\",\"@id\":\"https:\\\/\\\/greenlink.technology\\\/es\\\/produkt\\\/enwitec-caja-de-distribucion-para-el-sistema-symo-gen24-plus-full-backup-de-fronius-italia-30kw-3ph-230-400v-10015842\\\/#breadcrumb\",\"itemListElement\":[{\"@type\":\"ListItem\",\"position\":1,\"name\":\"Startseite\",\"item\":\"https:\\\/\\\/enwitec.eu\\\/es\\\/\"},{\"@type\":\"ListItem\",\"position\":2,\"name\":\"Productos\",\"item\":\"https:\\\/\\\/greenlink.technology\\\/es\\\/sobre-nosotros\\\/la-empresa\\\/enwitec\\\/productos\\\/\"},{\"@type\":\"ListItem\",\"position\":3,\"name\":\"enwitec Caja de distribuci\u00f3n para el sistema SYMO GEN24 Plus &#8220;Full Backup&#8221; de Fronius Italia &#8211; 30kW, 3PH 230\\\/400V &#8211; 10015842\"}]},{\"@type\":\"WebSite\",\"@id\":\"https:\\\/\\\/enwitec.eu\\\/en\\\/#website\",\"url\":\"https:\\\/\\\/enwitec.eu\\\/en\\\/\",\"name\":\"greenLink orchestrating energy flows | enwitec electronic GmbH | LinQ Europe Sp. z o.o.\",\"description\":\"\",\"publisher\":{\"@id\":\"https:\\\/\\\/enwitec.eu\\\/en\\\/#organization\"},\"potentialAction\":[{\"@type\":\"SearchAction\",\"target\":{\"@type\":\"EntryPoint\",\"urlTemplate\":\"https:\\\/\\\/enwitec.eu\\\/en\\\/?s={search_term_string}\"},\"query-input\":{\"@type\":\"PropertyValueSpecification\",\"valueRequired\":true,\"valueName\":\"search_term_string\"}}],\"inLanguage\":\"es\"},{\"@type\":\"Organization\",\"@id\":\"https:\\\/\\\/enwitec.eu\\\/en\\\/#organization\",\"name\":\"greenLink orquestaci\u00f3n de flujos de energ\u00eda | enwitec electronic GmbH | LinQ Europe Sp. z o.o.\",\"url\":\"https:\\\/\\\/enwitec.eu\\\/en\\\/\",\"logo\":{\"@type\":\"ImageObject\",\"inLanguage\":\"es\",\"@id\":\"https:\\\/\\\/enwitec.eu\\\/en\\\/#\\\/schema\\\/logo\\\/image\\\/\",\"url\":\"https:\\\/\\\/greenlink.technology\\\/wp-content\\\/uploads\\\/2025\\\/01\\\/greenlink-logo-final.png\",\"contentUrl\":\"https:\\\/\\\/greenlink.technology\\\/wp-content\\\/uploads\\\/2025\\\/01\\\/greenlink-logo-final.png\",\"width\":2586,\"height\":629,\"caption\":\"greenLink orquestaci\u00f3n de flujos de energ\u00eda | enwitec electronic GmbH | LinQ Europe Sp. z o.o. \"},\"image\":{\"@id\":\"https:\\\/\\\/enwitec.eu\\\/en\\\/#\\\/schema\\\/logo\\\/image\\\/\"}}]}<\/script>\n<!-- \/ Yoast SEO plugin. -->","yoast_head_json":{"title":"enwitec Caja de distribuci\u00f3n para el sistema SYMO GEN24 Plus \"Full Backup\" de Fronius Italia - 30kW, 3PH 230\/400V - 10015842 - greenLink orchestrating energy flows | enwitec electronic GmbH | LinQ Europe Sp. z o.o.","robots":{"index":"index","follow":"follow","max-snippet":"max-snippet:-1","max-image-preview":"max-image-preview:large","max-video-preview":"max-video-preview:-1"},"canonical":"https:\/\/greenlink.technology\/es\/produkt\/enwitec-caja-de-distribucion-para-el-sistema-symo-gen24-plus-full-backup-de-fronius-italia-30kw-3ph-230-400v-10015842\/","og_locale":"es_ES","og_type":"article","og_title":"enwitec Caja de distribuci\u00f3n para el sistema SYMO GEN24 Plus \"Full Backup\" de Fronius Italia - 30kW, 3PH 230\/400V - 10015842 - greenLink orchestrating energy flows | enwitec electronic GmbH | LinQ Europe Sp. z o.o.","og_url":"https:\/\/greenlink.technology\/es\/produkt\/enwitec-caja-de-distribucion-para-el-sistema-symo-gen24-plus-full-backup-de-fronius-italia-30kw-3ph-230-400v-10015842\/","og_site_name":"greenLink orchestrating energy flows | enwitec electronic GmbH | LinQ Europe Sp. z o.o.","og_image":[{"width":500,"height":500,"url":"https:\/\/linqeurope.pl\/wp-content\/uploads\/2025\/02\/10015842_front.png","type":"image\/png"}],"twitter_card":"summary_large_image","schema":{"@context":"https:\/\/schema.org","@graph":[{"@type":"WebPage","@id":"https:\/\/greenlink.technology\/es\/produkt\/enwitec-caja-de-distribucion-para-el-sistema-symo-gen24-plus-full-backup-de-fronius-italia-30kw-3ph-230-400v-10015842\/","url":"https:\/\/greenlink.technology\/es\/produkt\/enwitec-caja-de-distribucion-para-el-sistema-symo-gen24-plus-full-backup-de-fronius-italia-30kw-3ph-230-400v-10015842\/","name":"enwitec Caja de distribuci\u00f3n para el sistema SYMO GEN24 Plus \"Full Backup\" de Fronius Italia - 30kW, 3PH 230\/400V - 10015842 - greenLink orchestrating energy flows | enwitec electronic GmbH | LinQ Europe Sp. z o.o.","isPartOf":{"@id":"https:\/\/enwitec.eu\/en\/#website"},"primaryImageOfPage":{"@id":"https:\/\/greenlink.technology\/es\/produkt\/enwitec-caja-de-distribucion-para-el-sistema-symo-gen24-plus-full-backup-de-fronius-italia-30kw-3ph-230-400v-10015842\/#primaryimage"},"image":{"@id":"https:\/\/greenlink.technology\/es\/produkt\/enwitec-caja-de-distribucion-para-el-sistema-symo-gen24-plus-full-backup-de-fronius-italia-30kw-3ph-230-400v-10015842\/#primaryimage"},"thumbnailUrl":"https:\/\/greenlink.technology\/wp-content\/uploads\/2025\/02\/10015842_front.png","datePublished":"2024-03-05T06:17:01+00:00","breadcrumb":{"@id":"https:\/\/greenlink.technology\/es\/produkt\/enwitec-caja-de-distribucion-para-el-sistema-symo-gen24-plus-full-backup-de-fronius-italia-30kw-3ph-230-400v-10015842\/#breadcrumb"},"inLanguage":"es","potentialAction":[{"@type":"ReadAction","target":["https:\/\/greenlink.technology\/es\/produkt\/enwitec-caja-de-distribucion-para-el-sistema-symo-gen24-plus-full-backup-de-fronius-italia-30kw-3ph-230-400v-10015842\/"]}]},{"@type":"ImageObject","inLanguage":"es","@id":"https:\/\/greenlink.technology\/es\/produkt\/enwitec-caja-de-distribucion-para-el-sistema-symo-gen24-plus-full-backup-de-fronius-italia-30kw-3ph-230-400v-10015842\/#primaryimage","url":"https:\/\/greenlink.technology\/wp-content\/uploads\/2025\/02\/10015842_front.png","contentUrl":"https:\/\/greenlink.technology\/wp-content\/uploads\/2025\/02\/10015842_front.png","width":500,"height":500},{"@type":"BreadcrumbList","@id":"https:\/\/greenlink.technology\/es\/produkt\/enwitec-caja-de-distribucion-para-el-sistema-symo-gen24-plus-full-backup-de-fronius-italia-30kw-3ph-230-400v-10015842\/#breadcrumb","itemListElement":[{"@type":"ListItem","position":1,"name":"Startseite","item":"https:\/\/enwitec.eu\/es\/"},{"@type":"ListItem","position":2,"name":"Productos","item":"https:\/\/greenlink.technology\/es\/sobre-nosotros\/la-empresa\/enwitec\/productos\/"},{"@type":"ListItem","position":3,"name":"enwitec Caja de distribuci\u00f3n para el sistema SYMO GEN24 Plus &#8220;Full Backup&#8221; de Fronius Italia &#8211; 30kW, 3PH 230\/400V &#8211; 10015842"}]},{"@type":"WebSite","@id":"https:\/\/enwitec.eu\/en\/#website","url":"https:\/\/enwitec.eu\/en\/","name":"greenLink orchestrating energy flows | enwitec electronic GmbH | LinQ Europe Sp. z o.o.","description":"","publisher":{"@id":"https:\/\/enwitec.eu\/en\/#organization"},"potentialAction":[{"@type":"SearchAction","target":{"@type":"EntryPoint","urlTemplate":"https:\/\/enwitec.eu\/en\/?s={search_term_string}"},"query-input":{"@type":"PropertyValueSpecification","valueRequired":true,"valueName":"search_term_string"}}],"inLanguage":"es"},{"@type":"Organization","@id":"https:\/\/enwitec.eu\/en\/#organization","name":"greenLink orquestaci\u00f3n de flujos de energ\u00eda | enwitec electronic GmbH | LinQ Europe Sp. z o.o.","url":"https:\/\/enwitec.eu\/en\/","logo":{"@type":"ImageObject","inLanguage":"es","@id":"https:\/\/enwitec.eu\/en\/#\/schema\/logo\/image\/","url":"https:\/\/greenlink.technology\/wp-content\/uploads\/2025\/01\/greenlink-logo-final.png","contentUrl":"https:\/\/greenlink.technology\/wp-content\/uploads\/2025\/01\/greenlink-logo-final.png","width":2586,"height":629,"caption":"greenLink orquestaci\u00f3n de flujos de energ\u00eda | enwitec electronic GmbH | LinQ Europe Sp. z o.o. "},"image":{"@id":"https:\/\/enwitec.eu\/en\/#\/schema\/logo\/image\/"}}]}},"_links":{"self":[{"href":"https:\/\/greenlink.technology\/es\/wp-json\/wp\/v2\/product\/12373","targetHints":{"allow":["GET"]}}],"collection":[{"href":"https:\/\/greenlink.technology\/es\/wp-json\/wp\/v2\/product"}],"about":[{"href":"https:\/\/greenlink.technology\/es\/wp-json\/wp\/v2\/types\/product"}],"replies":[{"embeddable":true,"href":"https:\/\/greenlink.technology\/es\/wp-json\/wp\/v2\/comments?post=12373"}],"wp:featuredmedia":[{"embeddable":true,"href":"https:\/\/greenlink.technology\/es\/wp-json\/wp\/v2\/media\/12374"}],"wp:attachment":[{"href":"https:\/\/greenlink.technology\/es\/wp-json\/wp\/v2\/media?parent=12373"}],"wp:term":[{"taxonomy":"anwendung","embeddable":true,"href":"https:\/\/greenlink.technology\/es\/wp-json\/wp\/v2\/anwendung?post=12373"},{"taxonomy":"product_brand","embeddable":true,"href":"https:\/\/greenlink.technology\/es\/wp-json\/wp\/v2\/product_brand?post=12373"},{"taxonomy":"product_cat","embeddable":true,"href":"https:\/\/greenlink.technology\/es\/wp-json\/wp\/v2\/product_cat?post=12373"},{"taxonomy":"product_tag","embeddable":true,"href":"https:\/\/greenlink.technology\/es\/wp-json\/wp\/v2\/product_tag?post=12373"}],"curies":[{"name":"wp","href":"https:\/\/api.w.org\/{rel}","templated":true}]}}