{"id":11885,"date":"2024-03-04T15:54:13","date_gmt":"2024-03-04T14:54:13","guid":{"rendered":"https:\/\/greenlink.technology\/produkt\/enwitec-caja-de-interruptores-de-red-para-el-sistema-fronius-symo-gen24-plus-full-backup-omnipolar-para-grandes-sistemas-fv-10016114\/"},"modified":"2026-01-21T08:53:20","modified_gmt":"2026-01-21T07:53:20","slug":"enwitec-caja-de-interruptores-de-red-para-el-sistema-fronius-symo-gen24-plus-full-backup-omnipolar-para-grandes-sistemas-fv-10016114","status":"publish","type":"product","link":"https:\/\/greenlink.technology\/es\/produkt\/enwitec-caja-de-interruptores-de-red-para-el-sistema-fronius-symo-gen24-plus-full-backup-omnipolar-para-grandes-sistemas-fv-10016114\/","title":{"rendered":"enwitec Caja de interruptores de red para el sistema Fronius SYMO GEN24 Plus \u00abFull Backup\u00bb &#8211; omnipolar &#8211; para grandes sistemas FV &#8211; 10016114"},"content":{"rendered":"","protected":false},"excerpt":{"rendered":"","protected":false},"featured_media":11886,"comment_status":"closed","ping_status":"closed","template":"","meta":{"_acf_changed":false},"anwendung":[],"product_brand":[264],"product_cat":[341],"product_tag":[1180,384,382,383,485],"class_list":{"0":"post-11885","1":"product","2":"type-product","3":"status-publish","4":"has-post-thumbnail","6":"product_brand-enwitec","7":"product_cat-cajas-de-conmutacion-de-red-en-la-red","8":"product_tag-10016114-es","9":"product_tag-dispositivo-de-cambio","10":"product_tag-dispositivos-de-conmutacion-de-red","11":"product_tag-en-la-red","12":"product_tag-fronius-symo-gen24-es","13":"pa_laenderfreigabe-ch-es","14":"pa_laenderfreigabe-es-es","15":"pa_max-durchgangsleistung-0-30-kw-es","16":"pa_nf-a-netzanschlusspunkt-tn-c-es","17":"pa_nf-a-netzanschlusspunkt-tn-s-es","18":"pa_nf-a-netzanschlusspunkt-tt-es","19":"pa_nf-i-d-verbraucheranlage-tn-s-es","20":"pa_nf-i-d-verbraucheranlage-tt-es","21":"pa_umschaltung-automatico","22":"pa_wechselrichter-fronius-gen24-plus-es","24":"first","25":"instock","26":"shipping-taxable","27":"product-type-simple"},"acf":{"product_informations":"<strong>Caja de interruptores de red 3AC 230\/400V 50Hz<\/strong>\n- Fusible de conexi\u00f3n m\u00e1x. 63A\n- Desconexi\u00f3n omnipolar -Redes TN(C)-S\/TN-S\/TT\n- \u00a1Ninguna red TN-C en la instalaci\u00f3n del cliente!\n- Para instalaciones FV SIN requisito FRT (Fault Ride Through) \n\n<strong>adecuado para<\/strong>\nFRONIUS - Symo GEN24 6.0 Plus\/8.0 Plus\/10.0 Plus\/12.0 SC Plus\n\nDisponibilidad por pa\u00edses: Alemania, Suiza\n\n- SIN Fronius SMART METER integrado\n\n- Adecuado para sistemas FV >30kW y\/o fusibles de conexi\u00f3n dom\u00e9stica >63A\n- Posibilidad de integraci\u00f3n de contador de generaci\u00f3n y\/o protecci\u00f3n NA\n- En principio, \u00a1la caja de conmutaci\u00f3n de red puede integrarse en cualquier sistema FV de mayor tama\u00f1o! Ver esquema de conexiones con entorno de cableado \n\nSi desea m\u00e1s informaci\u00f3n t\u00e9cnica, descargue la documentaci\u00f3n.\n\n<strong>Nota<\/strong>\nMatchcode: 3PH_FRO_BBDAP_20KW_3PH_SPL","technical_data":"<div class=\"stammdaten-col\">\n<div class=\"line\">\n<div class=\"stammdaten-col\">\n<div class=\"line\">\n<p class=\"system-stammdaten-left\">N\u00ba de art\u00edculo: 10016114\n<span style=\"font-size: inherit;\">Compatible con: <\/span><span style=\"font-size: inherit;\">Fronius\n<\/span><span style=\"font-size: inherit;\">Fases:<\/span> <span style=\"font-size: inherit;\">trif\u00e1sica\n<\/span><span style=\"font-size: inherit;\">Desconexi\u00f3n de red:<\/span> <span style=\"font-size: inherit;\">omnipolar<\/span><span style=\"font-size: inherit;\">\n<\/span><span style=\"font-size: inherit;\">Rendimiento t\u00e9rmico m\u00e1ximo:  <\/span><span style=\"font-size: inherit;\">20 kW\n<\/span><span style=\"font-size: inherit;\">(no se requiere una mayor potencia de paso debido al concepto)\n<\/span><span style=\"font-size: inherit;\">C\u00f3digo de pa\u00eds: Alemania,<\/span><span style=\"font-size: inherit;\"> Suiza\n<\/span><span style=\"font-size: inherit;\">Protecci\u00f3n NA: <\/span><span style=\"font-size: inherit;\">no\n<\/span><span style=\"font-size: inherit;\">Interruptor de origen: <\/span><span style=\"font-size: inherit;\">no\n<\/span><span style=\"font-size: inherit;\">Tensi\u00f3n nominal <\/span><span style=\"font-size: inherit;\">230\/400V\n<\/span><span style=\"font-size: inherit;\">Frecuencia nominal: <\/span><span style=\"font-size: inherit;\">50\/60 Hz\n<\/span><span style=\"font-size: inherit;\">Corriente de cortocircuito:<\/span> <span style=\"font-size: inherit;\">10 kA<\/span><span style=\"font-size: inherit;\">M\u00e1x. Fusible de reserva para caja de distribuci\u00f3n:  <\/span><span style=\"font-size: inherit;\">63 A\n<\/span><span style=\"font-size: inherit;\">Temperatura de funcionamiento: -5\u00b0C a +40\u00b0C<\/span><span style=\"font-size: inherit;\">\n<\/span><span style=\"font-size: inherit;\">Humedad: del 5% al 95%.<\/span><span style=\"font-size: inherit;\">\n<\/span><span style=\"font-size: inherit;\">Clase de protecci\u00f3n: II<\/span><span style=\"font-size: inherit;\">\n<\/span><span style=\"font-size: inherit;\">Dimensiones An x Al x Fo: 448 x 610 x 161 mm<\/span><span style=\"font-size: inherit;\">\n<\/span><span style=\"font-size: inherit;\">Peso: <\/span><span style=\"font-size: inherit;\">9 kg\n<\/span><span style=\"font-size: inherit;\">Carcasa: Policarbonato<\/span><\/p>\n\n<\/div>\n<\/div>\n<\/div>\n<\/div>","download":"<a href=\"https:\/\/greenlink.technology\/wp-content\/uploads\/2025\/11\/10016114-DE_DAT_3PH_FRO_BBDAP_20KW_3PH_SPL-a.pdf\" target=\"_blank\" rel=\"noopener\">Hoja de datos DE\n<\/a><a href=\"https:\/\/greenlink.technology\/wp-content\/uploads\/2025\/04\/2024_05_07_Auswahlhilfe-Fronius-Netzumschaltboxen_AUT-2.pdf\" target=\"_blank\" rel=\"noopener\">Ayuda para la selecci\u00f3n AT\n<\/a><a href=\"https:\/\/greenlink.technology\/wp-content\/uploads\/2025\/04\/2023_07_25_Auswahlhilfe-Fronius-Netzumschaltboxen_DE-3.pdf\" target=\"_blank\" rel=\"noopener\">Ayuda para la selecci\u00f3n DE\n<\/a><a href=\"https:\/\/greenlink.technology\/wp-content\/uploads\/2025\/04\/2023_07_25_Auswahlhilfe-Fronius-Netzumschaltboxen_CH-3.pdf\" target=\"_blank\" rel=\"noopener\">Ayuda para la selecci\u00f3n CH\n<\/a><a href=\"https:\/\/greenlink.technology\/wp-content\/uploads\/2025\/11\/10019896_DE_EN_HB_Inst.-Anleitung-Fronius-IP-a.pdf\" target=\"_blank\" rel=\"noopener\">Instrucciones de instalaci\u00f3n<\/a>","product_short_description":"Inversor: Fronius GEN24 Plus\nHomologaci\u00f3n del pa\u00eds: Alemania, Suiza\nPotencia t\u00e9rmica m\u00e1xima: 20 kW\nConmutaci\u00f3n: autom\u00e1tica\nTipo de red en el punto de conexi\u00f3n a la red: TN-S, TT, TN-C\nTipo de red en el sistema consumidor: TN-S, TT ","photo_gallery":{"galerie_produkte":[[]]}},"yoast_head":"<!-- This site is optimized with the Yoast SEO plugin v27.3 - https:\/\/yoast.com\/product\/yoast-seo-wordpress\/ -->\n<title>enwitec Caja de interruptores de red para el sistema Fronius SYMO GEN24 Plus \u00abFull Backup\u00bb - omnipolar - para grandes sistemas FV - 10016114 - greenLink orchestrating energy flows | enwitec electronic GmbH | LinQ Europe Sp. z o.o.<\/title>\n<meta name=\"robots\" content=\"index, follow, max-snippet:-1, max-image-preview:large, max-video-preview:-1\" \/>\n<link rel=\"canonical\" href=\"https:\/\/greenlink.technology\/es\/produkt\/enwitec-caja-de-interruptores-de-red-para-el-sistema-fronius-symo-gen24-plus-full-backup-omnipolar-para-grandes-sistemas-fv-10016114\/\" \/>\n<meta property=\"og:locale\" content=\"es_ES\" \/>\n<meta property=\"og:type\" content=\"article\" \/>\n<meta property=\"og:title\" content=\"enwitec Caja de interruptores de red para el sistema Fronius SYMO GEN24 Plus \u00abFull Backup\u00bb - omnipolar - para grandes sistemas FV - 10016114 - greenLink orchestrating energy flows | enwitec electronic GmbH | LinQ Europe Sp. z o.o.\" \/>\n<meta property=\"og:url\" content=\"https:\/\/greenlink.technology\/es\/produkt\/enwitec-caja-de-interruptores-de-red-para-el-sistema-fronius-symo-gen24-plus-full-backup-omnipolar-para-grandes-sistemas-fv-10016114\/\" \/>\n<meta property=\"og:site_name\" content=\"greenLink orchestrating energy flows | enwitec electronic GmbH | LinQ Europe Sp. z o.o.\" \/>\n<meta property=\"article:modified_time\" content=\"2026-01-21T07:53:20+00:00\" \/>\n<meta property=\"og:image\" content=\"https:\/\/greenlink.technology\/wp-content\/uploads\/2025\/02\/10016114_front.png\" \/>\n\t<meta property=\"og:image:width\" content=\"500\" \/>\n\t<meta property=\"og:image:height\" content=\"500\" \/>\n\t<meta property=\"og:image:type\" content=\"image\/png\" \/>\n<meta name=\"twitter:card\" content=\"summary_large_image\" \/>\n<script type=\"application\/ld+json\" class=\"yoast-schema-graph\">{\"@context\":\"https:\\\/\\\/schema.org\",\"@graph\":[{\"@type\":\"WebPage\",\"@id\":\"https:\\\/\\\/greenlink.technology\\\/es\\\/produkt\\\/enwitec-caja-de-interruptores-de-red-para-el-sistema-fronius-symo-gen24-plus-full-backup-omnipolar-para-grandes-sistemas-fv-10016114\\\/\",\"url\":\"https:\\\/\\\/greenlink.technology\\\/es\\\/produkt\\\/enwitec-caja-de-interruptores-de-red-para-el-sistema-fronius-symo-gen24-plus-full-backup-omnipolar-para-grandes-sistemas-fv-10016114\\\/\",\"name\":\"enwitec Caja de interruptores de red para el sistema Fronius SYMO GEN24 Plus \u00abFull Backup\u00bb - omnipolar - para grandes sistemas FV - 10016114 - greenLink orchestrating energy flows | enwitec electronic GmbH | LinQ Europe Sp. z o.o.\",\"isPartOf\":{\"@id\":\"https:\\\/\\\/enwitec.eu\\\/en\\\/#website\"},\"primaryImageOfPage\":{\"@id\":\"https:\\\/\\\/greenlink.technology\\\/es\\\/produkt\\\/enwitec-caja-de-interruptores-de-red-para-el-sistema-fronius-symo-gen24-plus-full-backup-omnipolar-para-grandes-sistemas-fv-10016114\\\/#primaryimage\"},\"image\":{\"@id\":\"https:\\\/\\\/greenlink.technology\\\/es\\\/produkt\\\/enwitec-caja-de-interruptores-de-red-para-el-sistema-fronius-symo-gen24-plus-full-backup-omnipolar-para-grandes-sistemas-fv-10016114\\\/#primaryimage\"},\"thumbnailUrl\":\"https:\\\/\\\/greenlink.technology\\\/wp-content\\\/uploads\\\/2025\\\/02\\\/10016114_front.png\",\"datePublished\":\"2024-03-04T14:54:13+00:00\",\"dateModified\":\"2026-01-21T07:53:20+00:00\",\"breadcrumb\":{\"@id\":\"https:\\\/\\\/greenlink.technology\\\/es\\\/produkt\\\/enwitec-caja-de-interruptores-de-red-para-el-sistema-fronius-symo-gen24-plus-full-backup-omnipolar-para-grandes-sistemas-fv-10016114\\\/#breadcrumb\"},\"inLanguage\":\"es\",\"potentialAction\":[{\"@type\":\"ReadAction\",\"target\":[\"https:\\\/\\\/greenlink.technology\\\/es\\\/produkt\\\/enwitec-caja-de-interruptores-de-red-para-el-sistema-fronius-symo-gen24-plus-full-backup-omnipolar-para-grandes-sistemas-fv-10016114\\\/\"]}]},{\"@type\":\"ImageObject\",\"inLanguage\":\"es\",\"@id\":\"https:\\\/\\\/greenlink.technology\\\/es\\\/produkt\\\/enwitec-caja-de-interruptores-de-red-para-el-sistema-fronius-symo-gen24-plus-full-backup-omnipolar-para-grandes-sistemas-fv-10016114\\\/#primaryimage\",\"url\":\"https:\\\/\\\/greenlink.technology\\\/wp-content\\\/uploads\\\/2025\\\/02\\\/10016114_front.png\",\"contentUrl\":\"https:\\\/\\\/greenlink.technology\\\/wp-content\\\/uploads\\\/2025\\\/02\\\/10016114_front.png\",\"width\":500,\"height\":500},{\"@type\":\"BreadcrumbList\",\"@id\":\"https:\\\/\\\/greenlink.technology\\\/es\\\/produkt\\\/enwitec-caja-de-interruptores-de-red-para-el-sistema-fronius-symo-gen24-plus-full-backup-omnipolar-para-grandes-sistemas-fv-10016114\\\/#breadcrumb\",\"itemListElement\":[{\"@type\":\"ListItem\",\"position\":1,\"name\":\"Startseite\",\"item\":\"https:\\\/\\\/enwitec.eu\\\/es\\\/\"},{\"@type\":\"ListItem\",\"position\":2,\"name\":\"Productos\",\"item\":\"https:\\\/\\\/greenlink.technology\\\/es\\\/sobre-nosotros\\\/la-empresa\\\/enwitec\\\/productos\\\/\"},{\"@type\":\"ListItem\",\"position\":3,\"name\":\"enwitec Caja de interruptores de red para el sistema Fronius SYMO GEN24 Plus \u00abFull Backup\u00bb &#8211; omnipolar &#8211; para grandes sistemas FV &#8211; 10016114\"}]},{\"@type\":\"WebSite\",\"@id\":\"https:\\\/\\\/enwitec.eu\\\/en\\\/#website\",\"url\":\"https:\\\/\\\/enwitec.eu\\\/en\\\/\",\"name\":\"greenLink orchestrating energy flows | enwitec electronic GmbH | LinQ Europe Sp. z o.o.\",\"description\":\"\",\"publisher\":{\"@id\":\"https:\\\/\\\/enwitec.eu\\\/en\\\/#organization\"},\"potentialAction\":[{\"@type\":\"SearchAction\",\"target\":{\"@type\":\"EntryPoint\",\"urlTemplate\":\"https:\\\/\\\/enwitec.eu\\\/en\\\/?s={search_term_string}\"},\"query-input\":{\"@type\":\"PropertyValueSpecification\",\"valueRequired\":true,\"valueName\":\"search_term_string\"}}],\"inLanguage\":\"es\"},{\"@type\":\"Organization\",\"@id\":\"https:\\\/\\\/enwitec.eu\\\/en\\\/#organization\",\"name\":\"greenLink orquestaci\u00f3n de flujos de energ\u00eda | enwitec electronic GmbH | LinQ Europe Sp. z o.o.\",\"url\":\"https:\\\/\\\/enwitec.eu\\\/en\\\/\",\"logo\":{\"@type\":\"ImageObject\",\"inLanguage\":\"es\",\"@id\":\"https:\\\/\\\/enwitec.eu\\\/en\\\/#\\\/schema\\\/logo\\\/image\\\/\",\"url\":\"https:\\\/\\\/greenlink.technology\\\/wp-content\\\/uploads\\\/2025\\\/01\\\/greenlink-logo-final.png\",\"contentUrl\":\"https:\\\/\\\/greenlink.technology\\\/wp-content\\\/uploads\\\/2025\\\/01\\\/greenlink-logo-final.png\",\"width\":2586,\"height\":629,\"caption\":\"greenLink orquestaci\u00f3n de flujos de energ\u00eda | enwitec electronic GmbH | LinQ Europe Sp. z o.o. \"},\"image\":{\"@id\":\"https:\\\/\\\/enwitec.eu\\\/en\\\/#\\\/schema\\\/logo\\\/image\\\/\"}}]}<\/script>\n<!-- \/ Yoast SEO plugin. -->","yoast_head_json":{"title":"enwitec Caja de interruptores de red para el sistema Fronius SYMO GEN24 Plus \u00abFull Backup\u00bb - omnipolar - para grandes sistemas FV - 10016114 - greenLink orchestrating energy flows | enwitec electronic GmbH | LinQ Europe Sp. z o.o.","robots":{"index":"index","follow":"follow","max-snippet":"max-snippet:-1","max-image-preview":"max-image-preview:large","max-video-preview":"max-video-preview:-1"},"canonical":"https:\/\/greenlink.technology\/es\/produkt\/enwitec-caja-de-interruptores-de-red-para-el-sistema-fronius-symo-gen24-plus-full-backup-omnipolar-para-grandes-sistemas-fv-10016114\/","og_locale":"es_ES","og_type":"article","og_title":"enwitec Caja de interruptores de red para el sistema Fronius SYMO GEN24 Plus \u00abFull Backup\u00bb - omnipolar - para grandes sistemas FV - 10016114 - greenLink orchestrating energy flows | enwitec electronic GmbH | LinQ Europe Sp. z o.o.","og_url":"https:\/\/greenlink.technology\/es\/produkt\/enwitec-caja-de-interruptores-de-red-para-el-sistema-fronius-symo-gen24-plus-full-backup-omnipolar-para-grandes-sistemas-fv-10016114\/","og_site_name":"greenLink orchestrating energy flows | enwitec electronic GmbH | LinQ Europe Sp. z o.o.","article_modified_time":"2026-01-21T07:53:20+00:00","og_image":[{"width":500,"height":500,"url":"https:\/\/greenlink.technology\/wp-content\/uploads\/2025\/02\/10016114_front.png","type":"image\/png"}],"twitter_card":"summary_large_image","schema":{"@context":"https:\/\/schema.org","@graph":[{"@type":"WebPage","@id":"https:\/\/greenlink.technology\/es\/produkt\/enwitec-caja-de-interruptores-de-red-para-el-sistema-fronius-symo-gen24-plus-full-backup-omnipolar-para-grandes-sistemas-fv-10016114\/","url":"https:\/\/greenlink.technology\/es\/produkt\/enwitec-caja-de-interruptores-de-red-para-el-sistema-fronius-symo-gen24-plus-full-backup-omnipolar-para-grandes-sistemas-fv-10016114\/","name":"enwitec Caja de interruptores de red para el sistema Fronius SYMO GEN24 Plus \u00abFull Backup\u00bb - omnipolar - para grandes sistemas FV - 10016114 - greenLink orchestrating energy flows | enwitec electronic GmbH | LinQ Europe Sp. z o.o.","isPartOf":{"@id":"https:\/\/enwitec.eu\/en\/#website"},"primaryImageOfPage":{"@id":"https:\/\/greenlink.technology\/es\/produkt\/enwitec-caja-de-interruptores-de-red-para-el-sistema-fronius-symo-gen24-plus-full-backup-omnipolar-para-grandes-sistemas-fv-10016114\/#primaryimage"},"image":{"@id":"https:\/\/greenlink.technology\/es\/produkt\/enwitec-caja-de-interruptores-de-red-para-el-sistema-fronius-symo-gen24-plus-full-backup-omnipolar-para-grandes-sistemas-fv-10016114\/#primaryimage"},"thumbnailUrl":"https:\/\/greenlink.technology\/wp-content\/uploads\/2025\/02\/10016114_front.png","datePublished":"2024-03-04T14:54:13+00:00","dateModified":"2026-01-21T07:53:20+00:00","breadcrumb":{"@id":"https:\/\/greenlink.technology\/es\/produkt\/enwitec-caja-de-interruptores-de-red-para-el-sistema-fronius-symo-gen24-plus-full-backup-omnipolar-para-grandes-sistemas-fv-10016114\/#breadcrumb"},"inLanguage":"es","potentialAction":[{"@type":"ReadAction","target":["https:\/\/greenlink.technology\/es\/produkt\/enwitec-caja-de-interruptores-de-red-para-el-sistema-fronius-symo-gen24-plus-full-backup-omnipolar-para-grandes-sistemas-fv-10016114\/"]}]},{"@type":"ImageObject","inLanguage":"es","@id":"https:\/\/greenlink.technology\/es\/produkt\/enwitec-caja-de-interruptores-de-red-para-el-sistema-fronius-symo-gen24-plus-full-backup-omnipolar-para-grandes-sistemas-fv-10016114\/#primaryimage","url":"https:\/\/greenlink.technology\/wp-content\/uploads\/2025\/02\/10016114_front.png","contentUrl":"https:\/\/greenlink.technology\/wp-content\/uploads\/2025\/02\/10016114_front.png","width":500,"height":500},{"@type":"BreadcrumbList","@id":"https:\/\/greenlink.technology\/es\/produkt\/enwitec-caja-de-interruptores-de-red-para-el-sistema-fronius-symo-gen24-plus-full-backup-omnipolar-para-grandes-sistemas-fv-10016114\/#breadcrumb","itemListElement":[{"@type":"ListItem","position":1,"name":"Startseite","item":"https:\/\/enwitec.eu\/es\/"},{"@type":"ListItem","position":2,"name":"Productos","item":"https:\/\/greenlink.technology\/es\/sobre-nosotros\/la-empresa\/enwitec\/productos\/"},{"@type":"ListItem","position":3,"name":"enwitec Caja de interruptores de red para el sistema Fronius SYMO GEN24 Plus \u00abFull Backup\u00bb &#8211; omnipolar &#8211; para grandes sistemas FV &#8211; 10016114"}]},{"@type":"WebSite","@id":"https:\/\/enwitec.eu\/en\/#website","url":"https:\/\/enwitec.eu\/en\/","name":"greenLink orchestrating energy flows | enwitec electronic GmbH | LinQ Europe Sp. z o.o.","description":"","publisher":{"@id":"https:\/\/enwitec.eu\/en\/#organization"},"potentialAction":[{"@type":"SearchAction","target":{"@type":"EntryPoint","urlTemplate":"https:\/\/enwitec.eu\/en\/?s={search_term_string}"},"query-input":{"@type":"PropertyValueSpecification","valueRequired":true,"valueName":"search_term_string"}}],"inLanguage":"es"},{"@type":"Organization","@id":"https:\/\/enwitec.eu\/en\/#organization","name":"greenLink orquestaci\u00f3n de flujos de energ\u00eda | enwitec electronic GmbH | LinQ Europe Sp. z o.o.","url":"https:\/\/enwitec.eu\/en\/","logo":{"@type":"ImageObject","inLanguage":"es","@id":"https:\/\/enwitec.eu\/en\/#\/schema\/logo\/image\/","url":"https:\/\/greenlink.technology\/wp-content\/uploads\/2025\/01\/greenlink-logo-final.png","contentUrl":"https:\/\/greenlink.technology\/wp-content\/uploads\/2025\/01\/greenlink-logo-final.png","width":2586,"height":629,"caption":"greenLink orquestaci\u00f3n de flujos de energ\u00eda | enwitec electronic GmbH | LinQ Europe Sp. z o.o. "},"image":{"@id":"https:\/\/enwitec.eu\/en\/#\/schema\/logo\/image\/"}}]}},"_links":{"self":[{"href":"https:\/\/greenlink.technology\/es\/wp-json\/wp\/v2\/product\/11885","targetHints":{"allow":["GET"]}}],"collection":[{"href":"https:\/\/greenlink.technology\/es\/wp-json\/wp\/v2\/product"}],"about":[{"href":"https:\/\/greenlink.technology\/es\/wp-json\/wp\/v2\/types\/product"}],"replies":[{"embeddable":true,"href":"https:\/\/greenlink.technology\/es\/wp-json\/wp\/v2\/comments?post=11885"}],"wp:featuredmedia":[{"embeddable":true,"href":"https:\/\/greenlink.technology\/es\/wp-json\/wp\/v2\/media\/11886"}],"wp:attachment":[{"href":"https:\/\/greenlink.technology\/es\/wp-json\/wp\/v2\/media?parent=11885"}],"wp:term":[{"taxonomy":"anwendung","embeddable":true,"href":"https:\/\/greenlink.technology\/es\/wp-json\/wp\/v2\/anwendung?post=11885"},{"taxonomy":"product_brand","embeddable":true,"href":"https:\/\/greenlink.technology\/es\/wp-json\/wp\/v2\/product_brand?post=11885"},{"taxonomy":"product_cat","embeddable":true,"href":"https:\/\/greenlink.technology\/es\/wp-json\/wp\/v2\/product_cat?post=11885"},{"taxonomy":"product_tag","embeddable":true,"href":"https:\/\/greenlink.technology\/es\/wp-json\/wp\/v2\/product_tag?post=11885"}],"curies":[{"name":"wp","href":"https:\/\/api.w.org\/{rel}","templated":true}]}}