{"id":11376,"date":"2024-03-04T09:25:46","date_gmt":"2024-03-04T08:25:46","guid":{"rendered":"https:\/\/greenlink.technology\/produkt\/caja-de-conmutacion-de-energia-enwitec-para-el-sistema-fronius-symo-gen24-plus-full-backup-20kw-tripolo-na-frt-10015584\/"},"modified":"2024-03-04T09:25:46","modified_gmt":"2024-03-04T08:25:46","slug":"caja-de-conmutacion-de-energia-enwitec-para-el-sistema-fronius-symo-gen24-plus-full-backup-20kw-tripolo-na-frt-10015584","status":"publish","type":"product","link":"https:\/\/greenlink.technology\/es\/produkt\/caja-de-conmutacion-de-energia-enwitec-para-el-sistema-fronius-symo-gen24-plus-full-backup-20kw-tripolo-na-frt-10015584\/","title":{"rendered":"Caja de conmutaci\u00f3n de energ\u00eda enwitec para el sistema Fronius SYMO GEN24 Plus &#8220;Full Backup&#8221; \u2013 20kW, tripolo, NA + FRT \u2013 10015584"},"content":{"rendered":"<div class=\"system-stammdaten\">\n<h2><\/h2>\n<p>&nbsp;<\/p>\n<\/div>\n","protected":false},"excerpt":{"rendered":"<p>&nbsp;<\/p>\n","protected":false},"featured_media":11377,"comment_status":"closed","ping_status":"closed","template":"","meta":{"_acf_changed":false},"anwendung":[],"product_brand":[264],"product_cat":[341],"product_tag":[1157,384,382,383,485],"class_list":{"0":"post-11376","1":"product","2":"type-product","3":"status-publish","4":"has-post-thumbnail","6":"product_brand-enwitec","7":"product_cat-cajas-de-conmutacion-de-red-en-la-red","8":"product_tag-10015584-es","9":"product_tag-dispositivo-de-cambio","10":"product_tag-dispositivos-de-conmutacion-de-red","11":"product_tag-en-la-red","12":"product_tag-fronius-symo-gen24-es","13":"pa_laenderfreigabe-en-es","14":"pa_max-durchgangsleistung-0-30-kw-es","15":"pa_nf-a-netzanschlusspunkt-tn-c-es","16":"pa_nf-i-d-verbraucheranlage-tn-s-es","17":"pa_umschaltung-automatico","18":"pa_wechselrichter-fronius-gen24-plus-es","20":"first","21":"instock","22":"shipping-taxable","23":"product-type-simple"},"acf":{"product_informations":"<strong>Caja de interruptores de red 3AC 230\/400V 50Hz<\/strong>\n\u2013 Fusible de conexi\u00f3n m\u00e1x. 63A\n\u2013 Aislamiento tripolar \u2013 Redes\n TN(C)-S\u2013 \u00a1No hay red TT!\n\u2013 \u00a1NO hay red TN-C en el sistema del cliente!\n\u2013 adecuado para sistemas fotovoltaicos <strong>CON requisito FRT (<\/strong> Fault Ride Through) \n\n<strong>Adecuado para<\/strong>\nFRONIUS \u2013 Symo H\u00edbrido 3.0-3-S\/4.0-3-S\/5.0-3-S\nFRONIUS \u2013 Symo GEN24 6.0 Plus\/8.0 Plus\/10.0 Plus\/12.0 SC Plus\n\nDisponibilidad por pa\u00eds: exclusivamente para Austria (+ coordinaci\u00f3n con el operador de red si se permite la separaci\u00f3n de tres polos y se requiere adicionalmente el Tele \"ENS\")\n\n\u2013 incl. Fronius SMART METER TS 65A-3\n \u2013 incl. protecci\u00f3n NA (\"ENS\") tipo \"Tele NA003-M64\" y terminales de desconexi\u00f3n de prueba  \n\nPara obtener m\u00e1s informaci\u00f3n t\u00e9cnica, descargue la documentaci\u00f3n.\n\n<strong>Nota<\/strong>\nC\u00f3digo del partido: 3PH_FRO_BBD3P_20KW_3PH_FRT_1.0_NA_Tele","technical_data":"<div class=\"stammdaten-col\">\n<div class=\"line\">\n<div class=\"stammdaten-col\">\n<div class=\"line\">\n<p class=\"system-stammdaten-left\">Art\u00edculo No.: 10015584\n<span style=\"font-size: inherit;\">Compatible con: <\/span><span style=\"font-size: inherit;\">Fronius\n<\/span><span style=\"font-size: inherit;\">Fases: <\/span><span style=\"font-size: inherit;\">3 fases\n<\/span><span style=\"font-size: inherit;\">Separaci\u00f3n de energ\u00eda: <\/span><span style=\"font-size: inherit;\">Tripolar<\/span><span style=\"font-size: inherit;\">\n<\/span><span style=\"font-size: inherit;\">Transmitancia t\u00e9rmica m\u00e1x.:   <\/span><span style=\"font-size: inherit;\">20 kW\n<\/span><span style=\"font-size: inherit;\">C\u00f3digo de pa\u00eds: <\/span><span style=\"font-size: inherit;\">Austria\n<\/span> <span style=\"font-size: inherit;\">NA protecci\u00f3n: <\/span><span style=\"font-size: inherit;\">s\u00ed Interruptor de\n<\/span> <span style=\"font-size: inherit;\">fuente: <\/span><span style=\"font-size: inherit;\">no\n<\/span> <span style=\"font-size: inherit;\">Tensi\u00f3n nominal: <\/span><span style=\"font-size: inherit;\">230\/400V\n<\/span> <span style=\"font-size: inherit;\">Frecuencia nominal: <\/span><span style=\"font-size: inherit;\">50\/60 Hz\n<\/span><span style=\"font-size: inherit;\">Corriente de cortocircuito: <\/span><span style=\"font-size: inherit;\">10 kA\n<\/span> <span style=\"font-size: inherit;\">Fusible: <\/span><span style=\"font-size: inherit;\">63 A\n<\/span><span style=\"font-size: inherit;\">Rango de temperatura de funcionamiento: -5 \u00b0C a +40 \u00b0C<\/span><span style=\"font-size: inherit;\">\n<\/span><span style=\"font-size: inherit;\">Humedad: 5% a 95%<\/span><span style=\"font-size: inherit;\">\n<\/span><span style=\"font-size: inherit;\">Clase de protecci\u00f3n: II<\/span><span style=\"font-size: inherit;\">\n<\/span><span style=\"font-size: inherit;\">Dimensiones ancho x alto x fondo: 448 x 622 x 161 mm<\/span><span style=\"font-size: inherit;\">\n<\/span><span style=\"font-size: inherit;\">Peso: <\/span><span style=\"font-size: inherit;\">12 kg\n<\/span><span style=\"font-size: inherit;\">Carcasa: Policarbonato<\/span><span style=\"font-size: inherit;\">\n<\/span><\/p>\n\n<\/div>\n<\/div>\n<\/div>\n<\/div>","download":"<a href=\"https:\/\/greenlink.technology\/wp-content\/uploads\/2025\/04\/10015584_Datenblatt_3PH_FRO_BBD3P_20KW_3PH_FRT_1.1_NA_Tele_2024_05_07.pdf\" target=\"_blank\" rel=\"noopener\">Ficha t\u00e9cnica ES<\/a>\n<a href=\"https:\/\/greenlink.technology\/wp-content\/uploads\/2025\/04\/2024_05_07_Auswahlhilfe-Fronius-Netzumschaltboxen_AUT-3.pdf\" target=\"_blank\" rel=\"noopener\">Gu\u00edas de selecci\u00f3n AT<\/a>\n<a href=\"https:\/\/greenlink.technology\/wp-content\/uploads\/2025\/04\/Allg_Installationsanleitung_10017760_Fronius-Netzumschaltboxen-DACH_V1.0_DE_2024_05_31-1-6.pdf\" target=\"_blank\" rel=\"noopener\">Instalaci\u00f3n<\/a>","product_short_description":"<strong>Inversor:<\/strong> Fronius GEN24 Plus\n<strong>Comunicado por pa\u00eds:<\/strong> Austria\n<strong>Transmitancia t\u00e9rmica m\u00e1x. : <\/strong> <span style=\"font-size: inherit;\">20-30 kW<\/span>\n<strong>Conmutaci\u00f3n: <\/strong>autom\u00e1tica\n<strong>Forma de la rejilla en el punto de conexi\u00f3n a la red: <\/strong>TN-C\n<strong>Forma de cuadr\u00edcula en el sistema de consumo: <\/strong>TN-S","photo_gallery":{"galerie_produkte":[[]]}},"yoast_head":"<!-- This site is optimized with the Yoast SEO plugin v27.3 - https:\/\/yoast.com\/product\/yoast-seo-wordpress\/ -->\n<title>Caja de conmutaci\u00f3n de energ\u00eda enwitec para el sistema Fronius SYMO GEN24 Plus &quot;Full Backup&quot; \u2013 20kW, tripolo, NA + FRT \u2013 10015584 - greenLink orchestrating energy flows | enwitec electronic GmbH | LinQ Europe Sp. z o.o.<\/title>\n<meta name=\"robots\" content=\"index, follow, max-snippet:-1, max-image-preview:large, max-video-preview:-1\" \/>\n<link rel=\"canonical\" href=\"https:\/\/greenlink.technology\/es\/produkt\/caja-de-conmutacion-de-energia-enwitec-para-el-sistema-fronius-symo-gen24-plus-full-backup-20kw-tripolo-na-frt-10015584\/\" \/>\n<meta property=\"og:locale\" content=\"es_ES\" \/>\n<meta property=\"og:type\" content=\"article\" \/>\n<meta property=\"og:title\" content=\"Caja de conmutaci\u00f3n de energ\u00eda enwitec para el sistema Fronius SYMO GEN24 Plus &quot;Full Backup&quot; \u2013 20kW, tripolo, NA + FRT \u2013 10015584 - greenLink orchestrating energy flows | enwitec electronic GmbH | LinQ Europe Sp. z o.o.\" \/>\n<meta property=\"og:description\" content=\"&nbsp;\" \/>\n<meta property=\"og:url\" content=\"https:\/\/greenlink.technology\/es\/produkt\/caja-de-conmutacion-de-energia-enwitec-para-el-sistema-fronius-symo-gen24-plus-full-backup-20kw-tripolo-na-frt-10015584\/\" \/>\n<meta property=\"og:site_name\" content=\"greenLink orchestrating energy flows | enwitec electronic GmbH | LinQ Europe Sp. z o.o.\" \/>\n<meta property=\"og:image\" content=\"https:\/\/enwitec.eu\/wp-content\/uploads\/2025\/02\/10015584_front.png\" \/>\n\t<meta property=\"og:image:width\" content=\"500\" \/>\n\t<meta property=\"og:image:height\" content=\"500\" \/>\n\t<meta property=\"og:image:type\" content=\"image\/png\" \/>\n<meta name=\"twitter:card\" content=\"summary_large_image\" \/>\n<script type=\"application\/ld+json\" class=\"yoast-schema-graph\">{\"@context\":\"https:\\\/\\\/schema.org\",\"@graph\":[{\"@type\":\"WebPage\",\"@id\":\"https:\\\/\\\/greenlink.technology\\\/es\\\/produkt\\\/caja-de-conmutacion-de-energia-enwitec-para-el-sistema-fronius-symo-gen24-plus-full-backup-20kw-tripolo-na-frt-10015584\\\/\",\"url\":\"https:\\\/\\\/greenlink.technology\\\/es\\\/produkt\\\/caja-de-conmutacion-de-energia-enwitec-para-el-sistema-fronius-symo-gen24-plus-full-backup-20kw-tripolo-na-frt-10015584\\\/\",\"name\":\"Caja de conmutaci\u00f3n de energ\u00eda enwitec para el sistema Fronius SYMO GEN24 Plus \\\"Full Backup\\\" \u2013 20kW, tripolo, NA + FRT \u2013 10015584 - greenLink orchestrating energy flows | enwitec electronic GmbH | LinQ Europe Sp. z o.o.\",\"isPartOf\":{\"@id\":\"https:\\\/\\\/enwitec.eu\\\/en\\\/#website\"},\"primaryImageOfPage\":{\"@id\":\"https:\\\/\\\/greenlink.technology\\\/es\\\/produkt\\\/caja-de-conmutacion-de-energia-enwitec-para-el-sistema-fronius-symo-gen24-plus-full-backup-20kw-tripolo-na-frt-10015584\\\/#primaryimage\"},\"image\":{\"@id\":\"https:\\\/\\\/greenlink.technology\\\/es\\\/produkt\\\/caja-de-conmutacion-de-energia-enwitec-para-el-sistema-fronius-symo-gen24-plus-full-backup-20kw-tripolo-na-frt-10015584\\\/#primaryimage\"},\"thumbnailUrl\":\"https:\\\/\\\/greenlink.technology\\\/wp-content\\\/uploads\\\/2025\\\/02\\\/10015584_front.png\",\"datePublished\":\"2024-03-04T08:25:46+00:00\",\"breadcrumb\":{\"@id\":\"https:\\\/\\\/greenlink.technology\\\/es\\\/produkt\\\/caja-de-conmutacion-de-energia-enwitec-para-el-sistema-fronius-symo-gen24-plus-full-backup-20kw-tripolo-na-frt-10015584\\\/#breadcrumb\"},\"inLanguage\":\"es\",\"potentialAction\":[{\"@type\":\"ReadAction\",\"target\":[\"https:\\\/\\\/greenlink.technology\\\/es\\\/produkt\\\/caja-de-conmutacion-de-energia-enwitec-para-el-sistema-fronius-symo-gen24-plus-full-backup-20kw-tripolo-na-frt-10015584\\\/\"]}]},{\"@type\":\"ImageObject\",\"inLanguage\":\"es\",\"@id\":\"https:\\\/\\\/greenlink.technology\\\/es\\\/produkt\\\/caja-de-conmutacion-de-energia-enwitec-para-el-sistema-fronius-symo-gen24-plus-full-backup-20kw-tripolo-na-frt-10015584\\\/#primaryimage\",\"url\":\"https:\\\/\\\/greenlink.technology\\\/wp-content\\\/uploads\\\/2025\\\/02\\\/10015584_front.png\",\"contentUrl\":\"https:\\\/\\\/greenlink.technology\\\/wp-content\\\/uploads\\\/2025\\\/02\\\/10015584_front.png\",\"width\":500,\"height\":500},{\"@type\":\"BreadcrumbList\",\"@id\":\"https:\\\/\\\/greenlink.technology\\\/es\\\/produkt\\\/caja-de-conmutacion-de-energia-enwitec-para-el-sistema-fronius-symo-gen24-plus-full-backup-20kw-tripolo-na-frt-10015584\\\/#breadcrumb\",\"itemListElement\":[{\"@type\":\"ListItem\",\"position\":1,\"name\":\"Startseite\",\"item\":\"https:\\\/\\\/enwitec.eu\\\/es\\\/\"},{\"@type\":\"ListItem\",\"position\":2,\"name\":\"Productos\",\"item\":\"https:\\\/\\\/greenlink.technology\\\/es\\\/sobre-nosotros\\\/la-empresa\\\/enwitec\\\/productos\\\/\"},{\"@type\":\"ListItem\",\"position\":3,\"name\":\"Caja de conmutaci\u00f3n de energ\u00eda enwitec para el sistema Fronius SYMO GEN24 Plus &#8220;Full Backup&#8221; \u2013 20kW, tripolo, NA + FRT \u2013 10015584\"}]},{\"@type\":\"WebSite\",\"@id\":\"https:\\\/\\\/enwitec.eu\\\/en\\\/#website\",\"url\":\"https:\\\/\\\/enwitec.eu\\\/en\\\/\",\"name\":\"greenLink orchestrating energy flows | enwitec electronic GmbH | LinQ Europe Sp. z o.o.\",\"description\":\"\",\"publisher\":{\"@id\":\"https:\\\/\\\/enwitec.eu\\\/en\\\/#organization\"},\"potentialAction\":[{\"@type\":\"SearchAction\",\"target\":{\"@type\":\"EntryPoint\",\"urlTemplate\":\"https:\\\/\\\/enwitec.eu\\\/en\\\/?s={search_term_string}\"},\"query-input\":{\"@type\":\"PropertyValueSpecification\",\"valueRequired\":true,\"valueName\":\"search_term_string\"}}],\"inLanguage\":\"es\"},{\"@type\":\"Organization\",\"@id\":\"https:\\\/\\\/enwitec.eu\\\/en\\\/#organization\",\"name\":\"greenLink orquestaci\u00f3n de flujos de energ\u00eda | enwitec electronic GmbH | LinQ Europe Sp. z o.o.\",\"url\":\"https:\\\/\\\/enwitec.eu\\\/en\\\/\",\"logo\":{\"@type\":\"ImageObject\",\"inLanguage\":\"es\",\"@id\":\"https:\\\/\\\/enwitec.eu\\\/en\\\/#\\\/schema\\\/logo\\\/image\\\/\",\"url\":\"https:\\\/\\\/greenlink.technology\\\/wp-content\\\/uploads\\\/2025\\\/01\\\/greenlink-logo-final.png\",\"contentUrl\":\"https:\\\/\\\/greenlink.technology\\\/wp-content\\\/uploads\\\/2025\\\/01\\\/greenlink-logo-final.png\",\"width\":2586,\"height\":629,\"caption\":\"greenLink orquestaci\u00f3n de flujos de energ\u00eda | enwitec electronic GmbH | LinQ Europe Sp. z o.o. \"},\"image\":{\"@id\":\"https:\\\/\\\/enwitec.eu\\\/en\\\/#\\\/schema\\\/logo\\\/image\\\/\"}}]}<\/script>\n<!-- \/ Yoast SEO plugin. -->","yoast_head_json":{"title":"Caja de conmutaci\u00f3n de energ\u00eda enwitec para el sistema Fronius SYMO GEN24 Plus \"Full Backup\" \u2013 20kW, tripolo, NA + FRT \u2013 10015584 - greenLink orchestrating energy flows | enwitec electronic GmbH | LinQ Europe Sp. z o.o.","robots":{"index":"index","follow":"follow","max-snippet":"max-snippet:-1","max-image-preview":"max-image-preview:large","max-video-preview":"max-video-preview:-1"},"canonical":"https:\/\/greenlink.technology\/es\/produkt\/caja-de-conmutacion-de-energia-enwitec-para-el-sistema-fronius-symo-gen24-plus-full-backup-20kw-tripolo-na-frt-10015584\/","og_locale":"es_ES","og_type":"article","og_title":"Caja de conmutaci\u00f3n de energ\u00eda enwitec para el sistema Fronius SYMO GEN24 Plus \"Full Backup\" \u2013 20kW, tripolo, NA + FRT \u2013 10015584 - greenLink orchestrating energy flows | enwitec electronic GmbH | LinQ Europe Sp. z o.o.","og_description":"&nbsp;","og_url":"https:\/\/greenlink.technology\/es\/produkt\/caja-de-conmutacion-de-energia-enwitec-para-el-sistema-fronius-symo-gen24-plus-full-backup-20kw-tripolo-na-frt-10015584\/","og_site_name":"greenLink orchestrating energy flows | enwitec electronic GmbH | LinQ Europe Sp. z o.o.","og_image":[{"width":500,"height":500,"url":"https:\/\/enwitec.eu\/wp-content\/uploads\/2025\/02\/10015584_front.png","type":"image\/png"}],"twitter_card":"summary_large_image","schema":{"@context":"https:\/\/schema.org","@graph":[{"@type":"WebPage","@id":"https:\/\/greenlink.technology\/es\/produkt\/caja-de-conmutacion-de-energia-enwitec-para-el-sistema-fronius-symo-gen24-plus-full-backup-20kw-tripolo-na-frt-10015584\/","url":"https:\/\/greenlink.technology\/es\/produkt\/caja-de-conmutacion-de-energia-enwitec-para-el-sistema-fronius-symo-gen24-plus-full-backup-20kw-tripolo-na-frt-10015584\/","name":"Caja de conmutaci\u00f3n de energ\u00eda enwitec para el sistema Fronius SYMO GEN24 Plus \"Full Backup\" \u2013 20kW, tripolo, NA + FRT \u2013 10015584 - greenLink orchestrating energy flows | enwitec electronic GmbH | LinQ Europe Sp. z o.o.","isPartOf":{"@id":"https:\/\/enwitec.eu\/en\/#website"},"primaryImageOfPage":{"@id":"https:\/\/greenlink.technology\/es\/produkt\/caja-de-conmutacion-de-energia-enwitec-para-el-sistema-fronius-symo-gen24-plus-full-backup-20kw-tripolo-na-frt-10015584\/#primaryimage"},"image":{"@id":"https:\/\/greenlink.technology\/es\/produkt\/caja-de-conmutacion-de-energia-enwitec-para-el-sistema-fronius-symo-gen24-plus-full-backup-20kw-tripolo-na-frt-10015584\/#primaryimage"},"thumbnailUrl":"https:\/\/greenlink.technology\/wp-content\/uploads\/2025\/02\/10015584_front.png","datePublished":"2024-03-04T08:25:46+00:00","breadcrumb":{"@id":"https:\/\/greenlink.technology\/es\/produkt\/caja-de-conmutacion-de-energia-enwitec-para-el-sistema-fronius-symo-gen24-plus-full-backup-20kw-tripolo-na-frt-10015584\/#breadcrumb"},"inLanguage":"es","potentialAction":[{"@type":"ReadAction","target":["https:\/\/greenlink.technology\/es\/produkt\/caja-de-conmutacion-de-energia-enwitec-para-el-sistema-fronius-symo-gen24-plus-full-backup-20kw-tripolo-na-frt-10015584\/"]}]},{"@type":"ImageObject","inLanguage":"es","@id":"https:\/\/greenlink.technology\/es\/produkt\/caja-de-conmutacion-de-energia-enwitec-para-el-sistema-fronius-symo-gen24-plus-full-backup-20kw-tripolo-na-frt-10015584\/#primaryimage","url":"https:\/\/greenlink.technology\/wp-content\/uploads\/2025\/02\/10015584_front.png","contentUrl":"https:\/\/greenlink.technology\/wp-content\/uploads\/2025\/02\/10015584_front.png","width":500,"height":500},{"@type":"BreadcrumbList","@id":"https:\/\/greenlink.technology\/es\/produkt\/caja-de-conmutacion-de-energia-enwitec-para-el-sistema-fronius-symo-gen24-plus-full-backup-20kw-tripolo-na-frt-10015584\/#breadcrumb","itemListElement":[{"@type":"ListItem","position":1,"name":"Startseite","item":"https:\/\/enwitec.eu\/es\/"},{"@type":"ListItem","position":2,"name":"Productos","item":"https:\/\/greenlink.technology\/es\/sobre-nosotros\/la-empresa\/enwitec\/productos\/"},{"@type":"ListItem","position":3,"name":"Caja de conmutaci\u00f3n de energ\u00eda enwitec para el sistema Fronius SYMO GEN24 Plus &#8220;Full Backup&#8221; \u2013 20kW, tripolo, NA + FRT \u2013 10015584"}]},{"@type":"WebSite","@id":"https:\/\/enwitec.eu\/en\/#website","url":"https:\/\/enwitec.eu\/en\/","name":"greenLink orchestrating energy flows | enwitec electronic GmbH | LinQ Europe Sp. z o.o.","description":"","publisher":{"@id":"https:\/\/enwitec.eu\/en\/#organization"},"potentialAction":[{"@type":"SearchAction","target":{"@type":"EntryPoint","urlTemplate":"https:\/\/enwitec.eu\/en\/?s={search_term_string}"},"query-input":{"@type":"PropertyValueSpecification","valueRequired":true,"valueName":"search_term_string"}}],"inLanguage":"es"},{"@type":"Organization","@id":"https:\/\/enwitec.eu\/en\/#organization","name":"greenLink orquestaci\u00f3n de flujos de energ\u00eda | enwitec electronic GmbH | LinQ Europe Sp. z o.o.","url":"https:\/\/enwitec.eu\/en\/","logo":{"@type":"ImageObject","inLanguage":"es","@id":"https:\/\/enwitec.eu\/en\/#\/schema\/logo\/image\/","url":"https:\/\/greenlink.technology\/wp-content\/uploads\/2025\/01\/greenlink-logo-final.png","contentUrl":"https:\/\/greenlink.technology\/wp-content\/uploads\/2025\/01\/greenlink-logo-final.png","width":2586,"height":629,"caption":"greenLink orquestaci\u00f3n de flujos de energ\u00eda | enwitec electronic GmbH | LinQ Europe Sp. z o.o. "},"image":{"@id":"https:\/\/enwitec.eu\/en\/#\/schema\/logo\/image\/"}}]}},"_links":{"self":[{"href":"https:\/\/greenlink.technology\/es\/wp-json\/wp\/v2\/product\/11376","targetHints":{"allow":["GET"]}}],"collection":[{"href":"https:\/\/greenlink.technology\/es\/wp-json\/wp\/v2\/product"}],"about":[{"href":"https:\/\/greenlink.technology\/es\/wp-json\/wp\/v2\/types\/product"}],"replies":[{"embeddable":true,"href":"https:\/\/greenlink.technology\/es\/wp-json\/wp\/v2\/comments?post=11376"}],"wp:featuredmedia":[{"embeddable":true,"href":"https:\/\/greenlink.technology\/es\/wp-json\/wp\/v2\/media\/11377"}],"wp:attachment":[{"href":"https:\/\/greenlink.technology\/es\/wp-json\/wp\/v2\/media?parent=11376"}],"wp:term":[{"taxonomy":"anwendung","embeddable":true,"href":"https:\/\/greenlink.technology\/es\/wp-json\/wp\/v2\/anwendung?post=11376"},{"taxonomy":"product_brand","embeddable":true,"href":"https:\/\/greenlink.technology\/es\/wp-json\/wp\/v2\/product_brand?post=11376"},{"taxonomy":"product_cat","embeddable":true,"href":"https:\/\/greenlink.technology\/es\/wp-json\/wp\/v2\/product_cat?post=11376"},{"taxonomy":"product_tag","embeddable":true,"href":"https:\/\/greenlink.technology\/es\/wp-json\/wp\/v2\/product_tag?post=11376"}],"curies":[{"name":"wp","href":"https:\/\/api.w.org\/{rel}","templated":true}]}}