{"id":11278,"date":"2024-03-01T07:51:22","date_gmt":"2024-03-01T06:51:22","guid":{"rendered":"https:\/\/greenlink.technology\/produkt\/proteccion-de-redes-y-plantas-enwitec-276-kva-segun-vde-ar-n-41052018-11-10018545\/"},"modified":"2024-03-01T07:51:22","modified_gmt":"2024-03-01T06:51:22","slug":"proteccion-de-redes-y-plantas-enwitec-276-kva-segun-vde-ar-n-41052018-11-10018545","status":"publish","type":"product","link":"https:\/\/greenlink.technology\/es\/produkt\/proteccion-de-redes-y-plantas-enwitec-276-kva-segun-vde-ar-n-41052018-11-10018545\/","title":{"rendered":"protecci\u00f3n de redes y plantas enwitec \u2013 276 kVA \u2013 seg\u00fan VDE-AR-N 4105:2018-11 \u2013 10018545"},"content":{"rendered":"<div class=\"system-stammdaten\">\n<h2><\/h2>\n<p>&nbsp;<\/p>\n<\/div>\n","protected":false},"excerpt":{"rendered":"<p>&nbsp;<\/p>\n","protected":false},"featured_media":11279,"comment_status":"closed","ping_status":"closed","template":"","meta":{"_acf_changed":false},"anwendung":[],"product_brand":[264],"product_cat":[595],"product_tag":[1128,598,597,596],"class_list":{"0":"post-11278","1":"product","2":"type-product","3":"status-publish","4":"has-post-thumbnail","6":"product_brand-enwitec","7":"product_cat-proteccion-de-la-red-y-del-sistema","8":"product_tag-10018545-es","9":"product_tag-na4105-es","10":"product_tag-proteccion-de-la-red-y-del-sistema","11":"product_tag-proteccion-na","12":"pa_laenderfreigabe-en-es","13":"pa_laenderfreigabe-es-es","14":"pa_leistung-173-345-kva-es","15":"pa_trennung-todo-polo-es","17":"first","18":"instock","19":"shipping-taxable","20":"product-type-simple"},"acf":{"product_informations":"Protecci\u00f3n de redes y plantas (NA) de enwitec. Dependiendo de la directiva nacional, las plantas generadoras deben cerrarse en caso de desviaciones inadmisibles de voltaje o frecuencia en la red de baja tensi\u00f3n. Si se superan los valores l\u00edmite permitidos en la norma de aplicaci\u00f3n, la planta de generaci\u00f3n se desconecta autom\u00e1ticamente de la red. Si la tensi\u00f3n de red o la frecuencia de red vuelven a estar en el rango permitido, el sistema se vuelve a conectar autom\u00e1ticamente. Ofrecemos tanto productos est\u00e1ndar como soluciones individuales, que se adaptan a las necesidades de la instalaci\u00f3n fotovoltaica respectiva.    \n\nEsta protecci\u00f3n de red y sistema est\u00e1 especialmente dise\u00f1ada para el mercado alem\u00e1n y austriaco, de acuerdo con VDE-AR-N 4105:2018-11 y \u00d6VE TOR R25 NS ASYNC.\n\n\nNota C\u00f3digo de coincidencia: NA-Schutz-PV-276KVA-NH-CT-TNS_TT_1.0","technical_data":"<div class=\"stammdaten-col\">\n<div class=\"line\">\n<p class=\"system-stammdaten-left\">N.\u00ba de art\u00edculo: 10018545\nTipo de red: TT \/ TN-S\nPotencia: 276 kVA\nHomologaci\u00f3n de pa\u00eds: VDE-AR-N 4105:2018-11 y \u00d6VE TOR R25 NS ASYNC\nSeparaci\u00f3n: todos los polos\nBloque de terminales de desconexi\u00f3n de prueba: s\u00ed Entradas: 2 x NH2\nTerminales de entrada de red: Terminales\nde cable M12\nSalidas: 3 x NH1\nTerminales de salida: Terminales de cable M10\nEntradas de cable: Pasacables M75<\/p>\n\n<\/div>\n<\/div>","download":"<a href=\"https:\/\/greenlink.technology\/wp-content\/uploads\/2025\/04\/10018545_Datenblatt_NA-Schutz-PV-276KVA-NH-CT-TNS_TT_2024_07_04.pdf\" target=\"_blank\" rel=\"noopener\">Ficha t\u00e9cnica ES<\/a>\n<a href=\"https:\/\/greenlink.technology\/wp-content\/uploads\/2025\/04\/10018665_Installationsanleitung_NA-Schutz_DE_2023_10_25.pdf\" target=\"_blank\" rel=\"noopener\">Instalaci\u00f3n<\/a>\n<a href=\"https:\/\/greenlink.technology\/wp-content\/uploads\/2025\/04\/Zertifikat_NA-Schutz_U22-0171_VDE-AR-N-4105_DE.pdf\" target=\"_blank\" rel=\"noopener\">Certificado<\/a>\n<a href=\"https:\/\/greenlink.technology\/wp-content\/uploads\/2025\/04\/Unbedenklichkeitsbescheinigung_NA-Schutz_U22-0322_TOR-Erzeuger_AUT.pdf\" target=\"_blank\" rel=\"noopener\">Certificado de despacho<\/a>","product_short_description":"<strong>Comunicado por pa\u00eds:<\/strong> VDE-AR-N 4105:2018-11 y \u00d6VE TOR R25 NS ASYN\n<strong>Potencia:<\/strong> 276 kVA\n<strong>Separaci\u00f3n:<\/strong> todo polo\n<strong>Forma de alimentaci\u00f3n: <\/strong>TT \/ TN-S","photo_gallery":{"galerie_produkte":[[]]}},"yoast_head":"<!-- This site is optimized with the Yoast SEO plugin v27.3 - https:\/\/yoast.com\/product\/yoast-seo-wordpress\/ -->\n<title>protecci\u00f3n de redes y plantas enwitec \u2013 276 kVA \u2013 seg\u00fan VDE-AR-N 4105:2018-11 \u2013 10018545 - greenLink orchestrating energy flows | enwitec electronic GmbH | LinQ Europe Sp. z o.o.<\/title>\n<meta name=\"robots\" content=\"index, follow, max-snippet:-1, max-image-preview:large, max-video-preview:-1\" \/>\n<link rel=\"canonical\" href=\"https:\/\/greenlink.technology\/es\/produkt\/proteccion-de-redes-y-plantas-enwitec-276-kva-segun-vde-ar-n-41052018-11-10018545\/\" \/>\n<meta property=\"og:locale\" content=\"es_ES\" \/>\n<meta property=\"og:type\" content=\"article\" \/>\n<meta property=\"og:title\" content=\"protecci\u00f3n de redes y plantas enwitec \u2013 276 kVA \u2013 seg\u00fan VDE-AR-N 4105:2018-11 \u2013 10018545 - greenLink orchestrating energy flows | enwitec electronic GmbH | LinQ Europe Sp. z o.o.\" \/>\n<meta property=\"og:description\" content=\"&nbsp;\" \/>\n<meta property=\"og:url\" content=\"https:\/\/greenlink.technology\/es\/produkt\/proteccion-de-redes-y-plantas-enwitec-276-kva-segun-vde-ar-n-41052018-11-10018545\/\" \/>\n<meta property=\"og:site_name\" content=\"greenLink orchestrating energy flows | enwitec electronic GmbH | LinQ Europe Sp. z o.o.\" \/>\n<meta property=\"og:image\" content=\"https:\/\/enwitec.eu\/wp-content\/uploads\/2025\/02\/10018545_front_offen.png\" \/>\n\t<meta property=\"og:image:width\" content=\"500\" \/>\n\t<meta property=\"og:image:height\" content=\"500\" \/>\n\t<meta property=\"og:image:type\" content=\"image\/png\" \/>\n<meta name=\"twitter:card\" content=\"summary_large_image\" \/>\n<script type=\"application\/ld+json\" class=\"yoast-schema-graph\">{\"@context\":\"https:\\\/\\\/schema.org\",\"@graph\":[{\"@type\":\"WebPage\",\"@id\":\"https:\\\/\\\/greenlink.technology\\\/es\\\/produkt\\\/proteccion-de-redes-y-plantas-enwitec-276-kva-segun-vde-ar-n-41052018-11-10018545\\\/\",\"url\":\"https:\\\/\\\/greenlink.technology\\\/es\\\/produkt\\\/proteccion-de-redes-y-plantas-enwitec-276-kva-segun-vde-ar-n-41052018-11-10018545\\\/\",\"name\":\"protecci\u00f3n de redes y plantas enwitec \u2013 276 kVA \u2013 seg\u00fan VDE-AR-N 4105:2018-11 \u2013 10018545 - greenLink orchestrating energy flows | enwitec electronic GmbH | LinQ Europe Sp. z o.o.\",\"isPartOf\":{\"@id\":\"https:\\\/\\\/enwitec.eu\\\/en\\\/#website\"},\"primaryImageOfPage\":{\"@id\":\"https:\\\/\\\/greenlink.technology\\\/es\\\/produkt\\\/proteccion-de-redes-y-plantas-enwitec-276-kva-segun-vde-ar-n-41052018-11-10018545\\\/#primaryimage\"},\"image\":{\"@id\":\"https:\\\/\\\/greenlink.technology\\\/es\\\/produkt\\\/proteccion-de-redes-y-plantas-enwitec-276-kva-segun-vde-ar-n-41052018-11-10018545\\\/#primaryimage\"},\"thumbnailUrl\":\"https:\\\/\\\/greenlink.technology\\\/wp-content\\\/uploads\\\/2025\\\/02\\\/10018545_front_offen.png\",\"datePublished\":\"2024-03-01T06:51:22+00:00\",\"breadcrumb\":{\"@id\":\"https:\\\/\\\/greenlink.technology\\\/es\\\/produkt\\\/proteccion-de-redes-y-plantas-enwitec-276-kva-segun-vde-ar-n-41052018-11-10018545\\\/#breadcrumb\"},\"inLanguage\":\"es\",\"potentialAction\":[{\"@type\":\"ReadAction\",\"target\":[\"https:\\\/\\\/greenlink.technology\\\/es\\\/produkt\\\/proteccion-de-redes-y-plantas-enwitec-276-kva-segun-vde-ar-n-41052018-11-10018545\\\/\"]}]},{\"@type\":\"ImageObject\",\"inLanguage\":\"es\",\"@id\":\"https:\\\/\\\/greenlink.technology\\\/es\\\/produkt\\\/proteccion-de-redes-y-plantas-enwitec-276-kva-segun-vde-ar-n-41052018-11-10018545\\\/#primaryimage\",\"url\":\"https:\\\/\\\/greenlink.technology\\\/wp-content\\\/uploads\\\/2025\\\/02\\\/10018545_front_offen.png\",\"contentUrl\":\"https:\\\/\\\/greenlink.technology\\\/wp-content\\\/uploads\\\/2025\\\/02\\\/10018545_front_offen.png\",\"width\":500,\"height\":500},{\"@type\":\"BreadcrumbList\",\"@id\":\"https:\\\/\\\/greenlink.technology\\\/es\\\/produkt\\\/proteccion-de-redes-y-plantas-enwitec-276-kva-segun-vde-ar-n-41052018-11-10018545\\\/#breadcrumb\",\"itemListElement\":[{\"@type\":\"ListItem\",\"position\":1,\"name\":\"Startseite\",\"item\":\"https:\\\/\\\/enwitec.eu\\\/es\\\/\"},{\"@type\":\"ListItem\",\"position\":2,\"name\":\"Productos\",\"item\":\"https:\\\/\\\/greenlink.technology\\\/es\\\/sobre-nosotros\\\/la-empresa\\\/enwitec\\\/productos\\\/\"},{\"@type\":\"ListItem\",\"position\":3,\"name\":\"protecci\u00f3n de redes y plantas enwitec \u2013 276 kVA \u2013 seg\u00fan VDE-AR-N 4105:2018-11 \u2013 10018545\"}]},{\"@type\":\"WebSite\",\"@id\":\"https:\\\/\\\/enwitec.eu\\\/en\\\/#website\",\"url\":\"https:\\\/\\\/enwitec.eu\\\/en\\\/\",\"name\":\"greenLink orchestrating energy flows | enwitec electronic GmbH | LinQ Europe Sp. z o.o.\",\"description\":\"\",\"publisher\":{\"@id\":\"https:\\\/\\\/enwitec.eu\\\/en\\\/#organization\"},\"potentialAction\":[{\"@type\":\"SearchAction\",\"target\":{\"@type\":\"EntryPoint\",\"urlTemplate\":\"https:\\\/\\\/enwitec.eu\\\/en\\\/?s={search_term_string}\"},\"query-input\":{\"@type\":\"PropertyValueSpecification\",\"valueRequired\":true,\"valueName\":\"search_term_string\"}}],\"inLanguage\":\"es\"},{\"@type\":\"Organization\",\"@id\":\"https:\\\/\\\/enwitec.eu\\\/en\\\/#organization\",\"name\":\"greenLink orquestaci\u00f3n de flujos de energ\u00eda | enwitec electronic GmbH | LinQ Europe Sp. z o.o.\",\"url\":\"https:\\\/\\\/enwitec.eu\\\/en\\\/\",\"logo\":{\"@type\":\"ImageObject\",\"inLanguage\":\"es\",\"@id\":\"https:\\\/\\\/enwitec.eu\\\/en\\\/#\\\/schema\\\/logo\\\/image\\\/\",\"url\":\"https:\\\/\\\/greenlink.technology\\\/wp-content\\\/uploads\\\/2025\\\/01\\\/greenlink-logo-final.png\",\"contentUrl\":\"https:\\\/\\\/greenlink.technology\\\/wp-content\\\/uploads\\\/2025\\\/01\\\/greenlink-logo-final.png\",\"width\":2586,\"height\":629,\"caption\":\"greenLink orquestaci\u00f3n de flujos de energ\u00eda | enwitec electronic GmbH | LinQ Europe Sp. z o.o. \"},\"image\":{\"@id\":\"https:\\\/\\\/enwitec.eu\\\/en\\\/#\\\/schema\\\/logo\\\/image\\\/\"}}]}<\/script>\n<!-- \/ Yoast SEO plugin. -->","yoast_head_json":{"title":"protecci\u00f3n de redes y plantas enwitec \u2013 276 kVA \u2013 seg\u00fan VDE-AR-N 4105:2018-11 \u2013 10018545 - greenLink orchestrating energy flows | enwitec electronic GmbH | LinQ Europe Sp. z o.o.","robots":{"index":"index","follow":"follow","max-snippet":"max-snippet:-1","max-image-preview":"max-image-preview:large","max-video-preview":"max-video-preview:-1"},"canonical":"https:\/\/greenlink.technology\/es\/produkt\/proteccion-de-redes-y-plantas-enwitec-276-kva-segun-vde-ar-n-41052018-11-10018545\/","og_locale":"es_ES","og_type":"article","og_title":"protecci\u00f3n de redes y plantas enwitec \u2013 276 kVA \u2013 seg\u00fan VDE-AR-N 4105:2018-11 \u2013 10018545 - greenLink orchestrating energy flows | enwitec electronic GmbH | LinQ Europe Sp. z o.o.","og_description":"&nbsp;","og_url":"https:\/\/greenlink.technology\/es\/produkt\/proteccion-de-redes-y-plantas-enwitec-276-kva-segun-vde-ar-n-41052018-11-10018545\/","og_site_name":"greenLink orchestrating energy flows | enwitec electronic GmbH | LinQ Europe Sp. z o.o.","og_image":[{"width":500,"height":500,"url":"https:\/\/enwitec.eu\/wp-content\/uploads\/2025\/02\/10018545_front_offen.png","type":"image\/png"}],"twitter_card":"summary_large_image","schema":{"@context":"https:\/\/schema.org","@graph":[{"@type":"WebPage","@id":"https:\/\/greenlink.technology\/es\/produkt\/proteccion-de-redes-y-plantas-enwitec-276-kva-segun-vde-ar-n-41052018-11-10018545\/","url":"https:\/\/greenlink.technology\/es\/produkt\/proteccion-de-redes-y-plantas-enwitec-276-kva-segun-vde-ar-n-41052018-11-10018545\/","name":"protecci\u00f3n de redes y plantas enwitec \u2013 276 kVA \u2013 seg\u00fan VDE-AR-N 4105:2018-11 \u2013 10018545 - greenLink orchestrating energy flows | enwitec electronic GmbH | LinQ Europe Sp. z o.o.","isPartOf":{"@id":"https:\/\/enwitec.eu\/en\/#website"},"primaryImageOfPage":{"@id":"https:\/\/greenlink.technology\/es\/produkt\/proteccion-de-redes-y-plantas-enwitec-276-kva-segun-vde-ar-n-41052018-11-10018545\/#primaryimage"},"image":{"@id":"https:\/\/greenlink.technology\/es\/produkt\/proteccion-de-redes-y-plantas-enwitec-276-kva-segun-vde-ar-n-41052018-11-10018545\/#primaryimage"},"thumbnailUrl":"https:\/\/greenlink.technology\/wp-content\/uploads\/2025\/02\/10018545_front_offen.png","datePublished":"2024-03-01T06:51:22+00:00","breadcrumb":{"@id":"https:\/\/greenlink.technology\/es\/produkt\/proteccion-de-redes-y-plantas-enwitec-276-kva-segun-vde-ar-n-41052018-11-10018545\/#breadcrumb"},"inLanguage":"es","potentialAction":[{"@type":"ReadAction","target":["https:\/\/greenlink.technology\/es\/produkt\/proteccion-de-redes-y-plantas-enwitec-276-kva-segun-vde-ar-n-41052018-11-10018545\/"]}]},{"@type":"ImageObject","inLanguage":"es","@id":"https:\/\/greenlink.technology\/es\/produkt\/proteccion-de-redes-y-plantas-enwitec-276-kva-segun-vde-ar-n-41052018-11-10018545\/#primaryimage","url":"https:\/\/greenlink.technology\/wp-content\/uploads\/2025\/02\/10018545_front_offen.png","contentUrl":"https:\/\/greenlink.technology\/wp-content\/uploads\/2025\/02\/10018545_front_offen.png","width":500,"height":500},{"@type":"BreadcrumbList","@id":"https:\/\/greenlink.technology\/es\/produkt\/proteccion-de-redes-y-plantas-enwitec-276-kva-segun-vde-ar-n-41052018-11-10018545\/#breadcrumb","itemListElement":[{"@type":"ListItem","position":1,"name":"Startseite","item":"https:\/\/enwitec.eu\/es\/"},{"@type":"ListItem","position":2,"name":"Productos","item":"https:\/\/greenlink.technology\/es\/sobre-nosotros\/la-empresa\/enwitec\/productos\/"},{"@type":"ListItem","position":3,"name":"protecci\u00f3n de redes y plantas enwitec \u2013 276 kVA \u2013 seg\u00fan VDE-AR-N 4105:2018-11 \u2013 10018545"}]},{"@type":"WebSite","@id":"https:\/\/enwitec.eu\/en\/#website","url":"https:\/\/enwitec.eu\/en\/","name":"greenLink orchestrating energy flows | enwitec electronic GmbH | LinQ Europe Sp. z o.o.","description":"","publisher":{"@id":"https:\/\/enwitec.eu\/en\/#organization"},"potentialAction":[{"@type":"SearchAction","target":{"@type":"EntryPoint","urlTemplate":"https:\/\/enwitec.eu\/en\/?s={search_term_string}"},"query-input":{"@type":"PropertyValueSpecification","valueRequired":true,"valueName":"search_term_string"}}],"inLanguage":"es"},{"@type":"Organization","@id":"https:\/\/enwitec.eu\/en\/#organization","name":"greenLink orquestaci\u00f3n de flujos de energ\u00eda | enwitec electronic GmbH | LinQ Europe Sp. z o.o.","url":"https:\/\/enwitec.eu\/en\/","logo":{"@type":"ImageObject","inLanguage":"es","@id":"https:\/\/enwitec.eu\/en\/#\/schema\/logo\/image\/","url":"https:\/\/greenlink.technology\/wp-content\/uploads\/2025\/01\/greenlink-logo-final.png","contentUrl":"https:\/\/greenlink.technology\/wp-content\/uploads\/2025\/01\/greenlink-logo-final.png","width":2586,"height":629,"caption":"greenLink orquestaci\u00f3n de flujos de energ\u00eda | enwitec electronic GmbH | LinQ Europe Sp. z o.o. "},"image":{"@id":"https:\/\/enwitec.eu\/en\/#\/schema\/logo\/image\/"}}]}},"_links":{"self":[{"href":"https:\/\/greenlink.technology\/es\/wp-json\/wp\/v2\/product\/11278","targetHints":{"allow":["GET"]}}],"collection":[{"href":"https:\/\/greenlink.technology\/es\/wp-json\/wp\/v2\/product"}],"about":[{"href":"https:\/\/greenlink.technology\/es\/wp-json\/wp\/v2\/types\/product"}],"replies":[{"embeddable":true,"href":"https:\/\/greenlink.technology\/es\/wp-json\/wp\/v2\/comments?post=11278"}],"wp:featuredmedia":[{"embeddable":true,"href":"https:\/\/greenlink.technology\/es\/wp-json\/wp\/v2\/media\/11279"}],"wp:attachment":[{"href":"https:\/\/greenlink.technology\/es\/wp-json\/wp\/v2\/media?parent=11278"}],"wp:term":[{"taxonomy":"anwendung","embeddable":true,"href":"https:\/\/greenlink.technology\/es\/wp-json\/wp\/v2\/anwendung?post=11278"},{"taxonomy":"product_brand","embeddable":true,"href":"https:\/\/greenlink.technology\/es\/wp-json\/wp\/v2\/product_brand?post=11278"},{"taxonomy":"product_cat","embeddable":true,"href":"https:\/\/greenlink.technology\/es\/wp-json\/wp\/v2\/product_cat?post=11278"},{"taxonomy":"product_tag","embeddable":true,"href":"https:\/\/greenlink.technology\/es\/wp-json\/wp\/v2\/product_tag?post=11278"}],"curies":[{"name":"wp","href":"https:\/\/api.w.org\/{rel}","templated":true}]}}