{"id":11232,"date":"2024-02-29T15:22:25","date_gmt":"2024-02-29T14:22:25","guid":{"rendered":"https:\/\/greenlink.technology\/produkt\/enwitec-proteccion-de-redes-y-sistemas-tor-863-kva-segun-oeve-tor-r25-ns-async-10018523\/"},"modified":"2025-06-12T08:05:04","modified_gmt":"2025-06-12T06:05:04","slug":"enwitec-proteccion-de-redes-y-sistemas-tor-863-kva-segun-oeve-tor-r25-ns-async-10018523","status":"publish","type":"product","link":"https:\/\/greenlink.technology\/es\/produkt\/enwitec-proteccion-de-redes-y-sistemas-tor-863-kva-segun-oeve-tor-r25-ns-async-10018523\/","title":{"rendered":"enwitec Protecci\u00f3n de redes y sistemas TOR \u2013 86,3 kVA \u2013 seg\u00fan \u00d6VE TOR R25 NS ASYNC \u2013 10018523"},"content":{"rendered":"<div class=\"system-stammdaten\">\n<h2><\/h2>\n<p>&nbsp;<\/p>\n<\/div>\n","protected":false},"excerpt":{"rendered":"<p>&nbsp;<\/p>\n","protected":false},"featured_media":11233,"comment_status":"closed","ping_status":"closed","template":"","meta":{"_acf_changed":false},"anwendung":[],"product_brand":[264],"product_cat":[595],"product_tag":[1116,597,596,639],"class_list":{"0":"post-11232","1":"product","2":"type-product","3":"status-publish","4":"has-post-thumbnail","6":"product_brand-enwitec","7":"product_cat-proteccion-de-la-red-y-del-sistema","8":"product_tag-10018522-es","9":"product_tag-proteccion-de-la-red-y-del-sistema","10":"product_tag-proteccion-na","11":"product_tag-tor-es","12":"pa_laenderfreigabe-en-es","13":"pa_leistung-30-86-kva-es","14":"pa_trennung-todo-polo-es","16":"first","17":"instock","18":"shipping-taxable","19":"product-type-simple"},"acf":{"product_informations":"Protecci\u00f3n de redes y sistemas (NA) de enwitec. Seg\u00fan la directiva nacional, los sistemas de generaci\u00f3n deben desconectarse en caso de desviaciones de tensi\u00f3n o frecuencia no permitidas en la red de baja tensi\u00f3n. Si se superan los valores l\u00edmite permitidos en la norma de aplicaci\u00f3n, el sistema de generaci\u00f3n se desconecta autom\u00e1ticamente de la red.   Una vez que la tensi\u00f3n o la frecuencia de la red vuelven a estar dentro del rango admisible, el sistema se vuelve a conectar autom\u00e1ticamente. Ofrecemos tanto productos est\u00e1ndar como soluciones personalizadas que se adaptan a las necesidades de cada sistema fotovoltaico. \n\nEsta protecci\u00f3n de redes y sistemas est\u00e1 especialmente dise\u00f1ada para el mercado austriaco, de acuerdo con <strong>\u00d6VE TOR R25 NS ASYNC<\/strong> .\n\nPara facilitar la sujeci\u00f3n del cable en la parte superior del disyuntor, la unidad de control se puede plegar hacia la derecha en esta variante aflojando los dos tornillos de fijaci\u00f3n.\n\n<strong>Nota<\/strong>\nC\u00f3digo del partido: NA-Schutz-TOR-PV-86.3KVA-TNS_TT","technical_data":"<div class=\"stammdaten-col\">\n<div class=\"line\">\n<p class=\"system-stammdaten-left\">N.\u00ba de art\u00edculo: 10018523\nTipo de red: TT \/ TN-S\nPotencia: 86,3 kVA\nHomologaci\u00f3n del pa\u00eds: \u00d6VE TOR R25 NS ASYNC\nSeparaci\u00f3n: todos los polos\nBloque de terminales de desconexi\u00f3n de prueba: s\u00ed Salidas: 1 x\nTerminales\nde entrada y salida: 16 - 95 mm\u00b2\nEntradas de cable: Pasacables M63<\/p>\n\n<\/div>\n<\/div>","download":"<a href=\"https:\/\/greenlink.technology\/wp-content\/uploads\/2025\/05\/10018523_Datenblatt_NA-Schutz-TOR-PV-86.3KVA-TNS_TT_2025_05_23_a.pdf\" target=\"_blank\" rel=\"noopener\">Ficha t\u00e9cnica ES<\/a>\n<a href=\"https:\/\/greenlink.technology\/wp-content\/uploads\/2025\/04\/10018665_Installationsanleitung_NA-Schutz_DE_2023_10_25.pdf\" target=\"_blank\" rel=\"noopener\">Instalaci\u00f3n<\/a>\n<a href=\"https:\/\/greenlink.technology\/wp-content\/uploads\/2025\/04\/Unbedenklichkeitsbescheinigung_NA-Schutz_U22-0322_TOR-Erzeuger_AUT.pdf\" target=\"_blank\" rel=\"noopener\">Certificado de despacho<\/a>","product_short_description":"<strong>Comunicado por pa\u00eds:<\/strong> \u00d6VE TOR R25 NS ASINCRONO\n<strong>Potencia:<\/strong> 86,3 kVA\n<strong>Separaci\u00f3n:<\/strong> todo polo\n<strong>Forma de alimentaci\u00f3n: <\/strong>TT \/ TN-S","photo_gallery":{"galerie_produkte":[[]]}},"yoast_head":"<!-- This site is optimized with the Yoast SEO plugin v27.3 - https:\/\/yoast.com\/product\/yoast-seo-wordpress\/ -->\n<title>enwitec Protecci\u00f3n de redes y sistemas TOR \u2013 86,3 kVA \u2013 seg\u00fan \u00d6VE TOR R25 NS ASYNC \u2013 10018523 - greenLink orchestrating energy flows | enwitec electronic GmbH | LinQ Europe Sp. z o.o.<\/title>\n<meta name=\"robots\" content=\"index, follow, max-snippet:-1, max-image-preview:large, max-video-preview:-1\" \/>\n<link rel=\"canonical\" href=\"https:\/\/greenlink.technology\/es\/produkt\/enwitec-proteccion-de-redes-y-sistemas-tor-863-kva-segun-oeve-tor-r25-ns-async-10018523\/\" \/>\n<meta property=\"og:locale\" content=\"es_ES\" \/>\n<meta property=\"og:type\" content=\"article\" \/>\n<meta property=\"og:title\" content=\"enwitec Protecci\u00f3n de redes y sistemas TOR \u2013 86,3 kVA \u2013 seg\u00fan \u00d6VE TOR R25 NS ASYNC \u2013 10018523 - greenLink orchestrating energy flows | enwitec electronic GmbH | LinQ Europe Sp. z o.o.\" \/>\n<meta property=\"og:description\" content=\"&nbsp;\" \/>\n<meta property=\"og:url\" content=\"https:\/\/greenlink.technology\/es\/produkt\/enwitec-proteccion-de-redes-y-sistemas-tor-863-kva-segun-oeve-tor-r25-ns-async-10018523\/\" \/>\n<meta property=\"og:site_name\" content=\"greenLink orchestrating energy flows | enwitec electronic GmbH | LinQ Europe Sp. z o.o.\" \/>\n<meta property=\"article:modified_time\" content=\"2025-06-12T06:05:04+00:00\" \/>\n<meta property=\"og:image\" content=\"https:\/\/greenlink.technology\/wp-content\/uploads\/2025\/02\/10018523_front.png\" \/>\n\t<meta property=\"og:image:width\" content=\"500\" \/>\n\t<meta property=\"og:image:height\" content=\"500\" \/>\n\t<meta property=\"og:image:type\" content=\"image\/png\" \/>\n<meta name=\"twitter:card\" content=\"summary_large_image\" \/>\n<script type=\"application\/ld+json\" class=\"yoast-schema-graph\">{\"@context\":\"https:\\\/\\\/schema.org\",\"@graph\":[{\"@type\":\"WebPage\",\"@id\":\"https:\\\/\\\/greenlink.technology\\\/es\\\/produkt\\\/enwitec-proteccion-de-redes-y-sistemas-tor-863-kva-segun-oeve-tor-r25-ns-async-10018523\\\/\",\"url\":\"https:\\\/\\\/greenlink.technology\\\/es\\\/produkt\\\/enwitec-proteccion-de-redes-y-sistemas-tor-863-kva-segun-oeve-tor-r25-ns-async-10018523\\\/\",\"name\":\"enwitec Protecci\u00f3n de redes y sistemas TOR \u2013 86,3 kVA \u2013 seg\u00fan \u00d6VE TOR R25 NS ASYNC \u2013 10018523 - greenLink orchestrating energy flows | enwitec electronic GmbH | LinQ Europe Sp. z o.o.\",\"isPartOf\":{\"@id\":\"https:\\\/\\\/enwitec.eu\\\/en\\\/#website\"},\"primaryImageOfPage\":{\"@id\":\"https:\\\/\\\/greenlink.technology\\\/es\\\/produkt\\\/enwitec-proteccion-de-redes-y-sistemas-tor-863-kva-segun-oeve-tor-r25-ns-async-10018523\\\/#primaryimage\"},\"image\":{\"@id\":\"https:\\\/\\\/greenlink.technology\\\/es\\\/produkt\\\/enwitec-proteccion-de-redes-y-sistemas-tor-863-kva-segun-oeve-tor-r25-ns-async-10018523\\\/#primaryimage\"},\"thumbnailUrl\":\"https:\\\/\\\/greenlink.technology\\\/wp-content\\\/uploads\\\/2025\\\/02\\\/10018523_front.png\",\"datePublished\":\"2024-02-29T14:22:25+00:00\",\"dateModified\":\"2025-06-12T06:05:04+00:00\",\"breadcrumb\":{\"@id\":\"https:\\\/\\\/greenlink.technology\\\/es\\\/produkt\\\/enwitec-proteccion-de-redes-y-sistemas-tor-863-kva-segun-oeve-tor-r25-ns-async-10018523\\\/#breadcrumb\"},\"inLanguage\":\"es\",\"potentialAction\":[{\"@type\":\"ReadAction\",\"target\":[\"https:\\\/\\\/greenlink.technology\\\/es\\\/produkt\\\/enwitec-proteccion-de-redes-y-sistemas-tor-863-kva-segun-oeve-tor-r25-ns-async-10018523\\\/\"]}]},{\"@type\":\"ImageObject\",\"inLanguage\":\"es\",\"@id\":\"https:\\\/\\\/greenlink.technology\\\/es\\\/produkt\\\/enwitec-proteccion-de-redes-y-sistemas-tor-863-kva-segun-oeve-tor-r25-ns-async-10018523\\\/#primaryimage\",\"url\":\"https:\\\/\\\/greenlink.technology\\\/wp-content\\\/uploads\\\/2025\\\/02\\\/10018523_front.png\",\"contentUrl\":\"https:\\\/\\\/greenlink.technology\\\/wp-content\\\/uploads\\\/2025\\\/02\\\/10018523_front.png\",\"width\":500,\"height\":500},{\"@type\":\"BreadcrumbList\",\"@id\":\"https:\\\/\\\/greenlink.technology\\\/es\\\/produkt\\\/enwitec-proteccion-de-redes-y-sistemas-tor-863-kva-segun-oeve-tor-r25-ns-async-10018523\\\/#breadcrumb\",\"itemListElement\":[{\"@type\":\"ListItem\",\"position\":1,\"name\":\"Startseite\",\"item\":\"https:\\\/\\\/enwitec.eu\\\/es\\\/\"},{\"@type\":\"ListItem\",\"position\":2,\"name\":\"Productos\",\"item\":\"https:\\\/\\\/greenlink.technology\\\/es\\\/sobre-nosotros\\\/la-empresa\\\/enwitec\\\/productos\\\/\"},{\"@type\":\"ListItem\",\"position\":3,\"name\":\"enwitec Protecci\u00f3n de redes y sistemas TOR \u2013 86,3 kVA \u2013 seg\u00fan \u00d6VE TOR R25 NS ASYNC \u2013 10018523\"}]},{\"@type\":\"WebSite\",\"@id\":\"https:\\\/\\\/enwitec.eu\\\/en\\\/#website\",\"url\":\"https:\\\/\\\/enwitec.eu\\\/en\\\/\",\"name\":\"greenLink orchestrating energy flows | enwitec electronic GmbH | LinQ Europe Sp. z o.o.\",\"description\":\"\",\"publisher\":{\"@id\":\"https:\\\/\\\/enwitec.eu\\\/en\\\/#organization\"},\"potentialAction\":[{\"@type\":\"SearchAction\",\"target\":{\"@type\":\"EntryPoint\",\"urlTemplate\":\"https:\\\/\\\/enwitec.eu\\\/en\\\/?s={search_term_string}\"},\"query-input\":{\"@type\":\"PropertyValueSpecification\",\"valueRequired\":true,\"valueName\":\"search_term_string\"}}],\"inLanguage\":\"es\"},{\"@type\":\"Organization\",\"@id\":\"https:\\\/\\\/enwitec.eu\\\/en\\\/#organization\",\"name\":\"greenLink orquestaci\u00f3n de flujos de energ\u00eda | enwitec electronic GmbH | LinQ Europe Sp. z o.o.\",\"url\":\"https:\\\/\\\/enwitec.eu\\\/en\\\/\",\"logo\":{\"@type\":\"ImageObject\",\"inLanguage\":\"es\",\"@id\":\"https:\\\/\\\/enwitec.eu\\\/en\\\/#\\\/schema\\\/logo\\\/image\\\/\",\"url\":\"https:\\\/\\\/greenlink.technology\\\/wp-content\\\/uploads\\\/2025\\\/01\\\/greenlink-logo-final.png\",\"contentUrl\":\"https:\\\/\\\/greenlink.technology\\\/wp-content\\\/uploads\\\/2025\\\/01\\\/greenlink-logo-final.png\",\"width\":2586,\"height\":629,\"caption\":\"greenLink orquestaci\u00f3n de flujos de energ\u00eda | enwitec electronic GmbH | LinQ Europe Sp. z o.o. \"},\"image\":{\"@id\":\"https:\\\/\\\/enwitec.eu\\\/en\\\/#\\\/schema\\\/logo\\\/image\\\/\"}}]}<\/script>\n<!-- \/ Yoast SEO plugin. -->","yoast_head_json":{"title":"enwitec Protecci\u00f3n de redes y sistemas TOR \u2013 86,3 kVA \u2013 seg\u00fan \u00d6VE TOR R25 NS ASYNC \u2013 10018523 - greenLink orchestrating energy flows | enwitec electronic GmbH | LinQ Europe Sp. z o.o.","robots":{"index":"index","follow":"follow","max-snippet":"max-snippet:-1","max-image-preview":"max-image-preview:large","max-video-preview":"max-video-preview:-1"},"canonical":"https:\/\/greenlink.technology\/es\/produkt\/enwitec-proteccion-de-redes-y-sistemas-tor-863-kva-segun-oeve-tor-r25-ns-async-10018523\/","og_locale":"es_ES","og_type":"article","og_title":"enwitec Protecci\u00f3n de redes y sistemas TOR \u2013 86,3 kVA \u2013 seg\u00fan \u00d6VE TOR R25 NS ASYNC \u2013 10018523 - greenLink orchestrating energy flows | enwitec electronic GmbH | LinQ Europe Sp. z o.o.","og_description":"&nbsp;","og_url":"https:\/\/greenlink.technology\/es\/produkt\/enwitec-proteccion-de-redes-y-sistemas-tor-863-kva-segun-oeve-tor-r25-ns-async-10018523\/","og_site_name":"greenLink orchestrating energy flows | enwitec electronic GmbH | LinQ Europe Sp. z o.o.","article_modified_time":"2025-06-12T06:05:04+00:00","og_image":[{"width":500,"height":500,"url":"https:\/\/greenlink.technology\/wp-content\/uploads\/2025\/02\/10018523_front.png","type":"image\/png"}],"twitter_card":"summary_large_image","schema":{"@context":"https:\/\/schema.org","@graph":[{"@type":"WebPage","@id":"https:\/\/greenlink.technology\/es\/produkt\/enwitec-proteccion-de-redes-y-sistemas-tor-863-kva-segun-oeve-tor-r25-ns-async-10018523\/","url":"https:\/\/greenlink.technology\/es\/produkt\/enwitec-proteccion-de-redes-y-sistemas-tor-863-kva-segun-oeve-tor-r25-ns-async-10018523\/","name":"enwitec Protecci\u00f3n de redes y sistemas TOR \u2013 86,3 kVA \u2013 seg\u00fan \u00d6VE TOR R25 NS ASYNC \u2013 10018523 - greenLink orchestrating energy flows | enwitec electronic GmbH | LinQ Europe Sp. z o.o.","isPartOf":{"@id":"https:\/\/enwitec.eu\/en\/#website"},"primaryImageOfPage":{"@id":"https:\/\/greenlink.technology\/es\/produkt\/enwitec-proteccion-de-redes-y-sistemas-tor-863-kva-segun-oeve-tor-r25-ns-async-10018523\/#primaryimage"},"image":{"@id":"https:\/\/greenlink.technology\/es\/produkt\/enwitec-proteccion-de-redes-y-sistemas-tor-863-kva-segun-oeve-tor-r25-ns-async-10018523\/#primaryimage"},"thumbnailUrl":"https:\/\/greenlink.technology\/wp-content\/uploads\/2025\/02\/10018523_front.png","datePublished":"2024-02-29T14:22:25+00:00","dateModified":"2025-06-12T06:05:04+00:00","breadcrumb":{"@id":"https:\/\/greenlink.technology\/es\/produkt\/enwitec-proteccion-de-redes-y-sistemas-tor-863-kva-segun-oeve-tor-r25-ns-async-10018523\/#breadcrumb"},"inLanguage":"es","potentialAction":[{"@type":"ReadAction","target":["https:\/\/greenlink.technology\/es\/produkt\/enwitec-proteccion-de-redes-y-sistemas-tor-863-kva-segun-oeve-tor-r25-ns-async-10018523\/"]}]},{"@type":"ImageObject","inLanguage":"es","@id":"https:\/\/greenlink.technology\/es\/produkt\/enwitec-proteccion-de-redes-y-sistemas-tor-863-kva-segun-oeve-tor-r25-ns-async-10018523\/#primaryimage","url":"https:\/\/greenlink.technology\/wp-content\/uploads\/2025\/02\/10018523_front.png","contentUrl":"https:\/\/greenlink.technology\/wp-content\/uploads\/2025\/02\/10018523_front.png","width":500,"height":500},{"@type":"BreadcrumbList","@id":"https:\/\/greenlink.technology\/es\/produkt\/enwitec-proteccion-de-redes-y-sistemas-tor-863-kva-segun-oeve-tor-r25-ns-async-10018523\/#breadcrumb","itemListElement":[{"@type":"ListItem","position":1,"name":"Startseite","item":"https:\/\/enwitec.eu\/es\/"},{"@type":"ListItem","position":2,"name":"Productos","item":"https:\/\/greenlink.technology\/es\/sobre-nosotros\/la-empresa\/enwitec\/productos\/"},{"@type":"ListItem","position":3,"name":"enwitec Protecci\u00f3n de redes y sistemas TOR \u2013 86,3 kVA \u2013 seg\u00fan \u00d6VE TOR R25 NS ASYNC \u2013 10018523"}]},{"@type":"WebSite","@id":"https:\/\/enwitec.eu\/en\/#website","url":"https:\/\/enwitec.eu\/en\/","name":"greenLink orchestrating energy flows | enwitec electronic GmbH | LinQ Europe Sp. z o.o.","description":"","publisher":{"@id":"https:\/\/enwitec.eu\/en\/#organization"},"potentialAction":[{"@type":"SearchAction","target":{"@type":"EntryPoint","urlTemplate":"https:\/\/enwitec.eu\/en\/?s={search_term_string}"},"query-input":{"@type":"PropertyValueSpecification","valueRequired":true,"valueName":"search_term_string"}}],"inLanguage":"es"},{"@type":"Organization","@id":"https:\/\/enwitec.eu\/en\/#organization","name":"greenLink orquestaci\u00f3n de flujos de energ\u00eda | enwitec electronic GmbH | LinQ Europe Sp. z o.o.","url":"https:\/\/enwitec.eu\/en\/","logo":{"@type":"ImageObject","inLanguage":"es","@id":"https:\/\/enwitec.eu\/en\/#\/schema\/logo\/image\/","url":"https:\/\/greenlink.technology\/wp-content\/uploads\/2025\/01\/greenlink-logo-final.png","contentUrl":"https:\/\/greenlink.technology\/wp-content\/uploads\/2025\/01\/greenlink-logo-final.png","width":2586,"height":629,"caption":"greenLink orquestaci\u00f3n de flujos de energ\u00eda | enwitec electronic GmbH | LinQ Europe Sp. z o.o. "},"image":{"@id":"https:\/\/enwitec.eu\/en\/#\/schema\/logo\/image\/"}}]}},"_links":{"self":[{"href":"https:\/\/greenlink.technology\/es\/wp-json\/wp\/v2\/product\/11232","targetHints":{"allow":["GET"]}}],"collection":[{"href":"https:\/\/greenlink.technology\/es\/wp-json\/wp\/v2\/product"}],"about":[{"href":"https:\/\/greenlink.technology\/es\/wp-json\/wp\/v2\/types\/product"}],"replies":[{"embeddable":true,"href":"https:\/\/greenlink.technology\/es\/wp-json\/wp\/v2\/comments?post=11232"}],"wp:featuredmedia":[{"embeddable":true,"href":"https:\/\/greenlink.technology\/es\/wp-json\/wp\/v2\/media\/11233"}],"wp:attachment":[{"href":"https:\/\/greenlink.technology\/es\/wp-json\/wp\/v2\/media?parent=11232"}],"wp:term":[{"taxonomy":"anwendung","embeddable":true,"href":"https:\/\/greenlink.technology\/es\/wp-json\/wp\/v2\/anwendung?post=11232"},{"taxonomy":"product_brand","embeddable":true,"href":"https:\/\/greenlink.technology\/es\/wp-json\/wp\/v2\/product_brand?post=11232"},{"taxonomy":"product_cat","embeddable":true,"href":"https:\/\/greenlink.technology\/es\/wp-json\/wp\/v2\/product_cat?post=11232"},{"taxonomy":"product_tag","embeddable":true,"href":"https:\/\/greenlink.technology\/es\/wp-json\/wp\/v2\/product_tag?post=11232"}],"curies":[{"name":"wp","href":"https:\/\/api.w.org\/{rel}","templated":true}]}}