{"id":10987,"date":"2024-03-01T11:09:38","date_gmt":"2024-03-01T10:09:38","guid":{"rendered":"https:\/\/greenlink.technology\/produkt\/enwitec-caja-de-conexion-a-red-para-inversor-de-sma-sma-3ph-para-sunny-boy-storage-10012856\/"},"modified":"2024-03-01T11:09:38","modified_gmt":"2024-03-01T10:09:38","slug":"enwitec-caja-de-conexion-a-red-para-inversor-de-sma-sma-3ph-para-sunny-boy-storage-10012856","status":"publish","type":"product","link":"https:\/\/greenlink.technology\/es\/produkt\/enwitec-caja-de-conexion-a-red-para-inversor-de-sma-sma-3ph-para-sunny-boy-storage-10012856\/","title":{"rendered":"enwitec Caja de conexi\u00f3n a red para inversor de SMA SMA-3PH para Sunny Boy Storage &#8211; 10012856"},"content":{"rendered":"<div class=\"system-stammdaten\">\n<h2><\/h2>\n<p>&nbsp;<\/p>\n<\/div>\n","protected":false},"excerpt":{"rendered":"<p>&nbsp;<\/p>\n","protected":false},"featured_media":10991,"comment_status":"closed","ping_status":"closed","template":"","meta":{"_acf_changed":false},"anwendung":[],"product_brand":[264],"product_cat":[341],"product_tag":[1040,384,382,383,472],"class_list":{"0":"post-10987","1":"product","2":"type-product","3":"status-publish","4":"has-post-thumbnail","6":"product_brand-enwitec","7":"product_cat-cajas-de-conmutacion-de-red-en-la-red","8":"product_tag-10012856-es","9":"product_tag-dispositivo-de-cambio","10":"product_tag-dispositivos-de-conmutacion-de-red","11":"product_tag-en-la-red","12":"product_tag-sma-almacenamiento-sunny-boy","13":"pa_laenderfreigabe-ch-es","14":"pa_laenderfreigabe-en-es","15":"pa_laenderfreigabe-es-es","16":"pa_max-durchgangsleistung-0-30-kw-es","17":"pa_nf-a-netzanschlusspunkt-tn-c-es","18":"pa_nf-a-netzanschlusspunkt-tn-s-es","19":"pa_nf-a-netzanschlusspunkt-tt-es","20":"pa_nf-i-d-verbraucheranlage-tn-s-es","21":"pa_nf-i-d-verbraucheranlage-tt-es","22":"pa_umschaltung-automatico","23":"pa_wechselrichter-sma-almacenamiento-sunny-boy","25":"first","26":"instock","27":"shipping-taxable","28":"product-type-simple"},"acf":{"product_informations":"CANCELADO\n\n<strong>Inversor de bater\u00eda:<\/strong>\n1 x Sunny Boy Storage - adecuado para 3,7\/5,0\/6,0\n\n<strong>Inversores fotovoltaicos:<\/strong>\n2 x Sunny Boy - adecuados para 3,0\/3,6\/4,0\/5,0*.\n\n<strong>Inversor FV - 1PH:\n<\/strong>2 x Sunny Boy - opcional 3,0\/3,6\/4,0\/5,0\n\n<strong>Inversor fotovoltaico - 3PH:\n<\/strong>1 x Sunny Tripower 3.0 a 10.0 o 5000TL a 12000TL (\u00a1no admite funcionamiento con bater\u00eda de reserva!)\n\n<strong>Contador de generaci\u00f3n FV:\n<\/strong>\u00a1Opci\u00f3n de conexi\u00f3n!\n\n<strong>Monitorizaci\u00f3n y control:<\/strong>\nintegrado SMA - Backup Controller\npreparado para SMA Home Manager 2.0 o SMA Energy Meter\n- SMA Sunny Home Manager 2.0 o\n- SMA Energy Meter\n\n<strong>Forma de la red:\n<\/strong>3PH 230\/400V - Sistema TT o TN-S\n\nPara m\u00e1s informaci\u00f3n t\u00e9cnica, descarga la documentaci\u00f3n.\n\n<strong>Note<\/strong>\nMatchcode: 3PH_SMA.ST6.0_1STP12_2SB5_BBDAP_20KW_1PH_PREP_DACH_1.5","technical_data":"<div class=\"stammdaten-col\">\n<div class=\"line\">\n<div class=\"stammdaten-col\">\n<div class=\"line\">\n<p class=\"system-stammdaten-left\">N\u00ba de art\u00edculo: 10012856\n<span style=\"font-size: inherit;\">Compatible con: <\/span><span style=\"font-size: inherit;\">SMA\n<\/span><span style=\"font-size: inherit;\">Fases: <\/span><span style=\"font-size: inherit;\">1 fase\n<\/span><span style=\"font-size: inherit;\">Desconexi\u00f3n a la red: <\/span><span style=\"font-size: inherit;\">Todopolar\n<\/span><span style=\"font-size: inherit;\">Potencia de paso: <\/span><span style=\"font-size: inherit;\"><= 35kW\n<\/span><span style=\"font-size: inherit;\">Rendimiento t\u00e9rmico m\u00e1ximo:   <\/span><span style=\"font-size: inherit;\">12 kW\n<\/span><span style=\"font-size: inherit;\">C\u00f3digo de pa\u00eds: <\/span><span style=\"font-size: inherit;\">Alemania, Austria, Suiza (D-A-CH)\n<\/span><span style=\"font-size: inherit;\">Protecci\u00f3n NA: <\/span><span style=\"font-size: inherit;\">no\n<\/span><span style=\"font-size: inherit;\">Interruptor de origen: <\/span><span style=\"font-size: inherit;\">no\n<\/span><span style=\"font-size: inherit;\">Tensi\u00f3n nominal: <\/span><span style=\"font-size: inherit;\">230\/400V\n<\/span> <span style=\"font-size: inherit;\">Frecuencia nominal: <\/span><span style=\"font-size: inherit;\">50 Hz\n<\/span> <span style=\"font-size: inherit;\">Corriente de cortocircuito: <\/span><span style=\"font-size: inherit;\">10 A\n<\/span> <span style=\"font-size: inherit;\">Fusible: <\/span><span style=\"font-size: inherit;\">63 A\n<\/span><span style=\"font-size: inherit;\">Temperatura de funcionamiento: -25\u00b0C a +40\u00b0C<\/span><span style=\"font-size: inherit;\">\n<\/span><span style=\"font-size: inherit;\">Humedad: 5% a 95%<\/span><span style=\"font-size: inherit;\">\n<\/span><span style=\"font-size: inherit;\">Clase de protecci\u00f3n: <\/span><span style=\"font-size: inherit;\">II\n<\/span><span style=\"font-size: inherit;\">Dimensiones AnxAlxPr (mm): 448x622x161 mm<\/span><span style=\"font-size: inherit;\">\n<\/span><span style=\"font-size: inherit;\">Peso: <\/span><span style=\"font-size: inherit;\">12 kg\n<\/span><span style=\"font-size: inherit;\">Carcasa: IP65<\/span><span style=\"font-size: inherit;\">\n<\/span><span style=\"font-size: inherit;\">Forma de la red: <\/span><span style=\"font-size: inherit;\">TN-S, TT<\/span><\/p>\n\n<\/div>\n<\/div>\n<\/div>\n<\/div>","download":"<a href=\"https:\/\/greenlink.technology\/wp-content\/uploads\/2025\/04\/10012856_Datenblatt_3PH_SMA.ST6_.0_1STP12_2SB5_BBDAP_20KW_1PH_PREP_DACH_1.5_2024_06_10-1.pdf\" target=\"_blank\" rel=\"noopener\">Hoja de datos ES<\/a>\n<a href=\"https:\/\/greenlink.technology\/wp-content\/uploads\/2025\/04\/10012856_data-sheet_3PH_SMA.ST6_.0_1STP12_2SB5_BBDAP_20KW_1PH_PREP_DACH_1.5_2024_06_10-1.pdf\" target=\"_blank\" rel=\"noopener\">Hoja de datos ES<\/a>\n<a href=\"https:\/\/greenlink.technology\/wp-content\/uploads\/2025\/04\/10012856_Produktinfo_3PH_SMA.ST6_.0_1STP12_2SB5_BBDAP_20KW_1PH_PREP_DACH_1.5_2024_06_10-1.pdf\" target=\"_blank\" rel=\"noopener\">Informaci\u00f3n del producto<\/a>","product_short_description":"<strong>Inversor:<\/strong> SMA Sunny Boy Storage\n<strong>Liberaci\u00f3n del pa\u00eds:<\/strong> Italia\n<strong>rendimiento t\u00e9rmico m\u00e1ximo : <\/strong> <span style=\"font-size: inherit;\">12 kW<\/span>\n<strong>Conmutaci\u00f3n: <\/strong>autom\u00e1tica\n<strong>Tipo de red en el punto de conexi\u00f3n a la red: <\/strong>TN-S, TT, TN-C\n<strong>Forma de la red en la unidad de consumo: <\/strong>TN-S, TT","photo_gallery":{"galerie_produkte":[[]]}},"yoast_head":"<!-- This site is optimized with the Yoast SEO plugin v27.3 - https:\/\/yoast.com\/product\/yoast-seo-wordpress\/ -->\n<title>enwitec Caja de conexi\u00f3n a red para inversor de SMA SMA-3PH para Sunny Boy Storage - 10012856 - greenLink orchestrating energy flows | enwitec electronic GmbH | LinQ Europe Sp. z o.o.<\/title>\n<meta name=\"robots\" content=\"index, follow, max-snippet:-1, max-image-preview:large, max-video-preview:-1\" \/>\n<link rel=\"canonical\" href=\"https:\/\/greenlink.technology\/es\/produkt\/enwitec-caja-de-conexion-a-red-para-inversor-de-sma-sma-3ph-para-sunny-boy-storage-10012856\/\" \/>\n<meta property=\"og:locale\" content=\"es_ES\" \/>\n<meta property=\"og:type\" content=\"article\" \/>\n<meta property=\"og:title\" content=\"enwitec Caja de conexi\u00f3n a red para inversor de SMA SMA-3PH para Sunny Boy Storage - 10012856 - greenLink orchestrating energy flows | enwitec electronic GmbH | LinQ Europe Sp. z o.o.\" \/>\n<meta property=\"og:description\" content=\"&nbsp;\" \/>\n<meta property=\"og:url\" content=\"https:\/\/greenlink.technology\/es\/produkt\/enwitec-caja-de-conexion-a-red-para-inversor-de-sma-sma-3ph-para-sunny-boy-storage-10012856\/\" \/>\n<meta property=\"og:site_name\" content=\"greenLink orchestrating energy flows | enwitec electronic GmbH | LinQ Europe Sp. z o.o.\" \/>\n<meta property=\"og:image\" content=\"https:\/\/enwitec.eu\/wp-content\/uploads\/2025\/02\/10012856_front.png\" \/>\n\t<meta property=\"og:image:width\" content=\"500\" \/>\n\t<meta property=\"og:image:height\" content=\"500\" \/>\n\t<meta property=\"og:image:type\" content=\"image\/png\" \/>\n<meta name=\"twitter:card\" content=\"summary_large_image\" \/>\n<script type=\"application\/ld+json\" class=\"yoast-schema-graph\">{\"@context\":\"https:\\\/\\\/schema.org\",\"@graph\":[{\"@type\":\"WebPage\",\"@id\":\"https:\\\/\\\/greenlink.technology\\\/es\\\/produkt\\\/enwitec-caja-de-conexion-a-red-para-inversor-de-sma-sma-3ph-para-sunny-boy-storage-10012856\\\/\",\"url\":\"https:\\\/\\\/greenlink.technology\\\/es\\\/produkt\\\/enwitec-caja-de-conexion-a-red-para-inversor-de-sma-sma-3ph-para-sunny-boy-storage-10012856\\\/\",\"name\":\"enwitec Caja de conexi\u00f3n a red para inversor de SMA SMA-3PH para Sunny Boy Storage - 10012856 - greenLink orchestrating energy flows | enwitec electronic GmbH | LinQ Europe Sp. z o.o.\",\"isPartOf\":{\"@id\":\"https:\\\/\\\/enwitec.eu\\\/en\\\/#website\"},\"primaryImageOfPage\":{\"@id\":\"https:\\\/\\\/greenlink.technology\\\/es\\\/produkt\\\/enwitec-caja-de-conexion-a-red-para-inversor-de-sma-sma-3ph-para-sunny-boy-storage-10012856\\\/#primaryimage\"},\"image\":{\"@id\":\"https:\\\/\\\/greenlink.technology\\\/es\\\/produkt\\\/enwitec-caja-de-conexion-a-red-para-inversor-de-sma-sma-3ph-para-sunny-boy-storage-10012856\\\/#primaryimage\"},\"thumbnailUrl\":\"https:\\\/\\\/greenlink.technology\\\/wp-content\\\/uploads\\\/2025\\\/02\\\/10012856_front.png\",\"datePublished\":\"2024-03-01T10:09:38+00:00\",\"breadcrumb\":{\"@id\":\"https:\\\/\\\/greenlink.technology\\\/es\\\/produkt\\\/enwitec-caja-de-conexion-a-red-para-inversor-de-sma-sma-3ph-para-sunny-boy-storage-10012856\\\/#breadcrumb\"},\"inLanguage\":\"es\",\"potentialAction\":[{\"@type\":\"ReadAction\",\"target\":[\"https:\\\/\\\/greenlink.technology\\\/es\\\/produkt\\\/enwitec-caja-de-conexion-a-red-para-inversor-de-sma-sma-3ph-para-sunny-boy-storage-10012856\\\/\"]}]},{\"@type\":\"ImageObject\",\"inLanguage\":\"es\",\"@id\":\"https:\\\/\\\/greenlink.technology\\\/es\\\/produkt\\\/enwitec-caja-de-conexion-a-red-para-inversor-de-sma-sma-3ph-para-sunny-boy-storage-10012856\\\/#primaryimage\",\"url\":\"https:\\\/\\\/greenlink.technology\\\/wp-content\\\/uploads\\\/2025\\\/02\\\/10012856_front.png\",\"contentUrl\":\"https:\\\/\\\/greenlink.technology\\\/wp-content\\\/uploads\\\/2025\\\/02\\\/10012856_front.png\",\"width\":500,\"height\":500},{\"@type\":\"BreadcrumbList\",\"@id\":\"https:\\\/\\\/greenlink.technology\\\/es\\\/produkt\\\/enwitec-caja-de-conexion-a-red-para-inversor-de-sma-sma-3ph-para-sunny-boy-storage-10012856\\\/#breadcrumb\",\"itemListElement\":[{\"@type\":\"ListItem\",\"position\":1,\"name\":\"Startseite\",\"item\":\"https:\\\/\\\/enwitec.eu\\\/es\\\/\"},{\"@type\":\"ListItem\",\"position\":2,\"name\":\"Productos\",\"item\":\"https:\\\/\\\/greenlink.technology\\\/es\\\/sobre-nosotros\\\/la-empresa\\\/enwitec\\\/productos\\\/\"},{\"@type\":\"ListItem\",\"position\":3,\"name\":\"enwitec Caja de conexi\u00f3n a red para inversor de SMA SMA-3PH para Sunny Boy Storage &#8211; 10012856\"}]},{\"@type\":\"WebSite\",\"@id\":\"https:\\\/\\\/enwitec.eu\\\/en\\\/#website\",\"url\":\"https:\\\/\\\/enwitec.eu\\\/en\\\/\",\"name\":\"greenLink orchestrating energy flows | enwitec electronic GmbH | LinQ Europe Sp. z o.o.\",\"description\":\"\",\"publisher\":{\"@id\":\"https:\\\/\\\/enwitec.eu\\\/en\\\/#organization\"},\"potentialAction\":[{\"@type\":\"SearchAction\",\"target\":{\"@type\":\"EntryPoint\",\"urlTemplate\":\"https:\\\/\\\/enwitec.eu\\\/en\\\/?s={search_term_string}\"},\"query-input\":{\"@type\":\"PropertyValueSpecification\",\"valueRequired\":true,\"valueName\":\"search_term_string\"}}],\"inLanguage\":\"es\"},{\"@type\":\"Organization\",\"@id\":\"https:\\\/\\\/enwitec.eu\\\/en\\\/#organization\",\"name\":\"greenLink orquestaci\u00f3n de flujos de energ\u00eda | enwitec electronic GmbH | LinQ Europe Sp. z o.o.\",\"url\":\"https:\\\/\\\/enwitec.eu\\\/en\\\/\",\"logo\":{\"@type\":\"ImageObject\",\"inLanguage\":\"es\",\"@id\":\"https:\\\/\\\/enwitec.eu\\\/en\\\/#\\\/schema\\\/logo\\\/image\\\/\",\"url\":\"https:\\\/\\\/greenlink.technology\\\/wp-content\\\/uploads\\\/2025\\\/01\\\/greenlink-logo-final.png\",\"contentUrl\":\"https:\\\/\\\/greenlink.technology\\\/wp-content\\\/uploads\\\/2025\\\/01\\\/greenlink-logo-final.png\",\"width\":2586,\"height\":629,\"caption\":\"greenLink orquestaci\u00f3n de flujos de energ\u00eda | enwitec electronic GmbH | LinQ Europe Sp. z o.o. \"},\"image\":{\"@id\":\"https:\\\/\\\/enwitec.eu\\\/en\\\/#\\\/schema\\\/logo\\\/image\\\/\"}}]}<\/script>\n<!-- \/ Yoast SEO plugin. -->","yoast_head_json":{"title":"enwitec Caja de conexi\u00f3n a red para inversor de SMA SMA-3PH para Sunny Boy Storage - 10012856 - greenLink orchestrating energy flows | enwitec electronic GmbH | LinQ Europe Sp. z o.o.","robots":{"index":"index","follow":"follow","max-snippet":"max-snippet:-1","max-image-preview":"max-image-preview:large","max-video-preview":"max-video-preview:-1"},"canonical":"https:\/\/greenlink.technology\/es\/produkt\/enwitec-caja-de-conexion-a-red-para-inversor-de-sma-sma-3ph-para-sunny-boy-storage-10012856\/","og_locale":"es_ES","og_type":"article","og_title":"enwitec Caja de conexi\u00f3n a red para inversor de SMA SMA-3PH para Sunny Boy Storage - 10012856 - greenLink orchestrating energy flows | enwitec electronic GmbH | LinQ Europe Sp. z o.o.","og_description":"&nbsp;","og_url":"https:\/\/greenlink.technology\/es\/produkt\/enwitec-caja-de-conexion-a-red-para-inversor-de-sma-sma-3ph-para-sunny-boy-storage-10012856\/","og_site_name":"greenLink orchestrating energy flows | enwitec electronic GmbH | LinQ Europe Sp. z o.o.","og_image":[{"width":500,"height":500,"url":"https:\/\/enwitec.eu\/wp-content\/uploads\/2025\/02\/10012856_front.png","type":"image\/png"}],"twitter_card":"summary_large_image","schema":{"@context":"https:\/\/schema.org","@graph":[{"@type":"WebPage","@id":"https:\/\/greenlink.technology\/es\/produkt\/enwitec-caja-de-conexion-a-red-para-inversor-de-sma-sma-3ph-para-sunny-boy-storage-10012856\/","url":"https:\/\/greenlink.technology\/es\/produkt\/enwitec-caja-de-conexion-a-red-para-inversor-de-sma-sma-3ph-para-sunny-boy-storage-10012856\/","name":"enwitec Caja de conexi\u00f3n a red para inversor de SMA SMA-3PH para Sunny Boy Storage - 10012856 - greenLink orchestrating energy flows | enwitec electronic GmbH | LinQ Europe Sp. z o.o.","isPartOf":{"@id":"https:\/\/enwitec.eu\/en\/#website"},"primaryImageOfPage":{"@id":"https:\/\/greenlink.technology\/es\/produkt\/enwitec-caja-de-conexion-a-red-para-inversor-de-sma-sma-3ph-para-sunny-boy-storage-10012856\/#primaryimage"},"image":{"@id":"https:\/\/greenlink.technology\/es\/produkt\/enwitec-caja-de-conexion-a-red-para-inversor-de-sma-sma-3ph-para-sunny-boy-storage-10012856\/#primaryimage"},"thumbnailUrl":"https:\/\/greenlink.technology\/wp-content\/uploads\/2025\/02\/10012856_front.png","datePublished":"2024-03-01T10:09:38+00:00","breadcrumb":{"@id":"https:\/\/greenlink.technology\/es\/produkt\/enwitec-caja-de-conexion-a-red-para-inversor-de-sma-sma-3ph-para-sunny-boy-storage-10012856\/#breadcrumb"},"inLanguage":"es","potentialAction":[{"@type":"ReadAction","target":["https:\/\/greenlink.technology\/es\/produkt\/enwitec-caja-de-conexion-a-red-para-inversor-de-sma-sma-3ph-para-sunny-boy-storage-10012856\/"]}]},{"@type":"ImageObject","inLanguage":"es","@id":"https:\/\/greenlink.technology\/es\/produkt\/enwitec-caja-de-conexion-a-red-para-inversor-de-sma-sma-3ph-para-sunny-boy-storage-10012856\/#primaryimage","url":"https:\/\/greenlink.technology\/wp-content\/uploads\/2025\/02\/10012856_front.png","contentUrl":"https:\/\/greenlink.technology\/wp-content\/uploads\/2025\/02\/10012856_front.png","width":500,"height":500},{"@type":"BreadcrumbList","@id":"https:\/\/greenlink.technology\/es\/produkt\/enwitec-caja-de-conexion-a-red-para-inversor-de-sma-sma-3ph-para-sunny-boy-storage-10012856\/#breadcrumb","itemListElement":[{"@type":"ListItem","position":1,"name":"Startseite","item":"https:\/\/enwitec.eu\/es\/"},{"@type":"ListItem","position":2,"name":"Productos","item":"https:\/\/greenlink.technology\/es\/sobre-nosotros\/la-empresa\/enwitec\/productos\/"},{"@type":"ListItem","position":3,"name":"enwitec Caja de conexi\u00f3n a red para inversor de SMA SMA-3PH para Sunny Boy Storage &#8211; 10012856"}]},{"@type":"WebSite","@id":"https:\/\/enwitec.eu\/en\/#website","url":"https:\/\/enwitec.eu\/en\/","name":"greenLink orchestrating energy flows | enwitec electronic GmbH | LinQ Europe Sp. z o.o.","description":"","publisher":{"@id":"https:\/\/enwitec.eu\/en\/#organization"},"potentialAction":[{"@type":"SearchAction","target":{"@type":"EntryPoint","urlTemplate":"https:\/\/enwitec.eu\/en\/?s={search_term_string}"},"query-input":{"@type":"PropertyValueSpecification","valueRequired":true,"valueName":"search_term_string"}}],"inLanguage":"es"},{"@type":"Organization","@id":"https:\/\/enwitec.eu\/en\/#organization","name":"greenLink orquestaci\u00f3n de flujos de energ\u00eda | enwitec electronic GmbH | LinQ Europe Sp. z o.o.","url":"https:\/\/enwitec.eu\/en\/","logo":{"@type":"ImageObject","inLanguage":"es","@id":"https:\/\/enwitec.eu\/en\/#\/schema\/logo\/image\/","url":"https:\/\/greenlink.technology\/wp-content\/uploads\/2025\/01\/greenlink-logo-final.png","contentUrl":"https:\/\/greenlink.technology\/wp-content\/uploads\/2025\/01\/greenlink-logo-final.png","width":2586,"height":629,"caption":"greenLink orquestaci\u00f3n de flujos de energ\u00eda | enwitec electronic GmbH | LinQ Europe Sp. z o.o. "},"image":{"@id":"https:\/\/enwitec.eu\/en\/#\/schema\/logo\/image\/"}}]}},"_links":{"self":[{"href":"https:\/\/greenlink.technology\/es\/wp-json\/wp\/v2\/product\/10987","targetHints":{"allow":["GET"]}}],"collection":[{"href":"https:\/\/greenlink.technology\/es\/wp-json\/wp\/v2\/product"}],"about":[{"href":"https:\/\/greenlink.technology\/es\/wp-json\/wp\/v2\/types\/product"}],"replies":[{"embeddable":true,"href":"https:\/\/greenlink.technology\/es\/wp-json\/wp\/v2\/comments?post=10987"}],"wp:featuredmedia":[{"embeddable":true,"href":"https:\/\/greenlink.technology\/es\/wp-json\/wp\/v2\/media\/10991"}],"wp:attachment":[{"href":"https:\/\/greenlink.technology\/es\/wp-json\/wp\/v2\/media?parent=10987"}],"wp:term":[{"taxonomy":"anwendung","embeddable":true,"href":"https:\/\/greenlink.technology\/es\/wp-json\/wp\/v2\/anwendung?post=10987"},{"taxonomy":"product_brand","embeddable":true,"href":"https:\/\/greenlink.technology\/es\/wp-json\/wp\/v2\/product_brand?post=10987"},{"taxonomy":"product_cat","embeddable":true,"href":"https:\/\/greenlink.technology\/es\/wp-json\/wp\/v2\/product_cat?post=10987"},{"taxonomy":"product_tag","embeddable":true,"href":"https:\/\/greenlink.technology\/es\/wp-json\/wp\/v2\/product_tag?post=10987"}],"curies":[{"name":"wp","href":"https:\/\/api.w.org\/{rel}","templated":true}]}}