{"id":9352,"date":"2025-04-23T08:18:16","date_gmt":"2025-04-23T06:18:16","guid":{"rendered":"https:\/\/greenlink.technology\/sobre-nosotros\/la-empresa\/enwitec\/ley-de-proteccion-de-denunciantes\/"},"modified":"2025-06-12T08:03:44","modified_gmt":"2025-06-12T06:03:44","slug":"ley-de-proteccion-de-denunciantes","status":"publish","type":"page","link":"https:\/\/greenlink.technology\/es\/sobre-nosotros\/la-empresa\/home-es\/ley-de-proteccion-de-denunciantes\/","title":{"rendered":"Ley de Protecci\u00f3n de Denunciantes"},"content":{"rendered":"\t\t<div data-elementor-type=\"wp-page\" data-elementor-id=\"9352\" class=\"elementor elementor-9352 elementor-7049\" data-elementor-settings=\"{&quot;ha_cmc_init_switcher&quot;:&quot;no&quot;}\" data-elementor-post-type=\"page\">\n\t\t\t\t<div class=\"elementor-element elementor-element-651a88d e-flex e-con-boxed e-con e-parent\" data-id=\"651a88d\" data-element_type=\"container\" data-e-type=\"container\" data-settings=\"{&quot;shape_divider_top&quot;:&quot;waves&quot;,&quot;shape_divider_top_negative&quot;:&quot;yes&quot;,&quot;shape_divider_bottom&quot;:&quot;waves&quot;,&quot;shape_divider_bottom_negative&quot;:&quot;yes&quot;,&quot;_ha_eqh_enable&quot;:false}\">\n\t\t\t\t\t<div class=\"e-con-inner\">\n\t\t\t\t<div class=\"elementor-shape elementor-shape-top\" aria-hidden=\"true\" data-negative=\"true\">\n\t\t\t<svg xmlns=\"http:\/\/www.w3.org\/2000\/svg\" viewBox=\"0 0 1000 100\" preserveAspectRatio=\"none\">\n\t<path class=\"elementor-shape-fill\" d=\"M790.5,93.1c-59.3-5.3-116.8-18-192.6-50c-29.6-12.7-76.9-31-100.5-35.9c-23.6-4.9-52.6-7.8-75.5-5.3\n\tc-10.2,1.1-22.6,1.4-50.1,7.4c-27.2,6.3-58.2,16.6-79.4,24.7c-41.3,15.9-94.9,21.9-134,22.6C72,58.2,0,25.8,0,25.8V100h1000V65.3\n\tc0,0-51.5,19.4-106.2,25.7C839.5,97,814.1,95.2,790.5,93.1z\"\/>\n<\/svg>\t\t<\/div>\n\t\t\t\t<div class=\"elementor-shape elementor-shape-bottom\" aria-hidden=\"true\" data-negative=\"true\">\n\t\t\t<svg xmlns=\"http:\/\/www.w3.org\/2000\/svg\" viewBox=\"0 0 1000 100\" preserveAspectRatio=\"none\">\n\t<path class=\"elementor-shape-fill\" d=\"M790.5,93.1c-59.3-5.3-116.8-18-192.6-50c-29.6-12.7-76.9-31-100.5-35.9c-23.6-4.9-52.6-7.8-75.5-5.3\n\tc-10.2,1.1-22.6,1.4-50.1,7.4c-27.2,6.3-58.2,16.6-79.4,24.7c-41.3,15.9-94.9,21.9-134,22.6C72,58.2,0,25.8,0,25.8V100h1000V65.3\n\tc0,0-51.5,19.4-106.2,25.7C839.5,97,814.1,95.2,790.5,93.1z\"\/>\n<\/svg>\t\t<\/div>\n\t\t\t\t<div class=\"elementor-element elementor-element-0ad5e27 elementor-widget elementor-widget-text-editor\" data-id=\"0ad5e27\" data-element_type=\"widget\" data-e-type=\"widget\" data-widget_type=\"text-editor.default\">\n\t\t\t\t<div class=\"elementor-widget-container\">\n\t\t\t\t\t\t\t\t\t<p><strong>enwitec electronic GmbH<\/strong><\/p><p>La gesti\u00f3n empresarial sostenible fundamenta la perspectiva futura para el medio ambiente, la sociedad y la econom\u00eda \u2014 y tambi\u00e9n para cada empleado y socio comercial de enwitec electronic GmbH.<\/p><p>Los pilares de la cultura de enwitec electronic GmbH son la divisi\u00f3n de requisitos clave y su implementaci\u00f3n y gesti\u00f3n aut\u00f3nomas, as\u00ed como una comprensi\u00f3n compartida de los valores y la minimizaci\u00f3n de riesgos para un desarrollo empresarial sostenible.<\/p><p>El sistema de denuncias con experiencia jur\u00eddica de <a href=\"http:\/\/www.ratisbona-compliance.de\/\" target=\"_blank\" rel=\"noreferrer noopener\">Ratisbona Compliance GmbH <\/a>(&#8220;RC-Whistle&#8221;) proporciona confianza y seguridad adicionales mediante una estructura claramente definida y accesible para todos, as\u00ed como una evaluaci\u00f3n inicial con base legal. Esto permite se\u00f1alar irregularidades, asegurar el \u00e9xito sostenible de enwitec electronic GmbH y prevenir da\u00f1os.<\/p><p>Enlace: <a href=\"https:\/\/greenlink.technology\/wp-content\/uploads\/2025\/04\/2023_Mustertext_Musterrichtlinie.pdf\" target=\"_blank\" rel=\"noreferrer noopener\">Pol\u00edtica de Whistleblowing<\/a><\/p><p>Enlace: <a href=\"https:\/\/ratisbona-compliance.de\/start\/\" target=\"_blank\" rel=\"noreferrer noopener\">Portal de denuncias de Ratisbona Compliance<\/a><\/p>\t\t\t\t\t\t\t\t<\/div>\n\t\t\t\t<\/div>\n\t\t\t\t\t<\/div>\n\t\t\t\t<\/div>\n\t\t\t\t<\/div>\n\t\t","protected":false},"excerpt":{"rendered":"<p>enwitec electronic GmbH La gesti\u00f3n empresarial sostenible fundamenta la perspectiva futura para el medio ambiente, la sociedad y la econom\u00eda \u2014 y tambi\u00e9n para cada empleado y socio comercial de enwitec electronic GmbH. Los pilares de la cultura de enwitec electronic GmbH son la divisi\u00f3n de requisitos clave y su implementaci\u00f3n y gesti\u00f3n aut\u00f3nomas, as\u00ed [&hellip;]<\/p>\n","protected":false},"author":1,"featured_media":8067,"parent":24970,"menu_order":0,"comment_status":"closed","ping_status":"closed","template":"","meta":{"_acf_changed":false,"footnotes":""},"categories":[1287],"tags":[],"class_list":["post-9352","page","type-page","status-publish","has-post-thumbnail","hentry","category-enwitec-es"],"acf":[],"yoast_head":"<!-- This site is optimized with the Yoast SEO plugin v27.3 - https:\/\/yoast.com\/product\/yoast-seo-wordpress\/ -->\n<title>Ley de Protecci\u00f3n de Denunciantes - greenLink orchestrating energy flows | enwitec electronic GmbH | LinQ Europe Sp. z o.o.<\/title>\n<meta name=\"robots\" content=\"index, follow, max-snippet:-1, max-image-preview:large, max-video-preview:-1\" \/>\n<link rel=\"canonical\" href=\"https:\/\/greenlink.technology\/es\/sobre-nosotros\/la-empresa\/home-es\/ley-de-proteccion-de-denunciantes\/\" \/>\n<meta property=\"og:locale\" content=\"es_ES\" \/>\n<meta property=\"og:type\" content=\"article\" \/>\n<meta property=\"og:title\" content=\"Ley de Protecci\u00f3n de Denunciantes - greenLink orchestrating energy flows | enwitec electronic GmbH | LinQ Europe Sp. z o.o.\" \/>\n<meta property=\"og:description\" content=\"enwitec electronic GmbH La gesti\u00f3n empresarial sostenible fundamenta la perspectiva futura para el medio ambiente, la sociedad y la econom\u00eda \u2014 y tambi\u00e9n para cada empleado y socio comercial de enwitec electronic GmbH. Los pilares de la cultura de enwitec electronic GmbH son la divisi\u00f3n de requisitos clave y su implementaci\u00f3n y gesti\u00f3n aut\u00f3nomas, as\u00ed [&hellip;]\" \/>\n<meta property=\"og:url\" content=\"https:\/\/greenlink.technology\/es\/sobre-nosotros\/la-empresa\/home-es\/ley-de-proteccion-de-denunciantes\/\" \/>\n<meta property=\"og:site_name\" content=\"greenLink orchestrating energy flows | enwitec electronic GmbH | LinQ Europe Sp. z o.o.\" \/>\n<meta property=\"article:modified_time\" content=\"2025-06-12T06:03:44+00:00\" \/>\n<meta property=\"og:image\" content=\"https:\/\/greenlink.technology\/wp-content\/uploads\/2025\/04\/enwitec-header-hinweis.jpg\" \/>\n\t<meta property=\"og:image:width\" content=\"2300\" \/>\n\t<meta property=\"og:image:height\" content=\"833\" \/>\n\t<meta property=\"og:image:type\" content=\"image\/jpeg\" \/>\n<meta name=\"twitter:card\" content=\"summary_large_image\" \/>\n<meta name=\"twitter:label1\" content=\"Tiempo de lectura\" \/>\n\t<meta name=\"twitter:data1\" content=\"1 minuto\" \/>\n<script type=\"application\/ld+json\" class=\"yoast-schema-graph\">{\"@context\":\"https:\\\/\\\/schema.org\",\"@graph\":[{\"@type\":\"WebPage\",\"@id\":\"https:\\\/\\\/greenlink.technology\\\/es\\\/sobre-nosotros\\\/la-empresa\\\/home-es\\\/ley-de-proteccion-de-denunciantes\\\/\",\"url\":\"https:\\\/\\\/greenlink.technology\\\/es\\\/sobre-nosotros\\\/la-empresa\\\/home-es\\\/ley-de-proteccion-de-denunciantes\\\/\",\"name\":\"Ley de Protecci\u00f3n de Denunciantes - greenLink orchestrating energy flows | enwitec electronic GmbH | LinQ Europe Sp. z o.o.\",\"isPartOf\":{\"@id\":\"https:\\\/\\\/enwitec.eu\\\/en\\\/#website\"},\"primaryImageOfPage\":{\"@id\":\"https:\\\/\\\/greenlink.technology\\\/es\\\/sobre-nosotros\\\/la-empresa\\\/home-es\\\/ley-de-proteccion-de-denunciantes\\\/#primaryimage\"},\"image\":{\"@id\":\"https:\\\/\\\/greenlink.technology\\\/es\\\/sobre-nosotros\\\/la-empresa\\\/home-es\\\/ley-de-proteccion-de-denunciantes\\\/#primaryimage\"},\"thumbnailUrl\":\"https:\\\/\\\/greenlink.technology\\\/wp-content\\\/uploads\\\/2025\\\/04\\\/enwitec-header-hinweis.jpg\",\"datePublished\":\"2025-04-23T06:18:16+00:00\",\"dateModified\":\"2025-06-12T06:03:44+00:00\",\"breadcrumb\":{\"@id\":\"https:\\\/\\\/greenlink.technology\\\/es\\\/sobre-nosotros\\\/la-empresa\\\/home-es\\\/ley-de-proteccion-de-denunciantes\\\/#breadcrumb\"},\"inLanguage\":\"es\",\"potentialAction\":[{\"@type\":\"ReadAction\",\"target\":[\"https:\\\/\\\/greenlink.technology\\\/es\\\/sobre-nosotros\\\/la-empresa\\\/home-es\\\/ley-de-proteccion-de-denunciantes\\\/\"]}]},{\"@type\":\"ImageObject\",\"inLanguage\":\"es\",\"@id\":\"https:\\\/\\\/greenlink.technology\\\/es\\\/sobre-nosotros\\\/la-empresa\\\/home-es\\\/ley-de-proteccion-de-denunciantes\\\/#primaryimage\",\"url\":\"https:\\\/\\\/greenlink.technology\\\/wp-content\\\/uploads\\\/2025\\\/04\\\/enwitec-header-hinweis.jpg\",\"contentUrl\":\"https:\\\/\\\/greenlink.technology\\\/wp-content\\\/uploads\\\/2025\\\/04\\\/enwitec-header-hinweis.jpg\",\"width\":2300,\"height\":833},{\"@type\":\"BreadcrumbList\",\"@id\":\"https:\\\/\\\/greenlink.technology\\\/es\\\/sobre-nosotros\\\/la-empresa\\\/home-es\\\/ley-de-proteccion-de-denunciantes\\\/#breadcrumb\",\"itemListElement\":[{\"@type\":\"ListItem\",\"position\":1,\"name\":\"Startseite\",\"item\":\"https:\\\/\\\/enwitec.eu\\\/es\\\/\"},{\"@type\":\"ListItem\",\"position\":2,\"name\":\"Sobre nosotros\",\"item\":\"https:\\\/\\\/greenlink.technology\\\/es\\\/sobre-nosotros\\\/\"},{\"@type\":\"ListItem\",\"position\":3,\"name\":\"La empresa\",\"item\":\"https:\\\/\\\/greenlink.technology\\\/es\\\/sobre-nosotros\\\/la-empresa\\\/\"},{\"@type\":\"ListItem\",\"position\":4,\"name\":\"enwitec antiguo\",\"item\":\"https:\\\/\\\/greenlink.technology\\\/es\\\/sobre-nosotros\\\/la-empresa\\\/enwitec\\\/\"},{\"@type\":\"ListItem\",\"position\":5,\"name\":\"Ley de Protecci\u00f3n de Denunciantes\"}]},{\"@type\":\"WebSite\",\"@id\":\"https:\\\/\\\/enwitec.eu\\\/en\\\/#website\",\"url\":\"https:\\\/\\\/enwitec.eu\\\/en\\\/\",\"name\":\"greenLink orchestrating energy flows | enwitec electronic GmbH | LinQ Europe Sp. z o.o.\",\"description\":\"\",\"publisher\":{\"@id\":\"https:\\\/\\\/enwitec.eu\\\/en\\\/#organization\"},\"potentialAction\":[{\"@type\":\"SearchAction\",\"target\":{\"@type\":\"EntryPoint\",\"urlTemplate\":\"https:\\\/\\\/enwitec.eu\\\/en\\\/?s={search_term_string}\"},\"query-input\":{\"@type\":\"PropertyValueSpecification\",\"valueRequired\":true,\"valueName\":\"search_term_string\"}}],\"inLanguage\":\"es\"},{\"@type\":\"Organization\",\"@id\":\"https:\\\/\\\/enwitec.eu\\\/en\\\/#organization\",\"name\":\"greenLink orquestaci\u00f3n de flujos de energ\u00eda | enwitec electronic GmbH | LinQ Europe Sp. z o.o.\",\"url\":\"https:\\\/\\\/enwitec.eu\\\/en\\\/\",\"logo\":{\"@type\":\"ImageObject\",\"inLanguage\":\"es\",\"@id\":\"https:\\\/\\\/enwitec.eu\\\/en\\\/#\\\/schema\\\/logo\\\/image\\\/\",\"url\":\"https:\\\/\\\/greenlink.technology\\\/wp-content\\\/uploads\\\/2025\\\/01\\\/greenlink-logo-final.png\",\"contentUrl\":\"https:\\\/\\\/greenlink.technology\\\/wp-content\\\/uploads\\\/2025\\\/01\\\/greenlink-logo-final.png\",\"width\":2586,\"height\":629,\"caption\":\"greenLink orquestaci\u00f3n de flujos de energ\u00eda | enwitec electronic GmbH | LinQ Europe Sp. z o.o. \"},\"image\":{\"@id\":\"https:\\\/\\\/enwitec.eu\\\/en\\\/#\\\/schema\\\/logo\\\/image\\\/\"}}]}<\/script>\n<!-- \/ Yoast SEO plugin. -->","yoast_head_json":{"title":"Ley de Protecci\u00f3n de Denunciantes - greenLink orchestrating energy flows | enwitec electronic GmbH | LinQ Europe Sp. z o.o.","robots":{"index":"index","follow":"follow","max-snippet":"max-snippet:-1","max-image-preview":"max-image-preview:large","max-video-preview":"max-video-preview:-1"},"canonical":"https:\/\/greenlink.technology\/es\/sobre-nosotros\/la-empresa\/home-es\/ley-de-proteccion-de-denunciantes\/","og_locale":"es_ES","og_type":"article","og_title":"Ley de Protecci\u00f3n de Denunciantes - greenLink orchestrating energy flows | enwitec electronic GmbH | LinQ Europe Sp. z o.o.","og_description":"enwitec electronic GmbH La gesti\u00f3n empresarial sostenible fundamenta la perspectiva futura para el medio ambiente, la sociedad y la econom\u00eda \u2014 y tambi\u00e9n para cada empleado y socio comercial de enwitec electronic GmbH. Los pilares de la cultura de enwitec electronic GmbH son la divisi\u00f3n de requisitos clave y su implementaci\u00f3n y gesti\u00f3n aut\u00f3nomas, as\u00ed [&hellip;]","og_url":"https:\/\/greenlink.technology\/es\/sobre-nosotros\/la-empresa\/home-es\/ley-de-proteccion-de-denunciantes\/","og_site_name":"greenLink orchestrating energy flows | enwitec electronic GmbH | LinQ Europe Sp. z o.o.","article_modified_time":"2025-06-12T06:03:44+00:00","og_image":[{"width":2300,"height":833,"url":"https:\/\/greenlink.technology\/wp-content\/uploads\/2025\/04\/enwitec-header-hinweis.jpg","type":"image\/jpeg"}],"twitter_card":"summary_large_image","twitter_misc":{"Tiempo de lectura":"1 minuto"},"schema":{"@context":"https:\/\/schema.org","@graph":[{"@type":"WebPage","@id":"https:\/\/greenlink.technology\/es\/sobre-nosotros\/la-empresa\/home-es\/ley-de-proteccion-de-denunciantes\/","url":"https:\/\/greenlink.technology\/es\/sobre-nosotros\/la-empresa\/home-es\/ley-de-proteccion-de-denunciantes\/","name":"Ley de Protecci\u00f3n de Denunciantes - greenLink orchestrating energy flows | enwitec electronic GmbH | LinQ Europe Sp. z o.o.","isPartOf":{"@id":"https:\/\/enwitec.eu\/en\/#website"},"primaryImageOfPage":{"@id":"https:\/\/greenlink.technology\/es\/sobre-nosotros\/la-empresa\/home-es\/ley-de-proteccion-de-denunciantes\/#primaryimage"},"image":{"@id":"https:\/\/greenlink.technology\/es\/sobre-nosotros\/la-empresa\/home-es\/ley-de-proteccion-de-denunciantes\/#primaryimage"},"thumbnailUrl":"https:\/\/greenlink.technology\/wp-content\/uploads\/2025\/04\/enwitec-header-hinweis.jpg","datePublished":"2025-04-23T06:18:16+00:00","dateModified":"2025-06-12T06:03:44+00:00","breadcrumb":{"@id":"https:\/\/greenlink.technology\/es\/sobre-nosotros\/la-empresa\/home-es\/ley-de-proteccion-de-denunciantes\/#breadcrumb"},"inLanguage":"es","potentialAction":[{"@type":"ReadAction","target":["https:\/\/greenlink.technology\/es\/sobre-nosotros\/la-empresa\/home-es\/ley-de-proteccion-de-denunciantes\/"]}]},{"@type":"ImageObject","inLanguage":"es","@id":"https:\/\/greenlink.technology\/es\/sobre-nosotros\/la-empresa\/home-es\/ley-de-proteccion-de-denunciantes\/#primaryimage","url":"https:\/\/greenlink.technology\/wp-content\/uploads\/2025\/04\/enwitec-header-hinweis.jpg","contentUrl":"https:\/\/greenlink.technology\/wp-content\/uploads\/2025\/04\/enwitec-header-hinweis.jpg","width":2300,"height":833},{"@type":"BreadcrumbList","@id":"https:\/\/greenlink.technology\/es\/sobre-nosotros\/la-empresa\/home-es\/ley-de-proteccion-de-denunciantes\/#breadcrumb","itemListElement":[{"@type":"ListItem","position":1,"name":"Startseite","item":"https:\/\/enwitec.eu\/es\/"},{"@type":"ListItem","position":2,"name":"Sobre nosotros","item":"https:\/\/greenlink.technology\/es\/sobre-nosotros\/"},{"@type":"ListItem","position":3,"name":"La empresa","item":"https:\/\/greenlink.technology\/es\/sobre-nosotros\/la-empresa\/"},{"@type":"ListItem","position":4,"name":"enwitec antiguo","item":"https:\/\/greenlink.technology\/es\/sobre-nosotros\/la-empresa\/enwitec\/"},{"@type":"ListItem","position":5,"name":"Ley de Protecci\u00f3n de Denunciantes"}]},{"@type":"WebSite","@id":"https:\/\/enwitec.eu\/en\/#website","url":"https:\/\/enwitec.eu\/en\/","name":"greenLink orchestrating energy flows | enwitec electronic GmbH | LinQ Europe Sp. z o.o.","description":"","publisher":{"@id":"https:\/\/enwitec.eu\/en\/#organization"},"potentialAction":[{"@type":"SearchAction","target":{"@type":"EntryPoint","urlTemplate":"https:\/\/enwitec.eu\/en\/?s={search_term_string}"},"query-input":{"@type":"PropertyValueSpecification","valueRequired":true,"valueName":"search_term_string"}}],"inLanguage":"es"},{"@type":"Organization","@id":"https:\/\/enwitec.eu\/en\/#organization","name":"greenLink orquestaci\u00f3n de flujos de energ\u00eda | enwitec electronic GmbH | LinQ Europe Sp. z o.o.","url":"https:\/\/enwitec.eu\/en\/","logo":{"@type":"ImageObject","inLanguage":"es","@id":"https:\/\/enwitec.eu\/en\/#\/schema\/logo\/image\/","url":"https:\/\/greenlink.technology\/wp-content\/uploads\/2025\/01\/greenlink-logo-final.png","contentUrl":"https:\/\/greenlink.technology\/wp-content\/uploads\/2025\/01\/greenlink-logo-final.png","width":2586,"height":629,"caption":"greenLink orquestaci\u00f3n de flujos de energ\u00eda | enwitec electronic GmbH | LinQ Europe Sp. z o.o. "},"image":{"@id":"https:\/\/enwitec.eu\/en\/#\/schema\/logo\/image\/"}}]}},"_links":{"self":[{"href":"https:\/\/greenlink.technology\/es\/wp-json\/wp\/v2\/pages\/9352","targetHints":{"allow":["GET"]}}],"collection":[{"href":"https:\/\/greenlink.technology\/es\/wp-json\/wp\/v2\/pages"}],"about":[{"href":"https:\/\/greenlink.technology\/es\/wp-json\/wp\/v2\/types\/page"}],"author":[{"embeddable":true,"href":"https:\/\/greenlink.technology\/es\/wp-json\/wp\/v2\/users\/1"}],"replies":[{"embeddable":true,"href":"https:\/\/greenlink.technology\/es\/wp-json\/wp\/v2\/comments?post=9352"}],"version-history":[{"count":0,"href":"https:\/\/greenlink.technology\/es\/wp-json\/wp\/v2\/pages\/9352\/revisions"}],"up":[{"embeddable":true,"href":"https:\/\/greenlink.technology\/es\/wp-json\/wp\/v2\/pages\/24970"}],"wp:featuredmedia":[{"embeddable":true,"href":"https:\/\/greenlink.technology\/es\/wp-json\/wp\/v2\/media\/8067"}],"wp:attachment":[{"href":"https:\/\/greenlink.technology\/es\/wp-json\/wp\/v2\/media?parent=9352"}],"wp:term":[{"taxonomy":"category","embeddable":true,"href":"https:\/\/greenlink.technology\/es\/wp-json\/wp\/v2\/categories?post=9352"},{"taxonomy":"post_tag","embeddable":true,"href":"https:\/\/greenlink.technology\/es\/wp-json\/wp\/v2\/tags?post=9352"}],"curies":[{"name":"wp","href":"https:\/\/api.w.org\/{rel}","templated":true}]}}