{"id":12300,"date":"2025-05-01T08:19:29","date_gmt":"2025-05-01T06:19:29","guid":{"rendered":"https:\/\/greenlink.technology\/sobre-nosotros\/la-empresa\/enwitec\/pie-de-imprenta\/"},"modified":"2026-03-27T10:07:36","modified_gmt":"2026-03-27T09:07:36","slug":"pie-de-imprenta","status":"publish","type":"page","link":"https:\/\/greenlink.technology\/es\/sobre-nosotros\/la-empresa\/home-es\/pie-de-imprenta\/","title":{"rendered":"Pie de imprenta"},"content":{"rendered":"\t\t<div data-elementor-type=\"wp-page\" data-elementor-id=\"12300\" class=\"elementor elementor-12300 elementor-12158\" data-elementor-settings=\"{&quot;ha_cmc_init_switcher&quot;:&quot;no&quot;}\" data-elementor-post-type=\"page\">\n\t\t\t\t<div class=\"elementor-element elementor-element-757d989 e-flex e-con-boxed e-con e-parent\" data-id=\"757d989\" data-element_type=\"container\" data-e-type=\"container\" data-settings=\"{&quot;background_background&quot;:&quot;classic&quot;,&quot;shape_divider_bottom&quot;:&quot;waves&quot;,&quot;shape_divider_bottom_negative&quot;:&quot;yes&quot;,&quot;shape_divider_top&quot;:&quot;waves&quot;,&quot;shape_divider_top_negative&quot;:&quot;yes&quot;,&quot;_ha_eqh_enable&quot;:false}\">\n\t\t\t\t\t<div class=\"e-con-inner\">\n\t\t\t\t<div class=\"elementor-shape elementor-shape-top\" aria-hidden=\"true\" data-negative=\"true\">\n\t\t\t<svg xmlns=\"http:\/\/www.w3.org\/2000\/svg\" viewBox=\"0 0 1000 100\" preserveAspectRatio=\"none\">\n\t<path class=\"elementor-shape-fill\" d=\"M790.5,93.1c-59.3-5.3-116.8-18-192.6-50c-29.6-12.7-76.9-31-100.5-35.9c-23.6-4.9-52.6-7.8-75.5-5.3\n\tc-10.2,1.1-22.6,1.4-50.1,7.4c-27.2,6.3-58.2,16.6-79.4,24.7c-41.3,15.9-94.9,21.9-134,22.6C72,58.2,0,25.8,0,25.8V100h1000V65.3\n\tc0,0-51.5,19.4-106.2,25.7C839.5,97,814.1,95.2,790.5,93.1z\"\/>\n<\/svg>\t\t<\/div>\n\t\t\t\t<div class=\"elementor-shape elementor-shape-bottom\" aria-hidden=\"true\" data-negative=\"true\">\n\t\t\t<svg xmlns=\"http:\/\/www.w3.org\/2000\/svg\" viewBox=\"0 0 1000 100\" preserveAspectRatio=\"none\">\n\t<path class=\"elementor-shape-fill\" d=\"M790.5,93.1c-59.3-5.3-116.8-18-192.6-50c-29.6-12.7-76.9-31-100.5-35.9c-23.6-4.9-52.6-7.8-75.5-5.3\n\tc-10.2,1.1-22.6,1.4-50.1,7.4c-27.2,6.3-58.2,16.6-79.4,24.7c-41.3,15.9-94.9,21.9-134,22.6C72,58.2,0,25.8,0,25.8V100h1000V65.3\n\tc0,0-51.5,19.4-106.2,25.7C839.5,97,814.1,95.2,790.5,93.1z\"\/>\n<\/svg>\t\t<\/div>\n\t\t<div class=\"elementor-element elementor-element-456fd71 e-con-full e-flex e-con e-child\" data-id=\"456fd71\" data-element_type=\"container\" data-e-type=\"container\" data-settings=\"{&quot;_ha_eqh_enable&quot;:false}\">\n\t\t\t\t<div class=\"elementor-element elementor-element-5e3014d elementor-widget__width-inherit elementor-widget elementor-widget-text-editor\" data-id=\"5e3014d\" data-element_type=\"widget\" data-e-type=\"widget\" data-widget_type=\"text-editor.default\">\n\t\t\t\t<div class=\"elementor-widget-container\">\n\t\t\t\t\t\t\t\t\t<p><strong>Direcci\u00f3n:<\/strong><\/p><p>enwitec electronic GmbH<br>Scherrwies 2<br>84329 Wurmannsquick<\/p><p>Registro mercantil: HRB 13923<br>Tribunal de registro: Juzgado de Primera Instancia de Landshut<\/p><p>Representado por:<br>CEO: Martin Gigler, CFO: Thomas Biehler<\/p><p>Contacto<br>Tel\u00e9fono: +49 (0)8725 9664-0<br>Correo electr\u00f3nico: info@enwitec.eu<\/p><p>N\u00famero de identificaci\u00f3n del impuesto sobre las ventas<br>N\u00famero de identificaci\u00f3n del impuesto sobre las ventas seg\u00fan el art\u00edculo 27 a de la ley del impuesto sobre las ventas:<br>DE 361708181<\/p><p>Resoluci\u00f3n de litigios de consumo\/Junta Arbitral Universal<br>No estamos dispuestos ni obligados a participar en procedimientos de resoluci\u00f3n de litigios ante una junta arbitral de consumo.<\/p>\t\t\t\t\t\t\t\t<\/div>\n\t\t\t\t<\/div>\n\t\t\t\t<div class=\"elementor-element elementor-element-dae3aab elementor-widget__width-inherit elementor-widget elementor-widget-global elementor-global-13009 elementor-global-12937 elementor-widget-text-editor\" data-id=\"dae3aab\" data-element_type=\"widget\" data-e-type=\"widget\" data-widget_type=\"text-editor.default\">\n\t\t\t\t<div class=\"elementor-widget-container\">\n\t\t\t\t\t\t\t\t\t<p><strong>Mantenimiento y cuidados t\u00e9cnicos<\/strong><\/p><p><a href=\"https:\/\/ffm.media\/\" target=\"_blank\" rel=\"noopener\"><img decoding=\"async\" class=\"alignnone wp-image-3549\" src=\"https:\/\/greenlink.technology\/wp-content\/uploads\/2025\/03\/ffm-media-logo.png\" alt=\"\" width=\"199\" height=\"52\" srcset=\"https:\/\/greenlink.technology\/wp-content\/uploads\/2025\/03\/ffm-media-logo.png 791w, https:\/\/greenlink.technology\/wp-content\/uploads\/2025\/03\/ffm-media-logo-300x79.png 300w, https:\/\/greenlink.technology\/wp-content\/uploads\/2025\/03\/ffm-media-logo-768x201.png 768w, https:\/\/greenlink.technology\/wp-content\/uploads\/2025\/03\/ffm-media-logo-600x157.png 600w\" sizes=\"(max-width: 199px) 100vw, 199px\" \/><\/a><\/p><p><a href=\"https:\/\/ffm.media\/\" target=\"_blank\" rel=\"noopener\">ffm.media e.K.<\/a><br>Senfelder Stra\u00dfe 1f<br>63110 Rodgau cerca de Frankfurt<\/p><p>Tel\u00e9fono: 06106-6278790<br>Correo electr\u00f3nico: service@ffm.media<br>Internet: <a href=\"https:\/\/ffm.media\/\" target=\"_blank\" rel=\"noopener\">www.ffm.media<\/a><\/p>\t\t\t\t\t\t\t\t<\/div>\n\t\t\t\t<\/div>\n\t\t\t\t<\/div>\n\t\t<div class=\"elementor-element elementor-element-7b3f5cd e-con-full e-flex e-con e-child\" data-id=\"7b3f5cd\" data-element_type=\"container\" data-e-type=\"container\" data-settings=\"{&quot;_ha_eqh_enable&quot;:false}\">\n\t\t\t\t<div class=\"elementor-element elementor-element-a80fa77 elementor-widget__width-inherit elementor-widget elementor-widget-global elementor-global-12999 elementor-global-12940 elementor-widget-text-editor\" data-id=\"a80fa77\" data-element_type=\"widget\" data-e-type=\"widget\" data-widget_type=\"text-editor.default\">\n\t\t\t\t<div class=\"elementor-widget-container\">\n\t\t\t\t\t\t\t\t\t<p><strong>Informaci\u00f3n legal:<\/strong><\/p><p><strong>1. contenido de la oferta online<\/strong><\/p><p>El autor no asume ninguna responsabilidad por la actualidad, correcci\u00f3n, integridad o calidad de la informaci\u00f3n proporcionada. Quedan fundamentalmente excluidas las reclamaciones de responsabilidad contra el autor relativas a da\u00f1os materiales o inmateriales causados por el uso o no uso de la informaci\u00f3n proporcionada o por el uso de informaci\u00f3n incorrecta o incompleta, a menos que existan pruebas de dolo o negligencia grave por parte del autor. Todas las ofertas est\u00e1n sujetas a cambios y no son vinculantes. El autor se reserva expresamente el derecho a modificar, completar o eliminar partes de las p\u00e1ginas o toda la oferta sin previo aviso o a cesar la publicaci\u00f3n temporal o permanentemente.   <\/p><p><strong>2. referencias y enlaces<\/strong><\/p><p>En el caso de referencias directas o indirectas a p\u00e1ginas web externas (&#8220;enlaces&#8221;) que se encuentren fuera del \u00e1mbito de responsabilidad del autor, s\u00f3lo entrar\u00eda en vigor una obligaci\u00f3n de responsabilidad si el autor tuviera conocimiento del contenido y le fuera t\u00e9cnicamente posible y razonable impedir el uso en caso de contenido ilegal. Por lo tanto, el autor declara expresamente que las p\u00e1ginas enlazadas estaban libres de contenidos ilegales en el momento en que se crearon los enlaces. El autor no tiene influencia alguna sobre el dise\u00f1o y el contenido actuales y futuros de las p\u00e1ginas enlazadas. Por lo tanto, el autor se distancia expresamente de todos los contenidos de todas las p\u00e1ginas enlazadas que se hayan modificado despu\u00e9s de crear el enlace. Esta declaraci\u00f3n se aplica a todos los enlaces y referencias establecidos dentro del propio sitio web del autor, as\u00ed como a las entradas de terceros en libros de visitas, foros de discusi\u00f3n y listas de correo creados por el autor. La responsabilidad por el contenido ilegal, incorrecto o incompleto y, en particular, por los da\u00f1os resultantes del uso o no uso de dicha informaci\u00f3n recae \u00fanicamente en el proveedor de la p\u00e1gina a la que se hace referencia, no en la persona que simplemente remite a la publicaci\u00f3n respectiva a trav\u00e9s de enlaces.     <\/p><p><strong>3. derecho de autor y etiquetado<\/strong><\/p><p>El autor se esfuerza por respetar los derechos de autor de los gr\u00e1ficos, documentos sonoros, secuencias de v\u00eddeo y textos utilizados en todas las publicaciones, utilizar gr\u00e1ficos, documentos sonoros, secuencias de v\u00eddeo y textos creados por \u00e9l mismo o hacer uso de gr\u00e1ficos, documentos sonoros, secuencias de v\u00eddeo y textos libres de licencia. Todas las marcas y marcas comerciales mencionadas en el sitio web y posiblemente protegidas por terceros est\u00e1n sujetas sin restricciones a las disposiciones de la legislaci\u00f3n aplicable en materia de marcas comerciales y a los derechos de propiedad de los respectivos propietarios registrados. \u00a1La mera menci\u00f3n de una marca no implica que no est\u00e9 protegida por derechos de terceros! Los derechos de autor de los objetos publicados y creados por el propio autor pertenecen exclusivamente al autor de las p\u00e1ginas. Cualquier duplicaci\u00f3n o uso de objetos como diagramas, sonidos o textos en otras publicaciones electr\u00f3nicas o impresas no est\u00e1 permitido sin el consentimiento del autor.    <\/p><p><strong>4 Validez jur\u00eddica de esta cl\u00e1usula de exenci\u00f3n de responsabilidad<\/strong><\/p><p>Esta exenci\u00f3n de responsabilidad debe considerarse parte de la publicaci\u00f3n en Internet desde la que se te remiti\u00f3. Si algunas secciones o t\u00e9rminos individuales de esta declaraci\u00f3n no son legales o correctos, el contenido o la validez de las otras partes no se ver\u00e1n afectados por este hecho. <\/p>\t\t\t\t\t\t\t\t<\/div>\n\t\t\t\t<\/div>\n\t\t\t\t<\/div>\n\t\t\t\t\t<\/div>\n\t\t\t\t<\/div>\n\t\t\t\t<\/div>\n\t\t","protected":false},"excerpt":{"rendered":"<p>Direcci\u00f3n: enwitec electronic GmbHScherrwies 284329 Wurmannsquick Registro mercantil: HRB 13923Tribunal de registro: Juzgado de Primera Instancia de Landshut Representado por:CEO: Martin Gigler, CFO: Thomas Biehler ContactoTel\u00e9fono: +49 (0)8725 9664-0Correo electr\u00f3nico: info@enwitec.eu N\u00famero de identificaci\u00f3n del impuesto sobre las ventasN\u00famero de identificaci\u00f3n del impuesto sobre las ventas seg\u00fan el art\u00edculo 27 a de la ley del [&hellip;]<\/p>\n","protected":false},"author":1,"featured_media":8638,"parent":24970,"menu_order":0,"comment_status":"closed","ping_status":"closed","template":"","meta":{"_acf_changed":false,"footnotes":""},"categories":[1287],"tags":[],"class_list":["post-12300","page","type-page","status-publish","has-post-thumbnail","hentry","category-enwitec-es"],"acf":[],"yoast_head":"<!-- This site is optimized with the Yoast SEO plugin v27.3 - https:\/\/yoast.com\/product\/yoast-seo-wordpress\/ -->\n<title>Pie de imprenta - greenLink orchestrating energy flows | enwitec electronic GmbH | LinQ Europe Sp. z o.o.<\/title>\n<meta name=\"robots\" content=\"index, follow, max-snippet:-1, max-image-preview:large, max-video-preview:-1\" \/>\n<link rel=\"canonical\" href=\"https:\/\/greenlink.technology\/es\/sobre-nosotros\/la-empresa\/home-es\/pie-de-imprenta\/\" \/>\n<meta property=\"og:locale\" content=\"es_ES\" \/>\n<meta property=\"og:type\" content=\"article\" \/>\n<meta property=\"og:title\" content=\"Pie de imprenta - greenLink orchestrating energy flows | enwitec electronic GmbH | LinQ Europe Sp. z o.o.\" \/>\n<meta property=\"og:description\" content=\"Direcci\u00f3n: enwitec electronic GmbHScherrwies 284329 Wurmannsquick Registro mercantil: HRB 13923Tribunal de registro: Juzgado de Primera Instancia de Landshut Representado por:CEO: Martin Gigler, CFO: Thomas Biehler ContactoTel\u00e9fono: +49 (0)8725 9664-0Correo electr\u00f3nico: info@enwitec.eu N\u00famero de identificaci\u00f3n del impuesto sobre las ventasN\u00famero de identificaci\u00f3n del impuesto sobre las ventas seg\u00fan el art\u00edculo 27 a de la ley del [&hellip;]\" \/>\n<meta property=\"og:url\" content=\"https:\/\/greenlink.technology\/es\/sobre-nosotros\/la-empresa\/home-es\/pie-de-imprenta\/\" \/>\n<meta property=\"og:site_name\" content=\"greenLink orchestrating energy flows | enwitec electronic GmbH | LinQ Europe Sp. z o.o.\" \/>\n<meta property=\"article:modified_time\" content=\"2026-03-27T09:07:36+00:00\" \/>\n<meta property=\"og:image\" content=\"https:\/\/greenlink.technology\/wp-content\/uploads\/2025\/03\/greenlink-nachhaltig-header.jpg\" \/>\n\t<meta property=\"og:image:width\" content=\"2300\" \/>\n\t<meta property=\"og:image:height\" content=\"855\" \/>\n\t<meta property=\"og:image:type\" content=\"image\/jpeg\" \/>\n<meta name=\"twitter:card\" content=\"summary_large_image\" \/>\n<meta name=\"twitter:label1\" content=\"Tiempo de lectura\" \/>\n\t<meta name=\"twitter:data1\" content=\"3 minutos\" \/>\n<script type=\"application\/ld+json\" class=\"yoast-schema-graph\">{\"@context\":\"https:\\\/\\\/schema.org\",\"@graph\":[{\"@type\":\"WebPage\",\"@id\":\"https:\\\/\\\/greenlink.technology\\\/es\\\/sobre-nosotros\\\/la-empresa\\\/home-es\\\/pie-de-imprenta\\\/\",\"url\":\"https:\\\/\\\/greenlink.technology\\\/es\\\/sobre-nosotros\\\/la-empresa\\\/home-es\\\/pie-de-imprenta\\\/\",\"name\":\"Pie de imprenta - greenLink orchestrating energy flows | enwitec electronic GmbH | LinQ Europe Sp. z o.o.\",\"isPartOf\":{\"@id\":\"https:\\\/\\\/enwitec.eu\\\/en\\\/#website\"},\"primaryImageOfPage\":{\"@id\":\"https:\\\/\\\/greenlink.technology\\\/es\\\/sobre-nosotros\\\/la-empresa\\\/home-es\\\/pie-de-imprenta\\\/#primaryimage\"},\"image\":{\"@id\":\"https:\\\/\\\/greenlink.technology\\\/es\\\/sobre-nosotros\\\/la-empresa\\\/home-es\\\/pie-de-imprenta\\\/#primaryimage\"},\"thumbnailUrl\":\"https:\\\/\\\/greenlink.technology\\\/wp-content\\\/uploads\\\/2025\\\/03\\\/greenlink-nachhaltig-header.jpg\",\"datePublished\":\"2025-05-01T06:19:29+00:00\",\"dateModified\":\"2026-03-27T09:07:36+00:00\",\"breadcrumb\":{\"@id\":\"https:\\\/\\\/greenlink.technology\\\/es\\\/sobre-nosotros\\\/la-empresa\\\/home-es\\\/pie-de-imprenta\\\/#breadcrumb\"},\"inLanguage\":\"es\",\"potentialAction\":[{\"@type\":\"ReadAction\",\"target\":[\"https:\\\/\\\/greenlink.technology\\\/es\\\/sobre-nosotros\\\/la-empresa\\\/home-es\\\/pie-de-imprenta\\\/\"]}]},{\"@type\":\"ImageObject\",\"inLanguage\":\"es\",\"@id\":\"https:\\\/\\\/greenlink.technology\\\/es\\\/sobre-nosotros\\\/la-empresa\\\/home-es\\\/pie-de-imprenta\\\/#primaryimage\",\"url\":\"https:\\\/\\\/greenlink.technology\\\/wp-content\\\/uploads\\\/2025\\\/03\\\/greenlink-nachhaltig-header.jpg\",\"contentUrl\":\"https:\\\/\\\/greenlink.technology\\\/wp-content\\\/uploads\\\/2025\\\/03\\\/greenlink-nachhaltig-header.jpg\",\"width\":2300,\"height\":855},{\"@type\":\"BreadcrumbList\",\"@id\":\"https:\\\/\\\/greenlink.technology\\\/es\\\/sobre-nosotros\\\/la-empresa\\\/home-es\\\/pie-de-imprenta\\\/#breadcrumb\",\"itemListElement\":[{\"@type\":\"ListItem\",\"position\":1,\"name\":\"Startseite\",\"item\":\"https:\\\/\\\/enwitec.eu\\\/es\\\/\"},{\"@type\":\"ListItem\",\"position\":2,\"name\":\"Sobre nosotros\",\"item\":\"https:\\\/\\\/greenlink.technology\\\/es\\\/sobre-nosotros\\\/\"},{\"@type\":\"ListItem\",\"position\":3,\"name\":\"La empresa\",\"item\":\"https:\\\/\\\/greenlink.technology\\\/es\\\/sobre-nosotros\\\/la-empresa\\\/\"},{\"@type\":\"ListItem\",\"position\":4,\"name\":\"enwitec\",\"item\":\"https:\\\/\\\/greenlink.technology\\\/es\\\/sobre-nosotros\\\/la-empresa\\\/home-es\\\/\"},{\"@type\":\"ListItem\",\"position\":5,\"name\":\"Pie de imprenta\"}]},{\"@type\":\"WebSite\",\"@id\":\"https:\\\/\\\/enwitec.eu\\\/en\\\/#website\",\"url\":\"https:\\\/\\\/enwitec.eu\\\/en\\\/\",\"name\":\"greenLink orchestrating energy flows | enwitec electronic GmbH | LinQ Europe Sp. z o.o.\",\"description\":\"\",\"publisher\":{\"@id\":\"https:\\\/\\\/enwitec.eu\\\/en\\\/#organization\"},\"potentialAction\":[{\"@type\":\"SearchAction\",\"target\":{\"@type\":\"EntryPoint\",\"urlTemplate\":\"https:\\\/\\\/enwitec.eu\\\/en\\\/?s={search_term_string}\"},\"query-input\":{\"@type\":\"PropertyValueSpecification\",\"valueRequired\":true,\"valueName\":\"search_term_string\"}}],\"inLanguage\":\"es\"},{\"@type\":\"Organization\",\"@id\":\"https:\\\/\\\/enwitec.eu\\\/en\\\/#organization\",\"name\":\"greenLink orquestaci\u00f3n de flujos de energ\u00eda | enwitec electronic GmbH | LinQ Europe Sp. z o.o.\",\"url\":\"https:\\\/\\\/enwitec.eu\\\/en\\\/\",\"logo\":{\"@type\":\"ImageObject\",\"inLanguage\":\"es\",\"@id\":\"https:\\\/\\\/enwitec.eu\\\/en\\\/#\\\/schema\\\/logo\\\/image\\\/\",\"url\":\"https:\\\/\\\/greenlink.technology\\\/wp-content\\\/uploads\\\/2025\\\/01\\\/greenlink-logo-final.png\",\"contentUrl\":\"https:\\\/\\\/greenlink.technology\\\/wp-content\\\/uploads\\\/2025\\\/01\\\/greenlink-logo-final.png\",\"width\":2586,\"height\":629,\"caption\":\"greenLink orquestaci\u00f3n de flujos de energ\u00eda | enwitec electronic GmbH | LinQ Europe Sp. z o.o. \"},\"image\":{\"@id\":\"https:\\\/\\\/enwitec.eu\\\/en\\\/#\\\/schema\\\/logo\\\/image\\\/\"}}]}<\/script>\n<!-- \/ Yoast SEO plugin. -->","yoast_head_json":{"title":"Pie de imprenta - greenLink orchestrating energy flows | enwitec electronic GmbH | LinQ Europe Sp. z o.o.","robots":{"index":"index","follow":"follow","max-snippet":"max-snippet:-1","max-image-preview":"max-image-preview:large","max-video-preview":"max-video-preview:-1"},"canonical":"https:\/\/greenlink.technology\/es\/sobre-nosotros\/la-empresa\/home-es\/pie-de-imprenta\/","og_locale":"es_ES","og_type":"article","og_title":"Pie de imprenta - greenLink orchestrating energy flows | enwitec electronic GmbH | LinQ Europe Sp. z o.o.","og_description":"Direcci\u00f3n: enwitec electronic GmbHScherrwies 284329 Wurmannsquick Registro mercantil: HRB 13923Tribunal de registro: Juzgado de Primera Instancia de Landshut Representado por:CEO: Martin Gigler, CFO: Thomas Biehler ContactoTel\u00e9fono: +49 (0)8725 9664-0Correo electr\u00f3nico: info@enwitec.eu N\u00famero de identificaci\u00f3n del impuesto sobre las ventasN\u00famero de identificaci\u00f3n del impuesto sobre las ventas seg\u00fan el art\u00edculo 27 a de la ley del [&hellip;]","og_url":"https:\/\/greenlink.technology\/es\/sobre-nosotros\/la-empresa\/home-es\/pie-de-imprenta\/","og_site_name":"greenLink orchestrating energy flows | enwitec electronic GmbH | LinQ Europe Sp. z o.o.","article_modified_time":"2026-03-27T09:07:36+00:00","og_image":[{"width":2300,"height":855,"url":"https:\/\/greenlink.technology\/wp-content\/uploads\/2025\/03\/greenlink-nachhaltig-header.jpg","type":"image\/jpeg"}],"twitter_card":"summary_large_image","twitter_misc":{"Tiempo de lectura":"3 minutos"},"schema":{"@context":"https:\/\/schema.org","@graph":[{"@type":"WebPage","@id":"https:\/\/greenlink.technology\/es\/sobre-nosotros\/la-empresa\/home-es\/pie-de-imprenta\/","url":"https:\/\/greenlink.technology\/es\/sobre-nosotros\/la-empresa\/home-es\/pie-de-imprenta\/","name":"Pie de imprenta - greenLink orchestrating energy flows | enwitec electronic GmbH | LinQ Europe Sp. z o.o.","isPartOf":{"@id":"https:\/\/enwitec.eu\/en\/#website"},"primaryImageOfPage":{"@id":"https:\/\/greenlink.technology\/es\/sobre-nosotros\/la-empresa\/home-es\/pie-de-imprenta\/#primaryimage"},"image":{"@id":"https:\/\/greenlink.technology\/es\/sobre-nosotros\/la-empresa\/home-es\/pie-de-imprenta\/#primaryimage"},"thumbnailUrl":"https:\/\/greenlink.technology\/wp-content\/uploads\/2025\/03\/greenlink-nachhaltig-header.jpg","datePublished":"2025-05-01T06:19:29+00:00","dateModified":"2026-03-27T09:07:36+00:00","breadcrumb":{"@id":"https:\/\/greenlink.technology\/es\/sobre-nosotros\/la-empresa\/home-es\/pie-de-imprenta\/#breadcrumb"},"inLanguage":"es","potentialAction":[{"@type":"ReadAction","target":["https:\/\/greenlink.technology\/es\/sobre-nosotros\/la-empresa\/home-es\/pie-de-imprenta\/"]}]},{"@type":"ImageObject","inLanguage":"es","@id":"https:\/\/greenlink.technology\/es\/sobre-nosotros\/la-empresa\/home-es\/pie-de-imprenta\/#primaryimage","url":"https:\/\/greenlink.technology\/wp-content\/uploads\/2025\/03\/greenlink-nachhaltig-header.jpg","contentUrl":"https:\/\/greenlink.technology\/wp-content\/uploads\/2025\/03\/greenlink-nachhaltig-header.jpg","width":2300,"height":855},{"@type":"BreadcrumbList","@id":"https:\/\/greenlink.technology\/es\/sobre-nosotros\/la-empresa\/home-es\/pie-de-imprenta\/#breadcrumb","itemListElement":[{"@type":"ListItem","position":1,"name":"Startseite","item":"https:\/\/enwitec.eu\/es\/"},{"@type":"ListItem","position":2,"name":"Sobre nosotros","item":"https:\/\/greenlink.technology\/es\/sobre-nosotros\/"},{"@type":"ListItem","position":3,"name":"La empresa","item":"https:\/\/greenlink.technology\/es\/sobre-nosotros\/la-empresa\/"},{"@type":"ListItem","position":4,"name":"enwitec","item":"https:\/\/greenlink.technology\/es\/sobre-nosotros\/la-empresa\/home-es\/"},{"@type":"ListItem","position":5,"name":"Pie de imprenta"}]},{"@type":"WebSite","@id":"https:\/\/enwitec.eu\/en\/#website","url":"https:\/\/enwitec.eu\/en\/","name":"greenLink orchestrating energy flows | enwitec electronic GmbH | LinQ Europe Sp. z o.o.","description":"","publisher":{"@id":"https:\/\/enwitec.eu\/en\/#organization"},"potentialAction":[{"@type":"SearchAction","target":{"@type":"EntryPoint","urlTemplate":"https:\/\/enwitec.eu\/en\/?s={search_term_string}"},"query-input":{"@type":"PropertyValueSpecification","valueRequired":true,"valueName":"search_term_string"}}],"inLanguage":"es"},{"@type":"Organization","@id":"https:\/\/enwitec.eu\/en\/#organization","name":"greenLink orquestaci\u00f3n de flujos de energ\u00eda | enwitec electronic GmbH | LinQ Europe Sp. z o.o.","url":"https:\/\/enwitec.eu\/en\/","logo":{"@type":"ImageObject","inLanguage":"es","@id":"https:\/\/enwitec.eu\/en\/#\/schema\/logo\/image\/","url":"https:\/\/greenlink.technology\/wp-content\/uploads\/2025\/01\/greenlink-logo-final.png","contentUrl":"https:\/\/greenlink.technology\/wp-content\/uploads\/2025\/01\/greenlink-logo-final.png","width":2586,"height":629,"caption":"greenLink orquestaci\u00f3n de flujos de energ\u00eda | enwitec electronic GmbH | LinQ Europe Sp. z o.o. "},"image":{"@id":"https:\/\/enwitec.eu\/en\/#\/schema\/logo\/image\/"}}]}},"_links":{"self":[{"href":"https:\/\/greenlink.technology\/es\/wp-json\/wp\/v2\/pages\/12300","targetHints":{"allow":["GET"]}}],"collection":[{"href":"https:\/\/greenlink.technology\/es\/wp-json\/wp\/v2\/pages"}],"about":[{"href":"https:\/\/greenlink.technology\/es\/wp-json\/wp\/v2\/types\/page"}],"author":[{"embeddable":true,"href":"https:\/\/greenlink.technology\/es\/wp-json\/wp\/v2\/users\/1"}],"replies":[{"embeddable":true,"href":"https:\/\/greenlink.technology\/es\/wp-json\/wp\/v2\/comments?post=12300"}],"version-history":[{"count":2,"href":"https:\/\/greenlink.technology\/es\/wp-json\/wp\/v2\/pages\/12300\/revisions"}],"predecessor-version":[{"id":25314,"href":"https:\/\/greenlink.technology\/es\/wp-json\/wp\/v2\/pages\/12300\/revisions\/25314"}],"up":[{"embeddable":true,"href":"https:\/\/greenlink.technology\/es\/wp-json\/wp\/v2\/pages\/24970"}],"wp:featuredmedia":[{"embeddable":true,"href":"https:\/\/greenlink.technology\/es\/wp-json\/wp\/v2\/media\/8638"}],"wp:attachment":[{"href":"https:\/\/greenlink.technology\/es\/wp-json\/wp\/v2\/media?parent=12300"}],"wp:term":[{"taxonomy":"category","embeddable":true,"href":"https:\/\/greenlink.technology\/es\/wp-json\/wp\/v2\/categories?post=12300"},{"taxonomy":"post_tag","embeddable":true,"href":"https:\/\/greenlink.technology\/es\/wp-json\/wp\/v2\/tags?post=12300"}],"curies":[{"name":"wp","href":"https:\/\/api.w.org\/{rel}","templated":true}]}}